{"id":411012,"date":"2026-03-19T12:12:27","date_gmt":"2026-03-19T11:12:27","guid":{"rendered":"https:\/\/www.hautes-alpes.net\/gereserveerde-halsbanden\/"},"modified":"2026-05-07T11:47:41","modified_gmt":"2026-05-07T09:47:41","slug":"gereserveerde-halsbanden","status":"publish","type":"page","link":"https:\/\/www.hautes-alpes.net\/nl\/gereserveerde-halsbanden\/","title":{"rendered":"Gereserveerde halsbanden"},"content":{"rendered":"\n<div class=\"wp-block-group alignfull hero-banner-cover-float has-global-padding is-layout-constrained wp-block-group-is-layout-constrained\"><div class=\"yoast-breadcrumbs\"><span><span><a href=\"https:\/\/www.hautes-alpes.net\/nl\/hautes-alpes\/\">Accueil<\/a><\/span>  <span class=\"breadcrumb_last\" aria-current=\"page\">Gereserveerde halsbanden<\/span><\/span><\/div>\n\n\n<h1 class=\"wp-block-ws-library-post-title\"><span class=\"text-highlight\">Gereserveerde<\/span> halsbanden<\/h1>\n\n\n\n<p class=\"subtitle\">De berg helemaal voor jezelf<\/p>\n\n\n\n<p>De operatie <strong>Cols r\u00e9serv\u00e9s<\/strong> nodigt <strong>zowel <a href=\"https:\/\/www.hautes-alpes.net\/nl\/ervaringen-hautes-alpes\/racefietsen\/\" type=\"page\" id=\"75496\">fietsliefhebbers <\/a>als amateurs<\/strong> uit om te genieten van een unieke bergervaring. Gedurende een paar uur worden enkele van <strong>de meest karakteristieke wegen van de Hautes-Alpes<\/strong> <strong>afgesloten voor gemotoriseerd verkeer<\/strong> en volledig overgelaten aan fietsers. <\/p>\n\n\n\n<div class=\"wp-block-ws-library-media-embed ws-media-embed\"><img decoding=\"async\" src=\"https:\/\/www.hautes-alpes.net\/wp-content\/uploads\/2025\/11\/granon-cyclo-alpesphotographiescom-13-1920x1000.jpg\" alt=\"\" class=\"ws-media-embed__image\" style=\"aspect-ratio:2000\/1000\"><\/div>\n<\/div>\n\n<p>In een uitzonderlijke natuurlijke omgeving kan iedereen in alle veiligheid, in zijn eigen tempo en zonder beperkingen <strong>legendarische<\/strong> of minder bekende <strong>bergpassen<\/strong> beklimmen. Of je nu komt voor de <strong>sportieve uitdaging<\/strong>, het <strong>plezier van het rijden<\/strong> of gewoon om <strong>te genieten van het landschap<\/strong>, deze evenementen bieden een andere en vriendelijke manier om de bergen te verkennen. <\/p>\n\n<p>De operatie &#8216;Cols r\u00e9serv\u00e9s&#8217;, al bijna 30 jaar een steunpilaar van het fietstoerisme in de Hautes-Alpes, werd in 1997 opgestart door het departement Hautes-Alpes, in samenwerking met het ontwikkelingsagentschap en de plaatselijke toeristische diensten.<\/p>\n\n<div class=\"wp-block-ws-library-ws-columns has-2-columns are-vertically-aligned-center layout-3565\">\n<div class=\"wp-block-ws-library-ws-column\"><div class=\"wrapper\">\n<p>De Cols r\u00e9serv\u00e9s zijn voor iedereen toegankelijk, gratis en zonder inschrijving. De sfeer is gemoedelijk, soms levendig en gastronomisch (versnaperingen met lokale producten), altijd gezellig. <\/p>\n<\/div><\/div>\n\n\n\n<div class=\"wp-block-ws-library-ws-column\"><div class=\"wrapper\">\n<div class=\"wp-block-ws-library-ws-image\"><div class=\"wrapper\"><div class=\"group-media\"><img decoding=\"async\" src=\"https:\/\/www.hautes-alpes.net\/wp-content\/uploads\/2025\/11\/lautaret-galibier-hdagencekros-remifabregue-26-1240x800.jpg\" alt=\"\" class=\"single_image ws-image-61043\"><div class=\"credits\">R. Fabregue<\/div><\/div><p class=\"caption\"><\/p><\/div><\/div>\n<\/div><\/div>\n<\/div>\n\n<h2 class=\"wp-block-heading is-style-default\">De dienstregeling van <strong>2026<\/strong><\/h2>\n\n<div class=\"wp-block-ws-library-ws-columns has-2-columns are-vertically-aligned-center layout-5050\">\n<div class=\"wp-block-ws-library-ws-column\"><div class=\"wrapper\">\n<p>30\/05  <strong>Col du Noyer<\/strong><br\/>31\/05 <strong>Beklimming naar Orci\u00e8res<\/strong><br\/>07\/06 <strong>Pr\u00e9 de Madame Carle<\/strong><br\/>14\/06 <strong>Col de Foureyssasse<\/strong><br\/>28\/06 <strong>Beklimming naar Puy Saint Vincent<\/strong><br\/>29\/06 <strong>Col du Galibier<\/strong><br\/>30\/06 <strong>Col du Granon<\/strong> <strong>Granon<\/strong><br\/>01\/07 <strong>Col de l&#8217;\u00c9chelle<\/strong><br\/>02\/07 <strong>Col de l&#8217;Izoard<\/strong><br\/>03\/07 <strong>Col Agnel<\/strong><br\/>12\/07 <strong>Col de Manse<\/strong><br\/>15\/07 <strong>Col du Granon<\/strong><br\/>16\/07 <strong>Col du Galibier<\/strong><br\/>16\/07 <strong>Mont\u00e9e de Risoul<\/strong><br\/>21\/07 <strong>Orpierre - Laborel<\/strong> <strong>Laborel<\/strong><br\/>22\/07                <strong>Mont\u00e9e du Colombis<\/strong><br\/>28\/07 <strong>Mont\u00e9e de Chabre<\/strong><br\/>29\/07 <strong>Col de Pommerol<\/strong><br\/>04\/08 <strong>Col du Galibier<\/strong><br\/>05\/08 <strong>Col du Noyer<\/strong><br\/>06\/08 <strong>Col de l&#8217;Izoard<\/strong><br\/>07\/08 <strong>Mont\u00e9e de C\u00e9\u00fcse<\/strong><br\/>12\/08 <strong>Col du Granon<\/strong><br\/>18\/08 <strong>Mont\u00e9e de Risoul<\/strong><br\/>19\/08 <strong>Col de Gleize<\/strong><br\/>20\/08 <strong>Col de Moissi\u00e8re<\/strong><br\/>21\/08 <strong>Mont\u00e9e d&#8217;Orci\u00e8res<\/strong><br\/>06\/09             <strong>Agnel pas<\/strong><\/p>\n<\/div><\/div>\n\n\n\n<div class=\"wp-block-ws-library-ws-column\"><div class=\"wrapper\">\n<div class=\"wp-block-ws-library-ws-image\"><div class=\"wrapper\"><div class=\"group-media\"><img decoding=\"async\" src=\"https:\/\/www.hautes-alpes.net\/wp-content\/uploads\/2026\/03\/colagnelagencekros-remifabregue-43-e1773822491923-477x640.jpg\" alt=\"\" class=\"single_image ws-image-406572\"><div class=\"credits\"><\/div><\/div><p class=\"caption\"><\/p><\/div><\/div>\n<\/div><\/div>\n<\/div>\n\n<p><em>Neem voor meer informatie over elke datum contact op met de VVV-kantoren.<\/em><\/p>\n\n<div style=\"height:50px\" aria-hidden=\"true\" class=\"wp-block-spacer\"><\/div>\n\n<h2 class=\"wp-block-heading is-style-title-1\"><strong>Hoogtepunten<\/strong><\/h2>\n\n<div class=\"wp-block-ws-library-ws-image is-style-simple\"><div class=\"wrapper\"><div class=\"group-media\"><img decoding=\"async\" src=\"https:\/\/www.hautes-alpes.net\/wp-content\/uploads\/2025\/12\/izoard-route-du-tour-de-france-pat-1240x800.jpg\" alt=\"\" class=\"single_image ws-image-90989\"><div class=\"credits\">P. Domeyne - AD05<\/div><\/div><p class=\"caption\"><\/p><\/div><\/div>\n\n<div class=\"wp-block-ws-library-ws-columns has-2-columns are-vertically-aligned-top layout-5050\">\n<div class=\"wp-block-ws-library-ws-column\"><div class=\"wrapper\">\n<h3 class=\"wp-block-heading\">Tour van de Grands Cols<\/h3>\n\n\n\n<p>De <strong>Tourn\u00e9e des Grands Cols<\/strong>, georganiseerd door de toeristische diensten van de Hautes Vall\u00e9es, Serre Chevalier en Guillestrois-Queyras, biedt een unieke ervaring: een reeks legendarische bergpassen van de Hautes-Alpes in korte tijd. Deze evenementen, die met korte tussenpozen plaatsvinden, geven fietsers de kans om een echte uitdaging aan te gaan door achtereenvolgens enkele van de mooiste bergtoppen van het departement te bedwingen. <\/p>\n\n\n\n<p>Van de Galibier tot de Izoard, via de Granon, kan iedereen zijn eigen route uitstippelen en een aantal uitzonderlijke beklimmingen beleven in ideale omstandigheden, zonder gemotoriseerd verkeer. Een zeldzame kans om je onder te dompelen in het hart van de grote Alpenpassen. <\/p>\n<\/div><\/div>\n\n\n\n<div class=\"wp-block-ws-library-ws-column\"><div class=\"wrapper\">\n<h3 class=\"wp-block-heading\">Avant Tour Uitdaging<\/h3>\n\n\n\n<p>Rijd in de voetsporen van de groten! Voor het <strong>F\u00eate du Tour<\/strong>, op 30 en 31 mei 2026, bieden de Col du Noyer en de Ascent d&#8217;Orci\u00e8res fietsers een unieke ervaring in het hart van de routes die door de Tour de France renners in juli worden genomen. <\/p>\n\n\n\n<p>Ga in twee dagen de uitdaging van deze iconische beklimmingen aan en ervaar de sensatie van de Tour voor zijn tijd.<\/p>\n\n\n\n<p>Doe mee aan de &#8221;Challenge Avant Tour&#8221; op Strava en maak deel uit van de top 20 finishers in Orci\u00e8res. Je kunt een speciale Tour de France 2026 Hautes-Alpes wielertrui winnen. <\/p>\n<\/div><\/div>\n<\/div>\n\n<div style=\"height:50px\" aria-hidden=\"true\" class=\"wp-block-spacer\"><\/div>\n\n<hr class=\"wp-block-separator has-alpha-channel-opacity is-style-default\"\/>\n\n<h2 class=\"wp-block-heading is-style-title-1\"><strong>Zie ook<\/strong><\/h2>\n\n<div class=\"wp-block-group alignwide list-nodetails is-content-justification-center is-layout-flex wp-container-core-group-is-layout-94ea2d6b wp-block-group-is-layout-flex\">\n<div class=\"wp-block-group has-global-padding is-layout-constrained wp-block-group-is-layout-constrained\">\n<div class=\"wp-block-ws-library-ws-image is-style-simple\"><div class=\"wrapper\"><div class=\"group-media\"><img decoding=\"async\" src=\"https:\/\/www.hautes-alpes.net\/wp-content\/uploads\/2025\/11\/granon-cyclo-alpesphotographiescom-2-1240x800.jpg\" alt=\"\" class=\"single_image ws-image-61008\"><div class=\"credits\">Alpes Foto&#8217;s<\/div><\/div><p class=\"caption\"><\/p><\/div><\/div>\n\n\n\n<h3 class=\"wp-block-heading is-style-title-2\"><em>Ervaringen<\/em><a href=\"https:\/\/www.hautes-alpes.net\/nl\/ervaringen-hautes-alpes\/racefietsen\/\" type=\"page\" id=\"75496\">Fietsen op de weg<\/a><\/h3>\n\n\n\n<div class=\"wp-block-buttons is-layout-flex wp-block-buttons-is-layout-flex\">\n<div class=\"wp-block-button\"><a class=\"wp-block-button__link wp-element-button\" href=\"https:\/\/www.hautes-alpes.net\/nl\/ervaringen-hautes-alpes\/racefietsen\/\">Zie<\/a><\/div>\n<\/div>\n<\/div>\n\n\n\n<div class=\"wp-block-group has-global-padding is-layout-constrained wp-block-group-is-layout-constrained\">\n<div class=\"wp-block-ws-library-ws-image is-style-simple\"><div class=\"wrapper\"><div class=\"group-media\"><img decoding=\"async\" src=\"https:\/\/www.hautes-alpes.net\/wp-content\/uploads\/2025\/11\/tour-de-france-vars-credit-remi-morel-4-1240x800.jpg\" alt=\"\" class=\"single_image ws-image-78364\"><div class=\"credits\">R. Morel<\/div><\/div><p class=\"caption\"><\/p><\/div><\/div>\n\n\n\n<h3 class=\"wp-block-heading is-style-title-2\"><em>Iconisch<\/em><a href=\"https:\/\/www.hautes-alpes.net\/nl\/iconisch\/tour-de-france\/\" type=\"page\" id=\"83831\">Tour de France<\/a><\/h3>\n\n\n\n<div class=\"wp-block-buttons is-layout-flex wp-block-buttons-is-layout-flex\">\n<div class=\"wp-block-button\"><a class=\"wp-block-button__link wp-element-button\" href=\"https:\/\/www.hautes-alpes.net\/nl\/iconisch\/tour-de-france\/\">Zie<\/a><\/div>\n<\/div>\n<\/div>\n<\/div>\n\n<div style=\"height:50px\" aria-hidden=\"true\" class=\"wp-block-spacer\"><\/div>\n\n<div class=\"wp-block-ws-library-ws-share\"><span class=\"share-subtitle\">Vond je deze pagina leuk?<\/span><span class=\"share-title\">Deel het!<\/span><button class=\"ws-share-button wp-element-button\">Deel deze pagina<\/button><\/div>\n","protected":false},"excerpt":{"rendered":"<p>De berg helemaal voor jezelf De operatie Cols r\u00e9serv\u00e9s nodigt zowel fietsliefhebbers als amateurs uit om te genieten van een [&hellip;]<\/p>\n","protected":false},"author":5,"featured_media":0,"parent":0,"menu_order":0,"comment_status":"closed","ping_status":"closed","template":"","meta":{"is_dark_mode":false,"footnotes":""},"page_label":[],"class_list":["post-411012","page","type-page","status-publish","hentry"],"yoast_head":"<!-- This site is optimized with the Yoast SEO plugin v27.5 - https:\/\/yoast.com\/product\/yoast-seo-wordpress\/ -->\n<title>Gereserveerde halsbanden - Hautes-Alpes<\/title>\n<meta name=\"description\" content=\"Gereserveerde halsbanden De berg helemaal voor jezelf De operatie Cols r\u00e9serv\u00e9s nodigt zowel fietsliefhebbers als amateurs uit om te genieten van een\" \/>\n<meta name=\"robots\" content=\"index, follow, max-snippet:-1, max-image-preview:large, max-video-preview:-1\" \/>\n<link rel=\"canonical\" href=\"https:\/\/www.hautes-alpes.net\/nl\/gereserveerde-halsbanden\/\" \/>\n<meta property=\"og:locale\" content=\"nl_NL\" \/>\n<meta property=\"og:type\" content=\"article\" \/>\n<meta property=\"og:title\" content=\"Gereserveerde halsbanden - Hautes-Alpes\" \/>\n<meta property=\"og:description\" content=\"Gereserveerde halsbanden De berg helemaal voor jezelf De operatie Cols r\u00e9serv\u00e9s nodigt zowel fietsliefhebbers als amateurs uit om te genieten van een\" \/>\n<meta property=\"og:url\" content=\"https:\/\/www.hautes-alpes.net\/nl\/gereserveerde-halsbanden\/\" \/>\n<meta property=\"og:site_name\" content=\"Hautes-Alpes\" \/>\n<meta property=\"article:modified_time\" content=\"2026-05-07T09:47:41+00:00\" \/>\n<meta property=\"og:image\" content=\"https:\/\/www.hautes-alpes.net\/wp-content\/uploads\/2025\/11\/granon-cyclo-alpesphotographiescom-13-1920x1000.jpg\" \/>\n<meta name=\"twitter:card\" content=\"summary_large_image\" \/>\n<meta name=\"twitter:label1\" content=\"Geschatte leestijd\" \/>\n\t<meta name=\"twitter:data1\" content=\"3 minuten\" \/>\n<script type=\"application\/ld+json\" class=\"yoast-schema-graph\">{\"@context\":\"https:\\\/\\\/schema.org\",\"@graph\":[{\"@type\":\"WebPage\",\"@id\":\"https:\\\/\\\/www.hautes-alpes.net\\\/nl\\\/gereserveerde-halsbanden\\\/\",\"url\":\"https:\\\/\\\/www.hautes-alpes.net\\\/nl\\\/gereserveerde-halsbanden\\\/\",\"name\":\"Gereserveerde halsbanden - Hautes-Alpes\",\"isPartOf\":{\"@id\":\"https:\\\/\\\/www.hautes-alpes.net\\\/nl\\\/#website\"},\"primaryImageOfPage\":{\"@id\":\"https:\\\/\\\/www.hautes-alpes.net\\\/nl\\\/gereserveerde-halsbanden\\\/#primaryimage\"},\"image\":{\"@id\":\"https:\\\/\\\/www.hautes-alpes.net\\\/nl\\\/gereserveerde-halsbanden\\\/#primaryimage\"},\"thumbnailUrl\":\"https:\\\/\\\/www.hautes-alpes.net\\\/wp-content\\\/uploads\\\/2025\\\/11\\\/granon-cyclo-alpesphotographiescom-13-1920x1000.jpg\",\"datePublished\":\"2026-03-19T11:12:27+00:00\",\"dateModified\":\"2026-05-07T09:47:41+00:00\",\"description\":\"Gereserveerde halsbanden De berg helemaal voor jezelf De operatie Cols r\u00e9serv\u00e9s nodigt zowel fietsliefhebbers als amateurs uit om te genieten van een\",\"breadcrumb\":{\"@id\":\"https:\\\/\\\/www.hautes-alpes.net\\\/nl\\\/gereserveerde-halsbanden\\\/#breadcrumb\"},\"inLanguage\":\"nl-NL\",\"potentialAction\":[{\"@type\":\"ReadAction\",\"target\":[\"https:\\\/\\\/www.hautes-alpes.net\\\/nl\\\/gereserveerde-halsbanden\\\/\"]}]},{\"@type\":\"ImageObject\",\"inLanguage\":\"nl-NL\",\"@id\":\"https:\\\/\\\/www.hautes-alpes.net\\\/nl\\\/gereserveerde-halsbanden\\\/#primaryimage\",\"url\":\"https:\\\/\\\/www.hautes-alpes.net\\\/wp-content\\\/uploads\\\/2025\\\/11\\\/granon-cyclo-alpesphotographiescom-13-1920x1000.jpg\",\"contentUrl\":\"https:\\\/\\\/www.hautes-alpes.net\\\/wp-content\\\/uploads\\\/2025\\\/11\\\/granon-cyclo-alpesphotographiescom-13-1920x1000.jpg\"},{\"@type\":\"BreadcrumbList\",\"@id\":\"https:\\\/\\\/www.hautes-alpes.net\\\/nl\\\/gereserveerde-halsbanden\\\/#breadcrumb\",\"itemListElement\":[{\"@type\":\"ListItem\",\"position\":1,\"name\":\"Accueil\",\"item\":\"https:\\\/\\\/www.hautes-alpes.net\\\/nl\\\/hautes-alpes\\\/\"},{\"@type\":\"ListItem\",\"position\":2,\"name\":\"Gereserveerde halsbanden\"}]},{\"@type\":\"WebSite\",\"@id\":\"https:\\\/\\\/www.hautes-alpes.net\\\/nl\\\/#website\",\"url\":\"https:\\\/\\\/www.hautes-alpes.net\\\/nl\\\/\",\"name\":\"ADDET\",\"description\":\"\",\"publisher\":{\"@id\":\"https:\\\/\\\/www.hautes-alpes.net\\\/nl\\\/#organization\"},\"potentialAction\":[{\"@type\":\"SearchAction\",\"target\":{\"@type\":\"EntryPoint\",\"urlTemplate\":\"https:\\\/\\\/www.hautes-alpes.net\\\/nl\\\/?s={search_term_string}\"},\"query-input\":{\"@type\":\"PropertyValueSpecification\",\"valueRequired\":true,\"valueName\":\"search_term_string\"}}],\"inLanguage\":\"nl-NL\"},{\"@type\":\"Organization\",\"@id\":\"https:\\\/\\\/www.hautes-alpes.net\\\/nl\\\/#organization\",\"name\":\"Agence D\u00e9partementale de D\u00e9veloppement Economique et Touristique des Hautes-Alpes\",\"url\":\"https:\\\/\\\/www.hautes-alpes.net\\\/nl\\\/\",\"logo\":{\"@type\":\"ImageObject\",\"inLanguage\":\"nl-NL\",\"@id\":\"https:\\\/\\\/www.hautes-alpes.net\\\/nl\\\/#\\\/schema\\\/logo\\\/image\\\/\",\"url\":\"https:\\\/\\\/www.hautes-alpes.net\\\/wp-content\\\/uploads\\\/2026\\\/01\\\/black-logo-2.svg\",\"contentUrl\":\"https:\\\/\\\/www.hautes-alpes.net\\\/wp-content\\\/uploads\\\/2026\\\/01\\\/black-logo-2.svg\",\"caption\":\"Agence D\u00e9partementale de D\u00e9veloppement Economique et Touristique des Hautes-Alpes\"},\"image\":{\"@id\":\"https:\\\/\\\/www.hautes-alpes.net\\\/nl\\\/#\\\/schema\\\/logo\\\/image\\\/\"}}]}<\/script>\n<!-- \/ Yoast SEO plugin. -->","yoast_head_json":{"title":"Gereserveerde halsbanden - Hautes-Alpes","description":"Gereserveerde halsbanden De berg helemaal voor jezelf De operatie Cols r\u00e9serv\u00e9s nodigt zowel fietsliefhebbers als amateurs uit om te genieten van een","robots":{"index":"index","follow":"follow","max-snippet":"max-snippet:-1","max-image-preview":"max-image-preview:large","max-video-preview":"max-video-preview:-1"},"canonical":"https:\/\/www.hautes-alpes.net\/nl\/gereserveerde-halsbanden\/","og_locale":"nl_NL","og_type":"article","og_title":"Gereserveerde halsbanden - Hautes-Alpes","og_description":"Gereserveerde halsbanden De berg helemaal voor jezelf De operatie Cols r\u00e9serv\u00e9s nodigt zowel fietsliefhebbers als amateurs uit om te genieten van een","og_url":"https:\/\/www.hautes-alpes.net\/nl\/gereserveerde-halsbanden\/","og_site_name":"Hautes-Alpes","article_modified_time":"2026-05-07T09:47:41+00:00","og_image":[{"url":"https:\/\/www.hautes-alpes.net\/wp-content\/uploads\/2025\/11\/granon-cyclo-alpesphotographiescom-13-1920x1000.jpg","type":"","width":"","height":""}],"twitter_card":"summary_large_image","twitter_misc":{"Geschatte leestijd":"3 minuten"},"schema":{"@context":"https:\/\/schema.org","@graph":[{"@type":"WebPage","@id":"https:\/\/www.hautes-alpes.net\/nl\/gereserveerde-halsbanden\/","url":"https:\/\/www.hautes-alpes.net\/nl\/gereserveerde-halsbanden\/","name":"Gereserveerde halsbanden - Hautes-Alpes","isPartOf":{"@id":"https:\/\/www.hautes-alpes.net\/nl\/#website"},"primaryImageOfPage":{"@id":"https:\/\/www.hautes-alpes.net\/nl\/gereserveerde-halsbanden\/#primaryimage"},"image":{"@id":"https:\/\/www.hautes-alpes.net\/nl\/gereserveerde-halsbanden\/#primaryimage"},"thumbnailUrl":"https:\/\/www.hautes-alpes.net\/wp-content\/uploads\/2025\/11\/granon-cyclo-alpesphotographiescom-13-1920x1000.jpg","datePublished":"2026-03-19T11:12:27+00:00","dateModified":"2026-05-07T09:47:41+00:00","description":"Gereserveerde halsbanden De berg helemaal voor jezelf De operatie Cols r\u00e9serv\u00e9s nodigt zowel fietsliefhebbers als amateurs uit om te genieten van een","breadcrumb":{"@id":"https:\/\/www.hautes-alpes.net\/nl\/gereserveerde-halsbanden\/#breadcrumb"},"inLanguage":"nl-NL","potentialAction":[{"@type":"ReadAction","target":["https:\/\/www.hautes-alpes.net\/nl\/gereserveerde-halsbanden\/"]}]},{"@type":"ImageObject","inLanguage":"nl-NL","@id":"https:\/\/www.hautes-alpes.net\/nl\/gereserveerde-halsbanden\/#primaryimage","url":"https:\/\/www.hautes-alpes.net\/wp-content\/uploads\/2025\/11\/granon-cyclo-alpesphotographiescom-13-1920x1000.jpg","contentUrl":"https:\/\/www.hautes-alpes.net\/wp-content\/uploads\/2025\/11\/granon-cyclo-alpesphotographiescom-13-1920x1000.jpg"},{"@type":"BreadcrumbList","@id":"https:\/\/www.hautes-alpes.net\/nl\/gereserveerde-halsbanden\/#breadcrumb","itemListElement":[{"@type":"ListItem","position":1,"name":"Accueil","item":"https:\/\/www.hautes-alpes.net\/nl\/hautes-alpes\/"},{"@type":"ListItem","position":2,"name":"Gereserveerde halsbanden"}]},{"@type":"WebSite","@id":"https:\/\/www.hautes-alpes.net\/nl\/#website","url":"https:\/\/www.hautes-alpes.net\/nl\/","name":"ADDET","description":"","publisher":{"@id":"https:\/\/www.hautes-alpes.net\/nl\/#organization"},"potentialAction":[{"@type":"SearchAction","target":{"@type":"EntryPoint","urlTemplate":"https:\/\/www.hautes-alpes.net\/nl\/?s={search_term_string}"},"query-input":{"@type":"PropertyValueSpecification","valueRequired":true,"valueName":"search_term_string"}}],"inLanguage":"nl-NL"},{"@type":"Organization","@id":"https:\/\/www.hautes-alpes.net\/nl\/#organization","name":"Agence D\u00e9partementale de D\u00e9veloppement Economique et Touristique des Hautes-Alpes","url":"https:\/\/www.hautes-alpes.net\/nl\/","logo":{"@type":"ImageObject","inLanguage":"nl-NL","@id":"https:\/\/www.hautes-alpes.net\/nl\/#\/schema\/logo\/image\/","url":"https:\/\/www.hautes-alpes.net\/wp-content\/uploads\/2026\/01\/black-logo-2.svg","contentUrl":"https:\/\/www.hautes-alpes.net\/wp-content\/uploads\/2026\/01\/black-logo-2.svg","caption":"Agence D\u00e9partementale de D\u00e9veloppement Economique et Touristique des Hautes-Alpes"},"image":{"@id":"https:\/\/www.hautes-alpes.net\/nl\/#\/schema\/logo\/image\/"}}]}},"_links":{"self":[{"href":"https:\/\/www.hautes-alpes.net\/nl\/wp-json\/wp\/v2\/pages\/411012","targetHints":{"allow":["GET"]}}],"collection":[{"href":"https:\/\/www.hautes-alpes.net\/nl\/wp-json\/wp\/v2\/pages"}],"about":[{"href":"https:\/\/www.hautes-alpes.net\/nl\/wp-json\/wp\/v2\/types\/page"}],"author":[{"embeddable":true,"href":"https:\/\/www.hautes-alpes.net\/nl\/wp-json\/wp\/v2\/users\/5"}],"replies":[{"embeddable":true,"href":"https:\/\/www.hautes-alpes.net\/nl\/wp-json\/wp\/v2\/comments?post=411012"}],"version-history":[{"count":3,"href":"https:\/\/www.hautes-alpes.net\/nl\/wp-json\/wp\/v2\/pages\/411012\/revisions"}],"predecessor-version":[{"id":514034,"href":"https:\/\/www.hautes-alpes.net\/nl\/wp-json\/wp\/v2\/pages\/411012\/revisions\/514034"}],"wp:attachment":[{"href":"https:\/\/www.hautes-alpes.net\/nl\/wp-json\/wp\/v2\/media?parent=411012"}],"wp:term":[{"taxonomy":"page_label","embeddable":true,"href":"https:\/\/www.hautes-alpes.net\/nl\/wp-json\/wp\/v2\/page_label?post=411012"}],"curies":[{"name":"wp","href":"https:\/\/api.w.org\/{rel}","templated":true}]}}