{"id":248393,"date":"2026-03-25T14:54:58","date_gmt":"2026-03-25T13:54:58","guid":{"rendered":"https:\/\/www.hautes-alpes.net\/?page_id=248393"},"modified":"2026-03-25T14:56:43","modified_gmt":"2026-03-25T13:56:43","slug":"rally-van-monte-carlo","status":"publish","type":"page","link":"https:\/\/www.hautes-alpes.net\/nl\/rally-van-monte-carlo\/","title":{"rendered":"Tour de France 2026"},"content":{"rendered":"\n<div class=\"wp-block-group alignfull hero-banner-cover-float has-global-padding is-layout-constrained wp-block-group-is-layout-constrained\"><div class=\"yoast-breadcrumbs\"><span><span><a href=\"https:\/\/www.hautes-alpes.net\/nl\/hautes-alpes\/\">Home<\/a><\/span>  <span class=\"breadcrumb_last\" aria-current=\"page\">Tour de France 2026<\/span><\/span><\/div>\n\n\n<h1 class=\"wp-block-ws-library-post-title\">Tour de France 2026<\/h1>\n\n\n\n<p class=\"subtitle\">Alpes<\/p>\n\n\n\n<p><\/p>\n\n\n\n<div class=\"wp-block-ws-library-media-embed ws-media-embed\"><img decoding=\"async\" src=\"https:\/\/www.hautes-alpes.net\/wp-content\/uploads\/2026\/03\/tour-de-france-paysage-pour-site-2000x1000.jpg\" alt=\"\" class=\"ws-media-embed__image\" style=\"aspect-ratio:2000\/1000\"><\/div>\n<\/div>\n\n<div class=\"wp-block-group alignfull block-etapes has-global-padding is-layout-constrained wp-block-group-is-layout-constrained\">\n<h2 class=\"wp-block-heading is-style-title-1\"><em>Groot evenementHip<\/em>, hip, hip <strong>Hautes-Alpes!<\/strong><\/h2>\n\n\n\n<p>Het is officieel! De Tour de France keert in 2026 voor de zevende keer sinds 2015 terug naar de Hautes-Alpes voor 3 dagen voor de mannen (Champsaur Valgaudemar, Le D\u00e9voluy, Gapen\u00e7ais en Brian\u00e7onnais). Op het menu van deze <sup>113e<\/sup> editie staat een eerste Alpenetappe op <strong>23 juli<\/strong> tussen Voiron en <a href=\"https:\/\/www.hautes-alpes.net\/nl\/bestemmingen-hautes-alpes\/orcieres-merlette-1850\/\" type=\"page\" id=\"73881\">Orci\u00e8res-Merlette 1850<\/a> (185,5 km), een tweede op <strong>24 juli <\/strong>tussen <a href=\"https:\/\/www.hautes-alpes.net\/nl\/bestemmingen-hautes-alpes\/gapencais\/\" type=\"page\" id=\"55046\">Gap <\/a>en l&#8217;Alpe d&#8217;Huez (via de Col du Noyer) en een &#8221;knotsgekke&#8221; finale op <strong>25 juli<\/strong> tussen Bourg d&#8217;Oisans en l&#8217;Alpe d&#8217;Huez (171,5 km) via de <strong>Col du Galibier<\/strong> (Toit du Tour 2026) <strong>en de Col du Lautaret<\/strong>, de dag voor de finish op de Champs-\u00c9lys\u00e9es. De Tour de France voor vrouwen doet ook mee, met 1 dag in de regio <a href=\"https:\/\/www.hautes-alpes.net\/nl\/bestemmingen-hautes-alpes\/buech\/\" type=\"page\" id=\"47415\">Sisteronais-Bu\u00ebch<\/a>.   <\/p>\n<\/div>\n\n<div class=\"wp-block-group alignfull step-by-step has-global-padding is-layout-constrained wp-block-group-is-layout-constrained\">\n<div class=\"wp-block-ws-library-ws-columns alignwide has-2-columns are-vertically-aligned-center layout-5050\">\n<div class=\"wp-block-ws-library-ws-column\"><div class=\"wrapper\">\n<h4 class=\"wp-block-heading\"><em>Etappe 18 - donderdag 23 juli<\/em><\/h4>\n\n\n\n<h3 class=\"wp-block-heading\">Voiron \u2192 Orci\u00e8res-Merlette 1850<\/h3>\n\n\n\n<p>De <a href=\"https:\/\/www.hautes-alpes.net\/nl\/iconisch\/tour-de-france\/\" type=\"page\" id=\"83831\">Tour de France<\/a> keert op 23 juli terug naar <a href=\"https:\/\/www.hautes-alpes.net\/nl\/bestemmingen-hautes-alpes\/orcieres-merlette-1850\/\" type=\"page\" id=\"73881\">Orci\u00e8res-Merlette<\/a> voor zijn zesde etappefinish. Vanaf Voiron leggen de renners 185,5 kilometer af langs de Route Napol\u00e9on via Chauffayer, La Fare-en-Champsaur, Chabottes, Saint-L\u00e9ger-les-M\u00e9l\u00e8zes en Pont-du-Foss\u00e9, voor de slotklim naar de badplaats. <\/p>\n\n\n\n<p>Sinds de laatste etappefinish van de Tour in 2020 is het resort volledig gemoderniseerd: het sneeuwfront is opnieuw ontworpen en het hart van het resort is gerenoveerd, waardoor het een nieuwe omgeving biedt voor het hosten van het evenement.<\/p>\n<\/div><\/div>\n\n\n\n<div class=\"wp-block-ws-library-ws-column\"><div class=\"wrapper\">\n<div class=\"wp-block-ws-library-ws-image\"><div class=\"wrapper\"><div class=\"group-media\"><img decoding=\"async\" src=\"https:\/\/www.hautes-alpes.net\/wp-content\/uploads\/2026\/02\/orcieres-melette-patrick-domeyne-1240x800.jpg\" alt=\"\" class=\"single_image ws-image-282151\"><div class=\"credits\">P. Domeyne - AD05<\/div><\/div><p class=\"caption\"><\/p><\/div><\/div>\n<\/div><\/div>\n<\/div>\n\n\n\n<div class=\"wp-block-ws-library-ws-columns alignwide has-2-columns are-vertically-aligned-center layout-5050\">\n<div class=\"wp-block-ws-library-ws-column\"><div class=\"wrapper\">\n<h4 class=\"wp-block-heading\"><em>Etappe 19 - vrijdag 24 juli<\/em><\/h4>\n\n\n\n<h3 class=\"wp-block-heading\">Gap \u2192 L&#8217;Alpe d&#8217;Huez<\/h3>\n\n\n\n<p>Voor de <sup>28e<\/sup> keer is Gap de startplaats van een etappe in de Tour de France. Op het programma: een veeleisende etappe van 128,5 kilometer naar Alpe d&#8217;Huez.   <\/p>\n\n\n\n<p>Vanaf de start beklimmen de renners de Col Bayard<sup>(2e<\/sup> categorie), voordat ze de oostelijke helling van de Col du Noyer (1.664m) nemen, de meest selectieve, met een lange klim van 22 kilometer met een gemiddeld stijgingspercentage van bijna 8% voor de afdaling in de D\u00e9voluy vallei.<\/p>\n\n\n\n<p>Dit terrein is ideaal voor klimmers in het offensief, in de aanloop naar de mythische finale op l&#8217;Alpe d&#8217;Huez, met de beklimming van de 21 switchbacks naar het resort, de jury van deze bergetappe.<\/p>\n<\/div><\/div>\n\n\n\n<div class=\"wp-block-ws-library-ws-column\"><div class=\"wrapper\">\n<div class=\"wp-block-ws-library-ws-image\"><div class=\"wrapper\"><div class=\"group-media\"><img decoding=\"async\" src=\"https:\/\/www.hautes-alpes.net\/wp-content\/uploads\/2026\/02\/7b3a6114-1240x800.jpg\" alt=\"\" class=\"single_image ws-image-282144\"><div class=\"credits\">P. Domeyne - AD05<\/div><\/div><p class=\"caption\"><\/p><\/div><\/div>\n<\/div><\/div>\n<\/div>\n\n\n\n<div class=\"wp-block-ws-library-ws-columns alignwide has-2-columns are-vertically-aligned-center layout-5050\">\n<div class=\"wp-block-ws-library-ws-column\"><div class=\"wrapper\">\n<h4 class=\"wp-block-heading\"><em>Etappe 20 - zaterdag 25 juli<\/em><\/h4>\n\n\n\n<h3 class=\"wp-block-heading\">Le Bourg d&#8217;Oisans \u2192 L&#8217;Alpe d&#8217;Huez<\/h3>\n\n\n\n<p>De verrassing van de chef! Aan de vooravond van de finish op de Champs-Elys\u00e9es krijgt de Tour de France een laatste dimensie - en wat voor een! Op het programma: de Col du T\u00e9l\u00e9graphe en de Col de la Croix de Fer, dan een terugkeer naar de Hautes-Alpes via de legendarische <strong>Col du Galibier<\/strong> voor een afdaling naar de <strong>Col du Lautaret<\/strong>, Villar d&#8217;Ar\u00e8ne en La Grave. Het is een hele finale, met 5.600 meter klimmen.   <\/p>\n<\/div><\/div>\n\n\n\n<div class=\"wp-block-ws-library-ws-column\"><div class=\"wrapper\">\n<div class=\"wp-block-ws-library-ws-image\"><div class=\"wrapper\"><div class=\"group-media\"><img decoding=\"async\" src=\"https:\/\/www.hautes-alpes.net\/wp-content\/uploads\/2026\/02\/tdf-galibier-2024-patrick-domeyne-addet05-30-1240x800.jpg\" alt=\"\" class=\"single_image ws-image-282155\"><div class=\"credits\">P. Domeyne - AD05<\/div><\/div><p class=\"caption\"><\/p><\/div><\/div>\n<\/div><\/div>\n<\/div>\n\n\n\n<div class=\"wp-block-ws-library-ws-columns alignwide has-2-columns are-vertically-aligned-center layout-5050\">\n<div class=\"wp-block-ws-library-ws-column\"><div class=\"wrapper\">\n<h4 class=\"wp-block-heading\"><em>Tour de France Vrouwen - zaterdag 8 augustus<\/em><\/h4>\n\n\n\n<h3 class=\"wp-block-heading\">Sisteron \u2192 Nice<\/h3>\n\n\n\n<p>Terwijl de &#8221;Reus van de Provence&#8221;, de Ventoux, de dag ervoor op het menu staat, maakt de Tour de France voor vrouwen de volgende dag, zaterdag 8 augustus 2026, ook een tussenstop in <strong>Sisteron <\/strong>voor de langste etappe van dit jaar (175 km) op weg naar Nice via de vallei van de Durance. Dit zal een gelegenheid zijn om het grondgebied van de <strong><a href=\"https:\/\/www.hautes-alpes.net\/nl\/bestemmingen-hautes-alpes\/buech\/\" type=\"page\" id=\"47415\">Sisteronais-Bu\u00ebch<\/a><\/strong>.   <\/p>\n<\/div><\/div>\n\n\n\n<div class=\"wp-block-ws-library-ws-column\"><div class=\"wrapper\">\n<div class=\"wp-block-ws-library-ws-image\"><div class=\"wrapper\"><div class=\"group-media\"><img decoding=\"async\" src=\"https:\/\/www.hautes-alpes.net\/wp-content\/uploads\/2025\/12\/sisteron-verneuil-1240x800.jpg\" alt=\"\" class=\"single_image ws-image-95009\"><div class=\"credits\">Verneuil<\/div><\/div><p class=\"caption\"><\/p><\/div><\/div>\n<\/div><\/div>\n<\/div>\n<\/div>\n\n<div class=\"wp-block-ws-library-ws-animated-quote\"><blockquote class=\"quote-container quote-align-undefined\"><div class=\"group-media\"><div class=\"field-image\"><img decoding=\"async\" class=\"quote-avatar ws-image-275646\" src=\"https:\/\/www.hautes-alpes.net\/wp-content\/uploads\/2026\/02\/christian-prudhomme-izoard-2017-768x487-1-e1770642880864-191x238.jpg\" data-full-url=\"https:\/\/www.hautes-alpes.net\/wp-content\/uploads\/2026\/02\/christian-prudhomme-izoard-2017-768x487-1-e1770642880864.jpg\" alt=\"\"><\/div><\/div><footer><cite class=\"quote-subcontent\">Christian Prudhomme<\/cite><\/footer><p class=\"quote-content\">&#8221;Met deze route, die opbouwt naar een crescendo, is er alles aan gedaan om ervoor te zorgen dat, wie er 48 uur na de finish ook in de gele trui staat, niemand kan zeggen: &#8216;Het is gedaan!<\/p><\/blockquote><\/div>\n\n<div style=\"height:50px\" aria-hidden=\"true\" class=\"wp-block-spacer\"><\/div>\n\n<div class=\"wp-block-ws-library-scrollable-section ws-section-scrollable alignfull\"><div class=\"scrollable-item\"><div class=\"group-content\"><div class=\"wrapper\"><h3 class=\"field-title\">Podiumprofielen<\/h3><div class=\"field-intro\"><p>Ontdek alle technische details van de Haute-Alpes etappes<\/p><\/div><\/div><\/div><div class=\"group-innerblocks\"><div class=\"group-media\"><div class=\"field-image\"><img decoding=\"async\" src=\"https:\/\/www.hautes-alpes.net\/wp-content\/uploads\/2026\/02\/tour-de-france-vars-credit-remi-morel-4-1-1140x620.jpg\" alt=\"\"\/><\/div><div class=\"credits\">R. Morel<\/div><\/div>\n<div class=\"section-wrapper\"><div class=\"wp-block-ws-library-scrollable-section-item ws-section-scrollable-item\">\n<h3 class=\"wp-block-heading\"><em>Etappe 18<br\/><\/em><strong>Voiron - Orci\u00e8res Merlette 1850<\/strong><\/h3>\n\n\n\n<p>185 km<br\/>Aankomst op een hoogte van 1.825 m<br\/>Beklimming naar Orci\u00e8res aan 6,7% gedurende 7,1 km<br\/><\/p>\n<\/div><\/div>\n\n\n\n<div class=\"section-wrapper\"><div class=\"wp-block-ws-library-scrollable-section-item ws-section-scrollable-item\">\n<div class=\"wp-block-ws-library-ws-image\"><div class=\"wrapper\"><div class=\"group-media\"><img decoding=\"async\" src=\"https:\/\/www.hautes-alpes.net\/wp-content\/uploads\/2026\/02\/38ebe.jpg\" alt=\"\" class=\"single_image ws-image-282146\"><div class=\"credits\"><\/div><\/div><p class=\"caption\"><\/p><\/div><\/div>\n<\/div><\/div>\n\n\n\n<div class=\"section-wrapper\"><div class=\"wp-block-ws-library-scrollable-section-item ws-section-scrollable-item\">\n<h3 class=\"wp-block-heading\"><em>Etappe 19<br\/><\/em><strong>Gap - L&#8217;Alpe d&#8217;Huez<\/strong><\/h3>\n\n\n\n<p>128 km<br\/>Col Bayard aan 7,2% voor 5,1 km<br\/><\/p>\n<\/div><\/div>\n\n\n\n<div class=\"section-wrapper\"><div class=\"wp-block-ws-library-scrollable-section-item ws-section-scrollable-item\">\n<div class=\"wp-block-ws-library-ws-image\"><div class=\"wrapper\"><div class=\"group-media\"><img decoding=\"async\" src=\"https:\/\/www.hautes-alpes.net\/wp-content\/uploads\/2026\/02\/46ddf-887x640.jpg\" alt=\"\" class=\"single_image ws-image-282148\"><div class=\"credits\"><\/div><\/div><p class=\"caption\"><\/p><\/div><\/div>\n<\/div><\/div>\n\n\n\n<div class=\"section-wrapper\"><div class=\"wp-block-ws-library-scrollable-section-item ws-section-scrollable-item\">\n<h3 class=\"wp-block-heading\"><em>Etappe 20<br\/><\/em><strong>Bourg d&#8217;Oisans - L&#8217;Alpe d&#8217;Huez<\/strong><\/h3>\n\n\n\n<p>171 km<br\/>Col du Galibier aan 6,9% voor 17,7 km<br\/>2.642 m hoogte; le Toit du Tour<br\/><\/p>\n<\/div><\/div>\n\n\n\n<div class=\"section-wrapper\"><div class=\"wp-block-ws-library-scrollable-section-item ws-section-scrollable-item\">\n<div class=\"wp-block-ws-library-ws-image\"><div class=\"wrapper\"><div class=\"group-media\"><img decoding=\"async\" src=\"https:\/\/www.hautes-alpes.net\/wp-content\/uploads\/2026\/02\/441dc-887x640.jpg\" alt=\"\" class=\"single_image ws-image-282149\"><div class=\"credits\"><\/div><\/div><p class=\"caption\"><\/p><\/div><\/div>\n<\/div><\/div>\n\n\n\n<div class=\"section-wrapper\"><div class=\"wp-block-ws-library-scrollable-section-item ws-section-scrollable-item\">\n<h3 class=\"wp-block-heading\"><em>Tour de France Vrouwen - Etappe 8<br\/><\/em><strong>Sisteron - Nice<\/strong><\/h3>\n\n\n\n<p>175 km<br\/><\/p>\n<\/div><\/div>\n\n\n\n<div class=\"section-wrapper\"><div class=\"wp-block-ws-library-scrollable-section-item ws-section-scrollable-item\">\n<div class=\"wp-block-ws-library-ws-image\"><div class=\"wrapper\"><div class=\"group-media\"><img decoding=\"async\" src=\"https:\/\/www.hautes-alpes.net\/wp-content\/uploads\/2026\/03\/36bb0-e1774436912955.jpg\" alt=\"\" class=\"single_image ws-image-432259\"><div class=\"credits\"><\/div><\/div><p class=\"caption\"><\/p><\/div><\/div>\n<\/div><\/div>\n<\/div><\/div><\/div>\n\n<div style=\"height:50px\" aria-hidden=\"true\" class=\"wp-block-spacer\"><\/div>\n\n<h2 class=\"wp-block-heading is-style-title-1\">Hoogtepunten van <strong>de Tour de France 2026<\/strong><\/h2>\n\n<div class=\"wp-block-group alignwide list-nodetails is-content-justification-left is-layout-flex wp-container-core-group-is-layout-5ac0c6ea wp-block-group-is-layout-flex\">\n<div class=\"wp-block-group has-global-padding is-layout-constrained wp-block-group-is-layout-constrained\">\n<div class=\"wp-block-ws-library-ws-image is-style-simple\"><div class=\"wrapper\"><div class=\"group-media\"><img decoding=\"async\" src=\"https:\/\/www.hautes-alpes.net\/wp-content\/uploads\/2026\/03\/tdf26-visuel-400x300-1-1240x800.jpg\" alt=\"\" class=\"single_image ws-image-406799\"><div class=\"credits\">ASO<\/div><\/div><p class=\"caption\"><\/p><\/div><\/div>\n\n\n\n<h3 class=\"wp-block-heading\">Grote start<\/h3>\n\n\n\n<p>De Hautes-Alpes zullen in de schijnwerpers staan tijdens het Grand D\u00e9part van de Tour de France 2026 in Barcelona. Deze aanwezigheid toont de sterke verbondenheid van de regio met de Grande Boucle en haar sleutelrol in de geschiedenis van de wielersport. <\/p>\n<\/div>\n\n\n\n<div class=\"wp-block-group has-global-padding is-layout-constrained wp-block-group-is-layout-constrained\">\n<div class=\"wp-block-ws-library-ws-image is-style-simple\"><div class=\"wrapper\"><div class=\"group-media\"><img decoding=\"async\" src=\"https:\/\/www.hautes-alpes.net\/wp-content\/uploads\/2025\/11\/lautaret-galibier-hdagencekros-remifabregue-26-1240x800.jpg\" alt=\"\" class=\"single_image ws-image-61043\"><div class=\"credits\">R. Fabregue<\/div><\/div><p class=\"caption\"><\/p><\/div><\/div>\n\n\n\n<h3 class=\"wp-block-heading\">Tour van de Grands Cols<\/h3>\n\n\n\n<p>De toeristenbureaus van Guillestrois-Queyras, Hautes Vall\u00e9es en Serre Chevalier bieden fietsers de kans om deel te nemen aan de Tourn\u00e9e des Grands Cols. Op het programma: vijf legendarische passen (Agnel, Izoard, Granon, Galibier, \u00c9chelle) die achtereenvolgens gereserveerd zijn voor wielrenners. Elke etappe wordt afgewisseld met evenementen over het lokale erfgoed en proeverijen van lokale producten.  <\/p>\n<\/div>\n\n\n\n<div class=\"wp-block-group has-global-padding is-layout-constrained wp-block-group-is-layout-constrained\">\n<div class=\"wp-block-ws-library-ws-image is-style-simple\"><div class=\"wrapper\"><div class=\"group-media\"><img decoding=\"async\" src=\"https:\/\/www.hautes-alpes.net\/wp-content\/uploads\/2026\/01\/coldunoyer-stephtempier-agencekros-remifabregue-26-sur-26-1240x800.jpg\" alt=\"\" class=\"single_image ws-image-248441\"><div class=\"credits\">R. Fabregue<\/div><\/div><p class=\"caption\"><\/p><\/div><\/div>\n\n\n\n<h3 class=\"wp-block-heading\">Avant Tour Uitdaging<\/h3>\n\n\n\n<p>Op 30 en 31 mei 2026, in het kader van Mai \u00e0 V\u00e9lo en het F\u00eate du Tour. Twee dagen lang zullen deelnemers twee legendarische beklimmingen, de Col du Noyer en de Ascent d&#8217;Orci\u00e8res, met elkaar verbinden op afgesloten wegen in omstandigheden die die van de Tour de France benaderen. Het evenement volgt de offici\u00eble route van de Tour de France van 2026 en biedt een meeslepende ervaring voordat de professionele renners langskomen. Toegankelijk via de Strava-applicatie.   <\/p>\n<\/div>\n<\/div>\n\n<div class=\"wp-block-ws-library-ws-share\"><span class=\"share-subtitle\">Vond je deze pagina leuk?<\/span><span class=\"share-title\">Deel het!<\/span><button class=\"ws-share-button wp-element-button\">Deel deze pagina<\/button><\/div>\n","protected":false},"excerpt":{"rendered":"<p>Alpes Groot evenementHip, hip, hip Hautes-Alpes! Het is officieel! De Tour de France keert in 2026 voor de zevende keer [&hellip;]<\/p>\n","protected":false},"author":8,"featured_media":0,"parent":0,"menu_order":0,"comment_status":"closed","ping_status":"closed","template":"","meta":{"is_dark_mode":true,"footnotes":""},"page_label":[],"class_list":["post-248393","page","type-page","status-publish","hentry"],"yoast_head":"<!-- This site is optimized with the Yoast SEO plugin v27.2 - https:\/\/yoast.com\/product\/yoast-seo-wordpress\/ -->\n<title>Tour de France 2026 - Hautes-Alpes<\/title>\n<meta name=\"description\" content=\"Tour de France 2026 Alpes Groot evenementHip, hip, hip Hautes-Alpes! Het is officieel! De Tour de France keert in 2026 voor de zevende keer sinds 2015\" \/>\n<meta name=\"robots\" content=\"index, follow, max-snippet:-1, max-image-preview:large, max-video-preview:-1\" \/>\n<link rel=\"canonical\" href=\"https:\/\/www.hautes-alpes.net\/nl\/rally-van-monte-carlo\/\" \/>\n<meta property=\"og:locale\" content=\"nl_NL\" \/>\n<meta property=\"og:type\" content=\"article\" \/>\n<meta property=\"og:title\" content=\"Tour de France 2026 - Hautes-Alpes\" \/>\n<meta property=\"og:description\" content=\"Tour de France 2026 Alpes Groot evenementHip, hip, hip Hautes-Alpes! Het is officieel! De Tour de France keert in 2026 voor de zevende keer sinds 2015\" \/>\n<meta property=\"og:url\" content=\"https:\/\/www.hautes-alpes.net\/nl\/rally-van-monte-carlo\/\" \/>\n<meta property=\"og:site_name\" content=\"Hautes-Alpes\" \/>\n<meta property=\"article:modified_time\" content=\"2026-03-25T13:56:43+00:00\" \/>\n<meta property=\"og:image\" content=\"https:\/\/www.hautes-alpes.net\/wp-content\/uploads\/2026\/03\/tour-de-france-paysage-pour-site-2000x1000.jpg\" \/>\n<meta name=\"twitter:card\" content=\"summary_large_image\" \/>\n<meta name=\"twitter:label1\" content=\"Geschatte leestijd\" \/>\n\t<meta name=\"twitter:data1\" content=\"4 minuten\" \/>\n<script type=\"application\/ld+json\" class=\"yoast-schema-graph\">{\"@context\":\"https:\/\/schema.org\",\"@graph\":[{\"@type\":\"WebPage\",\"@id\":\"https:\/\/www.hautes-alpes.net\/nl\/rally-van-monte-carlo\/\",\"url\":\"https:\/\/www.hautes-alpes.net\/nl\/rally-van-monte-carlo\/\",\"name\":\"Tour de France 2026 - Hautes-Alpes\",\"isPartOf\":{\"@id\":\"https:\/\/www.hautes-alpes.net\/nl\/#website\"},\"primaryImageOfPage\":{\"@id\":\"https:\/\/www.hautes-alpes.net\/nl\/rally-van-monte-carlo\/#primaryimage\"},\"image\":{\"@id\":\"https:\/\/www.hautes-alpes.net\/nl\/rally-van-monte-carlo\/#primaryimage\"},\"thumbnailUrl\":\"https:\/\/www.hautes-alpes.net\/wp-content\/uploads\/2026\/03\/tour-de-france-paysage-pour-site-2000x1000.jpg\",\"datePublished\":\"2026-03-25T13:54:58+00:00\",\"dateModified\":\"2026-03-25T13:56:43+00:00\",\"description\":\"Tour de France 2026 Alpes Groot evenementHip, hip, hip Hautes-Alpes! Het is officieel! De Tour de France keert in 2026 voor de zevende keer sinds 2015\",\"breadcrumb\":{\"@id\":\"https:\/\/www.hautes-alpes.net\/nl\/rally-van-monte-carlo\/#breadcrumb\"},\"inLanguage\":\"nl-NL\",\"potentialAction\":[{\"@type\":\"ReadAction\",\"target\":[\"https:\/\/www.hautes-alpes.net\/nl\/rally-van-monte-carlo\/\"]}]},{\"@type\":\"ImageObject\",\"inLanguage\":\"nl-NL\",\"@id\":\"https:\/\/www.hautes-alpes.net\/nl\/rally-van-monte-carlo\/#primaryimage\",\"url\":\"https:\/\/www.hautes-alpes.net\/wp-content\/uploads\/2026\/03\/tour-de-france-paysage-pour-site-2000x1000.jpg\",\"contentUrl\":\"https:\/\/www.hautes-alpes.net\/wp-content\/uploads\/2026\/03\/tour-de-france-paysage-pour-site-2000x1000.jpg\"},{\"@type\":\"BreadcrumbList\",\"@id\":\"https:\/\/www.hautes-alpes.net\/nl\/rally-van-monte-carlo\/#breadcrumb\",\"itemListElement\":[{\"@type\":\"ListItem\",\"position\":1,\"name\":\"Home\",\"item\":\"https:\/\/www.hautes-alpes.net\/nl\/hautes-alpes\/\"},{\"@type\":\"ListItem\",\"position\":2,\"name\":\"Tour de France 2026\"}]},{\"@type\":\"WebSite\",\"@id\":\"https:\/\/www.hautes-alpes.net\/nl\/#website\",\"url\":\"https:\/\/www.hautes-alpes.net\/nl\/\",\"name\":\"ADDET\",\"description\":\"\",\"publisher\":{\"@id\":\"https:\/\/www.hautes-alpes.net\/nl\/#organization\"},\"potentialAction\":[{\"@type\":\"SearchAction\",\"target\":{\"@type\":\"EntryPoint\",\"urlTemplate\":\"https:\/\/www.hautes-alpes.net\/nl\/?s={search_term_string}\"},\"query-input\":{\"@type\":\"PropertyValueSpecification\",\"valueRequired\":true,\"valueName\":\"search_term_string\"}}],\"inLanguage\":\"nl-NL\"},{\"@type\":\"Organization\",\"@id\":\"https:\/\/www.hautes-alpes.net\/nl\/#organization\",\"name\":\"Agence D\u00e9partementale de D\u00e9veloppement Economique et Touristique des Hautes-Alpes\",\"url\":\"https:\/\/www.hautes-alpes.net\/nl\/\",\"logo\":{\"@type\":\"ImageObject\",\"inLanguage\":\"nl-NL\",\"@id\":\"https:\/\/www.hautes-alpes.net\/nl\/#\/schema\/logo\/image\/\",\"url\":\"https:\/\/www.hautes-alpes.net\/wp-content\/uploads\/2026\/01\/black-logo-2.svg\",\"contentUrl\":\"https:\/\/www.hautes-alpes.net\/wp-content\/uploads\/2026\/01\/black-logo-2.svg\",\"caption\":\"Agence D\u00e9partementale de D\u00e9veloppement Economique et Touristique des Hautes-Alpes\"},\"image\":{\"@id\":\"https:\/\/www.hautes-alpes.net\/nl\/#\/schema\/logo\/image\/\"}}]}<\/script>\n<!-- \/ Yoast SEO plugin. -->","yoast_head_json":{"title":"Tour de France 2026 - Hautes-Alpes","description":"Tour de France 2026 Alpes Groot evenementHip, hip, hip Hautes-Alpes! Het is officieel! De Tour de France keert in 2026 voor de zevende keer sinds 2015","robots":{"index":"index","follow":"follow","max-snippet":"max-snippet:-1","max-image-preview":"max-image-preview:large","max-video-preview":"max-video-preview:-1"},"canonical":"https:\/\/www.hautes-alpes.net\/nl\/rally-van-monte-carlo\/","og_locale":"nl_NL","og_type":"article","og_title":"Tour de France 2026 - Hautes-Alpes","og_description":"Tour de France 2026 Alpes Groot evenementHip, hip, hip Hautes-Alpes! Het is officieel! De Tour de France keert in 2026 voor de zevende keer sinds 2015","og_url":"https:\/\/www.hautes-alpes.net\/nl\/rally-van-monte-carlo\/","og_site_name":"Hautes-Alpes","article_modified_time":"2026-03-25T13:56:43+00:00","og_image":[{"url":"https:\/\/www.hautes-alpes.net\/wp-content\/uploads\/2026\/03\/tour-de-france-paysage-pour-site-2000x1000.jpg","type":"","width":"","height":""}],"twitter_card":"summary_large_image","twitter_misc":{"Geschatte leestijd":"4 minuten"},"schema":{"@context":"https:\/\/schema.org","@graph":[{"@type":"WebPage","@id":"https:\/\/www.hautes-alpes.net\/nl\/rally-van-monte-carlo\/","url":"https:\/\/www.hautes-alpes.net\/nl\/rally-van-monte-carlo\/","name":"Tour de France 2026 - Hautes-Alpes","isPartOf":{"@id":"https:\/\/www.hautes-alpes.net\/nl\/#website"},"primaryImageOfPage":{"@id":"https:\/\/www.hautes-alpes.net\/nl\/rally-van-monte-carlo\/#primaryimage"},"image":{"@id":"https:\/\/www.hautes-alpes.net\/nl\/rally-van-monte-carlo\/#primaryimage"},"thumbnailUrl":"https:\/\/www.hautes-alpes.net\/wp-content\/uploads\/2026\/03\/tour-de-france-paysage-pour-site-2000x1000.jpg","datePublished":"2026-03-25T13:54:58+00:00","dateModified":"2026-03-25T13:56:43+00:00","description":"Tour de France 2026 Alpes Groot evenementHip, hip, hip Hautes-Alpes! Het is officieel! De Tour de France keert in 2026 voor de zevende keer sinds 2015","breadcrumb":{"@id":"https:\/\/www.hautes-alpes.net\/nl\/rally-van-monte-carlo\/#breadcrumb"},"inLanguage":"nl-NL","potentialAction":[{"@type":"ReadAction","target":["https:\/\/www.hautes-alpes.net\/nl\/rally-van-monte-carlo\/"]}]},{"@type":"ImageObject","inLanguage":"nl-NL","@id":"https:\/\/www.hautes-alpes.net\/nl\/rally-van-monte-carlo\/#primaryimage","url":"https:\/\/www.hautes-alpes.net\/wp-content\/uploads\/2026\/03\/tour-de-france-paysage-pour-site-2000x1000.jpg","contentUrl":"https:\/\/www.hautes-alpes.net\/wp-content\/uploads\/2026\/03\/tour-de-france-paysage-pour-site-2000x1000.jpg"},{"@type":"BreadcrumbList","@id":"https:\/\/www.hautes-alpes.net\/nl\/rally-van-monte-carlo\/#breadcrumb","itemListElement":[{"@type":"ListItem","position":1,"name":"Home","item":"https:\/\/www.hautes-alpes.net\/nl\/hautes-alpes\/"},{"@type":"ListItem","position":2,"name":"Tour de France 2026"}]},{"@type":"WebSite","@id":"https:\/\/www.hautes-alpes.net\/nl\/#website","url":"https:\/\/www.hautes-alpes.net\/nl\/","name":"ADDET","description":"","publisher":{"@id":"https:\/\/www.hautes-alpes.net\/nl\/#organization"},"potentialAction":[{"@type":"SearchAction","target":{"@type":"EntryPoint","urlTemplate":"https:\/\/www.hautes-alpes.net\/nl\/?s={search_term_string}"},"query-input":{"@type":"PropertyValueSpecification","valueRequired":true,"valueName":"search_term_string"}}],"inLanguage":"nl-NL"},{"@type":"Organization","@id":"https:\/\/www.hautes-alpes.net\/nl\/#organization","name":"Agence D\u00e9partementale de D\u00e9veloppement Economique et Touristique des Hautes-Alpes","url":"https:\/\/www.hautes-alpes.net\/nl\/","logo":{"@type":"ImageObject","inLanguage":"nl-NL","@id":"https:\/\/www.hautes-alpes.net\/nl\/#\/schema\/logo\/image\/","url":"https:\/\/www.hautes-alpes.net\/wp-content\/uploads\/2026\/01\/black-logo-2.svg","contentUrl":"https:\/\/www.hautes-alpes.net\/wp-content\/uploads\/2026\/01\/black-logo-2.svg","caption":"Agence D\u00e9partementale de D\u00e9veloppement Economique et Touristique des Hautes-Alpes"},"image":{"@id":"https:\/\/www.hautes-alpes.net\/nl\/#\/schema\/logo\/image\/"}}]}},"_links":{"self":[{"href":"https:\/\/www.hautes-alpes.net\/nl\/wp-json\/wp\/v2\/pages\/248393","targetHints":{"allow":["GET"]}}],"collection":[{"href":"https:\/\/www.hautes-alpes.net\/nl\/wp-json\/wp\/v2\/pages"}],"about":[{"href":"https:\/\/www.hautes-alpes.net\/nl\/wp-json\/wp\/v2\/types\/page"}],"author":[{"embeddable":true,"href":"https:\/\/www.hautes-alpes.net\/nl\/wp-json\/wp\/v2\/users\/8"}],"replies":[{"embeddable":true,"href":"https:\/\/www.hautes-alpes.net\/nl\/wp-json\/wp\/v2\/comments?post=248393"}],"version-history":[{"count":7,"href":"https:\/\/www.hautes-alpes.net\/nl\/wp-json\/wp\/v2\/pages\/248393\/revisions"}],"predecessor-version":[{"id":432505,"href":"https:\/\/www.hautes-alpes.net\/nl\/wp-json\/wp\/v2\/pages\/248393\/revisions\/432505"}],"wp:attachment":[{"href":"https:\/\/www.hautes-alpes.net\/nl\/wp-json\/wp\/v2\/media?parent=248393"}],"wp:term":[{"taxonomy":"page_label","embeddable":true,"href":"https:\/\/www.hautes-alpes.net\/nl\/wp-json\/wp\/v2\/page_label?post=248393"}],"curies":[{"name":"wp","href":"https:\/\/api.w.org\/{rel}","templated":true}]}}