{"id":108742,"date":"2025-11-20T16:45:28","date_gmt":"2025-11-20T15:45:28","guid":{"rendered":"https:\/\/www.hautes-alpes.net\/ruimtevaart\/"},"modified":"2026-02-23T11:02:27","modified_gmt":"2026-02-23T10:02:27","slug":"ruimtevaart","status":"publish","type":"page","link":"https:\/\/www.hautes-alpes.net\/nl\/economische-sectoren\/ruimtevaart\/","title":{"rendered":"Ruimtevaart"},"content":{"rendered":"\n<div class=\"wp-block-group alignfull hero-banner-cover-float has-global-padding is-layout-constrained wp-block-group-is-layout-constrained\"><div class=\"yoast-breadcrumbs\"><span><span><a href=\"https:\/\/www.hautes-alpes.net\/nl\/hautes-alpes\/\">Home<\/a><\/span>  <span><a href=\"https:\/\/www.hautes-alpes.net\/nl\/economische-sectoren\/\">Economische sectoren<\/a><\/span>  <span><a href=\"https:\/\/www.hautes-alpes.net\/nl\/economische-sectoren\/\">Economische sectoren<\/a><\/span>  <span class=\"breadcrumb_last\" aria-current=\"page\">Ruimtevaart<\/span><\/span><\/div>\n\n\n<h1 class=\"wp-block-ws-library-post-title\"><span class=\"text-highlight\">Ruimtevaart<\/span><\/h1>\n\n\n\n<p class=\"subtitle\">Een industri\u00eble sector<\/p>\n\n\n\n<p>Met <strong>vier vliegvelden<\/strong> is de Hautes-Alpes erin geslaagd om van haar geografie en luchtvaarttraditie een <strong>echte economische troef<\/strong> te maken. Dit berggebied, <strong>bekend om zijn<\/strong> gunstige <strong>weersomstandigheden<\/strong> om te vliegen, heeft in de loop der jaren een complete sector opgebouwd rond vrijetijdsbesteding in de lucht, opleiding en een kleine industrie die gespecialiseerd is in het onderhoud van lichte vliegtuigen.<\/p>\n\n\n\n<div class=\"wp-block-ws-library-media-embed ws-media-embed\"><img decoding=\"async\" src=\"https:\/\/www.hautes-alpes.net\/wp-content\/uploads\/2025\/12\/icarius-aerotechnics-cedric-tempier-23-2000x1000.jpg\" alt=\"\" class=\"ws-media-embed__image\" style=\"aspect-ratio:2000\/1000\"><\/div>\n<\/div>\n\n<div style=\"height:50px\" aria-hidden=\"true\" class=\"wp-block-spacer\"><\/div>\n\n<div class=\"wp-block-group alignfull step-by-step has-global-padding is-layout-constrained wp-block-group-is-layout-constrained\">\n<div class=\"wp-block-ws-library-ws-columns alignwide has-2-columns are-vertically-aligned-center layout-5050\">\n<div class=\"wp-block-ws-library-ws-column\"><div class=\"wrapper\">\n<h2 class=\"wp-block-heading is-style-title-1\"><strong>Tallard, <br\/><\/strong>erkend centrum van uitmuntendheid<\/h2>\n\n\n\n<p>Van de <strong>4 vliegvelden in de Hautes-Alpes<\/strong> (Le Chevalet in Aspres-sur-Bu\u00ebch, La B\u00e2tie-Montsal\u00e9on, Saint-Cr\u00e9pin, Gap-Tallard), die van <strong><a href=\"https:\/\/www.hautes-alpes.net\/nl\/bestemmingen-hautes-alpes\/gapencais\/\">Gap-Tallard<\/a><\/strong> een showcase voor deze dynamiek. Het is Europa&#8217;s belangrijkste centrum voor vrijetijdsbesteding in de lucht, met name parachutespringen, en trekt jaarlijks duizenden parachutisten en professionals uit de sector. Rond dit knooppunt heeft zich een concentratie van bedrijven en trainingsfaciliteiten ontwikkeld, waardoor de Hautes-Alpes een <strong>referentiegebied<\/strong> is geworden voor piloten, fabrikanten en onderhoudsprofessionals.  <\/p>\n<\/div><\/div>\n\n\n\n<div class=\"wp-block-ws-library-ws-column\"><div class=\"wrapper\">\n<div class=\"wp-block-ws-library-ws-image\"><div class=\"wrapper\"><div class=\"group-media\"><img decoding=\"async\" src=\"https:\/\/www.hautes-alpes.net\/wp-content\/uploads\/2025\/12\/g1-cedric-tempier-10-1-1240x800.jpg\" alt=\"\" class=\"single_image ws-image-88486\"><div class=\"credits\">C. Tempier - AD05<\/div><\/div><p class=\"caption\"><\/p><\/div><\/div>\n<\/div><\/div>\n<\/div>\n\n\n\n<div class=\"wp-block-ws-library-ws-columns alignwide has-2-columns are-vertically-aligned-center layout-5050\">\n<div class=\"wp-block-ws-library-ws-column\"><div class=\"wrapper\">\n<h2 class=\"wp-block-heading is-style-title-1\"><strong>Polya\u00e9ro<\/strong><br\/>een opleidingscentrum<\/h2>\n\n\n\n<p>Het <strong>opleidingscentrum Polya\u00e9ro<\/strong>, gesteund door de universiteit van Aix-Marseille en gelegen op het vliegveld van Gap-Tallard, is een belangrijke troef voor de aantrekkelijkheid van de regio Hautes-Alpes. Het centrum maakt gebruik van geavanceerde leermiddelen, waaronder 3D-modellering, simulators, technische workshops en aangesloten klaslokalen. De moderne gebouwen stimuleren zowel praktisch leren als samenwerken. Van BTS tot masteropleidingen, het aanbod omvat alle luchtvaartberoepen en trekt zowel technici als toekomstige managers aan. Polya\u00e9ro belichaamt de combinatie van innovatie, kwaliteitsopleiding en lokale wortels.    <\/p>\n<\/div><\/div>\n\n\n\n<div class=\"wp-block-ws-library-ws-column\"><div class=\"wrapper\">\n<div class=\"wp-block-ws-library-ws-image\"><div class=\"wrapper\"><div class=\"group-media\"><img decoding=\"async\" src=\"https:\/\/www.hautes-alpes.net\/wp-content\/uploads\/2025\/12\/3.webp\" alt=\"\" class=\"single_image ws-image-90993\"><div class=\"credits\">Polya\u00e9ro<\/div><\/div><p class=\"caption\"><\/p><\/div><\/div>\n<\/div><\/div>\n<\/div>\n\n\n\n<div class=\"wp-block-ws-library-ws-columns alignwide has-2-columns are-vertically-aligned-center layout-5050\">\n<div class=\"wp-block-ws-library-ws-column\"><div class=\"wrapper\">\n<h2 class=\"wp-block-heading is-style-title-1\"><strong>Bedrijven<br\/><\/strong>met een internationale kijk<\/h2>\n\n\n\n<p>Historische spelers in de sector hebben de reputatie van de regio opgebouwd: <strong>Beringer<\/strong>, een wereldspecialist in remsystemen voor de luchtvaart, werd geboren in de Hautes-Alpes en is hier nog steeds stevig verankerd. <strong>Icarius<\/strong>, een belangrijke speler in luchtvaartonderhoud, en <strong>G1 Aviation<\/strong>, een fabrikant van lichte vliegtuigen, hebben bijgedragen aan de ontwikkeling van unieke expertise. In Tallard heeft <strong>H\u00e9licopt\u00e8res de France<\/strong> zich gevestigd als een belangrijke speler op het gebied van transport en gespecialiseerde luchtmissies. Deze traditie trekt nu nieuwe investeerders en internationale partners aan. <strong>Rotortrade<\/strong>, een wereldspeler in de helikopterhandel, heeft ook gekozen voor het vliegveld van Tallard om zijn Europese aanwezigheid te versterken. <strong>Aerotechnics<\/strong>, gespecialiseerd in luchtvaartonderhoud, heeft zich in de Chevalet-zone gevestigd, wat de aantrekkingskracht van de regio voor hightechbedrijven bevestigt.    <\/p>\n<\/div><\/div>\n\n\n\n<div class=\"wp-block-ws-library-ws-column\"><div class=\"wrapper\">\n<div class=\"wp-block-ws-library-ws-image\"><div class=\"wrapper\"><div class=\"group-media\"><img decoding=\"async\" src=\"https:\/\/www.hautes-alpes.net\/wp-content\/uploads\/2025\/12\/7b3a4209-1240x800.jpg\" alt=\"\" class=\"single_image ws-image-90994\"><div class=\"credits\">P. Domeyne - AD05<\/div><\/div><p class=\"caption\"><\/p><\/div><\/div>\n<\/div><\/div>\n<\/div>\n<\/div>\n\n<div style=\"height:100px\" aria-hidden=\"true\" class=\"wp-block-spacer\"><\/div>\n\n<div class=\"wp-block-group block-stats is-layout-flow wp-block-group-is-layout-flow\">\n<h2 class=\"wp-block-heading is-style-title-2\">De industriesector<br\/><strong>in cijfers<\/strong><\/h2>\n\n\n\n<p><\/p>\n\n\n\n<div class=\"wp-block-ws-library-percentage-items alignwide ws-percentage-items\"><div class=\"list-items ws-percentage-items__list\">\n<div class=\"wp-block-ws-library-percentage-item ws-percentage-item\" data-percentage=\"7\"><div class=\"group-circle\"><svg class=\"circle\" viewbox=\"0 0 120 120\"><defs><lineargradient id=\"gradient-item-b4b79d14-4a85-4624-9507-e7168f7e60e2\" x1=\"0%\" y1=\"0%\" x2=\"100%\" y2=\"100%\"><stop offset=\"0%\" stop-color=\"#3b82f6\"\/><stop offset=\"100%\" stop-color=\"#2563eb\"\/><\/lineargradient><\/defs><circle class=\"circle-bg\" cx=\"60\" cy=\"60\" r=\"54\"\/><circle class=\"circle-progress\" cx=\"60\" cy=\"60\" r=\"54\" style=\"stroke-dasharray:23.75044 339.292\"\/><\/svg><div class=\"circle-text\"><span class=\"value\">7<\/span><span class=\"symbol\">%<\/span><\/div><\/div><div class=\"group-content\"><div class=\"field-text\">Aandeel in jaaromzet<\/div><\/div><\/div>\n\n\n\n<div class=\"wp-block-ws-library-percentage-item ws-percentage-item\" data-percentage=\"8\"><div class=\"group-circle\"><svg class=\"circle\" viewbox=\"0 0 120 120\"><defs><lineargradient id=\"gradient-item-c693677a-da9f-466b-a59b-377465b46ce4\" x1=\"0%\" y1=\"0%\" x2=\"100%\" y2=\"100%\"><stop offset=\"0%\" stop-color=\"#3b82f6\"\/><stop offset=\"100%\" stop-color=\"#2563eb\"\/><\/lineargradient><\/defs><circle class=\"circle-bg\" cx=\"60\" cy=\"60\" r=\"54\"\/><circle class=\"circle-progress\" cx=\"60\" cy=\"60\" r=\"54\" style=\"stroke-dasharray:27.143359999999998 339.292\"\/><\/svg><div class=\"circle-text\"><span class=\"value\">8<\/span><span class=\"symbol\">%<\/span><\/div><\/div><div class=\"group-content\"><div class=\"field-text\">Aandeel in BBP<\/div><\/div><\/div>\n<\/div><\/div>\n\n\n\n<p class=\"field-source\"><\/p>\n<\/div>\n\n<div class=\"wp-block-group block-chiffres has-global-padding is-layout-constrained wp-block-group-is-layout-constrained\">\n<figure class=\"wp-block-table is-style-stats\"><table class=\"has-fixed-layout\"><tbody><tr><td><strong>JAARLIJKSE VERKOOP<\/strong><\/td><td>426 941 K\u20ac<\/td><\/tr><tr><td>ONTWIKKELINGEN IN 10 JAAR<\/td><td>+ 50 %<\/td><\/tr><tr><td><strong>BBP<\/strong><\/td><td>185 099 K\u20ac<\/td><\/tr><tr><td>VERANDERING IN BBP<\/td><td>+ 55 %<\/td><\/tr><tr><td><\/td><td><\/td><\/tr><\/tbody><\/table><\/figure>\n\n\n\n<p class=\"field-source\">BBP = Bruto Binnenlands Product \/ Bron: INSEE<\/p>\n<\/div>\n\n<hr class=\"wp-block-separator has-alpha-channel-opacity is-style-default\"\/>\n\n<h2 class=\"wp-block-heading is-style-title-1\"><strong>Zie ook<\/strong><\/h2>\n\n<div class=\"wp-block-group alignwide list-nodetails is-content-justification-center is-layout-flex wp-container-core-group-is-layout-94ea2d6b wp-block-group-is-layout-flex\">\n<div class=\"wp-block-group has-global-padding is-layout-constrained wp-block-group-is-layout-constrained\">\n<div class=\"wp-block-ws-library-ws-image is-style-simple\"><div class=\"wrapper\"><div class=\"group-media\"><img decoding=\"async\" src=\"https:\/\/www.hautes-alpes.net\/wp-content\/uploads\/2025\/11\/rd-technologies-veynes-2024-patrick-domeyne-addet05-13-1240x800.jpg\" alt=\"\" class=\"single_image ws-image-76612\"><div class=\"credits\">P.Domeyne - AD05<\/div><\/div><p class=\"caption\"><\/p><\/div><\/div>\n\n\n\n<h3 class=\"wp-block-heading is-style-title-2\"><em>INDUSTRIE <\/em><span style=\"background-color: rgb(10, 10, 10); font-family: \" americana=\"\" std=\"\" font-size:=\"\">Industriegebieden<\/span><\/h3>\n\n\n\n<div class=\"wp-block-buttons is-layout-flex wp-block-buttons-is-layout-flex\">\n<div class=\"wp-block-button\"><a class=\"wp-block-button__link wp-element-button\" href=\"https:\/\/www.hautes-alpes.net\/nl\/economische-sectoren\/csr\/\" target=\"_blank\" rel=\"noreferrer noopener\">Zie<\/a><\/div>\n<\/div>\n<\/div>\n\n\n\n<div class=\"wp-block-group has-global-padding is-layout-constrained wp-block-group-is-layout-constrained\">\n<div class=\"wp-block-ws-library-ws-image is-style-simple\"><div class=\"wrapper\"><div class=\"group-media\"><img decoding=\"async\" src=\"https:\/\/www.hautes-alpes.net\/wp-content\/uploads\/2025\/12\/cite-vauban-drone-serre-chevalier-briancon-7-1240x800.jpg\" alt=\"\" class=\"single_image ws-image-133118\"><div class=\"credits\">Toeristenbureau Serre Chevalier<\/div><\/div><p class=\"caption\"><\/p><\/div><\/div>\n\n\n\n<h3 class=\"wp-block-heading is-style-title-1\"><em>CSR <\/em><span style=\"font-family: \" americana=\"\" std=\"\" font-size:=\"\" background-color:=\"\" rgb=\"\">Maatschappelijk Verantwoord Ondernemen<\/span><\/h3>\n\n\n\n<div class=\"wp-block-buttons is-layout-flex wp-block-buttons-is-layout-flex\">\n<div class=\"wp-block-button\"><a class=\"wp-block-button__link wp-element-button\" href=\"https:\/\/www.hautes-alpes.net\/nl\/economische-sectoren\/bergweiden-2\/\" target=\"_blank\" rel=\"noreferrer noopener\">Zie<\/a><\/div>\n<\/div>\n<\/div>\n<\/div>\n\n<div style=\"height:50px\" aria-hidden=\"true\" class=\"wp-block-spacer\"><\/div>\n\n<div class=\"wp-block-ws-library-ws-slider alignfull\"><div class=\"splide\" data-splide=\"{&quot;type&quot;:&quot;loop&quot;,&quot;start&quot;:0,&quot;autoWidth&quot;:1,&quot;drag&quot;:&quot;free&quot;,&quot;snap&quot;:true,&quot;pagination&quot;:false,&quot;gap&quot;:&quot;45px&quot;,&quot;trimSpace&quot;:&quot;move&quot;,&quot;arrows&quot;:false,&quot;breakpoints&quot;:{&quot;1200&quot;:{&quot;gap&quot;:&quot;15px&quot;}},&quot;classes&quot;:{}}\"><div class=\"splide__track\"><div class=\"splide__list\"><div class=\"splide__slide\"><a href=\"https:\/\/www.hautes-alpes.net\/wp-content\/uploads\/2025\/12\/icarius-aerotechnics-cedric-tempier-29-scaled.jpg\" data-glightbox=\"true\" class=\"lightbox-trigger\"><img decoding=\"async\" src=\"https:\/\/www.hautes-alpes.net\/wp-content\/uploads\/2025\/12\/icarius-aerotechnics-cedric-tempier-29-930x620.jpg\" alt=\"\"\/><\/a><\/div><div class=\"splide__slide\"><a href=\"https:\/\/www.hautes-alpes.net\/wp-content\/uploads\/2025\/12\/helico-cedric-tempier-18-scaled.jpg\" data-glightbox=\"true\" class=\"lightbox-trigger\"><img decoding=\"async\" src=\"https:\/\/www.hautes-alpes.net\/wp-content\/uploads\/2025\/12\/helico-cedric-tempier-18-413x620.jpg\" alt=\"\"\/><\/a><\/div><div class=\"splide__slide\"><a href=\"https:\/\/www.hautes-alpes.net\/wp-content\/uploads\/2025\/11\/aerodrome-gap-tallard-jl-armand-3-scaled.jpg\" data-glightbox=\"true\" class=\"lightbox-trigger\"><img decoding=\"async\" src=\"https:\/\/www.hautes-alpes.net\/wp-content\/uploads\/2025\/11\/aerodrome-gap-tallard-jl-armand-3-930x620.jpg\" alt=\"\"\/><\/a><\/div><div class=\"splide__slide\"><a href=\"https:\/\/www.hautes-alpes.net\/wp-content\/uploads\/2025\/12\/helico-cedric-tempier-8-scaled.jpg\" data-glightbox=\"true\" class=\"lightbox-trigger\"><img decoding=\"async\" src=\"https:\/\/www.hautes-alpes.net\/wp-content\/uploads\/2025\/12\/helico-cedric-tempier-8-930x620.jpg\" alt=\"\"\/><\/a><\/div><div class=\"splide__slide\"><a href=\"https:\/\/www.hautes-alpes.net\/wp-content\/uploads\/2025\/12\/helico-cedric-tempier-4-scaled.jpg\" data-glightbox=\"true\" class=\"lightbox-trigger\"><img decoding=\"async\" src=\"https:\/\/www.hautes-alpes.net\/wp-content\/uploads\/2025\/12\/helico-cedric-tempier-4-413x620.jpg\" alt=\"\"\/><\/a><\/div><div class=\"splide__slide\"><a href=\"https:\/\/www.hautes-alpes.net\/wp-content\/uploads\/2025\/11\/meeting-ae-rien-de-gap-tallard-mai-2024-26052024-th-2476-1-scaled.jpg\" data-glightbox=\"true\" class=\"lightbox-trigger\"><img decoding=\"async\" src=\"https:\/\/www.hautes-alpes.net\/wp-content\/uploads\/2025\/11\/meeting-ae-rien-de-gap-tallard-mai-2024-26052024-th-2476-1-1120x480.jpg\" alt=\"\"\/><\/a><\/div><\/div><\/div><\/div><\/div>\n\n<div style=\"height:50px\" aria-hidden=\"true\" class=\"wp-block-spacer\"><\/div>\n\n<div class=\"wp-block-group has-global-padding is-layout-constrained wp-block-group-is-layout-constrained\">\n<p>Heb je ondersteuning nodig?<\/p>\n\n\n\n<h2 class=\"wp-block-heading\">Het departement Economie<br\/><strong>ondersteunt uw projecten<\/strong><\/h2>\n\n\n\n<h4 class=\"wp-block-heading\">Fabien Harel<\/h4>\n\n\n\n<p>Hoofd Economie<\/p>\n\n\n\n<div class=\"wp-block-group has-global-padding is-layout-constrained wp-block-group-is-layout-constrained\">\n<p><a href=\"mailto:fabien.harel@hautes-alpes.net\">fabien.harel@hautes-alpes.net<\/a><\/p>\n\n\n\n<p><\/p>\n<\/div>\n<\/div>\n\n<div class=\"wp-block-ws-library-ws-share\"><span class=\"share-subtitle\">Vond je deze pagina leuk?<\/span><span class=\"share-title\">Deel het!<\/span><button class=\"ws-share-button wp-element-button\">Deel deze pagina<\/button><\/div>\n","protected":false},"excerpt":{"rendered":"<p>Een industri\u00eble sector Met vier vliegvelden is de Hautes-Alpes erin geslaagd om van haar geografie en luchtvaarttraditie een echte economische [&hellip;]<\/p>\n","protected":false},"author":5,"featured_media":0,"parent":108779,"menu_order":0,"comment_status":"closed","ping_status":"closed","template":"","meta":{"is_dark_mode":true,"footnotes":""},"page_label":[],"class_list":["post-108742","page","type-page","status-publish","hentry"],"yoast_head":"<!-- This site is optimized with the Yoast SEO plugin v27.2 - https:\/\/yoast.com\/product\/yoast-seo-wordpress\/ -->\n<title>Ruimtevaart - Hautes-Alpes<\/title>\n<meta name=\"description\" content=\"Ruimtevaart Een industri\u00eble sector Met vier vliegvelden is de Hautes-Alpes erin geslaagd om van haar geografie en luchtvaarttraditie een echte economische\" \/>\n<meta name=\"robots\" content=\"index, follow, max-snippet:-1, max-image-preview:large, max-video-preview:-1\" \/>\n<link rel=\"canonical\" href=\"https:\/\/www.hautes-alpes.net\/nl\/economische-sectoren\/ruimtevaart\/\" \/>\n<meta property=\"og:locale\" content=\"nl_NL\" \/>\n<meta property=\"og:type\" content=\"article\" \/>\n<meta property=\"og:title\" content=\"Ruimtevaart - Hautes-Alpes\" \/>\n<meta property=\"og:description\" content=\"Ruimtevaart Een industri\u00eble sector Met vier vliegvelden is de Hautes-Alpes erin geslaagd om van haar geografie en luchtvaarttraditie een echte economische\" \/>\n<meta property=\"og:url\" content=\"https:\/\/www.hautes-alpes.net\/nl\/economische-sectoren\/ruimtevaart\/\" \/>\n<meta property=\"og:site_name\" content=\"Hautes-Alpes\" \/>\n<meta property=\"article:modified_time\" content=\"2026-02-23T10:02:27+00:00\" \/>\n<meta property=\"og:image\" content=\"https:\/\/www.hautes-alpes.net\/wp-content\/uploads\/2025\/12\/icarius-aerotechnics-cedric-tempier-23-2000x1000.jpg\" \/>\n<meta name=\"twitter:card\" content=\"summary_large_image\" \/>\n<meta name=\"twitter:label1\" content=\"Geschatte leestijd\" \/>\n\t<meta name=\"twitter:data1\" content=\"2 minuten\" \/>\n<script type=\"application\/ld+json\" class=\"yoast-schema-graph\">{\"@context\":\"https:\/\/schema.org\",\"@graph\":[{\"@type\":\"WebPage\",\"@id\":\"https:\/\/www.hautes-alpes.net\/nl\/economische-sectoren\/ruimtevaart\/\",\"url\":\"https:\/\/www.hautes-alpes.net\/nl\/economische-sectoren\/ruimtevaart\/\",\"name\":\"Ruimtevaart - Hautes-Alpes\",\"isPartOf\":{\"@id\":\"https:\/\/www.hautes-alpes.net\/nl\/#website\"},\"primaryImageOfPage\":{\"@id\":\"https:\/\/www.hautes-alpes.net\/nl\/economische-sectoren\/ruimtevaart\/#primaryimage\"},\"image\":{\"@id\":\"https:\/\/www.hautes-alpes.net\/nl\/economische-sectoren\/ruimtevaart\/#primaryimage\"},\"thumbnailUrl\":\"https:\/\/www.hautes-alpes.net\/wp-content\/uploads\/2025\/12\/icarius-aerotechnics-cedric-tempier-23-2000x1000.jpg\",\"datePublished\":\"2025-11-20T15:45:28+00:00\",\"dateModified\":\"2026-02-23T10:02:27+00:00\",\"description\":\"Ruimtevaart Een industri\u00eble sector Met vier vliegvelden is de Hautes-Alpes erin geslaagd om van haar geografie en luchtvaarttraditie een echte economische\",\"breadcrumb\":{\"@id\":\"https:\/\/www.hautes-alpes.net\/nl\/economische-sectoren\/ruimtevaart\/#breadcrumb\"},\"inLanguage\":\"nl-NL\",\"potentialAction\":[{\"@type\":\"ReadAction\",\"target\":[\"https:\/\/www.hautes-alpes.net\/nl\/economische-sectoren\/ruimtevaart\/\"]}]},{\"@type\":\"ImageObject\",\"inLanguage\":\"nl-NL\",\"@id\":\"https:\/\/www.hautes-alpes.net\/nl\/economische-sectoren\/ruimtevaart\/#primaryimage\",\"url\":\"https:\/\/www.hautes-alpes.net\/wp-content\/uploads\/2025\/12\/icarius-aerotechnics-cedric-tempier-23-2000x1000.jpg\",\"contentUrl\":\"https:\/\/www.hautes-alpes.net\/wp-content\/uploads\/2025\/12\/icarius-aerotechnics-cedric-tempier-23-2000x1000.jpg\"},{\"@type\":\"BreadcrumbList\",\"@id\":\"https:\/\/www.hautes-alpes.net\/nl\/economische-sectoren\/ruimtevaart\/#breadcrumb\",\"itemListElement\":[{\"@type\":\"ListItem\",\"position\":1,\"name\":\"Home\",\"item\":\"https:\/\/www.hautes-alpes.net\/nl\/hautes-alpes\/\"},{\"@type\":\"ListItem\",\"position\":2,\"name\":\"Economische sectoren\",\"item\":\"https:\/\/www.hautes-alpes.net\/nl\/economische-sectoren\/\"},{\"@type\":\"ListItem\",\"position\":3,\"name\":\"Economische sectoren\",\"item\":\"https:\/\/www.hautes-alpes.net\/nl\/economische-sectoren\/\"},{\"@type\":\"ListItem\",\"position\":4,\"name\":\"Ruimtevaart\"}]},{\"@type\":\"WebSite\",\"@id\":\"https:\/\/www.hautes-alpes.net\/nl\/#website\",\"url\":\"https:\/\/www.hautes-alpes.net\/nl\/\",\"name\":\"ADDET\",\"description\":\"\",\"publisher\":{\"@id\":\"https:\/\/www.hautes-alpes.net\/nl\/#organization\"},\"potentialAction\":[{\"@type\":\"SearchAction\",\"target\":{\"@type\":\"EntryPoint\",\"urlTemplate\":\"https:\/\/www.hautes-alpes.net\/nl\/?s={search_term_string}\"},\"query-input\":{\"@type\":\"PropertyValueSpecification\",\"valueRequired\":true,\"valueName\":\"search_term_string\"}}],\"inLanguage\":\"nl-NL\"},{\"@type\":\"Organization\",\"@id\":\"https:\/\/www.hautes-alpes.net\/nl\/#organization\",\"name\":\"Agence D\u00e9partementale de D\u00e9veloppement Economique et Touristique des Hautes-Alpes\",\"url\":\"https:\/\/www.hautes-alpes.net\/nl\/\",\"logo\":{\"@type\":\"ImageObject\",\"inLanguage\":\"nl-NL\",\"@id\":\"https:\/\/www.hautes-alpes.net\/nl\/#\/schema\/logo\/image\/\",\"url\":\"https:\/\/www.hautes-alpes.net\/wp-content\/uploads\/2026\/01\/black-logo-2.svg\",\"contentUrl\":\"https:\/\/www.hautes-alpes.net\/wp-content\/uploads\/2026\/01\/black-logo-2.svg\",\"caption\":\"Agence D\u00e9partementale de D\u00e9veloppement Economique et Touristique des Hautes-Alpes\"},\"image\":{\"@id\":\"https:\/\/www.hautes-alpes.net\/nl\/#\/schema\/logo\/image\/\"}}]}<\/script>\n<!-- \/ Yoast SEO plugin. -->","yoast_head_json":{"title":"Ruimtevaart - Hautes-Alpes","description":"Ruimtevaart Een industri\u00eble sector Met vier vliegvelden is de Hautes-Alpes erin geslaagd om van haar geografie en luchtvaarttraditie een echte economische","robots":{"index":"index","follow":"follow","max-snippet":"max-snippet:-1","max-image-preview":"max-image-preview:large","max-video-preview":"max-video-preview:-1"},"canonical":"https:\/\/www.hautes-alpes.net\/nl\/economische-sectoren\/ruimtevaart\/","og_locale":"nl_NL","og_type":"article","og_title":"Ruimtevaart - Hautes-Alpes","og_description":"Ruimtevaart Een industri\u00eble sector Met vier vliegvelden is de Hautes-Alpes erin geslaagd om van haar geografie en luchtvaarttraditie een echte economische","og_url":"https:\/\/www.hautes-alpes.net\/nl\/economische-sectoren\/ruimtevaart\/","og_site_name":"Hautes-Alpes","article_modified_time":"2026-02-23T10:02:27+00:00","og_image":[{"url":"https:\/\/www.hautes-alpes.net\/wp-content\/uploads\/2025\/12\/icarius-aerotechnics-cedric-tempier-23-2000x1000.jpg","type":"","width":"","height":""}],"twitter_card":"summary_large_image","twitter_misc":{"Geschatte leestijd":"2 minuten"},"schema":{"@context":"https:\/\/schema.org","@graph":[{"@type":"WebPage","@id":"https:\/\/www.hautes-alpes.net\/nl\/economische-sectoren\/ruimtevaart\/","url":"https:\/\/www.hautes-alpes.net\/nl\/economische-sectoren\/ruimtevaart\/","name":"Ruimtevaart - Hautes-Alpes","isPartOf":{"@id":"https:\/\/www.hautes-alpes.net\/nl\/#website"},"primaryImageOfPage":{"@id":"https:\/\/www.hautes-alpes.net\/nl\/economische-sectoren\/ruimtevaart\/#primaryimage"},"image":{"@id":"https:\/\/www.hautes-alpes.net\/nl\/economische-sectoren\/ruimtevaart\/#primaryimage"},"thumbnailUrl":"https:\/\/www.hautes-alpes.net\/wp-content\/uploads\/2025\/12\/icarius-aerotechnics-cedric-tempier-23-2000x1000.jpg","datePublished":"2025-11-20T15:45:28+00:00","dateModified":"2026-02-23T10:02:27+00:00","description":"Ruimtevaart Een industri\u00eble sector Met vier vliegvelden is de Hautes-Alpes erin geslaagd om van haar geografie en luchtvaarttraditie een echte economische","breadcrumb":{"@id":"https:\/\/www.hautes-alpes.net\/nl\/economische-sectoren\/ruimtevaart\/#breadcrumb"},"inLanguage":"nl-NL","potentialAction":[{"@type":"ReadAction","target":["https:\/\/www.hautes-alpes.net\/nl\/economische-sectoren\/ruimtevaart\/"]}]},{"@type":"ImageObject","inLanguage":"nl-NL","@id":"https:\/\/www.hautes-alpes.net\/nl\/economische-sectoren\/ruimtevaart\/#primaryimage","url":"https:\/\/www.hautes-alpes.net\/wp-content\/uploads\/2025\/12\/icarius-aerotechnics-cedric-tempier-23-2000x1000.jpg","contentUrl":"https:\/\/www.hautes-alpes.net\/wp-content\/uploads\/2025\/12\/icarius-aerotechnics-cedric-tempier-23-2000x1000.jpg"},{"@type":"BreadcrumbList","@id":"https:\/\/www.hautes-alpes.net\/nl\/economische-sectoren\/ruimtevaart\/#breadcrumb","itemListElement":[{"@type":"ListItem","position":1,"name":"Home","item":"https:\/\/www.hautes-alpes.net\/nl\/hautes-alpes\/"},{"@type":"ListItem","position":2,"name":"Economische sectoren","item":"https:\/\/www.hautes-alpes.net\/nl\/economische-sectoren\/"},{"@type":"ListItem","position":3,"name":"Economische sectoren","item":"https:\/\/www.hautes-alpes.net\/nl\/economische-sectoren\/"},{"@type":"ListItem","position":4,"name":"Ruimtevaart"}]},{"@type":"WebSite","@id":"https:\/\/www.hautes-alpes.net\/nl\/#website","url":"https:\/\/www.hautes-alpes.net\/nl\/","name":"ADDET","description":"","publisher":{"@id":"https:\/\/www.hautes-alpes.net\/nl\/#organization"},"potentialAction":[{"@type":"SearchAction","target":{"@type":"EntryPoint","urlTemplate":"https:\/\/www.hautes-alpes.net\/nl\/?s={search_term_string}"},"query-input":{"@type":"PropertyValueSpecification","valueRequired":true,"valueName":"search_term_string"}}],"inLanguage":"nl-NL"},{"@type":"Organization","@id":"https:\/\/www.hautes-alpes.net\/nl\/#organization","name":"Agence D\u00e9partementale de D\u00e9veloppement Economique et Touristique des Hautes-Alpes","url":"https:\/\/www.hautes-alpes.net\/nl\/","logo":{"@type":"ImageObject","inLanguage":"nl-NL","@id":"https:\/\/www.hautes-alpes.net\/nl\/#\/schema\/logo\/image\/","url":"https:\/\/www.hautes-alpes.net\/wp-content\/uploads\/2026\/01\/black-logo-2.svg","contentUrl":"https:\/\/www.hautes-alpes.net\/wp-content\/uploads\/2026\/01\/black-logo-2.svg","caption":"Agence D\u00e9partementale de D\u00e9veloppement Economique et Touristique des Hautes-Alpes"},"image":{"@id":"https:\/\/www.hautes-alpes.net\/nl\/#\/schema\/logo\/image\/"}}]}},"_links":{"self":[{"href":"https:\/\/www.hautes-alpes.net\/nl\/wp-json\/wp\/v2\/pages\/108742","targetHints":{"allow":["GET"]}}],"collection":[{"href":"https:\/\/www.hautes-alpes.net\/nl\/wp-json\/wp\/v2\/pages"}],"about":[{"href":"https:\/\/www.hautes-alpes.net\/nl\/wp-json\/wp\/v2\/types\/page"}],"author":[{"embeddable":true,"href":"https:\/\/www.hautes-alpes.net\/nl\/wp-json\/wp\/v2\/users\/5"}],"replies":[{"embeddable":true,"href":"https:\/\/www.hautes-alpes.net\/nl\/wp-json\/wp\/v2\/comments?post=108742"}],"version-history":[{"count":10,"href":"https:\/\/www.hautes-alpes.net\/nl\/wp-json\/wp\/v2\/pages\/108742\/revisions"}],"predecessor-version":[{"id":323419,"href":"https:\/\/www.hautes-alpes.net\/nl\/wp-json\/wp\/v2\/pages\/108742\/revisions\/323419"}],"up":[{"embeddable":true,"href":"https:\/\/www.hautes-alpes.net\/nl\/wp-json\/wp\/v2\/pages\/108779"}],"wp:attachment":[{"href":"https:\/\/www.hautes-alpes.net\/nl\/wp-json\/wp\/v2\/media?parent=108742"}],"wp:term":[{"taxonomy":"page_label","embeddable":true,"href":"https:\/\/www.hautes-alpes.net\/nl\/wp-json\/wp\/v2\/page_label?post=108742"}],"curies":[{"name":"wp","href":"https:\/\/api.w.org\/{rel}","templated":true}]}}