{"id":411006,"date":"2026-03-19T12:12:27","date_gmt":"2026-03-19T11:12:27","guid":{"rendered":"https:\/\/www.hautes-alpes.net\/collari-riservati\/"},"modified":"2026-05-07T09:23:30","modified_gmt":"2026-05-07T07:23:30","slug":"collari-riservati","status":"publish","type":"page","link":"https:\/\/www.hautes-alpes.net\/it\/collari-riservati\/","title":{"rendered":"Collari riservati"},"content":{"rendered":"\n<div class=\"wp-block-group alignfull hero-banner-cover-float has-global-padding is-layout-constrained wp-block-group-is-layout-constrained\"><div class=\"yoast-breadcrumbs\"><span><span><a href=\"https:\/\/www.hautes-alpes.net\/it\/hautes-alpes\/\">Accueil<\/a><\/span>  <span class=\"breadcrumb_last\" aria-current=\"page\">Collari riservati<\/span><\/span><\/div>\n\n\n<h1 class=\"wp-block-ws-library-post-title\">Collari <span class=\"text-highlight\">riservati<\/span><\/h1>\n\n\n\n<p class=\"subtitle\">La montagna tutta per te<\/p>\n\n\n\n<p>L&#8217;operazione <strong>Cols r\u00e9serv\u00e9s<\/strong> invita <strong>gli appassionati di <a href=\"https:\/\/www.hautes-alpes.net\/it\/esperienze-hautes-alpes\/biciclette-da-strada\/\" type=\"page\" id=\"75496\">ciclismo <\/a>e i dilettanti<\/strong> a vivere un&#8217;esperienza di montagna unica. Per alcune ore, alcune delle <strong>strade pi\u00f9 emblematiche delle Hautes-Alpes<\/strong> <strong>saranno chiuse al traffico motorizzato<\/strong> e interamente dedicate ai ciclisti. <\/p>\n\n\n\n<div class=\"wp-block-ws-library-media-embed ws-media-embed\"><img decoding=\"async\" src=\"https:\/\/www.hautes-alpes.net\/wp-content\/uploads\/2025\/11\/granon-cyclo-alpesphotographiescom-13-1920x1000.jpg\" alt=\"\" class=\"ws-media-embed__image\" style=\"aspect-ratio:2000\/1000\"><\/div>\n<\/div>\n\n<p>In un contesto naturale eccezionale, tutti possono scalare <strong>passi leggendari<\/strong> o poco conosciuti in totale sicurezza, al proprio ritmo e senza restrizioni. Che tu venga per una <strong>sfida sportiva<\/strong>, per il <strong>piacere di pedalare<\/strong> o semplicemente per <strong>goderti il paesaggio<\/strong>, questi eventi offrono un modo diverso e amichevole di esplorare le montagne. <\/p>\n\n<p>Un pilastro del cicloturismo nelle Hautes-Alpes da quasi 30 anni, l&#8217;operazione Cols r\u00e9serv\u00e9s \u00e8 stata lanciata nel 1997 dal Dipartimento delle Hautes-Alpes, in collaborazione con l&#8217;Agenzia di Sviluppo e gli uffici turistici locali.<\/p>\n\n<div class=\"wp-block-ws-library-ws-columns has-2-columns are-vertically-aligned-center layout-3565\">\n<div class=\"wp-block-ws-library-ws-column\"><div class=\"wrapper\">\n<p>I Cols r\u00e9serv\u00e9s sono aperti a tutti, gratuitamente e senza obbligo di registrazione. L&#8217;atmosfera \u00e8 amichevole, a volte vivace e gourmet (rinfreschi con prodotti locali), sempre conviviale. <\/p>\n<\/div><\/div>\n\n\n\n<div class=\"wp-block-ws-library-ws-column\"><div class=\"wrapper\">\n<div class=\"wp-block-ws-library-ws-image\"><div class=\"wrapper\"><div class=\"group-media\"><img decoding=\"async\" src=\"https:\/\/www.hautes-alpes.net\/wp-content\/uploads\/2025\/11\/lautaret-galibier-hdagencekros-remifabregue-26-1240x800.jpg\" alt=\"\" class=\"single_image ws-image-61043\"><div class=\"credits\">R. Fabregue<\/div><\/div><p class=\"caption\"><\/p><\/div><\/div>\n<\/div><\/div>\n<\/div>\n\n<h2 class=\"wp-block-heading is-style-default\">L&#8217;orario <strong>2026<\/strong><\/h2>\n\n<div class=\"wp-block-ws-library-ws-columns has-2-columns are-vertically-aligned-center layout-5050\">\n<div class=\"wp-block-ws-library-ws-column\"><div class=\"wrapper\">\n<p>30\/05  <strong>Col du Noyer<\/strong><br\/>31\/05 <strong>Salita a Orci\u00e8res<\/strong><br\/>07\/06 <strong>Pr\u00e9 de Madame Carle<\/strong><br\/>14\/06 <strong>Col de Foureyssasse<\/strong><br\/>28\/06 <strong>Salita a Puy Saint Vincent<\/strong><br\/>29\/06 <strong>Col du Galibier<\/strong><br\/>30\/06 <strong>Col du Granon<\/strong> <strong>Granon<\/strong><br\/>01\/07 <strong>Col de l&#8217;\u00c9chelle<\/strong><br\/>02\/07 <strong>Col de l&#8217;Izoard<\/strong><br\/>03\/07 <strong>Col Agnel<\/strong><br\/>12\/07 <strong>Col de Manse<\/strong><br\/>15\/07 <strong>Col du Granon<\/strong><br\/>16\/07 <strong>Col du Galibier<\/strong><br\/>16\/07 <strong>Mont\u00e9e de Risoul<\/strong><br\/>21\/07 <strong>Orpierre - Laborel<\/strong> <strong>Laborel<\/strong><br\/>22\/07                <strong>Mont\u00e9e du Colombis<\/strong><br\/>28\/07 <strong>Mont\u00e9e de Chabre<\/strong><br\/>29\/07 <strong>Col de Pommerol<\/strong><br\/>04\/08 <strong>Col du Galibier<\/strong><br\/>05\/08 <strong>Col du Noyer<\/strong><br\/>06\/08 <strong>Col de l&#8217;Izoard<\/strong><br\/>07\/08 <strong>Mont\u00e9e de C\u00e9\u00fcse<\/strong><br\/>12\/08 <strong>Col du Granon<\/strong><br\/>18\/08 <strong>Mont\u00e9e de Risoul<\/strong><br\/>19\/08 <strong>Col de Gleize<\/strong><br\/>20\/08 <strong>Col de Moissi\u00e8re<\/strong><br\/>21\/08 <strong>Mont\u00e9e d&#8217;Orci\u00e8res<\/strong><br\/>06\/09             <strong>Passo Agnel<\/strong><\/p>\n<\/div><\/div>\n\n\n\n<div class=\"wp-block-ws-library-ws-column\"><div class=\"wrapper\">\n<div class=\"wp-block-ws-library-ws-image\"><div class=\"wrapper\"><div class=\"group-media\"><img decoding=\"async\" src=\"https:\/\/www.hautes-alpes.net\/wp-content\/uploads\/2026\/03\/colagnelagencekros-remifabregue-43-e1773822491923-477x640.jpg\" alt=\"\" class=\"single_image ws-image-406572\"><div class=\"credits\"><\/div><\/div><p class=\"caption\"><\/p><\/div><\/div>\n<\/div><\/div>\n<\/div>\n\n<p><em>Per saperne di pi\u00f9 su ogni data, contatta gli uffici turistici.<\/em><\/p>\n\n<div style=\"height:50px\" aria-hidden=\"true\" class=\"wp-block-spacer\"><\/div>\n\n<h2 class=\"wp-block-heading is-style-title-1\"><strong>Punti salienti<\/strong><\/h2>\n\n<div class=\"wp-block-ws-library-ws-image is-style-simple\"><div class=\"wrapper\"><div class=\"group-media\"><img decoding=\"async\" src=\"https:\/\/www.hautes-alpes.net\/wp-content\/uploads\/2025\/12\/izoard-route-du-tour-de-france-pat-1240x800.jpg\" alt=\"\" class=\"single_image ws-image-90989\"><div class=\"credits\">P. Domeyne - AD05<\/div><\/div><p class=\"caption\"><\/p><\/div><\/div>\n\n<div class=\"wp-block-ws-library-ws-columns has-2-columns are-vertically-aligned-top layout-5050\">\n<div class=\"wp-block-ws-library-ws-column\"><div class=\"wrapper\">\n<h3 class=\"wp-block-heading\">Tour dei Grands Cols<\/h3>\n\n\n\n<p>Organizzata dagli uffici turistici delle Hautes Vall\u00e9es, Serre Chevalier e Guillestrois-Queyras, la <strong>Tourn\u00e9e des Grands Cols<\/strong> offre un&#8217;esperienza unica: una serie di passi leggendari delle Hautes-Alpes in un breve periodo di tempo. Programmati a breve distanza l&#8217;uno dall&#8217;altro, questi eventi danno ai ciclisti la possibilit\u00e0 di affrontare una vera e propria sfida percorrendo in successione alcune delle pi\u00f9 belle vette del dipartimento. <\/p>\n\n\n\n<p>Dal Galibier all&#8217;Izoard, passando per il Granon, ognuno pu\u00f2 organizzare il proprio percorso e sperimentare diverse salite eccezionali in condizioni ideali, senza traffico motorizzato. Una rara opportunit\u00e0 per immergersi nel cuore dei grandi passi alpini. <\/p>\n<\/div><\/div>\n\n\n\n<div class=\"wp-block-ws-library-ws-column\"><div class=\"wrapper\">\n<h3 class=\"wp-block-heading\">Sfida Avant Tour<\/h3>\n\n\n\n<p>Pedala sulle orme dei grandi! Per la <strong>F\u00eate du Tour<\/strong>, il 30 e 31 maggio 2026, il Col du Noyer e la Salita di Orci\u00e8res offriranno ai ciclisti un&#8217;esperienza unica nel cuore degli itinerari percorsi dai corridori del Tour de France a luglio. <\/p>\n\n\n\n<p>In due giorni, affronta la sfida di queste salite iconiche e vivi l&#8217;emozione del Tour prima che sia troppo tardi.<\/p>\n\n\n\n<p>Partecipa alla &#8221;Challenge Avant Tour&#8221; su Strava e rientra tra i primi 20 arrivati a Orci\u00e8res. Potresti vincere una speciale maglia del Tour de France 2026 Hautes-Alpes. <\/p>\n<\/div><\/div>\n<\/div>\n\n<div style=\"height:50px\" aria-hidden=\"true\" class=\"wp-block-spacer\"><\/div>\n\n<hr class=\"wp-block-separator has-alpha-channel-opacity is-style-default\"\/>\n\n<h2 class=\"wp-block-heading is-style-title-1\"><strong>Vedi anche<\/strong><\/h2>\n\n<div class=\"wp-block-group alignwide list-nodetails is-content-justification-center is-layout-flex wp-container-core-group-is-layout-94ea2d6b wp-block-group-is-layout-flex\">\n<div class=\"wp-block-group has-global-padding is-layout-constrained wp-block-group-is-layout-constrained\">\n<div class=\"wp-block-ws-library-ws-image is-style-simple\"><div class=\"wrapper\"><div class=\"group-media\"><img decoding=\"async\" src=\"https:\/\/www.hautes-alpes.net\/wp-content\/uploads\/2025\/11\/granon-cyclo-alpesphotographiescom-2-1240x800.jpg\" alt=\"\" class=\"single_image ws-image-61008\"><div class=\"credits\">Fotografie delle Alpi<\/div><\/div><p class=\"caption\"><\/p><\/div><\/div>\n\n\n\n<h3 class=\"wp-block-heading is-style-title-2\"><em>Esperienze<\/em><a href=\"https:\/\/www.hautes-alpes.net\/it\/esperienze-hautes-alpes\/biciclette-da-strada\/\" type=\"page\" id=\"75496\">Ciclismo su strada<\/a><\/h3>\n\n\n\n<div class=\"wp-block-buttons is-layout-flex wp-block-buttons-is-layout-flex\">\n<div class=\"wp-block-button\"><a class=\"wp-block-button__link wp-element-button\" href=\"https:\/\/www.hautes-alpes.net\/it\/esperienze-hautes-alpes\/biciclette-da-strada\/\">Vedi<\/a><\/div>\n<\/div>\n<\/div>\n\n\n\n<div class=\"wp-block-group has-global-padding is-layout-constrained wp-block-group-is-layout-constrained\">\n<div class=\"wp-block-ws-library-ws-image is-style-simple\"><div class=\"wrapper\"><div class=\"group-media\"><img decoding=\"async\" src=\"https:\/\/www.hautes-alpes.net\/wp-content\/uploads\/2025\/11\/tour-de-france-vars-credit-remi-morel-4-1240x800.jpg\" alt=\"\" class=\"single_image ws-image-78364\"><div class=\"credits\">R. Morel<\/div><\/div><p class=\"caption\"><\/p><\/div><\/div>\n\n\n\n<h3 class=\"wp-block-heading is-style-title-2\"><em>Iconico<\/em><a href=\"https:\/\/www.hautes-alpes.net\/it\/iconico\/tour-de-france\/\" type=\"page\" id=\"83831\">Tour de France<\/a><\/h3>\n\n\n\n<div class=\"wp-block-buttons is-layout-flex wp-block-buttons-is-layout-flex\">\n<div class=\"wp-block-button\"><a class=\"wp-block-button__link wp-element-button\" href=\"https:\/\/www.hautes-alpes.net\/it\/iconico\/tour-de-france\/\">Vedi<\/a><\/div>\n<\/div>\n<\/div>\n<\/div>\n\n<div style=\"height:50px\" aria-hidden=\"true\" class=\"wp-block-spacer\"><\/div>\n\n<div class=\"wp-block-ws-library-ws-share\"><span class=\"share-subtitle\">Ti \u00e8 piaciuta questa pagina?<\/span><span class=\"share-title\">Condividilo!<\/span><button class=\"ws-share-button wp-element-button\">Condividi questa pagina<\/button><\/div>\n","protected":false},"excerpt":{"rendered":"<p>La montagna tutta per te L&#8217;operazione Cols r\u00e9serv\u00e9s invita gli appassionati di ciclismo e i dilettanti a vivere un&#8217;esperienza di [&hellip;]<\/p>\n","protected":false},"author":5,"featured_media":0,"parent":0,"menu_order":0,"comment_status":"closed","ping_status":"closed","template":"","meta":{"is_dark_mode":false,"footnotes":""},"page_label":[],"class_list":["post-411006","page","type-page","status-publish","hentry"],"yoast_head":"<!-- This site is optimized with the Yoast SEO plugin v27.5 - https:\/\/yoast.com\/product\/yoast-seo-wordpress\/ -->\n<title>Collari riservati - Hautes-Alpes<\/title>\n<meta name=\"description\" content=\"Collari riservati La montagna tutta per te L&#039;operazione Cols r\u00e9serv\u00e9s invita gli appassionati di ciclismo e i dilettanti a vivere un&#039;esperienza di\" \/>\n<meta name=\"robots\" content=\"index, follow, max-snippet:-1, max-image-preview:large, max-video-preview:-1\" \/>\n<link rel=\"canonical\" href=\"https:\/\/www.hautes-alpes.net\/it\/collari-riservati\/\" \/>\n<meta property=\"og:locale\" content=\"it_IT\" \/>\n<meta property=\"og:type\" content=\"article\" \/>\n<meta property=\"og:title\" content=\"Collari riservati - Hautes-Alpes\" \/>\n<meta property=\"og:description\" content=\"Collari riservati La montagna tutta per te L&#039;operazione Cols r\u00e9serv\u00e9s invita gli appassionati di ciclismo e i dilettanti a vivere un&#039;esperienza di\" \/>\n<meta property=\"og:url\" content=\"https:\/\/www.hautes-alpes.net\/it\/collari-riservati\/\" \/>\n<meta property=\"og:site_name\" content=\"Hautes-Alpes\" \/>\n<meta property=\"article:modified_time\" content=\"2026-05-07T07:23:30+00:00\" \/>\n<meta property=\"og:image\" content=\"https:\/\/www.hautes-alpes.net\/wp-content\/uploads\/2025\/11\/granon-cyclo-alpesphotographiescom-13-1920x1000.jpg\" \/>\n<meta name=\"twitter:card\" content=\"summary_large_image\" \/>\n<meta name=\"twitter:label1\" content=\"Tempo di lettura stimato\" \/>\n\t<meta name=\"twitter:data1\" content=\"2 minuti\" \/>\n<script type=\"application\/ld+json\" class=\"yoast-schema-graph\">{\"@context\":\"https:\\\/\\\/schema.org\",\"@graph\":[{\"@type\":\"WebPage\",\"@id\":\"https:\\\/\\\/www.hautes-alpes.net\\\/it\\\/collari-riservati\\\/\",\"url\":\"https:\\\/\\\/www.hautes-alpes.net\\\/it\\\/collari-riservati\\\/\",\"name\":\"Collari riservati - Hautes-Alpes\",\"isPartOf\":{\"@id\":\"https:\\\/\\\/www.hautes-alpes.net\\\/it\\\/#website\"},\"primaryImageOfPage\":{\"@id\":\"https:\\\/\\\/www.hautes-alpes.net\\\/it\\\/collari-riservati\\\/#primaryimage\"},\"image\":{\"@id\":\"https:\\\/\\\/www.hautes-alpes.net\\\/it\\\/collari-riservati\\\/#primaryimage\"},\"thumbnailUrl\":\"https:\\\/\\\/www.hautes-alpes.net\\\/wp-content\\\/uploads\\\/2025\\\/11\\\/granon-cyclo-alpesphotographiescom-13-1920x1000.jpg\",\"datePublished\":\"2026-03-19T11:12:27+00:00\",\"dateModified\":\"2026-05-07T07:23:30+00:00\",\"description\":\"Collari riservati La montagna tutta per te L'operazione Cols r\u00e9serv\u00e9s invita gli appassionati di ciclismo e i dilettanti a vivere un'esperienza di\",\"breadcrumb\":{\"@id\":\"https:\\\/\\\/www.hautes-alpes.net\\\/it\\\/collari-riservati\\\/#breadcrumb\"},\"inLanguage\":\"it-IT\",\"potentialAction\":[{\"@type\":\"ReadAction\",\"target\":[\"https:\\\/\\\/www.hautes-alpes.net\\\/it\\\/collari-riservati\\\/\"]}]},{\"@type\":\"ImageObject\",\"inLanguage\":\"it-IT\",\"@id\":\"https:\\\/\\\/www.hautes-alpes.net\\\/it\\\/collari-riservati\\\/#primaryimage\",\"url\":\"https:\\\/\\\/www.hautes-alpes.net\\\/wp-content\\\/uploads\\\/2025\\\/11\\\/granon-cyclo-alpesphotographiescom-13-1920x1000.jpg\",\"contentUrl\":\"https:\\\/\\\/www.hautes-alpes.net\\\/wp-content\\\/uploads\\\/2025\\\/11\\\/granon-cyclo-alpesphotographiescom-13-1920x1000.jpg\"},{\"@type\":\"BreadcrumbList\",\"@id\":\"https:\\\/\\\/www.hautes-alpes.net\\\/it\\\/collari-riservati\\\/#breadcrumb\",\"itemListElement\":[{\"@type\":\"ListItem\",\"position\":1,\"name\":\"Accueil\",\"item\":\"https:\\\/\\\/www.hautes-alpes.net\\\/it\\\/hautes-alpes\\\/\"},{\"@type\":\"ListItem\",\"position\":2,\"name\":\"Collari riservati\"}]},{\"@type\":\"WebSite\",\"@id\":\"https:\\\/\\\/www.hautes-alpes.net\\\/it\\\/#website\",\"url\":\"https:\\\/\\\/www.hautes-alpes.net\\\/it\\\/\",\"name\":\"ADDET\",\"description\":\"\",\"publisher\":{\"@id\":\"https:\\\/\\\/www.hautes-alpes.net\\\/it\\\/#organization\"},\"potentialAction\":[{\"@type\":\"SearchAction\",\"target\":{\"@type\":\"EntryPoint\",\"urlTemplate\":\"https:\\\/\\\/www.hautes-alpes.net\\\/it\\\/?s={search_term_string}\"},\"query-input\":{\"@type\":\"PropertyValueSpecification\",\"valueRequired\":true,\"valueName\":\"search_term_string\"}}],\"inLanguage\":\"it-IT\"},{\"@type\":\"Organization\",\"@id\":\"https:\\\/\\\/www.hautes-alpes.net\\\/it\\\/#organization\",\"name\":\"Agence D\u00e9partementale de D\u00e9veloppement Economique et Touristique des Hautes-Alpes\",\"url\":\"https:\\\/\\\/www.hautes-alpes.net\\\/it\\\/\",\"logo\":{\"@type\":\"ImageObject\",\"inLanguage\":\"it-IT\",\"@id\":\"https:\\\/\\\/www.hautes-alpes.net\\\/it\\\/#\\\/schema\\\/logo\\\/image\\\/\",\"url\":\"https:\\\/\\\/www.hautes-alpes.net\\\/wp-content\\\/uploads\\\/2026\\\/01\\\/black-logo-2.svg\",\"contentUrl\":\"https:\\\/\\\/www.hautes-alpes.net\\\/wp-content\\\/uploads\\\/2026\\\/01\\\/black-logo-2.svg\",\"caption\":\"Agence D\u00e9partementale de D\u00e9veloppement Economique et Touristique des Hautes-Alpes\"},\"image\":{\"@id\":\"https:\\\/\\\/www.hautes-alpes.net\\\/it\\\/#\\\/schema\\\/logo\\\/image\\\/\"}}]}<\/script>\n<!-- \/ Yoast SEO plugin. -->","yoast_head_json":{"title":"Collari riservati - Hautes-Alpes","description":"Collari riservati La montagna tutta per te L'operazione Cols r\u00e9serv\u00e9s invita gli appassionati di ciclismo e i dilettanti a vivere un'esperienza di","robots":{"index":"index","follow":"follow","max-snippet":"max-snippet:-1","max-image-preview":"max-image-preview:large","max-video-preview":"max-video-preview:-1"},"canonical":"https:\/\/www.hautes-alpes.net\/it\/collari-riservati\/","og_locale":"it_IT","og_type":"article","og_title":"Collari riservati - Hautes-Alpes","og_description":"Collari riservati La montagna tutta per te L'operazione Cols r\u00e9serv\u00e9s invita gli appassionati di ciclismo e i dilettanti a vivere un'esperienza di","og_url":"https:\/\/www.hautes-alpes.net\/it\/collari-riservati\/","og_site_name":"Hautes-Alpes","article_modified_time":"2026-05-07T07:23:30+00:00","og_image":[{"url":"https:\/\/www.hautes-alpes.net\/wp-content\/uploads\/2025\/11\/granon-cyclo-alpesphotographiescom-13-1920x1000.jpg","type":"","width":"","height":""}],"twitter_card":"summary_large_image","twitter_misc":{"Tempo di lettura stimato":"2 minuti"},"schema":{"@context":"https:\/\/schema.org","@graph":[{"@type":"WebPage","@id":"https:\/\/www.hautes-alpes.net\/it\/collari-riservati\/","url":"https:\/\/www.hautes-alpes.net\/it\/collari-riservati\/","name":"Collari riservati - Hautes-Alpes","isPartOf":{"@id":"https:\/\/www.hautes-alpes.net\/it\/#website"},"primaryImageOfPage":{"@id":"https:\/\/www.hautes-alpes.net\/it\/collari-riservati\/#primaryimage"},"image":{"@id":"https:\/\/www.hautes-alpes.net\/it\/collari-riservati\/#primaryimage"},"thumbnailUrl":"https:\/\/www.hautes-alpes.net\/wp-content\/uploads\/2025\/11\/granon-cyclo-alpesphotographiescom-13-1920x1000.jpg","datePublished":"2026-03-19T11:12:27+00:00","dateModified":"2026-05-07T07:23:30+00:00","description":"Collari riservati La montagna tutta per te L'operazione Cols r\u00e9serv\u00e9s invita gli appassionati di ciclismo e i dilettanti a vivere un'esperienza di","breadcrumb":{"@id":"https:\/\/www.hautes-alpes.net\/it\/collari-riservati\/#breadcrumb"},"inLanguage":"it-IT","potentialAction":[{"@type":"ReadAction","target":["https:\/\/www.hautes-alpes.net\/it\/collari-riservati\/"]}]},{"@type":"ImageObject","inLanguage":"it-IT","@id":"https:\/\/www.hautes-alpes.net\/it\/collari-riservati\/#primaryimage","url":"https:\/\/www.hautes-alpes.net\/wp-content\/uploads\/2025\/11\/granon-cyclo-alpesphotographiescom-13-1920x1000.jpg","contentUrl":"https:\/\/www.hautes-alpes.net\/wp-content\/uploads\/2025\/11\/granon-cyclo-alpesphotographiescom-13-1920x1000.jpg"},{"@type":"BreadcrumbList","@id":"https:\/\/www.hautes-alpes.net\/it\/collari-riservati\/#breadcrumb","itemListElement":[{"@type":"ListItem","position":1,"name":"Accueil","item":"https:\/\/www.hautes-alpes.net\/it\/hautes-alpes\/"},{"@type":"ListItem","position":2,"name":"Collari riservati"}]},{"@type":"WebSite","@id":"https:\/\/www.hautes-alpes.net\/it\/#website","url":"https:\/\/www.hautes-alpes.net\/it\/","name":"ADDET","description":"","publisher":{"@id":"https:\/\/www.hautes-alpes.net\/it\/#organization"},"potentialAction":[{"@type":"SearchAction","target":{"@type":"EntryPoint","urlTemplate":"https:\/\/www.hautes-alpes.net\/it\/?s={search_term_string}"},"query-input":{"@type":"PropertyValueSpecification","valueRequired":true,"valueName":"search_term_string"}}],"inLanguage":"it-IT"},{"@type":"Organization","@id":"https:\/\/www.hautes-alpes.net\/it\/#organization","name":"Agence D\u00e9partementale de D\u00e9veloppement Economique et Touristique des Hautes-Alpes","url":"https:\/\/www.hautes-alpes.net\/it\/","logo":{"@type":"ImageObject","inLanguage":"it-IT","@id":"https:\/\/www.hautes-alpes.net\/it\/#\/schema\/logo\/image\/","url":"https:\/\/www.hautes-alpes.net\/wp-content\/uploads\/2026\/01\/black-logo-2.svg","contentUrl":"https:\/\/www.hautes-alpes.net\/wp-content\/uploads\/2026\/01\/black-logo-2.svg","caption":"Agence D\u00e9partementale de D\u00e9veloppement Economique et Touristique des Hautes-Alpes"},"image":{"@id":"https:\/\/www.hautes-alpes.net\/it\/#\/schema\/logo\/image\/"}}]}},"_links":{"self":[{"href":"https:\/\/www.hautes-alpes.net\/it\/wp-json\/wp\/v2\/pages\/411006","targetHints":{"allow":["GET"]}}],"collection":[{"href":"https:\/\/www.hautes-alpes.net\/it\/wp-json\/wp\/v2\/pages"}],"about":[{"href":"https:\/\/www.hautes-alpes.net\/it\/wp-json\/wp\/v2\/types\/page"}],"author":[{"embeddable":true,"href":"https:\/\/www.hautes-alpes.net\/it\/wp-json\/wp\/v2\/users\/5"}],"replies":[{"embeddable":true,"href":"https:\/\/www.hautes-alpes.net\/it\/wp-json\/wp\/v2\/comments?post=411006"}],"version-history":[{"count":4,"href":"https:\/\/www.hautes-alpes.net\/it\/wp-json\/wp\/v2\/pages\/411006\/revisions"}],"predecessor-version":[{"id":513855,"href":"https:\/\/www.hautes-alpes.net\/it\/wp-json\/wp\/v2\/pages\/411006\/revisions\/513855"}],"wp:attachment":[{"href":"https:\/\/www.hautes-alpes.net\/it\/wp-json\/wp\/v2\/media?parent=411006"}],"wp:term":[{"taxonomy":"page_label","embeddable":true,"href":"https:\/\/www.hautes-alpes.net\/it\/wp-json\/wp\/v2\/page_label?post=411006"}],"curies":[{"name":"wp","href":"https:\/\/api.w.org\/{rel}","templated":true}]}}