{"id":323479,"date":"2026-02-23T11:36:00","date_gmt":"2026-02-23T10:36:00","guid":{"rendered":"https:\/\/www.hautes-alpes.net\/323479-2\/"},"modified":"2026-02-23T12:35:08","modified_gmt":"2026-02-23T11:35:08","slug":"323479-2","status":"publish","type":"page","link":"https:\/\/www.hautes-alpes.net\/it\/323479-2\/","title":{"rendered":""},"content":{"rendered":"\n<div class=\"wp-block-group alignfull hero-banner-cover-wide has-global-padding is-layout-constrained wp-block-group-is-layout-constrained\"><div class=\"yoast-breadcrumbs\"><span><span><a href=\"https:\/\/www.hautes-alpes.net\/it\/hautes-alpes\/\">Home<\/a><\/span><\/span><\/div>\n\n\n<h1 class=\"wp-block-ws-library-post-title\"\/>\n\n\n\n\n\n<p class=\"subtitle\"><\/p>\n\n\n\n<p><\/p>\n<\/div>\n<div class=\"wp-block-ws-library-ws-faq\"><div class=\"faq-items\"><details class=\"faq-item\" name=\"ws-faq\"><summary class=\"faq-question\"><span class=\"icon\"><\/span>Cosa offre la Hautes-Alpes?<\/summary><div class=\"faq-answer\"><p>La regione delle Hautes-Alpes offre intrattenimento, degustazioni, cibo e prodotti locali.<\/p>\n<\/div><\/details><details class=\"faq-item\" name=\"ws-faq\"><summary class=\"faq-question\"><span class=\"icon\"><\/span>Settore turistico<\/summary><div class=\"faq-answer\"><p>Sophie Rey<br>06 15 22 22 33<br>sophie.rey@hautes-alpes.net<\/p>\n<\/div><\/details><details class=\"faq-item\" name=\"ws-faq\"><summary class=\"faq-question\"><span class=\"icon\"><\/span>Quando sar\u00e0 presente il dipartimento alla mostra?<\/summary><div class=\"faq-answer\"><p>La regione Hautes-Alpes sar\u00e0 presente dal 21 febbraio al 1 marzo 2026, ovvero per tutta la durata del Salone.<\/p>\n<\/div><\/details><\/div><script type=\"application\/ld+json\">\n{\"@context\":\"https:\/\/schema.org\",\"@graph\":[{\"@type\":[\"WebPage\",\"FAQPage\"],\"@id\":\"https:\/\/www.hautes-alpes.net\/it\/323479-2\/\",\"url\":\"https:\/\/www.hautes-alpes.net\/it\/323479-2\/\",\"name\":\"Hautes-Alpes\",\"mainEntity\":[{\"@id\":\"https:\/\/www.hautes-alpes.net\/it\/323479-2\/#faq-question-220931\"},{\"@id\":\"https:\/\/www.hautes-alpes.net\/it\/323479-2\/#faq-question-163006\"},{\"@id\":\"https:\/\/www.hautes-alpes.net\/it\/323479-2\/#faq-question-266274\"}],\"inLanguage\":\"it_IT\",\"datePublished\":\"2026-02-23T10:36:00+00:00\",\"dateModified\":\"2026-02-23T11:35:08+00:00\"},{\"@type\":\"Question\",\"@id\":\"https:\/\/www.hautes-alpes.net\/it\/323479-2\/#faq-question-220931\",\"position\":1,\"url\":\"https:\/\/www.hautes-alpes.net\/it\/323479-2\/#faq-question-220931\",\"name\":\"Cosa offre la Hautes-Alpes?\",\"answerCount\":1,\"acceptedAnswer\":{\"@type\":\"Answer\",\"text\":\"\\u003Cp\\u003ELa regione delle Hautes-Alpes offre intrattenimento, degustazioni, cibo e prodotti locali.\\u003C\/p\\u003E\",\"inLanguage\":\"it_IT\"},\"inLanguage\":\"it_IT\"},{\"@type\":\"Question\",\"@id\":\"https:\/\/www.hautes-alpes.net\/it\/323479-2\/#faq-question-163006\",\"position\":2,\"url\":\"https:\/\/www.hautes-alpes.net\/it\/323479-2\/#faq-question-163006\",\"name\":\"Settore turistico\",\"answerCount\":1,\"acceptedAnswer\":{\"@type\":\"Answer\",\"text\":\"\\u003Cp\\u003ESophie Rey\\u003Cbr\\u003E06 15 22 22 33\\u003Cbr\\u003Esophie.rey@hautes-alpes.net\\u003C\/p\\u003E\",\"inLanguage\":\"it_IT\"},\"inLanguage\":\"it_IT\"},{\"@type\":\"Question\",\"@id\":\"https:\/\/www.hautes-alpes.net\/it\/323479-2\/#faq-question-266274\",\"position\":3,\"url\":\"https:\/\/www.hautes-alpes.net\/it\/323479-2\/#faq-question-266274\",\"name\":\"Quando sar\u00e0 presente il dipartimento alla mostra?\",\"answerCount\":1,\"acceptedAnswer\":{\"@type\":\"Answer\",\"text\":\"\\u003Cp\\u003ELa regione Hautes-Alpes sar\u00e0 presente dal 21 febbraio al 1 marzo 2026, ovvero per tutta la durata del Salone.\\u003C\/p\\u003E\",\"inLanguage\":\"it_IT\"},\"inLanguage\":\"it_IT\"}]}\n<\/script>\n<\/div><div class=\"wp-block-ws-library-ws-faq\"><div class=\"faq-categories\"><div class=\"faq-switcher\"><ul class=\"list-switch\"><li data-category-id=\"6485\" class=\"item-switch \">S&#039;installer dans les Hautes-Alpes<\/li><li data-category-id=\"6486\" class=\"item-switch active\">Economie<\/li><\/ul><\/div><div class=\"faq-items \"><div class=\"faq-category\" data-category-id=\"6485\" style=\"display: none;\"><div class=\"faq-items \"><details class=\"faq-item\" name=\"ws-faq\"><summary class=\"faq-question\"><span class=\"icon\"><\/span>Come posso trovare un alloggio nelle Hautes-Alpes?<\/summary><div class=\"faq-answer\"><p>Il mercato immobiliare \u00e8 interessante rispetto alle grandi citt\u00e0 vicine. I residenti possono trovare alloggi nei centri cittadini, ma anche case nei villaggi o in campagna. Alcuni comuni offrono programmi di sostegno ai nuovi arrivati.  <\/p>\n<\/div><\/details><details class=\"faq-item\" name=\"ws-faq\"><summary class=\"faq-question\"><span class=\"icon\"><\/span>Perch\u00e9 stabilirsi e vivere nelle Hautes-Alpes?<\/summary><div class=\"faq-answer\"><p>Le Hautes-Alpes offrono un ambiente di vita eccezionale, che combina natura incontaminata, dinamismo economico e vicinanza alle principali citt\u00e0 (Marsiglia, Grenoble, Torino). La regione combina qualit\u00e0 della vita, un ambiente sano e opportunit\u00e0 di carriera in un&#8217;ampia gamma di settori. <\/p>\n<\/div><\/details><\/div><\/div><div class=\"faq-category\" data-category-id=\"6486\" ><div class=\"faq-items \"><details class=\"faq-item\" name=\"ws-faq\"><summary class=\"faq-question\"><span class=\"icon\"><\/span>Quali sono i settori economici chiave del dipartimento?<\/summary><div class=\"faq-answer\"><p>Il turismo rimane la forza trainante, ma le Hautes-Alpes si distinguono anche per l&#8217;agricoltura di montagna, l&#8217;artigianato, i settori innovativi (aeronautica, energia) e lo sviluppo dell&#8217;economia verde e digitale.<\/p>\n<\/div><\/details><details class=\"faq-item\" name=\"ws-faq\"><summary class=\"faq-question\"><span class=\"icon\"><\/span>Quali sono i programmi che supportano gli imprenditori e i leader di progetto?<\/summary><div class=\"faq-answer\"><p>Le autorit\u00e0 locali e le camere consolari offrono supporto per la creazione, l&#8217;innovazione e il trasferimento di imprese. Ci sono anche incubatori e spazi di coworking in tutta la regione per incoraggiare l&#8217;imprenditoria locale. <\/p>\n<\/div><\/details><\/div><\/div><\/div><\/div><script type=\"application\/ld+json\">\n{\"@context\":\"https:\/\/schema.org\",\"@graph\":[{\"@type\":[\"WebPage\",\"FAQPage\"],\"@id\":\"https:\/\/www.hautes-alpes.net\/it\/323479-2\/\",\"url\":\"https:\/\/www.hautes-alpes.net\/it\/323479-2\/\",\"name\":\"Hautes-Alpes\",\"mainEntity\":[{\"@id\":\"https:\/\/www.hautes-alpes.net\/it\/323479-2\/#faq-question-107427\"},{\"@id\":\"https:\/\/www.hautes-alpes.net\/it\/323479-2\/#faq-question-106934\"},{\"@id\":\"https:\/\/www.hautes-alpes.net\/it\/323479-2\/#faq-question-107431\"},{\"@id\":\"https:\/\/www.hautes-alpes.net\/it\/323479-2\/#faq-question-107421\"}],\"inLanguage\":\"it_IT\",\"datePublished\":\"2026-02-23T10:36:00+00:00\",\"dateModified\":\"2026-02-23T11:35:08+00:00\"},{\"@type\":\"Question\",\"@id\":\"https:\/\/www.hautes-alpes.net\/it\/323479-2\/#faq-question-107427\",\"position\":1,\"url\":\"https:\/\/www.hautes-alpes.net\/it\/323479-2\/#faq-question-107427\",\"name\":\"Come posso trovare un alloggio nelle Hautes-Alpes?\",\"answerCount\":1,\"acceptedAnswer\":{\"@type\":\"Answer\",\"text\":\"\\u003Cp\\u003EIl mercato immobiliare \u00e8 interessante rispetto alle grandi citt\u00e0 vicine. I residenti possono trovare alloggi nei centri cittadini, ma anche case nei villaggi o in campagna. Alcuni comuni offrono programmi di sostegno ai nuovi arrivati.  \\u003C\/p\\u003E\",\"inLanguage\":\"it_IT\"},\"inLanguage\":\"it_IT\"},{\"@type\":\"Question\",\"@id\":\"https:\/\/www.hautes-alpes.net\/it\/323479-2\/#faq-question-106934\",\"position\":2,\"url\":\"https:\/\/www.hautes-alpes.net\/it\/323479-2\/#faq-question-106934\",\"name\":\"Perch\u00e9 stabilirsi e vivere nelle Hautes-Alpes?\",\"answerCount\":1,\"acceptedAnswer\":{\"@type\":\"Answer\",\"text\":\"\\u003Cp\\u003ELe Hautes-Alpes offrono un ambiente di vita eccezionale, che combina natura incontaminata, dinamismo economico e vicinanza alle principali citt\u00e0 (Marsiglia, Grenoble, Torino). La regione combina qualit\u00e0 della vita, un ambiente sano e opportunit\u00e0 di carriera in un'ampia gamma di settori. \\u003C\/p\\u003E\",\"inLanguage\":\"it_IT\"},\"inLanguage\":\"it_IT\"},{\"@type\":\"Question\",\"@id\":\"https:\/\/www.hautes-alpes.net\/it\/323479-2\/#faq-question-107431\",\"position\":3,\"url\":\"https:\/\/www.hautes-alpes.net\/it\/323479-2\/#faq-question-107431\",\"name\":\"Quali sono i settori economici chiave del dipartimento?\",\"answerCount\":1,\"acceptedAnswer\":{\"@type\":\"Answer\",\"text\":\"\\u003Cp\\u003EIl turismo rimane la forza trainante, ma le Hautes-Alpes si distinguono anche per l'agricoltura di montagna, l'artigianato, i settori innovativi (aeronautica, energia) e lo sviluppo dell'economia verde e digitale.\\u003C\/p\\u003E\",\"inLanguage\":\"it_IT\"},\"inLanguage\":\"it_IT\"},{\"@type\":\"Question\",\"@id\":\"https:\/\/www.hautes-alpes.net\/it\/323479-2\/#faq-question-107421\",\"position\":4,\"url\":\"https:\/\/www.hautes-alpes.net\/it\/323479-2\/#faq-question-107421\",\"name\":\"Quali sono i programmi che supportano gli imprenditori e i leader di progetto?\",\"answerCount\":1,\"acceptedAnswer\":{\"@type\":\"Answer\",\"text\":\"\\u003Cp\\u003ELe autorit\u00e0 locali e le camere consolari offrono supporto per la creazione, l'innovazione e il trasferimento di imprese. Ci sono anche incubatori e spazi di coworking in tutta la regione per incoraggiare l'imprenditoria locale. \\u003C\/p\\u003E\",\"inLanguage\":\"it_IT\"},\"inLanguage\":\"it_IT\"}]}\n<\/script>\n<\/div>\n<div class=\"wp-block-ws-library-ws-share\"><span class=\"share-subtitle\">Ti \u00e8 piaciuta questa pagina?<\/span><span class=\"share-title\">Condividilo!<\/span><button class=\"ws-share-button wp-element-button\">Condividi questa pagina<\/button><\/div>\n","protected":false},"excerpt":{"rendered":"","protected":false},"author":1,"featured_media":0,"parent":0,"menu_order":0,"comment_status":"closed","ping_status":"closed","template":"","meta":{"is_dark_mode":false,"footnotes":""},"page_label":[],"class_list":["post-323479","page","type-page","status-publish","hentry"],"yoast_head":"<!-- This site is optimized with the Yoast SEO plugin v27.2 - https:\/\/yoast.com\/product\/yoast-seo-wordpress\/ -->\n<title>- Hautes-Alpes<\/title>\n<meta name=\"description\" content=\"Ti \u00e8 piaciuta questa pagina?Condividilo!Condividi questa pagina\" \/>\n<meta name=\"robots\" content=\"index, follow, max-snippet:-1, max-image-preview:large, max-video-preview:-1\" \/>\n<link rel=\"canonical\" href=\"https:\/\/www.hautes-alpes.net\/it\/323479-2\/\" \/>\n<meta property=\"og:locale\" content=\"it_IT\" \/>\n<meta property=\"og:type\" content=\"article\" \/>\n<meta property=\"og:title\" content=\"- Hautes-Alpes\" \/>\n<meta property=\"og:description\" content=\"Ti \u00e8 piaciuta questa pagina?Condividilo!Condividi questa pagina\" \/>\n<meta property=\"og:url\" content=\"https:\/\/www.hautes-alpes.net\/it\/323479-2\/\" \/>\n<meta property=\"og:site_name\" content=\"Hautes-Alpes\" \/>\n<meta property=\"article:modified_time\" content=\"2026-02-23T11:35:08+00:00\" \/>\n<meta name=\"twitter:card\" content=\"summary_large_image\" \/>\n<script type=\"application\/ld+json\" class=\"yoast-schema-graph\">{\"@context\":\"https:\/\/schema.org\",\"@graph\":[{\"@type\":\"WebPage\",\"@id\":\"https:\/\/www.hautes-alpes.net\/it\/323479-2\/\",\"url\":\"https:\/\/www.hautes-alpes.net\/it\/323479-2\/\",\"name\":\"- Hautes-Alpes\",\"isPartOf\":{\"@id\":\"https:\/\/www.hautes-alpes.net\/it\/#website\"},\"datePublished\":\"2026-02-23T10:36:00+00:00\",\"dateModified\":\"2026-02-23T11:35:08+00:00\",\"description\":\"Ti \u00e8 piaciuta questa pagina?Condividilo!Condividi questa pagina\",\"inLanguage\":\"it-IT\",\"potentialAction\":[{\"@type\":\"ReadAction\",\"target\":[\"https:\/\/www.hautes-alpes.net\/it\/323479-2\/\"]}]},{\"@type\":\"WebSite\",\"@id\":\"https:\/\/www.hautes-alpes.net\/it\/#website\",\"url\":\"https:\/\/www.hautes-alpes.net\/it\/\",\"name\":\"ADDET\",\"description\":\"\",\"publisher\":{\"@id\":\"https:\/\/www.hautes-alpes.net\/it\/#organization\"},\"potentialAction\":[{\"@type\":\"SearchAction\",\"target\":{\"@type\":\"EntryPoint\",\"urlTemplate\":\"https:\/\/www.hautes-alpes.net\/it\/?s={search_term_string}\"},\"query-input\":{\"@type\":\"PropertyValueSpecification\",\"valueRequired\":true,\"valueName\":\"search_term_string\"}}],\"inLanguage\":\"it-IT\"},{\"@type\":\"Organization\",\"@id\":\"https:\/\/www.hautes-alpes.net\/it\/#organization\",\"name\":\"Agence D\u00e9partementale de D\u00e9veloppement Economique et Touristique des Hautes-Alpes\",\"url\":\"https:\/\/www.hautes-alpes.net\/it\/\",\"logo\":{\"@type\":\"ImageObject\",\"inLanguage\":\"it-IT\",\"@id\":\"https:\/\/www.hautes-alpes.net\/it\/#\/schema\/logo\/image\/\",\"url\":\"https:\/\/www.hautes-alpes.net\/wp-content\/uploads\/2026\/01\/black-logo-2.svg\",\"contentUrl\":\"https:\/\/www.hautes-alpes.net\/wp-content\/uploads\/2026\/01\/black-logo-2.svg\",\"caption\":\"Agence D\u00e9partementale de D\u00e9veloppement Economique et Touristique des Hautes-Alpes\"},\"image\":{\"@id\":\"https:\/\/www.hautes-alpes.net\/it\/#\/schema\/logo\/image\/\"}}]}<\/script>\n<!-- \/ Yoast SEO plugin. -->","yoast_head_json":{"title":"- Hautes-Alpes","description":"Ti \u00e8 piaciuta questa pagina?Condividilo!Condividi questa pagina","robots":{"index":"index","follow":"follow","max-snippet":"max-snippet:-1","max-image-preview":"max-image-preview:large","max-video-preview":"max-video-preview:-1"},"canonical":"https:\/\/www.hautes-alpes.net\/it\/323479-2\/","og_locale":"it_IT","og_type":"article","og_title":"- Hautes-Alpes","og_description":"Ti \u00e8 piaciuta questa pagina?Condividilo!Condividi questa pagina","og_url":"https:\/\/www.hautes-alpes.net\/it\/323479-2\/","og_site_name":"Hautes-Alpes","article_modified_time":"2026-02-23T11:35:08+00:00","twitter_card":"summary_large_image","schema":{"@context":"https:\/\/schema.org","@graph":[{"@type":"WebPage","@id":"https:\/\/www.hautes-alpes.net\/it\/323479-2\/","url":"https:\/\/www.hautes-alpes.net\/it\/323479-2\/","name":"- Hautes-Alpes","isPartOf":{"@id":"https:\/\/www.hautes-alpes.net\/it\/#website"},"datePublished":"2026-02-23T10:36:00+00:00","dateModified":"2026-02-23T11:35:08+00:00","description":"Ti \u00e8 piaciuta questa pagina?Condividilo!Condividi questa pagina","inLanguage":"it-IT","potentialAction":[{"@type":"ReadAction","target":["https:\/\/www.hautes-alpes.net\/it\/323479-2\/"]}]},{"@type":"WebSite","@id":"https:\/\/www.hautes-alpes.net\/it\/#website","url":"https:\/\/www.hautes-alpes.net\/it\/","name":"ADDET","description":"","publisher":{"@id":"https:\/\/www.hautes-alpes.net\/it\/#organization"},"potentialAction":[{"@type":"SearchAction","target":{"@type":"EntryPoint","urlTemplate":"https:\/\/www.hautes-alpes.net\/it\/?s={search_term_string}"},"query-input":{"@type":"PropertyValueSpecification","valueRequired":true,"valueName":"search_term_string"}}],"inLanguage":"it-IT"},{"@type":"Organization","@id":"https:\/\/www.hautes-alpes.net\/it\/#organization","name":"Agence D\u00e9partementale de D\u00e9veloppement Economique et Touristique des Hautes-Alpes","url":"https:\/\/www.hautes-alpes.net\/it\/","logo":{"@type":"ImageObject","inLanguage":"it-IT","@id":"https:\/\/www.hautes-alpes.net\/it\/#\/schema\/logo\/image\/","url":"https:\/\/www.hautes-alpes.net\/wp-content\/uploads\/2026\/01\/black-logo-2.svg","contentUrl":"https:\/\/www.hautes-alpes.net\/wp-content\/uploads\/2026\/01\/black-logo-2.svg","caption":"Agence D\u00e9partementale de D\u00e9veloppement Economique et Touristique des Hautes-Alpes"},"image":{"@id":"https:\/\/www.hautes-alpes.net\/it\/#\/schema\/logo\/image\/"}}]}},"_links":{"self":[{"href":"https:\/\/www.hautes-alpes.net\/it\/wp-json\/wp\/v2\/pages\/323479","targetHints":{"allow":["GET"]}}],"collection":[{"href":"https:\/\/www.hautes-alpes.net\/it\/wp-json\/wp\/v2\/pages"}],"about":[{"href":"https:\/\/www.hautes-alpes.net\/it\/wp-json\/wp\/v2\/types\/page"}],"author":[{"embeddable":true,"href":"https:\/\/www.hautes-alpes.net\/it\/wp-json\/wp\/v2\/users\/1"}],"replies":[{"embeddable":true,"href":"https:\/\/www.hautes-alpes.net\/it\/wp-json\/wp\/v2\/comments?post=323479"}],"version-history":[{"count":7,"href":"https:\/\/www.hautes-alpes.net\/it\/wp-json\/wp\/v2\/pages\/323479\/revisions"}],"predecessor-version":[{"id":323567,"href":"https:\/\/www.hautes-alpes.net\/it\/wp-json\/wp\/v2\/pages\/323479\/revisions\/323567"}],"wp:attachment":[{"href":"https:\/\/www.hautes-alpes.net\/it\/wp-json\/wp\/v2\/media?parent=323479"}],"wp:term":[{"taxonomy":"page_label","embeddable":true,"href":"https:\/\/www.hautes-alpes.net\/it\/wp-json\/wp\/v2\/page_label?post=323479"}],"curies":[{"name":"wp","href":"https:\/\/api.w.org\/{rel}","templated":true}]}}