{"id":109839,"date":"2025-11-20T14:56:56","date_gmt":"2025-11-20T13:56:56","guid":{"rendered":"https:\/\/www.hautes-alpes.net\/esperienze-hautes-alpes\/attivita-nordiche\/"},"modified":"2025-12-26T11:24:38","modified_gmt":"2025-12-26T10:24:38","slug":"attivita-nordiche","status":"publish","type":"page","link":"https:\/\/www.hautes-alpes.net\/it\/esperienze-hautes-alpes\/attivita-nordiche\/","title":{"rendered":"Attivit\u00e0 nordiche"},"content":{"rendered":"\n<div class=\"wp-block-group alignfull hero-banner-cover-float has-global-padding is-layout-constrained wp-block-group-is-layout-constrained\"><div class=\"yoast-breadcrumbs\"><span><span><a href=\"https:\/\/www.hautes-alpes.net\/it\/hautes-alpes\/\">Home<\/a><\/span>  <span><a href=\"https:\/\/www.hautes-alpes.net\/it\/esperienze-hautes-alpes\/\">Esperienze - Hautes-Alpes<\/a><\/span>  <span><a href=\"https:\/\/www.hautes-alpes.net\/it\/esperienze-hautes-alpes\/\">Esperienze - Hautes-Alpes<\/a><\/span>  <span class=\"breadcrumb_last\" aria-current=\"page\">Attivit\u00e0 nordiche<\/span><\/span><\/div>\n\n\n<h1 class=\"wp-block-ws-library-post-title\">Attivit\u00e0 nordiche<\/h1>\n\n\n\n<p class=\"subtitle is-style-default\">Inverno <strong>in modalit\u00e0 nordica<\/strong><\/p>\n\n\n\n<p>La neve segna il terreno, la luce scolpisce le cime e il silenzio si stabilisce, rotto solo da una folata di vento o dallo scricchiolio di un passo. Le discipline nordiche, per quanto diverse, offrono sensazioni crude, momenti da vivere e storie da condividere. <\/p>\n\n\n\n<div class=\"wp-block-ws-library-media-embed ws-media-embed\"><img decoding=\"async\" src=\"https:\/\/www.hautes-alpes.net\/wp-content\/uploads\/2025\/11\/rogier-van-rijn-2-2000x1000.jpg\" alt=\"\" class=\"ws-media-embed__image\" style=\"aspect-ratio:2000\/1000\"><\/div>\n<\/div>\n\n<div style=\"height:50px\" aria-hidden=\"true\" class=\"wp-block-spacer\"><\/div>\n\n<div class=\"wp-block-group alignfull step-by-step has-global-padding is-layout-constrained wp-block-group-is-layout-constrained\">\n<div class=\"wp-block-ws-library-ws-columns alignwide has-2-columns are-vertically-aligned-center layout-5050\">\n<div class=\"wp-block-ws-library-ws-column\"><div class=\"wrapper\">\n<h2 class=\"wp-block-heading\"><strong>Quando la neve<\/strong><br\/>si trasforma in un campo di gestazioni<\/h2>\n\n\n\n<p>Sulle piste da sci di fondo, ogni scivolata \u00e8 mozzafiato e rilassante. La foresta si apre in radure immacolate, gli altipiani offrono la loro immensit\u00e0 e il tempo si dilata. <strong>Il biathlon<\/strong> aggiunge a questo viaggio l&#8217;intensit\u00e0 di un contrasto: il cuore che batte all&#8217;impazzata, poi il silenzio assoluto di un obiettivo. Negli stadi e nei siti eccezionali delle <strong>Hautes-Alpes<\/strong>, la precisione incontra lo slancio e lo sforzo.   <\/p>\n<\/div><\/div>\n\n\n\n<div class=\"wp-block-ws-library-ws-column\"><div class=\"wrapper\">\n<div class=\"wp-block-ws-library-ws-image\"><div class=\"wrapper\"><div class=\"group-media\"><img decoding=\"async\" src=\"https:\/\/www.hautes-alpes.net\/wp-content\/uploads\/2025\/11\/nordique-w-cedric-ot-le-devoluy-gontran-isnard-9-copie-1-1240x800.jpg\" alt=\"\" class=\"single_image ws-image-57965\"><div class=\"credits\">G. Isnard<\/div><\/div><p class=\"caption\"><\/p><\/div><\/div>\n<\/div><\/div>\n<\/div>\n\n\n\n<div class=\"wp-block-ws-library-ws-columns alignwide has-2-columns are-vertically-aligned-center layout-5050\">\n<div class=\"wp-block-ws-library-ws-column\"><div class=\"wrapper\">\n<h2 class=\"wp-block-heading\"><strong>I passi<br\/><\/strong>del silenzio<\/h2>\n\n\n\n<p>Ogni passo che fai con le racchette da neve \u00e8 come un&#8217;<strong>esplorazione<\/strong>. La neve scricchiola dolcemente, i rami si piegano sotto il gelo e l&#8217;orizzonte si svela lentamente. \u00c8 una camminata paziente, quasi meditativa, che conduce agli angoli segreti della montagna. L&#8217;inverno si rivela nei suoi dettagli pi\u00f9 fragili: un soffio gelido, un&#8217;impronta di animale, un raggio di sole che filtra attraverso gli alberi.   <\/p>\n<\/div><\/div>\n\n\n\n<div class=\"wp-block-ws-library-ws-column\"><div class=\"wrapper\">\n<div class=\"wp-block-ws-library-ws-image\"><div class=\"wrapper\"><div class=\"group-media\"><img decoding=\"async\" src=\"https:\/\/www.hautes-alpes.net\/wp-content\/uploads\/2025\/11\/ailefroide-ailechaude-27-1240x800.jpg\" alt=\"\" class=\"single_image ws-image-57959\"><div class=\"credits\">T. Blais<\/div><\/div><p class=\"caption\"><\/p><\/div><\/div>\n<\/div><\/div>\n<\/div>\n\n\n\n<div class=\"wp-block-ws-library-ws-columns alignwide has-2-columns are-vertically-aligned-center layout-5050\">\n<div class=\"wp-block-ws-library-ws-column\"><div class=\"wrapper\">\n<h2 class=\"wp-block-heading\"><strong>La chiamata <br\/><\/strong>dal profondo Sud<\/h2>\n\n\n\n<p>Quando la squadra parte, tutto cambia. Il terreno vibra, il vento fischia, i latrati si fondono con il ritmo regolare della corsa. Gli occhi dei <strong>cani <\/strong>guidano il percorso, l&#8217;istinto detta la velocit\u00e0. \u00c8 una parentesi senza tempo, in cui condividiamo la forza animale e l&#8217;energia grezza dei grandi spazi innevati.   <\/p>\n<\/div><\/div>\n\n\n\n<div class=\"wp-block-ws-library-ws-column\"><div class=\"wrapper\">\n<div class=\"wp-block-ws-library-ws-image\"><div class=\"wrapper\"><div class=\"group-media\"><img decoding=\"async\" src=\"https:\/\/www.hautes-alpes.net\/wp-content\/uploads\/2025\/12\/vars-chiens-de-traineaux-credit-photo-tim-arnold-4-1240x800.jpg\" alt=\"\" class=\"single_image ws-image-116925\"><div class=\"credits\">Ufficio del Turismo di Vars<\/div><\/div><p class=\"caption\"><\/p><\/div><\/div>\n<\/div><\/div>\n<\/div>\n<\/div>\n\n<div style=\"height:50px\" aria-hidden=\"true\" class=\"wp-block-spacer\"><\/div>\n\n<div class=\"wp-block-ws-library-ws-video is-style-animated-content\"><div class=\"wrapper\"><div class=\"group-media\">\n<figure class=\"wp-block-video video-block\"><video playsinline height=\"1080\" style=\"aspect-ratio: 1920 \/ 1080;\" width=\"1920\" autoplay=\"\" loop=\"\" muted=\"\" src=\"https:\/\/www.hautes-alpes.net\/wp-content\/uploads\/2025\/11\/ski-de-fond-cervieres.mp4\"><\/video><figcaption class=\"wp-element-caption\">Sci di fondo a <strong>Cervi\u00e8res<\/strong><\/figcaption><\/figure>\n<\/div><\/div><\/div>\n\n<div style=\"height:50px\" aria-hidden=\"true\" class=\"wp-block-spacer\"><\/div>\n\n<h2 class=\"wp-block-heading is-style-title-1\">Punti salienti <strong>delle attivit\u00e0 nordiche<\/strong><\/h2>\n\n<div class=\"wp-block-group alignwide list-nodetails is-content-justification-center is-layout-flex wp-container-core-group-is-layout-94ea2d6b wp-block-group-is-layout-flex\">\n<div class=\"wp-block-group has-global-padding is-layout-constrained wp-block-group-is-layout-constrained\">\n<div class=\"wp-block-ws-library-ws-image is-style-simple\"><div class=\"wrapper\"><div class=\"group-media\"><img decoding=\"async\" src=\"https:\/\/www.hautes-alpes.net\/wp-content\/uploads\/2025\/12\/arvieux-cedric-tempier-12-1240x800.jpg\" alt=\"\" class=\"single_image ws-image-130701\"><div class=\"credits\">AD05 - C.Tempier<\/div><\/div><p class=\"caption\"><\/p><\/div><\/div>\n\n\n\n<h3 class=\"wp-block-heading\"><em>Nordic<br\/><\/em>La Grande travers\u00e9e du Queyras<\/h3>\n\n\n\n<p>Scarpe ben salde, fiato corto e guance rosee per l&#8217;aria frizzante: la Grande Travers\u00e9e du Queyras \u00e8 l&#8217;appuntamento nordico che scalda le cosce e fa brillare gli occhi.<\/p>\n<\/div>\n\n\n\n<div class=\"wp-block-group has-global-padding is-layout-constrained wp-block-group-is-layout-constrained\">\n<div class=\"wp-block-ws-library-ws-image is-style-simple\"><div class=\"wrapper\"><div class=\"group-media\"><img decoding=\"async\" src=\"https:\/\/www.hautes-alpes.net\/wp-content\/uploads\/2025\/12\/kina-photo-31-1240x800.jpg\" alt=\"\" class=\"single_image ws-image-130718\"><div class=\"credits\">Kina Photo<\/div><\/div><p class=\"caption\"><\/p><\/div><\/div>\n\n\n\n<h3 class=\"wp-block-heading\"><em>Nordique<br\/><\/em>La Trafanelle<\/h3>\n\n\n\n<p>Con una sfida a tempo e uno spirito festoso, le persone vengono alla Trafanelle per mettere alla prova le loro cosce sulle piste di fondo di Les Gourniers, fare il tifo per gli amici lungo il percorso e condividere un meritato drink dopo.<\/p>\n<\/div>\n\n\n\n<div class=\"wp-block-group has-global-padding is-layout-constrained wp-block-group-is-layout-constrained\">\n<div class=\"wp-block-ws-library-ws-image is-style-simple\"><div class=\"wrapper\"><div class=\"group-media\"><img decoding=\"async\" src=\"https:\/\/www.hautes-alpes.net\/wp-content\/uploads\/2025\/12\/488911847-1095025746002112-7811969898021887339-n-e1766486906591-992x640.jpg\" alt=\"\" class=\"single_image ws-image-130702\"><div class=\"credits\">Grand B\u00e9al - OT Guillestrois Queyras<\/div><\/div><p class=\"caption\"><\/p><\/div><\/div>\n\n\n\n<h3 class=\"wp-block-heading\"><em>Sentieri<br\/><\/em>Sentieri di neve<\/h3>\n\n\n\n<p>Nelle Hautes-Alpes, l&#8217;inverno pu\u00f2 essere vissuto anche in modalit\u00e0 trail: molte stazioni sciistiche offrono un grande programma di percorsi invernali, con panorami alpini, percorsi vari e un&#8217;atmosfera sportiva nel cuore della neve. Non ti resta che scegliere quello che fa per te! <\/p>\n<\/div>\n<\/div>\n\n<div style=\"height:50px\" aria-hidden=\"true\" class=\"wp-block-spacer\"><\/div>\n\n<h2 class=\"wp-block-heading is-style-title-1\">Quaderno <strong>pratico<\/strong><\/h2>\n\n<div class=\"wp-block-ws-library-ws-tabs alignfull\"><ul class=\"tabs-titles\"><li class=\"tab-title is-active\" data-tab-index=\"0\">Come attrezzarsi<\/li><li class=\"tab-title\" data-tab-index=\"1\">Sicurezza e buona guida  <\/li><\/ul><div class=\"tabs-list\">\n<div class=\"wp-block-ws-library-ws-tab\" style=\"display:none\"><p class=\"tab-title\">Come attrezzarsi<\/p><div class=\"tab-content\">\n<div class=\"wp-block-group tab-row is-nowrap is-layout-flex wp-container-core-group-is-layout-6c531013 wp-block-group-is-layout-flex\">\n<div class=\"wp-block-group tab-group-content is-layout-flow wp-block-group-is-layout-flow\">\n<p class=\"is-style-highlighted\">Indossare gli sci da fondo o partire con le racchette da neve nelle <strong>Hautes-Alpes<\/strong> \u00e8 un po&#8217; come aprire un regalo. Le montagne ti offrono i loro paesaggi immacolati&#8230; ma ti ricordano anche che questo non \u00e8 un parco giochi senza regole. Quindi, prima di affrontare la neve come una capra, ecco alcuni semplici punti di riferimento che ti aiuteranno a sfruttarla al meglio senza (brutte) sorprese:  <\/p>\n\n\n\n<p><strong>Equipaggiati, ma non travestirti.<br\/><\/strong>S\u00ec, un cappello con pompon \u00e8 sempre una buona idea. Ma non dimenticare i guanti, gli occhiali e gli strati traspiranti: il tempo ama cambiare le sue abitudini in altitudine. <\/p>\n\n\n\n<p><strong>Metti in valigia un piccolo kit intelligente.<br\/><\/strong>Acqua (s\u00ec, anche quando fa freddo ci si disidrata), uno snack di emergenza e, perch\u00e9 no, un telefono carico. Non si chiamano le marmotte in caso di emergenza. <\/p>\n<\/div>\n<\/div>\n<\/div><\/div>\n\n\n\n<div class=\"wp-block-ws-library-ws-tab\" style=\"display:none\"><p class=\"tab-title\">Sicurezza e buona guida  <\/p><div class=\"tab-content\">\n<div class=\"wp-block-group tab-row is-nowrap is-layout-flex wp-container-core-group-is-layout-6c531013 wp-block-group-is-layout-flex\">\n<div class=\"wp-block-group tab-group-content is-layout-flow wp-block-group-is-layout-flow\">\n<p><strong>Rispetta le piste e gli altri.<br\/><\/strong>Lo sci nordico \u00e8 come la strada: ci sono &#8221;corsie preferenziali&#8221; (le piste) e &#8221;autostrade&#8221; (il pattinaggio). Tieni la destra, annuncia quando stai per sorpassare (basta un piccolo &#8221;a sinistra!&#8221;) ed evita di fermarti nel mezzo. <\/p>\n\n\n\n<p><strong>Conosci i tuoi limiti.<br\/><\/strong>Tutti vogliamo fare &#8221;un altro giro&#8221;&#8230; fino a quando le nostre cosce non gridano piet\u00e0. Ascoltale prima di trasformare la tua uscita in un incubo. <\/p>\n\n\n\n<p class=\"is-style-highlighted\"><strong>Rispettare Madre Natura.  <br\/><\/strong>Rimani sui percorsi segnalati: \u00e8 bello fuori, ma \u00e8 fragile e a volte pericoloso. E tieni i tuoi rifiuti nello zaino, in modo che il prossimo trovi la montagna bella quanto te. Un po&#8217; di buon senso, un pizzico di cortesia e il piacere di scivolare sar\u00e0 intatto.  <\/p>\n<\/div>\n<\/div>\n<\/div><\/div>\n<\/div><\/div>\n\n<div style=\"height:100px\" aria-hidden=\"true\" class=\"wp-block-spacer\"><\/div>\n\n<hr class=\"wp-block-separator has-alpha-channel-opacity is-style-default\"\/>\n\n<h2 class=\"wp-block-heading is-style-title-1\"><strong>Vedi anche<\/strong><\/h2>\n\n<div class=\"wp-block-group alignwide list-nodetails is-content-justification-center is-layout-flex wp-container-core-group-is-layout-94ea2d6b wp-block-group-is-layout-flex\">\n<div class=\"wp-block-group has-global-padding is-layout-constrained wp-block-group-is-layout-constrained\">\n<div class=\"wp-block-ws-library-ws-image is-style-simple\"><div class=\"wrapper\"><div class=\"group-media\"><img decoding=\"async\" src=\"https:\/\/www.hautes-alpes.net\/wp-content\/uploads\/2025\/11\/thibautblais-serre-chevalier-1240x800.jpg\" alt=\"\" class=\"single_image ws-image-60665\"><div class=\"credits\">T. Blais<\/div><\/div><p class=\"caption\"><\/p><\/div><\/div>\n\n\n\n<h3 class=\"wp-block-heading is-style-title-2\"><em>Esperienze<br\/><\/em>Ski<\/h3>\n\n\n\n<div class=\"wp-block-buttons is-layout-flex wp-block-buttons-is-layout-flex\">\n<div class=\"wp-block-button\"><a class=\"wp-block-button__link wp-element-button\" href=\"https:\/\/www.hautes-alpes.net\/it\/esperienze-hautes-alpes\/sci\/\">Vedi<\/a><\/div>\n<\/div>\n<\/div>\n\n\n\n<div class=\"wp-block-group has-global-padding is-layout-constrained wp-block-group-is-layout-constrained\">\n<div class=\"wp-block-ws-library-ws-image is-style-simple\"><div class=\"wrapper\"><div class=\"group-media\"><img decoding=\"async\" src=\"https:\/\/www.hautes-alpes.net\/wp-content\/uploads\/2025\/12\/jeux-deuteu-jeux-dhiver-ceuagencekros-remifabregue-17-scaled-e1764766368219-1240x800.jpg\" alt=\"\" class=\"single_image ws-image-91994\"><div class=\"credits\">R. Fabregue<\/div><\/div><p class=\"caption\"><\/p><\/div><\/div>\n\n\n\n<h3 class=\"wp-block-heading is-style-title-2\"><em>IconicGiochi invernali<\/em>, giochi estivi<\/h3>\n\n\n\n<div class=\"wp-block-buttons is-layout-flex wp-block-buttons-is-layout-flex\">\n<div class=\"wp-block-button\"><a class=\"wp-block-button__link wp-element-button\" href=\"https:\/\/www.hautes-alpes.net\/it\/iconico\/giochi-invernali-giochi-estivi\/\">Vedi<\/a><\/div>\n<\/div>\n<\/div>\n<\/div>\n\n<div class=\"wp-block-ws-library-ws-share\"><span class=\"share-subtitle\">Ti \u00e8 piaciuta questa pagina?<\/span><span class=\"share-title\">Condividilo!<\/span><button class=\"ws-share-button wp-element-button\">Condividi questa pagina<\/button><\/div>\n","protected":false},"excerpt":{"rendered":"<p>Inverno in modalit\u00e0 nordica La neve segna il terreno, la luce scolpisce le cime e il silenzio si stabilisce, rotto [&hellip;]<\/p>\n","protected":false},"author":8,"featured_media":0,"parent":104667,"menu_order":0,"comment_status":"closed","ping_status":"closed","template":"","meta":{"is_dark_mode":true,"footnotes":""},"page_label":[],"class_list":["post-109839","page","type-page","status-publish","hentry"],"yoast_head":"<!-- This site is optimized with the Yoast SEO plugin v27.2 - https:\/\/yoast.com\/product\/yoast-seo-wordpress\/ -->\n<title>Attivit\u00e0 nordiche - Hautes-Alpes<\/title>\n<meta name=\"description\" content=\"Attivit\u00e0 nordiche Inverno in modalit\u00e0 nordica La neve segna il terreno, la luce scolpisce le cime e il silenzio si stabilisce, rotto solo da una folata di\" \/>\n<meta name=\"robots\" content=\"index, follow, max-snippet:-1, max-image-preview:large, max-video-preview:-1\" \/>\n<link rel=\"canonical\" href=\"https:\/\/www.hautes-alpes.net\/it\/esperienze-hautes-alpes\/attivita-nordiche\/\" \/>\n<meta property=\"og:locale\" content=\"it_IT\" \/>\n<meta property=\"og:type\" content=\"article\" \/>\n<meta property=\"og:title\" content=\"Attivit\u00e0 nordiche - Hautes-Alpes\" \/>\n<meta property=\"og:description\" content=\"Attivit\u00e0 nordiche Inverno in modalit\u00e0 nordica La neve segna il terreno, la luce scolpisce le cime e il silenzio si stabilisce, rotto solo da una folata di\" \/>\n<meta property=\"og:url\" content=\"https:\/\/www.hautes-alpes.net\/it\/esperienze-hautes-alpes\/attivita-nordiche\/\" \/>\n<meta property=\"og:site_name\" content=\"Hautes-Alpes\" \/>\n<meta property=\"article:modified_time\" content=\"2025-12-26T10:24:38+00:00\" \/>\n<meta property=\"og:image\" content=\"https:\/\/www.hautes-alpes.net\/wp-content\/uploads\/2025\/11\/rogier-van-rijn-2-2000x1000.jpg\" \/>\n<meta name=\"twitter:card\" content=\"summary_large_image\" \/>\n<meta name=\"twitter:label1\" content=\"Tempo di lettura stimato\" \/>\n\t<meta name=\"twitter:data1\" content=\"3 minuti\" \/>\n<script type=\"application\/ld+json\" class=\"yoast-schema-graph\">{\"@context\":\"https:\/\/schema.org\",\"@graph\":[{\"@type\":\"WebPage\",\"@id\":\"https:\/\/www.hautes-alpes.net\/it\/esperienze-hautes-alpes\/attivita-nordiche\/\",\"url\":\"https:\/\/www.hautes-alpes.net\/it\/esperienze-hautes-alpes\/attivita-nordiche\/\",\"name\":\"Attivit\u00e0 nordiche - Hautes-Alpes\",\"isPartOf\":{\"@id\":\"https:\/\/www.hautes-alpes.net\/it\/#website\"},\"primaryImageOfPage\":{\"@id\":\"https:\/\/www.hautes-alpes.net\/it\/esperienze-hautes-alpes\/attivita-nordiche\/#primaryimage\"},\"image\":{\"@id\":\"https:\/\/www.hautes-alpes.net\/it\/esperienze-hautes-alpes\/attivita-nordiche\/#primaryimage\"},\"thumbnailUrl\":\"https:\/\/www.hautes-alpes.net\/wp-content\/uploads\/2025\/11\/rogier-van-rijn-2-2000x1000.jpg\",\"datePublished\":\"2025-11-20T13:56:56+00:00\",\"dateModified\":\"2025-12-26T10:24:38+00:00\",\"description\":\"Attivit\u00e0 nordiche Inverno in modalit\u00e0 nordica La neve segna il terreno, la luce scolpisce le cime e il silenzio si stabilisce, rotto solo da una folata di\",\"breadcrumb\":{\"@id\":\"https:\/\/www.hautes-alpes.net\/it\/esperienze-hautes-alpes\/attivita-nordiche\/#breadcrumb\"},\"inLanguage\":\"it-IT\",\"potentialAction\":[{\"@type\":\"ReadAction\",\"target\":[\"https:\/\/www.hautes-alpes.net\/it\/esperienze-hautes-alpes\/attivita-nordiche\/\"]}]},{\"@type\":\"ImageObject\",\"inLanguage\":\"it-IT\",\"@id\":\"https:\/\/www.hautes-alpes.net\/it\/esperienze-hautes-alpes\/attivita-nordiche\/#primaryimage\",\"url\":\"https:\/\/www.hautes-alpes.net\/wp-content\/uploads\/2025\/11\/rogier-van-rijn-2-2000x1000.jpg\",\"contentUrl\":\"https:\/\/www.hautes-alpes.net\/wp-content\/uploads\/2025\/11\/rogier-van-rijn-2-2000x1000.jpg\"},{\"@type\":\"BreadcrumbList\",\"@id\":\"https:\/\/www.hautes-alpes.net\/it\/esperienze-hautes-alpes\/attivita-nordiche\/#breadcrumb\",\"itemListElement\":[{\"@type\":\"ListItem\",\"position\":1,\"name\":\"Home\",\"item\":\"https:\/\/www.hautes-alpes.net\/it\/hautes-alpes\/\"},{\"@type\":\"ListItem\",\"position\":2,\"name\":\"Esperienze - Hautes-Alpes\",\"item\":\"https:\/\/www.hautes-alpes.net\/it\/esperienze-hautes-alpes\/\"},{\"@type\":\"ListItem\",\"position\":3,\"name\":\"Esperienze - Hautes-Alpes\",\"item\":\"https:\/\/www.hautes-alpes.net\/it\/esperienze-hautes-alpes\/\"},{\"@type\":\"ListItem\",\"position\":4,\"name\":\"Attivit\u00e0 nordiche\"}]},{\"@type\":\"WebSite\",\"@id\":\"https:\/\/www.hautes-alpes.net\/it\/#website\",\"url\":\"https:\/\/www.hautes-alpes.net\/it\/\",\"name\":\"ADDET\",\"description\":\"\",\"publisher\":{\"@id\":\"https:\/\/www.hautes-alpes.net\/it\/#organization\"},\"potentialAction\":[{\"@type\":\"SearchAction\",\"target\":{\"@type\":\"EntryPoint\",\"urlTemplate\":\"https:\/\/www.hautes-alpes.net\/it\/?s={search_term_string}\"},\"query-input\":{\"@type\":\"PropertyValueSpecification\",\"valueRequired\":true,\"valueName\":\"search_term_string\"}}],\"inLanguage\":\"it-IT\"},{\"@type\":\"Organization\",\"@id\":\"https:\/\/www.hautes-alpes.net\/it\/#organization\",\"name\":\"Agence D\u00e9partementale de D\u00e9veloppement Economique et Touristique des Hautes-Alpes\",\"url\":\"https:\/\/www.hautes-alpes.net\/it\/\",\"logo\":{\"@type\":\"ImageObject\",\"inLanguage\":\"it-IT\",\"@id\":\"https:\/\/www.hautes-alpes.net\/it\/#\/schema\/logo\/image\/\",\"url\":\"https:\/\/www.hautes-alpes.net\/wp-content\/uploads\/2026\/01\/black-logo-2.svg\",\"contentUrl\":\"https:\/\/www.hautes-alpes.net\/wp-content\/uploads\/2026\/01\/black-logo-2.svg\",\"caption\":\"Agence D\u00e9partementale de D\u00e9veloppement Economique et Touristique des Hautes-Alpes\"},\"image\":{\"@id\":\"https:\/\/www.hautes-alpes.net\/it\/#\/schema\/logo\/image\/\"}}]}<\/script>\n<!-- \/ Yoast SEO plugin. -->","yoast_head_json":{"title":"Attivit\u00e0 nordiche - Hautes-Alpes","description":"Attivit\u00e0 nordiche Inverno in modalit\u00e0 nordica La neve segna il terreno, la luce scolpisce le cime e il silenzio si stabilisce, rotto solo da una folata di","robots":{"index":"index","follow":"follow","max-snippet":"max-snippet:-1","max-image-preview":"max-image-preview:large","max-video-preview":"max-video-preview:-1"},"canonical":"https:\/\/www.hautes-alpes.net\/it\/esperienze-hautes-alpes\/attivita-nordiche\/","og_locale":"it_IT","og_type":"article","og_title":"Attivit\u00e0 nordiche - Hautes-Alpes","og_description":"Attivit\u00e0 nordiche Inverno in modalit\u00e0 nordica La neve segna il terreno, la luce scolpisce le cime e il silenzio si stabilisce, rotto solo da una folata di","og_url":"https:\/\/www.hautes-alpes.net\/it\/esperienze-hautes-alpes\/attivita-nordiche\/","og_site_name":"Hautes-Alpes","article_modified_time":"2025-12-26T10:24:38+00:00","og_image":[{"url":"https:\/\/www.hautes-alpes.net\/wp-content\/uploads\/2025\/11\/rogier-van-rijn-2-2000x1000.jpg","type":"","width":"","height":""}],"twitter_card":"summary_large_image","twitter_misc":{"Tempo di lettura stimato":"3 minuti"},"schema":{"@context":"https:\/\/schema.org","@graph":[{"@type":"WebPage","@id":"https:\/\/www.hautes-alpes.net\/it\/esperienze-hautes-alpes\/attivita-nordiche\/","url":"https:\/\/www.hautes-alpes.net\/it\/esperienze-hautes-alpes\/attivita-nordiche\/","name":"Attivit\u00e0 nordiche - Hautes-Alpes","isPartOf":{"@id":"https:\/\/www.hautes-alpes.net\/it\/#website"},"primaryImageOfPage":{"@id":"https:\/\/www.hautes-alpes.net\/it\/esperienze-hautes-alpes\/attivita-nordiche\/#primaryimage"},"image":{"@id":"https:\/\/www.hautes-alpes.net\/it\/esperienze-hautes-alpes\/attivita-nordiche\/#primaryimage"},"thumbnailUrl":"https:\/\/www.hautes-alpes.net\/wp-content\/uploads\/2025\/11\/rogier-van-rijn-2-2000x1000.jpg","datePublished":"2025-11-20T13:56:56+00:00","dateModified":"2025-12-26T10:24:38+00:00","description":"Attivit\u00e0 nordiche Inverno in modalit\u00e0 nordica La neve segna il terreno, la luce scolpisce le cime e il silenzio si stabilisce, rotto solo da una folata di","breadcrumb":{"@id":"https:\/\/www.hautes-alpes.net\/it\/esperienze-hautes-alpes\/attivita-nordiche\/#breadcrumb"},"inLanguage":"it-IT","potentialAction":[{"@type":"ReadAction","target":["https:\/\/www.hautes-alpes.net\/it\/esperienze-hautes-alpes\/attivita-nordiche\/"]}]},{"@type":"ImageObject","inLanguage":"it-IT","@id":"https:\/\/www.hautes-alpes.net\/it\/esperienze-hautes-alpes\/attivita-nordiche\/#primaryimage","url":"https:\/\/www.hautes-alpes.net\/wp-content\/uploads\/2025\/11\/rogier-van-rijn-2-2000x1000.jpg","contentUrl":"https:\/\/www.hautes-alpes.net\/wp-content\/uploads\/2025\/11\/rogier-van-rijn-2-2000x1000.jpg"},{"@type":"BreadcrumbList","@id":"https:\/\/www.hautes-alpes.net\/it\/esperienze-hautes-alpes\/attivita-nordiche\/#breadcrumb","itemListElement":[{"@type":"ListItem","position":1,"name":"Home","item":"https:\/\/www.hautes-alpes.net\/it\/hautes-alpes\/"},{"@type":"ListItem","position":2,"name":"Esperienze - Hautes-Alpes","item":"https:\/\/www.hautes-alpes.net\/it\/esperienze-hautes-alpes\/"},{"@type":"ListItem","position":3,"name":"Esperienze - Hautes-Alpes","item":"https:\/\/www.hautes-alpes.net\/it\/esperienze-hautes-alpes\/"},{"@type":"ListItem","position":4,"name":"Attivit\u00e0 nordiche"}]},{"@type":"WebSite","@id":"https:\/\/www.hautes-alpes.net\/it\/#website","url":"https:\/\/www.hautes-alpes.net\/it\/","name":"ADDET","description":"","publisher":{"@id":"https:\/\/www.hautes-alpes.net\/it\/#organization"},"potentialAction":[{"@type":"SearchAction","target":{"@type":"EntryPoint","urlTemplate":"https:\/\/www.hautes-alpes.net\/it\/?s={search_term_string}"},"query-input":{"@type":"PropertyValueSpecification","valueRequired":true,"valueName":"search_term_string"}}],"inLanguage":"it-IT"},{"@type":"Organization","@id":"https:\/\/www.hautes-alpes.net\/it\/#organization","name":"Agence D\u00e9partementale de D\u00e9veloppement Economique et Touristique des Hautes-Alpes","url":"https:\/\/www.hautes-alpes.net\/it\/","logo":{"@type":"ImageObject","inLanguage":"it-IT","@id":"https:\/\/www.hautes-alpes.net\/it\/#\/schema\/logo\/image\/","url":"https:\/\/www.hautes-alpes.net\/wp-content\/uploads\/2026\/01\/black-logo-2.svg","contentUrl":"https:\/\/www.hautes-alpes.net\/wp-content\/uploads\/2026\/01\/black-logo-2.svg","caption":"Agence D\u00e9partementale de D\u00e9veloppement Economique et Touristique des Hautes-Alpes"},"image":{"@id":"https:\/\/www.hautes-alpes.net\/it\/#\/schema\/logo\/image\/"}}]}},"_links":{"self":[{"href":"https:\/\/www.hautes-alpes.net\/it\/wp-json\/wp\/v2\/pages\/109839","targetHints":{"allow":["GET"]}}],"collection":[{"href":"https:\/\/www.hautes-alpes.net\/it\/wp-json\/wp\/v2\/pages"}],"about":[{"href":"https:\/\/www.hautes-alpes.net\/it\/wp-json\/wp\/v2\/types\/page"}],"author":[{"embeddable":true,"href":"https:\/\/www.hautes-alpes.net\/it\/wp-json\/wp\/v2\/users\/8"}],"replies":[{"embeddable":true,"href":"https:\/\/www.hautes-alpes.net\/it\/wp-json\/wp\/v2\/comments?post=109839"}],"version-history":[{"count":10,"href":"https:\/\/www.hautes-alpes.net\/it\/wp-json\/wp\/v2\/pages\/109839\/revisions"}],"predecessor-version":[{"id":136860,"href":"https:\/\/www.hautes-alpes.net\/it\/wp-json\/wp\/v2\/pages\/109839\/revisions\/136860"}],"up":[{"embeddable":true,"href":"https:\/\/www.hautes-alpes.net\/it\/wp-json\/wp\/v2\/pages\/104667"}],"wp:attachment":[{"href":"https:\/\/www.hautes-alpes.net\/it\/wp-json\/wp\/v2\/media?parent=109839"}],"wp:term":[{"taxonomy":"page_label","embeddable":true,"href":"https:\/\/www.hautes-alpes.net\/it\/wp-json\/wp\/v2\/page_label?post=109839"}],"curies":[{"name":"wp","href":"https:\/\/api.w.org\/{rel}","templated":true}]}}