{"id":109553,"date":"2025-11-24T16:56:29","date_gmt":"2025-11-24T15:56:29","guid":{"rendered":"https:\/\/www.hautes-alpes.net\/lagenzia-per-lo-sviluppo\/espace-pro\/ufficio-ricevimento-riprese\/"},"modified":"2025-12-24T14:16:47","modified_gmt":"2025-12-24T13:16:47","slug":"ufficio-ricevimento-riprese","status":"publish","type":"page","link":"https:\/\/www.hautes-alpes.net\/it\/lagenzia-per-lo-sviluppo\/espace-pro\/ufficio-ricevimento-riprese\/","title":{"rendered":"Ufficio ricevimento riprese"},"content":{"rendered":"\n<div class=\"wp-block-group alignfull hero-banner-simple has-global-padding is-layout-constrained wp-block-group-is-layout-constrained\"><div class=\"yoast-breadcrumbs\"><span><span><a href=\"https:\/\/www.hautes-alpes.net\/it\/hautes-alpes\/\">Accueil<\/a><\/span>  <span><a href=\"https:\/\/www.hautes-alpes.net\/it\/lagenzia-per-lo-sviluppo\/espace-pro\/\">Espace pro<\/a><\/span>  <span><a href=\"https:\/\/www.hautes-alpes.net\/it\/lagenzia-per-lo-sviluppo\/\">L&rsquo;Agenzia per lo sviluppo<\/a><\/span>  <span><a href=\"https:\/\/www.hautes-alpes.net\/it\/lagenzia-per-lo-sviluppo\/espace-pro\/\">Espace pro<\/a><\/span>  <span class=\"breadcrumb_last\" aria-current=\"page\">Ufficio ricevimento riprese<\/span><\/span><\/div>\n\n\n<h1 class=\"wp-block-ws-library-post-title\">Ufficio ricevimento riprese<\/h1>\n\n\n\n<p class=\"subtitle\">E&#8217; iniziato!<\/p>\n\n\n\n<p>Marion Cotillard in Haute-Romanche e B\u00e9atrice Dalle in Embrunais, senza dimenticare Samuel Le Bihan per la serie televisiva di successo &#8221;Alex Hugo&#8221; in Brian\u00e7onnais. Ogni anno, nelle Alpi del Sud si svolgono oltre 300 giorni di riprese (lungometraggi, cortometraggi, film TV, documentari, serie TV e pubblicit\u00e0). <\/p>\n<\/div>\n\n<div style=\"height:50px\" aria-hidden=\"true\" class=\"wp-block-spacer\"><\/div>\n\n<h2 class=\"wp-block-heading is-style-title-1\">Ospitare riprese cinematografiche, <br\/><strong>\u00e8 un fattore chiave per attirare talenti<\/strong><\/h2>\n\n<p>Con un <strong>indotto economico<\/strong> stimato in <strong>200 milioni di euro<\/strong> all&#8217;anno, le Alpi del Sud sono la seconda regione francese pi\u00f9 popolare per le riprese cinematografiche, dopo l&#8217;Ile de France, con 5.000 giorni di riprese all&#8217;anno. Da diversi anni le Alpi del Sud cercano di sfruttare al meglio questa situazione, attirando produzioni televisive e cinematografiche alla ricerca di ambientazioni nuove, originali e persino inedite e di ampi spazi aperti tra le alte montagne e l&#8217;Alta Provenza. Le nostre destinazioni montane attirano sempre pi\u00f9 produzioni audiovisive.  <\/p>\n\n<div style=\"height:50px\" aria-hidden=\"true\" class=\"wp-block-spacer\"><\/div>\n\n<h2 class=\"wp-block-heading is-style-title-1\">Un rel\u00e8 locale <strong>per le produzioni audiovisive<\/strong><\/h2>\n\n<div class=\"wp-block-ws-library-ws-columns has-2-columns are-vertically-aligned-center layout-5050\">\n<div class=\"wp-block-ws-library-ws-column\"><div class=\"wrapper\">\n<div class=\"wp-block-ws-library-ws-image\"><div class=\"wrapper\"><div class=\"group-media\"><img decoding=\"async\" src=\"https:\/\/www.hautes-alpes.net\/wp-content\/uploads\/2025\/11\/tournage-laurent-dans-le-vent-les-orres-decembre-2024-patrick-domeyne-5-1240x800.jpg\" alt=\"\" class=\"single_image ws-image-77690\"><div class=\"credits\">P. Domeyne - AD05<\/div><\/div><p class=\"caption\"><\/p><\/div><\/div>\n<\/div><\/div>\n\n\n\n<div class=\"wp-block-ws-library-ws-column\"><div class=\"wrapper\">\n<p><strong><a href=\"https:\/\/www.hautes-alpes.net\/it\/lagenzia-per-lo-sviluppo\/agenzia-di-sviluppo-delle-hautes-alpes\/\">L&#8217;Agenzia di Sviluppo delle Hautes-Alpes<\/a><\/strong>incaricata dalla Regione Sud, funge da <strong>intermediario locale<\/strong> per le produzioni audiovisive nelle Alpi del Sud (Hautes-Alpes e Alpes-de-Haute Provence) attraverso il Bureau d&#8217;accueil des tournages.<\/p>\n\n\n\n<p>Questo supporto rende pi\u00f9 facile per le produzioni prepararsi alle riprese, trovando le location, richiedendo i permessi e facendo da tramite con le autorit\u00e0 locali.  <\/p>\n<\/div><\/div>\n<\/div>\n\n<p>L&#8217;obiettivo \u00e8 quello di aumentare il numero di giorni di riprese e i benefici economici diretti, incoraggiando le produzioni a reclutare tecnici cinematografici e fornitori di servizi locali (mense per le riprese, noleggio di attrezzature, ecc.).<\/p>\n\n<div class=\"wp-block-buttons is-layout-flex wp-block-buttons-is-layout-flex\">\n<div class=\"wp-block-button is-style-download\"><a class=\"wp-block-button__link wp-element-button\" href=\"https:\/\/www.hautes-alpes.net\/?document=120163\">Scarica la brochure<\/a><\/div>\n<\/div>\n\n<div style=\"height:50px\" aria-hidden=\"true\" class=\"wp-block-spacer\"><\/div>\n\n<h2 class=\"wp-block-heading is-style-title-1\">Lo sapevi?<\/h2>\n\n<p>La serie televisiva <strong>Alex Hugo<\/strong>, che da 10 anni mostra i paesaggi pi\u00f9 belli delle Hautes-Alpes su France T\u00e9l\u00e9vision, attira oltre <strong>5 milioni di spettatori per ogni episodio<\/strong>. Ogni anno, l&#8217;Agenzia di Sviluppo viene contattata circa 70 volte all&#8217;anno da persone con progetti audiovisivi e ospita circa quaranta riprese cinematografiche all&#8217;anno. <\/p>\n\n<div class=\"wp-block-ws-library-ws-image is-style-simple\"><div class=\"wrapper\"><div class=\"group-media\"><img decoding=\"async\" src=\"https:\/\/www.hautes-alpes.net\/wp-content\/uploads\/2025\/11\/alex-hugo-orceyrette-2024-patrick-domeyne-addet05-17-1240x800.jpg\" alt=\"\" class=\"single_image ws-image-77640\"><div class=\"credits\">P. Domeyne - AD05<\/div><\/div><p class=\"caption\"><\/p><\/div><\/div>\n\n<div style=\"height:50px\" aria-hidden=\"true\" class=\"wp-block-spacer\"><\/div>\n\n<h2 class=\"wp-block-heading is-style-title-1\">Quaderno <strong>pratico<\/strong><\/h2>\n\n<div class=\"wp-block-ws-library-ws-tabs alignfull\"><ul class=\"tabs-titles\"><li class=\"tab-title is-active\" data-tab-index=\"0\">Decori<\/li><li class=\"tab-title\" data-tab-index=\"1\">Tecnici e attori<\/li><li class=\"tab-title\" data-tab-index=\"2\">Finanziamento<\/li><li class=\"tab-title\" data-tab-index=\"3\">Essere inseriti nell&#8217;elenco<\/li><\/ul><div class=\"tabs-list\">\n<div class=\"wp-block-ws-library-ws-tab\" style=\"display:none\"><p class=\"tab-title\">Decori<\/p><div class=\"tab-content\">\n<div class=\"wp-block-group tab-row is-nowrap is-layout-flex wp-container-core-group-is-layout-6c531013 wp-block-group-is-layout-flex\">\n<div class=\"wp-block-group tab-group-content is-layout-flow wp-block-group-is-layout-flow\">\n<p>Tra le alte montagne e la Provenza, le Alpi meridionali offrono una grande variet\u00e0 di paesaggi in tutte le stagioni. Cerchi una location specifica? Scrivici e ti metteremo in contatto con i localizzatori locali.  <\/p>\n\n\n\n<div class=\"wp-block-buttons is-layout-flex wp-block-buttons-is-layout-flex\">\n<div class=\"wp-block-button\"><a class=\"wp-block-button__link wp-element-button\" href=\"https:\/\/locations.filmfrance.net\/fr\/search\/location?f%5B0%5D=ss_department%3A04&amp;f%5B1%5D=ss_department%3A05\" target=\"_blank\" rel=\"noreferrer noopener\">Consulta il database delle decorazioni delle Alpi Meridionali<\/a><\/div>\n<\/div>\n<\/div>\n<\/div>\n<\/div><\/div>\n\n\n\n<div class=\"wp-block-ws-library-ws-tab\" style=\"display:none\"><p class=\"tab-title\">Tecnici e attori<\/p><div class=\"tab-content\">\n<div class=\"wp-block-group tab-row is-nowrap is-layout-flex wp-container-core-group-is-layout-6c531013 wp-block-group-is-layout-flex\">\n<div class=\"wp-block-group tab-group-content is-layout-flow wp-block-group-is-layout-flow\">\n<p class=\"is-style-highlighted\">Pi\u00f9 di cento tecnici cinematografici vivono o hanno un pied-\u00e0-terre nelle Alpi del Sud. Per ricevere una preselezione su misura per le tue esigenze, contattaci e specifica le posizioni che stai cercando. <\/p>\n\n\n\n<p>Puoi anche :<\/p>\n\n\n\n<p class=\"is-style-highlighted\"><a href=\"https:\/\/talents.app.movinmotion.com\/film-france\/signup\" target=\"_blank\" rel=\"noreferrer noopener\">Crea un profilo di datore di lavoro<\/a> su Film France Talents per effettuare direttamente le tue ricerche (filtri per settore, posizione, competenze).<\/p>\n\n\n\n<p><a href=\"https:\/\/artscineav.fr\" target=\"_blank\" rel=\"noreferrer noopener\">Consulta l&#8217;A.R.T.S<\/a> - Association R\u00e9gionale des Techniciens du Sud (oltre 1.000 professionisti della Regione Sud)<\/p>\n\n\n\n<p><a href=\"https:\/\/www.lareplique.org\/\" target=\"_blank\" rel=\"noreferrer noopener\">Entra in contatto con il collettivo La R\u00e9plique<\/a> nel sud della Francia, per artisti e attori.<\/p>\n<\/div>\n<\/div>\n<\/div><\/div>\n\n\n\n<div class=\"wp-block-ws-library-ws-tab\" style=\"display:none\"><p class=\"tab-title\">Finanziamento<\/p><div class=\"tab-content\">\n<div class=\"wp-block-group tab-row is-nowrap is-layout-flex wp-container-core-group-is-layout-6c531013 wp-block-group-is-layout-flex\">\n<div class=\"wp-block-group tab-group-content is-layout-flow wp-block-group-is-layout-flow\">\n<p class=\"is-style-highlighted\">La Regione Sud, in collaborazione con il CNC, sostiene la creazione e la produzione di opere cinematografiche e audiovisive.<\/p>\n\n\n\n<p class=\"is-style-highlighted\">Informazioni e contatti: <br\/>Service Cin\u00e9ma et Audiovisuel - Direction des Arts et de la Culture<br\/><a href=\"mailto:crf@maregionsud.fr\">crf@maregionsud.fr<\/a><\/p>\n<\/div>\n<\/div>\n<\/div><\/div>\n\n\n\n<div class=\"wp-block-ws-library-ws-tab\" style=\"display:none\"><p class=\"tab-title\">Essere inseriti nell&#8217;elenco<\/p><div class=\"tab-content\">\n<div class=\"wp-block-group tab-row is-nowrap is-layout-flex wp-container-core-group-is-layout-6c531013 wp-block-group-is-layout-flex\">\n<div class=\"wp-block-group tab-group-content is-layout-flow wp-block-group-is-layout-flow\">\n<p class=\"is-style-highlighted\"><strong>1. Tecnici e artisti<\/strong><\/p>\n\n\n\n<p><a href=\"https:\/\/salarie.app.movinmotion.com\/film-france-talents\/signup\" target=\"_blank\" rel=\"noreferrer noopener\">Iscriviti a Film France | Talents<\/a>, l&#8217;elenco nazionale gratuito dei professionisti del cinema e dell&#8217;audiovisivo (Film France \/ Movinmotion). Questo strumento permette di essere facilmente identificati e contattati dai produttori e dai responsabili delle emittenti.<\/p>\n\n\n\n<p>Hai bisogno di aiuto per creare o aggiornare il tuo CV? Invia il tuo CV a <a href=\"mailto:bat@hautes-alpes.net\">bat@hautes-alpes.net<\/a> per entrare a far parte della rete di tecnici delle Alpi meridionali. <\/p>\n\n\n\n<p>Consulta il calendario delle riprese nel Sud della Francia (soggetto ad accordo con la produzione): <a href=\"mailto:crf@maregionsud.fr\">crf@maregionsud.fr<\/a><\/p>\n\n\n\n<div style=\"height:10px\" aria-hidden=\"true\" class=\"wp-block-spacer\"><\/div>\n\n\n\n<p><strong>2. Societ\u00e0 di servizi<\/strong><\/p>\n\n\n\n<p>La tua azienda, con sede nelle Alpi meridionali, potrebbe essere interessante per il settore cinematografico e audiovisivo. Contattaci per sapere come essere incluso nell&#8217;elenco dei fornitori di servizi locali.<\/p>\n\n\n\n<div style=\"height:10px\" aria-hidden=\"true\" class=\"wp-block-spacer\"><\/div>\n\n\n\n<p><strong>3. Proprietari e gestori di un sito<\/strong><\/p>\n\n\n\n<p><a href=\"https:\/\/locations.filmfrance.net\/fr\/ouvrir-un-compte-proprietaire-particulier\" target=\"_blank\" rel=\"noreferrer noopener\">Inserisci la tua location <\/a>nell&#8217;elenco nazionale Film France | Locations, consultato dai professionisti in cerca di set.<\/p>\n\n\n\n<div style=\"height:10px\" aria-hidden=\"true\" class=\"wp-block-spacer\"><\/div>\n\n\n\n<p><strong>4. Fornitori di hosting<\/strong><\/p>\n\n\n\n<p>Ospitare riprese cinematografiche richiede condizioni specifiche. Contattaci per entrare a far parte dell&#8217;elenco degli alloggi <em>adatti ai film<\/em>. <\/p>\n<\/div>\n<\/div>\n<\/div><\/div>\n<\/div><\/div>\n\n<div style=\"height:50px\" aria-hidden=\"true\" class=\"wp-block-spacer\"><\/div>\n\n<div class=\"wp-block-group has-global-padding is-layout-constrained wp-block-group-is-layout-constrained\">\n<h2 class=\"wp-block-heading\">Il tuo contatto <strong>privilegiato<\/strong><\/h2>\n\n\n\n<p>Hai un progetto di riprese nelle Alpi meridionali? Mettiti in contatto con noi! Ti aiuteremo a trovare i set giusti e a formare i team tecnici locali.  <\/p>\n\n\n\n<div class=\"wp-block-group has-global-padding is-layout-constrained wp-block-group-is-layout-constrained\">\n<p>Hinat\u00e9a Perrier<\/p>\n<\/div>\n\n\n\n<div class=\"wp-block-group has-global-padding is-layout-constrained wp-block-group-is-layout-constrained\">\n<p><a href=\"tel:+33492530061\">04 92 53 00 61<\/a><\/p>\n\n\n\n<p><a href=\"mailto:bat@hautes-alpes.net\">bat@hautes-alpes.net<\/a><\/p>\n<\/div>\n\n\n\n<div class=\"wp-block-ws-library-ws-share\"><span class=\"share-subtitle\">Ti \u00e8 piaciuta questa pagina?<\/span><span class=\"share-title\">Condividilo!<\/span><button class=\"ws-share-button wp-element-button\">Condividi questa pagina<\/button><\/div>\n<\/div>\n","protected":false},"excerpt":{"rendered":"<p>E&#8217; iniziato! Marion Cotillard in Haute-Romanche e B\u00e9atrice Dalle in Embrunais, senza dimenticare Samuel Le Bihan per la serie televisiva [&hellip;]<\/p>\n","protected":false},"author":5,"featured_media":0,"parent":109074,"menu_order":0,"comment_status":"closed","ping_status":"closed","template":"","meta":{"is_dark_mode":true,"footnotes":""},"page_label":[],"class_list":["post-109553","page","type-page","status-publish","hentry"],"yoast_head":"<!-- This site is optimized with the Yoast SEO plugin v27.2 - https:\/\/yoast.com\/product\/yoast-seo-wordpress\/ -->\n<title>Ufficio ricevimento riprese - Hautes-Alpes<\/title>\n<meta name=\"description\" content=\"Ufficio ricevimento riprese E&#039; iniziato! Marion Cotillard in Haute-Romanche e B\u00e9atrice Dalle in Embrunais, senza dimenticare Samuel Le Bihan per la serie\" \/>\n<meta name=\"robots\" content=\"index, follow, max-snippet:-1, max-image-preview:large, max-video-preview:-1\" \/>\n<link rel=\"canonical\" href=\"https:\/\/www.hautes-alpes.net\/it\/lagenzia-per-lo-sviluppo\/espace-pro\/ufficio-ricevimento-riprese\/\" \/>\n<meta property=\"og:locale\" content=\"it_IT\" \/>\n<meta property=\"og:type\" content=\"article\" \/>\n<meta property=\"og:title\" content=\"Ufficio ricevimento riprese - Hautes-Alpes\" \/>\n<meta property=\"og:description\" content=\"Ufficio ricevimento riprese E&#039; iniziato! Marion Cotillard in Haute-Romanche e B\u00e9atrice Dalle in Embrunais, senza dimenticare Samuel Le Bihan per la serie\" \/>\n<meta property=\"og:url\" content=\"https:\/\/www.hautes-alpes.net\/it\/lagenzia-per-lo-sviluppo\/espace-pro\/ufficio-ricevimento-riprese\/\" \/>\n<meta property=\"og:site_name\" content=\"Hautes-Alpes\" \/>\n<meta property=\"article:modified_time\" content=\"2025-12-24T13:16:47+00:00\" \/>\n<meta property=\"og:image\" content=\"https:\/\/www.hautes-alpes.net\/wp-content\/uploads\/2025\/11\/tournage-laurent-dans-le-vent-les-orres-decembre-2024-patrick-domeyne-5-1240x800.jpg\" \/>\n<meta name=\"twitter:card\" content=\"summary_large_image\" \/>\n<meta name=\"twitter:label1\" content=\"Tempo di lettura stimato\" \/>\n\t<meta name=\"twitter:data1\" content=\"3 minuti\" \/>\n<script type=\"application\/ld+json\" class=\"yoast-schema-graph\">{\"@context\":\"https:\/\/schema.org\",\"@graph\":[{\"@type\":\"WebPage\",\"@id\":\"https:\/\/www.hautes-alpes.net\/it\/lagenzia-per-lo-sviluppo\/espace-pro\/ufficio-ricevimento-riprese\/\",\"url\":\"https:\/\/www.hautes-alpes.net\/it\/lagenzia-per-lo-sviluppo\/espace-pro\/ufficio-ricevimento-riprese\/\",\"name\":\"Ufficio ricevimento riprese - Hautes-Alpes\",\"isPartOf\":{\"@id\":\"https:\/\/www.hautes-alpes.net\/it\/#website\"},\"primaryImageOfPage\":{\"@id\":\"https:\/\/www.hautes-alpes.net\/it\/lagenzia-per-lo-sviluppo\/espace-pro\/ufficio-ricevimento-riprese\/#primaryimage\"},\"image\":{\"@id\":\"https:\/\/www.hautes-alpes.net\/it\/lagenzia-per-lo-sviluppo\/espace-pro\/ufficio-ricevimento-riprese\/#primaryimage\"},\"thumbnailUrl\":\"https:\/\/www.hautes-alpes.net\/wp-content\/uploads\/2025\/11\/tournage-laurent-dans-le-vent-les-orres-decembre-2024-patrick-domeyne-5-1240x800.jpg\",\"datePublished\":\"2025-11-24T15:56:29+00:00\",\"dateModified\":\"2025-12-24T13:16:47+00:00\",\"description\":\"Ufficio ricevimento riprese E' iniziato! Marion Cotillard in Haute-Romanche e B\u00e9atrice Dalle in Embrunais, senza dimenticare Samuel Le Bihan per la serie\",\"breadcrumb\":{\"@id\":\"https:\/\/www.hautes-alpes.net\/it\/lagenzia-per-lo-sviluppo\/espace-pro\/ufficio-ricevimento-riprese\/#breadcrumb\"},\"inLanguage\":\"it-IT\",\"potentialAction\":[{\"@type\":\"ReadAction\",\"target\":[\"https:\/\/www.hautes-alpes.net\/it\/lagenzia-per-lo-sviluppo\/espace-pro\/ufficio-ricevimento-riprese\/\"]}]},{\"@type\":\"ImageObject\",\"inLanguage\":\"it-IT\",\"@id\":\"https:\/\/www.hautes-alpes.net\/it\/lagenzia-per-lo-sviluppo\/espace-pro\/ufficio-ricevimento-riprese\/#primaryimage\",\"url\":\"https:\/\/www.hautes-alpes.net\/wp-content\/uploads\/2025\/11\/tournage-laurent-dans-le-vent-les-orres-decembre-2024-patrick-domeyne-5-1240x800.jpg\",\"contentUrl\":\"https:\/\/www.hautes-alpes.net\/wp-content\/uploads\/2025\/11\/tournage-laurent-dans-le-vent-les-orres-decembre-2024-patrick-domeyne-5-1240x800.jpg\"},{\"@type\":\"BreadcrumbList\",\"@id\":\"https:\/\/www.hautes-alpes.net\/it\/lagenzia-per-lo-sviluppo\/espace-pro\/ufficio-ricevimento-riprese\/#breadcrumb\",\"itemListElement\":[{\"@type\":\"ListItem\",\"position\":1,\"name\":\"Accueil\",\"item\":\"https:\/\/www.hautes-alpes.net\/it\/hautes-alpes\/\"},{\"@type\":\"ListItem\",\"position\":2,\"name\":\"Espace pro\",\"item\":\"https:\/\/www.hautes-alpes.net\/it\/lagenzia-per-lo-sviluppo\/espace-pro\/\"},{\"@type\":\"ListItem\",\"position\":3,\"name\":\"L&rsquo;Agenzia per lo sviluppo\",\"item\":\"https:\/\/www.hautes-alpes.net\/it\/lagenzia-per-lo-sviluppo\/\"},{\"@type\":\"ListItem\",\"position\":4,\"name\":\"Espace pro\",\"item\":\"https:\/\/www.hautes-alpes.net\/it\/lagenzia-per-lo-sviluppo\/espace-pro\/\"},{\"@type\":\"ListItem\",\"position\":5,\"name\":\"Ufficio ricevimento riprese\"}]},{\"@type\":\"WebSite\",\"@id\":\"https:\/\/www.hautes-alpes.net\/it\/#website\",\"url\":\"https:\/\/www.hautes-alpes.net\/it\/\",\"name\":\"ADDET\",\"description\":\"\",\"publisher\":{\"@id\":\"https:\/\/www.hautes-alpes.net\/it\/#organization\"},\"potentialAction\":[{\"@type\":\"SearchAction\",\"target\":{\"@type\":\"EntryPoint\",\"urlTemplate\":\"https:\/\/www.hautes-alpes.net\/it\/?s={search_term_string}\"},\"query-input\":{\"@type\":\"PropertyValueSpecification\",\"valueRequired\":true,\"valueName\":\"search_term_string\"}}],\"inLanguage\":\"it-IT\"},{\"@type\":\"Organization\",\"@id\":\"https:\/\/www.hautes-alpes.net\/it\/#organization\",\"name\":\"Agence D\u00e9partementale de D\u00e9veloppement Economique et Touristique des Hautes-Alpes\",\"url\":\"https:\/\/www.hautes-alpes.net\/it\/\",\"logo\":{\"@type\":\"ImageObject\",\"inLanguage\":\"it-IT\",\"@id\":\"https:\/\/www.hautes-alpes.net\/it\/#\/schema\/logo\/image\/\",\"url\":\"https:\/\/www.hautes-alpes.net\/wp-content\/uploads\/2026\/01\/black-logo-2.svg\",\"contentUrl\":\"https:\/\/www.hautes-alpes.net\/wp-content\/uploads\/2026\/01\/black-logo-2.svg\",\"caption\":\"Agence D\u00e9partementale de D\u00e9veloppement Economique et Touristique des Hautes-Alpes\"},\"image\":{\"@id\":\"https:\/\/www.hautes-alpes.net\/it\/#\/schema\/logo\/image\/\"}}]}<\/script>\n<!-- \/ Yoast SEO plugin. -->","yoast_head_json":{"title":"Ufficio ricevimento riprese - Hautes-Alpes","description":"Ufficio ricevimento riprese E' iniziato! Marion Cotillard in Haute-Romanche e B\u00e9atrice Dalle in Embrunais, senza dimenticare Samuel Le Bihan per la serie","robots":{"index":"index","follow":"follow","max-snippet":"max-snippet:-1","max-image-preview":"max-image-preview:large","max-video-preview":"max-video-preview:-1"},"canonical":"https:\/\/www.hautes-alpes.net\/it\/lagenzia-per-lo-sviluppo\/espace-pro\/ufficio-ricevimento-riprese\/","og_locale":"it_IT","og_type":"article","og_title":"Ufficio ricevimento riprese - Hautes-Alpes","og_description":"Ufficio ricevimento riprese E' iniziato! Marion Cotillard in Haute-Romanche e B\u00e9atrice Dalle in Embrunais, senza dimenticare Samuel Le Bihan per la serie","og_url":"https:\/\/www.hautes-alpes.net\/it\/lagenzia-per-lo-sviluppo\/espace-pro\/ufficio-ricevimento-riprese\/","og_site_name":"Hautes-Alpes","article_modified_time":"2025-12-24T13:16:47+00:00","og_image":[{"url":"https:\/\/www.hautes-alpes.net\/wp-content\/uploads\/2025\/11\/tournage-laurent-dans-le-vent-les-orres-decembre-2024-patrick-domeyne-5-1240x800.jpg","type":"","width":"","height":""}],"twitter_card":"summary_large_image","twitter_misc":{"Tempo di lettura stimato":"3 minuti"},"schema":{"@context":"https:\/\/schema.org","@graph":[{"@type":"WebPage","@id":"https:\/\/www.hautes-alpes.net\/it\/lagenzia-per-lo-sviluppo\/espace-pro\/ufficio-ricevimento-riprese\/","url":"https:\/\/www.hautes-alpes.net\/it\/lagenzia-per-lo-sviluppo\/espace-pro\/ufficio-ricevimento-riprese\/","name":"Ufficio ricevimento riprese - Hautes-Alpes","isPartOf":{"@id":"https:\/\/www.hautes-alpes.net\/it\/#website"},"primaryImageOfPage":{"@id":"https:\/\/www.hautes-alpes.net\/it\/lagenzia-per-lo-sviluppo\/espace-pro\/ufficio-ricevimento-riprese\/#primaryimage"},"image":{"@id":"https:\/\/www.hautes-alpes.net\/it\/lagenzia-per-lo-sviluppo\/espace-pro\/ufficio-ricevimento-riprese\/#primaryimage"},"thumbnailUrl":"https:\/\/www.hautes-alpes.net\/wp-content\/uploads\/2025\/11\/tournage-laurent-dans-le-vent-les-orres-decembre-2024-patrick-domeyne-5-1240x800.jpg","datePublished":"2025-11-24T15:56:29+00:00","dateModified":"2025-12-24T13:16:47+00:00","description":"Ufficio ricevimento riprese E' iniziato! Marion Cotillard in Haute-Romanche e B\u00e9atrice Dalle in Embrunais, senza dimenticare Samuel Le Bihan per la serie","breadcrumb":{"@id":"https:\/\/www.hautes-alpes.net\/it\/lagenzia-per-lo-sviluppo\/espace-pro\/ufficio-ricevimento-riprese\/#breadcrumb"},"inLanguage":"it-IT","potentialAction":[{"@type":"ReadAction","target":["https:\/\/www.hautes-alpes.net\/it\/lagenzia-per-lo-sviluppo\/espace-pro\/ufficio-ricevimento-riprese\/"]}]},{"@type":"ImageObject","inLanguage":"it-IT","@id":"https:\/\/www.hautes-alpes.net\/it\/lagenzia-per-lo-sviluppo\/espace-pro\/ufficio-ricevimento-riprese\/#primaryimage","url":"https:\/\/www.hautes-alpes.net\/wp-content\/uploads\/2025\/11\/tournage-laurent-dans-le-vent-les-orres-decembre-2024-patrick-domeyne-5-1240x800.jpg","contentUrl":"https:\/\/www.hautes-alpes.net\/wp-content\/uploads\/2025\/11\/tournage-laurent-dans-le-vent-les-orres-decembre-2024-patrick-domeyne-5-1240x800.jpg"},{"@type":"BreadcrumbList","@id":"https:\/\/www.hautes-alpes.net\/it\/lagenzia-per-lo-sviluppo\/espace-pro\/ufficio-ricevimento-riprese\/#breadcrumb","itemListElement":[{"@type":"ListItem","position":1,"name":"Accueil","item":"https:\/\/www.hautes-alpes.net\/it\/hautes-alpes\/"},{"@type":"ListItem","position":2,"name":"Espace pro","item":"https:\/\/www.hautes-alpes.net\/it\/lagenzia-per-lo-sviluppo\/espace-pro\/"},{"@type":"ListItem","position":3,"name":"L&rsquo;Agenzia per lo sviluppo","item":"https:\/\/www.hautes-alpes.net\/it\/lagenzia-per-lo-sviluppo\/"},{"@type":"ListItem","position":4,"name":"Espace pro","item":"https:\/\/www.hautes-alpes.net\/it\/lagenzia-per-lo-sviluppo\/espace-pro\/"},{"@type":"ListItem","position":5,"name":"Ufficio ricevimento riprese"}]},{"@type":"WebSite","@id":"https:\/\/www.hautes-alpes.net\/it\/#website","url":"https:\/\/www.hautes-alpes.net\/it\/","name":"ADDET","description":"","publisher":{"@id":"https:\/\/www.hautes-alpes.net\/it\/#organization"},"potentialAction":[{"@type":"SearchAction","target":{"@type":"EntryPoint","urlTemplate":"https:\/\/www.hautes-alpes.net\/it\/?s={search_term_string}"},"query-input":{"@type":"PropertyValueSpecification","valueRequired":true,"valueName":"search_term_string"}}],"inLanguage":"it-IT"},{"@type":"Organization","@id":"https:\/\/www.hautes-alpes.net\/it\/#organization","name":"Agence D\u00e9partementale de D\u00e9veloppement Economique et Touristique des Hautes-Alpes","url":"https:\/\/www.hautes-alpes.net\/it\/","logo":{"@type":"ImageObject","inLanguage":"it-IT","@id":"https:\/\/www.hautes-alpes.net\/it\/#\/schema\/logo\/image\/","url":"https:\/\/www.hautes-alpes.net\/wp-content\/uploads\/2026\/01\/black-logo-2.svg","contentUrl":"https:\/\/www.hautes-alpes.net\/wp-content\/uploads\/2026\/01\/black-logo-2.svg","caption":"Agence D\u00e9partementale de D\u00e9veloppement Economique et Touristique des Hautes-Alpes"},"image":{"@id":"https:\/\/www.hautes-alpes.net\/it\/#\/schema\/logo\/image\/"}}]}},"_links":{"self":[{"href":"https:\/\/www.hautes-alpes.net\/it\/wp-json\/wp\/v2\/pages\/109553","targetHints":{"allow":["GET"]}}],"collection":[{"href":"https:\/\/www.hautes-alpes.net\/it\/wp-json\/wp\/v2\/pages"}],"about":[{"href":"https:\/\/www.hautes-alpes.net\/it\/wp-json\/wp\/v2\/types\/page"}],"author":[{"embeddable":true,"href":"https:\/\/www.hautes-alpes.net\/it\/wp-json\/wp\/v2\/users\/5"}],"replies":[{"embeddable":true,"href":"https:\/\/www.hautes-alpes.net\/it\/wp-json\/wp\/v2\/comments?post=109553"}],"version-history":[{"count":10,"href":"https:\/\/www.hautes-alpes.net\/it\/wp-json\/wp\/v2\/pages\/109553\/revisions"}],"predecessor-version":[{"id":129215,"href":"https:\/\/www.hautes-alpes.net\/it\/wp-json\/wp\/v2\/pages\/109553\/revisions\/129215"}],"up":[{"embeddable":true,"href":"https:\/\/www.hautes-alpes.net\/it\/wp-json\/wp\/v2\/pages\/109074"}],"wp:attachment":[{"href":"https:\/\/www.hautes-alpes.net\/it\/wp-json\/wp\/v2\/media?parent=109553"}],"wp:term":[{"taxonomy":"page_label","embeddable":true,"href":"https:\/\/www.hautes-alpes.net\/it\/wp-json\/wp\/v2\/page_label?post=109553"}],"curies":[{"name":"wp","href":"https:\/\/api.w.org\/{rel}","templated":true}]}}