{"id":109533,"date":"2025-11-24T16:28:00","date_gmt":"2025-11-24T15:28:00","guid":{"rendered":"https:\/\/www.hautes-alpes.net\/lagenzia-per-lo-sviluppo\/classificazione-degli-alloggi-turistici-arredati\/"},"modified":"2026-04-02T11:28:40","modified_gmt":"2026-04-02T09:28:40","slug":"classificazione-degli-alloggi-turistici-arredati","status":"publish","type":"page","link":"https:\/\/www.hautes-alpes.net\/it\/lagenzia-per-lo-sviluppo\/classificazione-degli-alloggi-turistici-arredati\/","title":{"rendered":"Classificazione degli alloggi turistici arredati"},"content":{"rendered":"\n<div class=\"wp-block-group alignfull hero-banner-cover-wide has-global-padding is-layout-constrained wp-block-group-is-layout-constrained\"><div class=\"yoast-breadcrumbs\"><span><span><a href=\"https:\/\/www.hautes-alpes.net\/it\/hautes-alpes\/\">Home<\/a><\/span>  <span><a href=\"https:\/\/www.hautes-alpes.net\/it\/lagenzia-per-lo-sviluppo\/\">L&#8217;Agenzia per lo sviluppo<\/a><\/span>  <span><a href=\"https:\/\/www.hautes-alpes.net\/it\/lagenzia-per-lo-sviluppo\/\">L&rsquo;Agenzia per lo sviluppo<\/a><\/span>  <span class=\"breadcrumb_last\" aria-current=\"page\">Classificazione degli alloggi turistici arredati<\/span><\/span><\/div>\n\n\n<h1 class=\"wp-block-ws-library-post-title\">Classificazione degli alloggi turistici arredati<\/h1>\n\n\n\n<div class=\"wp-block-ws-library-media-embed ws-media-embed\"><img decoding=\"async\" src=\"https:\/\/www.hautes-alpes.net\/wp-content\/uploads\/2025\/12\/chalet-l-e-toile-alpesphotographiescom-8-1600x1000.jpg\" alt=\"\" class=\"ws-media-embed__image\" style=\"aspect-ratio:2000\/1000\"><\/div>\n\n\n\n<p class=\"subtitle\">La classifica \u00e8 vincente!<\/p>\n\n\n\n<p>L&#8217;Agenzia per lo Sviluppo delle Hautes-Alpes \u00e8 autorizzata a classificare gli alloggi turistici arredati. Questa procedura semplice e volontaria migliora la qualit\u00e0 della tua struttura ricettiva, ne aumenta la visibilit\u00e0 e offre vantaggi fiscali. Clicca qui per avere tutte le informazioni pratiche necessarie per presentare la domanda e prepararti alla visita di classificazione.  <\/p>\n<\/div>\n\n<div style=\"height:50px\" aria-hidden=\"true\" class=\"wp-block-spacer\"><\/div>\n\n<div class=\"wp-block-group has-global-padding is-layout-constrained wp-block-group-is-layout-constrained\">\n<h2 class=\"wp-block-heading is-style-title-1\">I vantaggi <strong>del ranking<\/strong><\/h2>\n\n\n\n<p>Classificare la tua struttura ricettiva ammobiliata offre numerosi vantaggi. Innanzitutto, \u00e8 un modo eccellente per <strong>migliorare il tuo profilo<\/strong> e <strong>promuovere la tua struttura ricettiva<\/strong> in modo pi\u00f9 professionale. La classificazione semplifica inoltre le procedure amministrative, soprattutto per quanto riguarda la dichiarazione della tassa di soggiorno. Inoltre, ti permette di beneficiare di un <strong>regime fiscale favorevole<\/strong>, con una significativa riduzione delle imposte. Inoltre, \u00e8 una <strong>garanzia di seriet\u00e0 e qualit\u00e0<\/strong> che rassicura i clienti e d\u00e0 loro fiducia al momento della prenotazione. Infine, ma non meno importante, la classificazione consente di accettare i buoni vacanza, il che rappresenta un ulteriore vantaggio per attirare una clientela pi\u00f9 ampia.     <\/p>\n<\/div>\n\n<div class=\"wp-block-ws-library-ws-columns has-2-columns are-vertically-aligned-center layout-5050\">\n<div class=\"wp-block-ws-library-ws-column\"><div class=\"wrapper\">\n<div class=\"wp-block-ws-library-ws-image\"><div class=\"wrapper\"><div class=\"group-media\"><img decoding=\"async\" src=\"https:\/\/www.hautes-alpes.net\/wp-content\/uploads\/2026\/02\/chalet-dimonti-alpesphotographiescom-8-1240x800.jpg\" alt=\"\" class=\"single_image ws-image-306745\"><div class=\"credits\">Fotografie delle Alpi<\/div><\/div><p class=\"caption\"><\/p><\/div><\/div>\n<\/div><\/div>\n\n\n\n<div class=\"wp-block-ws-library-ws-column\"><div class=\"wrapper\">\n<div class=\"wp-block-ws-library-ws-image\"><div class=\"wrapper\"><div class=\"group-media\"><img decoding=\"async\" src=\"https:\/\/www.hautes-alpes.net\/wp-content\/uploads\/2026\/02\/grand-hotel-we-like-communication-refuge-hotel-sc-7-1240x800.jpg\" alt=\"\" class=\"single_image ws-image-306744\"><div class=\"credits\">WeLikeCommunication<\/div><\/div><p class=\"caption\"><\/p><\/div><\/div>\n<\/div><\/div>\n<\/div>\n\n<div class=\"wp-block-group has-global-padding is-layout-constrained wp-block-group-is-layout-constrained\">\n<h2 class=\"wp-block-heading is-style-title-1\">Il ruolo dell <strong>&#8216;Agenzia di Sviluppo<\/strong><\/h2>\n\n\n\n<p>L&#8217;Agenzia assiste i proprietari nelle loro procedure, effettua visite di controllo e rilascia la decisione ufficiale di classificazione, una garanzia di qualit\u00e0 e riconoscimento per la loro struttura ricettiva.<\/p>\n<\/div>\n\n<div class=\"wp-block-group has-global-padding is-layout-constrained wp-block-group-is-layout-constrained\">\n<h2 class=\"wp-block-heading is-style-title-1\">I passaggi in <strong>5 fasi chiave<\/strong><\/h2>\n\n\n\n<ol class=\"wp-block-list\">\n<li>Dichiarazione dell&#8217;alloggio ammobiliato presso il municipio del comune in cui \u00e8 ubicato<\/li>\n\n\n\n<li>Per gli affittuari professionali o non professionali, \u00e8 necessaria la registrazione per ottenere un numero SIRET entro 15 giorni dall&#8217;inizio dell&#8217;attivit\u00e0.  <a href=\"https:\/\/procedures.inpi.fr\/?\/\" target=\"_blank\" rel=\"noreferrer noopener\">Dichiarami<\/a><\/li>\n\n\n\n<li>Preparazione alla visita ispettiva<\/li>\n\n\n\n<li>Ordina la visita<br\/>Per farlo, scarica il modulo di richiesta e restituiscilo, insieme a:<br\/>- il documento di dichiarazione al municipio all&#8217;indirizzo <a href=\"mailto:emilie.michelet@hautes-alpes.net\">emilie.michelet@hautes-alpes.net<\/a><br\/>- un deposito di 50\u20ac sulle coordinate bancarie incluse nel modulo d&#8217;ordine<\/li>\n\n\n\n<li>Configurazione della propriet\u00e0 per l&#8217;affitto<br\/>La propriet\u00e0 arredata deve essere non occupata il giorno della visita, con letti e cuscini dotati di coprimaterasso.<\/li>\n<\/ol>\n<\/div>\n\n<h2 class=\"wp-block-heading is-style-title-1\">Documentazione <strong>utile<\/strong><\/h2>\n\n<h3 class=\"wp-block-heading\"><strong><em>La legge<\/em><\/strong><\/h3>\n\n<div class=\"wp-block-group tab-group-content is-layout-flow wp-block-group-is-layout-flow\">\n<p class=\"is-style-highlighted\">La classificazione degli alloggi ammobiliati \u00e8 regolata dalla legge francese.<\/p>\n\n\n\n<div class=\"wp-block-ws-library-ws-documents\">\n<div class=\"wp-block-ws-library-ws-document\"><a href=\"https:\/\/www.hautes-alpes.net\/wp-content\/uploads\/2025\/11\/laloi.pdf\" target=\"_blank\" rel=\"noopener noreferrer\" class=\"link-document\">Leggi la legge<\/a><\/div>\n<\/div>\n<\/div>\n\n<h3 class=\"wp-block-heading\"><strong><em>I criteri<\/em><\/strong><\/h3>\n\n<div class=\"wp-block-group tab-group-content is-layout-flow wp-block-group-is-layout-flow\">\n<p class=\"is-style-highlighted\">La classificazione degli alloggi ammobiliati \u00e8 subordinata al rispetto di una serie di criteri, a seconda del numero di stelle richiesto. Questi criteri e le relative spiegazioni sono disponibili qui: <\/p>\n\n\n\n<div class=\"wp-block-ws-library-ws-documents\">\n<div class=\"wp-block-ws-library-ws-document\"><a href=\"https:\/\/www.hautes-alpes.net\/wp-content\/uploads\/2025\/11\/lescriteres.pdf\" target=\"_blank\" rel=\"noopener noreferrer\" class=\"link-document\">Criteri - Atout France<\/a><\/div>\n\n\n\n<div class=\"wp-block-ws-library-ws-document\"><a href=\"https:\/\/www.hautes-alpes.net\/wp-content\/uploads\/2025\/11\/annexe-explicative-des-criteres-meubles-2025-1.pdf\" target=\"_blank\" rel=\"noopener noreferrer\" class=\"link-document\">Allegato che spiega i criteri<\/a><\/div>\n<\/div>\n<\/div>\n\n<h3 class=\"wp-block-heading\"><strong><em>La procedura<\/em><\/strong><\/h3>\n\n<div class=\"wp-block-group tab-group-content is-layout-flow wp-block-group-is-layout-flow\">\n<p class=\"is-style-highlighted\">Scopri di pi\u00f9 sulla procedura di classificazione qui:<\/p>\n\n\n\n<div class=\"wp-block-ws-library-ws-documents\">\n<div class=\"wp-block-ws-library-ws-document\"><a href=\"https:\/\/www.hautes-alpes.net\/wp-content\/uploads\/2025\/11\/procedure-classement-avec-mentions-1.pdf\" target=\"_blank\" rel=\"noopener noreferrer\" class=\"link-document\">Procedura di classificazione<\/a><\/div>\n<\/div>\n<\/div>\n\n<h3 class=\"wp-block-heading\"><strong><em>Preparare la casa prima della visita di classificazione<\/em><\/strong><\/h3>\n\n<div class=\"wp-block-group tab-group-content is-layout-flow wp-block-group-is-layout-flow\">\n<p class=\"is-style-highlighted\">Tutti i consigli di cui hai bisogno per preparare la tua casa alla visita di controllo sono disponibili qui:<\/p>\n\n\n\n<div class=\"wp-block-ws-library-ws-documents\">\n<div class=\"wp-block-ws-library-ws-document\"><a href=\"https:\/\/www.hautes-alpes.net\/wp-content\/uploads\/2025\/11\/preparermonlogement.pdf\" target=\"_blank\" rel=\"noopener noreferrer\" class=\"link-document\">Preparare la mia casa<\/a><\/div>\n<\/div>\n<\/div>\n\n<h3 class=\"wp-block-heading\"><strong><em>Ordinare\/prenotare una visita o un rinnovo<\/em><\/strong><\/h3>\n\n<div class=\"wp-block-group tab-group-content is-layout-flow wp-block-group-is-layout-flow\">\n<p class=\"is-style-highlighted\">Per ordinare una visita di controllo, compila il seguente modulo:<\/p>\n\n\n\n<div class=\"wp-block-ws-library-ws-documents\">\n<div class=\"wp-block-ws-library-ws-document\"><a href=\"https:\/\/www.hautes-alpes.net\/wp-content\/uploads\/2026\/01\/telechargerledossier-2024.pdf\" target=\"_blank\" rel=\"noopener noreferrer\" class=\"link-document\">Scarica il file<\/a><\/div>\n<\/div>\n<\/div>\n\n<div style=\"height:50px\" aria-hidden=\"true\" class=\"wp-block-spacer\"><\/div>\n<div class=\"wp-block-ws-library-ws-last-document\"><div class=\"card card-document ws-last-document\"><div class=\"group-media\"><img loading=\"lazy\" decoding=\"async\" width=\"480\" height=\"681\" src=\"https:\/\/www.hautes-alpes.net\/wp-content\/uploads\/2025\/12\/capture-decran-2025-12-17-165255-480x681.png\" class=\"custom-preview size-480x700\" alt=\"\" srcset=\"https:\/\/www.hautes-alpes.net\/wp-content\/uploads\/2025\/12\/capture-decran-2025-12-17-165255-480x681.png 480w, https:\/\/www.hautes-alpes.net\/wp-content\/uploads\/2025\/12\/capture-decran-2025-12-17-165255-211x300.png 211w, https:\/\/www.hautes-alpes.net\/wp-content\/uploads\/2025\/12\/capture-decran-2025-12-17-165255-722x1024.png 722w, https:\/\/www.hautes-alpes.net\/wp-content\/uploads\/2025\/12\/capture-decran-2025-12-17-165255-768x1089.png 768w, https:\/\/www.hautes-alpes.net\/wp-content\/uploads\/2025\/12\/capture-decran-2025-12-17-165255-451x640.png 451w, https:\/\/www.hautes-alpes.net\/wp-content\/uploads\/2025\/12\/capture-decran-2025-12-17-165255-437x620.png 437w, https:\/\/www.hautes-alpes.net\/wp-content\/uploads\/2025\/12\/capture-decran-2025-12-17-165255.png 786w\" sizes=\"auto, (max-width: 480px) 100vw, 480px\" \/><\/div><div class=\"group-content\"><div class=\"field-title\"><h3>Opuscolo Classificazione dell&#8217;alloggio ammobiliato<\/h3><\/div><div class=\"group-details\"><div class=\"field-preview\"><div class=\"wp-block-button is-style-view\"><a href=\"https:\/\/www.hautes-alpes.net\/wp-content\/uploads\/2025\/11\/plaquette-meubles-2025-web.pdf\" target=\"_blank\" rel=\"noopener noreferrer\" class=\"wp-block-button__link wp-element-button\">Consulente<\/a><\/div><\/div><div class=\"field-download\"><div class=\"wp-block-button is-style-download\"><a href=\"https:\/\/www.hautes-alpes.net\/wp-content\/uploads\/2025\/11\/plaquette-meubles-2025-web.pdf\" download target=\"_blank\" rel=\"noopener noreferrer\" class=\"wp-block-button__link wp-element-button\">Scarica<\/a><\/div><\/div><\/div><\/div><\/div><\/div>\n<div class=\"wp-block-buttons is-content-justification-center is-layout-flex wp-container-core-buttons-is-layout-a89b3969 wp-block-buttons-is-layout-flex\">\n<div class=\"wp-block-button\"><a class=\"wp-block-button__link wp-element-button\" href=\"https:\/\/www.hautes-alpes.net\/it\/lagenzia-per-lo-sviluppo\/classificazione-degli-alloggi-turistici-arredati\/classificazione-degli-alloggi-turistici-arredati\/\">Elenco degli alloggi ammobiliati classificati<\/a><\/div>\n<\/div>\n\n<div style=\"height:50px\" aria-hidden=\"true\" class=\"wp-block-spacer\"><\/div>\n\n<div class=\"wp-block-group has-global-padding is-layout-constrained wp-block-group-is-layout-constrained\">\n<h2 class=\"wp-block-heading\">Il tuo contatto <strong>privilegiato<\/strong><\/h2>\n\n\n\n<div class=\"wp-block-group has-global-padding is-layout-constrained wp-block-group-is-layout-constrained\">\n<p>\u00c9milie Michelet, incaricata di classificare gli alloggi ammobiliati<\/p>\n<\/div>\n\n\n\n<div class=\"wp-block-group has-global-padding is-layout-constrained wp-block-group-is-layout-constrained\">\n<p><a href=\"tel:+33492532200\">04 92 53 22 00<\/a><\/p>\n\n\n\n<p id=\"block-cb11c78e-8230-4a7d-b647-3eb9e736b221\"><a href=\"tel:+33621258599\">06 21 25 85 99<\/a><\/p>\n\n\n\n<p><a href=\"mailto:emilie.michelet@hautes-alpes.net\">emilie.michelet@hautes-alpes.net<\/a><\/p>\n<\/div>\n\n\n\n<div class=\"wp-block-ws-library-ws-share\"><span class=\"share-subtitle\">Ti \u00e8 piaciuta questa pagina?<\/span><span class=\"share-title\">Condividilo!<\/span><button class=\"ws-share-button wp-element-button\">Condividi questa pagina<\/button><\/div>\n<\/div>\n","protected":false},"excerpt":{"rendered":"<p>La classifica \u00e8 vincente! L&#8217;Agenzia per lo Sviluppo delle Hautes-Alpes \u00e8 autorizzata a classificare gli alloggi turistici arredati. Questa procedura [&hellip;]<\/p>\n","protected":false},"author":5,"featured_media":0,"parent":106579,"menu_order":0,"comment_status":"closed","ping_status":"closed","template":"","meta":{"is_dark_mode":false,"footnotes":""},"page_label":[],"class_list":["post-109533","page","type-page","status-publish","hentry"],"yoast_head":"<!-- This site is optimized with the Yoast SEO plugin v27.2 - https:\/\/yoast.com\/product\/yoast-seo-wordpress\/ -->\n<title>Classificazione degli alloggi turistici arredati - Hautes-Alpes<\/title>\n<meta name=\"description\" content=\"Classificazione degli alloggi turistici arredati La classifica \u00e8 vincente! L&#039;Agenzia per lo Sviluppo delle Hautes-Alpes \u00e8 autorizzata a classificare gli\" \/>\n<meta name=\"robots\" content=\"index, follow, max-snippet:-1, max-image-preview:large, max-video-preview:-1\" \/>\n<link rel=\"canonical\" href=\"https:\/\/www.hautes-alpes.net\/it\/lagenzia-per-lo-sviluppo\/classificazione-degli-alloggi-turistici-arredati\/\" \/>\n<meta property=\"og:locale\" content=\"it_IT\" \/>\n<meta property=\"og:type\" content=\"article\" \/>\n<meta property=\"og:title\" content=\"Classificazione degli alloggi turistici arredati - Hautes-Alpes\" \/>\n<meta property=\"og:description\" content=\"Classificazione degli alloggi turistici arredati La classifica \u00e8 vincente! L&#039;Agenzia per lo Sviluppo delle Hautes-Alpes \u00e8 autorizzata a classificare gli\" \/>\n<meta property=\"og:url\" content=\"https:\/\/www.hautes-alpes.net\/it\/lagenzia-per-lo-sviluppo\/classificazione-degli-alloggi-turistici-arredati\/\" \/>\n<meta property=\"og:site_name\" content=\"Hautes-Alpes\" \/>\n<meta property=\"article:modified_time\" content=\"2026-04-02T09:28:40+00:00\" \/>\n<meta property=\"og:image\" content=\"https:\/\/www.hautes-alpes.net\/wp-content\/uploads\/2025\/12\/chalet-l-e-toile-alpesphotographiescom-8-1600x1000.jpg\" \/>\n<meta name=\"twitter:card\" content=\"summary_large_image\" \/>\n<meta name=\"twitter:label1\" content=\"Tempo di lettura stimato\" \/>\n\t<meta name=\"twitter:data1\" content=\"2 minuti\" \/>\n<script type=\"application\/ld+json\" class=\"yoast-schema-graph\">{\"@context\":\"https:\/\/schema.org\",\"@graph\":[{\"@type\":\"WebPage\",\"@id\":\"https:\/\/www.hautes-alpes.net\/it\/lagenzia-per-lo-sviluppo\/classificazione-degli-alloggi-turistici-arredati\/\",\"url\":\"https:\/\/www.hautes-alpes.net\/it\/lagenzia-per-lo-sviluppo\/classificazione-degli-alloggi-turistici-arredati\/\",\"name\":\"Classificazione degli alloggi turistici arredati - Hautes-Alpes\",\"isPartOf\":{\"@id\":\"https:\/\/www.hautes-alpes.net\/it\/#website\"},\"primaryImageOfPage\":{\"@id\":\"https:\/\/www.hautes-alpes.net\/it\/lagenzia-per-lo-sviluppo\/classificazione-degli-alloggi-turistici-arredati\/#primaryimage\"},\"image\":{\"@id\":\"https:\/\/www.hautes-alpes.net\/it\/lagenzia-per-lo-sviluppo\/classificazione-degli-alloggi-turistici-arredati\/#primaryimage\"},\"thumbnailUrl\":\"https:\/\/www.hautes-alpes.net\/wp-content\/uploads\/2025\/12\/chalet-l-e-toile-alpesphotographiescom-8-1600x1000.jpg\",\"datePublished\":\"2025-11-24T15:28:00+00:00\",\"dateModified\":\"2026-04-02T09:28:40+00:00\",\"description\":\"Classificazione degli alloggi turistici arredati La classifica \u00e8 vincente! L'Agenzia per lo Sviluppo delle Hautes-Alpes \u00e8 autorizzata a classificare gli\",\"breadcrumb\":{\"@id\":\"https:\/\/www.hautes-alpes.net\/it\/lagenzia-per-lo-sviluppo\/classificazione-degli-alloggi-turistici-arredati\/#breadcrumb\"},\"inLanguage\":\"it-IT\",\"potentialAction\":[{\"@type\":\"ReadAction\",\"target\":[\"https:\/\/www.hautes-alpes.net\/it\/lagenzia-per-lo-sviluppo\/classificazione-degli-alloggi-turistici-arredati\/\"]}]},{\"@type\":\"ImageObject\",\"inLanguage\":\"it-IT\",\"@id\":\"https:\/\/www.hautes-alpes.net\/it\/lagenzia-per-lo-sviluppo\/classificazione-degli-alloggi-turistici-arredati\/#primaryimage\",\"url\":\"https:\/\/www.hautes-alpes.net\/wp-content\/uploads\/2025\/12\/chalet-l-e-toile-alpesphotographiescom-8-1600x1000.jpg\",\"contentUrl\":\"https:\/\/www.hautes-alpes.net\/wp-content\/uploads\/2025\/12\/chalet-l-e-toile-alpesphotographiescom-8-1600x1000.jpg\"},{\"@type\":\"BreadcrumbList\",\"@id\":\"https:\/\/www.hautes-alpes.net\/it\/lagenzia-per-lo-sviluppo\/classificazione-degli-alloggi-turistici-arredati\/#breadcrumb\",\"itemListElement\":[{\"@type\":\"ListItem\",\"position\":1,\"name\":\"Home\",\"item\":\"https:\/\/www.hautes-alpes.net\/it\/hautes-alpes\/\"},{\"@type\":\"ListItem\",\"position\":2,\"name\":\"L&#8217;Agenzia per lo sviluppo\",\"item\":\"https:\/\/www.hautes-alpes.net\/it\/lagenzia-per-lo-sviluppo\/\"},{\"@type\":\"ListItem\",\"position\":3,\"name\":\"L&rsquo;Agenzia per lo sviluppo\",\"item\":\"https:\/\/www.hautes-alpes.net\/it\/lagenzia-per-lo-sviluppo\/\"},{\"@type\":\"ListItem\",\"position\":4,\"name\":\"Classificazione degli alloggi turistici arredati\"}]},{\"@type\":\"WebSite\",\"@id\":\"https:\/\/www.hautes-alpes.net\/it\/#website\",\"url\":\"https:\/\/www.hautes-alpes.net\/it\/\",\"name\":\"ADDET\",\"description\":\"\",\"publisher\":{\"@id\":\"https:\/\/www.hautes-alpes.net\/it\/#organization\"},\"potentialAction\":[{\"@type\":\"SearchAction\",\"target\":{\"@type\":\"EntryPoint\",\"urlTemplate\":\"https:\/\/www.hautes-alpes.net\/it\/?s={search_term_string}\"},\"query-input\":{\"@type\":\"PropertyValueSpecification\",\"valueRequired\":true,\"valueName\":\"search_term_string\"}}],\"inLanguage\":\"it-IT\"},{\"@type\":\"Organization\",\"@id\":\"https:\/\/www.hautes-alpes.net\/it\/#organization\",\"name\":\"Agence D\u00e9partementale de D\u00e9veloppement Economique et Touristique des Hautes-Alpes\",\"url\":\"https:\/\/www.hautes-alpes.net\/it\/\",\"logo\":{\"@type\":\"ImageObject\",\"inLanguage\":\"it-IT\",\"@id\":\"https:\/\/www.hautes-alpes.net\/it\/#\/schema\/logo\/image\/\",\"url\":\"https:\/\/www.hautes-alpes.net\/wp-content\/uploads\/2026\/01\/black-logo-2.svg\",\"contentUrl\":\"https:\/\/www.hautes-alpes.net\/wp-content\/uploads\/2026\/01\/black-logo-2.svg\",\"caption\":\"Agence D\u00e9partementale de D\u00e9veloppement Economique et Touristique des Hautes-Alpes\"},\"image\":{\"@id\":\"https:\/\/www.hautes-alpes.net\/it\/#\/schema\/logo\/image\/\"}}]}<\/script>\n<!-- \/ Yoast SEO plugin. -->","yoast_head_json":{"title":"Classificazione degli alloggi turistici arredati - Hautes-Alpes","description":"Classificazione degli alloggi turistici arredati La classifica \u00e8 vincente! L'Agenzia per lo Sviluppo delle Hautes-Alpes \u00e8 autorizzata a classificare gli","robots":{"index":"index","follow":"follow","max-snippet":"max-snippet:-1","max-image-preview":"max-image-preview:large","max-video-preview":"max-video-preview:-1"},"canonical":"https:\/\/www.hautes-alpes.net\/it\/lagenzia-per-lo-sviluppo\/classificazione-degli-alloggi-turistici-arredati\/","og_locale":"it_IT","og_type":"article","og_title":"Classificazione degli alloggi turistici arredati - Hautes-Alpes","og_description":"Classificazione degli alloggi turistici arredati La classifica \u00e8 vincente! L'Agenzia per lo Sviluppo delle Hautes-Alpes \u00e8 autorizzata a classificare gli","og_url":"https:\/\/www.hautes-alpes.net\/it\/lagenzia-per-lo-sviluppo\/classificazione-degli-alloggi-turistici-arredati\/","og_site_name":"Hautes-Alpes","article_modified_time":"2026-04-02T09:28:40+00:00","og_image":[{"url":"https:\/\/www.hautes-alpes.net\/wp-content\/uploads\/2025\/12\/chalet-l-e-toile-alpesphotographiescom-8-1600x1000.jpg","type":"","width":"","height":""}],"twitter_card":"summary_large_image","twitter_misc":{"Tempo di lettura stimato":"2 minuti"},"schema":{"@context":"https:\/\/schema.org","@graph":[{"@type":"WebPage","@id":"https:\/\/www.hautes-alpes.net\/it\/lagenzia-per-lo-sviluppo\/classificazione-degli-alloggi-turistici-arredati\/","url":"https:\/\/www.hautes-alpes.net\/it\/lagenzia-per-lo-sviluppo\/classificazione-degli-alloggi-turistici-arredati\/","name":"Classificazione degli alloggi turistici arredati - Hautes-Alpes","isPartOf":{"@id":"https:\/\/www.hautes-alpes.net\/it\/#website"},"primaryImageOfPage":{"@id":"https:\/\/www.hautes-alpes.net\/it\/lagenzia-per-lo-sviluppo\/classificazione-degli-alloggi-turistici-arredati\/#primaryimage"},"image":{"@id":"https:\/\/www.hautes-alpes.net\/it\/lagenzia-per-lo-sviluppo\/classificazione-degli-alloggi-turistici-arredati\/#primaryimage"},"thumbnailUrl":"https:\/\/www.hautes-alpes.net\/wp-content\/uploads\/2025\/12\/chalet-l-e-toile-alpesphotographiescom-8-1600x1000.jpg","datePublished":"2025-11-24T15:28:00+00:00","dateModified":"2026-04-02T09:28:40+00:00","description":"Classificazione degli alloggi turistici arredati La classifica \u00e8 vincente! L'Agenzia per lo Sviluppo delle Hautes-Alpes \u00e8 autorizzata a classificare gli","breadcrumb":{"@id":"https:\/\/www.hautes-alpes.net\/it\/lagenzia-per-lo-sviluppo\/classificazione-degli-alloggi-turistici-arredati\/#breadcrumb"},"inLanguage":"it-IT","potentialAction":[{"@type":"ReadAction","target":["https:\/\/www.hautes-alpes.net\/it\/lagenzia-per-lo-sviluppo\/classificazione-degli-alloggi-turistici-arredati\/"]}]},{"@type":"ImageObject","inLanguage":"it-IT","@id":"https:\/\/www.hautes-alpes.net\/it\/lagenzia-per-lo-sviluppo\/classificazione-degli-alloggi-turistici-arredati\/#primaryimage","url":"https:\/\/www.hautes-alpes.net\/wp-content\/uploads\/2025\/12\/chalet-l-e-toile-alpesphotographiescom-8-1600x1000.jpg","contentUrl":"https:\/\/www.hautes-alpes.net\/wp-content\/uploads\/2025\/12\/chalet-l-e-toile-alpesphotographiescom-8-1600x1000.jpg"},{"@type":"BreadcrumbList","@id":"https:\/\/www.hautes-alpes.net\/it\/lagenzia-per-lo-sviluppo\/classificazione-degli-alloggi-turistici-arredati\/#breadcrumb","itemListElement":[{"@type":"ListItem","position":1,"name":"Home","item":"https:\/\/www.hautes-alpes.net\/it\/hautes-alpes\/"},{"@type":"ListItem","position":2,"name":"L&#8217;Agenzia per lo sviluppo","item":"https:\/\/www.hautes-alpes.net\/it\/lagenzia-per-lo-sviluppo\/"},{"@type":"ListItem","position":3,"name":"L&rsquo;Agenzia per lo sviluppo","item":"https:\/\/www.hautes-alpes.net\/it\/lagenzia-per-lo-sviluppo\/"},{"@type":"ListItem","position":4,"name":"Classificazione degli alloggi turistici arredati"}]},{"@type":"WebSite","@id":"https:\/\/www.hautes-alpes.net\/it\/#website","url":"https:\/\/www.hautes-alpes.net\/it\/","name":"ADDET","description":"","publisher":{"@id":"https:\/\/www.hautes-alpes.net\/it\/#organization"},"potentialAction":[{"@type":"SearchAction","target":{"@type":"EntryPoint","urlTemplate":"https:\/\/www.hautes-alpes.net\/it\/?s={search_term_string}"},"query-input":{"@type":"PropertyValueSpecification","valueRequired":true,"valueName":"search_term_string"}}],"inLanguage":"it-IT"},{"@type":"Organization","@id":"https:\/\/www.hautes-alpes.net\/it\/#organization","name":"Agence D\u00e9partementale de D\u00e9veloppement Economique et Touristique des Hautes-Alpes","url":"https:\/\/www.hautes-alpes.net\/it\/","logo":{"@type":"ImageObject","inLanguage":"it-IT","@id":"https:\/\/www.hautes-alpes.net\/it\/#\/schema\/logo\/image\/","url":"https:\/\/www.hautes-alpes.net\/wp-content\/uploads\/2026\/01\/black-logo-2.svg","contentUrl":"https:\/\/www.hautes-alpes.net\/wp-content\/uploads\/2026\/01\/black-logo-2.svg","caption":"Agence D\u00e9partementale de D\u00e9veloppement Economique et Touristique des Hautes-Alpes"},"image":{"@id":"https:\/\/www.hautes-alpes.net\/it\/#\/schema\/logo\/image\/"}}]}},"_links":{"self":[{"href":"https:\/\/www.hautes-alpes.net\/it\/wp-json\/wp\/v2\/pages\/109533","targetHints":{"allow":["GET"]}}],"collection":[{"href":"https:\/\/www.hautes-alpes.net\/it\/wp-json\/wp\/v2\/pages"}],"about":[{"href":"https:\/\/www.hautes-alpes.net\/it\/wp-json\/wp\/v2\/types\/page"}],"author":[{"embeddable":true,"href":"https:\/\/www.hautes-alpes.net\/it\/wp-json\/wp\/v2\/users\/5"}],"replies":[{"embeddable":true,"href":"https:\/\/www.hautes-alpes.net\/it\/wp-json\/wp\/v2\/comments?post=109533"}],"version-history":[{"count":10,"href":"https:\/\/www.hautes-alpes.net\/it\/wp-json\/wp\/v2\/pages\/109533\/revisions"}],"predecessor-version":[{"id":448633,"href":"https:\/\/www.hautes-alpes.net\/it\/wp-json\/wp\/v2\/pages\/109533\/revisions\/448633"}],"up":[{"embeddable":true,"href":"https:\/\/www.hautes-alpes.net\/it\/wp-json\/wp\/v2\/pages\/106579"}],"wp:attachment":[{"href":"https:\/\/www.hautes-alpes.net\/it\/wp-json\/wp\/v2\/media?parent=109533"}],"wp:term":[{"taxonomy":"page_label","embeddable":true,"href":"https:\/\/www.hautes-alpes.net\/it\/wp-json\/wp\/v2\/page_label?post=109533"}],"curies":[{"name":"wp","href":"https:\/\/api.w.org\/{rel}","templated":true}]}}