{"id":109532,"date":"2025-11-25T17:57:42","date_gmt":"2025-11-25T16:57:42","guid":{"rendered":"https:\/\/www.hautes-alpes.net\/i-preferiti\/miele-neve-e-rocknroll\/"},"modified":"2025-12-22T16:02:30","modified_gmt":"2025-12-22T15:02:30","slug":"miele-neve-e-rocknroll","status":"publish","type":"page","link":"https:\/\/www.hautes-alpes.net\/it\/i-preferiti\/miele-neve-e-rocknroll\/","title":{"rendered":"Miele, neve e rock&#8217;n&#8217;roll"},"content":{"rendered":"\n<div class=\"wp-block-group alignfull hero-banner-simple has-global-padding is-layout-constrained wp-block-group-is-layout-constrained\"><div class=\"yoast-breadcrumbs\"><span><span><a href=\"https:\/\/www.hautes-alpes.net\/it\/hautes-alpes\/\">Accueil<\/a><\/span>  <span><a href=\"https:\/\/www.hautes-alpes.net\/it\/i-preferiti\/\">I preferiti<\/a><\/span>  <span><a href=\"https:\/\/www.hautes-alpes.net\/it\/i-preferiti\/\">I preferiti<\/a><\/span>  <span class=\"breadcrumb_last\" aria-current=\"page\">Miele, neve e rock&#8217;n&#8217;roll<\/span><\/span><\/div>\n\n\n<h1 class=\"wp-block-ws-library-post-title\">Miele, neve e rock&#8217;n&#8217;roll<\/h1>\n\n\n\n<p class=\"subtitle\">Baracche di zucchero che fondono le Alpi<\/p>\n\n\n\n<p>Tra due curve e un bicchiere di vin brul\u00e9, a Serre Chevalier e Montgen\u00e8vre \u00e8 nato un nuovo rituale: la pausa zucchero!<\/p>\n<\/div>\n\n<p><\/p>\n\n<div class=\"wp-block-ws-library-ws-slider alignfull\"><div class=\"splide\" data-splide=\"{&quot;type&quot;:&quot;loop&quot;,&quot;start&quot;:0,&quot;autoWidth&quot;:1,&quot;drag&quot;:&quot;free&quot;,&quot;snap&quot;:true,&quot;pagination&quot;:false,&quot;gap&quot;:&quot;45px&quot;,&quot;trimSpace&quot;:&quot;move&quot;,&quot;arrows&quot;:false,&quot;breakpoints&quot;:{&quot;1200&quot;:{&quot;gap&quot;:&quot;15px&quot;}},&quot;classes&quot;:{}}\"><div class=\"splide__track\"><div class=\"splide__list\"><div class=\"splide__slide\"><a href=\"https:\/\/www.hautes-alpes.net\/wp-content\/uploads\/2025\/11\/cabane-a-sucre-4.jpg\" data-glightbox=\"true\" class=\"lightbox-trigger\"><img decoding=\"async\" src=\"https:\/\/www.hautes-alpes.net\/wp-content\/uploads\/2025\/11\/cabane-a-sucre-4-930x620.jpg\" alt=\"\"\/><\/a><\/div><div class=\"splide__slide\"><a href=\"https:\/\/www.hautes-alpes.net\/wp-content\/uploads\/2025\/11\/cabane-a-sucre-11.jpg\" data-glightbox=\"true\" class=\"lightbox-trigger\"><img decoding=\"async\" src=\"https:\/\/www.hautes-alpes.net\/wp-content\/uploads\/2025\/11\/cabane-a-sucre-11-413x620.jpg\" alt=\"\"\/><\/a><\/div><div class=\"splide__slide\"><a href=\"https:\/\/www.hautes-alpes.net\/wp-content\/uploads\/2025\/11\/serre-chevalier-cabane-a-sucre-2-credit-alpes-photographie.jpg\" data-glightbox=\"true\" class=\"lightbox-trigger\"><img decoding=\"async\" src=\"https:\/\/www.hautes-alpes.net\/wp-content\/uploads\/2025\/11\/serre-chevalier-cabane-a-sucre-2-credit-alpes-photographie-929x620.jpg\" alt=\"\"\/><\/a><\/div><div class=\"splide__slide\"><a href=\"https:\/\/www.hautes-alpes.net\/wp-content\/uploads\/2025\/11\/cabane-a-sucre-6.jpg\" data-glightbox=\"true\" class=\"lightbox-trigger\"><img decoding=\"async\" src=\"https:\/\/www.hautes-alpes.net\/wp-content\/uploads\/2025\/11\/cabane-a-sucre-6-413x620.jpg\" alt=\"\"\/><\/a><\/div><div class=\"splide__slide\"><a href=\"https:\/\/www.hautes-alpes.net\/wp-content\/uploads\/2025\/11\/cabane-a-sucre-12.jpg\" data-glightbox=\"true\" class=\"lightbox-trigger\"><img decoding=\"async\" src=\"https:\/\/www.hautes-alpes.net\/wp-content\/uploads\/2025\/11\/cabane-a-sucre-12-930x620.jpg\" alt=\"\"\/><\/a><\/div><\/div><\/div><\/div><\/div>\n\n<p>Non stiamo parlando della borsa della mensa, no, ma di quella vera, quella grezza e fatta in casa. <strong>Tre cabine, tre atmosfere: Myrtille, Fr\u00e9jus, Monty<\/strong>. Tre luoghi in cui puoi sostituire l&#8217;insipida barretta energetica con un lecca-lecca al miele fatto in casa. Il concetto? Riscaldare, intingere e leccare. Semplice, istintivo e terribilmente coinvolgente.    <\/p>\n\n<p>A <strong>Serre Chevalier<\/strong>, la Cabane Myrtille offre un&#8217;atmosfera dolce e sportiva, con <strong>laboratori, giochi sulla neve<\/strong> e <strong>lancio dell&#8217;ascia<\/strong> per i buongustai pi\u00f9 industriosi. Poco pi\u00f9 avanti, la Cabane Fr\u00e9jus riscalda il corpo con il sole delle Alpi e la PCR, la famosa Mela, Cannella, Rum&#8230; <\/p>\n\n<p>A <strong>Monginevro<\/strong>, nella Cabane Monty regna lo spirito da trapper con <strong>tronchi, marshmallow alla griglia, digestivi locali e buon umore<\/strong>. Tra le due localit\u00e0, la filosofia rimane la stessa: staccare la spina, farsi una risata e godersi un dolce senza pensieri. Le montagne riscoprono il loro sapore infantile di zucchero caldo e di guance arrossate dal freddo.  <\/p>\n\n<div class=\"wp-block-ws-library-ws-image is-style-simple\"><div class=\"wrapper\"><div class=\"group-media\"><img decoding=\"async\" src=\"https:\/\/www.hautes-alpes.net\/wp-content\/uploads\/2025\/11\/cabane-a-sucre-5-1240x800.jpg\" alt=\"\" class=\"single_image ws-image-80723\"><div class=\"credits\">Fotografie delle Alpi<\/div><\/div><p class=\"caption\"><\/p><\/div><\/div>\n\n<div class=\"wp-block-ws-library-ws-share\"><span class=\"share-subtitle\">Ti \u00e8 piaciuta questa pagina?<\/span><span class=\"share-title\">Condividilo!<\/span><button class=\"ws-share-button wp-element-button\">Condividi questa pagina<\/button><\/div>\n\n<div class=\"wp-block-ws-library-ws-image\"\/>\n","protected":false},"excerpt":{"rendered":"<p>Baracche di zucchero che fondono le Alpi Tra due curve e un bicchiere di vin brul\u00e9, a Serre Chevalier e [&hellip;]<\/p>\n","protected":false},"author":6,"featured_media":0,"parent":107984,"menu_order":0,"comment_status":"closed","ping_status":"closed","template":"","meta":{"is_dark_mode":false,"footnotes":""},"page_label":[],"class_list":["post-109532","page","type-page","status-publish","hentry"],"yoast_head":"<!-- This site is optimized with the Yoast SEO plugin v27.2 - https:\/\/yoast.com\/product\/yoast-seo-wordpress\/ -->\n<title>Miele, neve e rock&#039;n&#039;roll - Hautes-Alpes<\/title>\n<meta name=\"description\" content=\"Miele, neve e rock&#039;n&#039;roll Baracche di zucchero che fondono le Alpi Tra due curve e un bicchiere di vin brul\u00e9, a Serre Chevalier e Montgen\u00e8vre \u00e8 nato un\" \/>\n<meta name=\"robots\" content=\"index, follow, max-snippet:-1, max-image-preview:large, max-video-preview:-1\" \/>\n<link rel=\"canonical\" href=\"https:\/\/www.hautes-alpes.net\/it\/i-preferiti\/miele-neve-e-rocknroll\/\" \/>\n<meta property=\"og:locale\" content=\"it_IT\" \/>\n<meta property=\"og:type\" content=\"article\" \/>\n<meta property=\"og:title\" content=\"Miele, neve e rock&#039;n&#039;roll - Hautes-Alpes\" \/>\n<meta property=\"og:description\" content=\"Miele, neve e rock&#039;n&#039;roll Baracche di zucchero che fondono le Alpi Tra due curve e un bicchiere di vin brul\u00e9, a Serre Chevalier e Montgen\u00e8vre \u00e8 nato un\" \/>\n<meta property=\"og:url\" content=\"https:\/\/www.hautes-alpes.net\/it\/i-preferiti\/miele-neve-e-rocknroll\/\" \/>\n<meta property=\"og:site_name\" content=\"Hautes-Alpes\" \/>\n<meta property=\"article:modified_time\" content=\"2025-12-22T15:02:30+00:00\" \/>\n<meta property=\"og:image\" content=\"https:\/\/www.hautes-alpes.net\/wp-content\/uploads\/2025\/11\/cabane-a-sucre-4-930x620.jpg\" \/>\n<meta name=\"twitter:card\" content=\"summary_large_image\" \/>\n<meta name=\"twitter:label1\" content=\"Tempo di lettura stimato\" \/>\n\t<meta name=\"twitter:data1\" content=\"1 minuto\" \/>\n<script type=\"application\/ld+json\" class=\"yoast-schema-graph\">{\"@context\":\"https:\/\/schema.org\",\"@graph\":[{\"@type\":\"WebPage\",\"@id\":\"https:\/\/www.hautes-alpes.net\/it\/i-preferiti\/miele-neve-e-rocknroll\/\",\"url\":\"https:\/\/www.hautes-alpes.net\/it\/i-preferiti\/miele-neve-e-rocknroll\/\",\"name\":\"Miele, neve e rock'n'roll - Hautes-Alpes\",\"isPartOf\":{\"@id\":\"https:\/\/www.hautes-alpes.net\/it\/#website\"},\"primaryImageOfPage\":{\"@id\":\"https:\/\/www.hautes-alpes.net\/it\/i-preferiti\/miele-neve-e-rocknroll\/#primaryimage\"},\"image\":{\"@id\":\"https:\/\/www.hautes-alpes.net\/it\/i-preferiti\/miele-neve-e-rocknroll\/#primaryimage\"},\"thumbnailUrl\":\"https:\/\/www.hautes-alpes.net\/wp-content\/uploads\/2025\/11\/cabane-a-sucre-4-930x620.jpg\",\"datePublished\":\"2025-11-25T16:57:42+00:00\",\"dateModified\":\"2025-12-22T15:02:30+00:00\",\"description\":\"Miele, neve e rock'n'roll Baracche di zucchero che fondono le Alpi Tra due curve e un bicchiere di vin brul\u00e9, a Serre Chevalier e Montgen\u00e8vre \u00e8 nato un\",\"breadcrumb\":{\"@id\":\"https:\/\/www.hautes-alpes.net\/it\/i-preferiti\/miele-neve-e-rocknroll\/#breadcrumb\"},\"inLanguage\":\"it-IT\",\"potentialAction\":[{\"@type\":\"ReadAction\",\"target\":[\"https:\/\/www.hautes-alpes.net\/it\/i-preferiti\/miele-neve-e-rocknroll\/\"]}]},{\"@type\":\"ImageObject\",\"inLanguage\":\"it-IT\",\"@id\":\"https:\/\/www.hautes-alpes.net\/it\/i-preferiti\/miele-neve-e-rocknroll\/#primaryimage\",\"url\":\"https:\/\/www.hautes-alpes.net\/wp-content\/uploads\/2025\/11\/cabane-a-sucre-4-930x620.jpg\",\"contentUrl\":\"https:\/\/www.hautes-alpes.net\/wp-content\/uploads\/2025\/11\/cabane-a-sucre-4-930x620.jpg\"},{\"@type\":\"BreadcrumbList\",\"@id\":\"https:\/\/www.hautes-alpes.net\/it\/i-preferiti\/miele-neve-e-rocknroll\/#breadcrumb\",\"itemListElement\":[{\"@type\":\"ListItem\",\"position\":1,\"name\":\"Accueil\",\"item\":\"https:\/\/www.hautes-alpes.net\/it\/hautes-alpes\/\"},{\"@type\":\"ListItem\",\"position\":2,\"name\":\"I preferiti\",\"item\":\"https:\/\/www.hautes-alpes.net\/it\/i-preferiti\/\"},{\"@type\":\"ListItem\",\"position\":3,\"name\":\"I preferiti\",\"item\":\"https:\/\/www.hautes-alpes.net\/it\/i-preferiti\/\"},{\"@type\":\"ListItem\",\"position\":4,\"name\":\"Miele, neve e rock&#8217;n&#8217;roll\"}]},{\"@type\":\"WebSite\",\"@id\":\"https:\/\/www.hautes-alpes.net\/it\/#website\",\"url\":\"https:\/\/www.hautes-alpes.net\/it\/\",\"name\":\"ADDET\",\"description\":\"\",\"publisher\":{\"@id\":\"https:\/\/www.hautes-alpes.net\/it\/#organization\"},\"potentialAction\":[{\"@type\":\"SearchAction\",\"target\":{\"@type\":\"EntryPoint\",\"urlTemplate\":\"https:\/\/www.hautes-alpes.net\/it\/?s={search_term_string}\"},\"query-input\":{\"@type\":\"PropertyValueSpecification\",\"valueRequired\":true,\"valueName\":\"search_term_string\"}}],\"inLanguage\":\"it-IT\"},{\"@type\":\"Organization\",\"@id\":\"https:\/\/www.hautes-alpes.net\/it\/#organization\",\"name\":\"Agence D\u00e9partementale de D\u00e9veloppement Economique et Touristique des Hautes-Alpes\",\"url\":\"https:\/\/www.hautes-alpes.net\/it\/\",\"logo\":{\"@type\":\"ImageObject\",\"inLanguage\":\"it-IT\",\"@id\":\"https:\/\/www.hautes-alpes.net\/it\/#\/schema\/logo\/image\/\",\"url\":\"https:\/\/www.hautes-alpes.net\/wp-content\/uploads\/2026\/01\/black-logo-2.svg\",\"contentUrl\":\"https:\/\/www.hautes-alpes.net\/wp-content\/uploads\/2026\/01\/black-logo-2.svg\",\"caption\":\"Agence D\u00e9partementale de D\u00e9veloppement Economique et Touristique des Hautes-Alpes\"},\"image\":{\"@id\":\"https:\/\/www.hautes-alpes.net\/it\/#\/schema\/logo\/image\/\"}}]}<\/script>\n<!-- \/ Yoast SEO plugin. -->","yoast_head_json":{"title":"Miele, neve e rock'n'roll - Hautes-Alpes","description":"Miele, neve e rock'n'roll Baracche di zucchero che fondono le Alpi Tra due curve e un bicchiere di vin brul\u00e9, a Serre Chevalier e Montgen\u00e8vre \u00e8 nato un","robots":{"index":"index","follow":"follow","max-snippet":"max-snippet:-1","max-image-preview":"max-image-preview:large","max-video-preview":"max-video-preview:-1"},"canonical":"https:\/\/www.hautes-alpes.net\/it\/i-preferiti\/miele-neve-e-rocknroll\/","og_locale":"it_IT","og_type":"article","og_title":"Miele, neve e rock'n'roll - Hautes-Alpes","og_description":"Miele, neve e rock'n'roll Baracche di zucchero che fondono le Alpi Tra due curve e un bicchiere di vin brul\u00e9, a Serre Chevalier e Montgen\u00e8vre \u00e8 nato un","og_url":"https:\/\/www.hautes-alpes.net\/it\/i-preferiti\/miele-neve-e-rocknroll\/","og_site_name":"Hautes-Alpes","article_modified_time":"2025-12-22T15:02:30+00:00","og_image":[{"url":"https:\/\/www.hautes-alpes.net\/wp-content\/uploads\/2025\/11\/cabane-a-sucre-4-930x620.jpg","type":"","width":"","height":""}],"twitter_card":"summary_large_image","twitter_misc":{"Tempo di lettura stimato":"1 minuto"},"schema":{"@context":"https:\/\/schema.org","@graph":[{"@type":"WebPage","@id":"https:\/\/www.hautes-alpes.net\/it\/i-preferiti\/miele-neve-e-rocknroll\/","url":"https:\/\/www.hautes-alpes.net\/it\/i-preferiti\/miele-neve-e-rocknroll\/","name":"Miele, neve e rock'n'roll - Hautes-Alpes","isPartOf":{"@id":"https:\/\/www.hautes-alpes.net\/it\/#website"},"primaryImageOfPage":{"@id":"https:\/\/www.hautes-alpes.net\/it\/i-preferiti\/miele-neve-e-rocknroll\/#primaryimage"},"image":{"@id":"https:\/\/www.hautes-alpes.net\/it\/i-preferiti\/miele-neve-e-rocknroll\/#primaryimage"},"thumbnailUrl":"https:\/\/www.hautes-alpes.net\/wp-content\/uploads\/2025\/11\/cabane-a-sucre-4-930x620.jpg","datePublished":"2025-11-25T16:57:42+00:00","dateModified":"2025-12-22T15:02:30+00:00","description":"Miele, neve e rock'n'roll Baracche di zucchero che fondono le Alpi Tra due curve e un bicchiere di vin brul\u00e9, a Serre Chevalier e Montgen\u00e8vre \u00e8 nato un","breadcrumb":{"@id":"https:\/\/www.hautes-alpes.net\/it\/i-preferiti\/miele-neve-e-rocknroll\/#breadcrumb"},"inLanguage":"it-IT","potentialAction":[{"@type":"ReadAction","target":["https:\/\/www.hautes-alpes.net\/it\/i-preferiti\/miele-neve-e-rocknroll\/"]}]},{"@type":"ImageObject","inLanguage":"it-IT","@id":"https:\/\/www.hautes-alpes.net\/it\/i-preferiti\/miele-neve-e-rocknroll\/#primaryimage","url":"https:\/\/www.hautes-alpes.net\/wp-content\/uploads\/2025\/11\/cabane-a-sucre-4-930x620.jpg","contentUrl":"https:\/\/www.hautes-alpes.net\/wp-content\/uploads\/2025\/11\/cabane-a-sucre-4-930x620.jpg"},{"@type":"BreadcrumbList","@id":"https:\/\/www.hautes-alpes.net\/it\/i-preferiti\/miele-neve-e-rocknroll\/#breadcrumb","itemListElement":[{"@type":"ListItem","position":1,"name":"Accueil","item":"https:\/\/www.hautes-alpes.net\/it\/hautes-alpes\/"},{"@type":"ListItem","position":2,"name":"I preferiti","item":"https:\/\/www.hautes-alpes.net\/it\/i-preferiti\/"},{"@type":"ListItem","position":3,"name":"I preferiti","item":"https:\/\/www.hautes-alpes.net\/it\/i-preferiti\/"},{"@type":"ListItem","position":4,"name":"Miele, neve e rock&#8217;n&#8217;roll"}]},{"@type":"WebSite","@id":"https:\/\/www.hautes-alpes.net\/it\/#website","url":"https:\/\/www.hautes-alpes.net\/it\/","name":"ADDET","description":"","publisher":{"@id":"https:\/\/www.hautes-alpes.net\/it\/#organization"},"potentialAction":[{"@type":"SearchAction","target":{"@type":"EntryPoint","urlTemplate":"https:\/\/www.hautes-alpes.net\/it\/?s={search_term_string}"},"query-input":{"@type":"PropertyValueSpecification","valueRequired":true,"valueName":"search_term_string"}}],"inLanguage":"it-IT"},{"@type":"Organization","@id":"https:\/\/www.hautes-alpes.net\/it\/#organization","name":"Agence D\u00e9partementale de D\u00e9veloppement Economique et Touristique des Hautes-Alpes","url":"https:\/\/www.hautes-alpes.net\/it\/","logo":{"@type":"ImageObject","inLanguage":"it-IT","@id":"https:\/\/www.hautes-alpes.net\/it\/#\/schema\/logo\/image\/","url":"https:\/\/www.hautes-alpes.net\/wp-content\/uploads\/2026\/01\/black-logo-2.svg","contentUrl":"https:\/\/www.hautes-alpes.net\/wp-content\/uploads\/2026\/01\/black-logo-2.svg","caption":"Agence D\u00e9partementale de D\u00e9veloppement Economique et Touristique des Hautes-Alpes"},"image":{"@id":"https:\/\/www.hautes-alpes.net\/it\/#\/schema\/logo\/image\/"}}]}},"_links":{"self":[{"href":"https:\/\/www.hautes-alpes.net\/it\/wp-json\/wp\/v2\/pages\/109532","targetHints":{"allow":["GET"]}}],"collection":[{"href":"https:\/\/www.hautes-alpes.net\/it\/wp-json\/wp\/v2\/pages"}],"about":[{"href":"https:\/\/www.hautes-alpes.net\/it\/wp-json\/wp\/v2\/types\/page"}],"author":[{"embeddable":true,"href":"https:\/\/www.hautes-alpes.net\/it\/wp-json\/wp\/v2\/users\/6"}],"replies":[{"embeddable":true,"href":"https:\/\/www.hautes-alpes.net\/it\/wp-json\/wp\/v2\/comments?post=109532"}],"version-history":[{"count":3,"href":"https:\/\/www.hautes-alpes.net\/it\/wp-json\/wp\/v2\/pages\/109532\/revisions"}],"predecessor-version":[{"id":129249,"href":"https:\/\/www.hautes-alpes.net\/it\/wp-json\/wp\/v2\/pages\/109532\/revisions\/129249"}],"up":[{"embeddable":true,"href":"https:\/\/www.hautes-alpes.net\/it\/wp-json\/wp\/v2\/pages\/107984"}],"wp:attachment":[{"href":"https:\/\/www.hautes-alpes.net\/it\/wp-json\/wp\/v2\/media?parent=109532"}],"wp:term":[{"taxonomy":"page_label","embeddable":true,"href":"https:\/\/www.hautes-alpes.net\/it\/wp-json\/wp\/v2\/page_label?post=109532"}],"curies":[{"name":"wp","href":"https:\/\/api.w.org\/{rel}","templated":true}]}}