{"id":109260,"date":"2025-11-21T11:36:54","date_gmt":"2025-11-21T10:36:54","guid":{"rendered":"https:\/\/www.hautes-alpes.net\/fughe\/percorso-napoleon\/"},"modified":"2025-12-24T14:53:18","modified_gmt":"2025-12-24T13:53:18","slug":"percorso-napoleon","status":"publish","type":"page","link":"https:\/\/www.hautes-alpes.net\/it\/fughe\/percorso-napoleon\/","title":{"rendered":"Percorso Napol\u00e9on"},"content":{"rendered":"\n<div class=\"wp-block-group alignfull hero-banner-cover-wide has-global-padding is-layout-constrained wp-block-group-is-layout-constrained\"><div class=\"yoast-breadcrumbs\"><span><span><a href=\"https:\/\/www.hautes-alpes.net\/it\/hautes-alpes\/\">Home<\/a><\/span>  <span><a href=\"https:\/\/www.hautes-alpes.net\/it\/fughe\/\">Fughe<\/a><\/span>  <span><a href=\"https:\/\/www.hautes-alpes.net\/it\/fughe\/\">Fughe<\/a><\/span>  <span class=\"breadcrumb_last\" aria-current=\"page\">Percorso Napol\u00e9on<\/span><\/span><\/div>\n\n\n<h1 class=\"wp-block-ws-library-post-title\">Percorso <span class=\"text-highlight\">Napol\u00e9on<\/span><\/h1>\n\n\n\n<div class=\"wp-block-ws-library-media-embed ws-media-embed\"><img decoding=\"async\" src=\"https:\/\/www.hautes-alpes.net\/wp-content\/uploads\/2025\/12\/copyright-pat-domeyne-1-2000x1000.jpg\" alt=\"\" class=\"ws-media-embed__image\" style=\"aspect-ratio:2000\/1000\"><\/div>\n\n\n\n<p class=\"subtitle\"><\/p>\n\n\n\n<p><\/p>\n<\/div>\n\n<div style=\"height:50px\" aria-hidden=\"true\" class=\"wp-block-spacer\"><\/div>\n\n<div class=\"wp-block-group alignfull block-etapes has-global-padding is-layout-constrained wp-block-group-is-layout-constrained\">\n<h2 class=\"wp-block-heading is-style-title-1\"><em>Il tuo itinerarioSulle<\/em>orme dell<strong>&#8216;imperatore<\/strong><\/h2>\n\n\n\n<p>Tra il Mediterraneo e le Alpi, la Route Napol\u00e9on traccia un filo di storia e paesaggi grandiosi. Nelle Hautes-Alpes, assume una dimensione speciale: quella di un viaggio eroico e contemplativo allo stesso tempo, dove ogni passo e ogni valle raccontano tanto il gesto imperiale quanto la bellezza selvaggia delle montagne. Il percorso di 314 chilometri \u00e8 diventato una storia di coraggio e audacia.  <\/p>\n<\/div>\n\n<div style=\"height:50px\" aria-hidden=\"true\" class=\"wp-block-spacer\"><\/div>\n\n<div class=\"wp-block-group alignfull step-by-step has-global-padding is-layout-constrained wp-block-group-is-layout-constrained\">\n<div class=\"wp-block-ws-library-ws-columns alignwide has-2-columns are-vertically-aligned-center layout-5050\">\n<div class=\"wp-block-ws-library-ws-column\"><div class=\"wrapper\">\n<h2 class=\"wp-block-heading\"><em>Giorno 1<br\/><\/em><strong>Golfe-Juan <strong>\u2192<\/strong><\/strong> <strong>Sisteron<\/strong><\/h2>\n\n\n\n<p>Marzo 1815: l&#8217;Imperatore sbarca a Golfe-Juan, deciso a riconquistare il trono. Dal piccolo porto del Mediterraneo, la strada si snoda verso l&#8217;interno. Lasciati alle spalle il bagliore azzurro del mare e dirigiti verso i contrafforti delle Alpi. Presto si arriva a Sisteron, la &#8221;porta della Provenza&#8221;, dominata dalla sua maestosa cittadella a guardia della stretta gola della Durance. In questo spettacolare scenario minerale, la memoria dell&#8217;epopea imperiale \u00e8 ancorata nella roccia.    <\/p>\n<\/div><\/div>\n\n\n\n<div class=\"wp-block-ws-library-ws-column\"><div class=\"wrapper\">\n<div class=\"wp-block-ws-library-ws-image\"><div class=\"wrapper\"><div class=\"group-media\"><img decoding=\"async\" src=\"https:\/\/www.hautes-alpes.net\/wp-content\/uploads\/2025\/11\/sisteron-verneuil-1240x800.jpg\" alt=\"\" class=\"single_image ws-image-77887\"><div class=\"credits\">Verneuil<\/div><\/div><p class=\"caption\"><\/p><\/div><\/div>\n<\/div><\/div>\n<\/div>\n\n\n\n<div class=\"wp-block-ws-library-ws-columns alignwide has-2-columns are-vertically-aligned-center layout-5050\">\n<div class=\"wp-block-ws-library-ws-column\"><div class=\"wrapper\">\n<h2 class=\"wp-block-heading\"><em>Giorno 2<br\/><\/em><strong>Lungo la Durance<\/strong><\/h2>\n\n\n\n<p>Poi c&#8217;\u00e8 la salita alla <strong>valle della Durance<\/strong>, un vasto corridoio naturale costeggiato da falesie calcaree e frutteti. I villaggi del <a href=\"https:\/\/www.hautes-alpes.net\/it\/destinazioni-hautes-alpes\/buech\/\"><strong>Bu\u00ebch<\/strong> <\/a>si susseguono, aggrappati ai loro promontori, con le loro strade medievali e gli svettanti campanili. Qui la luce gioca con i campi di lavanda e i frutteti, a volte verdi in primavera, a volte dorati in estate. Questo \u00e8 un itinerario in cui la geografia si sposa con la memoria: ogni villaggio sembra aspettare il passaggio dell&#8217;Imperatore.   <\/p>\n<\/div><\/div>\n\n\n\n<div class=\"wp-block-ws-library-ws-column\"><div class=\"wrapper\">\n<div class=\"wp-block-ws-library-ws-image\"><div class=\"wrapper\"><div class=\"group-media\"><img decoding=\"async\" src=\"https:\/\/www.hautes-alpes.net\/wp-content\/uploads\/2025\/11\/serres-ruelle-pat-1240x800.jpg\" alt=\"Ruelle de Serres etichettata come \"Petite Cit\u00e9 de Caract\u00e8re\" sotto un raggio di sole\" class=\"single_image ws-image-57807\"><div class=\"credits\">P. Domeyne - AD05<\/div><\/div><p class=\"caption\">Ruelle de Serres etichettata come &#8221;Petite Cit\u00e9 de Caract\u00e8re&#8221; sotto un raggio di sole<\/p><\/div><\/div>\n<\/div><\/div>\n<\/div>\n\n\n\n<div class=\"wp-block-ws-library-ws-columns alignwide has-2-columns are-vertically-aligned-center layout-5050\">\n<div class=\"wp-block-ws-library-ws-column\"><div class=\"wrapper\">\n<h2 class=\"wp-block-heading\"><em>Giorno 3<br\/><\/em><strong>Sosta a Gap<\/strong><\/h2>\n\n\n\n<p>Lo scalo a <strong><a href=\"http:\/\/gapen%C3%A7ais\">Gap<\/a><\/strong>la dolce capitale delle Hautes-Alpes, \u00e8 un buon punto di sosta. Il viaggiatore di oggi scoprir\u00e0 una citt\u00e0 vivace, con terrazze animate e strade acciottolate che si aprono sulle cime circostanti. Le montagne circondano la citt\u00e0 come un anfiteatro naturale, offrendo un magnifico spettacolo in ogni stagione: cime innevate in inverno, prati fioriti in estate. \u00c8 facile capire perch\u00e9 Napoleone la trov\u00f2 una tappa strategica e accogliente.<\/p>\n<\/div><\/div>\n\n\n\n<div class=\"wp-block-ws-library-ws-column\"><div class=\"wrapper\">\n<div class=\"wp-block-ws-library-ws-image\"><div class=\"wrapper\"><div class=\"group-media\"><img decoding=\"async\" src=\"https:\/\/www.hautes-alpes.net\/wp-content\/uploads\/2025\/12\/route-napo-detail-facade-gapfabien-thibault-2-1-1240x800.jpg\" alt=\"\" class=\"single_image ws-image-97135\"><div class=\"credits\">F. Thibault<\/div><\/div><p class=\"caption\"><\/p><\/div><\/div>\n<\/div><\/div>\n<\/div>\n\n\n\n<div class=\"wp-block-ws-library-ws-columns alignwide has-2-columns are-vertically-aligned-center layout-5050\">\n<div class=\"wp-block-ws-library-ws-column\"><div class=\"wrapper\">\n<h2 class=\"wp-block-heading\"><em>Giorno 4<br\/><\/em><strong>Bayard <strong>\u2192<\/strong><\/strong> <strong>Laffrey<\/strong><\/h2>\n\n\n\n<p>Dopo Gap, il percorso sale al <strong>Col Bayard<\/strong> (1.246 m) e poi scende a <a href=\"https:\/\/www.hautes-alpes.net\/it\/destinazioni-hautes-alpes\/champsaur-valgaudemar\/\">Champsaur<\/a>, dove si attraversano passi come il Noyer e il Manse, costellati di <strong><a href=\"https:\/\/www.hautes-alpes.net\/it\/iconico\/rifugi\/\">rifugi <\/a>napoleonici<\/strong> progettati nel XIX\u1d49 secolo. Il percorso pu\u00f2 essere esteso verso il Delfinato fino a Grenoble, passando per Laffrey. Qui si svolge uno degli episodi pi\u00f9 famosi: l&#8217;incontro dell&#8217;imperatore con le truppe reali. Oggi il paesaggio parla da solo: un lago tranquillo circondato da ripide creste, dove gli echi della storia si fanno ancora sentire.<\/p>\n<\/div><\/div>\n\n\n\n<div class=\"wp-block-ws-library-ws-column\"><div class=\"wrapper\">\n<div class=\"wp-block-ws-library-ws-image\"><div class=\"wrapper\"><div class=\"group-media\"><img decoding=\"async\" src=\"https:\/\/www.hautes-alpes.net\/wp-content\/uploads\/2025\/12\/dji-0966-1240x800.jpg\" alt=\"\" class=\"single_image ws-image-95064\"><div class=\"credits\">C. Tempier - AD05<\/div><\/div><p class=\"caption\"><\/p><\/div><\/div>\n<\/div><\/div>\n<\/div>\n<\/div>\n\n<div style=\"height:50px\" aria-hidden=\"true\" class=\"wp-block-spacer\"><\/div>\n\n<div class=\"wp-block-ws-library-ws-animated-quote\"><blockquote class=\"quote-container quote-align-undefined\" cite=\"https:\/\/www.websenso.com\"><div class=\"group-media\"><div class=\"field-image\"><img decoding=\"async\" class=\"quote-avatar ws-image-77882\" src=\"https:\/\/www.hautes-alpes.net\/wp-content\/uploads\/2025\/11\/27082015-mg-0446-160x160.jpg\" data-full-url=\"https:\/\/www.hautes-alpes.net\/wp-content\/uploads\/2025\/11\/27082015-mg-0446.jpg\" alt=\"\"><\/div><\/div><footer><cite class=\"quote-subcontent\"><strong>Napoleone Bonaparte<\/strong><\/cite><\/footer><p class=\"quote-content\">&#8221;Di tutte le mie campagne, nessuna offriva bivacchi cos\u00ec maestosi come le montagne delle Hautes-Alpes. Se l&#8217;Impero dovesse rinascere, lo costruirei volentieri qui, tra i passi e le valli.<\/p><\/blockquote><\/div>\n\n<div style=\"height:50px\" aria-hidden=\"true\" class=\"wp-block-spacer\"><\/div>\n\n<h2 class=\"wp-block-heading is-style-title-1\">Quaderno <strong>pratico<\/strong><\/h2>\n\n<div class=\"wp-block-ws-library-ws-tabs alignfull\"><ul class=\"tabs-titles\"><li class=\"tab-title is-active\" data-tab-index=\"0\">La Route Napol\u00e9on a cavallo<\/li><li class=\"tab-title\" data-tab-index=\"1\">ANERN: custode della memoria della Route Napol\u00e9on<\/li><\/ul><div class=\"tabs-list\">\n<div class=\"wp-block-ws-library-ws-tab\" style=\"display:none\"><p class=\"tab-title\">La Route Napol\u00e9on a cavallo<\/p><div class=\"tab-content\">\n<div class=\"wp-block-group tab-row is-nowrap is-layout-flex wp-container-core-group-is-layout-6c531013 wp-block-group-is-layout-flex\">\n<div class=\"wp-block-group tab-group-content is-layout-flow wp-block-group-is-layout-flow\">\n<p class=\"is-style-highlighted\">Segui le orme dell&#8217;<strong>Imperatore<\/strong> al passo di un cavallo: questa \u00e8 l&#8217;esperienza unica che ti viene offerta nelle <strong>Hautes-Alpes<\/strong>. Per diversi giorni, l&#8217;itinerario equestre segue il percorso storico, alternando valli verdeggianti, passi panoramici e simpatiche soste nei rifugi <strong>napoleonici<\/strong>. Sostenuta dal <strong>dipartimento<\/strong> delle <strong>Hautes-Alpes<\/strong>, questa iniziativa restituisce la dimensione avventurosa di questo percorso leggendario, con bivacchi sotto le stelle, incontri con cavalieri locali e un&#8217;immersione totale nei paesaggi alpini. \u00c8 un altro modo, pi\u00f9 lento e sensibile, per scoprire il percorso pi\u00f9 leggendario della Francia.   <\/p>\n<\/div>\n<\/div>\n<\/div><\/div>\n\n\n\n<div class=\"wp-block-ws-library-ws-tab\" style=\"display:none\"><p class=\"tab-title\">ANERN: custode della memoria della Route Napol\u00e9on<\/p><div class=\"tab-content\">\n<div class=\"wp-block-group tab-row is-nowrap is-layout-flex wp-container-core-group-is-layout-6c531013 wp-block-group-is-layout-flex\">\n<div class=\"wp-block-group tab-group-content is-layout-flow wp-block-group-is-layout-flow\">\n<p class=\"is-style-highlighted\">Fondata nel <strong>1969<\/strong>, l&#8217;<strong>Association Action Nationale des \u00c9lues pour la Route Napol\u00e9on (ANERN)<\/strong> riunisce 42 comuni da <strong>Golfe-Juan<\/strong> a <strong>Grenoble<\/strong> per promuovere il progetto di un percorso che sia storico e vivo.<\/p>\n\n\n\n<p>L&#8217;ANERN si adopera affinch\u00e9 la <strong>RN 85<\/strong> sia riconosciuta non solo come un importante itinerario turistico, ma anche come un percorso fondamentale per le zone che attraversa, sostenendo le piccole citt\u00e0, coordinando la segnaletica, pubblicando guide e gestendo aree dedicate. In questo modo, l&#8217;<strong>ANERN<\/strong> \u00e8 l&#8217;anima contemporanea <strong>della Route Napol\u00e9on<\/strong>: istituzione promozionale, intermediario locale e custode del patrimonio, offre ai viaggiatori un filo conduttore per immergersi nella storia e scoprire le ricchezze culturali e paesaggistiche delle <strong>Alpi e della Provenza<\/strong>. <\/p>\n\n\n\n<div class=\"wp-block-buttons is-layout-flex wp-block-buttons-is-layout-flex\">\n<div class=\"wp-block-button\"><a class=\"wp-block-button__link wp-element-button\" href=\"https:\/\/route-napoleon.com\/\" target=\"_blank\" rel=\"noreferrer noopener\">Consulta il sito web dell&#8217;ANERN<\/a><\/div>\n<\/div>\n<\/div>\n<\/div>\n<\/div><\/div>\n<\/div><\/div>\n\n<div class=\"wp-block-ws-library-ws-share\"><span class=\"share-subtitle\">Ti \u00e8 piaciuta questa pagina?<\/span><span class=\"share-title\">Condividilo!<\/span><button class=\"ws-share-button wp-element-button\">Condividi questa pagina<\/button><\/div>\n","protected":false},"excerpt":{"rendered":"<p>Il tuo itinerarioSulleorme dell&#8216;imperatore Tra il Mediterraneo e le Alpi, la Route Napol\u00e9on traccia un filo di storia e paesaggi [&hellip;]<\/p>\n","protected":false},"author":8,"featured_media":0,"parent":107885,"menu_order":0,"comment_status":"closed","ping_status":"closed","template":"","meta":{"is_dark_mode":true,"footnotes":""},"page_label":[],"class_list":["post-109260","page","type-page","status-publish","hentry"],"yoast_head":"<!-- This site is optimized with the Yoast SEO plugin v27.2 - https:\/\/yoast.com\/product\/yoast-seo-wordpress\/ -->\n<title>Percorso Napol\u00e9on - Hautes-Alpes<\/title>\n<meta name=\"description\" content=\"Percorso Napol\u00e9on Il tuo itinerarioSulleorme dell&#039;imperatore Tra il Mediterraneo e le Alpi, la Route Napol\u00e9on traccia un filo di storia e paesaggi\" \/>\n<meta name=\"robots\" content=\"index, follow, max-snippet:-1, max-image-preview:large, max-video-preview:-1\" \/>\n<link rel=\"canonical\" href=\"https:\/\/www.hautes-alpes.net\/it\/fughe\/percorso-napoleon\/\" \/>\n<meta property=\"og:locale\" content=\"it_IT\" \/>\n<meta property=\"og:type\" content=\"article\" \/>\n<meta property=\"og:title\" content=\"Percorso Napol\u00e9on - Hautes-Alpes\" \/>\n<meta property=\"og:description\" content=\"Percorso Napol\u00e9on Il tuo itinerarioSulleorme dell&#039;imperatore Tra il Mediterraneo e le Alpi, la Route Napol\u00e9on traccia un filo di storia e paesaggi\" \/>\n<meta property=\"og:url\" content=\"https:\/\/www.hautes-alpes.net\/it\/fughe\/percorso-napoleon\/\" \/>\n<meta property=\"og:site_name\" content=\"Hautes-Alpes\" \/>\n<meta property=\"article:modified_time\" content=\"2025-12-24T13:53:18+00:00\" \/>\n<meta property=\"og:image\" content=\"https:\/\/www.hautes-alpes.net\/wp-content\/uploads\/2025\/12\/copyright-pat-domeyne-1-2000x1000.jpg\" \/>\n<meta name=\"twitter:card\" content=\"summary_large_image\" \/>\n<meta name=\"twitter:label1\" content=\"Tempo di lettura stimato\" \/>\n\t<meta name=\"twitter:data1\" content=\"3 minuti\" \/>\n<script type=\"application\/ld+json\" class=\"yoast-schema-graph\">{\"@context\":\"https:\/\/schema.org\",\"@graph\":[{\"@type\":\"WebPage\",\"@id\":\"https:\/\/www.hautes-alpes.net\/it\/fughe\/percorso-napoleon\/\",\"url\":\"https:\/\/www.hautes-alpes.net\/it\/fughe\/percorso-napoleon\/\",\"name\":\"Percorso Napol\u00e9on - Hautes-Alpes\",\"isPartOf\":{\"@id\":\"https:\/\/www.hautes-alpes.net\/it\/#website\"},\"primaryImageOfPage\":{\"@id\":\"https:\/\/www.hautes-alpes.net\/it\/fughe\/percorso-napoleon\/#primaryimage\"},\"image\":{\"@id\":\"https:\/\/www.hautes-alpes.net\/it\/fughe\/percorso-napoleon\/#primaryimage\"},\"thumbnailUrl\":\"https:\/\/www.hautes-alpes.net\/wp-content\/uploads\/2025\/12\/copyright-pat-domeyne-1-2000x1000.jpg\",\"datePublished\":\"2025-11-21T10:36:54+00:00\",\"dateModified\":\"2025-12-24T13:53:18+00:00\",\"description\":\"Percorso Napol\u00e9on Il tuo itinerarioSulleorme dell'imperatore Tra il Mediterraneo e le Alpi, la Route Napol\u00e9on traccia un filo di storia e paesaggi\",\"breadcrumb\":{\"@id\":\"https:\/\/www.hautes-alpes.net\/it\/fughe\/percorso-napoleon\/#breadcrumb\"},\"inLanguage\":\"it-IT\",\"potentialAction\":[{\"@type\":\"ReadAction\",\"target\":[\"https:\/\/www.hautes-alpes.net\/it\/fughe\/percorso-napoleon\/\"]}]},{\"@type\":\"ImageObject\",\"inLanguage\":\"it-IT\",\"@id\":\"https:\/\/www.hautes-alpes.net\/it\/fughe\/percorso-napoleon\/#primaryimage\",\"url\":\"https:\/\/www.hautes-alpes.net\/wp-content\/uploads\/2025\/12\/copyright-pat-domeyne-1-2000x1000.jpg\",\"contentUrl\":\"https:\/\/www.hautes-alpes.net\/wp-content\/uploads\/2025\/12\/copyright-pat-domeyne-1-2000x1000.jpg\"},{\"@type\":\"BreadcrumbList\",\"@id\":\"https:\/\/www.hautes-alpes.net\/it\/fughe\/percorso-napoleon\/#breadcrumb\",\"itemListElement\":[{\"@type\":\"ListItem\",\"position\":1,\"name\":\"Home\",\"item\":\"https:\/\/www.hautes-alpes.net\/it\/hautes-alpes\/\"},{\"@type\":\"ListItem\",\"position\":2,\"name\":\"Fughe\",\"item\":\"https:\/\/www.hautes-alpes.net\/it\/fughe\/\"},{\"@type\":\"ListItem\",\"position\":3,\"name\":\"Fughe\",\"item\":\"https:\/\/www.hautes-alpes.net\/it\/fughe\/\"},{\"@type\":\"ListItem\",\"position\":4,\"name\":\"Percorso Napol\u00e9on\"}]},{\"@type\":\"WebSite\",\"@id\":\"https:\/\/www.hautes-alpes.net\/it\/#website\",\"url\":\"https:\/\/www.hautes-alpes.net\/it\/\",\"name\":\"ADDET\",\"description\":\"\",\"publisher\":{\"@id\":\"https:\/\/www.hautes-alpes.net\/it\/#organization\"},\"potentialAction\":[{\"@type\":\"SearchAction\",\"target\":{\"@type\":\"EntryPoint\",\"urlTemplate\":\"https:\/\/www.hautes-alpes.net\/it\/?s={search_term_string}\"},\"query-input\":{\"@type\":\"PropertyValueSpecification\",\"valueRequired\":true,\"valueName\":\"search_term_string\"}}],\"inLanguage\":\"it-IT\"},{\"@type\":\"Organization\",\"@id\":\"https:\/\/www.hautes-alpes.net\/it\/#organization\",\"name\":\"Agence D\u00e9partementale de D\u00e9veloppement Economique et Touristique des Hautes-Alpes\",\"url\":\"https:\/\/www.hautes-alpes.net\/it\/\",\"logo\":{\"@type\":\"ImageObject\",\"inLanguage\":\"it-IT\",\"@id\":\"https:\/\/www.hautes-alpes.net\/it\/#\/schema\/logo\/image\/\",\"url\":\"https:\/\/www.hautes-alpes.net\/wp-content\/uploads\/2026\/01\/black-logo-2.svg\",\"contentUrl\":\"https:\/\/www.hautes-alpes.net\/wp-content\/uploads\/2026\/01\/black-logo-2.svg\",\"caption\":\"Agence D\u00e9partementale de D\u00e9veloppement Economique et Touristique des Hautes-Alpes\"},\"image\":{\"@id\":\"https:\/\/www.hautes-alpes.net\/it\/#\/schema\/logo\/image\/\"}}]}<\/script>\n<!-- \/ Yoast SEO plugin. -->","yoast_head_json":{"title":"Percorso Napol\u00e9on - Hautes-Alpes","description":"Percorso Napol\u00e9on Il tuo itinerarioSulleorme dell'imperatore Tra il Mediterraneo e le Alpi, la Route Napol\u00e9on traccia un filo di storia e paesaggi","robots":{"index":"index","follow":"follow","max-snippet":"max-snippet:-1","max-image-preview":"max-image-preview:large","max-video-preview":"max-video-preview:-1"},"canonical":"https:\/\/www.hautes-alpes.net\/it\/fughe\/percorso-napoleon\/","og_locale":"it_IT","og_type":"article","og_title":"Percorso Napol\u00e9on - Hautes-Alpes","og_description":"Percorso Napol\u00e9on Il tuo itinerarioSulleorme dell'imperatore Tra il Mediterraneo e le Alpi, la Route Napol\u00e9on traccia un filo di storia e paesaggi","og_url":"https:\/\/www.hautes-alpes.net\/it\/fughe\/percorso-napoleon\/","og_site_name":"Hautes-Alpes","article_modified_time":"2025-12-24T13:53:18+00:00","og_image":[{"url":"https:\/\/www.hautes-alpes.net\/wp-content\/uploads\/2025\/12\/copyright-pat-domeyne-1-2000x1000.jpg","type":"","width":"","height":""}],"twitter_card":"summary_large_image","twitter_misc":{"Tempo di lettura stimato":"3 minuti"},"schema":{"@context":"https:\/\/schema.org","@graph":[{"@type":"WebPage","@id":"https:\/\/www.hautes-alpes.net\/it\/fughe\/percorso-napoleon\/","url":"https:\/\/www.hautes-alpes.net\/it\/fughe\/percorso-napoleon\/","name":"Percorso Napol\u00e9on - Hautes-Alpes","isPartOf":{"@id":"https:\/\/www.hautes-alpes.net\/it\/#website"},"primaryImageOfPage":{"@id":"https:\/\/www.hautes-alpes.net\/it\/fughe\/percorso-napoleon\/#primaryimage"},"image":{"@id":"https:\/\/www.hautes-alpes.net\/it\/fughe\/percorso-napoleon\/#primaryimage"},"thumbnailUrl":"https:\/\/www.hautes-alpes.net\/wp-content\/uploads\/2025\/12\/copyright-pat-domeyne-1-2000x1000.jpg","datePublished":"2025-11-21T10:36:54+00:00","dateModified":"2025-12-24T13:53:18+00:00","description":"Percorso Napol\u00e9on Il tuo itinerarioSulleorme dell'imperatore Tra il Mediterraneo e le Alpi, la Route Napol\u00e9on traccia un filo di storia e paesaggi","breadcrumb":{"@id":"https:\/\/www.hautes-alpes.net\/it\/fughe\/percorso-napoleon\/#breadcrumb"},"inLanguage":"it-IT","potentialAction":[{"@type":"ReadAction","target":["https:\/\/www.hautes-alpes.net\/it\/fughe\/percorso-napoleon\/"]}]},{"@type":"ImageObject","inLanguage":"it-IT","@id":"https:\/\/www.hautes-alpes.net\/it\/fughe\/percorso-napoleon\/#primaryimage","url":"https:\/\/www.hautes-alpes.net\/wp-content\/uploads\/2025\/12\/copyright-pat-domeyne-1-2000x1000.jpg","contentUrl":"https:\/\/www.hautes-alpes.net\/wp-content\/uploads\/2025\/12\/copyright-pat-domeyne-1-2000x1000.jpg"},{"@type":"BreadcrumbList","@id":"https:\/\/www.hautes-alpes.net\/it\/fughe\/percorso-napoleon\/#breadcrumb","itemListElement":[{"@type":"ListItem","position":1,"name":"Home","item":"https:\/\/www.hautes-alpes.net\/it\/hautes-alpes\/"},{"@type":"ListItem","position":2,"name":"Fughe","item":"https:\/\/www.hautes-alpes.net\/it\/fughe\/"},{"@type":"ListItem","position":3,"name":"Fughe","item":"https:\/\/www.hautes-alpes.net\/it\/fughe\/"},{"@type":"ListItem","position":4,"name":"Percorso Napol\u00e9on"}]},{"@type":"WebSite","@id":"https:\/\/www.hautes-alpes.net\/it\/#website","url":"https:\/\/www.hautes-alpes.net\/it\/","name":"ADDET","description":"","publisher":{"@id":"https:\/\/www.hautes-alpes.net\/it\/#organization"},"potentialAction":[{"@type":"SearchAction","target":{"@type":"EntryPoint","urlTemplate":"https:\/\/www.hautes-alpes.net\/it\/?s={search_term_string}"},"query-input":{"@type":"PropertyValueSpecification","valueRequired":true,"valueName":"search_term_string"}}],"inLanguage":"it-IT"},{"@type":"Organization","@id":"https:\/\/www.hautes-alpes.net\/it\/#organization","name":"Agence D\u00e9partementale de D\u00e9veloppement Economique et Touristique des Hautes-Alpes","url":"https:\/\/www.hautes-alpes.net\/it\/","logo":{"@type":"ImageObject","inLanguage":"it-IT","@id":"https:\/\/www.hautes-alpes.net\/it\/#\/schema\/logo\/image\/","url":"https:\/\/www.hautes-alpes.net\/wp-content\/uploads\/2026\/01\/black-logo-2.svg","contentUrl":"https:\/\/www.hautes-alpes.net\/wp-content\/uploads\/2026\/01\/black-logo-2.svg","caption":"Agence D\u00e9partementale de D\u00e9veloppement Economique et Touristique des Hautes-Alpes"},"image":{"@id":"https:\/\/www.hautes-alpes.net\/it\/#\/schema\/logo\/image\/"}}]}},"_links":{"self":[{"href":"https:\/\/www.hautes-alpes.net\/it\/wp-json\/wp\/v2\/pages\/109260","targetHints":{"allow":["GET"]}}],"collection":[{"href":"https:\/\/www.hautes-alpes.net\/it\/wp-json\/wp\/v2\/pages"}],"about":[{"href":"https:\/\/www.hautes-alpes.net\/it\/wp-json\/wp\/v2\/types\/page"}],"author":[{"embeddable":true,"href":"https:\/\/www.hautes-alpes.net\/it\/wp-json\/wp\/v2\/users\/8"}],"replies":[{"embeddable":true,"href":"https:\/\/www.hautes-alpes.net\/it\/wp-json\/wp\/v2\/comments?post=109260"}],"version-history":[{"count":7,"href":"https:\/\/www.hautes-alpes.net\/it\/wp-json\/wp\/v2\/pages\/109260\/revisions"}],"predecessor-version":[{"id":133672,"href":"https:\/\/www.hautes-alpes.net\/it\/wp-json\/wp\/v2\/pages\/109260\/revisions\/133672"}],"up":[{"embeddable":true,"href":"https:\/\/www.hautes-alpes.net\/it\/wp-json\/wp\/v2\/pages\/107885"}],"wp:attachment":[{"href":"https:\/\/www.hautes-alpes.net\/it\/wp-json\/wp\/v2\/media?parent=109260"}],"wp:term":[{"taxonomy":"page_label","embeddable":true,"href":"https:\/\/www.hautes-alpes.net\/it\/wp-json\/wp\/v2\/page_label?post=109260"}],"curies":[{"name":"wp","href":"https:\/\/api.w.org\/{rel}","templated":true}]}}