{"id":108979,"date":"2025-11-26T07:45:54","date_gmt":"2025-11-26T06:45:54","guid":{"rendered":"https:\/\/www.hautes-alpes.net\/iconico\/pascoli-di-montagna\/"},"modified":"2026-03-16T11:23:59","modified_gmt":"2026-03-16T10:23:59","slug":"pascoli-di-montagna","status":"publish","type":"page","link":"https:\/\/www.hautes-alpes.net\/it\/iconico\/pascoli-di-montagna\/","title":{"rendered":"Pascoli di montagna"},"content":{"rendered":"\n<div class=\"wp-block-group alignfull hero-banner-simple has-global-padding is-layout-constrained wp-block-group-is-layout-constrained\"><div class=\"yoast-breadcrumbs\"><span><span><a href=\"https:\/\/www.hautes-alpes.net\/it\/hautes-alpes\/\">Home<\/a><\/span>  <span><a href=\"https:\/\/www.hautes-alpes.net\/it\/iconico\/\">Iconico<\/a><\/span>  <span><a href=\"https:\/\/www.hautes-alpes.net\/it\/iconico\/\">Iconico<\/a><\/span>  <span class=\"breadcrumb_last\" aria-current=\"page\">Pascoli di montagna<\/span><\/span><\/div>\n\n\n<h1 class=\"wp-block-ws-library-post-title\">Pascoli di montagna<\/h1>\n\n\n\n<p class=\"subtitle\"><\/p>\n\n\n\n<p class=\"has-text-align-center\">Queste alte valli e catene montuose sono <strong>una terra di culture ricche e vibranti<\/strong>, mai chiuse in se stesse. Ci\u00f2 che unisce le persone del luogo: il pendio, il terreno, l&#8217;altitudine e il clima. <strong>Uno stile di vita che costruisce il carattere<\/strong>. Quando li incontriamo, scopriamo volti, gesti e voci che danno carne al paesaggio e aggiungono profondit\u00e0 al viaggio.<br\/><\/p>\n<\/div>\n\n<div class=\"wp-block-ws-library-ws-image is-style-simple\"><div class=\"wrapper\"><div class=\"group-media\"><img decoding=\"async\" src=\"https:\/\/www.hautes-alpes.net\/wp-content\/uploads\/2025\/12\/7b3a4181-1240x800.jpg\" alt=\"\" class=\"single_image ws-image-91984\"><div class=\"credits\">P. Domeyne - AD05<\/div><\/div><p class=\"caption\"><\/p><\/div><\/div>\n\n<h3 class=\"wp-block-heading is-style-title-1\">Popolo della <strong>terra<\/strong><\/h3>\n\n<p>&#8221;Non ci guadagniamo da vivere, ci guadagniamo la vita. Il nostro lavoro \u00e8 la terra, il nostro riposo \u00e8 la terra, la nostra vita \u00e8 la terra&#8221;. Gli agricoltori delle Hautes-Alpes parlano come quelli di Giono. Sono giovani, ci deliziano, modellano il paesaggio e vanno a testa alta nel <strong>principale dipartimento biologico francese<\/strong>. <\/p>\n\n<h3 class=\"wp-block-heading is-style-title-1\">Le mani della <strong>memoria<\/strong><\/h3>\n\n<p>Lavorano il legno, il cuoio, la pietra, la lana, il vetro e il ferro nello stesso modo in cui gli altri scolpiscono il tempo. Gli artigiani e le donne delle Hautes-Alpes perpetuano tecniche secolari, ereditate dalle montagne e dalle stagioni. Nelle loro mani, le materie prime diventano oggetti preziosi, utili o belli, che raccontano la storia di una regione e delle sue tradizioni. Nel bel mezzo di un mondo frettoloso, intrecciano pazienza e know-how, in modo che nulla vada perduto e tutto rimanga.   <\/p>\n\n<div class=\"wp-block-ws-library-ws-columns has-2-columns are-vertically-aligned-center layout-3565\">\n<div class=\"wp-block-ws-library-ws-column\"><div class=\"wrapper\">\n<div class=\"wp-block-ws-library-ws-image is-style-simple\"><div class=\"wrapper\"><div class=\"group-media\"><img decoding=\"async\" src=\"https:\/\/www.hautes-alpes.net\/wp-content\/uploads\/2025\/12\/la-grave-maxant-danillo-alpesphotographiescom-4-427x640.jpg\" alt=\"\" class=\"single_image ws-image-91980\"><div class=\"credits\">Fotografie delle Alpi<\/div><\/div><p class=\"caption\"><\/p><\/div><\/div>\n<\/div><\/div>\n\n\n\n<div class=\"wp-block-ws-library-ws-column\"><div class=\"wrapper\">\n<div class=\"wp-block-ws-library-ws-image\"><div class=\"wrapper\"><div class=\"group-media\"><img decoding=\"async\" src=\"https:\/\/www.hautes-alpes.net\/wp-content\/uploads\/2025\/12\/7b3a9938x-1240x800.jpg\" alt=\"\" class=\"single_image ws-image-91985\"><div class=\"credits\">P. Domeyne - AD05<\/div><\/div><p class=\"caption\"><\/p><\/div><\/div>\n<\/div><\/div>\n<\/div>\n\n<div class=\"wp-block-ws-library-ws-image is-style-simple\"><div class=\"wrapper\"><div class=\"group-media\"><img decoding=\"async\" src=\"https:\/\/www.hautes-alpes.net\/wp-content\/uploads\/2025\/12\/ascension-du-sirac-par-le-refuge-de-vallonpierre-19-1240x800.jpg\" alt=\"\" class=\"single_image ws-image-91987\"><div class=\"credits\">T. Blais<\/div><\/div><p class=\"caption\"><\/p><\/div><\/div>\n\n<div class=\"wp-block-ws-library-ws-columns has-2-columns are-vertically-aligned-center layout-6535\">\n<div class=\"wp-block-ws-library-ws-column\"><div class=\"wrapper\">\n<div class=\"wp-block-ws-library-ws-image\"><div class=\"wrapper\"><div class=\"group-media\"><img decoding=\"async\" src=\"https:\/\/www.hautes-alpes.net\/wp-content\/uploads\/2025\/12\/7b3a2903-1240x800.jpg\" alt=\"\" class=\"single_image ws-image-91983\"><div class=\"credits\">P. Domeyne - AD05<\/div><\/div><p class=\"caption\"><\/p><\/div><\/div>\n<\/div><\/div>\n\n\n\n<div class=\"wp-block-ws-library-ws-column\"><div class=\"wrapper\">\n<div class=\"wp-block-ws-library-ws-image is-style-simple\"><div class=\"wrapper\"><div class=\"group-media\"><img decoding=\"async\" src=\"https:\/\/www.hautes-alpes.net\/wp-content\/uploads\/2025\/12\/vallouise-johanna-marcoz-alpesphotographiescom-427x640.jpg\" alt=\"\" class=\"single_image ws-image-91982\"><div class=\"credits\">Fotografie delle Alpi<\/div><\/div><p class=\"caption\"><\/p><\/div><\/div>\n<\/div><\/div>\n<\/div>\n\n<h3 class=\"wp-block-heading is-style-title-1\">I traghettatori <strong>di montagna<\/strong><\/h3>\n\n<p>Sui sentieri, nelle valli, ai margini delle foreste o ai piedi dei ghiacciai, gli operatori del turismo aprono le porte di un grande teatro naturale. <strong>Le<\/strong> guide, gli accompagnatori di montagna, i guardiani dei rifugi, gli albergatori e gli organizzatori di attivit\u00e0 ricreative <strong>condividono tutti la stessa passione<\/strong>: aiutare le persone a scoprire le montagne in tutta la loro cruda e generosa gloria. Ti invitano a fare uno sforzo, a contemplare, a vivere l&#8217;avventura, ma anche a conoscere persone, perch\u00e9 ogni sorriso scambiato vale quanto una vetta conquistata.  <\/p>\n\n<h3 class=\"wp-block-heading is-style-title-1\">Una regione <strong>vivace<\/strong><\/h3>\n\n<p>Con il passare delle stagioni, le Hautes-Alpes attirano molti turisti, ma non solo&#8230; Segno dei tempi, sempre pi\u00f9 giovani lavoratori <strong>scelgono di stabilirsi qui<\/strong>, per lavorare e mettere su famiglia. Le opportunit\u00e0 di carriera non mancano nel settore delle energie rinnovabili, nell&#8217;edilizia, nel commercio, nei servizi, nell&#8217;agroalimentare o nella piccola industria e la vita qui \u00e8 senza dubbio pi\u00f9 dolce che altrove. <\/p>\n\n<div class=\"wp-block-ws-library-ws-image is-style-simple\"><div class=\"wrapper\"><div class=\"group-media\"><img decoding=\"async\" src=\"https:\/\/www.hautes-alpes.net\/wp-content\/uploads\/2025\/12\/traite-tarines-arvieux-patrick-domeyne-38-1240x800.jpg\" alt=\"\" class=\"single_image ws-image-92010\"><div class=\"credits\">P. Domeyne - AD05<\/div><\/div><p class=\"caption\"><\/p><\/div><\/div>\n\n<div style=\"height:50px\" aria-hidden=\"true\" class=\"wp-block-spacer\"><\/div>\n\n<div class=\"wp-block-ws-library-ws-animated-quote\"><blockquote class=\"quote-container quote-align-undefined\"><footer><cite class=\"quote-subcontent\">\u00c9milie Carle<\/cite><\/footer><p class=\"quote-content\">&#8221;L&#8217;aratura, la semina, la mietitura e il raccolto erano gesti eterni che si ripetevano senza che nessuno avesse il tempo di fermarsi. <br><strong>Zuppa di erbe selvatiche<\/strong><\/p><\/blockquote><\/div>\n\n<div class=\"wp-block-ws-library-ws-share\"><span class=\"share-subtitle\">Ti \u00e8 piaciuta questa pagina?<\/span><span class=\"share-title\">Condividilo!<\/span><button class=\"ws-share-button wp-element-button\">Condividi questa pagina<\/button><\/div>\n","protected":false},"excerpt":{"rendered":"<p>Queste alte valli e catene montuose sono una terra di culture ricche e vibranti, mai chiuse in se stesse. Ci\u00f2 [&hellip;]<\/p>\n","protected":false},"author":6,"featured_media":0,"parent":107972,"menu_order":0,"comment_status":"closed","ping_status":"closed","template":"","meta":{"is_dark_mode":false,"footnotes":""},"page_label":[],"class_list":["post-108979","page","type-page","status-publish","hentry"],"yoast_head":"<!-- This site is optimized with the Yoast SEO plugin v27.2 - https:\/\/yoast.com\/product\/yoast-seo-wordpress\/ -->\n<title>Pascoli di montagna - Hautes-Alpes<\/title>\n<meta name=\"description\" content=\"Pascoli di montagna Queste alte valli e catene montuose sono una terra di culture ricche e vibranti, mai chiuse in se stesse. Ci\u00f2 che unisce le persone\" \/>\n<meta name=\"robots\" content=\"index, follow, max-snippet:-1, max-image-preview:large, max-video-preview:-1\" \/>\n<link rel=\"canonical\" href=\"https:\/\/www.hautes-alpes.net\/it\/iconico\/pascoli-di-montagna\/\" \/>\n<meta property=\"og:locale\" content=\"it_IT\" \/>\n<meta property=\"og:type\" content=\"article\" \/>\n<meta property=\"og:title\" content=\"Pascoli di montagna - Hautes-Alpes\" \/>\n<meta property=\"og:description\" content=\"Pascoli di montagna Queste alte valli e catene montuose sono una terra di culture ricche e vibranti, mai chiuse in se stesse. Ci\u00f2 che unisce le persone\" \/>\n<meta property=\"og:url\" content=\"https:\/\/www.hautes-alpes.net\/it\/iconico\/pascoli-di-montagna\/\" \/>\n<meta property=\"og:site_name\" content=\"Hautes-Alpes\" \/>\n<meta property=\"article:modified_time\" content=\"2026-03-16T10:23:59+00:00\" \/>\n<meta property=\"og:image\" content=\"https:\/\/www.hautes-alpes.net\/wp-content\/uploads\/2025\/12\/7b3a4181-1240x800.jpg\" \/>\n<meta name=\"twitter:card\" content=\"summary_large_image\" \/>\n<meta name=\"twitter:label1\" content=\"Tempo di lettura stimato\" \/>\n\t<meta name=\"twitter:data1\" content=\"2 minuti\" \/>\n<script type=\"application\/ld+json\" class=\"yoast-schema-graph\">{\"@context\":\"https:\/\/schema.org\",\"@graph\":[{\"@type\":\"WebPage\",\"@id\":\"https:\/\/www.hautes-alpes.net\/it\/iconico\/pascoli-di-montagna\/\",\"url\":\"https:\/\/www.hautes-alpes.net\/it\/iconico\/pascoli-di-montagna\/\",\"name\":\"Pascoli di montagna - Hautes-Alpes\",\"isPartOf\":{\"@id\":\"https:\/\/www.hautes-alpes.net\/it\/#website\"},\"primaryImageOfPage\":{\"@id\":\"https:\/\/www.hautes-alpes.net\/it\/iconico\/pascoli-di-montagna\/#primaryimage\"},\"image\":{\"@id\":\"https:\/\/www.hautes-alpes.net\/it\/iconico\/pascoli-di-montagna\/#primaryimage\"},\"thumbnailUrl\":\"https:\/\/www.hautes-alpes.net\/wp-content\/uploads\/2025\/12\/7b3a4181-1240x800.jpg\",\"datePublished\":\"2025-11-26T06:45:54+00:00\",\"dateModified\":\"2026-03-16T10:23:59+00:00\",\"description\":\"Pascoli di montagna Queste alte valli e catene montuose sono una terra di culture ricche e vibranti, mai chiuse in se stesse. Ci\u00f2 che unisce le persone\",\"breadcrumb\":{\"@id\":\"https:\/\/www.hautes-alpes.net\/it\/iconico\/pascoli-di-montagna\/#breadcrumb\"},\"inLanguage\":\"it-IT\",\"potentialAction\":[{\"@type\":\"ReadAction\",\"target\":[\"https:\/\/www.hautes-alpes.net\/it\/iconico\/pascoli-di-montagna\/\"]}]},{\"@type\":\"ImageObject\",\"inLanguage\":\"it-IT\",\"@id\":\"https:\/\/www.hautes-alpes.net\/it\/iconico\/pascoli-di-montagna\/#primaryimage\",\"url\":\"https:\/\/www.hautes-alpes.net\/wp-content\/uploads\/2025\/12\/7b3a4181-1240x800.jpg\",\"contentUrl\":\"https:\/\/www.hautes-alpes.net\/wp-content\/uploads\/2025\/12\/7b3a4181-1240x800.jpg\"},{\"@type\":\"BreadcrumbList\",\"@id\":\"https:\/\/www.hautes-alpes.net\/it\/iconico\/pascoli-di-montagna\/#breadcrumb\",\"itemListElement\":[{\"@type\":\"ListItem\",\"position\":1,\"name\":\"Home\",\"item\":\"https:\/\/www.hautes-alpes.net\/it\/hautes-alpes\/\"},{\"@type\":\"ListItem\",\"position\":2,\"name\":\"Iconico\",\"item\":\"https:\/\/www.hautes-alpes.net\/it\/iconico\/\"},{\"@type\":\"ListItem\",\"position\":3,\"name\":\"Iconico\",\"item\":\"https:\/\/www.hautes-alpes.net\/it\/iconico\/\"},{\"@type\":\"ListItem\",\"position\":4,\"name\":\"Pascoli di montagna\"}]},{\"@type\":\"WebSite\",\"@id\":\"https:\/\/www.hautes-alpes.net\/it\/#website\",\"url\":\"https:\/\/www.hautes-alpes.net\/it\/\",\"name\":\"ADDET\",\"description\":\"\",\"publisher\":{\"@id\":\"https:\/\/www.hautes-alpes.net\/it\/#organization\"},\"potentialAction\":[{\"@type\":\"SearchAction\",\"target\":{\"@type\":\"EntryPoint\",\"urlTemplate\":\"https:\/\/www.hautes-alpes.net\/it\/?s={search_term_string}\"},\"query-input\":{\"@type\":\"PropertyValueSpecification\",\"valueRequired\":true,\"valueName\":\"search_term_string\"}}],\"inLanguage\":\"it-IT\"},{\"@type\":\"Organization\",\"@id\":\"https:\/\/www.hautes-alpes.net\/it\/#organization\",\"name\":\"Agence D\u00e9partementale de D\u00e9veloppement Economique et Touristique des Hautes-Alpes\",\"url\":\"https:\/\/www.hautes-alpes.net\/it\/\",\"logo\":{\"@type\":\"ImageObject\",\"inLanguage\":\"it-IT\",\"@id\":\"https:\/\/www.hautes-alpes.net\/it\/#\/schema\/logo\/image\/\",\"url\":\"https:\/\/www.hautes-alpes.net\/wp-content\/uploads\/2026\/01\/black-logo-2.svg\",\"contentUrl\":\"https:\/\/www.hautes-alpes.net\/wp-content\/uploads\/2026\/01\/black-logo-2.svg\",\"caption\":\"Agence D\u00e9partementale de D\u00e9veloppement Economique et Touristique des Hautes-Alpes\"},\"image\":{\"@id\":\"https:\/\/www.hautes-alpes.net\/it\/#\/schema\/logo\/image\/\"}}]}<\/script>\n<!-- \/ Yoast SEO plugin. -->","yoast_head_json":{"title":"Pascoli di montagna - Hautes-Alpes","description":"Pascoli di montagna Queste alte valli e catene montuose sono una terra di culture ricche e vibranti, mai chiuse in se stesse. Ci\u00f2 che unisce le persone","robots":{"index":"index","follow":"follow","max-snippet":"max-snippet:-1","max-image-preview":"max-image-preview:large","max-video-preview":"max-video-preview:-1"},"canonical":"https:\/\/www.hautes-alpes.net\/it\/iconico\/pascoli-di-montagna\/","og_locale":"it_IT","og_type":"article","og_title":"Pascoli di montagna - Hautes-Alpes","og_description":"Pascoli di montagna Queste alte valli e catene montuose sono una terra di culture ricche e vibranti, mai chiuse in se stesse. Ci\u00f2 che unisce le persone","og_url":"https:\/\/www.hautes-alpes.net\/it\/iconico\/pascoli-di-montagna\/","og_site_name":"Hautes-Alpes","article_modified_time":"2026-03-16T10:23:59+00:00","og_image":[{"url":"https:\/\/www.hautes-alpes.net\/wp-content\/uploads\/2025\/12\/7b3a4181-1240x800.jpg","type":"","width":"","height":""}],"twitter_card":"summary_large_image","twitter_misc":{"Tempo di lettura stimato":"2 minuti"},"schema":{"@context":"https:\/\/schema.org","@graph":[{"@type":"WebPage","@id":"https:\/\/www.hautes-alpes.net\/it\/iconico\/pascoli-di-montagna\/","url":"https:\/\/www.hautes-alpes.net\/it\/iconico\/pascoli-di-montagna\/","name":"Pascoli di montagna - Hautes-Alpes","isPartOf":{"@id":"https:\/\/www.hautes-alpes.net\/it\/#website"},"primaryImageOfPage":{"@id":"https:\/\/www.hautes-alpes.net\/it\/iconico\/pascoli-di-montagna\/#primaryimage"},"image":{"@id":"https:\/\/www.hautes-alpes.net\/it\/iconico\/pascoli-di-montagna\/#primaryimage"},"thumbnailUrl":"https:\/\/www.hautes-alpes.net\/wp-content\/uploads\/2025\/12\/7b3a4181-1240x800.jpg","datePublished":"2025-11-26T06:45:54+00:00","dateModified":"2026-03-16T10:23:59+00:00","description":"Pascoli di montagna Queste alte valli e catene montuose sono una terra di culture ricche e vibranti, mai chiuse in se stesse. Ci\u00f2 che unisce le persone","breadcrumb":{"@id":"https:\/\/www.hautes-alpes.net\/it\/iconico\/pascoli-di-montagna\/#breadcrumb"},"inLanguage":"it-IT","potentialAction":[{"@type":"ReadAction","target":["https:\/\/www.hautes-alpes.net\/it\/iconico\/pascoli-di-montagna\/"]}]},{"@type":"ImageObject","inLanguage":"it-IT","@id":"https:\/\/www.hautes-alpes.net\/it\/iconico\/pascoli-di-montagna\/#primaryimage","url":"https:\/\/www.hautes-alpes.net\/wp-content\/uploads\/2025\/12\/7b3a4181-1240x800.jpg","contentUrl":"https:\/\/www.hautes-alpes.net\/wp-content\/uploads\/2025\/12\/7b3a4181-1240x800.jpg"},{"@type":"BreadcrumbList","@id":"https:\/\/www.hautes-alpes.net\/it\/iconico\/pascoli-di-montagna\/#breadcrumb","itemListElement":[{"@type":"ListItem","position":1,"name":"Home","item":"https:\/\/www.hautes-alpes.net\/it\/hautes-alpes\/"},{"@type":"ListItem","position":2,"name":"Iconico","item":"https:\/\/www.hautes-alpes.net\/it\/iconico\/"},{"@type":"ListItem","position":3,"name":"Iconico","item":"https:\/\/www.hautes-alpes.net\/it\/iconico\/"},{"@type":"ListItem","position":4,"name":"Pascoli di montagna"}]},{"@type":"WebSite","@id":"https:\/\/www.hautes-alpes.net\/it\/#website","url":"https:\/\/www.hautes-alpes.net\/it\/","name":"ADDET","description":"","publisher":{"@id":"https:\/\/www.hautes-alpes.net\/it\/#organization"},"potentialAction":[{"@type":"SearchAction","target":{"@type":"EntryPoint","urlTemplate":"https:\/\/www.hautes-alpes.net\/it\/?s={search_term_string}"},"query-input":{"@type":"PropertyValueSpecification","valueRequired":true,"valueName":"search_term_string"}}],"inLanguage":"it-IT"},{"@type":"Organization","@id":"https:\/\/www.hautes-alpes.net\/it\/#organization","name":"Agence D\u00e9partementale de D\u00e9veloppement Economique et Touristique des Hautes-Alpes","url":"https:\/\/www.hautes-alpes.net\/it\/","logo":{"@type":"ImageObject","inLanguage":"it-IT","@id":"https:\/\/www.hautes-alpes.net\/it\/#\/schema\/logo\/image\/","url":"https:\/\/www.hautes-alpes.net\/wp-content\/uploads\/2026\/01\/black-logo-2.svg","contentUrl":"https:\/\/www.hautes-alpes.net\/wp-content\/uploads\/2026\/01\/black-logo-2.svg","caption":"Agence D\u00e9partementale de D\u00e9veloppement Economique et Touristique des Hautes-Alpes"},"image":{"@id":"https:\/\/www.hautes-alpes.net\/it\/#\/schema\/logo\/image\/"}}]}},"_links":{"self":[{"href":"https:\/\/www.hautes-alpes.net\/it\/wp-json\/wp\/v2\/pages\/108979","targetHints":{"allow":["GET"]}}],"collection":[{"href":"https:\/\/www.hautes-alpes.net\/it\/wp-json\/wp\/v2\/pages"}],"about":[{"href":"https:\/\/www.hautes-alpes.net\/it\/wp-json\/wp\/v2\/types\/page"}],"author":[{"embeddable":true,"href":"https:\/\/www.hautes-alpes.net\/it\/wp-json\/wp\/v2\/users\/6"}],"replies":[{"embeddable":true,"href":"https:\/\/www.hautes-alpes.net\/it\/wp-json\/wp\/v2\/comments?post=108979"}],"version-history":[{"count":10,"href":"https:\/\/www.hautes-alpes.net\/it\/wp-json\/wp\/v2\/pages\/108979\/revisions"}],"predecessor-version":[{"id":398815,"href":"https:\/\/www.hautes-alpes.net\/it\/wp-json\/wp\/v2\/pages\/108979\/revisions\/398815"}],"up":[{"embeddable":true,"href":"https:\/\/www.hautes-alpes.net\/it\/wp-json\/wp\/v2\/pages\/107972"}],"wp:attachment":[{"href":"https:\/\/www.hautes-alpes.net\/it\/wp-json\/wp\/v2\/media?parent=108979"}],"wp:term":[{"taxonomy":"page_label","embeddable":true,"href":"https:\/\/www.hautes-alpes.net\/it\/wp-json\/wp\/v2\/page_label?post=108979"}],"curies":[{"name":"wp","href":"https:\/\/api.w.org\/{rel}","templated":true}]}}