{"id":108957,"date":"2025-11-26T08:08:57","date_gmt":"2025-11-26T07:08:57","guid":{"rendered":"https:\/\/www.hautes-alpes.net\/iconico\/un-patrimonio-millenario\/"},"modified":"2025-12-18T17:12:10","modified_gmt":"2025-12-18T16:12:10","slug":"un-patrimonio-millenario","status":"publish","type":"page","link":"https:\/\/www.hautes-alpes.net\/it\/iconico\/un-patrimonio-millenario\/","title":{"rendered":"Un patrimonio millenario"},"content":{"rendered":"\n<div class=\"wp-block-group alignfull hero-banner-simple has-global-padding is-layout-constrained wp-block-group-is-layout-constrained\"><div class=\"yoast-breadcrumbs\"><span><span><a href=\"https:\/\/www.hautes-alpes.net\/it\/hautes-alpes\/\">Home<\/a><\/span>  <span><a href=\"https:\/\/www.hautes-alpes.net\/it\/iconico\/\">Iconico<\/a><\/span>  <span><a href=\"https:\/\/www.hautes-alpes.net\/it\/iconico\/\">Iconico<\/a><\/span>  <span class=\"breadcrumb_last\" aria-current=\"page\">Un patrimonio millenario<\/span><\/span><\/div>\n\n\n<h1 class=\"wp-block-ws-library-post-title\">Un patrimonio millenario<\/h1>\n\n\n\n<p class=\"subtitle\"><\/p>\n\n\n\n<p class=\"has-text-align-center\">Attraversa villaggi di straordinaria bellezza e carattere. Qui un mercato colorato, l\u00e0 un festival della transumanza, l\u00e0 fienili in legno, un pellegrinaggio a un santuario, l\u00e0 un festival musicale. <br\/><\/p>\n<\/div>\n\n<div class=\"wp-block-ws-library-ws-columns has-2-columns are-vertically-aligned-center layout-3565\">\n<div class=\"wp-block-ws-library-ws-column\"><div class=\"wrapper\">\n<div class=\"wp-block-ws-library-ws-image\"><div class=\"wrapper\"><div class=\"group-media\"><img decoding=\"async\" src=\"https:\/\/www.hautes-alpes.net\/wp-content\/uploads\/2025\/11\/vallouise-pelvoux-paul-brechu-25-1-427x640.jpg\" alt=\"\" class=\"single_image ws-image-48009\"><div class=\"credits\">P. Brechu<\/div><\/div><p class=\"caption\"><\/p><\/div><\/div>\n<\/div><\/div>\n\n\n\n<div class=\"wp-block-ws-library-ws-column\"><div class=\"wrapper\">\n<div class=\"wp-block-ws-library-ws-image\"><div class=\"wrapper\"><div class=\"group-media\"><img decoding=\"async\" src=\"https:\/\/www.hautes-alpes.net\/wp-content\/uploads\/2025\/12\/vallouise-alpesphotographiescom-10-427x640.jpg\" alt=\"\" class=\"single_image ws-image-91999\"><div class=\"credits\">Fotografie delle Alpi<\/div><\/div><p class=\"caption\"><\/p><\/div><\/div>\n<\/div><\/div>\n<\/div>\n\n<h3 class=\"wp-block-heading is-style-title-1\">Villaggi <strong>e pietre vive<\/strong><\/h3>\n\n<p>Nelle Hautes-Alpes, ogni villaggio \u00e8 un libro aperto. Strade acciottolate, <g id=\"gid_0\">fortificazioni Vauban<\/g> dichiarate Patrimonio dell&#8217;Umanit\u00e0 dall&#8217;UNESCO, cappelle ornate da antichi affreschi o abbazie sperdute nella foresta: il patrimonio edilizio non \u00e8 una cornice statica, ma un&#8217;eredit\u00e0 vivente. Queste pietre, pazientemente sollevate contro il vento e il passare del tempo, testimoniano una tenacia secolare e una bellezza semplice che si pu\u00f2 trovare ad ogni angolo.  <\/p>\n\n<h3 class=\"wp-block-heading is-style-title-1\">La tradizione <strong>nel presente<\/strong><\/h3>\n\n<p>Feste della transumanza, pellegrinaggi, fiere autunnali come l&#8217;antica fiera della frutta di Orpierre: le usanze scandiscono ancora il ritmo della vita comunitaria. Queste <g id=\"gid_0\">tradizioni <\/g>intangibili, frutto di secoli di adattamento alle montagne, rimangono pi\u00f9 vitali che mai. Ci ricordano che il patrimonio non \u00e8 solo qualcosa da conservare nei musei: \u00e8 qualcosa da vivere, da ballare, da ascoltare nella musica di strada, da condividere intorno a una mandria in movimento.  <\/p>\n\n<div class=\"wp-block-ws-library-ws-columns has-2-columns are-vertically-aligned-center layout-6535\">\n<div class=\"wp-block-ws-library-ws-column\"><div class=\"wrapper\">\n<div class=\"wp-block-ws-library-ws-image is-style-simple\"><div class=\"wrapper\"><div class=\"group-media\"><img decoding=\"async\" src=\"https:\/\/www.hautes-alpes.net\/wp-content\/uploads\/2025\/12\/img-1659-1-1089x640.jpg\" alt=\"\" class=\"single_image ws-image-92000\"><div class=\"credits\">P. Domeyne - AD05<\/div><\/div><p class=\"caption\"><\/p><\/div><\/div>\n<\/div><\/div>\n\n\n\n<div class=\"wp-block-ws-library-ws-column\"><div class=\"wrapper\">\n<div class=\"wp-block-ws-library-ws-image\"><div class=\"wrapper\"><div class=\"group-media\"><img decoding=\"async\" src=\"https:\/\/www.hautes-alpes.net\/wp-content\/uploads\/2025\/12\/11022018-th-98401-nb-427x640.jpg\" alt=\"\" class=\"single_image ws-image-91998\"><div class=\"credits\">F. Thibault<\/div><\/div><p class=\"caption\"><\/p><\/div><\/div>\n<\/div><\/div>\n<\/div>\n\n<h3 class=\"wp-block-heading is-style-title-1\">Conoscenze <strong>ancestrali<\/strong><\/h3>\n\n<p><strong>Sculture in legno <a href=\"https:\/\/www.hautes-alpes.net\/it\/destinazioni-hautes-alpes\/guillestrois-queyras\/\">del Queyras<\/a><\/strong>, <strong>tessuti fatti a mano<\/strong>, <strong>strumenti <\/strong>realizzati in piccoli laboratori&#8230; Tante tradizioni tramandate che incarnano la memoria della regione. Queste abilit\u00e0 fragili ma preziose sono parte integrante del patrimonio immateriale delle Hautes-Alpes. Ogni oggetto creato, ogni strumento riparato \u00e8 un ponte tra passato e futuro.<\/p>\n\n<h3 class=\"wp-block-heading is-style-title-1\">Una cultura <strong>viva e<\/strong> radicata<\/h3>\n\n<p>Le montagne ispirano anche l&#8217;arte. <strong>Festival musicali<\/strong>, <strong>film di montagna<\/strong>, <strong>mostre nelle cittadelle<\/strong>: la <a href=\"https:\/\/www.hautes-alpes.net\/it\/esperienze-hautes-alpes\/cultura-e-tradizione\/\">cultura alpina<\/a> \u00e8 in costante dialogo con i suoi paesaggi. Le Hautes-Alpes sono una regione in cui le arti, sia antiche che contemporanee, trovano sempre uno spazio per esprimersi, grazie a una creativit\u00e0 che attinge al suo patrimonio ma guarda al futuro.<\/p>\n\n<div class=\"wp-block-ws-library-ws-columns has-2-columns are-vertically-aligned-center layout-3565\">\n<div class=\"wp-block-ws-library-ws-column\"><div class=\"wrapper\">\n<div class=\"wp-block-ws-library-ws-image\"><div class=\"wrapper\"><div class=\"group-media\"><img decoding=\"async\" src=\"https:\/\/www.hautes-alpes.net\/wp-content\/uploads\/2025\/12\/ilake-2025-patrick-domeyne-54-427x640.jpg\" alt=\"\" class=\"single_image ws-image-92004\"><div class=\"credits\">P. Domeyne - AD05<\/div><\/div><p class=\"caption\"><\/p><\/div><\/div>\n<\/div><\/div>\n\n\n\n<div class=\"wp-block-ws-library-ws-column\"><div class=\"wrapper\">\n<div class=\"wp-block-ws-library-ws-image is-style-simple\"><div class=\"wrapper\"><div class=\"group-media\"><img decoding=\"async\" src=\"https:\/\/www.hautes-alpes.net\/wp-content\/uploads\/2025\/12\/10-ans-agence-de-developpement-des-hautesalpes-mont-dauphin-26-juin-2025-addet05-123-960x640.jpg\" alt=\"\" class=\"single_image ws-image-90983\"><div class=\"credits\">P. Domeyne - AD05<\/div><\/div><p class=\"caption\"><\/p><\/div><\/div>\n<\/div><\/div>\n<\/div>\n\n<h3 class=\"wp-block-heading is-style-title-1\">Lo spirito della montagna, un <strong>filo conduttore che si estende per migliaia di anni<\/strong><\/h3>\n\n<p>Al di l\u00e0 delle pietre, delle feste e degli oggetti, \u00e8 uno stato d&#8217;animo che resiste: quello della solidariet\u00e0, della condivisione e della semplicit\u00e0. Questo <g id=\"gid_0\">spirito di montagna<\/g>, forgiato da secoli di vita in quota, \u00e8 forse il pi\u00f9 prezioso di tutti i patrimoni. Che sia tangibile o intangibile, costruito o cantato, forma un filo millenario che lega le persone di ieri a quelle di oggi e conferisce alle Hautes-Alpes la loro anima unica.  <\/p>\n\n<div class=\"wp-block-ws-library-ws-image is-style-simple\"><div class=\"wrapper\"><div class=\"group-media\"><img decoding=\"async\" src=\"https:\/\/www.hautes-alpes.net\/wp-content\/uploads\/2025\/10\/0266798cc7583010257e0b8897fdbc8d9bd7e143-1-scaled-960x640.jpg\" alt=\"\" class=\"single_image ws-image-60\"><div class=\"credits\">P. Domeyne - AD05<\/div><\/div><p class=\"caption\"><\/p><\/div><\/div>\n\n<div class=\"wp-block-ws-library-ws-share\"><span class=\"share-subtitle\">Ti \u00e8 piaciuta questa pagina?<\/span><span class=\"share-title\">Condividilo!<\/span><button class=\"ws-share-button wp-element-button\">Condividi questa pagina<\/button><\/div>\n","protected":false},"excerpt":{"rendered":"<p>Attraversa villaggi di straordinaria bellezza e carattere. Qui un mercato colorato, l\u00e0 un festival della transumanza, l\u00e0 fienili in legno, [&hellip;]<\/p>\n","protected":false},"author":6,"featured_media":0,"parent":107972,"menu_order":0,"comment_status":"closed","ping_status":"closed","template":"","meta":{"is_dark_mode":false,"footnotes":""},"page_label":[],"class_list":["post-108957","page","type-page","status-publish","hentry"],"yoast_head":"<!-- This site is optimized with the Yoast SEO plugin v27.2 - https:\/\/yoast.com\/product\/yoast-seo-wordpress\/ -->\n<title>Un patrimonio millenario - Hautes-Alpes<\/title>\n<meta name=\"description\" content=\"Un patrimonio millenario Attraversa villaggi di straordinaria bellezza e carattere. Qui un mercato colorato, l\u00e0 un festival della transumanza, l\u00e0 fienili\" \/>\n<meta name=\"robots\" content=\"index, follow, max-snippet:-1, max-image-preview:large, max-video-preview:-1\" \/>\n<link rel=\"canonical\" href=\"https:\/\/www.hautes-alpes.net\/it\/iconico\/un-patrimonio-millenario\/\" \/>\n<meta property=\"og:locale\" content=\"it_IT\" \/>\n<meta property=\"og:type\" content=\"article\" \/>\n<meta property=\"og:title\" content=\"Un patrimonio millenario - Hautes-Alpes\" \/>\n<meta property=\"og:description\" content=\"Un patrimonio millenario Attraversa villaggi di straordinaria bellezza e carattere. Qui un mercato colorato, l\u00e0 un festival della transumanza, l\u00e0 fienili\" \/>\n<meta property=\"og:url\" content=\"https:\/\/www.hautes-alpes.net\/it\/iconico\/un-patrimonio-millenario\/\" \/>\n<meta property=\"og:site_name\" content=\"Hautes-Alpes\" \/>\n<meta property=\"article:modified_time\" content=\"2025-12-18T16:12:10+00:00\" \/>\n<meta property=\"og:image\" content=\"https:\/\/www.hautes-alpes.net\/wp-content\/uploads\/2025\/11\/vallouise-pelvoux-paul-brechu-25-1-427x640.jpg\" \/>\n<meta name=\"twitter:card\" content=\"summary_large_image\" \/>\n<meta name=\"twitter:label1\" content=\"Tempo di lettura stimato\" \/>\n\t<meta name=\"twitter:data1\" content=\"2 minuti\" \/>\n<script type=\"application\/ld+json\" class=\"yoast-schema-graph\">{\"@context\":\"https:\/\/schema.org\",\"@graph\":[{\"@type\":\"WebPage\",\"@id\":\"https:\/\/www.hautes-alpes.net\/it\/iconico\/un-patrimonio-millenario\/\",\"url\":\"https:\/\/www.hautes-alpes.net\/it\/iconico\/un-patrimonio-millenario\/\",\"name\":\"Un patrimonio millenario - Hautes-Alpes\",\"isPartOf\":{\"@id\":\"https:\/\/www.hautes-alpes.net\/it\/#website\"},\"primaryImageOfPage\":{\"@id\":\"https:\/\/www.hautes-alpes.net\/it\/iconico\/un-patrimonio-millenario\/#primaryimage\"},\"image\":{\"@id\":\"https:\/\/www.hautes-alpes.net\/it\/iconico\/un-patrimonio-millenario\/#primaryimage\"},\"thumbnailUrl\":\"https:\/\/www.hautes-alpes.net\/wp-content\/uploads\/2025\/11\/vallouise-pelvoux-paul-brechu-25-1-427x640.jpg\",\"datePublished\":\"2025-11-26T07:08:57+00:00\",\"dateModified\":\"2025-12-18T16:12:10+00:00\",\"description\":\"Un patrimonio millenario Attraversa villaggi di straordinaria bellezza e carattere. Qui un mercato colorato, l\u00e0 un festival della transumanza, l\u00e0 fienili\",\"breadcrumb\":{\"@id\":\"https:\/\/www.hautes-alpes.net\/it\/iconico\/un-patrimonio-millenario\/#breadcrumb\"},\"inLanguage\":\"it-IT\",\"potentialAction\":[{\"@type\":\"ReadAction\",\"target\":[\"https:\/\/www.hautes-alpes.net\/it\/iconico\/un-patrimonio-millenario\/\"]}]},{\"@type\":\"ImageObject\",\"inLanguage\":\"it-IT\",\"@id\":\"https:\/\/www.hautes-alpes.net\/it\/iconico\/un-patrimonio-millenario\/#primaryimage\",\"url\":\"https:\/\/www.hautes-alpes.net\/wp-content\/uploads\/2025\/11\/vallouise-pelvoux-paul-brechu-25-1-427x640.jpg\",\"contentUrl\":\"https:\/\/www.hautes-alpes.net\/wp-content\/uploads\/2025\/11\/vallouise-pelvoux-paul-brechu-25-1-427x640.jpg\"},{\"@type\":\"BreadcrumbList\",\"@id\":\"https:\/\/www.hautes-alpes.net\/it\/iconico\/un-patrimonio-millenario\/#breadcrumb\",\"itemListElement\":[{\"@type\":\"ListItem\",\"position\":1,\"name\":\"Home\",\"item\":\"https:\/\/www.hautes-alpes.net\/it\/hautes-alpes\/\"},{\"@type\":\"ListItem\",\"position\":2,\"name\":\"Iconico\",\"item\":\"https:\/\/www.hautes-alpes.net\/it\/iconico\/\"},{\"@type\":\"ListItem\",\"position\":3,\"name\":\"Iconico\",\"item\":\"https:\/\/www.hautes-alpes.net\/it\/iconico\/\"},{\"@type\":\"ListItem\",\"position\":4,\"name\":\"Un patrimonio millenario\"}]},{\"@type\":\"WebSite\",\"@id\":\"https:\/\/www.hautes-alpes.net\/it\/#website\",\"url\":\"https:\/\/www.hautes-alpes.net\/it\/\",\"name\":\"ADDET\",\"description\":\"\",\"publisher\":{\"@id\":\"https:\/\/www.hautes-alpes.net\/it\/#organization\"},\"potentialAction\":[{\"@type\":\"SearchAction\",\"target\":{\"@type\":\"EntryPoint\",\"urlTemplate\":\"https:\/\/www.hautes-alpes.net\/it\/?s={search_term_string}\"},\"query-input\":{\"@type\":\"PropertyValueSpecification\",\"valueRequired\":true,\"valueName\":\"search_term_string\"}}],\"inLanguage\":\"it-IT\"},{\"@type\":\"Organization\",\"@id\":\"https:\/\/www.hautes-alpes.net\/it\/#organization\",\"name\":\"Agence D\u00e9partementale de D\u00e9veloppement Economique et Touristique des Hautes-Alpes\",\"url\":\"https:\/\/www.hautes-alpes.net\/it\/\",\"logo\":{\"@type\":\"ImageObject\",\"inLanguage\":\"it-IT\",\"@id\":\"https:\/\/www.hautes-alpes.net\/it\/#\/schema\/logo\/image\/\",\"url\":\"https:\/\/www.hautes-alpes.net\/wp-content\/uploads\/2026\/01\/black-logo-2.svg\",\"contentUrl\":\"https:\/\/www.hautes-alpes.net\/wp-content\/uploads\/2026\/01\/black-logo-2.svg\",\"caption\":\"Agence D\u00e9partementale de D\u00e9veloppement Economique et Touristique des Hautes-Alpes\"},\"image\":{\"@id\":\"https:\/\/www.hautes-alpes.net\/it\/#\/schema\/logo\/image\/\"}}]}<\/script>\n<!-- \/ Yoast SEO plugin. -->","yoast_head_json":{"title":"Un patrimonio millenario - Hautes-Alpes","description":"Un patrimonio millenario Attraversa villaggi di straordinaria bellezza e carattere. Qui un mercato colorato, l\u00e0 un festival della transumanza, l\u00e0 fienili","robots":{"index":"index","follow":"follow","max-snippet":"max-snippet:-1","max-image-preview":"max-image-preview:large","max-video-preview":"max-video-preview:-1"},"canonical":"https:\/\/www.hautes-alpes.net\/it\/iconico\/un-patrimonio-millenario\/","og_locale":"it_IT","og_type":"article","og_title":"Un patrimonio millenario - Hautes-Alpes","og_description":"Un patrimonio millenario Attraversa villaggi di straordinaria bellezza e carattere. Qui un mercato colorato, l\u00e0 un festival della transumanza, l\u00e0 fienili","og_url":"https:\/\/www.hautes-alpes.net\/it\/iconico\/un-patrimonio-millenario\/","og_site_name":"Hautes-Alpes","article_modified_time":"2025-12-18T16:12:10+00:00","og_image":[{"url":"https:\/\/www.hautes-alpes.net\/wp-content\/uploads\/2025\/11\/vallouise-pelvoux-paul-brechu-25-1-427x640.jpg","type":"","width":"","height":""}],"twitter_card":"summary_large_image","twitter_misc":{"Tempo di lettura stimato":"2 minuti"},"schema":{"@context":"https:\/\/schema.org","@graph":[{"@type":"WebPage","@id":"https:\/\/www.hautes-alpes.net\/it\/iconico\/un-patrimonio-millenario\/","url":"https:\/\/www.hautes-alpes.net\/it\/iconico\/un-patrimonio-millenario\/","name":"Un patrimonio millenario - Hautes-Alpes","isPartOf":{"@id":"https:\/\/www.hautes-alpes.net\/it\/#website"},"primaryImageOfPage":{"@id":"https:\/\/www.hautes-alpes.net\/it\/iconico\/un-patrimonio-millenario\/#primaryimage"},"image":{"@id":"https:\/\/www.hautes-alpes.net\/it\/iconico\/un-patrimonio-millenario\/#primaryimage"},"thumbnailUrl":"https:\/\/www.hautes-alpes.net\/wp-content\/uploads\/2025\/11\/vallouise-pelvoux-paul-brechu-25-1-427x640.jpg","datePublished":"2025-11-26T07:08:57+00:00","dateModified":"2025-12-18T16:12:10+00:00","description":"Un patrimonio millenario Attraversa villaggi di straordinaria bellezza e carattere. Qui un mercato colorato, l\u00e0 un festival della transumanza, l\u00e0 fienili","breadcrumb":{"@id":"https:\/\/www.hautes-alpes.net\/it\/iconico\/un-patrimonio-millenario\/#breadcrumb"},"inLanguage":"it-IT","potentialAction":[{"@type":"ReadAction","target":["https:\/\/www.hautes-alpes.net\/it\/iconico\/un-patrimonio-millenario\/"]}]},{"@type":"ImageObject","inLanguage":"it-IT","@id":"https:\/\/www.hautes-alpes.net\/it\/iconico\/un-patrimonio-millenario\/#primaryimage","url":"https:\/\/www.hautes-alpes.net\/wp-content\/uploads\/2025\/11\/vallouise-pelvoux-paul-brechu-25-1-427x640.jpg","contentUrl":"https:\/\/www.hautes-alpes.net\/wp-content\/uploads\/2025\/11\/vallouise-pelvoux-paul-brechu-25-1-427x640.jpg"},{"@type":"BreadcrumbList","@id":"https:\/\/www.hautes-alpes.net\/it\/iconico\/un-patrimonio-millenario\/#breadcrumb","itemListElement":[{"@type":"ListItem","position":1,"name":"Home","item":"https:\/\/www.hautes-alpes.net\/it\/hautes-alpes\/"},{"@type":"ListItem","position":2,"name":"Iconico","item":"https:\/\/www.hautes-alpes.net\/it\/iconico\/"},{"@type":"ListItem","position":3,"name":"Iconico","item":"https:\/\/www.hautes-alpes.net\/it\/iconico\/"},{"@type":"ListItem","position":4,"name":"Un patrimonio millenario"}]},{"@type":"WebSite","@id":"https:\/\/www.hautes-alpes.net\/it\/#website","url":"https:\/\/www.hautes-alpes.net\/it\/","name":"ADDET","description":"","publisher":{"@id":"https:\/\/www.hautes-alpes.net\/it\/#organization"},"potentialAction":[{"@type":"SearchAction","target":{"@type":"EntryPoint","urlTemplate":"https:\/\/www.hautes-alpes.net\/it\/?s={search_term_string}"},"query-input":{"@type":"PropertyValueSpecification","valueRequired":true,"valueName":"search_term_string"}}],"inLanguage":"it-IT"},{"@type":"Organization","@id":"https:\/\/www.hautes-alpes.net\/it\/#organization","name":"Agence D\u00e9partementale de D\u00e9veloppement Economique et Touristique des Hautes-Alpes","url":"https:\/\/www.hautes-alpes.net\/it\/","logo":{"@type":"ImageObject","inLanguage":"it-IT","@id":"https:\/\/www.hautes-alpes.net\/it\/#\/schema\/logo\/image\/","url":"https:\/\/www.hautes-alpes.net\/wp-content\/uploads\/2026\/01\/black-logo-2.svg","contentUrl":"https:\/\/www.hautes-alpes.net\/wp-content\/uploads\/2026\/01\/black-logo-2.svg","caption":"Agence D\u00e9partementale de D\u00e9veloppement Economique et Touristique des Hautes-Alpes"},"image":{"@id":"https:\/\/www.hautes-alpes.net\/it\/#\/schema\/logo\/image\/"}}]}},"_links":{"self":[{"href":"https:\/\/www.hautes-alpes.net\/it\/wp-json\/wp\/v2\/pages\/108957","targetHints":{"allow":["GET"]}}],"collection":[{"href":"https:\/\/www.hautes-alpes.net\/it\/wp-json\/wp\/v2\/pages"}],"about":[{"href":"https:\/\/www.hautes-alpes.net\/it\/wp-json\/wp\/v2\/types\/page"}],"author":[{"embeddable":true,"href":"https:\/\/www.hautes-alpes.net\/it\/wp-json\/wp\/v2\/users\/6"}],"replies":[{"embeddable":true,"href":"https:\/\/www.hautes-alpes.net\/it\/wp-json\/wp\/v2\/comments?post=108957"}],"version-history":[{"count":3,"href":"https:\/\/www.hautes-alpes.net\/it\/wp-json\/wp\/v2\/pages\/108957\/revisions"}],"predecessor-version":[{"id":123012,"href":"https:\/\/www.hautes-alpes.net\/it\/wp-json\/wp\/v2\/pages\/108957\/revisions\/123012"}],"up":[{"embeddable":true,"href":"https:\/\/www.hautes-alpes.net\/it\/wp-json\/wp\/v2\/pages\/107972"}],"wp:attachment":[{"href":"https:\/\/www.hautes-alpes.net\/it\/wp-json\/wp\/v2\/media?parent=108957"}],"wp:term":[{"taxonomy":"page_label","embeddable":true,"href":"https:\/\/www.hautes-alpes.net\/it\/wp-json\/wp\/v2\/page_label?post=108957"}],"curies":[{"name":"wp","href":"https:\/\/api.w.org\/{rel}","templated":true}]}}