{"id":108932,"date":"2025-11-26T07:56:12","date_gmt":"2025-11-26T06:56:12","guid":{"rendered":"https:\/\/www.hautes-alpes.net\/iconico\/giochi-invernali-giochi-estivi\/"},"modified":"2025-12-18T17:10:21","modified_gmt":"2025-12-18T16:10:21","slug":"giochi-invernali-giochi-estivi","status":"publish","type":"page","link":"https:\/\/www.hautes-alpes.net\/it\/iconico\/giochi-invernali-giochi-estivi\/","title":{"rendered":"Giochi invernali, giochi estivi"},"content":{"rendered":"\n<div class=\"wp-block-group alignfull hero-banner-simple has-global-padding is-layout-constrained wp-block-group-is-layout-constrained\"><div class=\"yoast-breadcrumbs\"><span><span><a href=\"https:\/\/www.hautes-alpes.net\/it\/hautes-alpes\/\">Home<\/a><\/span>  <span><a href=\"https:\/\/www.hautes-alpes.net\/it\/iconico\/\">Iconico<\/a><\/span>  <span><a href=\"https:\/\/www.hautes-alpes.net\/it\/iconico\/\">Iconico<\/a><\/span>  <span class=\"breadcrumb_last\" aria-current=\"page\">Giochi invernali, giochi estivi<\/span><\/span><\/div>\n\n\n<h1 class=\"wp-block-ws-library-post-title\">Giochi invernali, giochi estivi<\/h1>\n\n\n\n<p class=\"subtitle\">La mecca dell&#8217;outdoor<\/p>\n\n\n\n<p class=\"has-text-align-center\">Tra vette luminose e valli segrete, le Hautes-Alpes offrono <strong>alcuni dei luoghi all&#8217;aperto pi\u00f9 belli del mondo<\/strong>. Questo \u00e8 il contesto ideale per<strong><a href=\"https:\/\/www.hautes-alpes.net\/it\/esperienze-hautes-alpes\/alpinismo\/\">alpinismo<\/a><\/strong> sviluppata in Francia, ed \u00e8 qui che si trovano le pi\u00f9 famose<strong><a href=\"https:\/\/www.hautes-alpes.net\/it\/esperienze-hautes-alpes\/arrampicata\/\">arrampicata<\/a><\/strong><a href=\"https:\/\/www.hautes-alpes.net\/it\/esperienze-hautes-alpes\/acqua-viva\/\">I kayakisti <\/a>vengono qui per cercare le rapide pi\u00f9 tecniche e i pi\u00f9 grandi campioni di <a href=\"https:\/\/www.hautes-alpes.net\/it\/esperienze-hautes-alpes\/sci\/\"><strong>sci<\/strong> <\/a>o <strong><a href=\"https:\/\/www.hautes-alpes.net\/it\/esperienze-hautes-alpes\/bicicletta-da-montagna\/\">MOUNTAIN BIKE<\/a><\/strong>\u00c8 anche il luogo in cui puoi cimentarti in questi sport in uno dei dipartimenti <strong> <a href=\"https:\/\/www.hautes-alpes.net\/it\/iconico\/sentinelle-della-natura\/\">pi\u00f9 incontaminati della Francia<\/a><\/strong>. <br\/><\/p>\n<\/div>\n\n<div class=\"wp-block-ws-library-ws-image is-style-simple\"><div class=\"wrapper\"><div class=\"group-media\"><img decoding=\"async\" src=\"https:\/\/www.hautes-alpes.net\/wp-content\/uploads\/2025\/12\/col-du-lautaret-alpes-photographies-hd-1240x800.jpg\" alt=\"\" class=\"single_image ws-image-91995\"><div class=\"credits\">Fotografie delle Alpi<\/div><\/div><p class=\"caption\"><\/p><\/div><\/div>\n\n<h3 class=\"wp-block-heading is-style-title-1\">Una terra <strong>di<\/strong><strong>epopee<\/strong><\/h3>\n\n<p>Da <strong><a href=\"https:\/\/www.hautes-alpes.net\/it\/esperienze-hautes-alpes\/biciclette-da-strada\/\">passi leggendari<\/a><\/strong> Granon o Galibier ai sentieri sospesi del <strong><a href=\"https:\/\/www.hautes-alpes.net\/it\/esperienze-hautes-alpes\/passeggiate-ed-escursioni\/\">GR<\/a><\/strong>le Hautes-Alpes sono una terra dove l&#8217;avventura \u00e8 scritta ad ogni passo e ad ogni pedalata. Escursioni, trail, ciclismo su strada o sterrato: lo sforzo diventa iniziazione, le montagne sono un compagno fedele. I paesaggi si rivelano, esigenti e luminosi, al ritmo di chi li percorre.<\/p>\n\n<h3 class=\"wp-block-heading is-style-title-1\">Inverno <strong>in grande stile<\/strong><\/h3>\n\n<p>Quando la neve si impossessa delle valli, il volto delle montagne cambia. <a href=\"https:\/\/www.hautes-alpes.net\/it\/esperienze-hautes-alpes\/sci\/\">Sci <\/a>alpino o di fondo, <a href=\"https:\/\/www.hautes-alpes.net\/it\/esperienze-hautes-alpes\/attivita-nordiche\/\">discipline nordiche<\/a>, <a href=\"https:\/\/www.hautes-alpes.net\/it\/esperienze-hautes-alpes\/arrampicata\/\">arrampicata su ghiaccio<\/a>: ognuno ha il suo mondo, ogni discesa il suo brivido. Le Hautes-Alpes hanno 27 stazioni di sport invernali e 25 aree nordiche, che offrono una rara diversit\u00e0 di paesaggi da esplorare. Nella luce pura dell&#8217;inverno delle Haute-Alpes, lo sci diventa un&#8217;esperienza totale, un mix di energia e contemplazione.<\/p>\n\n<div class=\"wp-block-ws-library-ws-columns has-2-columns are-vertically-aligned-center layout-3565\">\n<div class=\"wp-block-ws-library-ws-column\"><div class=\"wrapper\">\n<div class=\"wp-block-ws-library-ws-image is-style-simple\"><div class=\"wrapper\"><div class=\"group-media\"><img decoding=\"async\" src=\"https:\/\/www.hautes-alpes.net\/wp-content\/uploads\/2025\/12\/bike-lautaret-sept24-addet-hd-jagencekros-remi-fabregue-29-356x640.jpg\" alt=\"\" class=\"single_image ws-image-91997\"><div class=\"credits\">R. Fabregue Agence Kros<\/div><\/div><p class=\"caption\"><\/p><\/div><\/div>\n<\/div><\/div>\n\n\n\n<div class=\"wp-block-ws-library-ws-column\"><div class=\"wrapper\">\n<div class=\"wp-block-ws-library-ws-image\"><div class=\"wrapper\"><div class=\"group-media\"><img decoding=\"async\" src=\"https:\/\/www.hautes-alpes.net\/wp-content\/uploads\/2025\/12\/jeux-deuteu-jeux-dhiver-20160219-dsc09382-1240x800.jpg\" alt=\"\" class=\"single_image ws-image-91993\"><div class=\"credits\">DR<\/div><\/div><p class=\"caption\"><\/p><\/div><\/div>\n<\/div><\/div>\n<\/div>\n\n<h3 class=\"wp-block-heading is-style-title-1\">L&#8217;acqua <strong>come promessa<\/strong><\/h3>\n\n<p>Fiumi impetuosi come la <strong>Durance<\/strong>, laghi turchesi come il maestoso <a href=\"https:\/\/www.hautes-alpes.net\/it\/destinazioni-hautes-alpes\/serre-poncon\/\">Serre-Pon\u00e7on<\/a>, sorgenti inaspettate: l&#8217;acqua \u00e8 ovunque, molteplice e viva. Puoi fare rafting o kayak, pagaiare o navigare, o semplicemente rilassarti e nuotare. Nelle Hautes-Alpes l&#8217;acqua \u00e8 una boccata d&#8217;aria fresca, un&#8217;energia che connette e rinvigorisce tanto quanto stupisce.<\/p>\n\n<h3 class=\"wp-block-heading is-style-title-1\">Verticalit\u00e0 <strong>e libert\u00e0<\/strong><\/h3>\n\n<p>Dal granito selvaggio di Ailefroide alle colonnine bluastre di C\u00e9\u00fcze, passando per le falesie di Orpierre e le cascate di ghiaccio, l&#8217;<a href=\"https:\/\/www.hautes-alpes.net\/it\/esperienze-hautes-alpes\/arrampicata\/\">arrampicata <\/a>qui \u00e8 una promessa di elevazione. Gli scalatori di tutto il mondo affollano queste pareti in tutte le stagioni. Le montagne delle Alpi sono un regno verticale, dove ogni spostamento \u00e8 un&#8217;avventura.<\/p>\n\n<div class=\"wp-block-ws-library-ws-columns has-2-columns are-vertically-aligned-center layout-6535\">\n<div class=\"wp-block-ws-library-ws-column\"><div class=\"wrapper\">\n<div class=\"wp-block-ws-library-ws-image\"><div class=\"wrapper\"><div class=\"group-media\"><img decoding=\"async\" src=\"https:\/\/www.hautes-alpes.net\/wp-content\/uploads\/2025\/12\/jeux-deuteu-jeux-dhiver-ceuagencekros-remifabregue-17-scaled-e1764766368219-1192x640.jpg\" alt=\"\" class=\"single_image ws-image-91994\"><div class=\"credits\">Agenzia Kros R.Fabregue<\/div><\/div><p class=\"caption\"><\/p><\/div><\/div>\n<\/div><\/div>\n\n\n\n<div class=\"wp-block-ws-library-ws-column\"><div class=\"wrapper\">\n<div class=\"wp-block-ws-library-ws-image\"><div class=\"wrapper\"><div class=\"group-media\"><img decoding=\"async\" src=\"https:\/\/www.hautes-alpes.net\/wp-content\/uploads\/2025\/12\/jeux-deuteu-jeux-dhiver-stade-eau-vive-l-argentiere-10-960x640.jpg\" alt=\"\" class=\"single_image ws-image-91992\"><div class=\"credits\">P. Domeyne - AD05<\/div><\/div><p class=\"caption\"><\/p><\/div><\/div>\n<\/div><\/div>\n<\/div>\n\n<h3 class=\"wp-block-heading is-style-title-1\">Luce <strong>e infinito<\/strong><\/h3>\n\n<p>E quando la luce del giorno svanisce, la magia continua. Il <a href=\"https:\/\/www.hautes-alpes.net\/it\/esperienze-hautes-alpes\/astronomia\/\">cielo delle Hautes-Alpes<\/a>, puro e profondo, rivela la Via Lattea come una scia di stelle. Osservatori e altopiani come Bure, Ch\u00e2teaurenard e Moydans diventano porte d&#8217;accesso all&#8217;universo. Perch\u00e9 questa regione, che vive al ritmo delle stagioni, non offre solo attivit\u00e0: offre intensit\u00e0, libert\u00e0 e meraviglia infinita.   <\/p>\n\n<div class=\"wp-block-ws-library-ws-columns has-2-columns are-vertically-aligned-center layout-5050\">\n<div class=\"wp-block-ws-library-ws-column\"><div class=\"wrapper\">\n<div class=\"wp-block-ws-library-ws-image\"><div class=\"wrapper\"><div class=\"group-media\"><img decoding=\"async\" src=\"https:\/\/www.hautes-alpes.net\/wp-content\/uploads\/2025\/11\/rogier-van-rijn-2-960x640.jpg\" alt=\"\" class=\"single_image ws-image-57967\"><div class=\"credits\">R. VanRijn<\/div><\/div><p class=\"caption\"><\/p><\/div><\/div>\n<\/div><\/div>\n\n\n\n<div class=\"wp-block-ws-library-ws-column\"><div class=\"wrapper\">\n<div class=\"wp-block-ws-library-ws-image\"><div class=\"wrapper\"><div class=\"group-media\"><img decoding=\"async\" src=\"https:\/\/www.hautes-alpes.net\/wp-content\/uploads\/2025\/11\/granon-cyclo-alpesphotographiescom-18-1-960x640.jpg\" alt=\"\" class=\"single_image ws-image-61011\"><div class=\"credits\">Fotografie delle Alpi<\/div><\/div><p class=\"caption\"><\/p><\/div><\/div>\n<\/div><\/div>\n<\/div>\n\n<div class=\"wp-block-ws-library-ws-image is-style-simple\"><div class=\"wrapper\"><div class=\"group-media\"><img decoding=\"async\" src=\"https:\/\/www.hautes-alpes.net\/wp-content\/uploads\/2025\/12\/jeux-deuteu-jeux-dhiver-glacier-blanc-famile-tblais-2-1240x800.jpg\" alt=\"\" class=\"single_image ws-image-91991\"><div class=\"credits\">T.Blais<\/div><\/div><p class=\"caption\"><\/p><\/div><\/div>\n\n<div class=\"wp-block-ws-library-ws-share\"><span class=\"share-subtitle\">Ti \u00e8 piaciuta questa pagina?<\/span><span class=\"share-title\">Condividilo!<\/span><button class=\"ws-share-button wp-element-button\">Condividi questa pagina<\/button><\/div>\n","protected":false},"excerpt":{"rendered":"<p>La mecca dell&#8217;outdoor Tra vette luminose e valli segrete, le Hautes-Alpes offrono alcuni dei luoghi all&#8217;aperto pi\u00f9 belli del mondo. [&hellip;]<\/p>\n","protected":false},"author":6,"featured_media":0,"parent":107972,"menu_order":0,"comment_status":"closed","ping_status":"closed","template":"","meta":{"is_dark_mode":false,"footnotes":""},"page_label":[],"class_list":["post-108932","page","type-page","status-publish","hentry"],"yoast_head":"<!-- This site is optimized with the Yoast SEO plugin v27.2 - https:\/\/yoast.com\/product\/yoast-seo-wordpress\/ -->\n<title>Giochi invernali, giochi estivi - Hautes-Alpes<\/title>\n<meta name=\"description\" content=\"Giochi invernali, giochi estivi La mecca dell&#039;outdoor Tra vette luminose e valli segrete, le Hautes-Alpes offrono alcuni dei luoghi all&#039;aperto pi\u00f9 belli\" \/>\n<meta name=\"robots\" content=\"index, follow, max-snippet:-1, max-image-preview:large, max-video-preview:-1\" \/>\n<link rel=\"canonical\" href=\"https:\/\/www.hautes-alpes.net\/it\/iconico\/giochi-invernali-giochi-estivi\/\" \/>\n<meta property=\"og:locale\" content=\"it_IT\" \/>\n<meta property=\"og:type\" content=\"article\" \/>\n<meta property=\"og:title\" content=\"Giochi invernali, giochi estivi - Hautes-Alpes\" \/>\n<meta property=\"og:description\" content=\"Giochi invernali, giochi estivi La mecca dell&#039;outdoor Tra vette luminose e valli segrete, le Hautes-Alpes offrono alcuni dei luoghi all&#039;aperto pi\u00f9 belli\" \/>\n<meta property=\"og:url\" content=\"https:\/\/www.hautes-alpes.net\/it\/iconico\/giochi-invernali-giochi-estivi\/\" \/>\n<meta property=\"og:site_name\" content=\"Hautes-Alpes\" \/>\n<meta property=\"article:modified_time\" content=\"2025-12-18T16:10:21+00:00\" \/>\n<meta property=\"og:image\" content=\"https:\/\/www.hautes-alpes.net\/wp-content\/uploads\/2025\/12\/col-du-lautaret-alpes-photographies-hd-1240x800.jpg\" \/>\n<meta name=\"twitter:card\" content=\"summary_large_image\" \/>\n<meta name=\"twitter:label1\" content=\"Tempo di lettura stimato\" \/>\n\t<meta name=\"twitter:data1\" content=\"2 minuti\" \/>\n<script type=\"application\/ld+json\" class=\"yoast-schema-graph\">{\"@context\":\"https:\/\/schema.org\",\"@graph\":[{\"@type\":\"WebPage\",\"@id\":\"https:\/\/www.hautes-alpes.net\/it\/iconico\/giochi-invernali-giochi-estivi\/\",\"url\":\"https:\/\/www.hautes-alpes.net\/it\/iconico\/giochi-invernali-giochi-estivi\/\",\"name\":\"Giochi invernali, giochi estivi - Hautes-Alpes\",\"isPartOf\":{\"@id\":\"https:\/\/www.hautes-alpes.net\/it\/#website\"},\"primaryImageOfPage\":{\"@id\":\"https:\/\/www.hautes-alpes.net\/it\/iconico\/giochi-invernali-giochi-estivi\/#primaryimage\"},\"image\":{\"@id\":\"https:\/\/www.hautes-alpes.net\/it\/iconico\/giochi-invernali-giochi-estivi\/#primaryimage\"},\"thumbnailUrl\":\"https:\/\/www.hautes-alpes.net\/wp-content\/uploads\/2025\/12\/col-du-lautaret-alpes-photographies-hd-1240x800.jpg\",\"datePublished\":\"2025-11-26T06:56:12+00:00\",\"dateModified\":\"2025-12-18T16:10:21+00:00\",\"description\":\"Giochi invernali, giochi estivi La mecca dell'outdoor Tra vette luminose e valli segrete, le Hautes-Alpes offrono alcuni dei luoghi all'aperto pi\u00f9 belli\",\"breadcrumb\":{\"@id\":\"https:\/\/www.hautes-alpes.net\/it\/iconico\/giochi-invernali-giochi-estivi\/#breadcrumb\"},\"inLanguage\":\"it-IT\",\"potentialAction\":[{\"@type\":\"ReadAction\",\"target\":[\"https:\/\/www.hautes-alpes.net\/it\/iconico\/giochi-invernali-giochi-estivi\/\"]}]},{\"@type\":\"ImageObject\",\"inLanguage\":\"it-IT\",\"@id\":\"https:\/\/www.hautes-alpes.net\/it\/iconico\/giochi-invernali-giochi-estivi\/#primaryimage\",\"url\":\"https:\/\/www.hautes-alpes.net\/wp-content\/uploads\/2025\/12\/col-du-lautaret-alpes-photographies-hd-1240x800.jpg\",\"contentUrl\":\"https:\/\/www.hautes-alpes.net\/wp-content\/uploads\/2025\/12\/col-du-lautaret-alpes-photographies-hd-1240x800.jpg\"},{\"@type\":\"BreadcrumbList\",\"@id\":\"https:\/\/www.hautes-alpes.net\/it\/iconico\/giochi-invernali-giochi-estivi\/#breadcrumb\",\"itemListElement\":[{\"@type\":\"ListItem\",\"position\":1,\"name\":\"Home\",\"item\":\"https:\/\/www.hautes-alpes.net\/it\/hautes-alpes\/\"},{\"@type\":\"ListItem\",\"position\":2,\"name\":\"Iconico\",\"item\":\"https:\/\/www.hautes-alpes.net\/it\/iconico\/\"},{\"@type\":\"ListItem\",\"position\":3,\"name\":\"Iconico\",\"item\":\"https:\/\/www.hautes-alpes.net\/it\/iconico\/\"},{\"@type\":\"ListItem\",\"position\":4,\"name\":\"Giochi invernali, giochi estivi\"}]},{\"@type\":\"WebSite\",\"@id\":\"https:\/\/www.hautes-alpes.net\/it\/#website\",\"url\":\"https:\/\/www.hautes-alpes.net\/it\/\",\"name\":\"ADDET\",\"description\":\"\",\"publisher\":{\"@id\":\"https:\/\/www.hautes-alpes.net\/it\/#organization\"},\"potentialAction\":[{\"@type\":\"SearchAction\",\"target\":{\"@type\":\"EntryPoint\",\"urlTemplate\":\"https:\/\/www.hautes-alpes.net\/it\/?s={search_term_string}\"},\"query-input\":{\"@type\":\"PropertyValueSpecification\",\"valueRequired\":true,\"valueName\":\"search_term_string\"}}],\"inLanguage\":\"it-IT\"},{\"@type\":\"Organization\",\"@id\":\"https:\/\/www.hautes-alpes.net\/it\/#organization\",\"name\":\"Agence D\u00e9partementale de D\u00e9veloppement Economique et Touristique des Hautes-Alpes\",\"url\":\"https:\/\/www.hautes-alpes.net\/it\/\",\"logo\":{\"@type\":\"ImageObject\",\"inLanguage\":\"it-IT\",\"@id\":\"https:\/\/www.hautes-alpes.net\/it\/#\/schema\/logo\/image\/\",\"url\":\"https:\/\/www.hautes-alpes.net\/wp-content\/uploads\/2026\/01\/black-logo-2.svg\",\"contentUrl\":\"https:\/\/www.hautes-alpes.net\/wp-content\/uploads\/2026\/01\/black-logo-2.svg\",\"caption\":\"Agence D\u00e9partementale de D\u00e9veloppement Economique et Touristique des Hautes-Alpes\"},\"image\":{\"@id\":\"https:\/\/www.hautes-alpes.net\/it\/#\/schema\/logo\/image\/\"}}]}<\/script>\n<!-- \/ Yoast SEO plugin. -->","yoast_head_json":{"title":"Giochi invernali, giochi estivi - Hautes-Alpes","description":"Giochi invernali, giochi estivi La mecca dell'outdoor Tra vette luminose e valli segrete, le Hautes-Alpes offrono alcuni dei luoghi all'aperto pi\u00f9 belli","robots":{"index":"index","follow":"follow","max-snippet":"max-snippet:-1","max-image-preview":"max-image-preview:large","max-video-preview":"max-video-preview:-1"},"canonical":"https:\/\/www.hautes-alpes.net\/it\/iconico\/giochi-invernali-giochi-estivi\/","og_locale":"it_IT","og_type":"article","og_title":"Giochi invernali, giochi estivi - Hautes-Alpes","og_description":"Giochi invernali, giochi estivi La mecca dell'outdoor Tra vette luminose e valli segrete, le Hautes-Alpes offrono alcuni dei luoghi all'aperto pi\u00f9 belli","og_url":"https:\/\/www.hautes-alpes.net\/it\/iconico\/giochi-invernali-giochi-estivi\/","og_site_name":"Hautes-Alpes","article_modified_time":"2025-12-18T16:10:21+00:00","og_image":[{"url":"https:\/\/www.hautes-alpes.net\/wp-content\/uploads\/2025\/12\/col-du-lautaret-alpes-photographies-hd-1240x800.jpg","type":"","width":"","height":""}],"twitter_card":"summary_large_image","twitter_misc":{"Tempo di lettura stimato":"2 minuti"},"schema":{"@context":"https:\/\/schema.org","@graph":[{"@type":"WebPage","@id":"https:\/\/www.hautes-alpes.net\/it\/iconico\/giochi-invernali-giochi-estivi\/","url":"https:\/\/www.hautes-alpes.net\/it\/iconico\/giochi-invernali-giochi-estivi\/","name":"Giochi invernali, giochi estivi - Hautes-Alpes","isPartOf":{"@id":"https:\/\/www.hautes-alpes.net\/it\/#website"},"primaryImageOfPage":{"@id":"https:\/\/www.hautes-alpes.net\/it\/iconico\/giochi-invernali-giochi-estivi\/#primaryimage"},"image":{"@id":"https:\/\/www.hautes-alpes.net\/it\/iconico\/giochi-invernali-giochi-estivi\/#primaryimage"},"thumbnailUrl":"https:\/\/www.hautes-alpes.net\/wp-content\/uploads\/2025\/12\/col-du-lautaret-alpes-photographies-hd-1240x800.jpg","datePublished":"2025-11-26T06:56:12+00:00","dateModified":"2025-12-18T16:10:21+00:00","description":"Giochi invernali, giochi estivi La mecca dell'outdoor Tra vette luminose e valli segrete, le Hautes-Alpes offrono alcuni dei luoghi all'aperto pi\u00f9 belli","breadcrumb":{"@id":"https:\/\/www.hautes-alpes.net\/it\/iconico\/giochi-invernali-giochi-estivi\/#breadcrumb"},"inLanguage":"it-IT","potentialAction":[{"@type":"ReadAction","target":["https:\/\/www.hautes-alpes.net\/it\/iconico\/giochi-invernali-giochi-estivi\/"]}]},{"@type":"ImageObject","inLanguage":"it-IT","@id":"https:\/\/www.hautes-alpes.net\/it\/iconico\/giochi-invernali-giochi-estivi\/#primaryimage","url":"https:\/\/www.hautes-alpes.net\/wp-content\/uploads\/2025\/12\/col-du-lautaret-alpes-photographies-hd-1240x800.jpg","contentUrl":"https:\/\/www.hautes-alpes.net\/wp-content\/uploads\/2025\/12\/col-du-lautaret-alpes-photographies-hd-1240x800.jpg"},{"@type":"BreadcrumbList","@id":"https:\/\/www.hautes-alpes.net\/it\/iconico\/giochi-invernali-giochi-estivi\/#breadcrumb","itemListElement":[{"@type":"ListItem","position":1,"name":"Home","item":"https:\/\/www.hautes-alpes.net\/it\/hautes-alpes\/"},{"@type":"ListItem","position":2,"name":"Iconico","item":"https:\/\/www.hautes-alpes.net\/it\/iconico\/"},{"@type":"ListItem","position":3,"name":"Iconico","item":"https:\/\/www.hautes-alpes.net\/it\/iconico\/"},{"@type":"ListItem","position":4,"name":"Giochi invernali, giochi estivi"}]},{"@type":"WebSite","@id":"https:\/\/www.hautes-alpes.net\/it\/#website","url":"https:\/\/www.hautes-alpes.net\/it\/","name":"ADDET","description":"","publisher":{"@id":"https:\/\/www.hautes-alpes.net\/it\/#organization"},"potentialAction":[{"@type":"SearchAction","target":{"@type":"EntryPoint","urlTemplate":"https:\/\/www.hautes-alpes.net\/it\/?s={search_term_string}"},"query-input":{"@type":"PropertyValueSpecification","valueRequired":true,"valueName":"search_term_string"}}],"inLanguage":"it-IT"},{"@type":"Organization","@id":"https:\/\/www.hautes-alpes.net\/it\/#organization","name":"Agence D\u00e9partementale de D\u00e9veloppement Economique et Touristique des Hautes-Alpes","url":"https:\/\/www.hautes-alpes.net\/it\/","logo":{"@type":"ImageObject","inLanguage":"it-IT","@id":"https:\/\/www.hautes-alpes.net\/it\/#\/schema\/logo\/image\/","url":"https:\/\/www.hautes-alpes.net\/wp-content\/uploads\/2026\/01\/black-logo-2.svg","contentUrl":"https:\/\/www.hautes-alpes.net\/wp-content\/uploads\/2026\/01\/black-logo-2.svg","caption":"Agence D\u00e9partementale de D\u00e9veloppement Economique et Touristique des Hautes-Alpes"},"image":{"@id":"https:\/\/www.hautes-alpes.net\/it\/#\/schema\/logo\/image\/"}}]}},"_links":{"self":[{"href":"https:\/\/www.hautes-alpes.net\/it\/wp-json\/wp\/v2\/pages\/108932","targetHints":{"allow":["GET"]}}],"collection":[{"href":"https:\/\/www.hautes-alpes.net\/it\/wp-json\/wp\/v2\/pages"}],"about":[{"href":"https:\/\/www.hautes-alpes.net\/it\/wp-json\/wp\/v2\/types\/page"}],"author":[{"embeddable":true,"href":"https:\/\/www.hautes-alpes.net\/it\/wp-json\/wp\/v2\/users\/6"}],"replies":[{"embeddable":true,"href":"https:\/\/www.hautes-alpes.net\/it\/wp-json\/wp\/v2\/comments?post=108932"}],"version-history":[{"count":5,"href":"https:\/\/www.hautes-alpes.net\/it\/wp-json\/wp\/v2\/pages\/108932\/revisions"}],"predecessor-version":[{"id":123002,"href":"https:\/\/www.hautes-alpes.net\/it\/wp-json\/wp\/v2\/pages\/108932\/revisions\/123002"}],"up":[{"embeddable":true,"href":"https:\/\/www.hautes-alpes.net\/it\/wp-json\/wp\/v2\/pages\/107972"}],"wp:attachment":[{"href":"https:\/\/www.hautes-alpes.net\/it\/wp-json\/wp\/v2\/media?parent=108932"}],"wp:term":[{"taxonomy":"page_label","embeddable":true,"href":"https:\/\/www.hautes-alpes.net\/it\/wp-json\/wp\/v2\/page_label?post=108932"}],"curies":[{"name":"wp","href":"https:\/\/api.w.org\/{rel}","templated":true}]}}