{"id":108823,"date":"2025-11-20T15:41:26","date_gmt":"2025-11-20T14:41:26","guid":{"rendered":"https:\/\/www.hautes-alpes.net\/esperienze-hautes-alpes\/astronomia\/"},"modified":"2026-01-05T11:35:02","modified_gmt":"2026-01-05T10:35:02","slug":"astronomia","status":"publish","type":"page","link":"https:\/\/www.hautes-alpes.net\/it\/esperienze-hautes-alpes\/astronomia\/","title":{"rendered":"Astronomia"},"content":{"rendered":"\n<div class=\"wp-block-group alignfull hero-banner-cover-wide has-global-padding is-layout-constrained wp-block-group-is-layout-constrained\"><div class=\"yoast-breadcrumbs\"><span><span><a href=\"https:\/\/www.hautes-alpes.net\/it\/hautes-alpes\/\">Home<\/a><\/span>  <span><a href=\"https:\/\/www.hautes-alpes.net\/it\/esperienze-hautes-alpes\/\">Esperienze - Hautes-Alpes<\/a><\/span>  <span><a href=\"https:\/\/www.hautes-alpes.net\/it\/esperienze-hautes-alpes\/\">Esperienze - Hautes-Alpes<\/a><\/span>  <span class=\"breadcrumb_last\" aria-current=\"page\">Astronomia<\/span><\/span><\/div>\n\n\n<h1 class=\"wp-block-ws-library-post-title\">Astronomia<\/h1>\n\n\n\n<div class=\"wp-block-ws-library-media-embed ws-media-embed\"><img decoding=\"async\" src=\"https:\/\/www.hautes-alpes.net\/wp-content\/uploads\/2025\/11\/plateau-de-bure-gontran-isnard-gontranid1-scaled-2000x1000.jpg\" alt=\"\" class=\"ws-media-embed__image\" style=\"aspect-ratio:2000\/1000\"><\/div>\n\n\n\n<p class=\"subtitle is-style-default\"><\/p>\n\n\n\n<p><\/p>\n<\/div>\n\n<div class=\"wp-block-group alignfull block-etapes has-global-padding is-layout-constrained wp-block-group-is-layout-constrained\">\n<h2 class=\"wp-block-heading is-style-title-1\"><em>AstronomiaDove<\/em>il cielo<br\/><strong>diventa infinito<\/strong><\/h2>\n\n\n\n<p>Nelle <strong>Hautes-Alpes<\/strong>, la notte non \u00e8 mai del tutto nera. Brilla, immensa, profonda e sembra avvolgerti. Qui, a oltre 2.000 metri di altitudine, lontano dalle grandi citt\u00e0 e dalle loro luci, il cielo si rivela come un libro aperto. Le costellazioni brillano a vista d&#8217;occhio, i pianeti si intravedono e a volte persino una scia di stelle cadenti sospende il tempo. <strong>Osservare il cielo nelle Hautes-Alpes<\/strong> significa riscoprire una parte di s\u00e9, tra silenzio, vertigini e meraviglia.   <\/p>\n<\/div>\n\n<div style=\"height:50px\" aria-hidden=\"true\" class=\"wp-block-spacer\"><\/div>\n\n<div class=\"wp-block-group alignfull step-by-step has-global-padding is-layout-constrained wp-block-group-is-layout-constrained\">\n<div class=\"wp-block-ws-library-ws-columns alignwide has-2-columns are-vertically-aligned-center layout-5050\">\n<div class=\"wp-block-ws-library-ws-column\"><div class=\"wrapper\">\n<h2 class=\"wp-block-heading\"><strong>L&#8217;osservatorio<br\/><\/strong>a Ch\u00e2teau Renard<\/h2>\n\n\n\n<p>A Saint-V\u00e9ran, <strong>l&#8217;osservatorio di <a href=\"https:\/\/www.hautes-alpes.net\/it\/destinazioni-hautes-alpes\/guillestrois-queyras\/\">Ch\u00e2teau Renard<\/a><\/strong>, arroccato a 2.930 metri, \u00e8 uno dei pi\u00f9 alti d&#8217;Europa. Il luogo \u00e8 semplicemente magico e cos\u00ec caratteristico con la sua enorme cupola. Si dice che sulle alture di Saint-V\u00e9ran i galli becchino le stelle e vedrai che \u00e8 vero.<\/p>\n<\/div><\/div>\n\n\n\n<div class=\"wp-block-ws-library-ws-column\"><div class=\"wrapper\">\n<div class=\"wp-block-ws-library-ws-image\"><div class=\"wrapper\"><div class=\"group-media\"><img decoding=\"async\" src=\"https:\/\/www.hautes-alpes.net\/wp-content\/uploads\/2025\/11\/observatoire-de-saint-veran-neige-nuit-marc-lelievre-1240x800.jpg\" alt=\"\" class=\"single_image ws-image-53331\"><div class=\"credits\">Sig. Leli\u00e8vre<\/div><\/div><p class=\"caption\"><\/p><\/div><\/div>\n<\/div><\/div>\n<\/div>\n\n\n\n<div class=\"wp-block-ws-library-ws-columns alignwide has-2-columns are-vertically-aligned-center layout-5050\">\n<div class=\"wp-block-ws-library-ws-column\"><div class=\"wrapper\">\n<h2 class=\"wp-block-heading\"><strong>L&#8217;osservatorio <br\/><\/strong>delle Baronnies proven\u00e7ales<\/h2>\n\n\n\n<p>Pi\u00f9 a sud, l <strong>&#8216;osservatorio Baronnies Proven\u00e7ales<\/strong>, situato nel cuore dell&#8217;omonimo <strong>parco naturale regionale<\/strong> e della Riserva Internazionale del Cielo <a href=\"https:\/\/www.hautes-alpes.net\/it\/destinazioni-hautes-alpes\/buech\/\">Bu\u00ebch<\/a>, \u00e8 sorprendentemente ben attrezzato. Tutto l&#8217;anno puoi immergerti nell&#8217;affascinante mondo dell&#8217;astronomia, sia che tu sia un principiante, un amatore o un professionista.<\/p>\n<\/div><\/div>\n\n\n\n<div class=\"wp-block-ws-library-ws-column\"><div class=\"wrapper\">\n<div class=\"wp-block-ws-library-ws-image\"><div class=\"wrapper\"><div class=\"group-media\"><img decoding=\"async\" src=\"https:\/\/www.hautes-alpes.net\/wp-content\/uploads\/2025\/11\/plateau-de-bure-gontran-isnard-gontranid-5-1240x800.jpg\" alt=\"\" class=\"single_image ws-image-57724\"><div class=\"credits\">G. Isnard<\/div><\/div><p class=\"caption\"><\/p><\/div><\/div>\n<\/div><\/div>\n<\/div>\n\n\n\n<div class=\"wp-block-ws-library-ws-columns alignwide has-2-columns are-vertically-aligned-center layout-5050\">\n<div class=\"wp-block-ws-library-ws-column\"><div class=\"wrapper\">\n<h2 class=\"wp-block-heading\"><strong>L&#8217;altopiano di Bure, <br\/><\/strong>cattedrale del silenzio<\/h2>\n\n\n\n<p>Sull&#8217;altopiano di <strong><a href=\"https:\/\/www.hautes-alpes.net\/it\/destinazioni-hautes-alpes\/devoluy\/\">Altopiano di Bure<\/a><\/strong>ad un&#8217;altitudine di oltre 2.500 metri, le grandi antenne bianche <strong>dell&#8217;IRAM<\/strong> sembrano delle sculture che si stagliano contro il vento. Ascoltano le onde provenienti da galassie lontane, dove la luce non \u00e8 pi\u00f9 sufficiente. Questo luogo quasi irreale combina il rigore scientifico con la poesia dei grandi spazi aperti. Di fronte a queste antenne, capiamo che il cielo non \u00e8 solo sopra di noi: \u00e8 anche una ricerca, una promessa, un infinito da esplorare.<\/p>\n<\/div><\/div>\n\n\n\n<div class=\"wp-block-ws-library-ws-column\"><div class=\"wrapper\">\n<div class=\"wp-block-ws-library-ws-image\"><div class=\"wrapper\"><div class=\"group-media\"><img decoding=\"async\" src=\"https:\/\/www.hautes-alpes.net\/wp-content\/uploads\/2025\/11\/plateau-de-bure-gontran-isnard-gontranid-14-1-1240x800.jpg\" alt=\"\" class=\"single_image ws-image-52435\"><div class=\"credits\">G. Isnard<\/div><\/div><p class=\"caption\"><\/p><\/div><\/div>\n<\/div><\/div>\n<\/div>\n\n\n\n<div class=\"wp-block-ws-library-ws-columns alignwide has-2-columns are-vertically-aligned-center layout-5050\">\n<div class=\"wp-block-ws-library-ws-column\"><div class=\"wrapper\">\n<h2 class=\"wp-block-heading\"><strong>Un cielo puro,<\/strong><br\/>una luce incontaminata<\/h2>\n\n\n\n<p><strong>Le Hautes-Alpes<\/strong> offrono un raro privilegio: un cielo di una limpidezza quasi incontaminata. L&#8217;aria secca, il basso inquinamento luminoso e l&#8217;altitudine creano l&#8217;alchimia perfetta per scrutare l&#8217;universo. Qui la Via Lattea emerge come un fiume di luce, cos\u00ec chiara che sembra guidare i nostri passi. Ogni notte diventa un invito a guardare in alto, a sorprendersi e a ricordare che siamo parte di un cosmo infinito.   <\/p>\n<\/div><\/div>\n\n\n\n<div class=\"wp-block-ws-library-ws-column\"><div class=\"wrapper\">\n<div class=\"wp-block-ws-library-ws-image\"><div class=\"wrapper\"><div class=\"group-media\"><img decoding=\"async\" src=\"https:\/\/www.hautes-alpes.net\/wp-content\/uploads\/2025\/12\/astronomie-observatoire-st-veran.png\" alt=\"\" class=\"single_image ws-image-89538\"><div class=\"credits\">DR<\/div><\/div><p class=\"caption\"><\/p><\/div><\/div>\n<\/div><\/div>\n<\/div>\n<\/div>\n\n<div style=\"height:100px\" aria-hidden=\"true\" class=\"wp-block-spacer\"><\/div>\n\n<hr class=\"wp-block-separator has-alpha-channel-opacity is-style-default\"\/>\n\n<h2 class=\"wp-block-heading is-style-title-1\"><strong>Vedi anche<\/strong><\/h2>\n\n<div class=\"wp-block-group alignwide list-nodetails is-content-justification-center is-layout-flex wp-container-core-group-is-layout-94ea2d6b wp-block-group-is-layout-flex\">\n<div class=\"wp-block-group has-global-padding is-layout-constrained wp-block-group-is-layout-constrained\">\n<div class=\"wp-block-ws-library-ws-image is-style-simple\"><div class=\"wrapper\"><div class=\"group-media\"><img decoding=\"async\" src=\"https:\/\/www.hautes-alpes.net\/wp-content\/uploads\/2025\/11\/refuge-de-chamoissie-re-gontran-isnard-addet-05-67-1240x800.jpg\" alt=\"\" class=\"single_image ws-image-60400\"><div class=\"credits\">G. Isnard<\/div><\/div><p class=\"caption\"><\/p><\/div><\/div>\n\n\n\n<h3 class=\"wp-block-heading is-style-title-2\"><em>Esperienze<br\/><\/em>Escursioni e passeggiate<\/h3>\n\n\n\n<div class=\"wp-block-buttons is-layout-flex wp-block-buttons-is-layout-flex\">\n<div class=\"wp-block-button\"><a class=\"wp-block-button__link wp-element-button\" href=\"https:\/\/www.hautes-alpes.net\/it\/esperienze-hautes-alpes\/passeggiate-ed-escursioni\/\">Vedi<\/a><\/div>\n<\/div>\n<\/div>\n\n\n\n<div class=\"wp-block-group has-global-padding is-layout-constrained wp-block-group-is-layout-constrained\">\n<div class=\"wp-block-ws-library-ws-image is-style-simple\"><div class=\"wrapper\"><div class=\"group-media\"><img decoding=\"async\" src=\"https:\/\/www.hautes-alpes.net\/wp-content\/uploads\/2025\/11\/recue-080720130001-1240x800.jpg\" alt=\"\" class=\"single_image ws-image-78230\"><div class=\"credits\">DR<\/div><\/div><p class=\"caption\"><\/p><\/div><\/div>\n\n\n\n<h3 class=\"wp-block-heading is-style-title-2\"><em>IconicsRifugi alpini<\/em><\/h3>\n\n\n\n<div class=\"wp-block-buttons is-layout-flex wp-block-buttons-is-layout-flex\">\n<div class=\"wp-block-button\"><a class=\"wp-block-button__link wp-element-button\" href=\"https:\/\/www.hautes-alpes.net\/it\/iconico\/rifugi\/\">Vedi<\/a><\/div>\n<\/div>\n<\/div>\n<\/div>\n\n<div class=\"wp-block-ws-library-ws-share\"><span class=\"share-subtitle\">Ti \u00e8 piaciuta questa pagina?<\/span><span class=\"share-title\">Condividilo!<\/span><button class=\"ws-share-button wp-element-button\">Condividi questa pagina<\/button><\/div>\n","protected":false},"excerpt":{"rendered":"<p>AstronomiaDoveil cielodiventa infinito Nelle Hautes-Alpes, la notte non \u00e8 mai del tutto nera. Brilla, immensa, profonda e sembra avvolgerti. Qui, [&hellip;]<\/p>\n","protected":false},"author":7,"featured_media":0,"parent":104667,"menu_order":0,"comment_status":"closed","ping_status":"closed","template":"","meta":{"is_dark_mode":true,"footnotes":""},"page_label":[],"class_list":["post-108823","page","type-page","status-publish","hentry"],"yoast_head":"<!-- This site is optimized with the Yoast SEO plugin v27.2 - https:\/\/yoast.com\/product\/yoast-seo-wordpress\/ -->\n<title>Astronomia - Hautes-Alpes<\/title>\n<meta name=\"description\" content=\"Astronomia AstronomiaDoveil cielodiventa infinito Nelle Hautes-Alpes, la notte non \u00e8 mai del tutto nera. Brilla, immensa, profonda e sembra avvolgerti.\" \/>\n<meta name=\"robots\" content=\"index, follow, max-snippet:-1, max-image-preview:large, max-video-preview:-1\" \/>\n<link rel=\"canonical\" href=\"https:\/\/www.hautes-alpes.net\/it\/esperienze-hautes-alpes\/astronomia\/\" \/>\n<meta property=\"og:locale\" content=\"it_IT\" \/>\n<meta property=\"og:type\" content=\"article\" \/>\n<meta property=\"og:title\" content=\"Astronomia - Hautes-Alpes\" \/>\n<meta property=\"og:description\" content=\"Astronomia AstronomiaDoveil cielodiventa infinito Nelle Hautes-Alpes, la notte non \u00e8 mai del tutto nera. Brilla, immensa, profonda e sembra avvolgerti.\" \/>\n<meta property=\"og:url\" content=\"https:\/\/www.hautes-alpes.net\/it\/esperienze-hautes-alpes\/astronomia\/\" \/>\n<meta property=\"og:site_name\" content=\"Hautes-Alpes\" \/>\n<meta property=\"article:modified_time\" content=\"2026-01-05T10:35:02+00:00\" \/>\n<meta property=\"og:image\" content=\"https:\/\/www.hautes-alpes.net\/wp-content\/uploads\/2025\/11\/plateau-de-bure-gontran-isnard-gontranid1-scaled-2000x1000.jpg\" \/>\n<meta name=\"twitter:card\" content=\"summary_large_image\" \/>\n<meta name=\"twitter:label1\" content=\"Tempo di lettura stimato\" \/>\n\t<meta name=\"twitter:data1\" content=\"2 minuti\" \/>\n<script type=\"application\/ld+json\" class=\"yoast-schema-graph\">{\"@context\":\"https:\/\/schema.org\",\"@graph\":[{\"@type\":\"WebPage\",\"@id\":\"https:\/\/www.hautes-alpes.net\/it\/esperienze-hautes-alpes\/astronomia\/\",\"url\":\"https:\/\/www.hautes-alpes.net\/it\/esperienze-hautes-alpes\/astronomia\/\",\"name\":\"Astronomia - Hautes-Alpes\",\"isPartOf\":{\"@id\":\"https:\/\/www.hautes-alpes.net\/it\/#website\"},\"primaryImageOfPage\":{\"@id\":\"https:\/\/www.hautes-alpes.net\/it\/esperienze-hautes-alpes\/astronomia\/#primaryimage\"},\"image\":{\"@id\":\"https:\/\/www.hautes-alpes.net\/it\/esperienze-hautes-alpes\/astronomia\/#primaryimage\"},\"thumbnailUrl\":\"https:\/\/www.hautes-alpes.net\/wp-content\/uploads\/2025\/11\/plateau-de-bure-gontran-isnard-gontranid1-scaled-2000x1000.jpg\",\"datePublished\":\"2025-11-20T14:41:26+00:00\",\"dateModified\":\"2026-01-05T10:35:02+00:00\",\"description\":\"Astronomia AstronomiaDoveil cielodiventa infinito Nelle Hautes-Alpes, la notte non \u00e8 mai del tutto nera. Brilla, immensa, profonda e sembra avvolgerti.\",\"breadcrumb\":{\"@id\":\"https:\/\/www.hautes-alpes.net\/it\/esperienze-hautes-alpes\/astronomia\/#breadcrumb\"},\"inLanguage\":\"it-IT\",\"potentialAction\":[{\"@type\":\"ReadAction\",\"target\":[\"https:\/\/www.hautes-alpes.net\/it\/esperienze-hautes-alpes\/astronomia\/\"]}]},{\"@type\":\"ImageObject\",\"inLanguage\":\"it-IT\",\"@id\":\"https:\/\/www.hautes-alpes.net\/it\/esperienze-hautes-alpes\/astronomia\/#primaryimage\",\"url\":\"https:\/\/www.hautes-alpes.net\/wp-content\/uploads\/2025\/11\/plateau-de-bure-gontran-isnard-gontranid1-scaled-2000x1000.jpg\",\"contentUrl\":\"https:\/\/www.hautes-alpes.net\/wp-content\/uploads\/2025\/11\/plateau-de-bure-gontran-isnard-gontranid1-scaled-2000x1000.jpg\"},{\"@type\":\"BreadcrumbList\",\"@id\":\"https:\/\/www.hautes-alpes.net\/it\/esperienze-hautes-alpes\/astronomia\/#breadcrumb\",\"itemListElement\":[{\"@type\":\"ListItem\",\"position\":1,\"name\":\"Home\",\"item\":\"https:\/\/www.hautes-alpes.net\/it\/hautes-alpes\/\"},{\"@type\":\"ListItem\",\"position\":2,\"name\":\"Esperienze - Hautes-Alpes\",\"item\":\"https:\/\/www.hautes-alpes.net\/it\/esperienze-hautes-alpes\/\"},{\"@type\":\"ListItem\",\"position\":3,\"name\":\"Esperienze - Hautes-Alpes\",\"item\":\"https:\/\/www.hautes-alpes.net\/it\/esperienze-hautes-alpes\/\"},{\"@type\":\"ListItem\",\"position\":4,\"name\":\"Astronomia\"}]},{\"@type\":\"WebSite\",\"@id\":\"https:\/\/www.hautes-alpes.net\/it\/#website\",\"url\":\"https:\/\/www.hautes-alpes.net\/it\/\",\"name\":\"ADDET\",\"description\":\"\",\"publisher\":{\"@id\":\"https:\/\/www.hautes-alpes.net\/it\/#organization\"},\"potentialAction\":[{\"@type\":\"SearchAction\",\"target\":{\"@type\":\"EntryPoint\",\"urlTemplate\":\"https:\/\/www.hautes-alpes.net\/it\/?s={search_term_string}\"},\"query-input\":{\"@type\":\"PropertyValueSpecification\",\"valueRequired\":true,\"valueName\":\"search_term_string\"}}],\"inLanguage\":\"it-IT\"},{\"@type\":\"Organization\",\"@id\":\"https:\/\/www.hautes-alpes.net\/it\/#organization\",\"name\":\"Agence D\u00e9partementale de D\u00e9veloppement Economique et Touristique des Hautes-Alpes\",\"url\":\"https:\/\/www.hautes-alpes.net\/it\/\",\"logo\":{\"@type\":\"ImageObject\",\"inLanguage\":\"it-IT\",\"@id\":\"https:\/\/www.hautes-alpes.net\/it\/#\/schema\/logo\/image\/\",\"url\":\"https:\/\/www.hautes-alpes.net\/wp-content\/uploads\/2026\/01\/black-logo-2.svg\",\"contentUrl\":\"https:\/\/www.hautes-alpes.net\/wp-content\/uploads\/2026\/01\/black-logo-2.svg\",\"caption\":\"Agence D\u00e9partementale de D\u00e9veloppement Economique et Touristique des Hautes-Alpes\"},\"image\":{\"@id\":\"https:\/\/www.hautes-alpes.net\/it\/#\/schema\/logo\/image\/\"}}]}<\/script>\n<!-- \/ Yoast SEO plugin. -->","yoast_head_json":{"title":"Astronomia - Hautes-Alpes","description":"Astronomia AstronomiaDoveil cielodiventa infinito Nelle Hautes-Alpes, la notte non \u00e8 mai del tutto nera. Brilla, immensa, profonda e sembra avvolgerti.","robots":{"index":"index","follow":"follow","max-snippet":"max-snippet:-1","max-image-preview":"max-image-preview:large","max-video-preview":"max-video-preview:-1"},"canonical":"https:\/\/www.hautes-alpes.net\/it\/esperienze-hautes-alpes\/astronomia\/","og_locale":"it_IT","og_type":"article","og_title":"Astronomia - Hautes-Alpes","og_description":"Astronomia AstronomiaDoveil cielodiventa infinito Nelle Hautes-Alpes, la notte non \u00e8 mai del tutto nera. Brilla, immensa, profonda e sembra avvolgerti.","og_url":"https:\/\/www.hautes-alpes.net\/it\/esperienze-hautes-alpes\/astronomia\/","og_site_name":"Hautes-Alpes","article_modified_time":"2026-01-05T10:35:02+00:00","og_image":[{"url":"https:\/\/www.hautes-alpes.net\/wp-content\/uploads\/2025\/11\/plateau-de-bure-gontran-isnard-gontranid1-scaled-2000x1000.jpg","type":"","width":"","height":""}],"twitter_card":"summary_large_image","twitter_misc":{"Tempo di lettura stimato":"2 minuti"},"schema":{"@context":"https:\/\/schema.org","@graph":[{"@type":"WebPage","@id":"https:\/\/www.hautes-alpes.net\/it\/esperienze-hautes-alpes\/astronomia\/","url":"https:\/\/www.hautes-alpes.net\/it\/esperienze-hautes-alpes\/astronomia\/","name":"Astronomia - Hautes-Alpes","isPartOf":{"@id":"https:\/\/www.hautes-alpes.net\/it\/#website"},"primaryImageOfPage":{"@id":"https:\/\/www.hautes-alpes.net\/it\/esperienze-hautes-alpes\/astronomia\/#primaryimage"},"image":{"@id":"https:\/\/www.hautes-alpes.net\/it\/esperienze-hautes-alpes\/astronomia\/#primaryimage"},"thumbnailUrl":"https:\/\/www.hautes-alpes.net\/wp-content\/uploads\/2025\/11\/plateau-de-bure-gontran-isnard-gontranid1-scaled-2000x1000.jpg","datePublished":"2025-11-20T14:41:26+00:00","dateModified":"2026-01-05T10:35:02+00:00","description":"Astronomia AstronomiaDoveil cielodiventa infinito Nelle Hautes-Alpes, la notte non \u00e8 mai del tutto nera. Brilla, immensa, profonda e sembra avvolgerti.","breadcrumb":{"@id":"https:\/\/www.hautes-alpes.net\/it\/esperienze-hautes-alpes\/astronomia\/#breadcrumb"},"inLanguage":"it-IT","potentialAction":[{"@type":"ReadAction","target":["https:\/\/www.hautes-alpes.net\/it\/esperienze-hautes-alpes\/astronomia\/"]}]},{"@type":"ImageObject","inLanguage":"it-IT","@id":"https:\/\/www.hautes-alpes.net\/it\/esperienze-hautes-alpes\/astronomia\/#primaryimage","url":"https:\/\/www.hautes-alpes.net\/wp-content\/uploads\/2025\/11\/plateau-de-bure-gontran-isnard-gontranid1-scaled-2000x1000.jpg","contentUrl":"https:\/\/www.hautes-alpes.net\/wp-content\/uploads\/2025\/11\/plateau-de-bure-gontran-isnard-gontranid1-scaled-2000x1000.jpg"},{"@type":"BreadcrumbList","@id":"https:\/\/www.hautes-alpes.net\/it\/esperienze-hautes-alpes\/astronomia\/#breadcrumb","itemListElement":[{"@type":"ListItem","position":1,"name":"Home","item":"https:\/\/www.hautes-alpes.net\/it\/hautes-alpes\/"},{"@type":"ListItem","position":2,"name":"Esperienze - Hautes-Alpes","item":"https:\/\/www.hautes-alpes.net\/it\/esperienze-hautes-alpes\/"},{"@type":"ListItem","position":3,"name":"Esperienze - Hautes-Alpes","item":"https:\/\/www.hautes-alpes.net\/it\/esperienze-hautes-alpes\/"},{"@type":"ListItem","position":4,"name":"Astronomia"}]},{"@type":"WebSite","@id":"https:\/\/www.hautes-alpes.net\/it\/#website","url":"https:\/\/www.hautes-alpes.net\/it\/","name":"ADDET","description":"","publisher":{"@id":"https:\/\/www.hautes-alpes.net\/it\/#organization"},"potentialAction":[{"@type":"SearchAction","target":{"@type":"EntryPoint","urlTemplate":"https:\/\/www.hautes-alpes.net\/it\/?s={search_term_string}"},"query-input":{"@type":"PropertyValueSpecification","valueRequired":true,"valueName":"search_term_string"}}],"inLanguage":"it-IT"},{"@type":"Organization","@id":"https:\/\/www.hautes-alpes.net\/it\/#organization","name":"Agence D\u00e9partementale de D\u00e9veloppement Economique et Touristique des Hautes-Alpes","url":"https:\/\/www.hautes-alpes.net\/it\/","logo":{"@type":"ImageObject","inLanguage":"it-IT","@id":"https:\/\/www.hautes-alpes.net\/it\/#\/schema\/logo\/image\/","url":"https:\/\/www.hautes-alpes.net\/wp-content\/uploads\/2026\/01\/black-logo-2.svg","contentUrl":"https:\/\/www.hautes-alpes.net\/wp-content\/uploads\/2026\/01\/black-logo-2.svg","caption":"Agence D\u00e9partementale de D\u00e9veloppement Economique et Touristique des Hautes-Alpes"},"image":{"@id":"https:\/\/www.hautes-alpes.net\/it\/#\/schema\/logo\/image\/"}}]}},"_links":{"self":[{"href":"https:\/\/www.hautes-alpes.net\/it\/wp-json\/wp\/v2\/pages\/108823","targetHints":{"allow":["GET"]}}],"collection":[{"href":"https:\/\/www.hautes-alpes.net\/it\/wp-json\/wp\/v2\/pages"}],"about":[{"href":"https:\/\/www.hautes-alpes.net\/it\/wp-json\/wp\/v2\/types\/page"}],"author":[{"embeddable":true,"href":"https:\/\/www.hautes-alpes.net\/it\/wp-json\/wp\/v2\/users\/7"}],"replies":[{"embeddable":true,"href":"https:\/\/www.hautes-alpes.net\/it\/wp-json\/wp\/v2\/comments?post=108823"}],"version-history":[{"count":7,"href":"https:\/\/www.hautes-alpes.net\/it\/wp-json\/wp\/v2\/pages\/108823\/revisions"}],"predecessor-version":[{"id":162618,"href":"https:\/\/www.hautes-alpes.net\/it\/wp-json\/wp\/v2\/pages\/108823\/revisions\/162618"}],"up":[{"embeddable":true,"href":"https:\/\/www.hautes-alpes.net\/it\/wp-json\/wp\/v2\/pages\/104667"}],"wp:attachment":[{"href":"https:\/\/www.hautes-alpes.net\/it\/wp-json\/wp\/v2\/media?parent=108823"}],"wp:term":[{"taxonomy":"page_label","embeddable":true,"href":"https:\/\/www.hautes-alpes.net\/it\/wp-json\/wp\/v2\/page_label?post=108823"}],"curies":[{"name":"wp","href":"https:\/\/api.w.org\/{rel}","templated":true}]}}