{"id":108766,"date":"2025-11-20T17:19:01","date_gmt":"2025-11-20T16:19:01","guid":{"rendered":"https:\/\/www.hautes-alpes.net\/ppam\/"},"modified":"2026-01-13T16:59:08","modified_gmt":"2026-01-13T15:59:08","slug":"ppam","status":"publish","type":"page","link":"https:\/\/www.hautes-alpes.net\/it\/settori-economici\/ppam\/","title":{"rendered":"PPAM"},"content":{"rendered":"\n<div class=\"wp-block-group alignfull hero-banner-cover-float has-global-padding is-layout-constrained wp-block-group-is-layout-constrained\"><div class=\"yoast-breadcrumbs\"><span><span><a href=\"https:\/\/www.hautes-alpes.net\/it\/hautes-alpes\/\">Home<\/a><\/span>  <span><a href=\"https:\/\/www.hautes-alpes.net\/it\/settori-economici\/\">Settori economici<\/a><\/span>  <span><a href=\"https:\/\/www.hautes-alpes.net\/it\/settori-economici\/\">Settori economici<\/a><\/span>  <span class=\"breadcrumb_last\" aria-current=\"page\">PPAM<\/span><\/span><\/div>\n\n\n<h1 class=\"wp-block-ws-library-post-title\"><span class=\"text-highlight\">PPAM<\/span><\/h1>\n\n\n\n<p class=\"subtitle\">Un asset strategico<\/p>\n\n\n\n<p>Le <strong>piante profumate, aromatiche e medicinali (PPAM)<\/strong> stanno assumendo un ruolo sempre pi\u00f9 importante nel panorama agricolo ed economico delle Hautes-Alpes. Spinte dal cambiamento climatico, che sta rimescolando le carte della produzione agricola, rappresentano un&#8217;opportunit\u00e0 per diversificare e creare valore. In questo contesto, la rete locale <strong>V\u00e9g\u00e9t&#8217;Alpes<\/strong> riunisce agricoltori, raccoglitori, trasformatori e distributori attorno a un&#8217;unica ambizione: <strong>strutturare e sviluppare un&#8217;industria sostenibile<\/strong>.  <\/p>\n\n\n\n<div class=\"wp-block-ws-library-media-embed ws-media-embed\"><img decoding=\"async\" src=\"https:\/\/www.hautes-alpes.net\/wp-content\/uploads\/2025\/11\/7b3a0778-1-2000x1000.jpg\" alt=\"\" class=\"ws-media-embed__image\" style=\"aspect-ratio:2000\/1000\"><\/div>\n<\/div>\n\n<div style=\"height:50px\" aria-hidden=\"true\" class=\"wp-block-spacer\"><\/div>\n\n<div class=\"wp-block-group alignfull step-by-step has-global-padding is-layout-constrained wp-block-group-is-layout-constrained\">\n<div class=\"wp-block-ws-library-ws-columns alignwide has-2-columns are-vertically-aligned-center layout-5050\">\n<div class=\"wp-block-ws-library-ws-column\"><div class=\"wrapper\">\n<h2 class=\"wp-block-heading is-style-title-1\"><strong>Una regione<\/strong>ad alto potenziale <strong> <br\/><\/strong><\/h2>\n\n\n\n<p>Oggi il settore PPAM beneficia di una serie di vantaggi specifici della regione: ricca biodiversit\u00e0, terreni ben conservati e competenze agricole gi\u00e0 riconosciute. Una recente valutazione del settore evidenzia <strong>il notevole potenziale di sviluppo delle<\/strong> piante alpine, destinate al mercato alimentare, cosmetico e persino dei profumi. <\/p>\n<\/div><\/div>\n\n\n\n<div class=\"wp-block-ws-library-ws-column\"><div class=\"wrapper\">\n<div class=\"wp-block-ws-library-ws-image\"><div class=\"wrapper\"><div class=\"group-media\"><img decoding=\"async\" src=\"https:\/\/www.hautes-alpes.net\/wp-content\/uploads\/2025\/12\/thym-thujanol-baronnies-38-1240x800.jpg\" alt=\"\" class=\"single_image ws-image-115796\"><div class=\"credits\">P. Domeyne - AD05<\/div><\/div><p class=\"caption\"><\/p><\/div><\/div>\n<\/div><\/div>\n<\/div>\n\n\n\n<div class=\"wp-block-ws-library-ws-columns alignwide has-2-columns are-vertically-aligned-center layout-5050\">\n<div class=\"wp-block-ws-library-ws-column\"><div class=\"wrapper\">\n<h2 class=\"wp-block-heading is-style-title-1\"><strong>V\u00e9g\u00e9t&#8217;Alpes<\/strong><br\/>una tabella di marcia comune<\/h2>\n\n\n\n<p>Per sostenere questo slancio, \u00e8 stata elaborata una tabella di marcia congiunta. Essa stabilisce le priorit\u00e0: <strong>migliorare la qualit\u00e0 e la tracciabilit\u00e0 della produzione<\/strong>, <strong>aumentare la lavorazione locale<\/strong>, <strong>migliorare la commercializzazione<\/strong>, <strong>consolidare gli sbocchi all&#8217;esportazione<\/strong> e <strong>sostenere la ricerca e lo sviluppo<\/strong>. L&#8217;obiettivo \u00e8 chiaro: rendere le Hautes-Alpes una regione di riferimento per il settore PPAM.  <\/p>\n<\/div><\/div>\n\n\n\n<div class=\"wp-block-ws-library-ws-column\"><div class=\"wrapper\">\n<div class=\"wp-block-ws-library-ws-image\"><div class=\"wrapper\"><div class=\"group-media\"><img decoding=\"async\" src=\"https:\/\/www.hautes-alpes.net\/wp-content\/uploads\/2025\/12\/2s2a5050-1240x800.jpg\" alt=\"\" class=\"single_image ws-image-115822\"><div class=\"credits\">P. Domeyne - AD05<\/div><\/div><p class=\"caption\"><\/p><\/div><\/div>\n<\/div><\/div>\n<\/div>\n\n\n\n<div class=\"wp-block-ws-library-ws-columns alignwide has-2-columns are-vertically-aligned-center layout-5050\">\n<div class=\"wp-block-ws-library-ws-column\"><div class=\"wrapper\">\n<h2 class=\"wp-block-heading is-style-title-1\"><strong>Partner<br\/><\/strong><\/h2>\n\n\n\n<p>Il successo del settore dipende dalla stretta collaborazione tra tutti gli attori coinvolti. Agricoltori e raccoglitori locali, aziende di trasformazione, enti di ricerca e autorit\u00e0 locali sono solo alcuni dei partner coinvolti. Insieme, contribuiscono a creare sinergie economiche che aumentano l&#8217;attrattiva del dipartimento. Tra le aziende di punta ci sono <strong>Acanthis Laboratoire, Karandja, La Plantivore, Gayral-Reynier e Altiflore<\/strong>.   <\/p>\n<\/div><\/div>\n\n\n\n<div class=\"wp-block-ws-library-ws-column\"><div class=\"wrapper\">\n<div class=\"wp-block-ws-library-ws-image\"><div class=\"wrapper\"><div class=\"group-media\"><img decoding=\"async\" src=\"https:\/\/www.hautes-alpes.net\/wp-content\/uploads\/2025\/12\/natexpo-2025-addet05-1240x800.jpg\" alt=\"\" class=\"single_image ws-image-91514\"><div class=\"credits\">AD 05<\/div><\/div><p class=\"caption\"><\/p><\/div><\/div>\n<\/div><\/div>\n<\/div>\n<\/div>\n\n<div style=\"height:100px\" aria-hidden=\"true\" class=\"wp-block-spacer\"><\/div>\n<div class=\"wp-block-ws-library-ws-last-document\"><div class=\"card card-document ws-last-document\"><div class=\"group-media\"><img loading=\"lazy\" decoding=\"async\" width=\"480\" height=\"682\" src=\"https:\/\/www.hautes-alpes.net\/wp-content\/uploads\/2026\/01\/capture-decran-2026-01-07-094804-480x682.png\" class=\"custom-preview size-480x700\" alt=\"\" srcset=\"https:\/\/www.hautes-alpes.net\/wp-content\/uploads\/2026\/01\/capture-decran-2026-01-07-094804-480x682.png 480w, https:\/\/www.hautes-alpes.net\/wp-content\/uploads\/2026\/01\/capture-decran-2026-01-07-094804-211x300.png 211w, https:\/\/www.hautes-alpes.net\/wp-content\/uploads\/2026\/01\/capture-decran-2026-01-07-094804-720x1024.png 720w, https:\/\/www.hautes-alpes.net\/wp-content\/uploads\/2026\/01\/capture-decran-2026-01-07-094804-768x1092.png 768w, https:\/\/www.hautes-alpes.net\/wp-content\/uploads\/2026\/01\/capture-decran-2026-01-07-094804-450x640.png 450w, https:\/\/www.hautes-alpes.net\/wp-content\/uploads\/2026\/01\/capture-decran-2026-01-07-094804-436x620.png 436w, https:\/\/www.hautes-alpes.net\/wp-content\/uploads\/2026\/01\/capture-decran-2026-01-07-094804.png 902w\" sizes=\"auto, (max-width: 480px) 100vw, 480px\" \/><\/div><div class=\"group-content\"><div class=\"field-title\"><h3>Programma V\u00e9g\u00e9t&#8217;Alpes<\/h3><\/div><div class=\"group-details\"><div class=\"field-preview\"><div class=\"wp-block-button is-style-view\"><a href=\"https:\/\/www.hautes-alpes.net\/wp-content\/uploads\/2026\/01\/document-cadre.pdf\" target=\"_blank\" rel=\"noopener noreferrer\" class=\"wp-block-button__link wp-element-button\">Consulente<\/a><\/div><\/div><div class=\"field-download\"><div class=\"wp-block-button is-style-download\"><a href=\"https:\/\/www.hautes-alpes.net\/wp-content\/uploads\/2026\/01\/document-cadre.pdf\" download target=\"_blank\" rel=\"noopener noreferrer\" class=\"wp-block-button__link wp-element-button\">Scarica<\/a><\/div><\/div><\/div><\/div><\/div><\/div>\n<div class=\"wp-block-group block-stats is-layout-flow wp-block-group-is-layout-flow\">\n<h2 class=\"wp-block-heading is-style-title-2\">Il settore agricolo e agroalimentare<br\/><strong>in cifre<\/strong><\/h2>\n\n\n\n<p><\/p>\n\n\n\n<div class=\"wp-block-ws-library-percentage-items alignwide ws-percentage-items\"><div class=\"list-items ws-percentage-items__list\">\n<div class=\"wp-block-ws-library-percentage-item ws-percentage-item\" data-percentage=\"3\"><div class=\"group-circle\"><svg class=\"circle\" viewbox=\"0 0 120 120\"><defs><lineargradient id=\"gradient-item-b4b79d14-4a85-4624-9507-e7168f7e60e2\" x1=\"0%\" y1=\"0%\" x2=\"100%\" y2=\"100%\"><stop offset=\"0%\" stop-color=\"#3b82f6\"\/><stop offset=\"100%\" stop-color=\"#2563eb\"\/><\/lineargradient><\/defs><circle class=\"circle-bg\" cx=\"60\" cy=\"60\" r=\"54\"\/><circle class=\"circle-progress\" cx=\"60\" cy=\"60\" r=\"54\" style=\"stroke-dasharray:10.178759999999999 339.292\"\/><\/svg><div class=\"circle-text\"><span class=\"value\">3<\/span><span class=\"symbol\">%<\/span><\/div><\/div><div class=\"group-content\"><div class=\"field-text\">Quota delle vendite annuali<\/div><\/div><\/div>\n\n\n\n<div class=\"wp-block-ws-library-percentage-item ws-percentage-item\" data-percentage=\"1\"><div class=\"group-circle\"><svg class=\"circle\" viewbox=\"0 0 120 120\"><defs><lineargradient id=\"gradient-item-c693677a-da9f-466b-a59b-377465b46ce4\" x1=\"0%\" y1=\"0%\" x2=\"100%\" y2=\"100%\"><stop offset=\"0%\" stop-color=\"#3b82f6\"\/><stop offset=\"100%\" stop-color=\"#2563eb\"\/><\/lineargradient><\/defs><circle class=\"circle-bg\" cx=\"60\" cy=\"60\" r=\"54\"\/><circle class=\"circle-progress\" cx=\"60\" cy=\"60\" r=\"54\" style=\"stroke-dasharray:3.3929199999999997 339.292\"\/><\/svg><div class=\"circle-text\"><span class=\"value\">1<\/span><span class=\"symbol\">%<\/span><\/div><\/div><div class=\"group-content\"><div class=\"field-text\">Quota del PIL<\/div><\/div><\/div>\n<\/div><\/div>\n\n\n\n<p class=\"field-source\"><\/p>\n<\/div>\n\n<div class=\"wp-block-group block-chiffres has-global-padding is-layout-constrained wp-block-group-is-layout-constrained\">\n<figure class=\"wp-block-table is-style-stats\"><table class=\"has-fixed-layout\"><tbody><tr><td><strong>VENDITE ANNUALI<\/strong><\/td><td>200 920 K\u20ac<\/td><\/tr><tr><td>CRESCITA DELLE VENDITE IN 10 ANNI<\/td><td>+ 46 %<\/td><\/tr><tr><td><strong>PIL<\/strong><\/td><td>19 020 K\u20ac<\/td><\/tr><tr><td>VARIAZIONE DEL PIL IN 10 ANNI<\/td><td>+ 58 %<\/td><\/tr><tr><td><\/td><td><\/td><\/tr><\/tbody><\/table><\/figure>\n\n\n\n<p class=\"field-source\">PIL = Prodotto Interno Lordo \/ Fonte: INSEE<\/p>\n<\/div>\n\n<div style=\"height:25px\" aria-hidden=\"true\" class=\"wp-block-spacer\"><\/div>\n\n<hr class=\"wp-block-separator has-alpha-channel-opacity is-style-default\"\/>\n\n<div style=\"height:25px\" aria-hidden=\"true\" class=\"wp-block-spacer\"><\/div>\n\n<h2 class=\"wp-block-heading is-style-title-1\"><strong>Vedi anche<\/strong><\/h2>\n\n<div class=\"wp-block-group alignwide list-nodetails is-content-justification-center is-layout-flex wp-container-core-group-is-layout-94ea2d6b wp-block-group-is-layout-flex\">\n<div class=\"wp-block-group has-global-padding is-layout-constrained wp-block-group-is-layout-constrained\">\n<div class=\"wp-block-ws-library-ws-image is-style-simple\"><div class=\"wrapper\"><div class=\"group-media\"><img decoding=\"async\" src=\"https:\/\/www.hautes-alpes.net\/wp-content\/uploads\/2025\/11\/rd-technologies-veynes-2024-patrick-domeyne-addet05-13-1240x800.jpg\" alt=\"\" class=\"single_image ws-image-76612\"><div class=\"credits\">P.Domeyne - AD05<\/div><\/div><p class=\"caption\"><\/p><\/div><\/div>\n\n\n\n<h3 class=\"wp-block-heading is-style-title-2\"><em>INDUSTRIETerritori<\/em>industriali<\/h3>\n\n\n\n<div class=\"wp-block-buttons is-layout-flex wp-block-buttons-is-layout-flex\">\n<div class=\"wp-block-button\"><a class=\"wp-block-button__link wp-element-button\" href=\"https:\/\/www.hautes-alpes.net\/it\/settori-economici\/csr\/\" target=\"_blank\" rel=\"noreferrer noopener\">Vedi<\/a><\/div>\n<\/div>\n<\/div>\n\n\n\n<div class=\"wp-block-group has-global-padding is-layout-constrained wp-block-group-is-layout-constrained\">\n<div class=\"wp-block-ws-library-ws-image is-style-simple\"><div class=\"wrapper\"><div class=\"group-media\"><img decoding=\"async\" src=\"https:\/\/www.hautes-alpes.net\/wp-content\/uploads\/2025\/12\/cite-vauban-drone-serre-chevalier-briancon-7-1240x800.jpg\" alt=\"\" class=\"single_image ws-image-133118\"><div class=\"credits\">Ufficio del Turismo di Serre Chevalier<\/div><\/div><p class=\"caption\"><\/p><\/div><\/div>\n\n\n\n<h3 class=\"wp-block-heading is-style-title-2\"><em>CSR Responsabilit\u00e0 sociale<\/em>d&#8217;impresa<\/h3>\n\n\n\n<div class=\"wp-block-buttons is-layout-flex wp-block-buttons-is-layout-flex\">\n<div class=\"wp-block-button\"><a class=\"wp-block-button__link wp-element-button\" href=\"https:\/\/www.hautes-alpes.net\/it\/settori-economici\/pascoli-di-montagna-2\/\" target=\"_blank\" rel=\"noreferrer noopener\">Vedi<\/a><\/div>\n<\/div>\n<\/div>\n<\/div>\n\n<div style=\"height:50px\" aria-hidden=\"true\" class=\"wp-block-spacer\"><\/div>\n\n<div class=\"wp-block-ws-library-ws-slider alignfull\"><div class=\"splide\" data-splide=\"{&quot;type&quot;:&quot;loop&quot;,&quot;start&quot;:0,&quot;autoWidth&quot;:1,&quot;drag&quot;:&quot;free&quot;,&quot;snap&quot;:true,&quot;pagination&quot;:false,&quot;gap&quot;:&quot;45px&quot;,&quot;trimSpace&quot;:&quot;move&quot;,&quot;arrows&quot;:false,&quot;breakpoints&quot;:{&quot;1200&quot;:{&quot;gap&quot;:&quot;15px&quot;}},&quot;classes&quot;:{}}\"><div class=\"splide__track\"><div class=\"splide__list\"><div class=\"splide__slide\"><a href=\"https:\/\/www.hautes-alpes.net\/wp-content\/uploads\/2025\/11\/7b3a9817-1-scaled.jpg\" data-glightbox=\"true\" class=\"lightbox-trigger\"><img decoding=\"async\" src=\"https:\/\/www.hautes-alpes.net\/wp-content\/uploads\/2025\/11\/7b3a9817-1-371x620.jpg\" alt=\"\"\/><\/a><\/div><div class=\"splide__slide\"><a href=\"https:\/\/www.hautes-alpes.net\/wp-content\/uploads\/2025\/11\/7b3a9539-scaled.jpg\" data-glightbox=\"true\" class=\"lightbox-trigger\"><img decoding=\"async\" src=\"https:\/\/www.hautes-alpes.net\/wp-content\/uploads\/2025\/11\/7b3a9539-413x620.jpg\" alt=\"\"\/><\/a><\/div><div class=\"splide__slide\"><a href=\"https:\/\/www.hautes-alpes.net\/wp-content\/uploads\/2025\/11\/7b3a4473-scaled.jpg\" data-glightbox=\"true\" class=\"lightbox-trigger\"><img decoding=\"async\" src=\"https:\/\/www.hautes-alpes.net\/wp-content\/uploads\/2025\/11\/7b3a4473-930x620.jpg\" alt=\"\"\/><\/a><\/div><div class=\"splide__slide\"><a href=\"https:\/\/www.hautes-alpes.net\/wp-content\/uploads\/2025\/11\/asteraceae-arnica-montana-5-1-scaled.jpg\" data-glightbox=\"true\" class=\"lightbox-trigger\"><img decoding=\"async\" src=\"https:\/\/www.hautes-alpes.net\/wp-content\/uploads\/2025\/11\/asteraceae-arnica-montana-5-1-933x620.jpg\" alt=\"\"\/><\/a><\/div><div class=\"splide__slide\"><a href=\"https:\/\/www.hautes-alpes.net\/wp-content\/uploads\/2025\/11\/7b3a9917-scaled.jpg\" data-glightbox=\"true\" class=\"lightbox-trigger\"><img decoding=\"async\" src=\"https:\/\/www.hautes-alpes.net\/wp-content\/uploads\/2025\/11\/7b3a9917-413x620.jpg\" alt=\"\"\/><\/a><\/div><\/div><\/div><\/div><\/div>\n\n<div style=\"height:50px\" aria-hidden=\"true\" class=\"wp-block-spacer\"><\/div>\n\n<div class=\"wp-block-group has-global-padding is-layout-constrained wp-block-group-is-layout-constrained\">\n<p>Hai bisogno di supporto?<\/p>\n\n\n\n<h2 class=\"wp-block-heading\">Il Dipartimento di Economia<br\/><strong>sostiene i tuoi progetti<\/strong><\/h2>\n\n\n\n<h4 class=\"wp-block-heading\">Fabien Harel<\/h4>\n\n\n\n<p>Responsabile Economia<\/p>\n\n\n\n<div class=\"wp-block-group has-global-padding is-layout-constrained wp-block-group-is-layout-constrained\">\n<p><a href=\"mailto:fabien.harel@hautes-alpes.net\">fabien.harel@hautes-alpes.net<\/a><\/p>\n\n\n\n<p><\/p>\n<\/div>\n<\/div>\n\n<div style=\"height:10px\" aria-hidden=\"true\" class=\"wp-block-spacer\"><\/div>\n\n<div class=\"wp-block-ws-library-ws-image is-style-simple\"><div class=\"wrapper\"><div class=\"group-media\"><img decoding=\"async\" src=\"https:\/\/www.hautes-alpes.net\/wp-content\/uploads\/2026\/01\/frise-vegetalpes.png\" alt=\"\" class=\"single_image ws-image-182745\"><div class=\"credits\"><\/div><\/div><p class=\"caption\"><\/p><\/div><\/div>\n\n<div class=\"wp-block-ws-library-ws-share\"><span class=\"share-subtitle\">Ti \u00e8 piaciuta questa pagina?<\/span><span class=\"share-title\">Condividilo!<\/span><button class=\"ws-share-button wp-element-button\">Condividi questa pagina<\/button><\/div>\n","protected":false},"excerpt":{"rendered":"<p>Un asset strategico Le piante profumate, aromatiche e medicinali (PPAM) stanno assumendo un ruolo sempre pi\u00f9 importante nel panorama agricolo [&hellip;]<\/p>\n","protected":false},"author":6,"featured_media":0,"parent":108784,"menu_order":0,"comment_status":"closed","ping_status":"closed","template":"","meta":{"is_dark_mode":false,"footnotes":""},"page_label":[],"class_list":["post-108766","page","type-page","status-publish","hentry"],"yoast_head":"<!-- This site is optimized with the Yoast SEO plugin v27.2 - https:\/\/yoast.com\/product\/yoast-seo-wordpress\/ -->\n<title>PPAM - Hautes-Alpes<\/title>\n<meta name=\"description\" content=\"PPAM Un asset strategico Le piante profumate, aromatiche e medicinali (PPAM) stanno assumendo un ruolo sempre pi\u00f9 importante nel panorama agricolo ed\" \/>\n<meta name=\"robots\" content=\"index, follow, max-snippet:-1, max-image-preview:large, max-video-preview:-1\" \/>\n<link rel=\"canonical\" href=\"https:\/\/www.hautes-alpes.net\/it\/settori-economici\/ppam\/\" \/>\n<meta property=\"og:locale\" content=\"it_IT\" \/>\n<meta property=\"og:type\" content=\"article\" \/>\n<meta property=\"og:title\" content=\"PPAM - Hautes-Alpes\" \/>\n<meta property=\"og:description\" content=\"PPAM Un asset strategico Le piante profumate, aromatiche e medicinali (PPAM) stanno assumendo un ruolo sempre pi\u00f9 importante nel panorama agricolo ed\" \/>\n<meta property=\"og:url\" content=\"https:\/\/www.hautes-alpes.net\/it\/settori-economici\/ppam\/\" \/>\n<meta property=\"og:site_name\" content=\"Hautes-Alpes\" \/>\n<meta property=\"article:modified_time\" content=\"2026-01-13T15:59:08+00:00\" \/>\n<meta property=\"og:image\" content=\"https:\/\/www.hautes-alpes.net\/wp-content\/uploads\/2025\/11\/7b3a0778-1-2000x1000.jpg\" \/>\n<meta name=\"twitter:card\" content=\"summary_large_image\" \/>\n<meta name=\"twitter:label1\" content=\"Tempo di lettura stimato\" \/>\n\t<meta name=\"twitter:data1\" content=\"2 minuti\" \/>\n<script type=\"application\/ld+json\" class=\"yoast-schema-graph\">{\"@context\":\"https:\/\/schema.org\",\"@graph\":[{\"@type\":\"WebPage\",\"@id\":\"https:\/\/www.hautes-alpes.net\/it\/settori-economici\/ppam\/\",\"url\":\"https:\/\/www.hautes-alpes.net\/it\/settori-economici\/ppam\/\",\"name\":\"PPAM - Hautes-Alpes\",\"isPartOf\":{\"@id\":\"https:\/\/www.hautes-alpes.net\/it\/#website\"},\"primaryImageOfPage\":{\"@id\":\"https:\/\/www.hautes-alpes.net\/it\/settori-economici\/ppam\/#primaryimage\"},\"image\":{\"@id\":\"https:\/\/www.hautes-alpes.net\/it\/settori-economici\/ppam\/#primaryimage\"},\"thumbnailUrl\":\"https:\/\/www.hautes-alpes.net\/wp-content\/uploads\/2025\/11\/7b3a0778-1-2000x1000.jpg\",\"datePublished\":\"2025-11-20T16:19:01+00:00\",\"dateModified\":\"2026-01-13T15:59:08+00:00\",\"description\":\"PPAM Un asset strategico Le piante profumate, aromatiche e medicinali (PPAM) stanno assumendo un ruolo sempre pi\u00f9 importante nel panorama agricolo ed\",\"breadcrumb\":{\"@id\":\"https:\/\/www.hautes-alpes.net\/it\/settori-economici\/ppam\/#breadcrumb\"},\"inLanguage\":\"it-IT\",\"potentialAction\":[{\"@type\":\"ReadAction\",\"target\":[\"https:\/\/www.hautes-alpes.net\/it\/settori-economici\/ppam\/\"]}]},{\"@type\":\"ImageObject\",\"inLanguage\":\"it-IT\",\"@id\":\"https:\/\/www.hautes-alpes.net\/it\/settori-economici\/ppam\/#primaryimage\",\"url\":\"https:\/\/www.hautes-alpes.net\/wp-content\/uploads\/2025\/11\/7b3a0778-1-2000x1000.jpg\",\"contentUrl\":\"https:\/\/www.hautes-alpes.net\/wp-content\/uploads\/2025\/11\/7b3a0778-1-2000x1000.jpg\"},{\"@type\":\"BreadcrumbList\",\"@id\":\"https:\/\/www.hautes-alpes.net\/it\/settori-economici\/ppam\/#breadcrumb\",\"itemListElement\":[{\"@type\":\"ListItem\",\"position\":1,\"name\":\"Home\",\"item\":\"https:\/\/www.hautes-alpes.net\/it\/hautes-alpes\/\"},{\"@type\":\"ListItem\",\"position\":2,\"name\":\"Settori economici\",\"item\":\"https:\/\/www.hautes-alpes.net\/it\/settori-economici\/\"},{\"@type\":\"ListItem\",\"position\":3,\"name\":\"Settori economici\",\"item\":\"https:\/\/www.hautes-alpes.net\/it\/settori-economici\/\"},{\"@type\":\"ListItem\",\"position\":4,\"name\":\"PPAM\"}]},{\"@type\":\"WebSite\",\"@id\":\"https:\/\/www.hautes-alpes.net\/it\/#website\",\"url\":\"https:\/\/www.hautes-alpes.net\/it\/\",\"name\":\"ADDET\",\"description\":\"\",\"publisher\":{\"@id\":\"https:\/\/www.hautes-alpes.net\/it\/#organization\"},\"potentialAction\":[{\"@type\":\"SearchAction\",\"target\":{\"@type\":\"EntryPoint\",\"urlTemplate\":\"https:\/\/www.hautes-alpes.net\/it\/?s={search_term_string}\"},\"query-input\":{\"@type\":\"PropertyValueSpecification\",\"valueRequired\":true,\"valueName\":\"search_term_string\"}}],\"inLanguage\":\"it-IT\"},{\"@type\":\"Organization\",\"@id\":\"https:\/\/www.hautes-alpes.net\/it\/#organization\",\"name\":\"Agence D\u00e9partementale de D\u00e9veloppement Economique et Touristique des Hautes-Alpes\",\"url\":\"https:\/\/www.hautes-alpes.net\/it\/\",\"logo\":{\"@type\":\"ImageObject\",\"inLanguage\":\"it-IT\",\"@id\":\"https:\/\/www.hautes-alpes.net\/it\/#\/schema\/logo\/image\/\",\"url\":\"https:\/\/www.hautes-alpes.net\/wp-content\/uploads\/2026\/01\/black-logo-2.svg\",\"contentUrl\":\"https:\/\/www.hautes-alpes.net\/wp-content\/uploads\/2026\/01\/black-logo-2.svg\",\"caption\":\"Agence D\u00e9partementale de D\u00e9veloppement Economique et Touristique des Hautes-Alpes\"},\"image\":{\"@id\":\"https:\/\/www.hautes-alpes.net\/it\/#\/schema\/logo\/image\/\"}}]}<\/script>\n<!-- \/ Yoast SEO plugin. -->","yoast_head_json":{"title":"PPAM - Hautes-Alpes","description":"PPAM Un asset strategico Le piante profumate, aromatiche e medicinali (PPAM) stanno assumendo un ruolo sempre pi\u00f9 importante nel panorama agricolo ed","robots":{"index":"index","follow":"follow","max-snippet":"max-snippet:-1","max-image-preview":"max-image-preview:large","max-video-preview":"max-video-preview:-1"},"canonical":"https:\/\/www.hautes-alpes.net\/it\/settori-economici\/ppam\/","og_locale":"it_IT","og_type":"article","og_title":"PPAM - Hautes-Alpes","og_description":"PPAM Un asset strategico Le piante profumate, aromatiche e medicinali (PPAM) stanno assumendo un ruolo sempre pi\u00f9 importante nel panorama agricolo ed","og_url":"https:\/\/www.hautes-alpes.net\/it\/settori-economici\/ppam\/","og_site_name":"Hautes-Alpes","article_modified_time":"2026-01-13T15:59:08+00:00","og_image":[{"url":"https:\/\/www.hautes-alpes.net\/wp-content\/uploads\/2025\/11\/7b3a0778-1-2000x1000.jpg","type":"","width":"","height":""}],"twitter_card":"summary_large_image","twitter_misc":{"Tempo di lettura stimato":"2 minuti"},"schema":{"@context":"https:\/\/schema.org","@graph":[{"@type":"WebPage","@id":"https:\/\/www.hautes-alpes.net\/it\/settori-economici\/ppam\/","url":"https:\/\/www.hautes-alpes.net\/it\/settori-economici\/ppam\/","name":"PPAM - Hautes-Alpes","isPartOf":{"@id":"https:\/\/www.hautes-alpes.net\/it\/#website"},"primaryImageOfPage":{"@id":"https:\/\/www.hautes-alpes.net\/it\/settori-economici\/ppam\/#primaryimage"},"image":{"@id":"https:\/\/www.hautes-alpes.net\/it\/settori-economici\/ppam\/#primaryimage"},"thumbnailUrl":"https:\/\/www.hautes-alpes.net\/wp-content\/uploads\/2025\/11\/7b3a0778-1-2000x1000.jpg","datePublished":"2025-11-20T16:19:01+00:00","dateModified":"2026-01-13T15:59:08+00:00","description":"PPAM Un asset strategico Le piante profumate, aromatiche e medicinali (PPAM) stanno assumendo un ruolo sempre pi\u00f9 importante nel panorama agricolo ed","breadcrumb":{"@id":"https:\/\/www.hautes-alpes.net\/it\/settori-economici\/ppam\/#breadcrumb"},"inLanguage":"it-IT","potentialAction":[{"@type":"ReadAction","target":["https:\/\/www.hautes-alpes.net\/it\/settori-economici\/ppam\/"]}]},{"@type":"ImageObject","inLanguage":"it-IT","@id":"https:\/\/www.hautes-alpes.net\/it\/settori-economici\/ppam\/#primaryimage","url":"https:\/\/www.hautes-alpes.net\/wp-content\/uploads\/2025\/11\/7b3a0778-1-2000x1000.jpg","contentUrl":"https:\/\/www.hautes-alpes.net\/wp-content\/uploads\/2025\/11\/7b3a0778-1-2000x1000.jpg"},{"@type":"BreadcrumbList","@id":"https:\/\/www.hautes-alpes.net\/it\/settori-economici\/ppam\/#breadcrumb","itemListElement":[{"@type":"ListItem","position":1,"name":"Home","item":"https:\/\/www.hautes-alpes.net\/it\/hautes-alpes\/"},{"@type":"ListItem","position":2,"name":"Settori economici","item":"https:\/\/www.hautes-alpes.net\/it\/settori-economici\/"},{"@type":"ListItem","position":3,"name":"Settori economici","item":"https:\/\/www.hautes-alpes.net\/it\/settori-economici\/"},{"@type":"ListItem","position":4,"name":"PPAM"}]},{"@type":"WebSite","@id":"https:\/\/www.hautes-alpes.net\/it\/#website","url":"https:\/\/www.hautes-alpes.net\/it\/","name":"ADDET","description":"","publisher":{"@id":"https:\/\/www.hautes-alpes.net\/it\/#organization"},"potentialAction":[{"@type":"SearchAction","target":{"@type":"EntryPoint","urlTemplate":"https:\/\/www.hautes-alpes.net\/it\/?s={search_term_string}"},"query-input":{"@type":"PropertyValueSpecification","valueRequired":true,"valueName":"search_term_string"}}],"inLanguage":"it-IT"},{"@type":"Organization","@id":"https:\/\/www.hautes-alpes.net\/it\/#organization","name":"Agence D\u00e9partementale de D\u00e9veloppement Economique et Touristique des Hautes-Alpes","url":"https:\/\/www.hautes-alpes.net\/it\/","logo":{"@type":"ImageObject","inLanguage":"it-IT","@id":"https:\/\/www.hautes-alpes.net\/it\/#\/schema\/logo\/image\/","url":"https:\/\/www.hautes-alpes.net\/wp-content\/uploads\/2026\/01\/black-logo-2.svg","contentUrl":"https:\/\/www.hautes-alpes.net\/wp-content\/uploads\/2026\/01\/black-logo-2.svg","caption":"Agence D\u00e9partementale de D\u00e9veloppement Economique et Touristique des Hautes-Alpes"},"image":{"@id":"https:\/\/www.hautes-alpes.net\/it\/#\/schema\/logo\/image\/"}}]}},"_links":{"self":[{"href":"https:\/\/www.hautes-alpes.net\/it\/wp-json\/wp\/v2\/pages\/108766","targetHints":{"allow":["GET"]}}],"collection":[{"href":"https:\/\/www.hautes-alpes.net\/it\/wp-json\/wp\/v2\/pages"}],"about":[{"href":"https:\/\/www.hautes-alpes.net\/it\/wp-json\/wp\/v2\/types\/page"}],"author":[{"embeddable":true,"href":"https:\/\/www.hautes-alpes.net\/it\/wp-json\/wp\/v2\/users\/6"}],"replies":[{"embeddable":true,"href":"https:\/\/www.hautes-alpes.net\/it\/wp-json\/wp\/v2\/comments?post=108766"}],"version-history":[{"count":10,"href":"https:\/\/www.hautes-alpes.net\/it\/wp-json\/wp\/v2\/pages\/108766\/revisions"}],"predecessor-version":[{"id":202522,"href":"https:\/\/www.hautes-alpes.net\/it\/wp-json\/wp\/v2\/pages\/108766\/revisions\/202522"}],"up":[{"embeddable":true,"href":"https:\/\/www.hautes-alpes.net\/it\/wp-json\/wp\/v2\/pages\/108784"}],"wp:attachment":[{"href":"https:\/\/www.hautes-alpes.net\/it\/wp-json\/wp\/v2\/media?parent=108766"}],"wp:term":[{"taxonomy":"page_label","embeddable":true,"href":"https:\/\/www.hautes-alpes.net\/it\/wp-json\/wp\/v2\/page_label?post=108766"}],"curies":[{"name":"wp","href":"https:\/\/api.w.org\/{rel}","templated":true}]}}