{"id":108731,"date":"2025-11-20T17:29:06","date_gmt":"2025-11-20T16:29:06","guid":{"rendered":"https:\/\/www.hautes-alpes.net\/salute\/"},"modified":"2025-12-24T15:12:31","modified_gmt":"2025-12-24T14:12:31","slug":"salute","status":"publish","type":"page","link":"https:\/\/www.hautes-alpes.net\/it\/settori-economici\/salute\/","title":{"rendered":"Salute"},"content":{"rendered":"\n<div class=\"wp-block-group alignfull hero-banner-cover-float has-global-padding is-layout-constrained wp-block-group-is-layout-constrained\"><div class=\"yoast-breadcrumbs\"><span><span><a href=\"https:\/\/www.hautes-alpes.net\/it\/hautes-alpes\/\">Home<\/a><\/span>  <span><a href=\"https:\/\/www.hautes-alpes.net\/it\/settori-economici\/\">Settori economici<\/a><\/span>  <span><a href=\"https:\/\/www.hautes-alpes.net\/it\/settori-economici\/\">Settori economici<\/a><\/span>  <span class=\"breadcrumb_last\" aria-current=\"page\">Salute<\/span><\/span><\/div>\n\n\n<h1 class=\"wp-block-ws-library-post-title\"><span class=\"text-highlight\">Salute<\/span><\/h1>\n\n\n\n<p class=\"subtitle\">Un settore interessante<\/p>\n\n\n\n<p>Le Hautes-Alpes hanno uno dei tassi di medici per abitante pi\u00f9 alti di tutta la Francia. Ci\u00f2 \u00e8 dovuto all <strong>&#8216;attrattiva della regione<\/strong> come luogo in cui vivere e all&#8217;alto livello di turismo in un dipartimento che accoglie pi\u00f9 di 5 milioni di visitatori all&#8217;anno. Il dipartimento ha intrapreso una <strong>politica proattiva<\/strong> per attirare i giovani verso le professioni sanitarie.  <\/p>\n\n\n\n<div class=\"wp-block-ws-library-media-embed ws-media-embed\"><img decoding=\"async\" src=\"https:\/\/www.hautes-alpes.net\/wp-content\/uploads\/2025\/12\/christelle-fond-h-e1765870229447-1800x1000.png\" alt=\"\" class=\"ws-media-embed__image\" style=\"aspect-ratio:2000\/1000\"><\/div>\n<\/div>\n\n<div style=\"height:50px\" aria-hidden=\"true\" class=\"wp-block-spacer\"><\/div>\n\n<div class=\"wp-block-group alignfull step-by-step has-global-padding is-layout-constrained wp-block-group-is-layout-constrained\">\n<div class=\"wp-block-ws-library-ws-columns alignwide has-2-columns are-vertically-aligned-center layout-5050\">\n<div class=\"wp-block-ws-library-ws-column\"><div class=\"wrapper\">\n<h2 class=\"wp-block-heading is-style-title-1\">Una delle pi\u00f9 alte <strong>densit\u00e0 mediche <br\/><\/strong><\/h2>\n\n\n\n<p>Le Hautes-Alpes hanno una densit\u00e0 di medici di base superiore alla media nazionale. Secondo l&#8217;INSEE, il dipartimento ha circa <strong>291 medici di base ogni 100.000 abitanti<\/strong> (2023) - un rapporto che lo colloca tra le regioni pi\u00f9 dotate di Francia. Tuttavia, dietro questo dato incoraggiante si nasconde <strong>una sfida: la distribuzione territoriale<\/strong>. Alcune aree rurali e montane soffrono ancora di un accesso limitato, in particolare all&#8217;assistenza specialistica, e di una copertura territoriale disomogenea.   <\/p>\n<\/div><\/div>\n\n\n\n<div class=\"wp-block-ws-library-ws-column\"><div class=\"wrapper\">\n<div class=\"wp-block-ws-library-ws-image\"><div class=\"wrapper\"><div class=\"group-media\"><img decoding=\"async\" src=\"https:\/\/www.hautes-alpes.net\/wp-content\/uploads\/2025\/11\/magda-lac-mirroir-queyras-hd-jannovakphotography-1240x800.jpg\" alt=\"\" class=\"single_image ws-image-53316\"><div class=\"credits\">J. Novak<\/div><\/div><p class=\"caption\"><\/p><\/div><\/div>\n<\/div><\/div>\n<\/div>\n\n\n\n<div class=\"wp-block-ws-library-ws-columns alignwide has-2-columns are-vertically-aligned-center layout-5050\">\n<div class=\"wp-block-ws-library-ws-column\"><div class=\"wrapper\">\n<h2 class=\"wp-block-heading is-style-title-1\"><strong>La sfida della specializzazione<\/strong><br\/>e della permanenza<\/h2>\n\n\n\n<p>Oltre all&#8217;assistenza sanitaria di base, il dipartimento ha bisogno di attrarre <strong>professionisti specializzati <\/strong>(dentisti, cardiologi, neurologi, radiologi, ecc.). La strategia <strong>&#8221;Attrattivit\u00e0 della salute&#8221;<\/strong> mira specificamente a rafforzare i servizi ospedalieri e ambulatoriali in questi settori, sostenendo la creazione di studi medici, incoraggiando la cooperazione regionale (ospedale rurale\/ospedale centrale) e aiutando i professionisti a stabilirsi (alloggi, aiuti finanziari, strutture digitali). <\/p>\n<\/div><\/div>\n\n\n\n<div class=\"wp-block-ws-library-ws-column\"><div class=\"wrapper\">\n<div class=\"wp-block-ws-library-ws-image\"><div class=\"wrapper\"><div class=\"group-media\"><img decoding=\"async\" src=\"https:\/\/www.hautes-alpes.net\/wp-content\/uploads\/2025\/11\/serre-poncon-1240x800.jpg\" alt=\"\" class=\"single_image ws-image-53646\"><div class=\"credits\">Ufficio del Turismo di Serre-Pon\u00e7on<\/div><\/div><p class=\"caption\">Mercato di Embrun<\/p><\/div><\/div>\n<\/div><\/div>\n<\/div>\n\n\n\n<div class=\"wp-block-ws-library-ws-columns alignwide has-2-columns are-vertically-aligned-center layout-5050\">\n<div class=\"wp-block-ws-library-ws-column\"><div class=\"wrapper\">\n<h2 class=\"wp-block-heading is-style-title-1\"><strong>Un approccio coordinato<br\/><\/strong>&#8221;Mon Avenir \u00e0 Pr\u00e9sent&#8221; (Il mio futuro adesso)<\/h2>\n\n\n\n<p>Con <strong><a href=\"https:\/\/monavenir.hautes-alpes.net\/\" target=\"_blank\" rel=\"noreferrer noopener\">Il mio futuro adesso<\/a><\/strong>le Hautes-Alpes si concentrano su una semplice strategia: facilitare l&#8217;insediamento di nuovi lavoratori nella zona nel lungo periodo. Il programma offre un supporto pratico alle persone che scelgono di stabilirsi nel dipartimento, siano esse giovani laureati, famiglie che cambiano carriera o professionisti gi\u00e0 esperti.<\/p>\n\n\n\n<p>Sebbene siano interessati tutti i settori (edilizia, istruzione, lavori pubblici, servizi, ecc.), un&#8217;attenzione particolare \u00e8 rivolta alle professioni sanitarie. La sfida \u00e8 chiara: <strong>soddisfare il crescente bisogno di medici, dentisti e specialisti nelle Hautes-Alpes<\/strong>. A tal fine, uno sportello unico dedicato alla sanit\u00e0, in collaborazione con l&#8217;ARS, centralizza le informazioni e i servizi: procedure amministrative, mobilit\u00e0, offerte di tirocinio, opportunit\u00e0 di formazione e assistenza logistica. L&#8217;obiettivo \u00e8 quello di <strong>creare un percorso di carriera agevole e attraente che contribuisca a trattenere i professionisti del settore sanitario nel lungo periodo.<\/strong>   <\/p>\n<\/div><\/div>\n\n\n\n<div class=\"wp-block-ws-library-ws-column\"><div class=\"wrapper\">\n<div class=\"wp-block-ws-library-ws-image\"><div class=\"wrapper\"><div class=\"group-media\"><img decoding=\"async\" src=\"https:\/\/www.hautes-alpes.net\/wp-content\/uploads\/2025\/11\/hzutes-vallee-de-la-claree-alpesphotographiescom-2-1240x800.jpg\" alt=\"\" class=\"single_image ws-image-47648\"><div class=\"credits\">Fotografie delle Alpi<\/div><\/div><p class=\"caption\"><\/p><\/div><\/div>\n<\/div><\/div>\n<\/div>\n<\/div>\n\n<div style=\"height:100px\" aria-hidden=\"true\" class=\"wp-block-spacer\"><\/div>\n\n<div class=\"wp-block-group block-stats is-layout-flow wp-block-group-is-layout-flow\">\n<h2 class=\"wp-block-heading is-style-title-2\">Il settore della salute<br\/><strong>in alcune cifre<\/strong><\/h2>\n\n\n\n<p><\/p>\n\n\n\n<div class=\"wp-block-ws-library-percentage-items alignwide ws-percentage-items\"><div class=\"list-items ws-percentage-items__list\">\n<div class=\"wp-block-ws-library-percentage-item ws-percentage-item\" data-percentage=\"1\"><div class=\"group-circle\"><svg class=\"circle\" viewbox=\"0 0 120 120\"><defs><lineargradient id=\"gradient-item-b4b79d14-4a85-4624-9507-e7168f7e60e2\" x1=\"0%\" y1=\"0%\" x2=\"100%\" y2=\"100%\"><stop offset=\"0%\" stop-color=\"#3b82f6\"\/><stop offset=\"100%\" stop-color=\"#2563eb\"\/><\/lineargradient><\/defs><circle class=\"circle-bg\" cx=\"60\" cy=\"60\" r=\"54\"\/><circle class=\"circle-progress\" cx=\"60\" cy=\"60\" r=\"54\" style=\"stroke-dasharray:3.3929199999999997 339.292\"\/><\/svg><div class=\"circle-text\"><span class=\"value\">1<\/span><span class=\"symbol\">%<\/span><\/div><\/div><div class=\"group-content\"><div class=\"field-text\">Quota delle vendite annuali<\/div><\/div><\/div>\n\n\n\n<div class=\"wp-block-ws-library-percentage-item ws-percentage-item\" data-percentage=\"1\"><div class=\"group-circle\"><svg class=\"circle\" viewbox=\"0 0 120 120\"><defs><lineargradient id=\"gradient-item-c693677a-da9f-466b-a59b-377465b46ce4\" x1=\"0%\" y1=\"0%\" x2=\"100%\" y2=\"100%\"><stop offset=\"0%\" stop-color=\"#3b82f6\"\/><stop offset=\"100%\" stop-color=\"#2563eb\"\/><\/lineargradient><\/defs><circle class=\"circle-bg\" cx=\"60\" cy=\"60\" r=\"54\"\/><circle class=\"circle-progress\" cx=\"60\" cy=\"60\" r=\"54\" style=\"stroke-dasharray:3.3929199999999997 339.292\"\/><\/svg><div class=\"circle-text\"><span class=\"value\">1<\/span><span class=\"symbol\">%<\/span><\/div><\/div><div class=\"group-content\"><div class=\"field-text\">Quota del PIL<\/div><\/div><\/div>\n<\/div><\/div>\n\n\n\n<p class=\"field-source\"><\/p>\n<\/div>\n\n<div class=\"wp-block-group block-chiffres has-global-padding is-layout-constrained wp-block-group-is-layout-constrained\">\n<figure class=\"wp-block-table is-style-stats\"><table class=\"has-fixed-layout\"><tbody><tr><td><strong>VENDITE ANNUALI<\/strong><\/td><td>83 124 K\u20ac<\/td><\/tr><tr><td>SVILUPPI IN 10 ANNI<\/td><td>+ 7,39 %<\/td><\/tr><tr><td><strong>PIL<\/strong><\/td><td>49 809 K\u20ac<\/td><\/tr><tr><td>VARIAZIONE DEL PIL<\/td><td>+ 1 %<\/td><\/tr><tr><td><\/td><td><\/td><\/tr><\/tbody><\/table><\/figure>\n\n\n\n<p class=\"field-source\">PIL = Prodotto Interno Lordo \/ Fonte: INSEE<\/p>\n<\/div>\n\n<hr class=\"wp-block-separator has-alpha-channel-opacity is-style-default\"\/>\n\n<h2 class=\"wp-block-heading is-style-title-1\"><strong>Vedi anche<\/strong><\/h2>\n\n<div class=\"wp-block-group alignwide list-nodetails is-content-justification-center is-layout-flex wp-container-core-group-is-layout-94ea2d6b wp-block-group-is-layout-flex\">\n<div class=\"wp-block-group has-global-padding is-content-justification-left is-layout-constrained wp-container-core-group-is-layout-12dd3699 wp-block-group-is-layout-constrained\">\n<div class=\"wp-block-ws-library-ws-image is-style-simple\"><div class=\"wrapper\"><div class=\"group-media\"><img decoding=\"async\" src=\"https:\/\/www.hautes-alpes.net\/wp-content\/uploads\/2025\/12\/cite-vauban-drone-serre-chevalier-briancon-7-1240x800.jpg\" alt=\"\" class=\"single_image ws-image-133118\"><div class=\"credits\">Ufficio del Turismo di Serre Chevalier<\/div><\/div><p class=\"caption\"><\/p><\/div><\/div>\n\n\n\n<h3 class=\"wp-block-heading is-style-title-2\"><em>CSR HAUTES-ALPESC Responsabilit\u00e0<\/em>sociale <em>d&#8217;impresa<\/em><\/h3>\n\n\n\n<div class=\"wp-block-buttons is-layout-flex wp-block-buttons-is-layout-flex\">\n<div class=\"wp-block-button\"><a class=\"wp-block-button__link wp-element-button\" href=\"https:\/\/www.hautes-alpes.net\/it\/settori-economici\/pascoli-di-montagna-2\/\" target=\"_blank\" rel=\"noreferrer noopener\">Vedi<\/a><\/div>\n<\/div>\n<\/div>\n\n\n\n<div class=\"wp-block-group has-global-padding is-content-justification-left is-layout-constrained wp-container-core-group-is-layout-12dd3699 wp-block-group-is-layout-constrained\">\n<div class=\"wp-block-ws-library-ws-image is-style-simple\"><div class=\"wrapper\"><div class=\"group-media\"><img decoding=\"async\" src=\"https:\/\/www.hautes-alpes.net\/wp-content\/uploads\/2025\/12\/mon-avenir-a-present-1200x627-1-e1766585505451.jpg\" alt=\"\" class=\"single_image ws-image-133697\"><div class=\"credits\">Il Naturografo<\/div><\/div><p class=\"caption\"><\/p><\/div><\/div>\n\n\n\n<h3 class=\"wp-block-heading is-style-title-2\"><em>SALUTELo sportello unico<\/em>per la creazione di un&#8217;impresa  <\/h3>\n\n\n\n<div class=\"wp-block-buttons is-layout-flex wp-block-buttons-is-layout-flex\">\n<div class=\"wp-block-button\"><a class=\"wp-block-button__link wp-element-button\" href=\"https:\/\/monavenir.hautes-alpes.net\/\" target=\"_blank\" rel=\"noreferrer noopener\">Vedi<\/a><\/div>\n<\/div>\n<\/div>\n<\/div>\n\n<div style=\"height:50px\" aria-hidden=\"true\" class=\"wp-block-spacer\"><\/div>\n\n<div class=\"wp-block-group has-global-padding is-layout-constrained wp-block-group-is-layout-constrained\">\n<p>Hai bisogno di supporto?<\/p>\n\n\n\n<h2 class=\"wp-block-heading\">Il Dipartimento di Economia<br\/><strong>sostiene i tuoi progetti<\/strong><\/h2>\n\n\n\n<h4 class=\"wp-block-heading\">Fabien Harel<\/h4>\n\n\n\n<p>Responsabile Economia<\/p>\n\n\n\n<div class=\"wp-block-group has-global-padding is-layout-constrained wp-block-group-is-layout-constrained\">\n<p><a href=\"mailto:fabien.harel@hautes-alpes.net\">fabien.harel@hautes-alpes.net<\/a><\/p>\n\n\n\n<p><\/p>\n<\/div>\n<\/div>\n\n<div class=\"wp-block-ws-library-ws-share\"><span class=\"share-subtitle\">Ti \u00e8 piaciuta questa pagina?<\/span><span class=\"share-title\">Condividilo!<\/span><button class=\"ws-share-button wp-element-button\">Condividi questa pagina<\/button><\/div>\n","protected":false},"excerpt":{"rendered":"<p>Un settore interessante Le Hautes-Alpes hanno uno dei tassi di medici per abitante pi\u00f9 alti di tutta la Francia. Ci\u00f2 [&hellip;]<\/p>\n","protected":false},"author":6,"featured_media":0,"parent":108784,"menu_order":0,"comment_status":"closed","ping_status":"closed","template":"","meta":{"is_dark_mode":false,"footnotes":""},"page_label":[],"class_list":["post-108731","page","type-page","status-publish","hentry"],"yoast_head":"<!-- This site is optimized with the Yoast SEO plugin v27.2 - https:\/\/yoast.com\/product\/yoast-seo-wordpress\/ -->\n<title>Salute - Hautes-Alpes<\/title>\n<meta name=\"description\" content=\"Salute Un settore interessante Le Hautes-Alpes hanno uno dei tassi di medici per abitante pi\u00f9 alti di tutta la Francia. Ci\u00f2 \u00e8 dovuto all &#039;attrattiva della\" \/>\n<meta name=\"robots\" content=\"index, follow, max-snippet:-1, max-image-preview:large, max-video-preview:-1\" \/>\n<link rel=\"canonical\" href=\"https:\/\/www.hautes-alpes.net\/it\/settori-economici\/salute\/\" \/>\n<meta property=\"og:locale\" content=\"it_IT\" \/>\n<meta property=\"og:type\" content=\"article\" \/>\n<meta property=\"og:title\" content=\"Salute - Hautes-Alpes\" \/>\n<meta property=\"og:description\" content=\"Salute Un settore interessante Le Hautes-Alpes hanno uno dei tassi di medici per abitante pi\u00f9 alti di tutta la Francia. Ci\u00f2 \u00e8 dovuto all &#039;attrattiva della\" \/>\n<meta property=\"og:url\" content=\"https:\/\/www.hautes-alpes.net\/it\/settori-economici\/salute\/\" \/>\n<meta property=\"og:site_name\" content=\"Hautes-Alpes\" \/>\n<meta property=\"article:modified_time\" content=\"2025-12-24T14:12:31+00:00\" \/>\n<meta property=\"og:image\" content=\"https:\/\/www.hautes-alpes.net\/wp-content\/uploads\/2025\/12\/christelle-fond-h-e1765870229447-1800x1000.png\" \/>\n<meta name=\"twitter:card\" content=\"summary_large_image\" \/>\n<meta name=\"twitter:label1\" content=\"Tempo di lettura stimato\" \/>\n\t<meta name=\"twitter:data1\" content=\"2 minuti\" \/>\n<script type=\"application\/ld+json\" class=\"yoast-schema-graph\">{\"@context\":\"https:\/\/schema.org\",\"@graph\":[{\"@type\":\"WebPage\",\"@id\":\"https:\/\/www.hautes-alpes.net\/it\/settori-economici\/salute\/\",\"url\":\"https:\/\/www.hautes-alpes.net\/it\/settori-economici\/salute\/\",\"name\":\"Salute - Hautes-Alpes\",\"isPartOf\":{\"@id\":\"https:\/\/www.hautes-alpes.net\/it\/#website\"},\"primaryImageOfPage\":{\"@id\":\"https:\/\/www.hautes-alpes.net\/it\/settori-economici\/salute\/#primaryimage\"},\"image\":{\"@id\":\"https:\/\/www.hautes-alpes.net\/it\/settori-economici\/salute\/#primaryimage\"},\"thumbnailUrl\":\"https:\/\/www.hautes-alpes.net\/wp-content\/uploads\/2025\/12\/christelle-fond-h-e1765870229447-1800x1000.png\",\"datePublished\":\"2025-11-20T16:29:06+00:00\",\"dateModified\":\"2025-12-24T14:12:31+00:00\",\"description\":\"Salute Un settore interessante Le Hautes-Alpes hanno uno dei tassi di medici per abitante pi\u00f9 alti di tutta la Francia. Ci\u00f2 \u00e8 dovuto all 'attrattiva della\",\"breadcrumb\":{\"@id\":\"https:\/\/www.hautes-alpes.net\/it\/settori-economici\/salute\/#breadcrumb\"},\"inLanguage\":\"it-IT\",\"potentialAction\":[{\"@type\":\"ReadAction\",\"target\":[\"https:\/\/www.hautes-alpes.net\/it\/settori-economici\/salute\/\"]}]},{\"@type\":\"ImageObject\",\"inLanguage\":\"it-IT\",\"@id\":\"https:\/\/www.hautes-alpes.net\/it\/settori-economici\/salute\/#primaryimage\",\"url\":\"https:\/\/www.hautes-alpes.net\/wp-content\/uploads\/2025\/12\/christelle-fond-h-e1765870229447-1800x1000.png\",\"contentUrl\":\"https:\/\/www.hautes-alpes.net\/wp-content\/uploads\/2025\/12\/christelle-fond-h-e1765870229447-1800x1000.png\"},{\"@type\":\"BreadcrumbList\",\"@id\":\"https:\/\/www.hautes-alpes.net\/it\/settori-economici\/salute\/#breadcrumb\",\"itemListElement\":[{\"@type\":\"ListItem\",\"position\":1,\"name\":\"Home\",\"item\":\"https:\/\/www.hautes-alpes.net\/it\/hautes-alpes\/\"},{\"@type\":\"ListItem\",\"position\":2,\"name\":\"Settori economici\",\"item\":\"https:\/\/www.hautes-alpes.net\/it\/settori-economici\/\"},{\"@type\":\"ListItem\",\"position\":3,\"name\":\"Settori economici\",\"item\":\"https:\/\/www.hautes-alpes.net\/it\/settori-economici\/\"},{\"@type\":\"ListItem\",\"position\":4,\"name\":\"Salute\"}]},{\"@type\":\"WebSite\",\"@id\":\"https:\/\/www.hautes-alpes.net\/it\/#website\",\"url\":\"https:\/\/www.hautes-alpes.net\/it\/\",\"name\":\"ADDET\",\"description\":\"\",\"publisher\":{\"@id\":\"https:\/\/www.hautes-alpes.net\/it\/#organization\"},\"potentialAction\":[{\"@type\":\"SearchAction\",\"target\":{\"@type\":\"EntryPoint\",\"urlTemplate\":\"https:\/\/www.hautes-alpes.net\/it\/?s={search_term_string}\"},\"query-input\":{\"@type\":\"PropertyValueSpecification\",\"valueRequired\":true,\"valueName\":\"search_term_string\"}}],\"inLanguage\":\"it-IT\"},{\"@type\":\"Organization\",\"@id\":\"https:\/\/www.hautes-alpes.net\/it\/#organization\",\"name\":\"Agence D\u00e9partementale de D\u00e9veloppement Economique et Touristique des Hautes-Alpes\",\"url\":\"https:\/\/www.hautes-alpes.net\/it\/\",\"logo\":{\"@type\":\"ImageObject\",\"inLanguage\":\"it-IT\",\"@id\":\"https:\/\/www.hautes-alpes.net\/it\/#\/schema\/logo\/image\/\",\"url\":\"https:\/\/www.hautes-alpes.net\/wp-content\/uploads\/2026\/01\/black-logo-2.svg\",\"contentUrl\":\"https:\/\/www.hautes-alpes.net\/wp-content\/uploads\/2026\/01\/black-logo-2.svg\",\"caption\":\"Agence D\u00e9partementale de D\u00e9veloppement Economique et Touristique des Hautes-Alpes\"},\"image\":{\"@id\":\"https:\/\/www.hautes-alpes.net\/it\/#\/schema\/logo\/image\/\"}}]}<\/script>\n<!-- \/ Yoast SEO plugin. -->","yoast_head_json":{"title":"Salute - Hautes-Alpes","description":"Salute Un settore interessante Le Hautes-Alpes hanno uno dei tassi di medici per abitante pi\u00f9 alti di tutta la Francia. Ci\u00f2 \u00e8 dovuto all 'attrattiva della","robots":{"index":"index","follow":"follow","max-snippet":"max-snippet:-1","max-image-preview":"max-image-preview:large","max-video-preview":"max-video-preview:-1"},"canonical":"https:\/\/www.hautes-alpes.net\/it\/settori-economici\/salute\/","og_locale":"it_IT","og_type":"article","og_title":"Salute - Hautes-Alpes","og_description":"Salute Un settore interessante Le Hautes-Alpes hanno uno dei tassi di medici per abitante pi\u00f9 alti di tutta la Francia. Ci\u00f2 \u00e8 dovuto all 'attrattiva della","og_url":"https:\/\/www.hautes-alpes.net\/it\/settori-economici\/salute\/","og_site_name":"Hautes-Alpes","article_modified_time":"2025-12-24T14:12:31+00:00","og_image":[{"url":"https:\/\/www.hautes-alpes.net\/wp-content\/uploads\/2025\/12\/christelle-fond-h-e1765870229447-1800x1000.png","type":"","width":"","height":""}],"twitter_card":"summary_large_image","twitter_misc":{"Tempo di lettura stimato":"2 minuti"},"schema":{"@context":"https:\/\/schema.org","@graph":[{"@type":"WebPage","@id":"https:\/\/www.hautes-alpes.net\/it\/settori-economici\/salute\/","url":"https:\/\/www.hautes-alpes.net\/it\/settori-economici\/salute\/","name":"Salute - Hautes-Alpes","isPartOf":{"@id":"https:\/\/www.hautes-alpes.net\/it\/#website"},"primaryImageOfPage":{"@id":"https:\/\/www.hautes-alpes.net\/it\/settori-economici\/salute\/#primaryimage"},"image":{"@id":"https:\/\/www.hautes-alpes.net\/it\/settori-economici\/salute\/#primaryimage"},"thumbnailUrl":"https:\/\/www.hautes-alpes.net\/wp-content\/uploads\/2025\/12\/christelle-fond-h-e1765870229447-1800x1000.png","datePublished":"2025-11-20T16:29:06+00:00","dateModified":"2025-12-24T14:12:31+00:00","description":"Salute Un settore interessante Le Hautes-Alpes hanno uno dei tassi di medici per abitante pi\u00f9 alti di tutta la Francia. Ci\u00f2 \u00e8 dovuto all 'attrattiva della","breadcrumb":{"@id":"https:\/\/www.hautes-alpes.net\/it\/settori-economici\/salute\/#breadcrumb"},"inLanguage":"it-IT","potentialAction":[{"@type":"ReadAction","target":["https:\/\/www.hautes-alpes.net\/it\/settori-economici\/salute\/"]}]},{"@type":"ImageObject","inLanguage":"it-IT","@id":"https:\/\/www.hautes-alpes.net\/it\/settori-economici\/salute\/#primaryimage","url":"https:\/\/www.hautes-alpes.net\/wp-content\/uploads\/2025\/12\/christelle-fond-h-e1765870229447-1800x1000.png","contentUrl":"https:\/\/www.hautes-alpes.net\/wp-content\/uploads\/2025\/12\/christelle-fond-h-e1765870229447-1800x1000.png"},{"@type":"BreadcrumbList","@id":"https:\/\/www.hautes-alpes.net\/it\/settori-economici\/salute\/#breadcrumb","itemListElement":[{"@type":"ListItem","position":1,"name":"Home","item":"https:\/\/www.hautes-alpes.net\/it\/hautes-alpes\/"},{"@type":"ListItem","position":2,"name":"Settori economici","item":"https:\/\/www.hautes-alpes.net\/it\/settori-economici\/"},{"@type":"ListItem","position":3,"name":"Settori economici","item":"https:\/\/www.hautes-alpes.net\/it\/settori-economici\/"},{"@type":"ListItem","position":4,"name":"Salute"}]},{"@type":"WebSite","@id":"https:\/\/www.hautes-alpes.net\/it\/#website","url":"https:\/\/www.hautes-alpes.net\/it\/","name":"ADDET","description":"","publisher":{"@id":"https:\/\/www.hautes-alpes.net\/it\/#organization"},"potentialAction":[{"@type":"SearchAction","target":{"@type":"EntryPoint","urlTemplate":"https:\/\/www.hautes-alpes.net\/it\/?s={search_term_string}"},"query-input":{"@type":"PropertyValueSpecification","valueRequired":true,"valueName":"search_term_string"}}],"inLanguage":"it-IT"},{"@type":"Organization","@id":"https:\/\/www.hautes-alpes.net\/it\/#organization","name":"Agence D\u00e9partementale de D\u00e9veloppement Economique et Touristique des Hautes-Alpes","url":"https:\/\/www.hautes-alpes.net\/it\/","logo":{"@type":"ImageObject","inLanguage":"it-IT","@id":"https:\/\/www.hautes-alpes.net\/it\/#\/schema\/logo\/image\/","url":"https:\/\/www.hautes-alpes.net\/wp-content\/uploads\/2026\/01\/black-logo-2.svg","contentUrl":"https:\/\/www.hautes-alpes.net\/wp-content\/uploads\/2026\/01\/black-logo-2.svg","caption":"Agence D\u00e9partementale de D\u00e9veloppement Economique et Touristique des Hautes-Alpes"},"image":{"@id":"https:\/\/www.hautes-alpes.net\/it\/#\/schema\/logo\/image\/"}}]}},"_links":{"self":[{"href":"https:\/\/www.hautes-alpes.net\/it\/wp-json\/wp\/v2\/pages\/108731","targetHints":{"allow":["GET"]}}],"collection":[{"href":"https:\/\/www.hautes-alpes.net\/it\/wp-json\/wp\/v2\/pages"}],"about":[{"href":"https:\/\/www.hautes-alpes.net\/it\/wp-json\/wp\/v2\/types\/page"}],"author":[{"embeddable":true,"href":"https:\/\/www.hautes-alpes.net\/it\/wp-json\/wp\/v2\/users\/6"}],"replies":[{"embeddable":true,"href":"https:\/\/www.hautes-alpes.net\/it\/wp-json\/wp\/v2\/comments?post=108731"}],"version-history":[{"count":10,"href":"https:\/\/www.hautes-alpes.net\/it\/wp-json\/wp\/v2\/pages\/108731\/revisions"}],"predecessor-version":[{"id":133721,"href":"https:\/\/www.hautes-alpes.net\/it\/wp-json\/wp\/v2\/pages\/108731\/revisions\/133721"}],"up":[{"embeddable":true,"href":"https:\/\/www.hautes-alpes.net\/it\/wp-json\/wp\/v2\/pages\/108784"}],"wp:attachment":[{"href":"https:\/\/www.hautes-alpes.net\/it\/wp-json\/wp\/v2\/media?parent=108731"}],"wp:term":[{"taxonomy":"page_label","embeddable":true,"href":"https:\/\/www.hautes-alpes.net\/it\/wp-json\/wp\/v2\/page_label?post=108731"}],"curies":[{"name":"wp","href":"https:\/\/api.w.org\/{rel}","templated":true}]}}