{"id":108710,"date":"2025-11-21T08:39:04","date_gmt":"2025-11-21T07:39:04","guid":{"rendered":"https:\/\/www.hautes-alpes.net\/energia-rinnovabile\/"},"modified":"2026-01-08T10:53:13","modified_gmt":"2026-01-08T09:53:13","slug":"energia-rinnovabile","status":"publish","type":"page","link":"https:\/\/www.hautes-alpes.net\/it\/settori-economici\/energia-rinnovabile\/","title":{"rendered":"Energia rinnovabile"},"content":{"rendered":"\n<div class=\"wp-block-group alignfull hero-banner-cover-float has-global-padding is-layout-constrained wp-block-group-is-layout-constrained\"><div class=\"yoast-breadcrumbs\"><span><span><a href=\"https:\/\/www.hautes-alpes.net\/it\/hautes-alpes\/\">Home<\/a><\/span>  <span><a href=\"https:\/\/www.hautes-alpes.net\/it\/settori-economici\/\">Settori economici<\/a><\/span>  <span><a href=\"https:\/\/www.hautes-alpes.net\/it\/settori-economici\/\">Settori economici<\/a><\/span>  <span class=\"breadcrumb_last\" aria-current=\"page\">Energia rinnovabile<\/span><\/span><\/div>\n\n\n<h1 class=\"wp-block-ws-library-post-title\">Energia <span class=\"text-highlight\">rinnovabile<\/span><\/h1>\n\n\n\n<p class=\"subtitle\">Una regione pionieristica<\/p>\n\n\n\n<p>Grazie al fiume <strong>Durance<\/strong> e alla <strong>diga idroelettrica di <a href=\"https:\/\/www.hautes-alpes.net\/it\/destinazioni-hautes-alpes\/serre-poncon\/\">Serre-Pon\u00e7on<\/a><\/strong>, le <strong>Hautes-Alpes<\/strong> sono una delle <strong>prime 5 regioni europee <\/strong>in termini di potenziale di energia rinnovabile. Il dipartimento si sta impegnando per moltiplicare le iniziative in questo settore.<\/p>\n\n\n\n<div class=\"wp-block-ws-library-media-embed ws-media-embed\"><img decoding=\"async\" src=\"https:\/\/www.hautes-alpes.net\/wp-content\/uploads\/2025\/11\/barrage-serre-ponconbertrand-bodin-3-2000x1000.jpg\" alt=\"\" class=\"ws-media-embed__image\" style=\"aspect-ratio:2000\/1000\"><\/div>\n<\/div>\n\n<div style=\"height:50px\" aria-hidden=\"true\" class=\"wp-block-spacer\"><\/div>\n\n<div class=\"wp-block-group alignfull step-by-step has-global-padding is-layout-constrained wp-block-group-is-layout-constrained\">\n<div class=\"wp-block-ws-library-ws-columns alignwide has-2-columns are-vertically-aligned-center layout-5050\">\n<div class=\"wp-block-ws-library-ws-column\"><div class=\"wrapper\">\n<h2 class=\"wp-block-heading is-style-title-1\"><strong>SEM \u00c9nergie Hautes-Alpes <br\/><\/strong>uno strumento strategico<\/h2>\n\n\n\n<p>La creazione di una <strong>societ\u00e0 semi-pubblica<\/strong> dedicata alle energie rinnovabili ha segnato una svolta. Questa societ\u00e0 riunisce autorit\u00e0 locali e investitori privati per gestire progetti di produzione di energia rinnovabile. Ad esempio, \u00e8 responsabile dello <strong>sviluppo di centrali idroelettriche locali<\/strong>, di <strong>parchi solari e di impianti di riscaldamento a biomassa<\/strong>. Il suo ruolo \u00e8 duplice: garantire che i progetti siano accettati dai residenti locali e che il valore economico rimanga nell&#8217;area.   <\/p>\n<\/div><\/div>\n\n\n\n<div class=\"wp-block-ws-library-ws-column\"><div class=\"wrapper\">\n<div class=\"wp-block-ws-library-ws-image\"><div class=\"wrapper\"><div class=\"group-media\"><img decoding=\"async\" src=\"https:\/\/www.hautes-alpes.net\/wp-content\/uploads\/2025\/12\/solar-panel-array-close-up-1240x800.jpg\" alt=\"\" class=\"single_image ws-image-91497\"><div class=\"credits\">DR<\/div><\/div><p class=\"caption\"><\/p><\/div><\/div>\n<\/div><\/div>\n<\/div>\n\n\n\n<div class=\"wp-block-ws-library-ws-columns alignwide has-2-columns are-vertically-aligned-center layout-5050\">\n<div class=\"wp-block-ws-library-ws-column\"><div class=\"wrapper\">\n<h2 class=\"wp-block-heading is-style-title-1\"><strong>Progetti<\/strong> emblematici in corso<br\/><\/h2>\n\n\n\n<p>L&#8217;energia solare sta prendendo piede. I <strong>pannelli fotovoltaici<\/strong> sono stati installati nei <strong> <a href=\"https:\/\/www.hautes-alpes.net\/it\/settori-economici\/aerospaziale\/\">3 aeroporti del dipartimento<\/a><\/strong>, trasformando queste strutture in produttori di elettricit\u00e0. In montagna, le localit\u00e0 di <strong><a href=\"https:\/\/www.hautes-alpes.net\/it\/destinazioni-hautes-alpes\/serre-chevalier\/\">Serre Chevalier<\/a><\/strong> e Les <a href=\"https:\/\/www.hautes-alpes.net\/it\/destinazioni-hautes-alpes\/les-orres\/\"><strong>Orres<\/strong> <\/a>sono pionieri in questo campo: il primo ha messo a punto un mix energetico che incorpora energia solare, micro-idroelettrica e biomassa per raggiungere l&#8217;autosufficienza, mentre il secondo sta testando soluzioni innovative per ridurre i consumi e coprire parte del suo fabbisogno con l&#8217;energia solare.  <\/p>\n<\/div><\/div>\n\n\n\n<div class=\"wp-block-ws-library-ws-column\"><div class=\"wrapper\">\n<div class=\"wp-block-ws-library-ws-image\"><div class=\"wrapper\"><div class=\"group-media\"><img decoding=\"async\" src=\"https:\/\/www.hautes-alpes.net\/wp-content\/uploads\/2025\/12\/telecabine-pontillas-serre-chevalier-briancon-10-1240x800.jpg\" alt=\"\" class=\"single_image ws-image-88569\"><div class=\"credits\">Ufficio del Turismo di Serre Chevalier<\/div><\/div><p class=\"caption\"><\/p><\/div><\/div>\n<\/div><\/div>\n<\/div>\n\n\n\n<div class=\"wp-block-ws-library-ws-columns alignwide has-2-columns are-vertically-aligned-center layout-5050\">\n<div class=\"wp-block-ws-library-ws-column\"><div class=\"wrapper\">\n<h2 class=\"wp-block-heading is-style-title-1\"><strong><strong>Dare l&#8217;esempio<\/strong><br\/><\/strong>anche nei rifugi<\/h2>\n\n\n\n<p>L&#8217;innovazione energetica non si limita alle grandi infrastrutture. Alcuni <a href=\"https:\/\/www.hautes-alpes.net\/it\/iconico\/rifugi\/\">rifugi alpini<\/a>, come Chamoissi\u00e8re e l&#8217;Alpe de Villar-d&#8217;Ar\u00e8ne, si distinguono per la loro autosufficienza: una combinazione di pannelli solari, piccole turbine eoliche, micro-idro e batterie di accumulo. Queste strutture contribuiscono a <strong>ridurre l&#8217;impronta ecologica<\/strong> e allo stesso tempo offrono comfort e sicurezza ai visitatori, dimostrando la capacit\u00e0 delle <strong>Hautes-Alpes<\/strong> di combinare l&#8217;attrattiva turistica con l&#8217;eccellenza ambientale.  <\/p>\n<\/div><\/div>\n\n\n\n<div class=\"wp-block-ws-library-ws-column\"><div class=\"wrapper\">\n<div class=\"wp-block-ws-library-ws-image\"><div class=\"wrapper\"><div class=\"group-media\"><img decoding=\"async\" src=\"https:\/\/www.hautes-alpes.net\/wp-content\/uploads\/2025\/11\/refuge-de-l-aigle-photosatelier17c-1240x800.jpg\" alt=\"\" class=\"single_image ws-image-76573\"><div class=\"credits\">T. Blais<\/div><\/div><p class=\"caption\"><\/p><\/div><\/div>\n<\/div><\/div>\n<\/div>\n<\/div>\n\n<div style=\"height:100px\" aria-hidden=\"true\" class=\"wp-block-spacer\"><\/div>\n\n<div class=\"wp-block-group block-stats is-layout-flow wp-block-group-is-layout-flow\">\n<h2 class=\"wp-block-heading is-style-title-2\">Il settore industriale <br\/><strong>in cifre<\/strong><\/h2>\n\n\n\n<div class=\"wp-block-ws-library-percentage-items alignwide ws-percentage-items\"><div class=\"list-items ws-percentage-items__list\">\n<div class=\"wp-block-ws-library-percentage-item ws-percentage-item\" data-percentage=\"7\"><div class=\"group-circle\"><svg class=\"circle\" viewbox=\"0 0 120 120\"><defs><lineargradient id=\"gradient-item-b4b79d14-4a85-4624-9507-e7168f7e60e2\" x1=\"0%\" y1=\"0%\" x2=\"100%\" y2=\"100%\"><stop offset=\"0%\" stop-color=\"#3b82f6\"\/><stop offset=\"100%\" stop-color=\"#2563eb\"\/><\/lineargradient><\/defs><circle class=\"circle-bg\" cx=\"60\" cy=\"60\" r=\"54\"\/><circle class=\"circle-progress\" cx=\"60\" cy=\"60\" r=\"54\" style=\"stroke-dasharray:23.75044 339.292\"\/><\/svg><div class=\"circle-text\"><span class=\"value\">7<\/span><span class=\"symbol\">%<\/span><\/div><\/div><div class=\"group-content\"><div class=\"field-text\">Quota delle vendite annuali<\/div><\/div><\/div>\n\n\n\n<div class=\"wp-block-ws-library-percentage-item ws-percentage-item\" data-percentage=\"8\"><div class=\"group-circle\"><svg class=\"circle\" viewbox=\"0 0 120 120\"><defs><lineargradient id=\"gradient-item-c693677a-da9f-466b-a59b-377465b46ce4\" x1=\"0%\" y1=\"0%\" x2=\"100%\" y2=\"100%\"><stop offset=\"0%\" stop-color=\"#3b82f6\"\/><stop offset=\"100%\" stop-color=\"#2563eb\"\/><\/lineargradient><\/defs><circle class=\"circle-bg\" cx=\"60\" cy=\"60\" r=\"54\"\/><circle class=\"circle-progress\" cx=\"60\" cy=\"60\" r=\"54\" style=\"stroke-dasharray:27.143359999999998 339.292\"\/><\/svg><div class=\"circle-text\"><span class=\"value\">8<\/span><span class=\"symbol\">%<\/span><\/div><\/div><div class=\"group-content\"><div class=\"field-text\">Quota del PIL<\/div><\/div><\/div>\n<\/div><\/div>\n\n\n\n<p class=\"field-source\"><\/p>\n<\/div>\n\n<div class=\"wp-block-group block-chiffres has-global-padding is-layout-constrained wp-block-group-is-layout-constrained\">\n<figure class=\"wp-block-table is-style-stats\"><table class=\"has-fixed-layout\"><tbody><tr><td><strong>VENDITE ANNUALI<\/strong><\/td><td>426 941 K\u20ac<\/td><\/tr><tr><td>SVILUPPI IN 10 ANNI<\/td><td>+ 50 %<\/td><\/tr><tr><td><strong>PIL<\/strong><\/td><td>185 099 K\u20ac<\/td><\/tr><tr><td>VARIAZIONE DEL PIL<\/td><td>+ 55 %<\/td><\/tr><tr><td><\/td><td><\/td><\/tr><\/tbody><\/table><\/figure>\n\n\n\n<p class=\"field-source\">PIL = Prodotto Interno Lordo \/ Fonte: INSEE<\/p>\n<\/div>\n\n<hr class=\"wp-block-separator has-alpha-channel-opacity is-style-default\"\/>\n\n<h2 class=\"wp-block-heading is-style-title-1\"><strong>Vedi anche<\/strong><\/h2>\n\n<div class=\"wp-block-group alignwide list-nodetails is-content-justification-center is-layout-flex wp-container-core-group-is-layout-94ea2d6b wp-block-group-is-layout-flex\">\n<div class=\"wp-block-group has-global-padding is-layout-constrained wp-block-group-is-layout-constrained\">\n<div class=\"wp-block-ws-library-ws-image is-style-simple\"><div class=\"wrapper\"><div class=\"group-media\"><img decoding=\"async\" src=\"https:\/\/www.hautes-alpes.net\/wp-content\/uploads\/2025\/11\/rd-technologies-veynes-2024-patrick-domeyne-addet05-13-1240x800.jpg\" alt=\"\" class=\"single_image ws-image-76612\"><div class=\"credits\">P.Domeyne - AD05<\/div><\/div><p class=\"caption\"><\/p><\/div><\/div>\n\n\n\n<h3 class=\"wp-block-heading is-style-title-2\"><em>INDUSTRIETerritori<\/em>industriali<\/h3>\n\n\n\n<div class=\"wp-block-buttons is-layout-flex wp-block-buttons-is-layout-flex\">\n<div class=\"wp-block-button\"><a class=\"wp-block-button__link wp-element-button\" href=\"https:\/\/www.hautes-alpes.net\/it\/settori-economici\/csr\/\" target=\"_blank\" rel=\"noreferrer noopener\">Vedi<\/a><\/div>\n<\/div>\n<\/div>\n\n\n\n<div class=\"wp-block-group has-global-padding is-layout-constrained wp-block-group-is-layout-constrained\">\n<div class=\"wp-block-ws-library-ws-image is-style-simple\"><div class=\"wrapper\"><div class=\"group-media\"><img decoding=\"async\" src=\"https:\/\/www.hautes-alpes.net\/wp-content\/uploads\/2025\/12\/cite-vauban-drone-serre-chevalier-briancon-7-1240x800.jpg\" alt=\"\" class=\"single_image ws-image-133118\"><div class=\"credits\">Ufficio del Turismo di Serre Chevalier<\/div><\/div><p class=\"caption\"><\/p><\/div><\/div>\n\n\n\n<h3 class=\"wp-block-heading is-style-title-2\"><em>CSR Responsabilit\u00e0 sociale<\/em>d&#8217;impresa<\/h3>\n\n\n\n<div class=\"wp-block-buttons is-layout-flex wp-block-buttons-is-layout-flex\">\n<div class=\"wp-block-button\"><a class=\"wp-block-button__link wp-element-button\" href=\"https:\/\/www.hautes-alpes.net\/it\/settori-economici\/pascoli-di-montagna-2\/\" target=\"_blank\" rel=\"noreferrer noopener\">Vedi<\/a><\/div>\n<\/div>\n<\/div>\n<\/div>\n\n<div style=\"height:50px\" aria-hidden=\"true\" class=\"wp-block-spacer\"><\/div>\n\n<div class=\"wp-block-group has-global-padding is-layout-constrained wp-block-group-is-layout-constrained\">\n<p>Hai bisogno di supporto?<\/p>\n\n\n\n<h2 class=\"wp-block-heading\">Il Dipartimento di Economia<br\/><strong>sostiene i tuoi progetti<\/strong><\/h2>\n\n\n\n<h4 class=\"wp-block-heading\">Fabien Harel<\/h4>\n\n\n\n<p>Responsabile Economia<\/p>\n\n\n\n<div class=\"wp-block-group has-global-padding is-layout-constrained wp-block-group-is-layout-constrained\">\n<p><a href=\"mailto:fabien.harel@hautes-alpes.net\">fabien.harel@hautes-alpes.net<\/a><\/p>\n\n\n\n<p><\/p>\n<\/div>\n<\/div>\n\n<div class=\"wp-block-ws-library-ws-share\"><span class=\"share-subtitle\">Ti \u00e8 piaciuta questa pagina?<\/span><span class=\"share-title\">Condividilo!<\/span><button class=\"ws-share-button wp-element-button\">Condividi questa pagina<\/button><\/div>\n","protected":false},"excerpt":{"rendered":"<p>Una regione pionieristica Grazie al fiume Durance e alla diga idroelettrica di Serre-Pon\u00e7on, le Hautes-Alpes sono una delle prime 5 [&hellip;]<\/p>\n","protected":false},"author":8,"featured_media":0,"parent":108784,"menu_order":0,"comment_status":"closed","ping_status":"closed","template":"","meta":{"is_dark_mode":false,"footnotes":""},"page_label":[],"class_list":["post-108710","page","type-page","status-publish","hentry"],"yoast_head":"<!-- This site is optimized with the Yoast SEO plugin v27.2 - https:\/\/yoast.com\/product\/yoast-seo-wordpress\/ -->\n<title>Energia rinnovabile - Hautes-Alpes<\/title>\n<meta name=\"description\" content=\"Energia rinnovabile Una regione pionieristica Grazie al fiume Durance e alla diga idroelettrica di Serre-Pon\u00e7on, le Hautes-Alpes sono una delle prime 5\" \/>\n<meta name=\"robots\" content=\"index, follow, max-snippet:-1, max-image-preview:large, max-video-preview:-1\" \/>\n<link rel=\"canonical\" href=\"https:\/\/www.hautes-alpes.net\/it\/settori-economici\/energia-rinnovabile\/\" \/>\n<meta property=\"og:locale\" content=\"it_IT\" \/>\n<meta property=\"og:type\" content=\"article\" \/>\n<meta property=\"og:title\" content=\"Energia rinnovabile - Hautes-Alpes\" \/>\n<meta property=\"og:description\" content=\"Energia rinnovabile Una regione pionieristica Grazie al fiume Durance e alla diga idroelettrica di Serre-Pon\u00e7on, le Hautes-Alpes sono una delle prime 5\" \/>\n<meta property=\"og:url\" content=\"https:\/\/www.hautes-alpes.net\/it\/settori-economici\/energia-rinnovabile\/\" \/>\n<meta property=\"og:site_name\" content=\"Hautes-Alpes\" \/>\n<meta property=\"article:modified_time\" content=\"2026-01-08T09:53:13+00:00\" \/>\n<meta property=\"og:image\" content=\"https:\/\/www.hautes-alpes.net\/wp-content\/uploads\/2025\/11\/barrage-serre-ponconbertrand-bodin-3-2000x1000.jpg\" \/>\n<meta name=\"twitter:card\" content=\"summary_large_image\" \/>\n<meta name=\"twitter:label1\" content=\"Tempo di lettura stimato\" \/>\n\t<meta name=\"twitter:data1\" content=\"2 minuti\" \/>\n<script type=\"application\/ld+json\" class=\"yoast-schema-graph\">{\"@context\":\"https:\/\/schema.org\",\"@graph\":[{\"@type\":\"WebPage\",\"@id\":\"https:\/\/www.hautes-alpes.net\/it\/settori-economici\/energia-rinnovabile\/\",\"url\":\"https:\/\/www.hautes-alpes.net\/it\/settori-economici\/energia-rinnovabile\/\",\"name\":\"Energia rinnovabile - Hautes-Alpes\",\"isPartOf\":{\"@id\":\"https:\/\/www.hautes-alpes.net\/it\/#website\"},\"primaryImageOfPage\":{\"@id\":\"https:\/\/www.hautes-alpes.net\/it\/settori-economici\/energia-rinnovabile\/#primaryimage\"},\"image\":{\"@id\":\"https:\/\/www.hautes-alpes.net\/it\/settori-economici\/energia-rinnovabile\/#primaryimage\"},\"thumbnailUrl\":\"https:\/\/www.hautes-alpes.net\/wp-content\/uploads\/2025\/11\/barrage-serre-ponconbertrand-bodin-3-2000x1000.jpg\",\"datePublished\":\"2025-11-21T07:39:04+00:00\",\"dateModified\":\"2026-01-08T09:53:13+00:00\",\"description\":\"Energia rinnovabile Una regione pionieristica Grazie al fiume Durance e alla diga idroelettrica di Serre-Pon\u00e7on, le Hautes-Alpes sono una delle prime 5\",\"breadcrumb\":{\"@id\":\"https:\/\/www.hautes-alpes.net\/it\/settori-economici\/energia-rinnovabile\/#breadcrumb\"},\"inLanguage\":\"it-IT\",\"potentialAction\":[{\"@type\":\"ReadAction\",\"target\":[\"https:\/\/www.hautes-alpes.net\/it\/settori-economici\/energia-rinnovabile\/\"]}]},{\"@type\":\"ImageObject\",\"inLanguage\":\"it-IT\",\"@id\":\"https:\/\/www.hautes-alpes.net\/it\/settori-economici\/energia-rinnovabile\/#primaryimage\",\"url\":\"https:\/\/www.hautes-alpes.net\/wp-content\/uploads\/2025\/11\/barrage-serre-ponconbertrand-bodin-3-2000x1000.jpg\",\"contentUrl\":\"https:\/\/www.hautes-alpes.net\/wp-content\/uploads\/2025\/11\/barrage-serre-ponconbertrand-bodin-3-2000x1000.jpg\"},{\"@type\":\"BreadcrumbList\",\"@id\":\"https:\/\/www.hautes-alpes.net\/it\/settori-economici\/energia-rinnovabile\/#breadcrumb\",\"itemListElement\":[{\"@type\":\"ListItem\",\"position\":1,\"name\":\"Home\",\"item\":\"https:\/\/www.hautes-alpes.net\/it\/hautes-alpes\/\"},{\"@type\":\"ListItem\",\"position\":2,\"name\":\"Settori economici\",\"item\":\"https:\/\/www.hautes-alpes.net\/it\/settori-economici\/\"},{\"@type\":\"ListItem\",\"position\":3,\"name\":\"Settori economici\",\"item\":\"https:\/\/www.hautes-alpes.net\/it\/settori-economici\/\"},{\"@type\":\"ListItem\",\"position\":4,\"name\":\"Energia rinnovabile\"}]},{\"@type\":\"WebSite\",\"@id\":\"https:\/\/www.hautes-alpes.net\/it\/#website\",\"url\":\"https:\/\/www.hautes-alpes.net\/it\/\",\"name\":\"ADDET\",\"description\":\"\",\"publisher\":{\"@id\":\"https:\/\/www.hautes-alpes.net\/it\/#organization\"},\"potentialAction\":[{\"@type\":\"SearchAction\",\"target\":{\"@type\":\"EntryPoint\",\"urlTemplate\":\"https:\/\/www.hautes-alpes.net\/it\/?s={search_term_string}\"},\"query-input\":{\"@type\":\"PropertyValueSpecification\",\"valueRequired\":true,\"valueName\":\"search_term_string\"}}],\"inLanguage\":\"it-IT\"},{\"@type\":\"Organization\",\"@id\":\"https:\/\/www.hautes-alpes.net\/it\/#organization\",\"name\":\"Agence D\u00e9partementale de D\u00e9veloppement Economique et Touristique des Hautes-Alpes\",\"url\":\"https:\/\/www.hautes-alpes.net\/it\/\",\"logo\":{\"@type\":\"ImageObject\",\"inLanguage\":\"it-IT\",\"@id\":\"https:\/\/www.hautes-alpes.net\/it\/#\/schema\/logo\/image\/\",\"url\":\"https:\/\/www.hautes-alpes.net\/wp-content\/uploads\/2026\/01\/black-logo-2.svg\",\"contentUrl\":\"https:\/\/www.hautes-alpes.net\/wp-content\/uploads\/2026\/01\/black-logo-2.svg\",\"caption\":\"Agence D\u00e9partementale de D\u00e9veloppement Economique et Touristique des Hautes-Alpes\"},\"image\":{\"@id\":\"https:\/\/www.hautes-alpes.net\/it\/#\/schema\/logo\/image\/\"}}]}<\/script>\n<!-- \/ Yoast SEO plugin. -->","yoast_head_json":{"title":"Energia rinnovabile - Hautes-Alpes","description":"Energia rinnovabile Una regione pionieristica Grazie al fiume Durance e alla diga idroelettrica di Serre-Pon\u00e7on, le Hautes-Alpes sono una delle prime 5","robots":{"index":"index","follow":"follow","max-snippet":"max-snippet:-1","max-image-preview":"max-image-preview:large","max-video-preview":"max-video-preview:-1"},"canonical":"https:\/\/www.hautes-alpes.net\/it\/settori-economici\/energia-rinnovabile\/","og_locale":"it_IT","og_type":"article","og_title":"Energia rinnovabile - Hautes-Alpes","og_description":"Energia rinnovabile Una regione pionieristica Grazie al fiume Durance e alla diga idroelettrica di Serre-Pon\u00e7on, le Hautes-Alpes sono una delle prime 5","og_url":"https:\/\/www.hautes-alpes.net\/it\/settori-economici\/energia-rinnovabile\/","og_site_name":"Hautes-Alpes","article_modified_time":"2026-01-08T09:53:13+00:00","og_image":[{"url":"https:\/\/www.hautes-alpes.net\/wp-content\/uploads\/2025\/11\/barrage-serre-ponconbertrand-bodin-3-2000x1000.jpg","type":"","width":"","height":""}],"twitter_card":"summary_large_image","twitter_misc":{"Tempo di lettura stimato":"2 minuti"},"schema":{"@context":"https:\/\/schema.org","@graph":[{"@type":"WebPage","@id":"https:\/\/www.hautes-alpes.net\/it\/settori-economici\/energia-rinnovabile\/","url":"https:\/\/www.hautes-alpes.net\/it\/settori-economici\/energia-rinnovabile\/","name":"Energia rinnovabile - Hautes-Alpes","isPartOf":{"@id":"https:\/\/www.hautes-alpes.net\/it\/#website"},"primaryImageOfPage":{"@id":"https:\/\/www.hautes-alpes.net\/it\/settori-economici\/energia-rinnovabile\/#primaryimage"},"image":{"@id":"https:\/\/www.hautes-alpes.net\/it\/settori-economici\/energia-rinnovabile\/#primaryimage"},"thumbnailUrl":"https:\/\/www.hautes-alpes.net\/wp-content\/uploads\/2025\/11\/barrage-serre-ponconbertrand-bodin-3-2000x1000.jpg","datePublished":"2025-11-21T07:39:04+00:00","dateModified":"2026-01-08T09:53:13+00:00","description":"Energia rinnovabile Una regione pionieristica Grazie al fiume Durance e alla diga idroelettrica di Serre-Pon\u00e7on, le Hautes-Alpes sono una delle prime 5","breadcrumb":{"@id":"https:\/\/www.hautes-alpes.net\/it\/settori-economici\/energia-rinnovabile\/#breadcrumb"},"inLanguage":"it-IT","potentialAction":[{"@type":"ReadAction","target":["https:\/\/www.hautes-alpes.net\/it\/settori-economici\/energia-rinnovabile\/"]}]},{"@type":"ImageObject","inLanguage":"it-IT","@id":"https:\/\/www.hautes-alpes.net\/it\/settori-economici\/energia-rinnovabile\/#primaryimage","url":"https:\/\/www.hautes-alpes.net\/wp-content\/uploads\/2025\/11\/barrage-serre-ponconbertrand-bodin-3-2000x1000.jpg","contentUrl":"https:\/\/www.hautes-alpes.net\/wp-content\/uploads\/2025\/11\/barrage-serre-ponconbertrand-bodin-3-2000x1000.jpg"},{"@type":"BreadcrumbList","@id":"https:\/\/www.hautes-alpes.net\/it\/settori-economici\/energia-rinnovabile\/#breadcrumb","itemListElement":[{"@type":"ListItem","position":1,"name":"Home","item":"https:\/\/www.hautes-alpes.net\/it\/hautes-alpes\/"},{"@type":"ListItem","position":2,"name":"Settori economici","item":"https:\/\/www.hautes-alpes.net\/it\/settori-economici\/"},{"@type":"ListItem","position":3,"name":"Settori economici","item":"https:\/\/www.hautes-alpes.net\/it\/settori-economici\/"},{"@type":"ListItem","position":4,"name":"Energia rinnovabile"}]},{"@type":"WebSite","@id":"https:\/\/www.hautes-alpes.net\/it\/#website","url":"https:\/\/www.hautes-alpes.net\/it\/","name":"ADDET","description":"","publisher":{"@id":"https:\/\/www.hautes-alpes.net\/it\/#organization"},"potentialAction":[{"@type":"SearchAction","target":{"@type":"EntryPoint","urlTemplate":"https:\/\/www.hautes-alpes.net\/it\/?s={search_term_string}"},"query-input":{"@type":"PropertyValueSpecification","valueRequired":true,"valueName":"search_term_string"}}],"inLanguage":"it-IT"},{"@type":"Organization","@id":"https:\/\/www.hautes-alpes.net\/it\/#organization","name":"Agence D\u00e9partementale de D\u00e9veloppement Economique et Touristique des Hautes-Alpes","url":"https:\/\/www.hautes-alpes.net\/it\/","logo":{"@type":"ImageObject","inLanguage":"it-IT","@id":"https:\/\/www.hautes-alpes.net\/it\/#\/schema\/logo\/image\/","url":"https:\/\/www.hautes-alpes.net\/wp-content\/uploads\/2026\/01\/black-logo-2.svg","contentUrl":"https:\/\/www.hautes-alpes.net\/wp-content\/uploads\/2026\/01\/black-logo-2.svg","caption":"Agence D\u00e9partementale de D\u00e9veloppement Economique et Touristique des Hautes-Alpes"},"image":{"@id":"https:\/\/www.hautes-alpes.net\/it\/#\/schema\/logo\/image\/"}}]}},"_links":{"self":[{"href":"https:\/\/www.hautes-alpes.net\/it\/wp-json\/wp\/v2\/pages\/108710","targetHints":{"allow":["GET"]}}],"collection":[{"href":"https:\/\/www.hautes-alpes.net\/it\/wp-json\/wp\/v2\/pages"}],"about":[{"href":"https:\/\/www.hautes-alpes.net\/it\/wp-json\/wp\/v2\/types\/page"}],"author":[{"embeddable":true,"href":"https:\/\/www.hautes-alpes.net\/it\/wp-json\/wp\/v2\/users\/8"}],"replies":[{"embeddable":true,"href":"https:\/\/www.hautes-alpes.net\/it\/wp-json\/wp\/v2\/comments?post=108710"}],"version-history":[{"count":10,"href":"https:\/\/www.hautes-alpes.net\/it\/wp-json\/wp\/v2\/pages\/108710\/revisions"}],"predecessor-version":[{"id":182840,"href":"https:\/\/www.hautes-alpes.net\/it\/wp-json\/wp\/v2\/pages\/108710\/revisions\/182840"}],"up":[{"embeddable":true,"href":"https:\/\/www.hautes-alpes.net\/it\/wp-json\/wp\/v2\/pages\/108784"}],"wp:attachment":[{"href":"https:\/\/www.hautes-alpes.net\/it\/wp-json\/wp\/v2\/media?parent=108710"}],"wp:term":[{"taxonomy":"page_label","embeddable":true,"href":"https:\/\/www.hautes-alpes.net\/it\/wp-json\/wp\/v2\/page_label?post=108710"}],"curies":[{"name":"wp","href":"https:\/\/api.w.org\/{rel}","templated":true}]}}