{"id":108065,"date":"2025-11-13T16:31:09","date_gmt":"2025-11-13T15:31:09","guid":{"rendered":"https:\/\/www.hautes-alpes.net\/pagina-di-inserimento\/"},"modified":"2025-12-12T11:37:31","modified_gmt":"2025-12-12T10:37:31","slug":"pagina-di-inserimento","status":"publish","type":"page","link":"https:\/\/www.hautes-alpes.net\/it\/pagina-di-inserimento\/","title":{"rendered":"Pagina di inserimento"},"content":{"rendered":"\n<div class=\"wp-block-group alignfull hero-banner-cover-wide has-global-padding is-layout-constrained wp-block-group-is-layout-constrained\"><div class=\"yoast-breadcrumbs\"><span><span><a href=\"https:\/\/www.hautes-alpes.net\/it\/hautes-alpes\/\">Accueil<\/a><\/span>  <span class=\"breadcrumb_last\" aria-current=\"page\">Pagina di inserimento<\/span><\/span><\/div>\n\n\n<h1 class=\"wp-block-ws-library-post-title\">Pagina di inserimento<\/h1>\n\n\n\n<div class=\"wp-block-ws-library-media-embed ws-media-embed\"><img decoding=\"async\" src=\"https:\/\/www.hautes-alpes.net\/wp-content\/uploads\/2025\/11\/b4e75d6edc834a4deb2f23f7e348a68b2232c996-2000x1000.jpg\" alt=\"\" class=\"ws-media-embed__image\" style=\"aspect-ratio:2000\/1000\"><\/div>\n\n\n\n<p class=\"subtitle\"><\/p>\n\n\n\n<p><\/p>\n<\/div>\n\n<h2 class=\"wp-block-heading\">Elenco delle notizie<\/h2>\n<div class=\"alignwide wp-block-ws-library-ws-list-content\"><div class=\"list-items\"><div class=\"item\" ><div class=\"card  post-type-actualite\"><div class=\"group-top\"><\/div><div class=\"group-top\"><div class=\"field-label\">Attualit\u00e0<\/div><\/div><div class=\"group-media\"><\/div><div class=\"group-content\"><div class=\"field-title\">Notizie | Aree sciistiche<\/div><div class=\"field-description\">Una serie di nuovi prodotti Quest&#8217;inverno, i resort della regione si muovono tutti nella stessa direzione: verso una montagna pi\u00f9 [&hellip;]<\/div><\/div><div class=\"field-link\"><a href=\"https:\/\/www.hautes-alpes.net\/it\/actualites\/147478\/\" class=\"cardlink\">Notizie | Aree sciistiche<\/a><\/div><\/div><\/div><div class=\"item\" ><div class=\"card  post-type-actualite\"><div class=\"group-top\"><\/div><div class=\"group-top\"><div class=\"field-label\">Attualit\u00e0<\/div><\/div><div class=\"group-media\"><\/div><div class=\"group-content\"><div class=\"field-title\">Notizie | Alloggi<\/div><div class=\"field-description\">Reinventare l&#8217;arte dell&#8217;ospitalit\u00e0 Anno dopo anno, le Hautes-Alpes hanno arricchito la loro offerta con una serie di nuove strutture ricettive [&hellip;]<\/div><\/div><div class=\"field-link\"><a href=\"https:\/\/www.hautes-alpes.net\/it\/actualites\/notizie-alloggi\/\" class=\"cardlink\">Notizie | Alloggi<\/a><\/div><\/div><\/div><div class=\"item\" ><div class=\"card  post-type-actualite\"><div class=\"group-top\"><\/div><div class=\"group-top\"><div class=\"field-label\">Attualit\u00e0<\/div><\/div><div class=\"group-media\"><\/div><div class=\"group-content\"><div class=\"field-title\">hautes-alpes.net<\/div><div class=\"field-description\">Molto pi\u00f9 di un sito web, un manifesto L&#8217;Agenzia di Sviluppo delle Hautes-Alpes lancia il suo nuovo portale digitale. Molto [&hellip;]<\/div><\/div><div class=\"field-link\"><a href=\"https:\/\/www.hautes-alpes.net\/it\/actualites\/hautes-alpes-net\/\" class=\"cardlink\">hautes-alpes.net<\/a><\/div><\/div><\/div><\/div><\/div>\n<h2 class=\"wp-block-heading\">Pagine di elenco<\/h2>\n<div class=\"alignwide wp-block-ws-library-ws-list-content\"><div class=\"list-items\"><div class=\"item\" ><div class=\"card  post-type-page\"><div class=\"group-top\"><\/div><div class=\"group-top\"><div class=\"field-label\">Pagina<\/div><\/div><div class=\"group-media\"><\/div><div class=\"group-content\"><div class=\"field-title\">Tour de France 2026<\/div><div class=\"field-description\">Ph\u00e9nom\u00e9n&#8217;Alpes Grande eventoHip, Hip, Hip Hautes-Alpes! \u00c8 ufficiale! Il Tour de France torner\u00e0 nelle Hautes-Alpes per 3 giorni per gli [&hellip;]<\/div><\/div><div class=\"field-link\"><a href=\"https:\/\/www.hautes-alpes.net\/it\/rally-di-monte-carlo\/\" class=\"cardlink\">Tour de France 2026<\/a><\/div><\/div><\/div><div class=\"item\" ><div class=\"card  post-type-page\"><div class=\"group-top\"><\/div><div class=\"group-top\"><div class=\"field-label\">Pagina<\/div><\/div><div class=\"group-media\"><\/div><div class=\"group-content\"><div class=\"field-title\">Festival Outdoormix<\/div><div class=\"field-description\">Grande eventoOutdoormixFestivall&#8217;evento imperdibile della scena outdoor Nelle Hautes-Alpes, quando le cime polverose flirtano con le prime avvisaglie dell&#8217;estate, c&#8217;\u00e8 un [&hellip;]<\/div><\/div><div class=\"field-link\"><a href=\"https:\/\/www.hautes-alpes.net\/it\/iconico\/tour-de-france-3\/\" class=\"cardlink\">Festival Outdoormix<\/a><\/div><\/div><\/div><div class=\"item\" ><div class=\"card  post-type-page\"><div class=\"group-top\"><\/div><div class=\"group-top\"><div class=\"field-label\">Pagina<\/div><\/div><div class=\"group-media\"><\/div><div class=\"group-content\"><div class=\"field-title\">Collari riservati<\/div><div class=\"field-description\">La montagna tutta per te L&#8217;operazione Cols r\u00e9serv\u00e9s invita gli appassionati di ciclismo e i dilettanti a vivere un&#8217;esperienza di [&hellip;]<\/div><\/div><div class=\"field-link\"><a href=\"https:\/\/www.hautes-alpes.net\/it\/collari-riservati\/\" class=\"cardlink\">Collari riservati<\/a><\/div><\/div><\/div><div class=\"item\" ><div class=\"card  post-type-page\"><div class=\"group-top\"><\/div><div class=\"group-top\"><div class=\"field-label\">Pagina<\/div><\/div><div class=\"group-media\"><\/div><div class=\"group-content\"><div class=\"field-title\">Prova WebSenso<\/div><div class=\"field-description\">Test Il tuo itinerario5tappe fondamentali lungo il fiume Durance Cinque giorni di ciclismo lungo la Durance, dalle vette di Brian\u00e7on [&hellip;]<\/div><\/div><div class=\"field-link\"><a href=\"https:\/\/www.hautes-alpes.net\/it\/prova-websenso\/\" class=\"cardlink\">Prova WebSenso<\/a><\/div><\/div><\/div><\/div><\/div>\n<h2 class=\"wp-block-heading\">Elenco APIDAE<\/h2>\n<div class=\"alignwide wp-block-ws-library-ws-list-apidae\"><div class=\"list-container\"><div class=\"list-items\"><div class=\"item\" ><div class=\"card card-apidae card-manual post-type-apidae\"><div class=\"group-top\"><\/div><div class=\"group-media\"><div class=\"field-image\"><img decoding=\"async\" src=\"https:\/\/images.weserv.nl\/?url=https:\/\/static.apidae-tourisme.com\/filestore\/objets-touristiques\/images\/19\/198\/23447059-diaporama.jpg&#038;w=550&#038;h=350&#038;fit=cover&#038;output=webp&#038;q=45\" alt=\"Appartement 2 pi\u00e8ces cabine 4 personnes Terrasses de la Bergerie B703\"\/><\/div><\/div><div class=\"group-content\"><div class=\"field-commune\">Orci\u00e8res<\/div><div class=\"field-title\">Appartement 2 pi\u00e8ces cabine 4 personnes Terrasses de la Bergerie B703<\/div><\/div><div class=\"field-link\"><a href=\"https:\/\/www.hautes-alpes.net\/it\/fiche\/appartement-2-pieces-cabine-4-personnes-terrasses-de-la-bergerie-b703-4\/\" class=\"cardlink\">Appartement 2 pi\u00e8ces cabine 4 personnes Terrasses de la Bergerie B703<\/a><\/div><\/div><\/div><div class=\"item\" ><div class=\"card card-apidae card-manual post-type-apidae\"><div class=\"group-top\"><\/div><div class=\"group-media\"><div class=\"field-image\"><img decoding=\"async\" src=\"https:\/\/images.weserv.nl\/?url=https:\/\/static.apidae-tourisme.com\/filestore\/objets-touristiques\/images\/45\/79\/26627885-diaporama.jpg&#038;w=550&#038;h=350&#038;fit=cover&#038;output=webp&#038;q=45\" alt=\"Studio cabine 4 personnes Eaux Claires n\u00b02\"\/><\/div><\/div><div class=\"group-content\"><div class=\"field-commune\">Orci\u00e8res<\/div><div class=\"field-title\">Studio cabine 4 personnes Eaux Claires n\u00b02<\/div><\/div><div class=\"field-link\"><a href=\"https:\/\/www.hautes-alpes.net\/it\/fiche\/studio-cabine-4-personnes-eaux-claires-n2-4\/\" class=\"cardlink\">Studio cabine 4 personnes Eaux Claires n\u00b02<\/a><\/div><\/div><\/div><div class=\"item\" ><div class=\"card card-apidae card-manual post-type-apidae\"><div class=\"group-top\"><\/div><div class=\"group-media\"><div class=\"field-image\"><img decoding=\"async\" src=\"https:\/\/images.weserv.nl\/?url=https:\/\/static.apidae-tourisme.com\/filestore\/objets-touristiques\/images\/109\/36\/4007021-diaporama.jpg&#038;w=550&#038;h=350&#038;fit=cover&#038;output=webp&#038;q=45\" alt=\"Campeggio le Courounba - Les Etapes Andr\u00e9 Trigano\"\/><\/div><\/div><div class=\"group-content\"><div class=\"field-commune\">Les Vigneaux<\/div><div class=\"field-title\">Campeggio le Courounba - Les Etapes Andr\u00e9 Trigano<\/div><div class=\"field-description\">Il Courounba \u00e8 situato nella localit\u00e0 cosiddetta Vigneaux, un paesino ubicato all\u2019ingresso della valle Vallouise. Campeggio adatto alle famiglie con ampi spazi ombreggiati, roulotte&#8230;<\/div><\/div><div class=\"field-link\"><a href=\"https:\/\/www.hautes-alpes.net\/it\/fiche\/campeggio-le-courounba\/\" class=\"cardlink\">Campeggio le Courounba - Les Etapes Andr\u00e9 Trigano<\/a><\/div><\/div><\/div><div class=\"item\" ><div class=\"card card-apidae card-manual post-type-apidae\"><div class=\"group-top\"><\/div><div class=\"group-media\"><div class=\"field-image\"><img decoding=\"async\" src=\"https:\/\/images.weserv.nl\/?url=https:\/\/static.apidae-tourisme.com\/filestore\/objets-touristiques\/images\/190\/204\/35769534-diaporama.jpg&#038;w=550&#038;h=350&#038;fit=cover&#038;output=webp&#038;q=45\" alt=\"Ristorante - Les Peupliers\"\/><\/div><\/div><div class=\"group-content\"><div class=\"field-commune\">Baratier<\/div><div class=\"field-title\">Ristorante - Les Peupliers<\/div><div class=\"field-description\">A pranzo o alla sera, davanti al camino o sotto il sole estivo, potrete gustare con calma un pasto gourmet a base di prodotti&#8230;<\/div><\/div><div class=\"field-link\"><a href=\"https:\/\/www.hautes-alpes.net\/it\/fiche\/restaurant-spa-les-peupliers-3\/\" class=\"cardlink\">Ristorante - Les Peupliers<\/a><\/div><\/div><\/div><div class=\"item\" ><div class=\"card card-apidae card-manual post-type-apidae\"><div class=\"group-top\"><\/div><div class=\"group-media\"><div class=\"field-image\"><img decoding=\"async\" src=\"https:\/\/images.weserv.nl\/?url=https:\/\/static.apidae-tourisme.com\/filestore\/objets-touristiques\/images\/158\/44\/4861086-diaporama.jpg&#038;w=550&#038;h=350&#038;fit=cover&#038;output=webp&#038;q=45\" alt=\"Albergo Les Sources\"\/><\/div><\/div><div class=\"group-content\"><div class=\"field-commune\">Savines-le-Lac<\/div><div class=\"field-title\">Albergo Les Sources<\/div><div class=\"field-description\">L&#8217;hotel \u00e8 immerso in un ambiente verde, tranquillo e rilassante. Alcune camere sono dotate di angolo cottura. Offriamo inoltre un garage per moto e&#8230;<\/div><\/div><div class=\"field-link\"><a href=\"https:\/\/www.hautes-alpes.net\/it\/fiche\/hotel-les-sources-4\/\" class=\"cardlink\">Albergo Les Sources<\/a><\/div><\/div><\/div><div class=\"item\" ><div class=\"card card-apidae card-manual post-type-apidae\"><div class=\"group-top\"><\/div><div class=\"group-media\"><div class=\"field-image\"><img decoding=\"async\" src=\"https:\/\/images.weserv.nl\/?url=https:\/\/static.apidae-tourisme.com\/filestore\/objets-touristiques\/images\/211\/161\/39035347-diaporama.jpg&#038;w=550&#038;h=350&#038;fit=cover&#038;output=webp&#038;q=45\" alt=\"Les Autanes\"\/><\/div><\/div><div class=\"group-content\"><div class=\"field-commune\">Ancelle<\/div><div class=\"field-title\">Les Autanes<\/div><\/div><div class=\"field-link\"><a href=\"https:\/\/www.hautes-alpes.net\/it\/fiche\/les-autanes-5\/\" class=\"cardlink\">Les Autanes<\/a><\/div><\/div><\/div><\/div><\/div><\/div>\n<div class=\"wp-block-ws-library-ws-share\"><span class=\"share-subtitle\">Ti \u00e8 piaciuta questa pagina?<\/span><span class=\"share-title\">Condividilo!<\/span><button class=\"ws-share-button wp-element-button\">Condividi questa pagina<\/button><\/div>\n","protected":false},"excerpt":{"rendered":"<p>Elenco delle notizie Pagine di elenco Elenco APIDAE<\/p>\n","protected":false},"author":1,"featured_media":0,"parent":0,"menu_order":0,"comment_status":"closed","ping_status":"closed","template":"","meta":{"is_dark_mode":false,"footnotes":""},"page_label":[],"class_list":["post-108065","page","type-page","status-publish","hentry"],"yoast_head":"<!-- This site is optimized with the Yoast SEO plugin v27.2 - https:\/\/yoast.com\/product\/yoast-seo-wordpress\/ -->\n<title>Pagina di inserimento - Hautes-Alpes<\/title>\n<meta name=\"description\" content=\"Pagina di inserimento Elenco delle notizie Pagine di elenco Elenco APIDAE Ti \u00e8 piaciuta questa pagina?Condividilo!Condividi questa\" \/>\n<meta name=\"robots\" content=\"index, follow, max-snippet:-1, max-image-preview:large, max-video-preview:-1\" \/>\n<link rel=\"canonical\" href=\"https:\/\/www.hautes-alpes.net\/it\/pagina-di-inserimento\/\" \/>\n<meta property=\"og:locale\" content=\"it_IT\" \/>\n<meta property=\"og:type\" content=\"article\" \/>\n<meta property=\"og:title\" content=\"Pagina di inserimento - Hautes-Alpes\" \/>\n<meta property=\"og:description\" content=\"Pagina di inserimento Elenco delle notizie Pagine di elenco Elenco APIDAE Ti \u00e8 piaciuta questa pagina?Condividilo!Condividi questa\" \/>\n<meta property=\"og:url\" content=\"https:\/\/www.hautes-alpes.net\/it\/pagina-di-inserimento\/\" \/>\n<meta property=\"og:site_name\" content=\"Hautes-Alpes\" \/>\n<meta property=\"article:modified_time\" content=\"2025-12-12T10:37:31+00:00\" \/>\n<meta property=\"og:image\" content=\"https:\/\/www.hautes-alpes.net\/wp-content\/uploads\/2025\/11\/b4e75d6edc834a4deb2f23f7e348a68b2232c996-2000x1000.jpg\" \/>\n<meta name=\"twitter:card\" content=\"summary_large_image\" \/>\n<script type=\"application\/ld+json\" class=\"yoast-schema-graph\">{\"@context\":\"https:\/\/schema.org\",\"@graph\":[{\"@type\":\"WebPage\",\"@id\":\"https:\/\/www.hautes-alpes.net\/it\/pagina-di-inserimento\/\",\"url\":\"https:\/\/www.hautes-alpes.net\/it\/pagina-di-inserimento\/\",\"name\":\"Pagina di inserimento - Hautes-Alpes\",\"isPartOf\":{\"@id\":\"https:\/\/www.hautes-alpes.net\/it\/#website\"},\"primaryImageOfPage\":{\"@id\":\"https:\/\/www.hautes-alpes.net\/it\/pagina-di-inserimento\/#primaryimage\"},\"image\":{\"@id\":\"https:\/\/www.hautes-alpes.net\/it\/pagina-di-inserimento\/#primaryimage\"},\"thumbnailUrl\":\"https:\/\/www.hautes-alpes.net\/wp-content\/uploads\/2025\/11\/b4e75d6edc834a4deb2f23f7e348a68b2232c996-2000x1000.jpg\",\"datePublished\":\"2025-11-13T15:31:09+00:00\",\"dateModified\":\"2025-12-12T10:37:31+00:00\",\"description\":\"Pagina di inserimento Elenco delle notizie Pagine di elenco Elenco APIDAE Ti \u00e8 piaciuta questa pagina?Condividilo!Condividi questa\",\"breadcrumb\":{\"@id\":\"https:\/\/www.hautes-alpes.net\/it\/pagina-di-inserimento\/#breadcrumb\"},\"inLanguage\":\"it-IT\",\"potentialAction\":[{\"@type\":\"ReadAction\",\"target\":[\"https:\/\/www.hautes-alpes.net\/it\/pagina-di-inserimento\/\"]}]},{\"@type\":\"ImageObject\",\"inLanguage\":\"it-IT\",\"@id\":\"https:\/\/www.hautes-alpes.net\/it\/pagina-di-inserimento\/#primaryimage\",\"url\":\"https:\/\/www.hautes-alpes.net\/wp-content\/uploads\/2025\/11\/b4e75d6edc834a4deb2f23f7e348a68b2232c996-2000x1000.jpg\",\"contentUrl\":\"https:\/\/www.hautes-alpes.net\/wp-content\/uploads\/2025\/11\/b4e75d6edc834a4deb2f23f7e348a68b2232c996-2000x1000.jpg\"},{\"@type\":\"BreadcrumbList\",\"@id\":\"https:\/\/www.hautes-alpes.net\/it\/pagina-di-inserimento\/#breadcrumb\",\"itemListElement\":[{\"@type\":\"ListItem\",\"position\":1,\"name\":\"Accueil\",\"item\":\"https:\/\/www.hautes-alpes.net\/it\/hautes-alpes\/\"},{\"@type\":\"ListItem\",\"position\":2,\"name\":\"Pagina di inserimento\"}]},{\"@type\":\"WebSite\",\"@id\":\"https:\/\/www.hautes-alpes.net\/it\/#website\",\"url\":\"https:\/\/www.hautes-alpes.net\/it\/\",\"name\":\"ADDET\",\"description\":\"\",\"publisher\":{\"@id\":\"https:\/\/www.hautes-alpes.net\/it\/#organization\"},\"potentialAction\":[{\"@type\":\"SearchAction\",\"target\":{\"@type\":\"EntryPoint\",\"urlTemplate\":\"https:\/\/www.hautes-alpes.net\/it\/?s={search_term_string}\"},\"query-input\":{\"@type\":\"PropertyValueSpecification\",\"valueRequired\":true,\"valueName\":\"search_term_string\"}}],\"inLanguage\":\"it-IT\"},{\"@type\":\"Organization\",\"@id\":\"https:\/\/www.hautes-alpes.net\/it\/#organization\",\"name\":\"Agence D\u00e9partementale de D\u00e9veloppement Economique et Touristique des Hautes-Alpes\",\"url\":\"https:\/\/www.hautes-alpes.net\/it\/\",\"logo\":{\"@type\":\"ImageObject\",\"inLanguage\":\"it-IT\",\"@id\":\"https:\/\/www.hautes-alpes.net\/it\/#\/schema\/logo\/image\/\",\"url\":\"https:\/\/www.hautes-alpes.net\/wp-content\/uploads\/2026\/01\/black-logo-2.svg\",\"contentUrl\":\"https:\/\/www.hautes-alpes.net\/wp-content\/uploads\/2026\/01\/black-logo-2.svg\",\"caption\":\"Agence D\u00e9partementale de D\u00e9veloppement Economique et Touristique des Hautes-Alpes\"},\"image\":{\"@id\":\"https:\/\/www.hautes-alpes.net\/it\/#\/schema\/logo\/image\/\"}}]}<\/script>\n<!-- \/ Yoast SEO plugin. -->","yoast_head_json":{"title":"Pagina di inserimento - Hautes-Alpes","description":"Pagina di inserimento Elenco delle notizie Pagine di elenco Elenco APIDAE Ti \u00e8 piaciuta questa pagina?Condividilo!Condividi questa","robots":{"index":"index","follow":"follow","max-snippet":"max-snippet:-1","max-image-preview":"max-image-preview:large","max-video-preview":"max-video-preview:-1"},"canonical":"https:\/\/www.hautes-alpes.net\/it\/pagina-di-inserimento\/","og_locale":"it_IT","og_type":"article","og_title":"Pagina di inserimento - Hautes-Alpes","og_description":"Pagina di inserimento Elenco delle notizie Pagine di elenco Elenco APIDAE Ti \u00e8 piaciuta questa pagina?Condividilo!Condividi questa","og_url":"https:\/\/www.hautes-alpes.net\/it\/pagina-di-inserimento\/","og_site_name":"Hautes-Alpes","article_modified_time":"2025-12-12T10:37:31+00:00","og_image":[{"url":"https:\/\/www.hautes-alpes.net\/wp-content\/uploads\/2025\/11\/b4e75d6edc834a4deb2f23f7e348a68b2232c996-2000x1000.jpg","type":"","width":"","height":""}],"twitter_card":"summary_large_image","schema":{"@context":"https:\/\/schema.org","@graph":[{"@type":"WebPage","@id":"https:\/\/www.hautes-alpes.net\/it\/pagina-di-inserimento\/","url":"https:\/\/www.hautes-alpes.net\/it\/pagina-di-inserimento\/","name":"Pagina di inserimento - Hautes-Alpes","isPartOf":{"@id":"https:\/\/www.hautes-alpes.net\/it\/#website"},"primaryImageOfPage":{"@id":"https:\/\/www.hautes-alpes.net\/it\/pagina-di-inserimento\/#primaryimage"},"image":{"@id":"https:\/\/www.hautes-alpes.net\/it\/pagina-di-inserimento\/#primaryimage"},"thumbnailUrl":"https:\/\/www.hautes-alpes.net\/wp-content\/uploads\/2025\/11\/b4e75d6edc834a4deb2f23f7e348a68b2232c996-2000x1000.jpg","datePublished":"2025-11-13T15:31:09+00:00","dateModified":"2025-12-12T10:37:31+00:00","description":"Pagina di inserimento Elenco delle notizie Pagine di elenco Elenco APIDAE Ti \u00e8 piaciuta questa pagina?Condividilo!Condividi questa","breadcrumb":{"@id":"https:\/\/www.hautes-alpes.net\/it\/pagina-di-inserimento\/#breadcrumb"},"inLanguage":"it-IT","potentialAction":[{"@type":"ReadAction","target":["https:\/\/www.hautes-alpes.net\/it\/pagina-di-inserimento\/"]}]},{"@type":"ImageObject","inLanguage":"it-IT","@id":"https:\/\/www.hautes-alpes.net\/it\/pagina-di-inserimento\/#primaryimage","url":"https:\/\/www.hautes-alpes.net\/wp-content\/uploads\/2025\/11\/b4e75d6edc834a4deb2f23f7e348a68b2232c996-2000x1000.jpg","contentUrl":"https:\/\/www.hautes-alpes.net\/wp-content\/uploads\/2025\/11\/b4e75d6edc834a4deb2f23f7e348a68b2232c996-2000x1000.jpg"},{"@type":"BreadcrumbList","@id":"https:\/\/www.hautes-alpes.net\/it\/pagina-di-inserimento\/#breadcrumb","itemListElement":[{"@type":"ListItem","position":1,"name":"Accueil","item":"https:\/\/www.hautes-alpes.net\/it\/hautes-alpes\/"},{"@type":"ListItem","position":2,"name":"Pagina di inserimento"}]},{"@type":"WebSite","@id":"https:\/\/www.hautes-alpes.net\/it\/#website","url":"https:\/\/www.hautes-alpes.net\/it\/","name":"ADDET","description":"","publisher":{"@id":"https:\/\/www.hautes-alpes.net\/it\/#organization"},"potentialAction":[{"@type":"SearchAction","target":{"@type":"EntryPoint","urlTemplate":"https:\/\/www.hautes-alpes.net\/it\/?s={search_term_string}"},"query-input":{"@type":"PropertyValueSpecification","valueRequired":true,"valueName":"search_term_string"}}],"inLanguage":"it-IT"},{"@type":"Organization","@id":"https:\/\/www.hautes-alpes.net\/it\/#organization","name":"Agence D\u00e9partementale de D\u00e9veloppement Economique et Touristique des Hautes-Alpes","url":"https:\/\/www.hautes-alpes.net\/it\/","logo":{"@type":"ImageObject","inLanguage":"it-IT","@id":"https:\/\/www.hautes-alpes.net\/it\/#\/schema\/logo\/image\/","url":"https:\/\/www.hautes-alpes.net\/wp-content\/uploads\/2026\/01\/black-logo-2.svg","contentUrl":"https:\/\/www.hautes-alpes.net\/wp-content\/uploads\/2026\/01\/black-logo-2.svg","caption":"Agence D\u00e9partementale de D\u00e9veloppement Economique et Touristique des Hautes-Alpes"},"image":{"@id":"https:\/\/www.hautes-alpes.net\/it\/#\/schema\/logo\/image\/"}}]}},"_links":{"self":[{"href":"https:\/\/www.hautes-alpes.net\/it\/wp-json\/wp\/v2\/pages\/108065","targetHints":{"allow":["GET"]}}],"collection":[{"href":"https:\/\/www.hautes-alpes.net\/it\/wp-json\/wp\/v2\/pages"}],"about":[{"href":"https:\/\/www.hautes-alpes.net\/it\/wp-json\/wp\/v2\/types\/page"}],"author":[{"embeddable":true,"href":"https:\/\/www.hautes-alpes.net\/it\/wp-json\/wp\/v2\/users\/1"}],"replies":[{"embeddable":true,"href":"https:\/\/www.hautes-alpes.net\/it\/wp-json\/wp\/v2\/comments?post=108065"}],"version-history":[{"count":1,"href":"https:\/\/www.hautes-alpes.net\/it\/wp-json\/wp\/v2\/pages\/108065\/revisions"}],"predecessor-version":[{"id":108068,"href":"https:\/\/www.hautes-alpes.net\/it\/wp-json\/wp\/v2\/pages\/108065\/revisions\/108068"}],"wp:attachment":[{"href":"https:\/\/www.hautes-alpes.net\/it\/wp-json\/wp\/v2\/media?parent=108065"}],"wp:term":[{"taxonomy":"page_label","embeddable":true,"href":"https:\/\/www.hautes-alpes.net\/it\/wp-json\/wp\/v2\/page_label?post=108065"}],"curies":[{"name":"wp","href":"https:\/\/api.w.org\/{rel}","templated":true}]}}