{"id":106715,"date":"2025-11-26T08:16:45","date_gmt":"2025-11-26T07:16:45","guid":{"rendered":"https:\/\/www.hautes-alpes.net\/il-grande-tavolo\/"},"modified":"2025-12-18T17:14:04","modified_gmt":"2025-12-18T16:14:04","slug":"il-grande-tavolo","status":"publish","type":"page","link":"https:\/\/www.hautes-alpes.net\/it\/iconico\/il-grande-tavolo\/","title":{"rendered":"Il grande tavolo"},"content":{"rendered":"\n<div class=\"wp-block-group alignfull hero-banner-simple has-global-padding is-layout-constrained wp-block-group-is-layout-constrained\"><div class=\"yoast-breadcrumbs\"><span><span><a href=\"https:\/\/www.hautes-alpes.net\/it\/hautes-alpes\/\">Home<\/a><\/span>  <span><a href=\"https:\/\/www.hautes-alpes.net\/it\/iconico\/\">Iconico<\/a><\/span>  <span><a href=\"https:\/\/www.hautes-alpes.net\/it\/iconico\/\">Iconico<\/a><\/span>  <span class=\"breadcrumb_last\" aria-current=\"page\">Il grande tavolo<\/span><\/span><\/div>\n\n\n<h1 class=\"wp-block-ws-library-post-title\">Il grande tavolo<\/h1>\n\n\n\n<p class=\"subtitle\"><\/p>\n\n\n\n<p class=\"has-text-align-center\">Una gustosa passeggiata attraverso le diverse regioni delle Hautes-Alpes. Di tavolo in tavolo, passiamo da<strong>Agneau de <\/strong><a href=\"https:\/\/www.hautes-alpes.net\/it\/destinazioni-hautes-alpes\/buech\/\"><strong>Sisteron<\/strong> <\/a><strong>Bleu du <a href=\"https:\/\/www.hautes-alpes.net\/it\/destinazioni-hautes-alpes\/guillestrois-queyras\/\">Queyras<\/a><\/strong>, <strong>mele dell&#8217;Haute-Durance<\/strong> e <strong>tourtons di <a href=\"https:\/\/www.hautes-alpes.net\/it\/destinazioni-hautes-alpes\/champsaur-valgaudemar\/\">Champsaur<\/a><\/strong>. Una tavolozza colorata di sapori e odori.<br\/><\/p>\n<\/div>\n\n<div class=\"wp-block-ws-library-ws-image is-style-simple\"><div class=\"wrapper\"><div class=\"group-media\"><img decoding=\"async\" src=\"https:\/\/www.hautes-alpes.net\/wp-content\/uploads\/2025\/12\/7b3a1626-996x640.jpg\" alt=\"\" class=\"single_image ws-image-92005\"><div class=\"credits\">P. Domeyne - AD05<\/div><\/div><p class=\"caption\"><\/p><\/div><\/div>\n\n<h3 class=\"wp-block-heading is-style-title-1\">Sapori <strong>di migliaia di anni fa<\/strong><\/h3>\n\n<p>Nelle Hautes-Alpes, ogni valle ha il suo sapore, ogni alpeggio la sua memoria. La tavola racconta una storia antica, quella dei pastori, dei contadini e delle famiglie che traevano dalle montagne un cibo semplice e generoso. Queste ricette tramandate, a volte reinventate, sono frammenti di un patrimonio immateriale vivo.  <\/p>\n\n<h3 class=\"wp-block-heading is-style-title-1\">Le montagne <strong>nel piatto<\/strong><\/h3>\n\n<p>Il <a href=\"https:\/\/www.hautes-alpes.net\/it\/esperienze-hautes-alpes\/prodotti-locali-e-gastronomia\/\">terroir dell&#8217;Haut-Alpin<\/a> \u00e8 un mosaico modellato dall&#8217;altitudine e dalle stagioni. Formaggi stagionati all&#8217;aria frizzante come il Bleu du Queyras, frutti luminosi come la mela Golden delle Alpi di Haute-Durance, agnelli allevati nei pascoli o vini di collina soleggiati ottenuti da vitigni endemici come il Mollard: ogni prodotto \u00e8 l&#8217;espressione di un paesaggio.<\/p>\n\n<div class=\"wp-block-ws-library-ws-columns has-2-columns are-vertically-aligned-center layout-6535\">\n<div class=\"wp-block-ws-library-ws-column\"><div class=\"wrapper\">\n<div class=\"wp-block-ws-library-ws-image is-style-simple\"><div class=\"wrapper\"><div class=\"group-media\"><img decoding=\"async\" src=\"https:\/\/www.hautes-alpes.net\/wp-content\/uploads\/2025\/12\/genepi-960x640.jpg\" alt=\"\" class=\"single_image ws-image-92007\"><div class=\"credits\">P. Domeyne - AD05<\/div><\/div><p class=\"caption\"><\/p><\/div><\/div>\n<\/div><\/div>\n\n\n\n<div class=\"wp-block-ws-library-ws-column\"><div class=\"wrapper\">\n<div class=\"wp-block-ws-library-ws-image\"><div class=\"wrapper\"><div class=\"group-media\"><img decoding=\"async\" src=\"https:\/\/www.hautes-alpes.net\/wp-content\/uploads\/2025\/12\/format-storie-cuisine-rogier-van-rijn-1-427x640.jpg\" alt=\"\" class=\"single_image ws-image-92008\"><div class=\"credits\">R. VanRijn<\/div><\/div><p class=\"caption\"><\/p><\/div><\/div>\n<\/div><\/div>\n<\/div>\n\n<h3 class=\"wp-block-heading is-style-title-1\">Gesti <strong>ancestrali<\/strong><\/h3>\n\n<p>Salumi, agnello Sisteron, tisane, pasta fatta in casa, pane a lievitazione naturale e birre particolari: dietro ogni prodotto si nascondono tecniche precise ereditate da secoli di know-how. Questi artigiani del gusto perpetuano una tradizione, adattandola alle esigenze di oggi. Nei loro laboratori e nelle loro fattorie, il tempo si misura in stagioni e non in secondi.  <\/p>\n\n<div class=\"wp-block-ws-library-ws-columns has-2-columns are-vertically-aligned-center layout-5050\">\n<div class=\"wp-block-ws-library-ws-column\"><div class=\"wrapper\">\n<h3 class=\"wp-block-heading is-style-title-1\">Condivisione <strong>e convivialit\u00e0<\/strong><\/h3>\n\n\n\n<p>Accanto al camino, sulla terrazza di un rifugio o al grande tavolo di una locanda, la gastronomia alpina \u00e8 all&#8217;insegna della convivialit\u00e0. Tourtons, gratins, ravioles e oreilles d&#8217;\u00e2ne (orecchie d&#8217;asino) non si mangiano mai da soli: sono fatti per essere condivisi e portati insieme. La cucina altoalpina \u00e8 un invito a vivere insieme, a godere della semplicit\u00e0 dei piaceri condivisi.  <\/p>\n<\/div><\/div>\n\n\n\n<div class=\"wp-block-ws-library-ws-column\"><div class=\"wrapper\">\n<div class=\"wp-block-ws-library-ws-image\"><div class=\"wrapper\"><div class=\"group-media\"><img decoding=\"async\" src=\"https:\/\/www.hautes-alpes.net\/wp-content\/uploads\/2025\/12\/refuge-du-clot-des-vaches-gontran-isnard-addet-05-42-1240x800.jpg\" alt=\"\" class=\"single_image ws-image-101468\"><div class=\"credits\">G. Isnard<\/div><\/div><p class=\"caption\"><\/p><\/div><\/div>\n<\/div><\/div>\n<\/div>\n\n<h3 class=\"wp-block-heading is-style-title-1\">Patrimonio <strong>e rinnovamento<\/strong><\/h3>\n\n<p>Essere <a href=\"https:\/\/www.hautes-alpes.net\/it\/settori-economici\/agricoltura\/\">il principale dipartimento biologico francese<\/a> non \u00e8 una coincidenza. Qui coltiviamo il futuro con la stessa cura con cui rispettiamo la tradizione. Etichette, canali di distribuzione brevi e innovazioni agricole sono la continuazione di un&#8217;eredit\u00e0 millenaria, senza snaturarla. In questo modo, la grande tavola delle Hautes-Alpes rimane fedele alle sue radici, pur abbracciando il mondo di oggi.<\/p>\n\n<div class=\"wp-block-ws-library-ws-image is-style-simple\"><div class=\"wrapper\"><div class=\"group-media\"><img decoding=\"async\" src=\"https:\/\/www.hautes-alpes.net\/wp-content\/uploads\/2025\/11\/villar-d-arene-paul-brechu-46-1240x800.jpg\" alt=\"\" class=\"single_image ws-image-78633\"><div class=\"credits\">P. Brechu<\/div><\/div><p class=\"caption\"><\/p><\/div><\/div>\n\n<div class=\"wp-block-ws-library-ws-share\"><span class=\"share-subtitle\">Ti \u00e8 piaciuta questa pagina?<\/span><span class=\"share-title\">Condividilo!<\/span><button class=\"ws-share-button wp-element-button\">Condividi questa pagina<\/button><\/div>\n","protected":false},"excerpt":{"rendered":"<p>Una gustosa passeggiata attraverso le diverse regioni delle Hautes-Alpes. Di tavolo in tavolo, passiamo daAgneau de Sisteron Bleu du Queyras, [&hellip;]<\/p>\n","protected":false},"author":6,"featured_media":0,"parent":107972,"menu_order":0,"comment_status":"closed","ping_status":"closed","template":"","meta":{"is_dark_mode":false,"footnotes":""},"page_label":[],"class_list":["post-106715","page","type-page","status-publish","hentry"],"yoast_head":"<!-- This site is optimized with the Yoast SEO plugin v27.2 - https:\/\/yoast.com\/product\/yoast-seo-wordpress\/ -->\n<title>Il grande tavolo - Hautes-Alpes<\/title>\n<meta name=\"description\" content=\"Il grande tavolo Una gustosa passeggiata attraverso le diverse regioni delle Hautes-Alpes. Di tavolo in tavolo, passiamo daAgneau de Sisteron Bleu du\" \/>\n<meta name=\"robots\" content=\"index, follow, max-snippet:-1, max-image-preview:large, max-video-preview:-1\" \/>\n<link rel=\"canonical\" href=\"https:\/\/www.hautes-alpes.net\/it\/iconico\/il-grande-tavolo\/\" \/>\n<meta property=\"og:locale\" content=\"it_IT\" \/>\n<meta property=\"og:type\" content=\"article\" \/>\n<meta property=\"og:title\" content=\"Il grande tavolo - Hautes-Alpes\" \/>\n<meta property=\"og:description\" content=\"Il grande tavolo Una gustosa passeggiata attraverso le diverse regioni delle Hautes-Alpes. Di tavolo in tavolo, passiamo daAgneau de Sisteron Bleu du\" \/>\n<meta property=\"og:url\" content=\"https:\/\/www.hautes-alpes.net\/it\/iconico\/il-grande-tavolo\/\" \/>\n<meta property=\"og:site_name\" content=\"Hautes-Alpes\" \/>\n<meta property=\"article:modified_time\" content=\"2025-12-18T16:14:04+00:00\" \/>\n<meta property=\"og:image\" content=\"https:\/\/www.hautes-alpes.net\/wp-content\/uploads\/2025\/12\/7b3a1626-996x640.jpg\" \/>\n<meta name=\"twitter:card\" content=\"summary_large_image\" \/>\n<meta name=\"twitter:label1\" content=\"Tempo di lettura stimato\" \/>\n\t<meta name=\"twitter:data1\" content=\"2 minuti\" \/>\n<script type=\"application\/ld+json\" class=\"yoast-schema-graph\">{\"@context\":\"https:\/\/schema.org\",\"@graph\":[{\"@type\":\"WebPage\",\"@id\":\"https:\/\/www.hautes-alpes.net\/it\/iconico\/il-grande-tavolo\/\",\"url\":\"https:\/\/www.hautes-alpes.net\/it\/iconico\/il-grande-tavolo\/\",\"name\":\"Il grande tavolo - Hautes-Alpes\",\"isPartOf\":{\"@id\":\"https:\/\/www.hautes-alpes.net\/it\/#website\"},\"primaryImageOfPage\":{\"@id\":\"https:\/\/www.hautes-alpes.net\/it\/iconico\/il-grande-tavolo\/#primaryimage\"},\"image\":{\"@id\":\"https:\/\/www.hautes-alpes.net\/it\/iconico\/il-grande-tavolo\/#primaryimage\"},\"thumbnailUrl\":\"https:\/\/www.hautes-alpes.net\/wp-content\/uploads\/2025\/12\/7b3a1626-996x640.jpg\",\"datePublished\":\"2025-11-26T07:16:45+00:00\",\"dateModified\":\"2025-12-18T16:14:04+00:00\",\"description\":\"Il grande tavolo Una gustosa passeggiata attraverso le diverse regioni delle Hautes-Alpes. Di tavolo in tavolo, passiamo daAgneau de Sisteron Bleu du\",\"breadcrumb\":{\"@id\":\"https:\/\/www.hautes-alpes.net\/it\/iconico\/il-grande-tavolo\/#breadcrumb\"},\"inLanguage\":\"it-IT\",\"potentialAction\":[{\"@type\":\"ReadAction\",\"target\":[\"https:\/\/www.hautes-alpes.net\/it\/iconico\/il-grande-tavolo\/\"]}]},{\"@type\":\"ImageObject\",\"inLanguage\":\"it-IT\",\"@id\":\"https:\/\/www.hautes-alpes.net\/it\/iconico\/il-grande-tavolo\/#primaryimage\",\"url\":\"https:\/\/www.hautes-alpes.net\/wp-content\/uploads\/2025\/12\/7b3a1626-996x640.jpg\",\"contentUrl\":\"https:\/\/www.hautes-alpes.net\/wp-content\/uploads\/2025\/12\/7b3a1626-996x640.jpg\"},{\"@type\":\"BreadcrumbList\",\"@id\":\"https:\/\/www.hautes-alpes.net\/it\/iconico\/il-grande-tavolo\/#breadcrumb\",\"itemListElement\":[{\"@type\":\"ListItem\",\"position\":1,\"name\":\"Home\",\"item\":\"https:\/\/www.hautes-alpes.net\/it\/hautes-alpes\/\"},{\"@type\":\"ListItem\",\"position\":2,\"name\":\"Iconico\",\"item\":\"https:\/\/www.hautes-alpes.net\/it\/iconico\/\"},{\"@type\":\"ListItem\",\"position\":3,\"name\":\"Iconico\",\"item\":\"https:\/\/www.hautes-alpes.net\/it\/iconico\/\"},{\"@type\":\"ListItem\",\"position\":4,\"name\":\"Il grande tavolo\"}]},{\"@type\":\"WebSite\",\"@id\":\"https:\/\/www.hautes-alpes.net\/it\/#website\",\"url\":\"https:\/\/www.hautes-alpes.net\/it\/\",\"name\":\"ADDET\",\"description\":\"\",\"publisher\":{\"@id\":\"https:\/\/www.hautes-alpes.net\/it\/#organization\"},\"potentialAction\":[{\"@type\":\"SearchAction\",\"target\":{\"@type\":\"EntryPoint\",\"urlTemplate\":\"https:\/\/www.hautes-alpes.net\/it\/?s={search_term_string}\"},\"query-input\":{\"@type\":\"PropertyValueSpecification\",\"valueRequired\":true,\"valueName\":\"search_term_string\"}}],\"inLanguage\":\"it-IT\"},{\"@type\":\"Organization\",\"@id\":\"https:\/\/www.hautes-alpes.net\/it\/#organization\",\"name\":\"Agence D\u00e9partementale de D\u00e9veloppement Economique et Touristique des Hautes-Alpes\",\"url\":\"https:\/\/www.hautes-alpes.net\/it\/\",\"logo\":{\"@type\":\"ImageObject\",\"inLanguage\":\"it-IT\",\"@id\":\"https:\/\/www.hautes-alpes.net\/it\/#\/schema\/logo\/image\/\",\"url\":\"https:\/\/www.hautes-alpes.net\/wp-content\/uploads\/2026\/01\/black-logo-2.svg\",\"contentUrl\":\"https:\/\/www.hautes-alpes.net\/wp-content\/uploads\/2026\/01\/black-logo-2.svg\",\"caption\":\"Agence D\u00e9partementale de D\u00e9veloppement Economique et Touristique des Hautes-Alpes\"},\"image\":{\"@id\":\"https:\/\/www.hautes-alpes.net\/it\/#\/schema\/logo\/image\/\"}}]}<\/script>\n<!-- \/ Yoast SEO plugin. -->","yoast_head_json":{"title":"Il grande tavolo - Hautes-Alpes","description":"Il grande tavolo Una gustosa passeggiata attraverso le diverse regioni delle Hautes-Alpes. Di tavolo in tavolo, passiamo daAgneau de Sisteron Bleu du","robots":{"index":"index","follow":"follow","max-snippet":"max-snippet:-1","max-image-preview":"max-image-preview:large","max-video-preview":"max-video-preview:-1"},"canonical":"https:\/\/www.hautes-alpes.net\/it\/iconico\/il-grande-tavolo\/","og_locale":"it_IT","og_type":"article","og_title":"Il grande tavolo - Hautes-Alpes","og_description":"Il grande tavolo Una gustosa passeggiata attraverso le diverse regioni delle Hautes-Alpes. Di tavolo in tavolo, passiamo daAgneau de Sisteron Bleu du","og_url":"https:\/\/www.hautes-alpes.net\/it\/iconico\/il-grande-tavolo\/","og_site_name":"Hautes-Alpes","article_modified_time":"2025-12-18T16:14:04+00:00","og_image":[{"url":"https:\/\/www.hautes-alpes.net\/wp-content\/uploads\/2025\/12\/7b3a1626-996x640.jpg","type":"","width":"","height":""}],"twitter_card":"summary_large_image","twitter_misc":{"Tempo di lettura stimato":"2 minuti"},"schema":{"@context":"https:\/\/schema.org","@graph":[{"@type":"WebPage","@id":"https:\/\/www.hautes-alpes.net\/it\/iconico\/il-grande-tavolo\/","url":"https:\/\/www.hautes-alpes.net\/it\/iconico\/il-grande-tavolo\/","name":"Il grande tavolo - Hautes-Alpes","isPartOf":{"@id":"https:\/\/www.hautes-alpes.net\/it\/#website"},"primaryImageOfPage":{"@id":"https:\/\/www.hautes-alpes.net\/it\/iconico\/il-grande-tavolo\/#primaryimage"},"image":{"@id":"https:\/\/www.hautes-alpes.net\/it\/iconico\/il-grande-tavolo\/#primaryimage"},"thumbnailUrl":"https:\/\/www.hautes-alpes.net\/wp-content\/uploads\/2025\/12\/7b3a1626-996x640.jpg","datePublished":"2025-11-26T07:16:45+00:00","dateModified":"2025-12-18T16:14:04+00:00","description":"Il grande tavolo Una gustosa passeggiata attraverso le diverse regioni delle Hautes-Alpes. Di tavolo in tavolo, passiamo daAgneau de Sisteron Bleu du","breadcrumb":{"@id":"https:\/\/www.hautes-alpes.net\/it\/iconico\/il-grande-tavolo\/#breadcrumb"},"inLanguage":"it-IT","potentialAction":[{"@type":"ReadAction","target":["https:\/\/www.hautes-alpes.net\/it\/iconico\/il-grande-tavolo\/"]}]},{"@type":"ImageObject","inLanguage":"it-IT","@id":"https:\/\/www.hautes-alpes.net\/it\/iconico\/il-grande-tavolo\/#primaryimage","url":"https:\/\/www.hautes-alpes.net\/wp-content\/uploads\/2025\/12\/7b3a1626-996x640.jpg","contentUrl":"https:\/\/www.hautes-alpes.net\/wp-content\/uploads\/2025\/12\/7b3a1626-996x640.jpg"},{"@type":"BreadcrumbList","@id":"https:\/\/www.hautes-alpes.net\/it\/iconico\/il-grande-tavolo\/#breadcrumb","itemListElement":[{"@type":"ListItem","position":1,"name":"Home","item":"https:\/\/www.hautes-alpes.net\/it\/hautes-alpes\/"},{"@type":"ListItem","position":2,"name":"Iconico","item":"https:\/\/www.hautes-alpes.net\/it\/iconico\/"},{"@type":"ListItem","position":3,"name":"Iconico","item":"https:\/\/www.hautes-alpes.net\/it\/iconico\/"},{"@type":"ListItem","position":4,"name":"Il grande tavolo"}]},{"@type":"WebSite","@id":"https:\/\/www.hautes-alpes.net\/it\/#website","url":"https:\/\/www.hautes-alpes.net\/it\/","name":"ADDET","description":"","publisher":{"@id":"https:\/\/www.hautes-alpes.net\/it\/#organization"},"potentialAction":[{"@type":"SearchAction","target":{"@type":"EntryPoint","urlTemplate":"https:\/\/www.hautes-alpes.net\/it\/?s={search_term_string}"},"query-input":{"@type":"PropertyValueSpecification","valueRequired":true,"valueName":"search_term_string"}}],"inLanguage":"it-IT"},{"@type":"Organization","@id":"https:\/\/www.hautes-alpes.net\/it\/#organization","name":"Agence D\u00e9partementale de D\u00e9veloppement Economique et Touristique des Hautes-Alpes","url":"https:\/\/www.hautes-alpes.net\/it\/","logo":{"@type":"ImageObject","inLanguage":"it-IT","@id":"https:\/\/www.hautes-alpes.net\/it\/#\/schema\/logo\/image\/","url":"https:\/\/www.hautes-alpes.net\/wp-content\/uploads\/2026\/01\/black-logo-2.svg","contentUrl":"https:\/\/www.hautes-alpes.net\/wp-content\/uploads\/2026\/01\/black-logo-2.svg","caption":"Agence D\u00e9partementale de D\u00e9veloppement Economique et Touristique des Hautes-Alpes"},"image":{"@id":"https:\/\/www.hautes-alpes.net\/it\/#\/schema\/logo\/image\/"}}]}},"_links":{"self":[{"href":"https:\/\/www.hautes-alpes.net\/it\/wp-json\/wp\/v2\/pages\/106715","targetHints":{"allow":["GET"]}}],"collection":[{"href":"https:\/\/www.hautes-alpes.net\/it\/wp-json\/wp\/v2\/pages"}],"about":[{"href":"https:\/\/www.hautes-alpes.net\/it\/wp-json\/wp\/v2\/types\/page"}],"author":[{"embeddable":true,"href":"https:\/\/www.hautes-alpes.net\/it\/wp-json\/wp\/v2\/users\/6"}],"replies":[{"embeddable":true,"href":"https:\/\/www.hautes-alpes.net\/it\/wp-json\/wp\/v2\/comments?post=106715"}],"version-history":[{"count":3,"href":"https:\/\/www.hautes-alpes.net\/it\/wp-json\/wp\/v2\/pages\/106715\/revisions"}],"predecessor-version":[{"id":123017,"href":"https:\/\/www.hautes-alpes.net\/it\/wp-json\/wp\/v2\/pages\/106715\/revisions\/123017"}],"up":[{"embeddable":true,"href":"https:\/\/www.hautes-alpes.net\/it\/wp-json\/wp\/v2\/pages\/107972"}],"wp:attachment":[{"href":"https:\/\/www.hautes-alpes.net\/it\/wp-json\/wp\/v2\/media?parent=106715"}],"wp:term":[{"taxonomy":"page_label","embeddable":true,"href":"https:\/\/www.hautes-alpes.net\/it\/wp-json\/wp\/v2\/page_label?post=106715"}],"curies":[{"name":"wp","href":"https:\/\/api.w.org\/{rel}","templated":true}]}}