{"id":411010,"date":"2026-03-19T12:12:27","date_gmt":"2026-03-19T11:12:27","guid":{"rendered":"https:\/\/www.hautes-alpes.net\/reserved-collars\/"},"modified":"2026-05-07T09:23:26","modified_gmt":"2026-05-07T07:23:26","slug":"reserved-collars","status":"publish","type":"page","link":"https:\/\/www.hautes-alpes.net\/en\/reserved-collars\/","title":{"rendered":"Reserved collars"},"content":{"rendered":"\n<div class=\"wp-block-group alignfull hero-banner-cover-float has-global-padding is-layout-constrained wp-block-group-is-layout-constrained\"><div class=\"yoast-breadcrumbs\"><span><span><a href=\"https:\/\/www.hautes-alpes.net\/en\/\">Home<\/a><\/span>  <span class=\"breadcrumb_last\" aria-current=\"page\">Reserved collars<\/span><\/span><\/div>\n\n\n<h1 class=\"wp-block-ws-library-post-title\"><span class=\"text-highlight\">Reserved<\/span> collars<\/h1>\n\n\n\n<p class=\"subtitle\">The mountain all to yourself<\/p>\n\n\n\n<p>The <strong>Cols r\u00e9serv\u00e9s<\/strong> operation invites <strong> <a href=\"https:\/\/www.hautes-alpes.net\/en\/experiences-hautes-alpes\/road-bikes\/\" type=\"page\" id=\"75496\">cycling <\/a>enthusiasts and amateurs alike<\/strong> to enjoy a unique mountain experience. For a few hours, some of the <strong>most emblematic roads in the Hautes-Alpes<\/strong> <strong>will be closed to motorized traffic<\/strong> and entirely dedicated to cyclists. <\/p>\n\n\n\n<div class=\"wp-block-ws-library-media-embed ws-media-embed\"><img decoding=\"async\" src=\"https:\/\/www.hautes-alpes.net\/wp-content\/uploads\/2025\/11\/granon-cyclo-alpesphotographiescom-13-1920x1000.jpg\" alt=\"\" class=\"ws-media-embed__image\" style=\"aspect-ratio:2000\/1000\"><\/div>\n<\/div>\n\n<p>In an exceptional natural setting, everyone can climb <strong>mythical<\/strong> or little-known <strong>passes<\/strong> in complete safety, at their own pace and with no restrictions. Whether you come for the <strong>sporting challenge<\/strong>, the <strong>pleasure of riding<\/strong> or simply to <strong>enjoy the scenery<\/strong>, these events offer a different, friendly way of exploring the mountains. <\/p>\n\n<p>A mainstay of Hautes-Alpes cycle tourism for almost 30 years, the Cols r\u00e9serv\u00e9s operation, initiated in 1997 by the Hautes-Alpes department, is run in coordination with the Development Agency and the region&#8217;s tourist offices.<\/p>\n\n<div class=\"wp-block-ws-library-ws-columns has-2-columns are-vertically-aligned-center layout-3565\">\n<div class=\"wp-block-ws-library-ws-column\"><div class=\"wrapper\">\n<p>Cols r\u00e9serv\u00e9s are open to all, free of charge and with no registration required. The atmosphere is friendly, sometimes lively and gourmet (with refreshments of local produce), always convivial. <\/p>\n<\/div><\/div>\n\n\n\n<div class=\"wp-block-ws-library-ws-column\"><div class=\"wrapper\">\n<div class=\"wp-block-ws-library-ws-image\"><div class=\"wrapper\"><div class=\"group-media\"><img decoding=\"async\" src=\"https:\/\/www.hautes-alpes.net\/wp-content\/uploads\/2025\/11\/lautaret-galibier-hdagencekros-remifabregue-26-1240x800.jpg\" alt=\"\" class=\"single_image ws-image-61043\"><div class=\"credits\">R. Fabregue<\/div><\/div><p class=\"caption\"><\/p><\/div><\/div>\n<\/div><\/div>\n<\/div>\n\n<h2 class=\"wp-block-heading is-style-default\">The <strong>2026<\/strong> calendar<\/h2>\n\n<div class=\"wp-block-ws-library-ws-columns has-2-columns are-vertically-aligned-center layout-5050\">\n<div class=\"wp-block-ws-library-ws-column\"><div class=\"wrapper\">\n<p>30\/05  <strong>Col du Noyer<\/strong><br\/>31\/05 <strong>Mont\u00e9e d&#8217;Orci\u00e8res<\/strong><br\/>07\/06 <strong>Pr\u00e9 de Madame Carle<\/strong><br\/>14\/06 <strong>Col de Foureyssasse<\/strong><br\/>28\/06 <strong>Mont\u00e9e de Puy Saint Vincent<\/strong><br\/>29\/06 <strong>Col du Galibier<\/strong><br\/>30\/06 <strong>Col du<\/strong> <strong>Granon<\/strong><br\/>01\/07 <strong>Col de l&#8217;\u00c9chelle<\/strong><br\/>02\/07 <strong>Col de l&#8217;Izoard<\/strong><br\/>03\/07 <strong>Col Agnel<\/strong><br\/>12\/07 <strong>Col de Manse<\/strong><br\/>15\/07 <strong>Col du Granon<\/strong><br\/>16\/07 <strong>Col du Galibier<\/strong><br\/>16\/07 <strong>Mont\u00e9e de Risoul<\/strong><br\/>21\/07 <strong>Orpierre &#8211; Laborel<\/strong> <strong>Laborel<\/strong><br\/>07\/22                <strong>Mont\u00e9e du Colombis<\/strong><br\/>28\/07 <strong>Mont\u00e9e de Chabre<\/strong><br\/>29\/07 <strong>Col de Pommerol<\/strong><br\/>04\/08 <strong>Col du Galibier<\/strong><br\/>05\/08 <strong>Col du Noyer<\/strong><br\/>06\/08 <strong>Col de l&#8217;Izoard<\/strong><br\/>07\/08 <strong>Mont\u00e9e de C\u00e9\u00fcse<\/strong><br\/>12\/08 <strong>Col du Granon<\/strong><br\/>18\/08 <strong>Mont\u00e9e de Risoul<\/strong><br\/>19\/08 <strong>Col de Gleize<\/strong><br\/>20\/08 <strong>Col de Moissi\u00e8re<\/strong><br\/>21\/08 <strong>Mont\u00e9e d&#8217;Orci\u00e8res<\/strong><br\/>06\/09             <strong>Agnel pass<\/strong><\/p>\n<\/div><\/div>\n\n\n\n<div class=\"wp-block-ws-library-ws-column\"><div class=\"wrapper\">\n<div class=\"wp-block-ws-library-ws-image\"><div class=\"wrapper\"><div class=\"group-media\"><img decoding=\"async\" src=\"https:\/\/www.hautes-alpes.net\/wp-content\/uploads\/2026\/03\/colagnelagencekros-remifabregue-43-e1773822491923-477x640.jpg\" alt=\"\" class=\"single_image ws-image-406572\"><div class=\"credits\"><\/div><\/div><p class=\"caption\"><\/p><\/div><\/div>\n<\/div><\/div>\n<\/div>\n\n<p><em>To find out more about each date, contact your local tourist office.<\/em><\/p>\n\n<div style=\"height:50px\" aria-hidden=\"true\" class=\"wp-block-spacer\"><\/div>\n\n<h2 class=\"wp-block-heading is-style-title-1\"><strong>Highlights<\/strong><\/h2>\n\n<div class=\"wp-block-ws-library-ws-image is-style-simple\"><div class=\"wrapper\"><div class=\"group-media\"><img decoding=\"async\" src=\"https:\/\/www.hautes-alpes.net\/wp-content\/uploads\/2025\/12\/izoard-route-du-tour-de-france-pat-1240x800.jpg\" alt=\"\" class=\"single_image ws-image-90989\"><div class=\"credits\">P. Domeyne &#8211; AD05<\/div><\/div><p class=\"caption\"><\/p><\/div><\/div>\n\n<div class=\"wp-block-ws-library-ws-columns has-2-columns are-vertically-aligned-top layout-5050\">\n<div class=\"wp-block-ws-library-ws-column\"><div class=\"wrapper\">\n<h3 class=\"wp-block-heading\">Grand Cols Tour<\/h3>\n\n\n\n<p>Organized by the Hautes Vall\u00e9es, Serre Chevalier and Guillestrois-Queyras tourist offices, the <strong>Tourn\u00e9e des Grands Cols<\/strong> offers a unique experience: a series of legendary Hautes-Alpes passes over a short period of time. Scheduled at short intervals, these events give cyclists the chance to take up a real challenge, by successively covering some of the department&#8217;s most beautiful peaks. <\/p>\n\n\n\n<p>From the Galibier to the Izoard, via the Granon, everyone can organize their own route and experience several exceptional climbs, in ideal conditions, without motorized traffic. A rare opportunity to immerse yourself in the heart of the great Alpine passes. <\/p>\n<\/div><\/div>\n\n\n\n<div class=\"wp-block-ws-library-ws-column\"><div class=\"wrapper\">\n<h3 class=\"wp-block-heading\">Avant Tour Challenge<\/h3>\n\n\n\n<p>Ride in the footsteps of the greats! For the <strong>F\u00eate du Tour<\/strong> on May 30 and 31, 2026, the Col du Noyer and the Ascent d&#8217;Orci\u00e8res link up to offer cyclists a unique experience at the heart of the routes that will be taken by the Tour de France riders in July. <\/p>\n\n\n\n<p>Over two days, take up the challenge of these emblematic climbs and experience the thrill of the Tour before its time.<\/p>\n\n\n\n<p>Join the &#8220;Challenge Avant Tour&#8221; on Strava and be among the top 20 finishers in Orci\u00e8res. A special Tour de France 2026 Hautes-Alpes cycling jersey is at stake. <\/p>\n<\/div><\/div>\n<\/div>\n\n<div style=\"height:50px\" aria-hidden=\"true\" class=\"wp-block-spacer\"><\/div>\n\n<hr class=\"wp-block-separator has-alpha-channel-opacity is-style-default\"\/>\n\n<h2 class=\"wp-block-heading is-style-title-1\"><strong>See also<\/strong><\/h2>\n\n<div class=\"wp-block-group alignwide list-nodetails is-content-justification-center is-layout-flex wp-container-core-group-is-layout-94ea2d6b wp-block-group-is-layout-flex\">\n<div class=\"wp-block-group has-global-padding is-layout-constrained wp-block-group-is-layout-constrained\">\n<div class=\"wp-block-ws-library-ws-image is-style-simple\"><div class=\"wrapper\"><div class=\"group-media\"><img decoding=\"async\" src=\"https:\/\/www.hautes-alpes.net\/wp-content\/uploads\/2025\/11\/granon-cyclo-alpesphotographiescom-2-1240x800.jpg\" alt=\"\" class=\"single_image ws-image-61008\"><div class=\"credits\">Alpes Photographies<\/div><\/div><p class=\"caption\"><\/p><\/div><\/div>\n\n\n\n<h3 class=\"wp-block-heading is-style-title-2\"><em>Experiences<\/em><a href=\"https:\/\/www.hautes-alpes.net\/en\/experiences-hautes-alpes\/road-bikes\/\" type=\"page\" id=\"75496\">Road biking<\/a><\/h3>\n\n\n\n<div class=\"wp-block-buttons is-layout-flex wp-block-buttons-is-layout-flex\">\n<div class=\"wp-block-button\"><a class=\"wp-block-button__link wp-element-button\" href=\"https:\/\/www.hautes-alpes.net\/en\/experiences-hautes-alpes\/road-bikes\/\">See<\/a><\/div>\n<\/div>\n<\/div>\n\n\n\n<div class=\"wp-block-group has-global-padding is-layout-constrained wp-block-group-is-layout-constrained\">\n<div class=\"wp-block-ws-library-ws-image is-style-simple\"><div class=\"wrapper\"><div class=\"group-media\"><img decoding=\"async\" src=\"https:\/\/www.hautes-alpes.net\/wp-content\/uploads\/2025\/11\/tour-de-france-vars-credit-remi-morel-4-1240x800.jpg\" alt=\"\" class=\"single_image ws-image-78364\"><div class=\"credits\">R. Morel<\/div><\/div><p class=\"caption\"><\/p><\/div><\/div>\n\n\n\n<h3 class=\"wp-block-heading is-style-title-2\"><em>Iconic<\/em><a href=\"https:\/\/www.hautes-alpes.net\/en\/iconic\/tour-de-france\/\" type=\"page\" id=\"83831\">Tour de France<\/a><\/h3>\n\n\n\n<div class=\"wp-block-buttons is-layout-flex wp-block-buttons-is-layout-flex\">\n<div class=\"wp-block-button\"><a class=\"wp-block-button__link wp-element-button\" href=\"https:\/\/www.hautes-alpes.net\/en\/iconic\/tour-de-france\/\">See<\/a><\/div>\n<\/div>\n<\/div>\n<\/div>\n\n<div style=\"height:50px\" aria-hidden=\"true\" class=\"wp-block-spacer\"><\/div>\n\n<div class=\"wp-block-ws-library-ws-share\"><span class=\"share-subtitle\">Did you like this page?<\/span><span class=\"share-title\">Share it!<\/span><button class=\"ws-share-button wp-element-button\">Share this page<\/button><\/div>\n","protected":false},"excerpt":{"rendered":"<p>The mountain all to yourself The Cols r\u00e9serv\u00e9s operation invites cycling enthusiasts and amateurs alike to enjoy a unique mountain [&hellip;]<\/p>\n","protected":false},"author":5,"featured_media":0,"parent":0,"menu_order":0,"comment_status":"closed","ping_status":"closed","template":"","meta":{"is_dark_mode":false,"footnotes":""},"page_label":[],"class_list":["post-411010","page","type-page","status-publish","hentry"],"yoast_head":"<!-- This site is optimized with the Yoast SEO plugin v27.5 - https:\/\/yoast.com\/product\/yoast-seo-wordpress\/ -->\n<title>Reserved collars - Hautes-Alpes<\/title>\n<meta name=\"description\" content=\"Reserved collars The mountain all to yourself The Cols r\u00e9serv\u00e9s operation invites cycling enthusiasts and amateurs alike to enjoy a unique mountain\" \/>\n<meta name=\"robots\" content=\"index, follow, max-snippet:-1, max-image-preview:large, max-video-preview:-1\" \/>\n<link rel=\"canonical\" href=\"https:\/\/www.hautes-alpes.net\/en\/reserved-collars\/\" \/>\n<meta property=\"og:locale\" content=\"en_US\" \/>\n<meta property=\"og:type\" content=\"article\" \/>\n<meta property=\"og:title\" content=\"Reserved collars - Hautes-Alpes\" \/>\n<meta property=\"og:description\" content=\"Reserved collars The mountain all to yourself The Cols r\u00e9serv\u00e9s operation invites cycling enthusiasts and amateurs alike to enjoy a unique mountain\" \/>\n<meta property=\"og:url\" content=\"https:\/\/www.hautes-alpes.net\/en\/reserved-collars\/\" \/>\n<meta property=\"og:site_name\" content=\"Hautes-Alpes\" \/>\n<meta property=\"article:modified_time\" content=\"2026-05-07T07:23:26+00:00\" \/>\n<meta property=\"og:image\" content=\"https:\/\/www.hautes-alpes.net\/wp-content\/uploads\/2025\/11\/granon-cyclo-alpesphotographiescom-13-1920x1000.jpg\" \/>\n<meta name=\"twitter:card\" content=\"summary_large_image\" \/>\n<meta name=\"twitter:label1\" content=\"Est. reading time\" \/>\n\t<meta name=\"twitter:data1\" content=\"3 minutes\" \/>\n<script type=\"application\/ld+json\" class=\"yoast-schema-graph\">{\"@context\":\"https:\\\/\\\/schema.org\",\"@graph\":[{\"@type\":\"WebPage\",\"@id\":\"https:\\\/\\\/www.hautes-alpes.net\\\/en\\\/reserved-collars\\\/\",\"url\":\"https:\\\/\\\/www.hautes-alpes.net\\\/en\\\/reserved-collars\\\/\",\"name\":\"Reserved collars - Hautes-Alpes\",\"isPartOf\":{\"@id\":\"https:\\\/\\\/www.hautes-alpes.net\\\/en\\\/#website\"},\"primaryImageOfPage\":{\"@id\":\"https:\\\/\\\/www.hautes-alpes.net\\\/en\\\/reserved-collars\\\/#primaryimage\"},\"image\":{\"@id\":\"https:\\\/\\\/www.hautes-alpes.net\\\/en\\\/reserved-collars\\\/#primaryimage\"},\"thumbnailUrl\":\"https:\\\/\\\/www.hautes-alpes.net\\\/wp-content\\\/uploads\\\/2025\\\/11\\\/granon-cyclo-alpesphotographiescom-13-1920x1000.jpg\",\"datePublished\":\"2026-03-19T11:12:27+00:00\",\"dateModified\":\"2026-05-07T07:23:26+00:00\",\"description\":\"Reserved collars The mountain all to yourself The Cols r\u00e9serv\u00e9s operation invites cycling enthusiasts and amateurs alike to enjoy a unique mountain\",\"breadcrumb\":{\"@id\":\"https:\\\/\\\/www.hautes-alpes.net\\\/en\\\/reserved-collars\\\/#breadcrumb\"},\"inLanguage\":\"en-US\",\"potentialAction\":[{\"@type\":\"ReadAction\",\"target\":[\"https:\\\/\\\/www.hautes-alpes.net\\\/en\\\/reserved-collars\\\/\"]}]},{\"@type\":\"ImageObject\",\"inLanguage\":\"en-US\",\"@id\":\"https:\\\/\\\/www.hautes-alpes.net\\\/en\\\/reserved-collars\\\/#primaryimage\",\"url\":\"https:\\\/\\\/www.hautes-alpes.net\\\/wp-content\\\/uploads\\\/2025\\\/11\\\/granon-cyclo-alpesphotographiescom-13-1920x1000.jpg\",\"contentUrl\":\"https:\\\/\\\/www.hautes-alpes.net\\\/wp-content\\\/uploads\\\/2025\\\/11\\\/granon-cyclo-alpesphotographiescom-13-1920x1000.jpg\"},{\"@type\":\"BreadcrumbList\",\"@id\":\"https:\\\/\\\/www.hautes-alpes.net\\\/en\\\/reserved-collars\\\/#breadcrumb\",\"itemListElement\":[{\"@type\":\"ListItem\",\"position\":1,\"name\":\"Home\",\"item\":\"https:\\\/\\\/www.hautes-alpes.net\\\/en\\\/\"},{\"@type\":\"ListItem\",\"position\":2,\"name\":\"Reserved collars\"}]},{\"@type\":\"WebSite\",\"@id\":\"https:\\\/\\\/www.hautes-alpes.net\\\/en\\\/#website\",\"url\":\"https:\\\/\\\/www.hautes-alpes.net\\\/en\\\/\",\"name\":\"ADDET\",\"description\":\"\",\"publisher\":{\"@id\":\"https:\\\/\\\/www.hautes-alpes.net\\\/en\\\/#organization\"},\"potentialAction\":[{\"@type\":\"SearchAction\",\"target\":{\"@type\":\"EntryPoint\",\"urlTemplate\":\"https:\\\/\\\/www.hautes-alpes.net\\\/en\\\/?s={search_term_string}\"},\"query-input\":{\"@type\":\"PropertyValueSpecification\",\"valueRequired\":true,\"valueName\":\"search_term_string\"}}],\"inLanguage\":\"en-US\"},{\"@type\":\"Organization\",\"@id\":\"https:\\\/\\\/www.hautes-alpes.net\\\/en\\\/#organization\",\"name\":\"Agence D\u00e9partementale de D\u00e9veloppement Economique et Touristique des Hautes-Alpes\",\"url\":\"https:\\\/\\\/www.hautes-alpes.net\\\/en\\\/\",\"logo\":{\"@type\":\"ImageObject\",\"inLanguage\":\"en-US\",\"@id\":\"https:\\\/\\\/www.hautes-alpes.net\\\/en\\\/#\\\/schema\\\/logo\\\/image\\\/\",\"url\":\"https:\\\/\\\/www.hautes-alpes.net\\\/wp-content\\\/uploads\\\/2026\\\/01\\\/black-logo-2.svg\",\"contentUrl\":\"https:\\\/\\\/www.hautes-alpes.net\\\/wp-content\\\/uploads\\\/2026\\\/01\\\/black-logo-2.svg\",\"caption\":\"Agence D\u00e9partementale de D\u00e9veloppement Economique et Touristique des Hautes-Alpes\"},\"image\":{\"@id\":\"https:\\\/\\\/www.hautes-alpes.net\\\/en\\\/#\\\/schema\\\/logo\\\/image\\\/\"}}]}<\/script>\n<!-- \/ Yoast SEO plugin. -->","yoast_head_json":{"title":"Reserved collars - Hautes-Alpes","description":"Reserved collars The mountain all to yourself The Cols r\u00e9serv\u00e9s operation invites cycling enthusiasts and amateurs alike to enjoy a unique mountain","robots":{"index":"index","follow":"follow","max-snippet":"max-snippet:-1","max-image-preview":"max-image-preview:large","max-video-preview":"max-video-preview:-1"},"canonical":"https:\/\/www.hautes-alpes.net\/en\/reserved-collars\/","og_locale":"en_US","og_type":"article","og_title":"Reserved collars - Hautes-Alpes","og_description":"Reserved collars The mountain all to yourself The Cols r\u00e9serv\u00e9s operation invites cycling enthusiasts and amateurs alike to enjoy a unique mountain","og_url":"https:\/\/www.hautes-alpes.net\/en\/reserved-collars\/","og_site_name":"Hautes-Alpes","article_modified_time":"2026-05-07T07:23:26+00:00","og_image":[{"url":"https:\/\/www.hautes-alpes.net\/wp-content\/uploads\/2025\/11\/granon-cyclo-alpesphotographiescom-13-1920x1000.jpg","type":"","width":"","height":""}],"twitter_card":"summary_large_image","twitter_misc":{"Est. reading time":"3 minutes"},"schema":{"@context":"https:\/\/schema.org","@graph":[{"@type":"WebPage","@id":"https:\/\/www.hautes-alpes.net\/en\/reserved-collars\/","url":"https:\/\/www.hautes-alpes.net\/en\/reserved-collars\/","name":"Reserved collars - Hautes-Alpes","isPartOf":{"@id":"https:\/\/www.hautes-alpes.net\/en\/#website"},"primaryImageOfPage":{"@id":"https:\/\/www.hautes-alpes.net\/en\/reserved-collars\/#primaryimage"},"image":{"@id":"https:\/\/www.hautes-alpes.net\/en\/reserved-collars\/#primaryimage"},"thumbnailUrl":"https:\/\/www.hautes-alpes.net\/wp-content\/uploads\/2025\/11\/granon-cyclo-alpesphotographiescom-13-1920x1000.jpg","datePublished":"2026-03-19T11:12:27+00:00","dateModified":"2026-05-07T07:23:26+00:00","description":"Reserved collars The mountain all to yourself The Cols r\u00e9serv\u00e9s operation invites cycling enthusiasts and amateurs alike to enjoy a unique mountain","breadcrumb":{"@id":"https:\/\/www.hautes-alpes.net\/en\/reserved-collars\/#breadcrumb"},"inLanguage":"en-US","potentialAction":[{"@type":"ReadAction","target":["https:\/\/www.hautes-alpes.net\/en\/reserved-collars\/"]}]},{"@type":"ImageObject","inLanguage":"en-US","@id":"https:\/\/www.hautes-alpes.net\/en\/reserved-collars\/#primaryimage","url":"https:\/\/www.hautes-alpes.net\/wp-content\/uploads\/2025\/11\/granon-cyclo-alpesphotographiescom-13-1920x1000.jpg","contentUrl":"https:\/\/www.hautes-alpes.net\/wp-content\/uploads\/2025\/11\/granon-cyclo-alpesphotographiescom-13-1920x1000.jpg"},{"@type":"BreadcrumbList","@id":"https:\/\/www.hautes-alpes.net\/en\/reserved-collars\/#breadcrumb","itemListElement":[{"@type":"ListItem","position":1,"name":"Home","item":"https:\/\/www.hautes-alpes.net\/en\/"},{"@type":"ListItem","position":2,"name":"Reserved collars"}]},{"@type":"WebSite","@id":"https:\/\/www.hautes-alpes.net\/en\/#website","url":"https:\/\/www.hautes-alpes.net\/en\/","name":"ADDET","description":"","publisher":{"@id":"https:\/\/www.hautes-alpes.net\/en\/#organization"},"potentialAction":[{"@type":"SearchAction","target":{"@type":"EntryPoint","urlTemplate":"https:\/\/www.hautes-alpes.net\/en\/?s={search_term_string}"},"query-input":{"@type":"PropertyValueSpecification","valueRequired":true,"valueName":"search_term_string"}}],"inLanguage":"en-US"},{"@type":"Organization","@id":"https:\/\/www.hautes-alpes.net\/en\/#organization","name":"Agence D\u00e9partementale de D\u00e9veloppement Economique et Touristique des Hautes-Alpes","url":"https:\/\/www.hautes-alpes.net\/en\/","logo":{"@type":"ImageObject","inLanguage":"en-US","@id":"https:\/\/www.hautes-alpes.net\/en\/#\/schema\/logo\/image\/","url":"https:\/\/www.hautes-alpes.net\/wp-content\/uploads\/2026\/01\/black-logo-2.svg","contentUrl":"https:\/\/www.hautes-alpes.net\/wp-content\/uploads\/2026\/01\/black-logo-2.svg","caption":"Agence D\u00e9partementale de D\u00e9veloppement Economique et Touristique des Hautes-Alpes"},"image":{"@id":"https:\/\/www.hautes-alpes.net\/en\/#\/schema\/logo\/image\/"}}]}},"_links":{"self":[{"href":"https:\/\/www.hautes-alpes.net\/en\/wp-json\/wp\/v2\/pages\/411010","targetHints":{"allow":["GET"]}}],"collection":[{"href":"https:\/\/www.hautes-alpes.net\/en\/wp-json\/wp\/v2\/pages"}],"about":[{"href":"https:\/\/www.hautes-alpes.net\/en\/wp-json\/wp\/v2\/types\/page"}],"author":[{"embeddable":true,"href":"https:\/\/www.hautes-alpes.net\/en\/wp-json\/wp\/v2\/users\/5"}],"replies":[{"embeddable":true,"href":"https:\/\/www.hautes-alpes.net\/en\/wp-json\/wp\/v2\/comments?post=411010"}],"version-history":[{"count":4,"href":"https:\/\/www.hautes-alpes.net\/en\/wp-json\/wp\/v2\/pages\/411010\/revisions"}],"predecessor-version":[{"id":513852,"href":"https:\/\/www.hautes-alpes.net\/en\/wp-json\/wp\/v2\/pages\/411010\/revisions\/513852"}],"wp:attachment":[{"href":"https:\/\/www.hautes-alpes.net\/en\/wp-json\/wp\/v2\/media?parent=411010"}],"wp:term":[{"taxonomy":"page_label","embeddable":true,"href":"https:\/\/www.hautes-alpes.net\/en\/wp-json\/wp\/v2\/page_label?post=411010"}],"curies":[{"name":"wp","href":"https:\/\/api.w.org\/{rel}","templated":true}]}}