{"id":248391,"date":"2026-03-25T14:54:58","date_gmt":"2026-03-25T13:54:58","guid":{"rendered":"https:\/\/www.hautes-alpes.net\/?page_id=248391"},"modified":"2026-03-25T14:56:43","modified_gmt":"2026-03-25T13:56:43","slug":"monte-carlo-rally","status":"publish","type":"page","link":"https:\/\/www.hautes-alpes.net\/en\/monte-carlo-rally\/","title":{"rendered":"Tour de France 2026"},"content":{"rendered":"\n<div class=\"wp-block-group alignfull hero-banner-cover-float has-global-padding is-layout-constrained wp-block-group-is-layout-constrained\"><div class=\"yoast-breadcrumbs\"><span><span><a href=\"https:\/\/www.hautes-alpes.net\/en\/hautes-alpes\/\">Home<\/a><\/span>  <span class=\"breadcrumb_last\" aria-current=\"page\">Tour de France 2026<\/span><\/span><\/div>\n\n\n<h1 class=\"wp-block-ws-library-post-title\">Tour de France 2026<\/h1>\n\n\n\n<p class=\"subtitle\">Ph\u00e9nom\u00e9n&#8217;Alpes<\/p>\n\n\n\n<p><\/p>\n\n\n\n<div class=\"wp-block-ws-library-media-embed ws-media-embed\"><img decoding=\"async\" src=\"https:\/\/www.hautes-alpes.net\/wp-content\/uploads\/2026\/03\/tour-de-france-paysage-pour-site-2000x1000.jpg\" alt=\"\" class=\"ws-media-embed__image\" style=\"aspect-ratio:2000\/1000\"><\/div>\n<\/div>\n\n<div class=\"wp-block-group alignfull block-etapes has-global-padding is-layout-constrained wp-block-group-is-layout-constrained\">\n<h2 class=\"wp-block-heading is-style-title-1\"><em>Big eventHip<\/em>, Hip, Hip <strong>Hautes-Alpes !<\/strong><\/h2>\n\n\n\n<p>It&#8217;s official! The Tour de France will return to the Hautes-Alpes for 3 days for the men in 2026 (Champsaur Valgaudemar, Le D\u00e9voluy, Gapen\u00e7ais and Brian\u00e7onnais) for the seventh time since 2015. On the menu for this <sup>113th<\/sup> edition, a first stage in the Alps on <strong>July 23<\/strong> between Voiron and <a href=\"https:\/\/www.hautes-alpes.net\/en\/destinations-hautes-alpes\/orcieres-merlette-1850\/\" type=\"page\" id=\"73881\">Orci\u00e8res-Merlette 1850<\/a> (185.5 km), a second on <strong>July 24 <\/strong>between <a href=\"https:\/\/www.hautes-alpes.net\/en\/destinations-hautes-alpes\/gapencais\/\" type=\"page\" id=\"55046\">Gap <\/a>and Alpe d&#8217;Huez (via the Col du Noyer) and a &#8220;crazy&#8221; finale on <strong>July 25<\/strong> between Bourg d&#8217;Oisans and Alpe d&#8217;Huez (171.5 km) via the <strong>Col du Galibier<\/strong> (Toit du Tour 2026) <strong>and Col du Lautaret<\/strong>, the day before the finish on the Champs-\u00c9lys\u00e9es. The women&#8217;s Tour de France will also be taking part, with 1 day in the <a href=\"https:\/\/www.hautes-alpes.net\/en\/destinations-hautes-alpes\/buech\/\" type=\"page\" id=\"47415\">Sisteronais-Bu\u00ebch<\/a> region.   <\/p>\n<\/div>\n\n<div class=\"wp-block-group alignfull step-by-step has-global-padding is-layout-constrained wp-block-group-is-layout-constrained\">\n<div class=\"wp-block-ws-library-ws-columns alignwide has-2-columns are-vertically-aligned-center layout-5050\">\n<div class=\"wp-block-ws-library-ws-column\"><div class=\"wrapper\">\n<h4 class=\"wp-block-heading\"><em>Stage 18 &#8211; Thursday, July 23<\/em><\/h4>\n\n\n\n<h3 class=\"wp-block-heading\">Voiron \u2192 Orci\u00e8res-Merlette 1850<\/h3>\n\n\n\n<p>The <a href=\"https:\/\/www.hautes-alpes.net\/en\/iconic\/tour-de-france\/\" type=\"page\" id=\"83831\">Tour de France<\/a> returns to <a href=\"https:\/\/www.hautes-alpes.net\/en\/destinations-hautes-alpes\/orcieres-merlette-1850\/\" type=\"page\" id=\"73881\">Orci\u00e8res-Merlette<\/a> for its sixth stage finish on July 23. Departing from Voiron, the riders will cover 185.5 km on the Route Napol\u00e9on via Chauffayer, La Fare-en-Champsaur, Chabottes, Saint-L\u00e9ger-les-M\u00e9l\u00e8zes and Pont-du-Foss\u00e9, before the final ascent to the resort. <\/p>\n\n\n\n<p>Since the Tour&#8217;s last stage finish in 2020, the resort has been completely modernized, with a redesigned snow front and renovated resort center, offering a renewed setting for hosting the event.<\/p>\n<\/div><\/div>\n\n\n\n<div class=\"wp-block-ws-library-ws-column\"><div class=\"wrapper\">\n<div class=\"wp-block-ws-library-ws-image\"><div class=\"wrapper\"><div class=\"group-media\"><img decoding=\"async\" src=\"https:\/\/www.hautes-alpes.net\/wp-content\/uploads\/2026\/02\/orcieres-melette-patrick-domeyne-1240x800.jpg\" alt=\"\" class=\"single_image ws-image-282151\"><div class=\"credits\">P. Domeyne &#8211; AD05<\/div><\/div><p class=\"caption\"><\/p><\/div><\/div>\n<\/div><\/div>\n<\/div>\n\n\n\n<div class=\"wp-block-ws-library-ws-columns alignwide has-2-columns are-vertically-aligned-center layout-5050\">\n<div class=\"wp-block-ws-library-ws-column\"><div class=\"wrapper\">\n<h4 class=\"wp-block-heading\"><em>Stage 19 &#8211; Friday, July 24<\/em><\/h4>\n\n\n\n<h3 class=\"wp-block-heading\">Gap \u2192 L&#8217;Alpe d&#8217;Huez<\/h3>\n\n\n\n<p>For the <sup>28th<\/sup> time, Gap will be the starting town for a stage of the Tour de France. On the program: a demanding 128.5 km to Alpe d&#8217;Huez.   <\/p>\n\n\n\n<p>Right from the start, the riders will climb the Col Bayard (<sup>2nd<\/sup> category), before heading for the Col du Noyer (1,664 m) on its eastern side, the most selective, with a long 22 km climb at an average gradient of almost 8% before the descent into the D\u00e9voluy valley.<\/p>\n\n\n\n<p>This terrain is ideal for climbers on the offensive, and leads to the mythical finale at Alpe d&#8217;Huez, with the 21-lacet ascent to the resort, the judge of this mountain stage.<\/p>\n<\/div><\/div>\n\n\n\n<div class=\"wp-block-ws-library-ws-column\"><div class=\"wrapper\">\n<div class=\"wp-block-ws-library-ws-image\"><div class=\"wrapper\"><div class=\"group-media\"><img decoding=\"async\" src=\"https:\/\/www.hautes-alpes.net\/wp-content\/uploads\/2026\/02\/7b3a6114-1240x800.jpg\" alt=\"\" class=\"single_image ws-image-282144\"><div class=\"credits\">P. Domeyne &#8211; AD05<\/div><\/div><p class=\"caption\"><\/p><\/div><\/div>\n<\/div><\/div>\n<\/div>\n\n\n\n<div class=\"wp-block-ws-library-ws-columns alignwide has-2-columns are-vertically-aligned-center layout-5050\">\n<div class=\"wp-block-ws-library-ws-column\"><div class=\"wrapper\">\n<h4 class=\"wp-block-heading\"><em>Stage 20 &#8211; Saturday, July 25<\/em><\/h4>\n\n\n\n<h3 class=\"wp-block-heading\">Le Bourg d&#8217;Oisans \u2192 L&#8217;Alpe d&#8217;Huez<\/h3>\n\n\n\n<p>It&#8217;s the chef&#8217;s surprise! On the eve of the finish on the Champs-Elys\u00e9es, the Tour de France will take on a final dimension, and what a dimension! On the program: the Cols du T\u00e9l\u00e9graphe and de la Croix de Fer, then a return to the Hautes-Alpes to the mythical <strong>Col du Galibier<\/strong>, before a descent to the <strong>Col du Lautaret<\/strong>, Villar d&#8217;Ar\u00e8ne and La Grave. A grand finale with 5,600 m of ascent.   <\/p>\n<\/div><\/div>\n\n\n\n<div class=\"wp-block-ws-library-ws-column\"><div class=\"wrapper\">\n<div class=\"wp-block-ws-library-ws-image\"><div class=\"wrapper\"><div class=\"group-media\"><img decoding=\"async\" src=\"https:\/\/www.hautes-alpes.net\/wp-content\/uploads\/2026\/02\/tdf-galibier-2024-patrick-domeyne-addet05-30-1240x800.jpg\" alt=\"\" class=\"single_image ws-image-282155\"><div class=\"credits\">P. Domeyne &#8211; AD05<\/div><\/div><p class=\"caption\"><\/p><\/div><\/div>\n<\/div><\/div>\n<\/div>\n\n\n\n<div class=\"wp-block-ws-library-ws-columns alignwide has-2-columns are-vertically-aligned-center layout-5050\">\n<div class=\"wp-block-ws-library-ws-column\"><div class=\"wrapper\">\n<h4 class=\"wp-block-heading\"><em>Tour de France Women &#8211; Saturday, August 8<\/em><\/h4>\n\n\n\n<h3 class=\"wp-block-heading\">Sisteron \u2192 Nice<\/h3>\n\n\n\n<p>While the &#8220;giant of Provence&#8221;, the Ventoux, will be on the menu the day before, the women&#8217;s Tour de France will also make a stopover the following day, Saturday August 8, 2026, in <strong>Sisteron <\/strong>for the longest stage of this edition (175 km) on the way to Nice via the Durance valley. This is an opportunity to highlight the territory of the <strong><a href=\"https:\/\/www.hautes-alpes.net\/en\/destinations-hautes-alpes\/buech\/\" type=\"page\" id=\"47415\">Sisteronais-Bu\u00ebch<\/a><\/strong>.   <\/p>\n<\/div><\/div>\n\n\n\n<div class=\"wp-block-ws-library-ws-column\"><div class=\"wrapper\">\n<div class=\"wp-block-ws-library-ws-image\"><div class=\"wrapper\"><div class=\"group-media\"><img decoding=\"async\" src=\"https:\/\/www.hautes-alpes.net\/wp-content\/uploads\/2025\/12\/sisteron-verneuil-1240x800.jpg\" alt=\"\" class=\"single_image ws-image-95009\"><div class=\"credits\">Verneuil<\/div><\/div><p class=\"caption\"><\/p><\/div><\/div>\n<\/div><\/div>\n<\/div>\n<\/div>\n\n<div class=\"wp-block-ws-library-ws-animated-quote\"><blockquote class=\"quote-container quote-align-undefined\"><div class=\"group-media\"><div class=\"field-image\"><img decoding=\"async\" class=\"quote-avatar ws-image-275646\" src=\"https:\/\/www.hautes-alpes.net\/wp-content\/uploads\/2026\/02\/christian-prudhomme-izoard-2017-768x487-1-e1770642880864-191x238.jpg\" data-full-url=\"https:\/\/www.hautes-alpes.net\/wp-content\/uploads\/2026\/02\/christian-prudhomme-izoard-2017-768x487-1-e1770642880864.jpg\" alt=\"\"><\/div><\/div><footer><cite class=\"quote-subcontent\">Christian Prudhomme<\/cite><\/footer><p class=\"quote-content\">&#8220;With this course, which builds to a crescendo, everything has been done so that, whoever the yellow jersey is 48 hours from the finish, no one can say: &#8216;It&#8217;s done!'&#8221;<\/p><\/blockquote><\/div>\n\n<div style=\"height:50px\" aria-hidden=\"true\" class=\"wp-block-spacer\"><\/div>\n\n<div class=\"wp-block-ws-library-scrollable-section ws-section-scrollable alignfull\"><div class=\"scrollable-item\"><div class=\"group-content\"><div class=\"wrapper\"><h3 class=\"field-title\">Stage profiles<\/h3><div class=\"field-intro\"><p>Discover all the technicalities of the Haute-Alpes stages<\/p><\/div><\/div><\/div><div class=\"group-innerblocks\"><div class=\"group-media\"><div class=\"field-image\"><img decoding=\"async\" src=\"https:\/\/www.hautes-alpes.net\/wp-content\/uploads\/2026\/02\/tour-de-france-vars-credit-remi-morel-4-1-1140x620.jpg\" alt=\"\"\/><\/div><div class=\"credits\">R. Morel<\/div><\/div>\n<div class=\"section-wrapper\"><div class=\"wp-block-ws-library-scrollable-section-item ws-section-scrollable-item\">\n<h3 class=\"wp-block-heading\"><em>Stage 18<br\/><\/em><strong>Voiron &#8211; Orci\u00e8res Merlette 1850<\/strong><\/h3>\n\n\n\n<p>185 km<br\/>Arrival at 1,825 m<br\/>Orci\u00e8res climb at 6.7% for 7.1 km<br\/><\/p>\n<\/div><\/div>\n\n\n\n<div class=\"section-wrapper\"><div class=\"wp-block-ws-library-scrollable-section-item ws-section-scrollable-item\">\n<div class=\"wp-block-ws-library-ws-image\"><div class=\"wrapper\"><div class=\"group-media\"><img decoding=\"async\" src=\"https:\/\/www.hautes-alpes.net\/wp-content\/uploads\/2026\/02\/38ebe.jpg\" alt=\"\" class=\"single_image ws-image-282146\"><div class=\"credits\"><\/div><\/div><p class=\"caption\"><\/p><\/div><\/div>\n<\/div><\/div>\n\n\n\n<div class=\"section-wrapper\"><div class=\"wp-block-ws-library-scrollable-section-item ws-section-scrollable-item\">\n<h3 class=\"wp-block-heading\"><em>Stage 19<br\/><\/em><strong>Gap &#8211; L&#8217;Alpe d&#8217;Huez<\/strong><\/h3>\n\n\n\n<p>128 km<br\/>Col Bayard at 7.2% for 5.1 km<br\/><\/p>\n<\/div><\/div>\n\n\n\n<div class=\"section-wrapper\"><div class=\"wp-block-ws-library-scrollable-section-item ws-section-scrollable-item\">\n<div class=\"wp-block-ws-library-ws-image\"><div class=\"wrapper\"><div class=\"group-media\"><img decoding=\"async\" src=\"https:\/\/www.hautes-alpes.net\/wp-content\/uploads\/2026\/02\/46ddf-887x640.jpg\" alt=\"\" class=\"single_image ws-image-282148\"><div class=\"credits\"><\/div><\/div><p class=\"caption\"><\/p><\/div><\/div>\n<\/div><\/div>\n\n\n\n<div class=\"section-wrapper\"><div class=\"wp-block-ws-library-scrollable-section-item ws-section-scrollable-item\">\n<h3 class=\"wp-block-heading\"><em>Stage 20<br\/><\/em><strong>Le Bourg d&#8217;Oisans &#8211; L&#8217;Alpe d&#8217;Huez<\/strong><\/h3>\n\n\n\n<p>171 km<br\/>Col du Galibier at 6.9% for 17.7 km<br\/>2,642 m altitude; le Toit du Tour<br\/><\/p>\n<\/div><\/div>\n\n\n\n<div class=\"section-wrapper\"><div class=\"wp-block-ws-library-scrollable-section-item ws-section-scrollable-item\">\n<div class=\"wp-block-ws-library-ws-image\"><div class=\"wrapper\"><div class=\"group-media\"><img decoding=\"async\" src=\"https:\/\/www.hautes-alpes.net\/wp-content\/uploads\/2026\/02\/441dc-887x640.jpg\" alt=\"\" class=\"single_image ws-image-282149\"><div class=\"credits\"><\/div><\/div><p class=\"caption\"><\/p><\/div><\/div>\n<\/div><\/div>\n\n\n\n<div class=\"section-wrapper\"><div class=\"wp-block-ws-library-scrollable-section-item ws-section-scrollable-item\">\n<h3 class=\"wp-block-heading\"><em>Tour de France Women &#8211; Stage 8<br\/><\/em><strong>Sisteron &#8211; Nice<\/strong><\/h3>\n\n\n\n<p>175 km<br\/><\/p>\n<\/div><\/div>\n\n\n\n<div class=\"section-wrapper\"><div class=\"wp-block-ws-library-scrollable-section-item ws-section-scrollable-item\">\n<div class=\"wp-block-ws-library-ws-image\"><div class=\"wrapper\"><div class=\"group-media\"><img decoding=\"async\" src=\"https:\/\/www.hautes-alpes.net\/wp-content\/uploads\/2026\/03\/36bb0-e1774436912955.jpg\" alt=\"\" class=\"single_image ws-image-432259\"><div class=\"credits\"><\/div><\/div><p class=\"caption\"><\/p><\/div><\/div>\n<\/div><\/div>\n<\/div><\/div><\/div>\n\n<div style=\"height:50px\" aria-hidden=\"true\" class=\"wp-block-spacer\"><\/div>\n\n<h2 class=\"wp-block-heading is-style-title-1\">Highlights of <strong>the Tour de France 2026<\/strong><\/h2>\n\n<div class=\"wp-block-group alignwide list-nodetails is-content-justification-left is-layout-flex wp-container-core-group-is-layout-5ac0c6ea wp-block-group-is-layout-flex\">\n<div class=\"wp-block-group has-global-padding is-layout-constrained wp-block-group-is-layout-constrained\">\n<div class=\"wp-block-ws-library-ws-image is-style-simple\"><div class=\"wrapper\"><div class=\"group-media\"><img decoding=\"async\" src=\"https:\/\/www.hautes-alpes.net\/wp-content\/uploads\/2026\/03\/tdf26-visuel-400x300-1-1240x800.jpg\" alt=\"\" class=\"single_image ws-image-406799\"><div class=\"credits\">ASO<\/div><\/div><p class=\"caption\"><\/p><\/div><\/div>\n\n\n\n<h3 class=\"wp-block-heading\">Great start<\/h3>\n\n\n\n<p>The Hautes-Alpes will be in the spotlight at the Grand D\u00e9part of the 2026 Tour de France in Barcelona. This presence marks the region&#8217;s deep attachment to the Grande Boucle and its key role in the history of cycling. <\/p>\n<\/div>\n\n\n\n<div class=\"wp-block-group has-global-padding is-layout-constrained wp-block-group-is-layout-constrained\">\n<div class=\"wp-block-ws-library-ws-image is-style-simple\"><div class=\"wrapper\"><div class=\"group-media\"><img decoding=\"async\" src=\"https:\/\/www.hautes-alpes.net\/wp-content\/uploads\/2025\/11\/lautaret-galibier-hdagencekros-remifabregue-26-1240x800.jpg\" alt=\"\" class=\"single_image ws-image-61043\"><div class=\"credits\">R. Fabregue<\/div><\/div><p class=\"caption\"><\/p><\/div><\/div>\n\n\n\n<h3 class=\"wp-block-heading\">Grand Cols Tour<\/h3>\n\n\n\n<p>The Guillestrois-Queyras, Hautes Vall\u00e9es and Serre Chevalier tourist offices are offering cyclists the chance to take part in the Tourn\u00e9e des Grands Cols. On the program: five legendary passes (Agnel, Izoard, Granon, Galibier, \u00c9chelle) reserved successively for cyclists. Each stage will be punctuated by local heritage events and tastings of local produce.  <\/p>\n<\/div>\n\n\n\n<div class=\"wp-block-group has-global-padding is-layout-constrained wp-block-group-is-layout-constrained\">\n<div class=\"wp-block-ws-library-ws-image is-style-simple\"><div class=\"wrapper\"><div class=\"group-media\"><img decoding=\"async\" src=\"https:\/\/www.hautes-alpes.net\/wp-content\/uploads\/2026\/01\/coldunoyer-stephtempier-agencekros-remifabregue-26-sur-26-1240x800.jpg\" alt=\"\" class=\"single_image ws-image-248441\"><div class=\"credits\">R. Fabregue<\/div><\/div><p class=\"caption\"><\/p><\/div><\/div>\n\n\n\n<h3 class=\"wp-block-heading\">Avant Tour Challenge<\/h3>\n\n\n\n<p>May 30 and 31, 2026, as part of Mai \u00e0 V\u00e9lo and the F\u00eate du Tour. For two days, participants will ride two legendary climbs, the Col du Noyer and the climb to Orci\u00e8res, on closed roads, in conditions close to those of the Tour de France. The event follows the official route of the Tour de France 2026, offering an immersive experience before the professional riders pass through. Accessible via the Strava application.   <\/p>\n<\/div>\n<\/div>\n\n<div class=\"wp-block-ws-library-ws-share\"><span class=\"share-subtitle\">Did you like this page?<\/span><span class=\"share-title\">Share it!<\/span><button class=\"ws-share-button wp-element-button\">Share this page<\/button><\/div>\n","protected":false},"excerpt":{"rendered":"<p>Ph\u00e9nom\u00e9n&#8217;Alpes Big eventHip, Hip, Hip Hautes-Alpes ! It&#8217;s official! The Tour de France will return to the Hautes-Alpes for 3 [&hellip;]<\/p>\n","protected":false},"author":8,"featured_media":0,"parent":0,"menu_order":0,"comment_status":"closed","ping_status":"closed","template":"","meta":{"is_dark_mode":true,"footnotes":""},"page_label":[],"class_list":["post-248391","page","type-page","status-publish","hentry"],"yoast_head":"<!-- This site is optimized with the Yoast SEO plugin v27.2 - https:\/\/yoast.com\/product\/yoast-seo-wordpress\/ -->\n<title>Tour de France 2026 - Hautes-Alpes<\/title>\n<meta name=\"description\" content=\"Tour de France 2026 Ph\u00e9nom\u00e9n&#039;Alpes Big eventHip, Hip, Hip Hautes-Alpes ! It&#039;s official! The Tour de France will return to the Hautes-Alpes for 3 days for\" \/>\n<meta name=\"robots\" content=\"index, follow, max-snippet:-1, max-image-preview:large, max-video-preview:-1\" \/>\n<link rel=\"canonical\" href=\"https:\/\/www.hautes-alpes.net\/en\/monte-carlo-rally\/\" \/>\n<meta property=\"og:locale\" content=\"en_US\" \/>\n<meta property=\"og:type\" content=\"article\" \/>\n<meta property=\"og:title\" content=\"Tour de France 2026 - Hautes-Alpes\" \/>\n<meta property=\"og:description\" content=\"Tour de France 2026 Ph\u00e9nom\u00e9n&#039;Alpes Big eventHip, Hip, Hip Hautes-Alpes ! It&#039;s official! The Tour de France will return to the Hautes-Alpes for 3 days for\" \/>\n<meta property=\"og:url\" content=\"https:\/\/www.hautes-alpes.net\/en\/monte-carlo-rally\/\" \/>\n<meta property=\"og:site_name\" content=\"Hautes-Alpes\" \/>\n<meta property=\"article:modified_time\" content=\"2026-03-25T13:56:43+00:00\" \/>\n<meta property=\"og:image\" content=\"https:\/\/www.hautes-alpes.net\/wp-content\/uploads\/2026\/03\/tour-de-france-paysage-pour-site-2000x1000.jpg\" \/>\n<meta name=\"twitter:card\" content=\"summary_large_image\" \/>\n<meta name=\"twitter:label1\" content=\"Est. reading time\" \/>\n\t<meta name=\"twitter:data1\" content=\"4 minutes\" \/>\n<script type=\"application\/ld+json\" class=\"yoast-schema-graph\">{\"@context\":\"https:\/\/schema.org\",\"@graph\":[{\"@type\":\"WebPage\",\"@id\":\"https:\/\/www.hautes-alpes.net\/en\/monte-carlo-rally\/\",\"url\":\"https:\/\/www.hautes-alpes.net\/en\/monte-carlo-rally\/\",\"name\":\"Tour de France 2026 - Hautes-Alpes\",\"isPartOf\":{\"@id\":\"https:\/\/www.hautes-alpes.net\/en\/#website\"},\"primaryImageOfPage\":{\"@id\":\"https:\/\/www.hautes-alpes.net\/en\/monte-carlo-rally\/#primaryimage\"},\"image\":{\"@id\":\"https:\/\/www.hautes-alpes.net\/en\/monte-carlo-rally\/#primaryimage\"},\"thumbnailUrl\":\"https:\/\/www.hautes-alpes.net\/wp-content\/uploads\/2026\/03\/tour-de-france-paysage-pour-site-2000x1000.jpg\",\"datePublished\":\"2026-03-25T13:54:58+00:00\",\"dateModified\":\"2026-03-25T13:56:43+00:00\",\"description\":\"Tour de France 2026 Ph\u00e9nom\u00e9n'Alpes Big eventHip, Hip, Hip Hautes-Alpes ! It's official! The Tour de France will return to the Hautes-Alpes for 3 days for\",\"breadcrumb\":{\"@id\":\"https:\/\/www.hautes-alpes.net\/en\/monte-carlo-rally\/#breadcrumb\"},\"inLanguage\":\"en-US\",\"potentialAction\":[{\"@type\":\"ReadAction\",\"target\":[\"https:\/\/www.hautes-alpes.net\/en\/monte-carlo-rally\/\"]}]},{\"@type\":\"ImageObject\",\"inLanguage\":\"en-US\",\"@id\":\"https:\/\/www.hautes-alpes.net\/en\/monte-carlo-rally\/#primaryimage\",\"url\":\"https:\/\/www.hautes-alpes.net\/wp-content\/uploads\/2026\/03\/tour-de-france-paysage-pour-site-2000x1000.jpg\",\"contentUrl\":\"https:\/\/www.hautes-alpes.net\/wp-content\/uploads\/2026\/03\/tour-de-france-paysage-pour-site-2000x1000.jpg\"},{\"@type\":\"BreadcrumbList\",\"@id\":\"https:\/\/www.hautes-alpes.net\/en\/monte-carlo-rally\/#breadcrumb\",\"itemListElement\":[{\"@type\":\"ListItem\",\"position\":1,\"name\":\"Home\",\"item\":\"https:\/\/www.hautes-alpes.net\/en\/hautes-alpes\/\"},{\"@type\":\"ListItem\",\"position\":2,\"name\":\"Tour de France 2026\"}]},{\"@type\":\"WebSite\",\"@id\":\"https:\/\/www.hautes-alpes.net\/en\/#website\",\"url\":\"https:\/\/www.hautes-alpes.net\/en\/\",\"name\":\"ADDET\",\"description\":\"\",\"publisher\":{\"@id\":\"https:\/\/www.hautes-alpes.net\/en\/#organization\"},\"potentialAction\":[{\"@type\":\"SearchAction\",\"target\":{\"@type\":\"EntryPoint\",\"urlTemplate\":\"https:\/\/www.hautes-alpes.net\/en\/?s={search_term_string}\"},\"query-input\":{\"@type\":\"PropertyValueSpecification\",\"valueRequired\":true,\"valueName\":\"search_term_string\"}}],\"inLanguage\":\"en-US\"},{\"@type\":\"Organization\",\"@id\":\"https:\/\/www.hautes-alpes.net\/en\/#organization\",\"name\":\"Agence D\u00e9partementale de D\u00e9veloppement Economique et Touristique des Hautes-Alpes\",\"url\":\"https:\/\/www.hautes-alpes.net\/en\/\",\"logo\":{\"@type\":\"ImageObject\",\"inLanguage\":\"en-US\",\"@id\":\"https:\/\/www.hautes-alpes.net\/en\/#\/schema\/logo\/image\/\",\"url\":\"https:\/\/www.hautes-alpes.net\/wp-content\/uploads\/2026\/01\/black-logo-2.svg\",\"contentUrl\":\"https:\/\/www.hautes-alpes.net\/wp-content\/uploads\/2026\/01\/black-logo-2.svg\",\"caption\":\"Agence D\u00e9partementale de D\u00e9veloppement Economique et Touristique des Hautes-Alpes\"},\"image\":{\"@id\":\"https:\/\/www.hautes-alpes.net\/en\/#\/schema\/logo\/image\/\"}}]}<\/script>\n<!-- \/ Yoast SEO plugin. -->","yoast_head_json":{"title":"Tour de France 2026 - Hautes-Alpes","description":"Tour de France 2026 Ph\u00e9nom\u00e9n'Alpes Big eventHip, Hip, Hip Hautes-Alpes ! It's official! The Tour de France will return to the Hautes-Alpes for 3 days for","robots":{"index":"index","follow":"follow","max-snippet":"max-snippet:-1","max-image-preview":"max-image-preview:large","max-video-preview":"max-video-preview:-1"},"canonical":"https:\/\/www.hautes-alpes.net\/en\/monte-carlo-rally\/","og_locale":"en_US","og_type":"article","og_title":"Tour de France 2026 - Hautes-Alpes","og_description":"Tour de France 2026 Ph\u00e9nom\u00e9n'Alpes Big eventHip, Hip, Hip Hautes-Alpes ! It's official! The Tour de France will return to the Hautes-Alpes for 3 days for","og_url":"https:\/\/www.hautes-alpes.net\/en\/monte-carlo-rally\/","og_site_name":"Hautes-Alpes","article_modified_time":"2026-03-25T13:56:43+00:00","og_image":[{"url":"https:\/\/www.hautes-alpes.net\/wp-content\/uploads\/2026\/03\/tour-de-france-paysage-pour-site-2000x1000.jpg","type":"","width":"","height":""}],"twitter_card":"summary_large_image","twitter_misc":{"Est. reading time":"4 minutes"},"schema":{"@context":"https:\/\/schema.org","@graph":[{"@type":"WebPage","@id":"https:\/\/www.hautes-alpes.net\/en\/monte-carlo-rally\/","url":"https:\/\/www.hautes-alpes.net\/en\/monte-carlo-rally\/","name":"Tour de France 2026 - Hautes-Alpes","isPartOf":{"@id":"https:\/\/www.hautes-alpes.net\/en\/#website"},"primaryImageOfPage":{"@id":"https:\/\/www.hautes-alpes.net\/en\/monte-carlo-rally\/#primaryimage"},"image":{"@id":"https:\/\/www.hautes-alpes.net\/en\/monte-carlo-rally\/#primaryimage"},"thumbnailUrl":"https:\/\/www.hautes-alpes.net\/wp-content\/uploads\/2026\/03\/tour-de-france-paysage-pour-site-2000x1000.jpg","datePublished":"2026-03-25T13:54:58+00:00","dateModified":"2026-03-25T13:56:43+00:00","description":"Tour de France 2026 Ph\u00e9nom\u00e9n'Alpes Big eventHip, Hip, Hip Hautes-Alpes ! It's official! The Tour de France will return to the Hautes-Alpes for 3 days for","breadcrumb":{"@id":"https:\/\/www.hautes-alpes.net\/en\/monte-carlo-rally\/#breadcrumb"},"inLanguage":"en-US","potentialAction":[{"@type":"ReadAction","target":["https:\/\/www.hautes-alpes.net\/en\/monte-carlo-rally\/"]}]},{"@type":"ImageObject","inLanguage":"en-US","@id":"https:\/\/www.hautes-alpes.net\/en\/monte-carlo-rally\/#primaryimage","url":"https:\/\/www.hautes-alpes.net\/wp-content\/uploads\/2026\/03\/tour-de-france-paysage-pour-site-2000x1000.jpg","contentUrl":"https:\/\/www.hautes-alpes.net\/wp-content\/uploads\/2026\/03\/tour-de-france-paysage-pour-site-2000x1000.jpg"},{"@type":"BreadcrumbList","@id":"https:\/\/www.hautes-alpes.net\/en\/monte-carlo-rally\/#breadcrumb","itemListElement":[{"@type":"ListItem","position":1,"name":"Home","item":"https:\/\/www.hautes-alpes.net\/en\/hautes-alpes\/"},{"@type":"ListItem","position":2,"name":"Tour de France 2026"}]},{"@type":"WebSite","@id":"https:\/\/www.hautes-alpes.net\/en\/#website","url":"https:\/\/www.hautes-alpes.net\/en\/","name":"ADDET","description":"","publisher":{"@id":"https:\/\/www.hautes-alpes.net\/en\/#organization"},"potentialAction":[{"@type":"SearchAction","target":{"@type":"EntryPoint","urlTemplate":"https:\/\/www.hautes-alpes.net\/en\/?s={search_term_string}"},"query-input":{"@type":"PropertyValueSpecification","valueRequired":true,"valueName":"search_term_string"}}],"inLanguage":"en-US"},{"@type":"Organization","@id":"https:\/\/www.hautes-alpes.net\/en\/#organization","name":"Agence D\u00e9partementale de D\u00e9veloppement Economique et Touristique des Hautes-Alpes","url":"https:\/\/www.hautes-alpes.net\/en\/","logo":{"@type":"ImageObject","inLanguage":"en-US","@id":"https:\/\/www.hautes-alpes.net\/en\/#\/schema\/logo\/image\/","url":"https:\/\/www.hautes-alpes.net\/wp-content\/uploads\/2026\/01\/black-logo-2.svg","contentUrl":"https:\/\/www.hautes-alpes.net\/wp-content\/uploads\/2026\/01\/black-logo-2.svg","caption":"Agence D\u00e9partementale de D\u00e9veloppement Economique et Touristique des Hautes-Alpes"},"image":{"@id":"https:\/\/www.hautes-alpes.net\/en\/#\/schema\/logo\/image\/"}}]}},"_links":{"self":[{"href":"https:\/\/www.hautes-alpes.net\/en\/wp-json\/wp\/v2\/pages\/248391","targetHints":{"allow":["GET"]}}],"collection":[{"href":"https:\/\/www.hautes-alpes.net\/en\/wp-json\/wp\/v2\/pages"}],"about":[{"href":"https:\/\/www.hautes-alpes.net\/en\/wp-json\/wp\/v2\/types\/page"}],"author":[{"embeddable":true,"href":"https:\/\/www.hautes-alpes.net\/en\/wp-json\/wp\/v2\/users\/8"}],"replies":[{"embeddable":true,"href":"https:\/\/www.hautes-alpes.net\/en\/wp-json\/wp\/v2\/comments?post=248391"}],"version-history":[{"count":7,"href":"https:\/\/www.hautes-alpes.net\/en\/wp-json\/wp\/v2\/pages\/248391\/revisions"}],"predecessor-version":[{"id":432503,"href":"https:\/\/www.hautes-alpes.net\/en\/wp-json\/wp\/v2\/pages\/248391\/revisions\/432503"}],"wp:attachment":[{"href":"https:\/\/www.hautes-alpes.net\/en\/wp-json\/wp\/v2\/media?parent=248391"}],"wp:term":[{"taxonomy":"page_label","embeddable":true,"href":"https:\/\/www.hautes-alpes.net\/en\/wp-json\/wp\/v2\/page_label?post=248391"}],"curies":[{"name":"wp","href":"https:\/\/api.w.org\/{rel}","templated":true}]}}