{"id":109274,"date":"2025-11-21T11:36:54","date_gmt":"2025-11-21T10:36:54","guid":{"rendered":"https:\/\/www.hautes-alpes.net\/escapes\/route-napoleon\/"},"modified":"2025-12-24T14:53:18","modified_gmt":"2025-12-24T13:53:18","slug":"route-napoleon","status":"publish","type":"page","link":"https:\/\/www.hautes-alpes.net\/en\/escapes\/route-napoleon\/","title":{"rendered":"Route Napol\u00e9on"},"content":{"rendered":"\n<div class=\"wp-block-group alignfull hero-banner-cover-wide has-global-padding is-layout-constrained wp-block-group-is-layout-constrained\"><div class=\"yoast-breadcrumbs\"><span><span><a href=\"https:\/\/www.hautes-alpes.net\/en\/hautes-alpes\/\">Home<\/a><\/span>  <span><a href=\"https:\/\/www.hautes-alpes.net\/en\/escapes\/\">Escapes<\/a><\/span>  <span><a href=\"https:\/\/www.hautes-alpes.net\/en\/escapes\/\">Escapes<\/a><\/span>  <span class=\"breadcrumb_last\" aria-current=\"page\">Route Napol\u00e9on<\/span><\/span><\/div>\n\n\n<h1 class=\"wp-block-ws-library-post-title\">Route <span class=\"text-highlight\">Napol\u00e9on<\/span><\/h1>\n\n\n\n<div class=\"wp-block-ws-library-media-embed ws-media-embed\"><img decoding=\"async\" src=\"https:\/\/www.hautes-alpes.net\/wp-content\/uploads\/2025\/12\/copyright-pat-domeyne-1-2000x1000.jpg\" alt=\"\" class=\"ws-media-embed__image\" style=\"aspect-ratio:2000\/1000\"><\/div>\n\n\n\n<p class=\"subtitle\"><\/p>\n\n\n\n<p><\/p>\n<\/div>\n\n<div style=\"height:50px\" aria-hidden=\"true\" class=\"wp-block-spacer\"><\/div>\n\n<div class=\"wp-block-group alignfull block-etapes has-global-padding is-layout-constrained wp-block-group-is-layout-constrained\">\n<h2 class=\"wp-block-heading is-style-title-1\"><em>Your itineraryIn<\/em>the footsteps of<strong>the emperor<\/strong><\/h2>\n\n\n\n<p>Between the Mediterranean and the Alps, the Route Napol\u00e9on traces a thread of history and grandiose landscapes. In the Hautes-Alpes, it takes on a special dimension: that of a crossing that is both heroic and contemplative, where each pass and valley tells as much of the imperial gesture as of the wild beauty of the mountains. The 314-kilometer itinerary has become a tale of bravery and daring.  <\/p>\n<\/div>\n\n<div style=\"height:50px\" aria-hidden=\"true\" class=\"wp-block-spacer\"><\/div>\n\n<div class=\"wp-block-group alignfull step-by-step has-global-padding is-layout-constrained wp-block-group-is-layout-constrained\">\n<div class=\"wp-block-ws-library-ws-columns alignwide has-2-columns are-vertically-aligned-center layout-5050\">\n<div class=\"wp-block-ws-library-ws-column\"><div class=\"wrapper\">\n<h2 class=\"wp-block-heading\"><em>Day 1<br\/><\/em><strong>Golfe-Juan <strong>\u2192<\/strong><\/strong> <strong>Sisteron<\/strong><\/h2>\n\n\n\n<p>March 1815: the Emperor lands in Golfe-Juan, determined to regain the throne. From the small Mediterranean port, the road winds inland. Leaving the azure glow of the sea behind, it takes in the foothills of the Alps. It soon leads to Sisteron, the &#8220;gateway to Provence&#8221;, dominated by its majestic citadel guarding the narrow Durance gorge. In this spectacular mineral setting, the memory of the imperial epic is anchored in the rock.    <\/p>\n<\/div><\/div>\n\n\n\n<div class=\"wp-block-ws-library-ws-column\"><div class=\"wrapper\">\n<div class=\"wp-block-ws-library-ws-image\"><div class=\"wrapper\"><div class=\"group-media\"><img decoding=\"async\" src=\"https:\/\/www.hautes-alpes.net\/wp-content\/uploads\/2025\/11\/sisteron-verneuil-1240x800.jpg\" alt=\"\" class=\"single_image ws-image-77887\"><div class=\"credits\">Verneuil<\/div><\/div><p class=\"caption\"><\/p><\/div><\/div>\n<\/div><\/div>\n<\/div>\n\n\n\n<div class=\"wp-block-ws-library-ws-columns alignwide has-2-columns are-vertically-aligned-center layout-5050\">\n<div class=\"wp-block-ws-library-ws-column\"><div class=\"wrapper\">\n<h2 class=\"wp-block-heading\"><em>Day 2<br\/><\/em><strong>Along the Durance<\/strong><\/h2>\n\n\n\n<p>Next up is the <strong>Durance valley<\/strong>, a vast natural corridor lined with limestone cliffs and orchards. The villages of the <a href=\"https:\/\/www.hautes-alpes.net\/en\/destinations-hautes-alpes\/buech\/\"><strong>Bu\u00ebch<\/strong> <\/a>follow one another, clinging to their promontories, with their medieval lanes and soaring bell towers. Here, the light plays with the lavender fields and orchards, sometimes green in spring, sometimes golden in summer. It&#8217;s an itinerary where geography marries memory, with each village seemingly waiting for the Emperor to pass through.   <\/p>\n<\/div><\/div>\n\n\n\n<div class=\"wp-block-ws-library-ws-column\"><div class=\"wrapper\">\n<div class=\"wp-block-ws-library-ws-image\"><div class=\"wrapper\"><div class=\"group-media\"><img decoding=\"async\" src=\"https:\/\/www.hautes-alpes.net\/wp-content\/uploads\/2025\/11\/serres-ruelle-pat-1240x800.jpg\" alt=\"Ruelle de Serres labellis\u00e9e Petite Cit\u00e9 de Caract\u00e8re sous un rayon de soleil (Serres alleyway, classified as a \"Petite Cit\u00e9 de Caract\u00e8re\")\" class=\"single_image ws-image-57807\"><div class=\"credits\">P. Domeyne &#8211; AD05<\/div><\/div><p class=\"caption\">Ruelle de Serres labellis\u00e9e Petite Cit\u00e9 de Caract\u00e8re sous un rayon de soleil (Serres alleyway, classified as a &#8220;Petite Cit\u00e9 de Caract\u00e8re&#8221;)<\/p><\/div><\/div>\n<\/div><\/div>\n<\/div>\n\n\n\n<div class=\"wp-block-ws-library-ws-columns alignwide has-2-columns are-vertically-aligned-center layout-5050\">\n<div class=\"wp-block-ws-library-ws-column\"><div class=\"wrapper\">\n<h2 class=\"wp-block-heading\"><em>Day 3<br\/><\/em><strong>Stopover in Gap<\/strong><\/h2>\n\n\n\n<p>The stopover in <strong><a href=\"http:\/\/gapen%C3%A7ais\">Gap<\/a><\/strong>the gentle capital of the Hautes-Alpes, is a good place to stop. Today&#8217;s traveler will discover a lively city, with lively terraces and cobblestone streets that open onto the surrounding peaks. The mountains encircle the city like a natural amphitheater, offering a grandiose spectacle in every season: snow-covered peaks in winter, flowering meadows in summer. It&#8217;s easy to see why Napoleon found it a strategic and welcoming stopover.<\/p>\n<\/div><\/div>\n\n\n\n<div class=\"wp-block-ws-library-ws-column\"><div class=\"wrapper\">\n<div class=\"wp-block-ws-library-ws-image\"><div class=\"wrapper\"><div class=\"group-media\"><img decoding=\"async\" src=\"https:\/\/www.hautes-alpes.net\/wp-content\/uploads\/2025\/12\/route-napo-detail-facade-gapfabien-thibault-2-1-1240x800.jpg\" alt=\"\" class=\"single_image ws-image-97135\"><div class=\"credits\">F. Thibault<\/div><\/div><p class=\"caption\"><\/p><\/div><\/div>\n<\/div><\/div>\n<\/div>\n\n\n\n<div class=\"wp-block-ws-library-ws-columns alignwide has-2-columns are-vertically-aligned-center layout-5050\">\n<div class=\"wp-block-ws-library-ws-column\"><div class=\"wrapper\">\n<h2 class=\"wp-block-heading\"><em>Day 4<br\/><\/em><strong>Bayard <strong>\u2192<\/strong><\/strong> <strong>Laffrey<\/strong><\/h2>\n\n\n\n<p>After Gap, the route climbs to the <strong>Col Bayard<\/strong> (1,246 m) and then descends to <a href=\"https:\/\/www.hautes-alpes.net\/en\/destinations-hautes-alpes\/champsaur-valgaudemar\/\">Champsaur<\/a>, where the road crosses passes such as the Noyer and Manse, dotted with <strong>Napoleon<a href=\"https:\/\/www.hautes-alpes.net\/en\/iconic\/shelters\/\">refuges <\/a><\/strong> designed in the XIX\u1d49 century. The route can be extended towards the Dauphin\u00e9 to Grenoble, via Laffrey. This is where one of the most famous episodes takes place: the Emperor&#8217;s meeting with the royal troops. Today, the scenery speaks for itself: a peaceful lake, surrounded by steep ridges, where the echoes of history still linger.<\/p>\n<\/div><\/div>\n\n\n\n<div class=\"wp-block-ws-library-ws-column\"><div class=\"wrapper\">\n<div class=\"wp-block-ws-library-ws-image\"><div class=\"wrapper\"><div class=\"group-media\"><img decoding=\"async\" src=\"https:\/\/www.hautes-alpes.net\/wp-content\/uploads\/2025\/12\/dji-0966-1240x800.jpg\" alt=\"\" class=\"single_image ws-image-95064\"><div class=\"credits\">C. Tempier &#8211; AD05<\/div><\/div><p class=\"caption\"><\/p><\/div><\/div>\n<\/div><\/div>\n<\/div>\n<\/div>\n\n<div style=\"height:50px\" aria-hidden=\"true\" class=\"wp-block-spacer\"><\/div>\n\n<div class=\"wp-block-ws-library-ws-animated-quote\"><blockquote class=\"quote-container quote-align-undefined\" cite=\"https:\/\/www.websenso.com\"><div class=\"group-media\"><div class=\"field-image\"><img decoding=\"async\" class=\"quote-avatar ws-image-77882\" src=\"https:\/\/www.hautes-alpes.net\/wp-content\/uploads\/2025\/11\/27082015-mg-0446-160x160.jpg\" data-full-url=\"https:\/\/www.hautes-alpes.net\/wp-content\/uploads\/2025\/11\/27082015-mg-0446.jpg\" alt=\"\"><\/div><\/div><footer><cite class=\"quote-subcontent\"><strong>Napoleon Bonaparte<\/strong><\/cite><\/footer><p class=\"quote-content\">&#8220;Of all my campaigns, none offered such majestic bivouacs as the mountains of the Hautes-Alpes. If the Empire were to be reborn, I would gladly build it here, between passes and valleys.&#8221;<\/p><\/blockquote><\/div>\n\n<div style=\"height:50px\" aria-hidden=\"true\" class=\"wp-block-spacer\"><\/div>\n\n<h2 class=\"wp-block-heading is-style-title-1\"><strong>Practical<\/strong> notebook<\/h2>\n\n<div class=\"wp-block-ws-library-ws-tabs alignfull\"><ul class=\"tabs-titles\"><li class=\"tab-title is-active\" data-tab-index=\"0\">The Route Napol\u00e9on on horseback<\/li><li class=\"tab-title\" data-tab-index=\"1\">ANERN: preserving the memory of the Route Napol\u00e9on<\/li><\/ul><div class=\"tabs-list\">\n<div class=\"wp-block-ws-library-ws-tab\" style=\"display:none\"><p class=\"tab-title\">The Route Napol\u00e9on on horseback<\/p><div class=\"tab-content\">\n<div class=\"wp-block-group tab-row is-nowrap is-layout-flex wp-container-core-group-is-layout-6c531013 wp-block-group-is-layout-flex\">\n<div class=\"wp-block-group tab-group-content is-layout-flow wp-block-group-is-layout-flow\">\n<p class=\"is-style-highlighted\">Follow in the footsteps of the<strong>Emperor<\/strong> at the pace of the horse: this is the unique experience on offer in the <strong>Hautes-Alpes<\/strong>. Over several days, the equestrian itinerary follows the historic route, alternating between verdant valleys, panoramic passes and convivial stops at <strong>Napoleon<\/strong> refuges. Supported by the <strong>Hautes-Alpes department<\/strong>, this initiative restores the adventure dimension of this legendary route: bivouacs under the stars, encounters with local riders, total immersion in Alpine landscapes. Another, slower and more sensitive way to discover France&#8217;s most legendary route.   <\/p>\n<\/div>\n<\/div>\n<\/div><\/div>\n\n\n\n<div class=\"wp-block-ws-library-ws-tab\" style=\"display:none\"><p class=\"tab-title\">ANERN: preserving the memory of the Route Napol\u00e9on<\/p><div class=\"tab-content\">\n<div class=\"wp-block-group tab-row is-nowrap is-layout-flex wp-container-core-group-is-layout-6c531013 wp-block-group-is-layout-flex\">\n<div class=\"wp-block-group tab-group-content is-layout-flow wp-block-group-is-layout-flow\">\n<p class=\"is-style-highlighted\">Founded in <strong>1969<\/strong>, the<strong>Association Action Nationale des \u00c9lues pour la Route Napol\u00e9on (ANERN<\/strong> ) brings together 42 communes from <strong>Golfe-Juan<\/strong> to <strong>Grenoble<\/strong> to promote the project of a road that is both historic and alive.<\/p>\n\n\n\n<p>It strives to ensure that the <strong>RN 85<\/strong> is recognized not only as a major tourist route, but also as a structuring axis for the territories it crosses &#8211; by supporting small towns, coordinating signage, publishing guides and hosting dedicated areas. In this way,<strong>ANERN<\/strong> is the contemporary soul of <strong>the Route Napol\u00e9on<\/strong>: a promotional institution, a local intermediary and a guardian of the region&#8217;s heritage, it offers travellers a common thread through which to immerse themselves in history while discovering the cultural and scenic riches of the <strong>Alps and Provence<\/strong>. <\/p>\n\n\n\n<div class=\"wp-block-buttons is-layout-flex wp-block-buttons-is-layout-flex\">\n<div class=\"wp-block-button\"><a class=\"wp-block-button__link wp-element-button\" href=\"https:\/\/route-napoleon.com\/\" target=\"_blank\" rel=\"noreferrer noopener\">See the ANERN website<\/a><\/div>\n<\/div>\n<\/div>\n<\/div>\n<\/div><\/div>\n<\/div><\/div>\n\n<div class=\"wp-block-ws-library-ws-share\"><span class=\"share-subtitle\">Did you like this page?<\/span><span class=\"share-title\">Share it!<\/span><button class=\"ws-share-button wp-element-button\">Share this page<\/button><\/div>\n","protected":false},"excerpt":{"rendered":"<p>Your itineraryInthe footsteps ofthe emperor Between the Mediterranean and the Alps, the Route Napol\u00e9on traces a thread of history and [&hellip;]<\/p>\n","protected":false},"author":8,"featured_media":0,"parent":107936,"menu_order":0,"comment_status":"closed","ping_status":"closed","template":"","meta":{"is_dark_mode":true,"footnotes":""},"page_label":[],"class_list":["post-109274","page","type-page","status-publish","hentry"],"yoast_head":"<!-- This site is optimized with the Yoast SEO plugin v27.5 - https:\/\/yoast.com\/product\/yoast-seo-wordpress\/ -->\n<title>Route Napol\u00e9on - Hautes-Alpes<\/title>\n<meta name=\"description\" content=\"Route Napol\u00e9on Your itineraryInthe footsteps ofthe emperor Between the Mediterranean and the Alps, the Route Napol\u00e9on traces a thread of history and\" \/>\n<meta name=\"robots\" content=\"index, follow, max-snippet:-1, max-image-preview:large, max-video-preview:-1\" \/>\n<link rel=\"canonical\" href=\"https:\/\/www.hautes-alpes.net\/en\/escapes\/route-napoleon\/\" \/>\n<meta property=\"og:locale\" content=\"en_US\" \/>\n<meta property=\"og:type\" content=\"article\" \/>\n<meta property=\"og:title\" content=\"Route Napol\u00e9on - Hautes-Alpes\" \/>\n<meta property=\"og:description\" content=\"Route Napol\u00e9on Your itineraryInthe footsteps ofthe emperor Between the Mediterranean and the Alps, the Route Napol\u00e9on traces a thread of history and\" \/>\n<meta property=\"og:url\" content=\"https:\/\/www.hautes-alpes.net\/en\/escapes\/route-napoleon\/\" \/>\n<meta property=\"og:site_name\" content=\"Hautes-Alpes\" \/>\n<meta property=\"article:modified_time\" content=\"2025-12-24T13:53:18+00:00\" \/>\n<meta property=\"og:image\" content=\"https:\/\/www.hautes-alpes.net\/wp-content\/uploads\/2025\/12\/copyright-pat-domeyne-1-2000x1000.jpg\" \/>\n<meta name=\"twitter:card\" content=\"summary_large_image\" \/>\n<meta name=\"twitter:label1\" content=\"Est. reading time\" \/>\n\t<meta name=\"twitter:data1\" content=\"4 minutes\" \/>\n<script type=\"application\/ld+json\" class=\"yoast-schema-graph\">{\"@context\":\"https:\\\/\\\/schema.org\",\"@graph\":[{\"@type\":\"WebPage\",\"@id\":\"https:\\\/\\\/www.hautes-alpes.net\\\/en\\\/escapes\\\/route-napoleon\\\/\",\"url\":\"https:\\\/\\\/www.hautes-alpes.net\\\/en\\\/escapes\\\/route-napoleon\\\/\",\"name\":\"Route Napol\u00e9on - Hautes-Alpes\",\"isPartOf\":{\"@id\":\"https:\\\/\\\/www.hautes-alpes.net\\\/en\\\/#website\"},\"primaryImageOfPage\":{\"@id\":\"https:\\\/\\\/www.hautes-alpes.net\\\/en\\\/escapes\\\/route-napoleon\\\/#primaryimage\"},\"image\":{\"@id\":\"https:\\\/\\\/www.hautes-alpes.net\\\/en\\\/escapes\\\/route-napoleon\\\/#primaryimage\"},\"thumbnailUrl\":\"https:\\\/\\\/www.hautes-alpes.net\\\/wp-content\\\/uploads\\\/2025\\\/12\\\/copyright-pat-domeyne-1-2000x1000.jpg\",\"datePublished\":\"2025-11-21T10:36:54+00:00\",\"dateModified\":\"2025-12-24T13:53:18+00:00\",\"description\":\"Route Napol\u00e9on Your itineraryInthe footsteps ofthe emperor Between the Mediterranean and the Alps, the Route Napol\u00e9on traces a thread of history and\",\"breadcrumb\":{\"@id\":\"https:\\\/\\\/www.hautes-alpes.net\\\/en\\\/escapes\\\/route-napoleon\\\/#breadcrumb\"},\"inLanguage\":\"en-US\",\"potentialAction\":[{\"@type\":\"ReadAction\",\"target\":[\"https:\\\/\\\/www.hautes-alpes.net\\\/en\\\/escapes\\\/route-napoleon\\\/\"]}]},{\"@type\":\"ImageObject\",\"inLanguage\":\"en-US\",\"@id\":\"https:\\\/\\\/www.hautes-alpes.net\\\/en\\\/escapes\\\/route-napoleon\\\/#primaryimage\",\"url\":\"https:\\\/\\\/www.hautes-alpes.net\\\/wp-content\\\/uploads\\\/2025\\\/12\\\/copyright-pat-domeyne-1-2000x1000.jpg\",\"contentUrl\":\"https:\\\/\\\/www.hautes-alpes.net\\\/wp-content\\\/uploads\\\/2025\\\/12\\\/copyright-pat-domeyne-1-2000x1000.jpg\"},{\"@type\":\"BreadcrumbList\",\"@id\":\"https:\\\/\\\/www.hautes-alpes.net\\\/en\\\/escapes\\\/route-napoleon\\\/#breadcrumb\",\"itemListElement\":[{\"@type\":\"ListItem\",\"position\":1,\"name\":\"Home\",\"item\":\"https:\\\/\\\/www.hautes-alpes.net\\\/en\\\/hautes-alpes\\\/\"},{\"@type\":\"ListItem\",\"position\":2,\"name\":\"Escapes\",\"item\":\"https:\\\/\\\/www.hautes-alpes.net\\\/en\\\/escapes\\\/\"},{\"@type\":\"ListItem\",\"position\":3,\"name\":\"Escapes\",\"item\":\"https:\\\/\\\/www.hautes-alpes.net\\\/en\\\/escapes\\\/\"},{\"@type\":\"ListItem\",\"position\":4,\"name\":\"Route Napol\u00e9on\"}]},{\"@type\":\"WebSite\",\"@id\":\"https:\\\/\\\/www.hautes-alpes.net\\\/en\\\/#website\",\"url\":\"https:\\\/\\\/www.hautes-alpes.net\\\/en\\\/\",\"name\":\"ADDET\",\"description\":\"\",\"publisher\":{\"@id\":\"https:\\\/\\\/www.hautes-alpes.net\\\/en\\\/#organization\"},\"potentialAction\":[{\"@type\":\"SearchAction\",\"target\":{\"@type\":\"EntryPoint\",\"urlTemplate\":\"https:\\\/\\\/www.hautes-alpes.net\\\/en\\\/?s={search_term_string}\"},\"query-input\":{\"@type\":\"PropertyValueSpecification\",\"valueRequired\":true,\"valueName\":\"search_term_string\"}}],\"inLanguage\":\"en-US\"},{\"@type\":\"Organization\",\"@id\":\"https:\\\/\\\/www.hautes-alpes.net\\\/en\\\/#organization\",\"name\":\"Agence D\u00e9partementale de D\u00e9veloppement Economique et Touristique des Hautes-Alpes\",\"url\":\"https:\\\/\\\/www.hautes-alpes.net\\\/en\\\/\",\"logo\":{\"@type\":\"ImageObject\",\"inLanguage\":\"en-US\",\"@id\":\"https:\\\/\\\/www.hautes-alpes.net\\\/en\\\/#\\\/schema\\\/logo\\\/image\\\/\",\"url\":\"https:\\\/\\\/www.hautes-alpes.net\\\/wp-content\\\/uploads\\\/2026\\\/01\\\/black-logo-2.svg\",\"contentUrl\":\"https:\\\/\\\/www.hautes-alpes.net\\\/wp-content\\\/uploads\\\/2026\\\/01\\\/black-logo-2.svg\",\"caption\":\"Agence D\u00e9partementale de D\u00e9veloppement Economique et Touristique des Hautes-Alpes\"},\"image\":{\"@id\":\"https:\\\/\\\/www.hautes-alpes.net\\\/en\\\/#\\\/schema\\\/logo\\\/image\\\/\"}}]}<\/script>\n<!-- \/ Yoast SEO plugin. -->","yoast_head_json":{"title":"Route Napol\u00e9on - Hautes-Alpes","description":"Route Napol\u00e9on Your itineraryInthe footsteps ofthe emperor Between the Mediterranean and the Alps, the Route Napol\u00e9on traces a thread of history and","robots":{"index":"index","follow":"follow","max-snippet":"max-snippet:-1","max-image-preview":"max-image-preview:large","max-video-preview":"max-video-preview:-1"},"canonical":"https:\/\/www.hautes-alpes.net\/en\/escapes\/route-napoleon\/","og_locale":"en_US","og_type":"article","og_title":"Route Napol\u00e9on - Hautes-Alpes","og_description":"Route Napol\u00e9on Your itineraryInthe footsteps ofthe emperor Between the Mediterranean and the Alps, the Route Napol\u00e9on traces a thread of history and","og_url":"https:\/\/www.hautes-alpes.net\/en\/escapes\/route-napoleon\/","og_site_name":"Hautes-Alpes","article_modified_time":"2025-12-24T13:53:18+00:00","og_image":[{"url":"https:\/\/www.hautes-alpes.net\/wp-content\/uploads\/2025\/12\/copyright-pat-domeyne-1-2000x1000.jpg","type":"","width":"","height":""}],"twitter_card":"summary_large_image","twitter_misc":{"Est. reading time":"4 minutes"},"schema":{"@context":"https:\/\/schema.org","@graph":[{"@type":"WebPage","@id":"https:\/\/www.hautes-alpes.net\/en\/escapes\/route-napoleon\/","url":"https:\/\/www.hautes-alpes.net\/en\/escapes\/route-napoleon\/","name":"Route Napol\u00e9on - Hautes-Alpes","isPartOf":{"@id":"https:\/\/www.hautes-alpes.net\/en\/#website"},"primaryImageOfPage":{"@id":"https:\/\/www.hautes-alpes.net\/en\/escapes\/route-napoleon\/#primaryimage"},"image":{"@id":"https:\/\/www.hautes-alpes.net\/en\/escapes\/route-napoleon\/#primaryimage"},"thumbnailUrl":"https:\/\/www.hautes-alpes.net\/wp-content\/uploads\/2025\/12\/copyright-pat-domeyne-1-2000x1000.jpg","datePublished":"2025-11-21T10:36:54+00:00","dateModified":"2025-12-24T13:53:18+00:00","description":"Route Napol\u00e9on Your itineraryInthe footsteps ofthe emperor Between the Mediterranean and the Alps, the Route Napol\u00e9on traces a thread of history and","breadcrumb":{"@id":"https:\/\/www.hautes-alpes.net\/en\/escapes\/route-napoleon\/#breadcrumb"},"inLanguage":"en-US","potentialAction":[{"@type":"ReadAction","target":["https:\/\/www.hautes-alpes.net\/en\/escapes\/route-napoleon\/"]}]},{"@type":"ImageObject","inLanguage":"en-US","@id":"https:\/\/www.hautes-alpes.net\/en\/escapes\/route-napoleon\/#primaryimage","url":"https:\/\/www.hautes-alpes.net\/wp-content\/uploads\/2025\/12\/copyright-pat-domeyne-1-2000x1000.jpg","contentUrl":"https:\/\/www.hautes-alpes.net\/wp-content\/uploads\/2025\/12\/copyright-pat-domeyne-1-2000x1000.jpg"},{"@type":"BreadcrumbList","@id":"https:\/\/www.hautes-alpes.net\/en\/escapes\/route-napoleon\/#breadcrumb","itemListElement":[{"@type":"ListItem","position":1,"name":"Home","item":"https:\/\/www.hautes-alpes.net\/en\/hautes-alpes\/"},{"@type":"ListItem","position":2,"name":"Escapes","item":"https:\/\/www.hautes-alpes.net\/en\/escapes\/"},{"@type":"ListItem","position":3,"name":"Escapes","item":"https:\/\/www.hautes-alpes.net\/en\/escapes\/"},{"@type":"ListItem","position":4,"name":"Route Napol\u00e9on"}]},{"@type":"WebSite","@id":"https:\/\/www.hautes-alpes.net\/en\/#website","url":"https:\/\/www.hautes-alpes.net\/en\/","name":"ADDET","description":"","publisher":{"@id":"https:\/\/www.hautes-alpes.net\/en\/#organization"},"potentialAction":[{"@type":"SearchAction","target":{"@type":"EntryPoint","urlTemplate":"https:\/\/www.hautes-alpes.net\/en\/?s={search_term_string}"},"query-input":{"@type":"PropertyValueSpecification","valueRequired":true,"valueName":"search_term_string"}}],"inLanguage":"en-US"},{"@type":"Organization","@id":"https:\/\/www.hautes-alpes.net\/en\/#organization","name":"Agence D\u00e9partementale de D\u00e9veloppement Economique et Touristique des Hautes-Alpes","url":"https:\/\/www.hautes-alpes.net\/en\/","logo":{"@type":"ImageObject","inLanguage":"en-US","@id":"https:\/\/www.hautes-alpes.net\/en\/#\/schema\/logo\/image\/","url":"https:\/\/www.hautes-alpes.net\/wp-content\/uploads\/2026\/01\/black-logo-2.svg","contentUrl":"https:\/\/www.hautes-alpes.net\/wp-content\/uploads\/2026\/01\/black-logo-2.svg","caption":"Agence D\u00e9partementale de D\u00e9veloppement Economique et Touristique des Hautes-Alpes"},"image":{"@id":"https:\/\/www.hautes-alpes.net\/en\/#\/schema\/logo\/image\/"}}]}},"_links":{"self":[{"href":"https:\/\/www.hautes-alpes.net\/en\/wp-json\/wp\/v2\/pages\/109274","targetHints":{"allow":["GET"]}}],"collection":[{"href":"https:\/\/www.hautes-alpes.net\/en\/wp-json\/wp\/v2\/pages"}],"about":[{"href":"https:\/\/www.hautes-alpes.net\/en\/wp-json\/wp\/v2\/types\/page"}],"author":[{"embeddable":true,"href":"https:\/\/www.hautes-alpes.net\/en\/wp-json\/wp\/v2\/users\/8"}],"replies":[{"embeddable":true,"href":"https:\/\/www.hautes-alpes.net\/en\/wp-json\/wp\/v2\/comments?post=109274"}],"version-history":[{"count":9,"href":"https:\/\/www.hautes-alpes.net\/en\/wp-json\/wp\/v2\/pages\/109274\/revisions"}],"predecessor-version":[{"id":133670,"href":"https:\/\/www.hautes-alpes.net\/en\/wp-json\/wp\/v2\/pages\/109274\/revisions\/133670"}],"up":[{"embeddable":true,"href":"https:\/\/www.hautes-alpes.net\/en\/wp-json\/wp\/v2\/pages\/107936"}],"wp:attachment":[{"href":"https:\/\/www.hautes-alpes.net\/en\/wp-json\/wp\/v2\/media?parent=109274"}],"wp:term":[{"taxonomy":"page_label","embeddable":true,"href":"https:\/\/www.hautes-alpes.net\/en\/wp-json\/wp\/v2\/page_label?post=109274"}],"curies":[{"name":"wp","href":"https:\/\/api.w.org\/{rel}","templated":true}]}}