{"id":109030,"date":"2025-11-24T16:28:00","date_gmt":"2025-11-24T15:28:00","guid":{"rendered":"https:\/\/www.hautes-alpes.net\/the-development-agency\/classification-of-meubles-de-tourisme\/"},"modified":"2026-04-02T11:28:40","modified_gmt":"2026-04-02T09:28:40","slug":"classification-of-meubles-de-tourisme","status":"publish","type":"page","link":"https:\/\/www.hautes-alpes.net\/en\/the-development-agency\/classification-of-meubles-de-tourisme\/","title":{"rendered":"Classification of meubl\u00e9s de tourisme"},"content":{"rendered":"\n<div class=\"wp-block-group alignfull hero-banner-cover-wide has-global-padding is-layout-constrained wp-block-group-is-layout-constrained\"><div class=\"yoast-breadcrumbs\"><span><span><a href=\"https:\/\/www.hautes-alpes.net\/en\/hautes-alpes\/\">Home<\/a><\/span>  <span><a href=\"https:\/\/www.hautes-alpes.net\/en\/the-development-agency\/\">The Development Agency<\/a><\/span>  <span><a href=\"https:\/\/www.hautes-alpes.net\/en\/the-development-agency\/\">The Development Agency<\/a><\/span>  <span class=\"breadcrumb_last\" aria-current=\"page\">Classification of meubl\u00e9s de tourisme<\/span><\/span><\/div>\n\n\n<h1 class=\"wp-block-ws-library-post-title\">Classification of meubl\u00e9s de tourisme<\/h1>\n\n\n\n<div class=\"wp-block-ws-library-media-embed ws-media-embed\"><img decoding=\"async\" src=\"https:\/\/www.hautes-alpes.net\/wp-content\/uploads\/2025\/12\/chalet-l-e-toile-alpesphotographiescom-8-1600x1000.jpg\" alt=\"\" class=\"ws-media-embed__image\" style=\"aspect-ratio:2000\/1000\"><\/div>\n\n\n\n<p class=\"subtitle\">Ranking is winning!<\/p>\n\n\n\n<p>The Agence de D\u00e9veloppement des Hautes-Alpes is authorized to classify furnished tourist accommodation. This simple, voluntary procedure enhances the quality of your accommodation, boosts its visibility and offers tax benefits. Here you&#8217;ll find all the practical information you need to submit an application and prepare for the classification visit.  <\/p>\n<\/div>\n\n<div style=\"height:50px\" aria-hidden=\"true\" class=\"wp-block-spacer\"><\/div>\n\n<div class=\"wp-block-group has-global-padding is-layout-constrained wp-block-group-is-layout-constrained\">\n<h2 class=\"wp-block-heading is-style-title-1\">The advantages of <strong>classification<\/strong><\/h2>\n\n\n\n<p>Classifying your meubl\u00e9 de tourisme offers a number of advantages. First and foremost, it&#8217;s an excellent way of <strong>gaining visibility<\/strong> and <strong>promoting your accommodation<\/strong> in a more professional way. Classification also simplifies administrative formalities, notably the declaration of tourist tax. It also enables you to benefit from an <strong>advantageous tax regime<\/strong>, with a not inconsiderable tax reduction. What&#8217;s more, it is a <strong>guarantee of seriousness and quality<\/strong> that reassures customers and gives them confidence when booking. Last but not least, the classification opens up the possibility of accepting vacation vouchers, an additional asset for attracting a wider clientele.     <\/p>\n<\/div>\n\n<div class=\"wp-block-ws-library-ws-columns has-2-columns are-vertically-aligned-center layout-5050\">\n<div class=\"wp-block-ws-library-ws-column\"><div class=\"wrapper\">\n<div class=\"wp-block-ws-library-ws-image\"><div class=\"wrapper\"><div class=\"group-media\"><img decoding=\"async\" src=\"https:\/\/www.hautes-alpes.net\/wp-content\/uploads\/2026\/02\/chalet-dimonti-alpesphotographiescom-8-1240x800.jpg\" alt=\"\" class=\"single_image ws-image-306745\"><div class=\"credits\">Alpes Photographies<\/div><\/div><p class=\"caption\"><\/p><\/div><\/div>\n<\/div><\/div>\n\n\n\n<div class=\"wp-block-ws-library-ws-column\"><div class=\"wrapper\">\n<div class=\"wp-block-ws-library-ws-image\"><div class=\"wrapper\"><div class=\"group-media\"><img decoding=\"async\" src=\"https:\/\/www.hautes-alpes.net\/wp-content\/uploads\/2026\/02\/grand-hotel-we-like-communication-refuge-hotel-sc-7-1240x800.jpg\" alt=\"\" class=\"single_image ws-image-306744\"><div class=\"credits\">WeLikeCommunication<\/div><\/div><p class=\"caption\"><\/p><\/div><\/div>\n<\/div><\/div>\n<\/div>\n\n<div class=\"wp-block-group has-global-padding is-layout-constrained wp-block-group-is-layout-constrained\">\n<h2 class=\"wp-block-heading is-style-title-1\">The role of <strong>the Development Agency<\/strong><\/h2>\n\n\n\n<p>The Agency assists owners with their procedures, carries out inspection visits and issues the official classification decision, a guarantee of quality and recognition for their accommodation.<\/p>\n<\/div>\n\n<div class=\"wp-block-group has-global-padding is-layout-constrained wp-block-group-is-layout-constrained\">\n<h2 class=\"wp-block-heading is-style-title-1\"><strong>5 key steps<\/strong><\/h2>\n\n\n\n<ol class=\"wp-block-list\">\n<li>Declaration of the furnished accommodation at the town hall of the commune where it is located<\/li>\n\n\n\n<li>For professional and non-professional furnished-rental businesses, registration is required to obtain a SIRET number within 15 days of starting business.  <a href=\"https:\/\/procedures.inpi.fr\/?\/\" target=\"_blank\" rel=\"noreferrer noopener\">Declare me<\/a><\/li>\n\n\n\n<li>Preparing for the inspection visit<\/li>\n\n\n\n<li>Order the visit<br\/>To do this, download the file and return it, accompanied by:<br\/>&#8211; the declaration document to the town hall at <a href=\"mailto:emilie.michelet@hautes-alpes.net\">emilie.michelet@hautes-alpes.net<\/a><br\/>&#8211; a deposit of \u20ac50 on the bank details included in the order form.<\/li>\n\n\n\n<li>Setting up the rental property<br\/>The furnished property must be unoccupied on the day of the visit, with beds and pillows fitted with undersheets.<\/li>\n<\/ol>\n<\/div>\n\n<h2 class=\"wp-block-heading is-style-title-1\"><strong>Useful<\/strong> documentation<\/h2>\n\n<h3 class=\"wp-block-heading\"><strong><em>The law<\/em><\/strong><\/h3>\n\n<div class=\"wp-block-group tab-group-content is-layout-flow wp-block-group-is-layout-flow\">\n<p class=\"is-style-highlighted\">The classification of furnished accommodation is governed by French law.<\/p>\n\n\n\n<div class=\"wp-block-ws-library-ws-documents\">\n<div class=\"wp-block-ws-library-ws-document\"><a href=\"https:\/\/www.hautes-alpes.net\/wp-content\/uploads\/2025\/11\/laloi.pdf\" target=\"_blank\" rel=\"noopener noreferrer\" class=\"link-document\">Read the law<\/a><\/div>\n<\/div>\n<\/div>\n\n<h3 class=\"wp-block-heading\"><strong><em>The criteria<\/em><\/strong><\/h3>\n\n<div class=\"wp-block-group tab-group-content is-layout-flow wp-block-group-is-layout-flow\">\n<p class=\"is-style-highlighted\">The classification of furnished accommodation is subject to several criteria, depending on the number of stars expected. These criteria and their explanations can be found here : <\/p>\n\n\n\n<div class=\"wp-block-ws-library-ws-documents\">\n<div class=\"wp-block-ws-library-ws-document\"><a href=\"https:\/\/www.hautes-alpes.net\/wp-content\/uploads\/2025\/11\/lescriteres.pdf\" target=\"_blank\" rel=\"noopener noreferrer\" class=\"link-document\">Criteria &#8211; Atout France<\/a><\/div>\n\n\n\n<div class=\"wp-block-ws-library-ws-document\"><a href=\"https:\/\/www.hautes-alpes.net\/wp-content\/uploads\/2025\/11\/annexe-explicative-des-criteres-meubles-2025-1.pdf\" target=\"_blank\" rel=\"noopener noreferrer\" class=\"link-document\">Criteria explanatory appendix<\/a><\/div>\n<\/div>\n<\/div>\n\n<h3 class=\"wp-block-heading\"><strong><em>The procedure<\/em><\/strong><\/h3>\n\n<div class=\"wp-block-group tab-group-content is-layout-flow wp-block-group-is-layout-flow\">\n<p class=\"is-style-highlighted\">Find out more about the grading procedure here :<\/p>\n\n\n\n<div class=\"wp-block-ws-library-ws-documents\">\n<div class=\"wp-block-ws-library-ws-document\"><a href=\"https:\/\/www.hautes-alpes.net\/wp-content\/uploads\/2025\/11\/procedure-classement-avec-mentions-1.pdf\" target=\"_blank\" rel=\"noopener noreferrer\" class=\"link-document\">Classification procedure<\/a><\/div>\n<\/div>\n<\/div>\n\n<h3 class=\"wp-block-heading\"><strong><em>Preparing my home for the grading visit<\/em><\/strong><\/h3>\n\n<div class=\"wp-block-group tab-group-content is-layout-flow wp-block-group-is-layout-flow\">\n<p class=\"is-style-highlighted\">All the tips you need to prepare your home for the inspection visit here:<\/p>\n\n\n\n<div class=\"wp-block-ws-library-ws-documents\">\n<div class=\"wp-block-ws-library-ws-document\"><a href=\"https:\/\/www.hautes-alpes.net\/wp-content\/uploads\/2025\/11\/preparermonlogement.pdf\" target=\"_blank\" rel=\"noopener noreferrer\" class=\"link-document\">Preparing my home<\/a><\/div>\n<\/div>\n<\/div>\n\n<h3 class=\"wp-block-heading\"><strong><em>Order\/reserve a visit or renewal<\/em><\/strong><\/h3>\n\n<div class=\"wp-block-group tab-group-content is-layout-flow wp-block-group-is-layout-flow\">\n<p class=\"is-style-highlighted\">To order an inspection visit, please complete the following form:<\/p>\n\n\n\n<div class=\"wp-block-ws-library-ws-documents\">\n<div class=\"wp-block-ws-library-ws-document\"><a href=\"https:\/\/www.hautes-alpes.net\/wp-content\/uploads\/2026\/01\/telechargerledossier-2024.pdf\" target=\"_blank\" rel=\"noopener noreferrer\" class=\"link-document\">Download the file<\/a><\/div>\n<\/div>\n<\/div>\n\n<div style=\"height:50px\" aria-hidden=\"true\" class=\"wp-block-spacer\"><\/div>\n<div class=\"wp-block-ws-library-ws-last-document\"><div class=\"card card-document ws-last-document\"><div class=\"group-media\"><img loading=\"lazy\" decoding=\"async\" width=\"480\" height=\"681\" src=\"https:\/\/www.hautes-alpes.net\/wp-content\/uploads\/2025\/12\/capture-decran-2025-12-17-165255-480x681.png\" class=\"custom-preview size-480x700\" alt=\"\" srcset=\"https:\/\/www.hautes-alpes.net\/wp-content\/uploads\/2025\/12\/capture-decran-2025-12-17-165255-480x681.png 480w, https:\/\/www.hautes-alpes.net\/wp-content\/uploads\/2025\/12\/capture-decran-2025-12-17-165255-211x300.png 211w, https:\/\/www.hautes-alpes.net\/wp-content\/uploads\/2025\/12\/capture-decran-2025-12-17-165255-722x1024.png 722w, https:\/\/www.hautes-alpes.net\/wp-content\/uploads\/2025\/12\/capture-decran-2025-12-17-165255-768x1089.png 768w, https:\/\/www.hautes-alpes.net\/wp-content\/uploads\/2025\/12\/capture-decran-2025-12-17-165255-451x640.png 451w, https:\/\/www.hautes-alpes.net\/wp-content\/uploads\/2025\/12\/capture-decran-2025-12-17-165255-437x620.png 437w, https:\/\/www.hautes-alpes.net\/wp-content\/uploads\/2025\/12\/capture-decran-2025-12-17-165255.png 786w\" sizes=\"auto, (max-width: 480px) 100vw, 480px\" \/><\/div><div class=\"group-content\"><div class=\"field-title\"><h3>Brochure Classifying your furnished accommodation<\/h3><\/div><div class=\"group-details\"><div class=\"field-preview\"><div class=\"wp-block-button is-style-view\"><a href=\"https:\/\/www.hautes-alpes.net\/wp-content\/uploads\/2025\/11\/plaquette-meubles-2025-web.pdf\" target=\"_blank\" rel=\"noopener noreferrer\" class=\"wp-block-button__link wp-element-button\">Consult<\/a><\/div><\/div><div class=\"field-download\"><div class=\"wp-block-button is-style-download\"><a href=\"https:\/\/www.hautes-alpes.net\/wp-content\/uploads\/2025\/11\/plaquette-meubles-2025-web.pdf\" download target=\"_blank\" rel=\"noopener noreferrer\" class=\"wp-block-button__link wp-element-button\">Download<\/a><\/div><\/div><\/div><\/div><\/div><\/div>\n<div class=\"wp-block-buttons is-content-justification-center is-layout-flex wp-container-core-buttons-is-layout-a89b3969 wp-block-buttons-is-layout-flex\">\n<div class=\"wp-block-button\"><a class=\"wp-block-button__link wp-element-button\" href=\"https:\/\/www.hautes-alpes.net\/en\/the-development-agency\/classification-of-meubles-de-tourisme\/classification-of-meubles-de-tourisme\/\">List of classified furnished accommodation<\/a><\/div>\n<\/div>\n\n<div style=\"height:50px\" aria-hidden=\"true\" class=\"wp-block-spacer\"><\/div>\n\n<div class=\"wp-block-group has-global-padding is-layout-constrained wp-block-group-is-layout-constrained\">\n<h2 class=\"wp-block-heading\">Your <strong>privileged<\/strong> contact<\/h2>\n\n\n\n<div class=\"wp-block-group has-global-padding is-layout-constrained wp-block-group-is-layout-constrained\">\n<p>\u00c9milie Michelet, in charge of furnished accommodation classification<\/p>\n<\/div>\n\n\n\n<div class=\"wp-block-group has-global-padding is-layout-constrained wp-block-group-is-layout-constrained\">\n<p><a href=\"tel:+33492532200\">04 92 53 22 00<\/a><\/p>\n\n\n\n<p id=\"block-cb11c78e-8230-4a7d-b647-3eb9e736b221\"><a href=\"tel:+33621258599\">06 21 25 85 99<\/a><\/p>\n\n\n\n<p><a href=\"mailto:emilie.michelet@hautes-alpes.net\">emilie.michelet@hautes-alpes.net<\/a><\/p>\n<\/div>\n\n\n\n<div class=\"wp-block-ws-library-ws-share\"><span class=\"share-subtitle\">Did you like this page?<\/span><span class=\"share-title\">Share it!<\/span><button class=\"ws-share-button wp-element-button\">Share this page<\/button><\/div>\n<\/div>\n","protected":false},"excerpt":{"rendered":"<p>Ranking is winning! The Agence de D\u00e9veloppement des Hautes-Alpes is authorized to classify furnished tourist accommodation. This simple, voluntary procedure [&hellip;]<\/p>\n","protected":false},"author":5,"featured_media":0,"parent":106552,"menu_order":0,"comment_status":"closed","ping_status":"closed","template":"","meta":{"is_dark_mode":false,"footnotes":""},"page_label":[],"class_list":["post-109030","page","type-page","status-publish","hentry"],"yoast_head":"<!-- This site is optimized with the Yoast SEO plugin v27.2 - https:\/\/yoast.com\/product\/yoast-seo-wordpress\/ -->\n<title>Classification of meubl\u00e9s de tourisme - Hautes-Alpes<\/title>\n<meta name=\"description\" content=\"Classification of meubl\u00e9s de tourisme Ranking is winning! The Agence de D\u00e9veloppement des Hautes-Alpes is authorized to classify furnished tourist\" \/>\n<meta name=\"robots\" content=\"index, follow, max-snippet:-1, max-image-preview:large, max-video-preview:-1\" \/>\n<link rel=\"canonical\" href=\"https:\/\/www.hautes-alpes.net\/en\/the-development-agency\/classification-of-meubles-de-tourisme\/\" \/>\n<meta property=\"og:locale\" content=\"en_US\" \/>\n<meta property=\"og:type\" content=\"article\" \/>\n<meta property=\"og:title\" content=\"Classification of meubl\u00e9s de tourisme - Hautes-Alpes\" \/>\n<meta property=\"og:description\" content=\"Classification of meubl\u00e9s de tourisme Ranking is winning! The Agence de D\u00e9veloppement des Hautes-Alpes is authorized to classify furnished tourist\" \/>\n<meta property=\"og:url\" content=\"https:\/\/www.hautes-alpes.net\/en\/the-development-agency\/classification-of-meubles-de-tourisme\/\" \/>\n<meta property=\"og:site_name\" content=\"Hautes-Alpes\" \/>\n<meta property=\"article:modified_time\" content=\"2026-04-02T09:28:40+00:00\" \/>\n<meta property=\"og:image\" content=\"https:\/\/www.hautes-alpes.net\/wp-content\/uploads\/2025\/12\/chalet-l-e-toile-alpesphotographiescom-8-1600x1000.jpg\" \/>\n<meta name=\"twitter:card\" content=\"summary_large_image\" \/>\n<meta name=\"twitter:label1\" content=\"Est. reading time\" \/>\n\t<meta name=\"twitter:data1\" content=\"2 minutes\" \/>\n<script type=\"application\/ld+json\" class=\"yoast-schema-graph\">{\"@context\":\"https:\/\/schema.org\",\"@graph\":[{\"@type\":\"WebPage\",\"@id\":\"https:\/\/www.hautes-alpes.net\/en\/the-development-agency\/classification-of-meubles-de-tourisme\/\",\"url\":\"https:\/\/www.hautes-alpes.net\/en\/the-development-agency\/classification-of-meubles-de-tourisme\/\",\"name\":\"Classification of meubl\u00e9s de tourisme - Hautes-Alpes\",\"isPartOf\":{\"@id\":\"https:\/\/www.hautes-alpes.net\/en\/#website\"},\"primaryImageOfPage\":{\"@id\":\"https:\/\/www.hautes-alpes.net\/en\/the-development-agency\/classification-of-meubles-de-tourisme\/#primaryimage\"},\"image\":{\"@id\":\"https:\/\/www.hautes-alpes.net\/en\/the-development-agency\/classification-of-meubles-de-tourisme\/#primaryimage\"},\"thumbnailUrl\":\"https:\/\/www.hautes-alpes.net\/wp-content\/uploads\/2025\/12\/chalet-l-e-toile-alpesphotographiescom-8-1600x1000.jpg\",\"datePublished\":\"2025-11-24T15:28:00+00:00\",\"dateModified\":\"2026-04-02T09:28:40+00:00\",\"description\":\"Classification of meubl\u00e9s de tourisme Ranking is winning! The Agence de D\u00e9veloppement des Hautes-Alpes is authorized to classify furnished tourist\",\"breadcrumb\":{\"@id\":\"https:\/\/www.hautes-alpes.net\/en\/the-development-agency\/classification-of-meubles-de-tourisme\/#breadcrumb\"},\"inLanguage\":\"en-US\",\"potentialAction\":[{\"@type\":\"ReadAction\",\"target\":[\"https:\/\/www.hautes-alpes.net\/en\/the-development-agency\/classification-of-meubles-de-tourisme\/\"]}]},{\"@type\":\"ImageObject\",\"inLanguage\":\"en-US\",\"@id\":\"https:\/\/www.hautes-alpes.net\/en\/the-development-agency\/classification-of-meubles-de-tourisme\/#primaryimage\",\"url\":\"https:\/\/www.hautes-alpes.net\/wp-content\/uploads\/2025\/12\/chalet-l-e-toile-alpesphotographiescom-8-1600x1000.jpg\",\"contentUrl\":\"https:\/\/www.hautes-alpes.net\/wp-content\/uploads\/2025\/12\/chalet-l-e-toile-alpesphotographiescom-8-1600x1000.jpg\"},{\"@type\":\"BreadcrumbList\",\"@id\":\"https:\/\/www.hautes-alpes.net\/en\/the-development-agency\/classification-of-meubles-de-tourisme\/#breadcrumb\",\"itemListElement\":[{\"@type\":\"ListItem\",\"position\":1,\"name\":\"Home\",\"item\":\"https:\/\/www.hautes-alpes.net\/en\/hautes-alpes\/\"},{\"@type\":\"ListItem\",\"position\":2,\"name\":\"The Development Agency\",\"item\":\"https:\/\/www.hautes-alpes.net\/en\/the-development-agency\/\"},{\"@type\":\"ListItem\",\"position\":3,\"name\":\"The Development Agency\",\"item\":\"https:\/\/www.hautes-alpes.net\/en\/the-development-agency\/\"},{\"@type\":\"ListItem\",\"position\":4,\"name\":\"Classification of meubl\u00e9s de tourisme\"}]},{\"@type\":\"WebSite\",\"@id\":\"https:\/\/www.hautes-alpes.net\/en\/#website\",\"url\":\"https:\/\/www.hautes-alpes.net\/en\/\",\"name\":\"ADDET\",\"description\":\"\",\"publisher\":{\"@id\":\"https:\/\/www.hautes-alpes.net\/en\/#organization\"},\"potentialAction\":[{\"@type\":\"SearchAction\",\"target\":{\"@type\":\"EntryPoint\",\"urlTemplate\":\"https:\/\/www.hautes-alpes.net\/en\/?s={search_term_string}\"},\"query-input\":{\"@type\":\"PropertyValueSpecification\",\"valueRequired\":true,\"valueName\":\"search_term_string\"}}],\"inLanguage\":\"en-US\"},{\"@type\":\"Organization\",\"@id\":\"https:\/\/www.hautes-alpes.net\/en\/#organization\",\"name\":\"Agence D\u00e9partementale de D\u00e9veloppement Economique et Touristique des Hautes-Alpes\",\"url\":\"https:\/\/www.hautes-alpes.net\/en\/\",\"logo\":{\"@type\":\"ImageObject\",\"inLanguage\":\"en-US\",\"@id\":\"https:\/\/www.hautes-alpes.net\/en\/#\/schema\/logo\/image\/\",\"url\":\"https:\/\/www.hautes-alpes.net\/wp-content\/uploads\/2026\/01\/black-logo-2.svg\",\"contentUrl\":\"https:\/\/www.hautes-alpes.net\/wp-content\/uploads\/2026\/01\/black-logo-2.svg\",\"caption\":\"Agence D\u00e9partementale de D\u00e9veloppement Economique et Touristique des Hautes-Alpes\"},\"image\":{\"@id\":\"https:\/\/www.hautes-alpes.net\/en\/#\/schema\/logo\/image\/\"}}]}<\/script>\n<!-- \/ Yoast SEO plugin. -->","yoast_head_json":{"title":"Classification of meubl\u00e9s de tourisme - Hautes-Alpes","description":"Classification of meubl\u00e9s de tourisme Ranking is winning! The Agence de D\u00e9veloppement des Hautes-Alpes is authorized to classify furnished tourist","robots":{"index":"index","follow":"follow","max-snippet":"max-snippet:-1","max-image-preview":"max-image-preview:large","max-video-preview":"max-video-preview:-1"},"canonical":"https:\/\/www.hautes-alpes.net\/en\/the-development-agency\/classification-of-meubles-de-tourisme\/","og_locale":"en_US","og_type":"article","og_title":"Classification of meubl\u00e9s de tourisme - Hautes-Alpes","og_description":"Classification of meubl\u00e9s de tourisme Ranking is winning! The Agence de D\u00e9veloppement des Hautes-Alpes is authorized to classify furnished tourist","og_url":"https:\/\/www.hautes-alpes.net\/en\/the-development-agency\/classification-of-meubles-de-tourisme\/","og_site_name":"Hautes-Alpes","article_modified_time":"2026-04-02T09:28:40+00:00","og_image":[{"url":"https:\/\/www.hautes-alpes.net\/wp-content\/uploads\/2025\/12\/chalet-l-e-toile-alpesphotographiescom-8-1600x1000.jpg","type":"","width":"","height":""}],"twitter_card":"summary_large_image","twitter_misc":{"Est. reading time":"2 minutes"},"schema":{"@context":"https:\/\/schema.org","@graph":[{"@type":"WebPage","@id":"https:\/\/www.hautes-alpes.net\/en\/the-development-agency\/classification-of-meubles-de-tourisme\/","url":"https:\/\/www.hautes-alpes.net\/en\/the-development-agency\/classification-of-meubles-de-tourisme\/","name":"Classification of meubl\u00e9s de tourisme - Hautes-Alpes","isPartOf":{"@id":"https:\/\/www.hautes-alpes.net\/en\/#website"},"primaryImageOfPage":{"@id":"https:\/\/www.hautes-alpes.net\/en\/the-development-agency\/classification-of-meubles-de-tourisme\/#primaryimage"},"image":{"@id":"https:\/\/www.hautes-alpes.net\/en\/the-development-agency\/classification-of-meubles-de-tourisme\/#primaryimage"},"thumbnailUrl":"https:\/\/www.hautes-alpes.net\/wp-content\/uploads\/2025\/12\/chalet-l-e-toile-alpesphotographiescom-8-1600x1000.jpg","datePublished":"2025-11-24T15:28:00+00:00","dateModified":"2026-04-02T09:28:40+00:00","description":"Classification of meubl\u00e9s de tourisme Ranking is winning! The Agence de D\u00e9veloppement des Hautes-Alpes is authorized to classify furnished tourist","breadcrumb":{"@id":"https:\/\/www.hautes-alpes.net\/en\/the-development-agency\/classification-of-meubles-de-tourisme\/#breadcrumb"},"inLanguage":"en-US","potentialAction":[{"@type":"ReadAction","target":["https:\/\/www.hautes-alpes.net\/en\/the-development-agency\/classification-of-meubles-de-tourisme\/"]}]},{"@type":"ImageObject","inLanguage":"en-US","@id":"https:\/\/www.hautes-alpes.net\/en\/the-development-agency\/classification-of-meubles-de-tourisme\/#primaryimage","url":"https:\/\/www.hautes-alpes.net\/wp-content\/uploads\/2025\/12\/chalet-l-e-toile-alpesphotographiescom-8-1600x1000.jpg","contentUrl":"https:\/\/www.hautes-alpes.net\/wp-content\/uploads\/2025\/12\/chalet-l-e-toile-alpesphotographiescom-8-1600x1000.jpg"},{"@type":"BreadcrumbList","@id":"https:\/\/www.hautes-alpes.net\/en\/the-development-agency\/classification-of-meubles-de-tourisme\/#breadcrumb","itemListElement":[{"@type":"ListItem","position":1,"name":"Home","item":"https:\/\/www.hautes-alpes.net\/en\/hautes-alpes\/"},{"@type":"ListItem","position":2,"name":"The Development Agency","item":"https:\/\/www.hautes-alpes.net\/en\/the-development-agency\/"},{"@type":"ListItem","position":3,"name":"The Development Agency","item":"https:\/\/www.hautes-alpes.net\/en\/the-development-agency\/"},{"@type":"ListItem","position":4,"name":"Classification of meubl\u00e9s de tourisme"}]},{"@type":"WebSite","@id":"https:\/\/www.hautes-alpes.net\/en\/#website","url":"https:\/\/www.hautes-alpes.net\/en\/","name":"ADDET","description":"","publisher":{"@id":"https:\/\/www.hautes-alpes.net\/en\/#organization"},"potentialAction":[{"@type":"SearchAction","target":{"@type":"EntryPoint","urlTemplate":"https:\/\/www.hautes-alpes.net\/en\/?s={search_term_string}"},"query-input":{"@type":"PropertyValueSpecification","valueRequired":true,"valueName":"search_term_string"}}],"inLanguage":"en-US"},{"@type":"Organization","@id":"https:\/\/www.hautes-alpes.net\/en\/#organization","name":"Agence D\u00e9partementale de D\u00e9veloppement Economique et Touristique des Hautes-Alpes","url":"https:\/\/www.hautes-alpes.net\/en\/","logo":{"@type":"ImageObject","inLanguage":"en-US","@id":"https:\/\/www.hautes-alpes.net\/en\/#\/schema\/logo\/image\/","url":"https:\/\/www.hautes-alpes.net\/wp-content\/uploads\/2026\/01\/black-logo-2.svg","contentUrl":"https:\/\/www.hautes-alpes.net\/wp-content\/uploads\/2026\/01\/black-logo-2.svg","caption":"Agence D\u00e9partementale de D\u00e9veloppement Economique et Touristique des Hautes-Alpes"},"image":{"@id":"https:\/\/www.hautes-alpes.net\/en\/#\/schema\/logo\/image\/"}}]}},"_links":{"self":[{"href":"https:\/\/www.hautes-alpes.net\/en\/wp-json\/wp\/v2\/pages\/109030","targetHints":{"allow":["GET"]}}],"collection":[{"href":"https:\/\/www.hautes-alpes.net\/en\/wp-json\/wp\/v2\/pages"}],"about":[{"href":"https:\/\/www.hautes-alpes.net\/en\/wp-json\/wp\/v2\/types\/page"}],"author":[{"embeddable":true,"href":"https:\/\/www.hautes-alpes.net\/en\/wp-json\/wp\/v2\/users\/5"}],"replies":[{"embeddable":true,"href":"https:\/\/www.hautes-alpes.net\/en\/wp-json\/wp\/v2\/comments?post=109030"}],"version-history":[{"count":10,"href":"https:\/\/www.hautes-alpes.net\/en\/wp-json\/wp\/v2\/pages\/109030\/revisions"}],"predecessor-version":[{"id":448635,"href":"https:\/\/www.hautes-alpes.net\/en\/wp-json\/wp\/v2\/pages\/109030\/revisions\/448635"}],"up":[{"embeddable":true,"href":"https:\/\/www.hautes-alpes.net\/en\/wp-json\/wp\/v2\/pages\/106552"}],"wp:attachment":[{"href":"https:\/\/www.hautes-alpes.net\/en\/wp-json\/wp\/v2\/media?parent=109030"}],"wp:term":[{"taxonomy":"page_label","embeddable":true,"href":"https:\/\/www.hautes-alpes.net\/en\/wp-json\/wp\/v2\/page_label?post=109030"}],"curies":[{"name":"wp","href":"https:\/\/api.w.org\/{rel}","templated":true}]}}