{"id":108755,"date":"2025-11-20T16:45:28","date_gmt":"2025-11-20T15:45:28","guid":{"rendered":"https:\/\/www.hautes-alpes.net\/aeronautics\/"},"modified":"2026-02-23T11:02:27","modified_gmt":"2026-02-23T10:02:27","slug":"aeronautics","status":"publish","type":"page","link":"https:\/\/www.hautes-alpes.net\/en\/economic-sectors\/aeronautics\/","title":{"rendered":"Aeronautics"},"content":{"rendered":"\n<div class=\"wp-block-group alignfull hero-banner-cover-float has-global-padding is-layout-constrained wp-block-group-is-layout-constrained\"><div class=\"yoast-breadcrumbs\"><span><span><a href=\"https:\/\/www.hautes-alpes.net\/en\/hautes-alpes\/\">Home<\/a><\/span>  <span><a href=\"https:\/\/www.hautes-alpes.net\/en\/economic-sectors\/\">Economic sectors<\/a><\/span>  <span><a href=\"https:\/\/www.hautes-alpes.net\/en\/economic-sectors\/\">Economic sectors<\/a><\/span>  <span class=\"breadcrumb_last\" aria-current=\"page\">Aeronautics<\/span><\/span><\/div>\n\n\n<h1 class=\"wp-block-ws-library-post-title\"><span class=\"text-highlight\">Aeronautics<\/span><\/h1>\n\n\n\n<p class=\"subtitle\">An industrial sector<\/p>\n\n\n\n<p>With <strong>four airfields<\/strong>, the Hautes-Alpes has turned its geography and aviation tradition into a <strong>real economic asset<\/strong>. Over the years, this mountainous region, <strong>renowned for its<\/strong> favorable flying <strong>weather conditions<\/strong>, has built up a complete industry, centered around aerial leisure activities, training and a small industry specializing in light aviation maintenance.<\/p>\n\n\n\n<div class=\"wp-block-ws-library-media-embed ws-media-embed\"><img decoding=\"async\" src=\"https:\/\/www.hautes-alpes.net\/wp-content\/uploads\/2025\/12\/icarius-aerotechnics-cedric-tempier-23-2000x1000.jpg\" alt=\"\" class=\"ws-media-embed__image\" style=\"aspect-ratio:2000\/1000\"><\/div>\n<\/div>\n\n<div style=\"height:50px\" aria-hidden=\"true\" class=\"wp-block-spacer\"><\/div>\n\n<div class=\"wp-block-group alignfull step-by-step has-global-padding is-layout-constrained wp-block-group-is-layout-constrained\">\n<div class=\"wp-block-ws-library-ws-columns alignwide has-2-columns are-vertically-aligned-center layout-5050\">\n<div class=\"wp-block-ws-library-ws-column\"><div class=\"wrapper\">\n<h2 class=\"wp-block-heading is-style-title-1\"><strong>Tallard, <br\/><\/strong>a recognized center of excellence<\/h2>\n\n\n\n<p>Of the <strong>4 airfields in the Hautes-Alpes<\/strong> (Le Chevalet in Aspres-sur-Bu\u00ebch, La B\u00e2tie-Montsal\u00e9on, Saint-Cr\u00e9pin, Gap-Tallard), that of <strong><a href=\"https:\/\/www.hautes-alpes.net\/en\/destinations-hautes-alpes\/gapencais\/\">Gap-Tallard<\/a><\/strong> is a showcase for this dynamism. Europe&#8217;s leading center for aerial leisure activities, particularly skydiving, it attracts thousands of skydivers and industry professionals every year. Around this hub, a concentration of companies and training facilities has developed, helping to make the Hautes-Alpes a <strong>benchmark region<\/strong> for pilots, manufacturers and maintenance specialists.  <\/p>\n<\/div><\/div>\n\n\n\n<div class=\"wp-block-ws-library-ws-column\"><div class=\"wrapper\">\n<div class=\"wp-block-ws-library-ws-image\"><div class=\"wrapper\"><div class=\"group-media\"><img decoding=\"async\" src=\"https:\/\/www.hautes-alpes.net\/wp-content\/uploads\/2025\/12\/g1-cedric-tempier-10-1-1240x800.jpg\" alt=\"\" class=\"single_image ws-image-88486\"><div class=\"credits\">C. Tempier &#8211; AD05<\/div><\/div><p class=\"caption\"><\/p><\/div><\/div>\n<\/div><\/div>\n<\/div>\n\n\n\n<div class=\"wp-block-ws-library-ws-columns alignwide has-2-columns are-vertically-aligned-center layout-5050\">\n<div class=\"wp-block-ws-library-ws-column\"><div class=\"wrapper\">\n<h2 class=\"wp-block-heading is-style-title-1\"><strong>Polya\u00e9ro<\/strong><br\/>a training center<\/h2>\n\n\n\n<p>Backed by the University of Aix-Marseille and located on the Gap-Tallard airfield, the <strong>Polya\u00e9ro training center<\/strong> is a major asset for the attractiveness of the Hautes-Alpes region. The center boasts state-of-the-art teaching tools, including 3D modeling, simulators, technical workshops and connected classrooms. Its modern premises encourage both hands-on learning and collaborative working. From BTS to Master&#8217;s degrees, the range of courses covers all aeronautical professions, attracting both technicians and future managers. Polya\u00e9ro embodies the marriage of innovation, quality training and local roots.    <\/p>\n<\/div><\/div>\n\n\n\n<div class=\"wp-block-ws-library-ws-column\"><div class=\"wrapper\">\n<div class=\"wp-block-ws-library-ws-image\"><div class=\"wrapper\"><div class=\"group-media\"><img decoding=\"async\" src=\"https:\/\/www.hautes-alpes.net\/wp-content\/uploads\/2025\/12\/3.webp\" alt=\"\" class=\"single_image ws-image-90993\"><div class=\"credits\">Polya\u00e9ro<\/div><\/div><p class=\"caption\"><\/p><\/div><\/div>\n<\/div><\/div>\n<\/div>\n\n\n\n<div class=\"wp-block-ws-library-ws-columns alignwide has-2-columns are-vertically-aligned-center layout-5050\">\n<div class=\"wp-block-ws-library-ws-column\"><div class=\"wrapper\">\n<h2 class=\"wp-block-heading is-style-title-1\"><strong>Companies<br\/><\/strong>with an international outlook<\/h2>\n\n\n\n<p><strong>Beringer<\/strong>, a world specialist in aeronautical braking systems, was born in the Hautes-Alpes and is still firmly rooted here. <strong>Icarius<\/strong>, a major player in aeronautical maintenance, and <strong>G1 Aviation<\/strong>, a manufacturer of light aircraft, have contributed to the development of a unique expertise. In Tallard, <strong>H\u00e9licopt\u00e8res de France<\/strong> has established itself as a major player in transport and specialized aerial missions. Today, this tradition is attracting new investors and international partners. <strong>Rotortrade<\/strong>, a global player in helicopter trading, has also chosen Tallard airfield to strengthen its European presence. <strong>Aerotechnics<\/strong>, a specialist in aeronautical maintenance, has moved into the Chevalet zone, confirming the attractiveness of the d\u00e9partement for high-tech companies.    <\/p>\n<\/div><\/div>\n\n\n\n<div class=\"wp-block-ws-library-ws-column\"><div class=\"wrapper\">\n<div class=\"wp-block-ws-library-ws-image\"><div class=\"wrapper\"><div class=\"group-media\"><img decoding=\"async\" src=\"https:\/\/www.hautes-alpes.net\/wp-content\/uploads\/2025\/12\/7b3a4209-1240x800.jpg\" alt=\"\" class=\"single_image ws-image-90994\"><div class=\"credits\">P. Domeyne &#8211; AD05<\/div><\/div><p class=\"caption\"><\/p><\/div><\/div>\n<\/div><\/div>\n<\/div>\n<\/div>\n\n<div style=\"height:100px\" aria-hidden=\"true\" class=\"wp-block-spacer\"><\/div>\n\n<div class=\"wp-block-group block-stats is-layout-flow wp-block-group-is-layout-flow\">\n<h2 class=\"wp-block-heading is-style-title-2\">The Industry sector<br\/><strong>in figures<\/strong><\/h2>\n\n\n\n<p><\/p>\n\n\n\n<div class=\"wp-block-ws-library-percentage-items alignwide ws-percentage-items\"><div class=\"list-items ws-percentage-items__list\">\n<div class=\"wp-block-ws-library-percentage-item ws-percentage-item\" data-percentage=\"7\"><div class=\"group-circle\"><svg class=\"circle\" viewbox=\"0 0 120 120\"><defs><lineargradient id=\"gradient-item-b4b79d14-4a85-4624-9507-e7168f7e60e2\" x1=\"0%\" y1=\"0%\" x2=\"100%\" y2=\"100%\"><stop offset=\"0%\" stop-color=\"#3b82f6\"\/><stop offset=\"100%\" stop-color=\"#2563eb\"\/><\/lineargradient><\/defs><circle class=\"circle-bg\" cx=\"60\" cy=\"60\" r=\"54\"\/><circle class=\"circle-progress\" cx=\"60\" cy=\"60\" r=\"54\" style=\"stroke-dasharray:23.75044 339.292\"\/><\/svg><div class=\"circle-text\"><span class=\"value\">7<\/span><span class=\"symbol\">%<\/span><\/div><\/div><div class=\"group-content\"><div class=\"field-text\">Share of annual sales<\/div><\/div><\/div>\n\n\n\n<div class=\"wp-block-ws-library-percentage-item ws-percentage-item\" data-percentage=\"8\"><div class=\"group-circle\"><svg class=\"circle\" viewbox=\"0 0 120 120\"><defs><lineargradient id=\"gradient-item-c693677a-da9f-466b-a59b-377465b46ce4\" x1=\"0%\" y1=\"0%\" x2=\"100%\" y2=\"100%\"><stop offset=\"0%\" stop-color=\"#3b82f6\"\/><stop offset=\"100%\" stop-color=\"#2563eb\"\/><\/lineargradient><\/defs><circle class=\"circle-bg\" cx=\"60\" cy=\"60\" r=\"54\"\/><circle class=\"circle-progress\" cx=\"60\" cy=\"60\" r=\"54\" style=\"stroke-dasharray:27.143359999999998 339.292\"\/><\/svg><div class=\"circle-text\"><span class=\"value\">8<\/span><span class=\"symbol\">%<\/span><\/div><\/div><div class=\"group-content\"><div class=\"field-text\">Share of GDP<\/div><\/div><\/div>\n<\/div><\/div>\n\n\n\n<p class=\"field-source\"><\/p>\n<\/div>\n\n<div class=\"wp-block-group block-chiffres has-global-padding is-layout-constrained wp-block-group-is-layout-constrained\">\n<figure class=\"wp-block-table is-style-stats\"><table class=\"has-fixed-layout\"><tbody><tr><td><strong>ANNUAL SALES<\/strong><\/td><td>426 941 K\u20ac<\/td><\/tr><tr><td>DEVELOPMENTS IN 10 YEARS<\/td><td>+ 50 %<\/td><\/tr><tr><td><strong>GDP<\/strong><\/td><td>185 099 K\u20ac<\/td><\/tr><tr><td>CHANGE IN GDP<\/td><td>+ 55 %<\/td><\/tr><tr><td><\/td><td><\/td><\/tr><\/tbody><\/table><\/figure>\n\n\n\n<p class=\"field-source\">GDP = Gross Domestic Product \/ Source: INSEE<\/p>\n<\/div>\n\n<hr class=\"wp-block-separator has-alpha-channel-opacity is-style-default\"\/>\n\n<h2 class=\"wp-block-heading is-style-title-1\"><strong>See also<\/strong><\/h2>\n\n<div class=\"wp-block-group alignwide list-nodetails is-content-justification-center is-layout-flex wp-container-core-group-is-layout-94ea2d6b wp-block-group-is-layout-flex\">\n<div class=\"wp-block-group has-global-padding is-layout-constrained wp-block-group-is-layout-constrained\">\n<div class=\"wp-block-ws-library-ws-image is-style-simple\"><div class=\"wrapper\"><div class=\"group-media\"><img decoding=\"async\" src=\"https:\/\/www.hautes-alpes.net\/wp-content\/uploads\/2025\/11\/rd-technologies-veynes-2024-patrick-domeyne-addet05-13-1240x800.jpg\" alt=\"\" class=\"single_image ws-image-76612\"><div class=\"credits\">P.Domeyne &#8211; AD05<\/div><\/div><p class=\"caption\"><\/p><\/div><\/div>\n\n\n\n<h3 class=\"wp-block-heading is-style-title-2\"><em>INDUSTRY <\/em><span style=\"background-color: rgb(10, 10, 10); font-family: \" americana=\"\" std=\"\" font-size:=\"\">Territoires d&#8217;Industrie<\/span><\/h3>\n\n\n\n<div class=\"wp-block-buttons is-layout-flex wp-block-buttons-is-layout-flex\">\n<div class=\"wp-block-button\"><a class=\"wp-block-button__link wp-element-button\" href=\"https:\/\/www.hautes-alpes.net\/en\/economic-sectors\/csr\/\" target=\"_blank\" rel=\"noreferrer noopener\">See<\/a><\/div>\n<\/div>\n<\/div>\n\n\n\n<div class=\"wp-block-group has-global-padding is-layout-constrained wp-block-group-is-layout-constrained\">\n<div class=\"wp-block-ws-library-ws-image is-style-simple\"><div class=\"wrapper\"><div class=\"group-media\"><img decoding=\"async\" src=\"https:\/\/www.hautes-alpes.net\/wp-content\/uploads\/2025\/12\/cite-vauban-drone-serre-chevalier-briancon-7-1240x800.jpg\" alt=\"\" class=\"single_image ws-image-133118\"><div class=\"credits\">OT Serre Chevalier<\/div><\/div><p class=\"caption\"><\/p><\/div><\/div>\n\n\n\n<h3 class=\"wp-block-heading is-style-title-1\"><em>CSR <\/em><span style=\"font-family: \" americana=\"\" std=\"\" font-size:=\"\" background-color:=\"\" rgb=\"\">Corporate Social Responsibility<\/span><\/h3>\n\n\n\n<div class=\"wp-block-buttons is-layout-flex wp-block-buttons-is-layout-flex\">\n<div class=\"wp-block-button\"><a class=\"wp-block-button__link wp-element-button\" href=\"https:\/\/www.hautes-alpes.net\/en\/economic-sectors\/mouths-of-the-alps-2\/\" target=\"_blank\" rel=\"noreferrer noopener\">See<\/a><\/div>\n<\/div>\n<\/div>\n<\/div>\n\n<div style=\"height:50px\" aria-hidden=\"true\" class=\"wp-block-spacer\"><\/div>\n\n<div class=\"wp-block-ws-library-ws-slider alignfull\"><div class=\"splide\" data-splide=\"{&quot;type&quot;:&quot;loop&quot;,&quot;start&quot;:0,&quot;autoWidth&quot;:1,&quot;drag&quot;:&quot;free&quot;,&quot;snap&quot;:true,&quot;pagination&quot;:false,&quot;gap&quot;:&quot;45px&quot;,&quot;trimSpace&quot;:&quot;move&quot;,&quot;arrows&quot;:false,&quot;breakpoints&quot;:{&quot;1200&quot;:{&quot;gap&quot;:&quot;15px&quot;}},&quot;classes&quot;:{}}\"><div class=\"splide__track\"><div class=\"splide__list\"><div class=\"splide__slide\"><a href=\"https:\/\/www.hautes-alpes.net\/wp-content\/uploads\/2025\/12\/icarius-aerotechnics-cedric-tempier-29-scaled.jpg\" data-glightbox=\"true\" class=\"lightbox-trigger\"><img decoding=\"async\" src=\"https:\/\/www.hautes-alpes.net\/wp-content\/uploads\/2025\/12\/icarius-aerotechnics-cedric-tempier-29-930x620.jpg\" alt=\"\"\/><\/a><\/div><div class=\"splide__slide\"><a href=\"https:\/\/www.hautes-alpes.net\/wp-content\/uploads\/2025\/12\/helico-cedric-tempier-18-scaled.jpg\" data-glightbox=\"true\" class=\"lightbox-trigger\"><img decoding=\"async\" src=\"https:\/\/www.hautes-alpes.net\/wp-content\/uploads\/2025\/12\/helico-cedric-tempier-18-413x620.jpg\" alt=\"\"\/><\/a><\/div><div class=\"splide__slide\"><a href=\"https:\/\/www.hautes-alpes.net\/wp-content\/uploads\/2025\/11\/aerodrome-gap-tallard-jl-armand-3-scaled.jpg\" data-glightbox=\"true\" class=\"lightbox-trigger\"><img decoding=\"async\" src=\"https:\/\/www.hautes-alpes.net\/wp-content\/uploads\/2025\/11\/aerodrome-gap-tallard-jl-armand-3-930x620.jpg\" alt=\"\"\/><\/a><\/div><div class=\"splide__slide\"><a href=\"https:\/\/www.hautes-alpes.net\/wp-content\/uploads\/2025\/12\/helico-cedric-tempier-8-scaled.jpg\" data-glightbox=\"true\" class=\"lightbox-trigger\"><img decoding=\"async\" src=\"https:\/\/www.hautes-alpes.net\/wp-content\/uploads\/2025\/12\/helico-cedric-tempier-8-930x620.jpg\" alt=\"\"\/><\/a><\/div><div class=\"splide__slide\"><a href=\"https:\/\/www.hautes-alpes.net\/wp-content\/uploads\/2025\/12\/helico-cedric-tempier-4-scaled.jpg\" data-glightbox=\"true\" class=\"lightbox-trigger\"><img decoding=\"async\" src=\"https:\/\/www.hautes-alpes.net\/wp-content\/uploads\/2025\/12\/helico-cedric-tempier-4-413x620.jpg\" alt=\"\"\/><\/a><\/div><div class=\"splide__slide\"><a href=\"https:\/\/www.hautes-alpes.net\/wp-content\/uploads\/2025\/11\/meeting-ae-rien-de-gap-tallard-mai-2024-26052024-th-2476-1-scaled.jpg\" data-glightbox=\"true\" class=\"lightbox-trigger\"><img decoding=\"async\" src=\"https:\/\/www.hautes-alpes.net\/wp-content\/uploads\/2025\/11\/meeting-ae-rien-de-gap-tallard-mai-2024-26052024-th-2476-1-1120x480.jpg\" alt=\"\"\/><\/a><\/div><\/div><\/div><\/div><\/div>\n\n<div style=\"height:50px\" aria-hidden=\"true\" class=\"wp-block-spacer\"><\/div>\n\n<div class=\"wp-block-group has-global-padding is-layout-constrained wp-block-group-is-layout-constrained\">\n<p>Need support?<\/p>\n\n\n\n<h2 class=\"wp-block-heading\">The Economy Department<br\/><strong>supports your projects<\/strong><\/h2>\n\n\n\n<h4 class=\"wp-block-heading\">Fabien Harel<\/h4>\n\n\n\n<p>Head of Economics<\/p>\n\n\n\n<div class=\"wp-block-group has-global-padding is-layout-constrained wp-block-group-is-layout-constrained\">\n<p><a href=\"mailto:fabien.harel@hautes-alpes.net\">fabien.harel@hautes-alpes.net<\/a><\/p>\n\n\n\n<p><\/p>\n<\/div>\n<\/div>\n\n<div class=\"wp-block-ws-library-ws-share\"><span class=\"share-subtitle\">Did you like this page?<\/span><span class=\"share-title\">Share it!<\/span><button class=\"ws-share-button wp-element-button\">Share this page<\/button><\/div>\n","protected":false},"excerpt":{"rendered":"<p>An industrial sector With four airfields, the Hautes-Alpes has turned its geography and aviation tradition into a real economic asset. [&hellip;]<\/p>\n","protected":false},"author":5,"featured_media":0,"parent":108787,"menu_order":0,"comment_status":"closed","ping_status":"closed","template":"","meta":{"is_dark_mode":true,"footnotes":""},"page_label":[],"class_list":["post-108755","page","type-page","status-publish","hentry"],"yoast_head":"<!-- This site is optimized with the Yoast SEO plugin v27.2 - https:\/\/yoast.com\/product\/yoast-seo-wordpress\/ -->\n<title>Aeronautics - Hautes-Alpes<\/title>\n<meta name=\"description\" content=\"Aeronautics An industrial sector With four airfields, the Hautes-Alpes has turned its geography and aviation tradition into a real economic asset. Over\" \/>\n<meta name=\"robots\" content=\"index, follow, max-snippet:-1, max-image-preview:large, max-video-preview:-1\" \/>\n<link rel=\"canonical\" href=\"https:\/\/www.hautes-alpes.net\/en\/economic-sectors\/aeronautics\/\" \/>\n<meta property=\"og:locale\" content=\"en_US\" \/>\n<meta property=\"og:type\" content=\"article\" \/>\n<meta property=\"og:title\" content=\"Aeronautics - Hautes-Alpes\" \/>\n<meta property=\"og:description\" content=\"Aeronautics An industrial sector With four airfields, the Hautes-Alpes has turned its geography and aviation tradition into a real economic asset. Over\" \/>\n<meta property=\"og:url\" content=\"https:\/\/www.hautes-alpes.net\/en\/economic-sectors\/aeronautics\/\" \/>\n<meta property=\"og:site_name\" content=\"Hautes-Alpes\" \/>\n<meta property=\"article:modified_time\" content=\"2026-02-23T10:02:27+00:00\" \/>\n<meta property=\"og:image\" content=\"https:\/\/www.hautes-alpes.net\/wp-content\/uploads\/2025\/12\/icarius-aerotechnics-cedric-tempier-23-2000x1000.jpg\" \/>\n<meta name=\"twitter:card\" content=\"summary_large_image\" \/>\n<meta name=\"twitter:label1\" content=\"Est. reading time\" \/>\n\t<meta name=\"twitter:data1\" content=\"2 minutes\" \/>\n<script type=\"application\/ld+json\" class=\"yoast-schema-graph\">{\"@context\":\"https:\/\/schema.org\",\"@graph\":[{\"@type\":\"WebPage\",\"@id\":\"https:\/\/www.hautes-alpes.net\/en\/economic-sectors\/aeronautics\/\",\"url\":\"https:\/\/www.hautes-alpes.net\/en\/economic-sectors\/aeronautics\/\",\"name\":\"Aeronautics - Hautes-Alpes\",\"isPartOf\":{\"@id\":\"https:\/\/www.hautes-alpes.net\/en\/#website\"},\"primaryImageOfPage\":{\"@id\":\"https:\/\/www.hautes-alpes.net\/en\/economic-sectors\/aeronautics\/#primaryimage\"},\"image\":{\"@id\":\"https:\/\/www.hautes-alpes.net\/en\/economic-sectors\/aeronautics\/#primaryimage\"},\"thumbnailUrl\":\"https:\/\/www.hautes-alpes.net\/wp-content\/uploads\/2025\/12\/icarius-aerotechnics-cedric-tempier-23-2000x1000.jpg\",\"datePublished\":\"2025-11-20T15:45:28+00:00\",\"dateModified\":\"2026-02-23T10:02:27+00:00\",\"description\":\"Aeronautics An industrial sector With four airfields, the Hautes-Alpes has turned its geography and aviation tradition into a real economic asset. Over\",\"breadcrumb\":{\"@id\":\"https:\/\/www.hautes-alpes.net\/en\/economic-sectors\/aeronautics\/#breadcrumb\"},\"inLanguage\":\"en-US\",\"potentialAction\":[{\"@type\":\"ReadAction\",\"target\":[\"https:\/\/www.hautes-alpes.net\/en\/economic-sectors\/aeronautics\/\"]}]},{\"@type\":\"ImageObject\",\"inLanguage\":\"en-US\",\"@id\":\"https:\/\/www.hautes-alpes.net\/en\/economic-sectors\/aeronautics\/#primaryimage\",\"url\":\"https:\/\/www.hautes-alpes.net\/wp-content\/uploads\/2025\/12\/icarius-aerotechnics-cedric-tempier-23-2000x1000.jpg\",\"contentUrl\":\"https:\/\/www.hautes-alpes.net\/wp-content\/uploads\/2025\/12\/icarius-aerotechnics-cedric-tempier-23-2000x1000.jpg\"},{\"@type\":\"BreadcrumbList\",\"@id\":\"https:\/\/www.hautes-alpes.net\/en\/economic-sectors\/aeronautics\/#breadcrumb\",\"itemListElement\":[{\"@type\":\"ListItem\",\"position\":1,\"name\":\"Home\",\"item\":\"https:\/\/www.hautes-alpes.net\/en\/hautes-alpes\/\"},{\"@type\":\"ListItem\",\"position\":2,\"name\":\"Economic sectors\",\"item\":\"https:\/\/www.hautes-alpes.net\/en\/economic-sectors\/\"},{\"@type\":\"ListItem\",\"position\":3,\"name\":\"Economic sectors\",\"item\":\"https:\/\/www.hautes-alpes.net\/en\/economic-sectors\/\"},{\"@type\":\"ListItem\",\"position\":4,\"name\":\"Aeronautics\"}]},{\"@type\":\"WebSite\",\"@id\":\"https:\/\/www.hautes-alpes.net\/en\/#website\",\"url\":\"https:\/\/www.hautes-alpes.net\/en\/\",\"name\":\"ADDET\",\"description\":\"\",\"publisher\":{\"@id\":\"https:\/\/www.hautes-alpes.net\/en\/#organization\"},\"potentialAction\":[{\"@type\":\"SearchAction\",\"target\":{\"@type\":\"EntryPoint\",\"urlTemplate\":\"https:\/\/www.hautes-alpes.net\/en\/?s={search_term_string}\"},\"query-input\":{\"@type\":\"PropertyValueSpecification\",\"valueRequired\":true,\"valueName\":\"search_term_string\"}}],\"inLanguage\":\"en-US\"},{\"@type\":\"Organization\",\"@id\":\"https:\/\/www.hautes-alpes.net\/en\/#organization\",\"name\":\"Agence D\u00e9partementale de D\u00e9veloppement Economique et Touristique des Hautes-Alpes\",\"url\":\"https:\/\/www.hautes-alpes.net\/en\/\",\"logo\":{\"@type\":\"ImageObject\",\"inLanguage\":\"en-US\",\"@id\":\"https:\/\/www.hautes-alpes.net\/en\/#\/schema\/logo\/image\/\",\"url\":\"https:\/\/www.hautes-alpes.net\/wp-content\/uploads\/2026\/01\/black-logo-2.svg\",\"contentUrl\":\"https:\/\/www.hautes-alpes.net\/wp-content\/uploads\/2026\/01\/black-logo-2.svg\",\"caption\":\"Agence D\u00e9partementale de D\u00e9veloppement Economique et Touristique des Hautes-Alpes\"},\"image\":{\"@id\":\"https:\/\/www.hautes-alpes.net\/en\/#\/schema\/logo\/image\/\"}}]}<\/script>\n<!-- \/ Yoast SEO plugin. -->","yoast_head_json":{"title":"Aeronautics - Hautes-Alpes","description":"Aeronautics An industrial sector With four airfields, the Hautes-Alpes has turned its geography and aviation tradition into a real economic asset. Over","robots":{"index":"index","follow":"follow","max-snippet":"max-snippet:-1","max-image-preview":"max-image-preview:large","max-video-preview":"max-video-preview:-1"},"canonical":"https:\/\/www.hautes-alpes.net\/en\/economic-sectors\/aeronautics\/","og_locale":"en_US","og_type":"article","og_title":"Aeronautics - Hautes-Alpes","og_description":"Aeronautics An industrial sector With four airfields, the Hautes-Alpes has turned its geography and aviation tradition into a real economic asset. Over","og_url":"https:\/\/www.hautes-alpes.net\/en\/economic-sectors\/aeronautics\/","og_site_name":"Hautes-Alpes","article_modified_time":"2026-02-23T10:02:27+00:00","og_image":[{"url":"https:\/\/www.hautes-alpes.net\/wp-content\/uploads\/2025\/12\/icarius-aerotechnics-cedric-tempier-23-2000x1000.jpg","type":"","width":"","height":""}],"twitter_card":"summary_large_image","twitter_misc":{"Est. reading time":"2 minutes"},"schema":{"@context":"https:\/\/schema.org","@graph":[{"@type":"WebPage","@id":"https:\/\/www.hautes-alpes.net\/en\/economic-sectors\/aeronautics\/","url":"https:\/\/www.hautes-alpes.net\/en\/economic-sectors\/aeronautics\/","name":"Aeronautics - Hautes-Alpes","isPartOf":{"@id":"https:\/\/www.hautes-alpes.net\/en\/#website"},"primaryImageOfPage":{"@id":"https:\/\/www.hautes-alpes.net\/en\/economic-sectors\/aeronautics\/#primaryimage"},"image":{"@id":"https:\/\/www.hautes-alpes.net\/en\/economic-sectors\/aeronautics\/#primaryimage"},"thumbnailUrl":"https:\/\/www.hautes-alpes.net\/wp-content\/uploads\/2025\/12\/icarius-aerotechnics-cedric-tempier-23-2000x1000.jpg","datePublished":"2025-11-20T15:45:28+00:00","dateModified":"2026-02-23T10:02:27+00:00","description":"Aeronautics An industrial sector With four airfields, the Hautes-Alpes has turned its geography and aviation tradition into a real economic asset. Over","breadcrumb":{"@id":"https:\/\/www.hautes-alpes.net\/en\/economic-sectors\/aeronautics\/#breadcrumb"},"inLanguage":"en-US","potentialAction":[{"@type":"ReadAction","target":["https:\/\/www.hautes-alpes.net\/en\/economic-sectors\/aeronautics\/"]}]},{"@type":"ImageObject","inLanguage":"en-US","@id":"https:\/\/www.hautes-alpes.net\/en\/economic-sectors\/aeronautics\/#primaryimage","url":"https:\/\/www.hautes-alpes.net\/wp-content\/uploads\/2025\/12\/icarius-aerotechnics-cedric-tempier-23-2000x1000.jpg","contentUrl":"https:\/\/www.hautes-alpes.net\/wp-content\/uploads\/2025\/12\/icarius-aerotechnics-cedric-tempier-23-2000x1000.jpg"},{"@type":"BreadcrumbList","@id":"https:\/\/www.hautes-alpes.net\/en\/economic-sectors\/aeronautics\/#breadcrumb","itemListElement":[{"@type":"ListItem","position":1,"name":"Home","item":"https:\/\/www.hautes-alpes.net\/en\/hautes-alpes\/"},{"@type":"ListItem","position":2,"name":"Economic sectors","item":"https:\/\/www.hautes-alpes.net\/en\/economic-sectors\/"},{"@type":"ListItem","position":3,"name":"Economic sectors","item":"https:\/\/www.hautes-alpes.net\/en\/economic-sectors\/"},{"@type":"ListItem","position":4,"name":"Aeronautics"}]},{"@type":"WebSite","@id":"https:\/\/www.hautes-alpes.net\/en\/#website","url":"https:\/\/www.hautes-alpes.net\/en\/","name":"ADDET","description":"","publisher":{"@id":"https:\/\/www.hautes-alpes.net\/en\/#organization"},"potentialAction":[{"@type":"SearchAction","target":{"@type":"EntryPoint","urlTemplate":"https:\/\/www.hautes-alpes.net\/en\/?s={search_term_string}"},"query-input":{"@type":"PropertyValueSpecification","valueRequired":true,"valueName":"search_term_string"}}],"inLanguage":"en-US"},{"@type":"Organization","@id":"https:\/\/www.hautes-alpes.net\/en\/#organization","name":"Agence D\u00e9partementale de D\u00e9veloppement Economique et Touristique des Hautes-Alpes","url":"https:\/\/www.hautes-alpes.net\/en\/","logo":{"@type":"ImageObject","inLanguage":"en-US","@id":"https:\/\/www.hautes-alpes.net\/en\/#\/schema\/logo\/image\/","url":"https:\/\/www.hautes-alpes.net\/wp-content\/uploads\/2026\/01\/black-logo-2.svg","contentUrl":"https:\/\/www.hautes-alpes.net\/wp-content\/uploads\/2026\/01\/black-logo-2.svg","caption":"Agence D\u00e9partementale de D\u00e9veloppement Economique et Touristique des Hautes-Alpes"},"image":{"@id":"https:\/\/www.hautes-alpes.net\/en\/#\/schema\/logo\/image\/"}}]}},"_links":{"self":[{"href":"https:\/\/www.hautes-alpes.net\/en\/wp-json\/wp\/v2\/pages\/108755","targetHints":{"allow":["GET"]}}],"collection":[{"href":"https:\/\/www.hautes-alpes.net\/en\/wp-json\/wp\/v2\/pages"}],"about":[{"href":"https:\/\/www.hautes-alpes.net\/en\/wp-json\/wp\/v2\/types\/page"}],"author":[{"embeddable":true,"href":"https:\/\/www.hautes-alpes.net\/en\/wp-json\/wp\/v2\/users\/5"}],"replies":[{"embeddable":true,"href":"https:\/\/www.hautes-alpes.net\/en\/wp-json\/wp\/v2\/comments?post=108755"}],"version-history":[{"count":10,"href":"https:\/\/www.hautes-alpes.net\/en\/wp-json\/wp\/v2\/pages\/108755\/revisions"}],"predecessor-version":[{"id":323418,"href":"https:\/\/www.hautes-alpes.net\/en\/wp-json\/wp\/v2\/pages\/108755\/revisions\/323418"}],"up":[{"embeddable":true,"href":"https:\/\/www.hautes-alpes.net\/en\/wp-json\/wp\/v2\/pages\/108787"}],"wp:attachment":[{"href":"https:\/\/www.hautes-alpes.net\/en\/wp-json\/wp\/v2\/media?parent=108755"}],"wp:term":[{"taxonomy":"page_label","embeddable":true,"href":"https:\/\/www.hautes-alpes.net\/en\/wp-json\/wp\/v2\/page_label?post=108755"}],"curies":[{"name":"wp","href":"https:\/\/api.w.org\/{rel}","templated":true}]}}