{"id":106572,"date":"2025-10-10T15:18:22","date_gmt":"2025-10-10T13:18:22","guid":{"rendered":"https:\/\/www.hautes-alpes.net\/legal-information-and-credits\/"},"modified":"2025-12-19T15:16:05","modified_gmt":"2025-12-19T14:16:05","slug":"legal-information-and-credits","status":"publish","type":"page","link":"https:\/\/www.hautes-alpes.net\/en\/legal-information-and-credits\/","title":{"rendered":"Legal information and credits"},"content":{"rendered":"\n<div class=\"wp-block-group alignfull hero-banner-simple has-global-padding is-layout-constrained wp-block-group-is-layout-constrained\"><div class=\"yoast-breadcrumbs\"><span><span><a href=\"https:\/\/www.hautes-alpes.net\/en\/hautes-alpes\/\">Home<\/a><\/span>  <span class=\"breadcrumb_last\" aria-current=\"page\">Legal information and credits<\/span><\/span><\/div>\n\n\n<h1 class=\"wp-block-ws-library-post-title\">Legal information and credits<\/h1>\n\n\n\n<p class=\"subtitle\"><\/p>\n\n\n\n<p><\/p>\n<\/div>\n\n<div class=\"wp-block-columns is-layout-flex wp-container-core-columns-is-layout-6c531013 wp-block-columns-is-layout-flex\">\n<div class=\"wp-block-column is-layout-flow wp-block-column-is-layout-flow\">\n<p>The hautes-alpes.net website is the property of : <strong>L&#8217;Agence de d\u00e9veloppement des Hautes-Alpes<\/strong> <br\/> <br\/>13, avenue Mar\u00e9chal Foch <br\/><span class=\"postal-code\">05000<\/span> <span class=\"locality\">Gap<\/span>, <span class=\"country-name sr-only\">France<\/span> <br\/><a href=\"tel:+33492536200\">04 92 53 62 00<\/a><a class=\"email\" href=\"mailto:%5BEMAIL%5D\"> <\/a><a href=\"mailto:info@hautes-alpes.net\">info@hautes-alpes.net<\/a> <br\/><br\/>Legal status of the company: public interest group<br\/>SIRET: 130 020 753 00013  <br\/><\/p>\n<\/div>\n\n\n\n<div class=\"wp-block-column is-layout-flow wp-block-column-is-layout-flow\">\n<h2 class=\"wp-block-heading\">Editorial manager<\/h2>\n\n\n\n<p>Yvan CHAIX, Director<\/p>\n\n\n\n<h2 class=\"wp-block-heading\">Responsible for publication<\/h2>\n\n\n\n<p>Yvan CHAIX, Director<\/p>\n<\/div>\n<\/div>\n\n<div class=\"wp-block-group has-global-padding is-layout-constrained wp-block-group-is-layout-constrained\">\n<div class=\"wp-block-columns is-layout-flex wp-container-core-columns-is-layout-6c531013 wp-block-columns-is-layout-flex\">\n<div class=\"wp-block-column is-layout-flow wp-block-column-is-layout-flow\">\n<h2 class=\"wp-block-heading\">WebDesign<\/h2>\n\n\n\n<p>UI \/ UX Design and CSS integration were carried out by the<a title=\"Agence WebSenso - UX design webdesign\" href=\"https:\/\/www.websenso.com\/expertises\/ux-design\" target=\"_blank\" rel=\"noopener\">WebSenso agency<\/a> on the basis of elements provided (logo, graphic charter, etc.).<\/p>\n<\/div>\n\n\n\n<div class=\"wp-block-column is-layout-flow wp-block-column-is-layout-flow\">\n<h2 class=\"wp-block-heading\">Development<\/h2>\n\n\n\n<p>This web project was carried out by the<a title=\"Agence WebSenso - WordPress application development\" href=\"https:\/\/www.websenso.com\" target=\"_blank\" rel=\"noopener\">WebSenso agency<\/a> on the WordPress CMS: configuration, plugin, theme, etc.<\/p>\n<\/div>\n<\/div>\n\n\n\n<div class=\"wp-block-group has-global-padding is-layout-constrained wp-block-group-is-layout-constrained\">\n<div class=\"wp-block-column is-layout-flow wp-block-column-is-layout-flow\">\n<div class=\"wp-block-columns is-layout-flex wp-container-core-columns-is-layout-6c531013 wp-block-columns-is-layout-flex\">\n<div class=\"wp-block-column is-layout-flow wp-block-column-is-layout-flow\">\n<h2 class=\"wp-block-heading\">Maintenance<\/h2>\n\n\n\n<p><a href=\"https:\/\/www.websenso.com\/expertises\/wordpress\" target=\"_blank\" rel=\"noopener\">WordPress TMA<\/a> (Third-Party Application Maintenance) is operated by the<a href=\"https:\/\/www.websenso.com\" target=\"_blank\" rel=\"noopener\">WebSenso agency<\/a>.<\/p>\n<\/div>\n\n\n\n<div class=\"wp-block-column is-layout-flow wp-block-column-is-layout-flow\">\n<h2 class=\"wp-block-heading\">Hosting<\/h2>\n\n\n\n<p>This service is physically hosted in France in an OVHCloud data center.<\/p>\n<\/div>\n<\/div>\n<\/div>\n<\/div>\n\n\n\n<h2 class=\"wp-block-heading\">Intellectual property<\/h2>\n\n\n\n<p>Our entity is the owner of the intellectual property rights or holds the rights of use on all the elements accessible on the site, in particular the texts, images, graphics, logo, etc. Before copying, adapting or quoting this content, please obtain prior written authorization. <\/p>\n\n\n\n<h2 class=\"wp-block-heading\">Hyperlinks<\/h2>\n\n\n\n<p>During your browsing, you will come across several hyperlinks to other websites. Our company is not in a position to check the content of these sites, and therefore assumes no responsibility for them. <\/p>\n\n\n\n<h2 class=\"wp-block-heading\">Cookies<\/h2>\n\n\n\n<p>Browsing this site causes small files called <a href=\"https:\/\/fr.wikipedia.org\/wiki\/Cookie_(informatique)\" target=\"_blank\" rel=\"nofollow noopener external\">cookies<\/a> to be installed on the user&#8217;s browser. They&#8217;re friendly and don&#8217;t take up much space. On the other hand, refusing to install a cookie may technically block access to certain services and reduce our ability to improve the browsing experience. Below is the list of cookies used.<\/p>\n\n\n\n        \n        <div class=\"table-responsive\">\n            <table class=\"table cookie-tracker-table\">\n                <thead>\n                    <tr>\n                        <th>Outil<\/th>\n                        <th>Fonctionnalit\u00e9<\/th>\n                        <th>Fichier(s)<\/th>\n                        <th>Dur\u00e9e de vie<\/th>\n                        <th>IP collect\u00e9e<\/th>\n                        <th><a href=\"https:\/\/www.eff.org\/issues\/do-not-track\" target=\"_blank\">DNT<\/a> respect\u00e9<\/th>\n                    <\/tr>\n                <\/thead>\n                <tbody>\n                    <tr>\n                        <td><strong>Ce site uniquement<\/strong> <br \/>CMS WordPress<\/td>\n                        <td>G\u00e8re les sessions utilisateur, la d\u00e9tection de JavaScript, et la persistance de la connexion.<\/td>\n                        <td>has_js<br \/>wordpress_logged_in_*<\/td>\n                        <td>Expire \u00e0 la fermeture du navigateur.<\/td>\n                        <td>-<\/td>\n                        <td>-<\/td>\n                    <\/tr>\n\n                                            <tr>\n                            <td><strong>Matomo<\/strong> <br \/>H\u00e9berg\u00e9 en France<\/td>\n                            <td>Votre navigation est mesur\u00e9e par la solution Matomo. H\u00e9berg\u00e9e sur des serveurs en France (<a href=\"https:\/\/www.websenso.com\/analytics\" target=\"_blank\">https:\/\/www.websenso.com\/analytics<\/a>), ce logiciel est configur\u00e9 avec les param\u00e8tres stricts du respect de la vie priv\u00e9.<\/td>\n                            <td> Aucun<\/td>\n                            <td>-<\/td>\n                            <td>\n                                <div style=\"color: green;\">\ud83d\ude0e R\u00e9duite<\/div>\n                                <small>IP (2 octets masqu\u00e9s)\u00a0: 216.73.xxx.xxx<\/small>\n                            <\/td>\n                            <td>\n                                -                            <\/td>\n                        <\/tr>\n                    \n                                    <\/tbody>\n            <\/table>\n        <\/div>\n\n\n\n\n\n<h2 class=\"wp-block-heading\">Personal data management<\/h2>\n\n\n\n<p>When surfing on this website, information may be collected: origin, access provider, IP address, etc. The site collects personal information for the purposes of certain services offered by this site, see above. The right of access, rectification and opposition to personal data concerning visitors can be exercised by written request to the above address.  <\/p>\n\n\n\n<h2 class=\"wp-block-heading\">Applicable law and jurisdiction<\/h2>\n\n\n\n<p>Any dispute arising in connection with the use of this site is subject to French law and in the language of Moli\u00e8re. Cocorico! <\/p>\n\n\n\n<h2 class=\"wp-block-heading\">Still here?<\/h2>\n\n\n\n<p>Congratulations! Because this page is surely the least interesting on this site \ud83d\ude09 <\/p>\n<\/div>\n","protected":false},"excerpt":{"rendered":"<p>The hautes-alpes.net website is the property of : L&#8217;Agence de d\u00e9veloppement des Hautes-Alpes 13, avenue Mar\u00e9chal Foch 05000 Gap, France [&hellip;]<\/p>\n","protected":false},"author":1,"featured_media":0,"parent":0,"menu_order":0,"comment_status":"closed","ping_status":"closed","template":"","meta":{"is_dark_mode":false,"footnotes":""},"page_label":[],"class_list":["post-106572","page","type-page","status-publish","hentry"],"yoast_head":"<!-- This site is optimized with the Yoast SEO plugin v27.2 - https:\/\/yoast.com\/product\/yoast-seo-wordpress\/ -->\n<title>Legal information and credits - Hautes-Alpes<\/title>\n<meta name=\"description\" content=\"Legal information and credits The hautes-alpes.net website is the property of : L&#039;Agence de d\u00e9veloppement des Hautes-Alpes 13, avenue Mar\u00e9chal Foch 05000\" \/>\n<meta name=\"robots\" content=\"index, follow, max-snippet:-1, max-image-preview:large, max-video-preview:-1\" \/>\n<link rel=\"canonical\" href=\"https:\/\/www.hautes-alpes.net\/en\/legal-information-and-credits\/\" \/>\n<meta property=\"og:locale\" content=\"en_US\" \/>\n<meta property=\"og:type\" content=\"article\" \/>\n<meta property=\"og:title\" content=\"Legal information and credits - Hautes-Alpes\" \/>\n<meta property=\"og:description\" content=\"Legal information and credits The hautes-alpes.net website is the property of : L&#039;Agence de d\u00e9veloppement des Hautes-Alpes 13, avenue Mar\u00e9chal Foch 05000\" \/>\n<meta property=\"og:url\" content=\"https:\/\/www.hautes-alpes.net\/en\/legal-information-and-credits\/\" \/>\n<meta property=\"og:site_name\" content=\"Hautes-Alpes\" \/>\n<meta property=\"article:modified_time\" content=\"2025-12-19T14:16:05+00:00\" \/>\n<meta name=\"twitter:card\" content=\"summary_large_image\" \/>\n<meta name=\"twitter:label1\" content=\"Est. reading time\" \/>\n\t<meta name=\"twitter:data1\" content=\"2 minutes\" \/>\n<script type=\"application\/ld+json\" class=\"yoast-schema-graph\">{\"@context\":\"https:\/\/schema.org\",\"@graph\":[{\"@type\":\"WebPage\",\"@id\":\"https:\/\/www.hautes-alpes.net\/en\/legal-information-and-credits\/\",\"url\":\"https:\/\/www.hautes-alpes.net\/en\/legal-information-and-credits\/\",\"name\":\"Legal information and credits - Hautes-Alpes\",\"isPartOf\":{\"@id\":\"https:\/\/www.hautes-alpes.net\/en\/#website\"},\"datePublished\":\"2025-10-10T13:18:22+00:00\",\"dateModified\":\"2025-12-19T14:16:05+00:00\",\"description\":\"Legal information and credits The hautes-alpes.net website is the property of : L'Agence de d\u00e9veloppement des Hautes-Alpes 13, avenue Mar\u00e9chal Foch 05000\",\"breadcrumb\":{\"@id\":\"https:\/\/www.hautes-alpes.net\/en\/legal-information-and-credits\/#breadcrumb\"},\"inLanguage\":\"en-US\",\"potentialAction\":[{\"@type\":\"ReadAction\",\"target\":[\"https:\/\/www.hautes-alpes.net\/en\/legal-information-and-credits\/\"]}]},{\"@type\":\"BreadcrumbList\",\"@id\":\"https:\/\/www.hautes-alpes.net\/en\/legal-information-and-credits\/#breadcrumb\",\"itemListElement\":[{\"@type\":\"ListItem\",\"position\":1,\"name\":\"Home\",\"item\":\"https:\/\/www.hautes-alpes.net\/en\/hautes-alpes\/\"},{\"@type\":\"ListItem\",\"position\":2,\"name\":\"Legal information and credits\"}]},{\"@type\":\"WebSite\",\"@id\":\"https:\/\/www.hautes-alpes.net\/en\/#website\",\"url\":\"https:\/\/www.hautes-alpes.net\/en\/\",\"name\":\"ADDET\",\"description\":\"\",\"publisher\":{\"@id\":\"https:\/\/www.hautes-alpes.net\/en\/#organization\"},\"potentialAction\":[{\"@type\":\"SearchAction\",\"target\":{\"@type\":\"EntryPoint\",\"urlTemplate\":\"https:\/\/www.hautes-alpes.net\/en\/?s={search_term_string}\"},\"query-input\":{\"@type\":\"PropertyValueSpecification\",\"valueRequired\":true,\"valueName\":\"search_term_string\"}}],\"inLanguage\":\"en-US\"},{\"@type\":\"Organization\",\"@id\":\"https:\/\/www.hautes-alpes.net\/en\/#organization\",\"name\":\"Agence D\u00e9partementale de D\u00e9veloppement Economique et Touristique des Hautes-Alpes\",\"url\":\"https:\/\/www.hautes-alpes.net\/en\/\",\"logo\":{\"@type\":\"ImageObject\",\"inLanguage\":\"en-US\",\"@id\":\"https:\/\/www.hautes-alpes.net\/en\/#\/schema\/logo\/image\/\",\"url\":\"https:\/\/www.hautes-alpes.net\/wp-content\/uploads\/2026\/01\/black-logo-2.svg\",\"contentUrl\":\"https:\/\/www.hautes-alpes.net\/wp-content\/uploads\/2026\/01\/black-logo-2.svg\",\"caption\":\"Agence D\u00e9partementale de D\u00e9veloppement Economique et Touristique des Hautes-Alpes\"},\"image\":{\"@id\":\"https:\/\/www.hautes-alpes.net\/en\/#\/schema\/logo\/image\/\"}}]}<\/script>\n<!-- \/ Yoast SEO plugin. -->","yoast_head_json":{"title":"Legal information and credits - Hautes-Alpes","description":"Legal information and credits The hautes-alpes.net website is the property of : L'Agence de d\u00e9veloppement des Hautes-Alpes 13, avenue Mar\u00e9chal Foch 05000","robots":{"index":"index","follow":"follow","max-snippet":"max-snippet:-1","max-image-preview":"max-image-preview:large","max-video-preview":"max-video-preview:-1"},"canonical":"https:\/\/www.hautes-alpes.net\/en\/legal-information-and-credits\/","og_locale":"en_US","og_type":"article","og_title":"Legal information and credits - Hautes-Alpes","og_description":"Legal information and credits The hautes-alpes.net website is the property of : L'Agence de d\u00e9veloppement des Hautes-Alpes 13, avenue Mar\u00e9chal Foch 05000","og_url":"https:\/\/www.hautes-alpes.net\/en\/legal-information-and-credits\/","og_site_name":"Hautes-Alpes","article_modified_time":"2025-12-19T14:16:05+00:00","twitter_card":"summary_large_image","twitter_misc":{"Est. reading time":"2 minutes"},"schema":{"@context":"https:\/\/schema.org","@graph":[{"@type":"WebPage","@id":"https:\/\/www.hautes-alpes.net\/en\/legal-information-and-credits\/","url":"https:\/\/www.hautes-alpes.net\/en\/legal-information-and-credits\/","name":"Legal information and credits - Hautes-Alpes","isPartOf":{"@id":"https:\/\/www.hautes-alpes.net\/en\/#website"},"datePublished":"2025-10-10T13:18:22+00:00","dateModified":"2025-12-19T14:16:05+00:00","description":"Legal information and credits The hautes-alpes.net website is the property of : L'Agence de d\u00e9veloppement des Hautes-Alpes 13, avenue Mar\u00e9chal Foch 05000","breadcrumb":{"@id":"https:\/\/www.hautes-alpes.net\/en\/legal-information-and-credits\/#breadcrumb"},"inLanguage":"en-US","potentialAction":[{"@type":"ReadAction","target":["https:\/\/www.hautes-alpes.net\/en\/legal-information-and-credits\/"]}]},{"@type":"BreadcrumbList","@id":"https:\/\/www.hautes-alpes.net\/en\/legal-information-and-credits\/#breadcrumb","itemListElement":[{"@type":"ListItem","position":1,"name":"Home","item":"https:\/\/www.hautes-alpes.net\/en\/hautes-alpes\/"},{"@type":"ListItem","position":2,"name":"Legal information and credits"}]},{"@type":"WebSite","@id":"https:\/\/www.hautes-alpes.net\/en\/#website","url":"https:\/\/www.hautes-alpes.net\/en\/","name":"ADDET","description":"","publisher":{"@id":"https:\/\/www.hautes-alpes.net\/en\/#organization"},"potentialAction":[{"@type":"SearchAction","target":{"@type":"EntryPoint","urlTemplate":"https:\/\/www.hautes-alpes.net\/en\/?s={search_term_string}"},"query-input":{"@type":"PropertyValueSpecification","valueRequired":true,"valueName":"search_term_string"}}],"inLanguage":"en-US"},{"@type":"Organization","@id":"https:\/\/www.hautes-alpes.net\/en\/#organization","name":"Agence D\u00e9partementale de D\u00e9veloppement Economique et Touristique des Hautes-Alpes","url":"https:\/\/www.hautes-alpes.net\/en\/","logo":{"@type":"ImageObject","inLanguage":"en-US","@id":"https:\/\/www.hautes-alpes.net\/en\/#\/schema\/logo\/image\/","url":"https:\/\/www.hautes-alpes.net\/wp-content\/uploads\/2026\/01\/black-logo-2.svg","contentUrl":"https:\/\/www.hautes-alpes.net\/wp-content\/uploads\/2026\/01\/black-logo-2.svg","caption":"Agence D\u00e9partementale de D\u00e9veloppement Economique et Touristique des Hautes-Alpes"},"image":{"@id":"https:\/\/www.hautes-alpes.net\/en\/#\/schema\/logo\/image\/"}}]}},"_links":{"self":[{"href":"https:\/\/www.hautes-alpes.net\/en\/wp-json\/wp\/v2\/pages\/106572","targetHints":{"allow":["GET"]}}],"collection":[{"href":"https:\/\/www.hautes-alpes.net\/en\/wp-json\/wp\/v2\/pages"}],"about":[{"href":"https:\/\/www.hautes-alpes.net\/en\/wp-json\/wp\/v2\/types\/page"}],"author":[{"embeddable":true,"href":"https:\/\/www.hautes-alpes.net\/en\/wp-json\/wp\/v2\/users\/1"}],"replies":[{"embeddable":true,"href":"https:\/\/www.hautes-alpes.net\/en\/wp-json\/wp\/v2\/comments?post=106572"}],"version-history":[{"count":2,"href":"https:\/\/www.hautes-alpes.net\/en\/wp-json\/wp\/v2\/pages\/106572\/revisions"}],"predecessor-version":[{"id":124463,"href":"https:\/\/www.hautes-alpes.net\/en\/wp-json\/wp\/v2\/pages\/106572\/revisions\/124463"}],"wp:attachment":[{"href":"https:\/\/www.hautes-alpes.net\/en\/wp-json\/wp\/v2\/media?parent=106572"}],"wp:term":[{"taxonomy":"page_label","embeddable":true,"href":"https:\/\/www.hautes-alpes.net\/en\/wp-json\/wp\/v2\/page_label?post=106572"}],"curies":[{"name":"wp","href":"https:\/\/api.w.org\/{rel}","templated":true}]}}