{"id":411008,"date":"2026-03-19T12:12:27","date_gmt":"2026-03-19T11:12:27","guid":{"rendered":"https:\/\/www.hautes-alpes.net\/reservierte-paesse\/"},"modified":"2026-05-07T09:23:26","modified_gmt":"2026-05-07T07:23:26","slug":"reservierte-paesse","status":"publish","type":"page","link":"https:\/\/www.hautes-alpes.net\/de\/reservierte-paesse\/","title":{"rendered":"Reservierte P\u00e4sse"},"content":{"rendered":"\n<div class=\"wp-block-group alignfull hero-banner-cover-float has-global-padding is-layout-constrained wp-block-group-is-layout-constrained\"><div class=\"yoast-breadcrumbs\"><span><span><a href=\"https:\/\/www.hautes-alpes.net\/de\/hautes-alpes\/\">Accueil<\/a><\/span>  <span class=\"breadcrumb_last\" aria-current=\"page\">Reservierte P\u00e4sse<\/span><\/span><\/div>\n\n\n<h1 class=\"wp-block-ws-library-post-title\"><span class=\"text-highlight\">Reservierte<\/span> P\u00e4sse<\/h1>\n\n\n\n<p class=\"subtitle\">Die Berge ganz f\u00fcr sich allein<\/p>\n\n\n\n<p>Die Aktion &#8220; <strong>Reservierter Pass<\/strong> &#8220; l\u00e4dt <strong> <a href=\"https:\/\/www.hautes-alpes.net\/de\/erfahrungen-hautes-alpes\/strassenrad\/\" type=\"page\" id=\"75496\">Radsportbegeisterte <\/a>und Amateure<\/strong> zu einer einzigartigen Erfahrung in den Bergen ein. Einige <strong>symboltr\u00e4chtige Stra\u00dfen in den Hautes-Alpes<\/strong> <strong>werden f\u00fcr<\/strong> einige Stunden f\u00fcr <strong>den motorisierten Verkehr gesperrt<\/strong> und <strong>sind<\/strong> ausschlie\u00dflich den Radfahrern vorbehalten. <\/p>\n\n\n\n<div class=\"wp-block-ws-library-media-embed ws-media-embed\"><img decoding=\"async\" src=\"https:\/\/www.hautes-alpes.net\/wp-content\/uploads\/2025\/11\/granon-cyclo-alpesphotographiescom-13-1920x1000.jpg\" alt=\"\" class=\"ws-media-embed__image\" style=\"aspect-ratio:2000\/1000\"><\/div>\n<\/div>\n\n<p>In einer au\u00dfergew\u00f6hnlichen nat\u00fcrlichen Umgebung kann jeder in aller Sicherheit, in seinem eigenen Rhythmus und ohne Zwang <strong>mythische<\/strong> oder unbekannte P\u00e4sse erklimmen. Ob man nun wegen der <strong>sportlichen Herausforderung<\/strong>, der <strong>Freude am Radfahren<\/strong> oder einfach nur, um <strong>die Landschaft zu genie\u00dfen<\/strong>, kommt, diese Treffen bieten eine andere und gesellige Art, die Berge auf andere Weise zu durchqueren. <\/p>\n\n<p>Die Aktion &#8220;Cols r\u00e9serv\u00e9s&#8220;, die seit fast 30 Jahren eine S\u00e4ule des Radtourismus in den Hochalpen ist, wurde 1997 vom Departement Hautes-Alpes ins Leben gerufen und wird in Zusammenarbeit mit der Entwicklungsagentur und den Tourismusb\u00fcros des Gebiets durchgef\u00fchrt.<\/p>\n\n<div class=\"wp-block-ws-library-ws-columns has-2-columns are-vertically-aligned-center layout-3565\">\n<div class=\"wp-block-ws-library-ws-column\"><div class=\"wrapper\">\n<p>Die reservierten P\u00e4sse sind f\u00fcr alle offen, kostenlos und ohne Anmeldung. Die Atmosph\u00e4re ist wohlwollend, manchmal lebhaft und kulinarisch (Verpflegung mit lokalen Produkten), aber immer freundlich. <\/p>\n<\/div><\/div>\n\n\n\n<div class=\"wp-block-ws-library-ws-column\"><div class=\"wrapper\">\n<div class=\"wp-block-ws-library-ws-image\"><div class=\"wrapper\"><div class=\"group-media\"><img decoding=\"async\" src=\"https:\/\/www.hautes-alpes.net\/wp-content\/uploads\/2025\/11\/lautaret-galibier-hdagencekros-remifabregue-26-1240x800.jpg\" alt=\"\" class=\"single_image ws-image-61043\"><div class=\"credits\">R. Fabregue<\/div><\/div><p class=\"caption\"><\/p><\/div><\/div>\n<\/div><\/div>\n<\/div>\n\n<h2 class=\"wp-block-heading is-style-default\">Der Zeitplan f\u00fcr <strong>2026<\/strong><\/h2>\n\n<div class=\"wp-block-ws-library-ws-columns has-2-columns are-vertically-aligned-center layout-5050\">\n<div class=\"wp-block-ws-library-ws-column\"><div class=\"wrapper\">\n<p>30\/05  <strong>Col du Noyer<\/strong><br\/>31\/05 <strong>Aufstieg von Orci\u00e8res<\/strong><br\/>07\/06 <strong>Pr\u00e9 de Madame Carle<\/strong><br\/>14\/06 <strong>Col de Foureyssasse<\/strong><br\/>28\/06 <strong>Aufstieg von Puy Saint Vincent<\/strong><br\/>29\/06 <strong>Col du Galibier<\/strong><br\/>30\/06 <strong>Col<\/strong> <strong>du<\/strong> <strong>Granon<\/strong><br\/>01\/07 <strong>Col de l&#8217;\u00c9chelle<\/strong><br\/>02\/07 <strong>Col de l&#8217;Izoard<\/strong><br\/>03\/07 <strong>Col Agnel<\/strong><br\/>12\/07 <strong>Col de Manse<\/strong><br\/>15\/07 <strong>Col du Granon<\/strong><br\/>16\/07 <strong>Col du Galibier<\/strong><br\/>16\/07 <strong>Mont\u00e9e de Risoul<\/strong><br\/>21\/07 <strong>Orpierre - Laborel  Laborel<\/strong><br\/>22\/07                <strong>Colombis-Aufstieg<\/strong><br\/>28\/07 <strong>Chabre-Aufstieg<\/strong><br\/>29\/07 <strong>Col de Pommerol<\/strong><br\/>04\/08 <strong>Col du Galibier<\/strong><br\/>05\/08 <strong>Col du Noyer<\/strong><br\/>06\/08 <strong>Col de l&#8217;Izoard<\/strong><br\/>07\/08 <strong>C\u00e9\u00fcse-Aufstieg<\/strong><br\/>12\/08 <strong>Col du Granon<\/strong><br\/>18\/08 <strong>Risoul-Aufstieg<\/strong><br\/>19\/08 <strong>Col de Gleize<\/strong><br\/>20\/08 <strong>Col de Moissi\u00e8re<\/strong><br\/>21\/08 <strong>Orci\u00e8res-Aufstieg<\/strong><br\/>06\/09             <strong>Agnel Pass<\/strong><\/p>\n<\/div><\/div>\n\n\n\n<div class=\"wp-block-ws-library-ws-column\"><div class=\"wrapper\">\n<div class=\"wp-block-ws-library-ws-image\"><div class=\"wrapper\"><div class=\"group-media\"><img decoding=\"async\" src=\"https:\/\/www.hautes-alpes.net\/wp-content\/uploads\/2026\/03\/colagnelagencekros-remifabregue-43-e1773822491923-477x640.jpg\" alt=\"\" class=\"single_image ws-image-406572\"><div class=\"credits\"><\/div><\/div><p class=\"caption\"><\/p><\/div><\/div>\n<\/div><\/div>\n<\/div>\n\n<p><em>Weitere Informationen zu jedem Datum erhalten Sie bei den Fremdenverkehrsb\u00fcros.<\/em><\/p>\n\n<div style=\"height:50px\" aria-hidden=\"true\" class=\"wp-block-spacer\"><\/div>\n\n<h2 class=\"wp-block-heading is-style-title-1\">Die <strong>Highlights<\/strong><\/h2>\n\n<div class=\"wp-block-ws-library-ws-image is-style-simple\"><div class=\"wrapper\"><div class=\"group-media\"><img decoding=\"async\" src=\"https:\/\/www.hautes-alpes.net\/wp-content\/uploads\/2025\/12\/izoard-route-du-tour-de-france-pat-1240x800.jpg\" alt=\"\" class=\"single_image ws-image-90989\"><div class=\"credits\">P. Domeyne - AD05<\/div><\/div><p class=\"caption\"><\/p><\/div><\/div>\n\n<div class=\"wp-block-ws-library-ws-columns has-2-columns are-vertically-aligned-top layout-5050\">\n<div class=\"wp-block-ws-library-ws-column\"><div class=\"wrapper\">\n<h3 class=\"wp-block-heading\">Tour der Gro\u00dfen P\u00e4sse<\/h3>\n\n\n\n<p>Die <strong>Tour des Grands Cols<\/strong> wird von den Tourismusb\u00fcros der Hautes Vall\u00e9es, Serre Chevalier und Guillestrois-Queyras organisiert und bietet eine einzigartige Erfahrung: mehrere mythische P\u00e4sse der Hautes-Alpes innerhalb eines kurzen Zeitraums zu befahren. Diese Termine sind kurz hintereinander angesetzt und bieten den Radfahrern eine echte Herausforderung, indem sie nacheinander einige der sch\u00f6nsten Gipfel des Departements befahren. <\/p>\n\n\n\n<p>Vom Galibier \u00fcber den Granon bis zum Izoard kann jeder seine eigene Route zusammenstellen und mehrere au\u00dfergew\u00f6hnliche Anstiege unter idealen Bedingungen, ohne motorisierten Verkehr, erleben. Eine seltene Gelegenheit, in das Herz der gro\u00dfen Alpenp\u00e4sse einzutauchen. <\/p>\n<\/div><\/div>\n\n\n\n<div class=\"wp-block-ws-library-ws-column\"><div class=\"wrapper\">\n<h3 class=\"wp-block-heading\">Avant Tour Challenge<\/h3>\n\n\n\n<p>Fahren Sie in den Fu\u00dfstapfen der Gro\u00dfen! Anl\u00e4sslich der <strong>F\u00eate du Tour<\/strong> am 30. und 31. Mai 2026 werden der Col du Noyer und der Anstieg von Orci\u00e8res ineinander \u00fcbergehen, um den Radfahrern ein v\u00f6llig neues Erlebnis inmitten der Strecken zu bieten, die von den Fahrern der Tour de France im Juli befahren werden. <\/p>\n\n\n\n<p>Nehmen Sie an zwei Tagen die Herausforderung dieser symboltr\u00e4chtigen Anstiege an und erleben Sie den Nervenkitzel der Tour vor der Zeit.<\/p>\n\n\n\n<p>Nehmen Sie an der &#8220;Challenge Avant Tour&#8220; auf Strava teil und geh\u00f6ren Sie zu den ersten 20 Fahrern bei der Ankunft in Orci\u00e8res. Zu gewinnen gibt es ein Fahrradtrikot Hautes-Alpes speziell f\u00fcr die Tour de France 2026. <\/p>\n<\/div><\/div>\n<\/div>\n\n<div style=\"height:50px\" aria-hidden=\"true\" class=\"wp-block-spacer\"><\/div>\n\n<hr class=\"wp-block-separator has-alpha-channel-opacity is-style-default\"\/>\n\n<h2 class=\"wp-block-heading is-style-title-1\"><strong>Siehe auch<\/strong><\/h2>\n\n<div class=\"wp-block-group alignwide list-nodetails is-content-justification-center is-layout-flex wp-container-core-group-is-layout-94ea2d6b wp-block-group-is-layout-flex\">\n<div class=\"wp-block-group has-global-padding is-layout-constrained wp-block-group-is-layout-constrained\">\n<div class=\"wp-block-ws-library-ws-image is-style-simple\"><div class=\"wrapper\"><div class=\"group-media\"><img decoding=\"async\" src=\"https:\/\/www.hautes-alpes.net\/wp-content\/uploads\/2025\/11\/granon-cyclo-alpesphotographiescom-2-1240x800.jpg\" alt=\"\" class=\"single_image ws-image-61008\"><div class=\"credits\">Alpen Fotografien<\/div><\/div><p class=\"caption\"><\/p><\/div><\/div>\n\n\n\n<h3 class=\"wp-block-heading is-style-title-2\"><em>Erfahrungen<\/em><a href=\"https:\/\/www.hautes-alpes.net\/de\/erfahrungen-hautes-alpes\/strassenrad\/\" type=\"page\" id=\"75496\">Radfahren auf der Stra\u00dfe<\/a><\/h3>\n\n\n\n<div class=\"wp-block-buttons is-layout-flex wp-block-buttons-is-layout-flex\">\n<div class=\"wp-block-button\"><a class=\"wp-block-button__link wp-element-button\" href=\"https:\/\/www.hautes-alpes.net\/de\/erfahrungen-hautes-alpes\/strassenrad\/\">Siehe<\/a><\/div>\n<\/div>\n<\/div>\n\n\n\n<div class=\"wp-block-group has-global-padding is-layout-constrained wp-block-group-is-layout-constrained\">\n<div class=\"wp-block-ws-library-ws-image is-style-simple\"><div class=\"wrapper\"><div class=\"group-media\"><img decoding=\"async\" src=\"https:\/\/www.hautes-alpes.net\/wp-content\/uploads\/2025\/11\/tour-de-france-vars-credit-remi-morel-4-1240x800.jpg\" alt=\"\" class=\"single_image ws-image-78364\"><div class=\"credits\">R. Morel<\/div><\/div><p class=\"caption\"><\/p><\/div><\/div>\n\n\n\n<h3 class=\"wp-block-heading is-style-title-2\"><em>Ikonisch<\/em><a href=\"https:\/\/www.hautes-alpes.net\/de\/ikonische\/tour-de-france\/\" type=\"page\" id=\"83831\">Tour de France<\/a><\/h3>\n\n\n\n<div class=\"wp-block-buttons is-layout-flex wp-block-buttons-is-layout-flex\">\n<div class=\"wp-block-button\"><a class=\"wp-block-button__link wp-element-button\" href=\"https:\/\/www.hautes-alpes.net\/de\/ikonische\/tour-de-france\/\">Siehe<\/a><\/div>\n<\/div>\n<\/div>\n<\/div>\n\n<div style=\"height:50px\" aria-hidden=\"true\" class=\"wp-block-spacer\"><\/div>\n\n<div class=\"wp-block-ws-library-ws-share\"><span class=\"share-subtitle\">Hat Ihnen diese Seite gefallen?<\/span><span class=\"share-title\">Teilen Sie es mit anderen!<\/span><button class=\"ws-share-button wp-element-button\">Diese Seite teilen<\/button><\/div>\n","protected":false},"excerpt":{"rendered":"<p>Die Berge ganz f\u00fcr sich allein Die Aktion &#8220; Reservierter Pass &#8220; l\u00e4dt Radsportbegeisterte und Amateure zu einer einzigartigen Erfahrung [&hellip;]<\/p>\n","protected":false},"author":5,"featured_media":0,"parent":0,"menu_order":0,"comment_status":"closed","ping_status":"closed","template":"","meta":{"is_dark_mode":false,"footnotes":""},"page_label":[],"class_list":["post-411008","page","type-page","status-publish","hentry"],"yoast_head":"<!-- This site is optimized with the Yoast SEO plugin v27.5 - https:\/\/yoast.com\/product\/yoast-seo-wordpress\/ -->\n<title>Reservierte P\u00e4sse - Hautes-Alpes<\/title>\n<meta name=\"description\" content=\"Reservierte P\u00e4sse Die Berge ganz f\u00fcr sich allein Die Aktion &quot; Reservierter Pass &quot; l\u00e4dt Radsportbegeisterte und Amateure zu einer einzigartigen Erfahrung\" \/>\n<meta name=\"robots\" content=\"index, follow, max-snippet:-1, max-image-preview:large, max-video-preview:-1\" \/>\n<link rel=\"canonical\" href=\"https:\/\/www.hautes-alpes.net\/de\/reservierte-paesse\/\" \/>\n<meta property=\"og:locale\" content=\"de_DE\" \/>\n<meta property=\"og:type\" content=\"article\" \/>\n<meta property=\"og:title\" content=\"Reservierte P\u00e4sse - Hautes-Alpes\" \/>\n<meta property=\"og:description\" content=\"Reservierte P\u00e4sse Die Berge ganz f\u00fcr sich allein Die Aktion &quot; Reservierter Pass &quot; l\u00e4dt Radsportbegeisterte und Amateure zu einer einzigartigen Erfahrung\" \/>\n<meta property=\"og:url\" content=\"https:\/\/www.hautes-alpes.net\/de\/reservierte-paesse\/\" \/>\n<meta property=\"og:site_name\" content=\"Hautes-Alpes\" \/>\n<meta property=\"article:modified_time\" content=\"2026-05-07T07:23:26+00:00\" \/>\n<meta property=\"og:image\" content=\"https:\/\/www.hautes-alpes.net\/wp-content\/uploads\/2025\/11\/granon-cyclo-alpesphotographiescom-13-1920x1000.jpg\" \/>\n<meta name=\"twitter:card\" content=\"summary_large_image\" \/>\n<meta name=\"twitter:label1\" content=\"Gesch\u00e4tzte Lesezeit\" \/>\n\t<meta name=\"twitter:data1\" content=\"3 Minuten\" \/>\n<script type=\"application\/ld+json\" class=\"yoast-schema-graph\">{\"@context\":\"https:\\\/\\\/schema.org\",\"@graph\":[{\"@type\":\"WebPage\",\"@id\":\"https:\\\/\\\/www.hautes-alpes.net\\\/de\\\/reservierte-paesse\\\/\",\"url\":\"https:\\\/\\\/www.hautes-alpes.net\\\/de\\\/reservierte-paesse\\\/\",\"name\":\"Reservierte P\u00e4sse - Hautes-Alpes\",\"isPartOf\":{\"@id\":\"https:\\\/\\\/www.hautes-alpes.net\\\/de\\\/#website\"},\"primaryImageOfPage\":{\"@id\":\"https:\\\/\\\/www.hautes-alpes.net\\\/de\\\/reservierte-paesse\\\/#primaryimage\"},\"image\":{\"@id\":\"https:\\\/\\\/www.hautes-alpes.net\\\/de\\\/reservierte-paesse\\\/#primaryimage\"},\"thumbnailUrl\":\"https:\\\/\\\/www.hautes-alpes.net\\\/wp-content\\\/uploads\\\/2025\\\/11\\\/granon-cyclo-alpesphotographiescom-13-1920x1000.jpg\",\"datePublished\":\"2026-03-19T11:12:27+00:00\",\"dateModified\":\"2026-05-07T07:23:26+00:00\",\"description\":\"Reservierte P\u00e4sse Die Berge ganz f\u00fcr sich allein Die Aktion \\\" Reservierter Pass \\\" l\u00e4dt Radsportbegeisterte und Amateure zu einer einzigartigen Erfahrung\",\"breadcrumb\":{\"@id\":\"https:\\\/\\\/www.hautes-alpes.net\\\/de\\\/reservierte-paesse\\\/#breadcrumb\"},\"inLanguage\":\"de\",\"potentialAction\":[{\"@type\":\"ReadAction\",\"target\":[\"https:\\\/\\\/www.hautes-alpes.net\\\/de\\\/reservierte-paesse\\\/\"]}]},{\"@type\":\"ImageObject\",\"inLanguage\":\"de\",\"@id\":\"https:\\\/\\\/www.hautes-alpes.net\\\/de\\\/reservierte-paesse\\\/#primaryimage\",\"url\":\"https:\\\/\\\/www.hautes-alpes.net\\\/wp-content\\\/uploads\\\/2025\\\/11\\\/granon-cyclo-alpesphotographiescom-13-1920x1000.jpg\",\"contentUrl\":\"https:\\\/\\\/www.hautes-alpes.net\\\/wp-content\\\/uploads\\\/2025\\\/11\\\/granon-cyclo-alpesphotographiescom-13-1920x1000.jpg\"},{\"@type\":\"BreadcrumbList\",\"@id\":\"https:\\\/\\\/www.hautes-alpes.net\\\/de\\\/reservierte-paesse\\\/#breadcrumb\",\"itemListElement\":[{\"@type\":\"ListItem\",\"position\":1,\"name\":\"Accueil\",\"item\":\"https:\\\/\\\/www.hautes-alpes.net\\\/de\\\/hautes-alpes\\\/\"},{\"@type\":\"ListItem\",\"position\":2,\"name\":\"Reservierte P\u00e4sse\"}]},{\"@type\":\"WebSite\",\"@id\":\"https:\\\/\\\/www.hautes-alpes.net\\\/de\\\/#website\",\"url\":\"https:\\\/\\\/www.hautes-alpes.net\\\/de\\\/\",\"name\":\"ADDET\",\"description\":\"\",\"publisher\":{\"@id\":\"https:\\\/\\\/www.hautes-alpes.net\\\/de\\\/#organization\"},\"potentialAction\":[{\"@type\":\"SearchAction\",\"target\":{\"@type\":\"EntryPoint\",\"urlTemplate\":\"https:\\\/\\\/www.hautes-alpes.net\\\/de\\\/?s={search_term_string}\"},\"query-input\":{\"@type\":\"PropertyValueSpecification\",\"valueRequired\":true,\"valueName\":\"search_term_string\"}}],\"inLanguage\":\"de\"},{\"@type\":\"Organization\",\"@id\":\"https:\\\/\\\/www.hautes-alpes.net\\\/de\\\/#organization\",\"name\":\"Agence D\u00e9partementale de D\u00e9veloppement Economique et Touristique des Hautes-Alpes\",\"url\":\"https:\\\/\\\/www.hautes-alpes.net\\\/de\\\/\",\"logo\":{\"@type\":\"ImageObject\",\"inLanguage\":\"de\",\"@id\":\"https:\\\/\\\/www.hautes-alpes.net\\\/de\\\/#\\\/schema\\\/logo\\\/image\\\/\",\"url\":\"https:\\\/\\\/www.hautes-alpes.net\\\/wp-content\\\/uploads\\\/2026\\\/01\\\/black-logo-2.svg\",\"contentUrl\":\"https:\\\/\\\/www.hautes-alpes.net\\\/wp-content\\\/uploads\\\/2026\\\/01\\\/black-logo-2.svg\",\"caption\":\"Agence D\u00e9partementale de D\u00e9veloppement Economique et Touristique des Hautes-Alpes\"},\"image\":{\"@id\":\"https:\\\/\\\/www.hautes-alpes.net\\\/de\\\/#\\\/schema\\\/logo\\\/image\\\/\"}}]}<\/script>\n<!-- \/ Yoast SEO plugin. -->","yoast_head_json":{"title":"Reservierte P\u00e4sse - Hautes-Alpes","description":"Reservierte P\u00e4sse Die Berge ganz f\u00fcr sich allein Die Aktion \" Reservierter Pass \" l\u00e4dt Radsportbegeisterte und Amateure zu einer einzigartigen Erfahrung","robots":{"index":"index","follow":"follow","max-snippet":"max-snippet:-1","max-image-preview":"max-image-preview:large","max-video-preview":"max-video-preview:-1"},"canonical":"https:\/\/www.hautes-alpes.net\/de\/reservierte-paesse\/","og_locale":"de_DE","og_type":"article","og_title":"Reservierte P\u00e4sse - Hautes-Alpes","og_description":"Reservierte P\u00e4sse Die Berge ganz f\u00fcr sich allein Die Aktion \" Reservierter Pass \" l\u00e4dt Radsportbegeisterte und Amateure zu einer einzigartigen Erfahrung","og_url":"https:\/\/www.hautes-alpes.net\/de\/reservierte-paesse\/","og_site_name":"Hautes-Alpes","article_modified_time":"2026-05-07T07:23:26+00:00","og_image":[{"url":"https:\/\/www.hautes-alpes.net\/wp-content\/uploads\/2025\/11\/granon-cyclo-alpesphotographiescom-13-1920x1000.jpg","type":"","width":"","height":""}],"twitter_card":"summary_large_image","twitter_misc":{"Gesch\u00e4tzte Lesezeit":"3 Minuten"},"schema":{"@context":"https:\/\/schema.org","@graph":[{"@type":"WebPage","@id":"https:\/\/www.hautes-alpes.net\/de\/reservierte-paesse\/","url":"https:\/\/www.hautes-alpes.net\/de\/reservierte-paesse\/","name":"Reservierte P\u00e4sse - Hautes-Alpes","isPartOf":{"@id":"https:\/\/www.hautes-alpes.net\/de\/#website"},"primaryImageOfPage":{"@id":"https:\/\/www.hautes-alpes.net\/de\/reservierte-paesse\/#primaryimage"},"image":{"@id":"https:\/\/www.hautes-alpes.net\/de\/reservierte-paesse\/#primaryimage"},"thumbnailUrl":"https:\/\/www.hautes-alpes.net\/wp-content\/uploads\/2025\/11\/granon-cyclo-alpesphotographiescom-13-1920x1000.jpg","datePublished":"2026-03-19T11:12:27+00:00","dateModified":"2026-05-07T07:23:26+00:00","description":"Reservierte P\u00e4sse Die Berge ganz f\u00fcr sich allein Die Aktion \" Reservierter Pass \" l\u00e4dt Radsportbegeisterte und Amateure zu einer einzigartigen Erfahrung","breadcrumb":{"@id":"https:\/\/www.hautes-alpes.net\/de\/reservierte-paesse\/#breadcrumb"},"inLanguage":"de","potentialAction":[{"@type":"ReadAction","target":["https:\/\/www.hautes-alpes.net\/de\/reservierte-paesse\/"]}]},{"@type":"ImageObject","inLanguage":"de","@id":"https:\/\/www.hautes-alpes.net\/de\/reservierte-paesse\/#primaryimage","url":"https:\/\/www.hautes-alpes.net\/wp-content\/uploads\/2025\/11\/granon-cyclo-alpesphotographiescom-13-1920x1000.jpg","contentUrl":"https:\/\/www.hautes-alpes.net\/wp-content\/uploads\/2025\/11\/granon-cyclo-alpesphotographiescom-13-1920x1000.jpg"},{"@type":"BreadcrumbList","@id":"https:\/\/www.hautes-alpes.net\/de\/reservierte-paesse\/#breadcrumb","itemListElement":[{"@type":"ListItem","position":1,"name":"Accueil","item":"https:\/\/www.hautes-alpes.net\/de\/hautes-alpes\/"},{"@type":"ListItem","position":2,"name":"Reservierte P\u00e4sse"}]},{"@type":"WebSite","@id":"https:\/\/www.hautes-alpes.net\/de\/#website","url":"https:\/\/www.hautes-alpes.net\/de\/","name":"ADDET","description":"","publisher":{"@id":"https:\/\/www.hautes-alpes.net\/de\/#organization"},"potentialAction":[{"@type":"SearchAction","target":{"@type":"EntryPoint","urlTemplate":"https:\/\/www.hautes-alpes.net\/de\/?s={search_term_string}"},"query-input":{"@type":"PropertyValueSpecification","valueRequired":true,"valueName":"search_term_string"}}],"inLanguage":"de"},{"@type":"Organization","@id":"https:\/\/www.hautes-alpes.net\/de\/#organization","name":"Agence D\u00e9partementale de D\u00e9veloppement Economique et Touristique des Hautes-Alpes","url":"https:\/\/www.hautes-alpes.net\/de\/","logo":{"@type":"ImageObject","inLanguage":"de","@id":"https:\/\/www.hautes-alpes.net\/de\/#\/schema\/logo\/image\/","url":"https:\/\/www.hautes-alpes.net\/wp-content\/uploads\/2026\/01\/black-logo-2.svg","contentUrl":"https:\/\/www.hautes-alpes.net\/wp-content\/uploads\/2026\/01\/black-logo-2.svg","caption":"Agence D\u00e9partementale de D\u00e9veloppement Economique et Touristique des Hautes-Alpes"},"image":{"@id":"https:\/\/www.hautes-alpes.net\/de\/#\/schema\/logo\/image\/"}}]}},"_links":{"self":[{"href":"https:\/\/www.hautes-alpes.net\/de\/wp-json\/wp\/v2\/pages\/411008","targetHints":{"allow":["GET"]}}],"collection":[{"href":"https:\/\/www.hautes-alpes.net\/de\/wp-json\/wp\/v2\/pages"}],"about":[{"href":"https:\/\/www.hautes-alpes.net\/de\/wp-json\/wp\/v2\/types\/page"}],"author":[{"embeddable":true,"href":"https:\/\/www.hautes-alpes.net\/de\/wp-json\/wp\/v2\/users\/5"}],"replies":[{"embeddable":true,"href":"https:\/\/www.hautes-alpes.net\/de\/wp-json\/wp\/v2\/comments?post=411008"}],"version-history":[{"count":4,"href":"https:\/\/www.hautes-alpes.net\/de\/wp-json\/wp\/v2\/pages\/411008\/revisions"}],"predecessor-version":[{"id":513853,"href":"https:\/\/www.hautes-alpes.net\/de\/wp-json\/wp\/v2\/pages\/411008\/revisions\/513853"}],"wp:attachment":[{"href":"https:\/\/www.hautes-alpes.net\/de\/wp-json\/wp\/v2\/media?parent=411008"}],"wp:term":[{"taxonomy":"page_label","embeddable":true,"href":"https:\/\/www.hautes-alpes.net\/de\/wp-json\/wp\/v2\/page_label?post=411008"}],"curies":[{"name":"wp","href":"https:\/\/api.w.org\/{rel}","templated":true}]}}