{"id":398990,"date":"2026-03-16T15:10:12","date_gmt":"2026-03-16T14:10:12","guid":{"rendered":"https:\/\/www.hautes-alpes.net\/websenso-test\/"},"modified":"2026-04-14T14:06:14","modified_gmt":"2026-04-14T12:06:14","slug":"websenso-test","status":"publish","type":"page","link":"https:\/\/www.hautes-alpes.net\/de\/websenso-test\/","title":{"rendered":"WebSenso-Test"},"content":{"rendered":"\n<div class=\"wp-block-group alignfull hero-banner-cover-wide has-global-padding is-layout-constrained wp-block-group-is-layout-constrained\"><div class=\"yoast-breadcrumbs\"><span><span><a href=\"https:\/\/www.hautes-alpes.net\/de\/hautes-alpes\/\">Home<\/a><\/span>  <span class=\"breadcrumb_last\" aria-current=\"page\">WebSenso-Test<\/span><\/span><\/div>\n\n\n<h1 class=\"wp-block-ws-library-post-title\">WebSenso-Test<\/h1>\n\n\n\n\n\n<p class=\"subtitle\"><\/p>\n\n\n\n<p><\/p>\n<\/div>\n\n<p><\/p>\n\n<p>Test<\/p>\n\n<figure class=\"wp-block-image size-large\"><img loading=\"lazy\" decoding=\"async\" width=\"720\" height=\"1024\" src=\"https:\/\/www.hautes-alpes.net\/wp-content\/uploads\/2026\/01\/capture-decran-2026-01-07-094804-720x1024.png\" alt=\"\" class=\"wp-image-168869\" srcset=\"https:\/\/www.hautes-alpes.net\/wp-content\/uploads\/2026\/01\/capture-decran-2026-01-07-094804-720x1024.png 720w, https:\/\/www.hautes-alpes.net\/wp-content\/uploads\/2026\/01\/capture-decran-2026-01-07-094804-211x300.png 211w, https:\/\/www.hautes-alpes.net\/wp-content\/uploads\/2026\/01\/capture-decran-2026-01-07-094804-768x1092.png 768w, https:\/\/www.hautes-alpes.net\/wp-content\/uploads\/2026\/01\/capture-decran-2026-01-07-094804-480x682.png 480w, https:\/\/www.hautes-alpes.net\/wp-content\/uploads\/2026\/01\/capture-decran-2026-01-07-094804-450x640.png 450w, https:\/\/www.hautes-alpes.net\/wp-content\/uploads\/2026\/01\/capture-decran-2026-01-07-094804-436x620.png 436w, https:\/\/www.hautes-alpes.net\/wp-content\/uploads\/2026\/01\/capture-decran-2026-01-07-094804.png 902w\" sizes=\"auto, (max-width: 720px) 100vw, 720px\" \/><\/figure>\n\n<div class=\"wp-block-group alignfull block-etapes has-global-padding is-layout-constrained wp-block-group-is-layout-constrained\">\n<h2 class=\"wp-block-heading is-style-title-1\"><em>Ihre Reiseroute5<\/em>wichtige Etappen <br\/><strong>entlang der Durance<\/strong><\/h2>\n\n\n\n<p>F\u00fcnf Tage mit dem Fahrrad entlang der Durance, von den Gipfeln <strong>Brian\u00e7ons <\/strong>bis zu den sonnigen Toren <strong>Sisterons<\/strong>.<br\/>Jede Etappe enth\u00fcllt ein neues Gesicht der Region: die wilden Fl\u00fcsse der Hautes-Alpes, die hochgelegenen Festungen, die friedlichen Ufer des Sees von Serre-Pon\u00e7on, die Obstg\u00e4rten und Lavendelfelder der provenzalischen Ebenen.<br\/><br\/>Eine Route f\u00fcr Liebhaber gro\u00dfer Weiten, authentischer D\u00f6rfer und kontemplativer Pausen entlang des Wassers.<br\/>Begeben Sie sich auf ein Abenteuer, bei dem die Natur und das Kulturerbe Sie bei jedem Pedaltritt begleiten.<\/p>\n\n\n\n<div class=\"wp-block-buttons is-layout-flex wp-block-buttons-is-layout-flex\">\n<div class=\"wp-block-button is-style-default\"><a class=\"wp-block-button__link wp-element-button\">Route abfragen<\/a><\/div>\n\n\n\n<div class=\"wp-block-button is-style-arrow\"><a class=\"wp-block-button__link wp-element-button\">TRACE GPX<\/a><\/div>\n<\/div>\n<\/div>\n\n<div class=\"wp-block-ws-library-ws-share\"><span class=\"share-subtitle\">Hat Ihnen diese Seite gefallen?<\/span><span class=\"share-title\">Teilen Sie es mit anderen!<\/span><button class=\"ws-share-button wp-element-button\">Diese Seite teilen<\/button><\/div>\n","protected":false},"excerpt":{"rendered":"<p>Test Ihre Reiseroute5wichtige Etappen entlang der Durance F\u00fcnf Tage mit dem Fahrrad entlang der Durance, von den Gipfeln Brian\u00e7ons bis [&hellip;]<\/p>\n","protected":false},"author":1,"featured_media":0,"parent":0,"menu_order":0,"comment_status":"closed","ping_status":"closed","template":"","meta":{"is_dark_mode":false,"footnotes":""},"page_label":[],"class_list":["post-398990","page","type-page","status-publish","hentry"],"yoast_head":"<!-- This site is optimized with the Yoast SEO plugin v27.2 - https:\/\/yoast.com\/product\/yoast-seo-wordpress\/ -->\n<title>WebSenso-Test - Hautes-Alpes<\/title>\n<meta name=\"description\" content=\"WebSenso-Test Test Ihre Reiseroute5wichtige Etappen entlang der Durance F\u00fcnf Tage mit dem Fahrrad entlang der Durance, von den Gipfeln Brian\u00e7ons bis zu\" \/>\n<meta name=\"robots\" content=\"index, follow, max-snippet:-1, max-image-preview:large, max-video-preview:-1\" \/>\n<link rel=\"canonical\" href=\"https:\/\/www.hautes-alpes.net\/de\/websenso-test\/\" \/>\n<meta property=\"og:locale\" content=\"de_DE\" \/>\n<meta property=\"og:type\" content=\"article\" \/>\n<meta property=\"og:title\" content=\"WebSenso-Test - Hautes-Alpes\" \/>\n<meta property=\"og:description\" content=\"WebSenso-Test Test Ihre Reiseroute5wichtige Etappen entlang der Durance F\u00fcnf Tage mit dem Fahrrad entlang der Durance, von den Gipfeln Brian\u00e7ons bis zu\" \/>\n<meta property=\"og:url\" content=\"https:\/\/www.hautes-alpes.net\/de\/websenso-test\/\" \/>\n<meta property=\"og:site_name\" content=\"Hautes-Alpes\" \/>\n<meta property=\"article:modified_time\" content=\"2026-04-14T12:06:14+00:00\" \/>\n<meta property=\"og:image\" content=\"https:\/\/www.hautes-alpes.net\/wp-content\/uploads\/2026\/01\/capture-decran-2026-01-07-094804.png\" \/>\n\t<meta property=\"og:image:width\" content=\"902\" \/>\n\t<meta property=\"og:image:height\" content=\"1282\" \/>\n\t<meta property=\"og:image:type\" content=\"image\/png\" \/>\n<meta name=\"twitter:card\" content=\"summary_large_image\" \/>\n<meta name=\"twitter:label1\" content=\"Gesch\u00e4tzte Lesezeit\" \/>\n\t<meta name=\"twitter:data1\" content=\"1\u00a0Minute\" \/>\n<script type=\"application\/ld+json\" class=\"yoast-schema-graph\">{\"@context\":\"https:\/\/schema.org\",\"@graph\":[{\"@type\":\"WebPage\",\"@id\":\"https:\/\/www.hautes-alpes.net\/de\/websenso-test\/\",\"url\":\"https:\/\/www.hautes-alpes.net\/de\/websenso-test\/\",\"name\":\"WebSenso-Test - Hautes-Alpes\",\"isPartOf\":{\"@id\":\"https:\/\/www.hautes-alpes.net\/de\/#website\"},\"primaryImageOfPage\":{\"@id\":\"https:\/\/www.hautes-alpes.net\/de\/websenso-test\/#primaryimage\"},\"image\":{\"@id\":\"https:\/\/www.hautes-alpes.net\/de\/websenso-test\/#primaryimage\"},\"thumbnailUrl\":\"https:\/\/www.hautes-alpes.net\/wp-content\/uploads\/2026\/01\/capture-decran-2026-01-07-094804-720x1024.png\",\"datePublished\":\"2026-03-16T14:10:12+00:00\",\"dateModified\":\"2026-04-14T12:06:14+00:00\",\"description\":\"WebSenso-Test Test Ihre Reiseroute5wichtige Etappen entlang der Durance F\u00fcnf Tage mit dem Fahrrad entlang der Durance, von den Gipfeln Brian\u00e7ons bis zu\",\"breadcrumb\":{\"@id\":\"https:\/\/www.hautes-alpes.net\/de\/websenso-test\/#breadcrumb\"},\"inLanguage\":\"de\",\"potentialAction\":[{\"@type\":\"ReadAction\",\"target\":[\"https:\/\/www.hautes-alpes.net\/de\/websenso-test\/\"]}]},{\"@type\":\"ImageObject\",\"inLanguage\":\"de\",\"@id\":\"https:\/\/www.hautes-alpes.net\/de\/websenso-test\/#primaryimage\",\"url\":\"https:\/\/www.hautes-alpes.net\/wp-content\/uploads\/2026\/01\/capture-decran-2026-01-07-094804-720x1024.png\",\"contentUrl\":\"https:\/\/www.hautes-alpes.net\/wp-content\/uploads\/2026\/01\/capture-decran-2026-01-07-094804-720x1024.png\"},{\"@type\":\"BreadcrumbList\",\"@id\":\"https:\/\/www.hautes-alpes.net\/de\/websenso-test\/#breadcrumb\",\"itemListElement\":[{\"@type\":\"ListItem\",\"position\":1,\"name\":\"Home\",\"item\":\"https:\/\/www.hautes-alpes.net\/de\/hautes-alpes\/\"},{\"@type\":\"ListItem\",\"position\":2,\"name\":\"WebSenso-Test\"}]},{\"@type\":\"WebSite\",\"@id\":\"https:\/\/www.hautes-alpes.net\/de\/#website\",\"url\":\"https:\/\/www.hautes-alpes.net\/de\/\",\"name\":\"ADDET\",\"description\":\"\",\"publisher\":{\"@id\":\"https:\/\/www.hautes-alpes.net\/de\/#organization\"},\"potentialAction\":[{\"@type\":\"SearchAction\",\"target\":{\"@type\":\"EntryPoint\",\"urlTemplate\":\"https:\/\/www.hautes-alpes.net\/de\/?s={search_term_string}\"},\"query-input\":{\"@type\":\"PropertyValueSpecification\",\"valueRequired\":true,\"valueName\":\"search_term_string\"}}],\"inLanguage\":\"de\"},{\"@type\":\"Organization\",\"@id\":\"https:\/\/www.hautes-alpes.net\/de\/#organization\",\"name\":\"Agence D\u00e9partementale de D\u00e9veloppement Economique et Touristique des Hautes-Alpes\",\"url\":\"https:\/\/www.hautes-alpes.net\/de\/\",\"logo\":{\"@type\":\"ImageObject\",\"inLanguage\":\"de\",\"@id\":\"https:\/\/www.hautes-alpes.net\/de\/#\/schema\/logo\/image\/\",\"url\":\"https:\/\/www.hautes-alpes.net\/wp-content\/uploads\/2026\/01\/black-logo-2.svg\",\"contentUrl\":\"https:\/\/www.hautes-alpes.net\/wp-content\/uploads\/2026\/01\/black-logo-2.svg\",\"caption\":\"Agence D\u00e9partementale de D\u00e9veloppement Economique et Touristique des Hautes-Alpes\"},\"image\":{\"@id\":\"https:\/\/www.hautes-alpes.net\/de\/#\/schema\/logo\/image\/\"}}]}<\/script>\n<!-- \/ Yoast SEO plugin. -->","yoast_head_json":{"title":"WebSenso-Test - Hautes-Alpes","description":"WebSenso-Test Test Ihre Reiseroute5wichtige Etappen entlang der Durance F\u00fcnf Tage mit dem Fahrrad entlang der Durance, von den Gipfeln Brian\u00e7ons bis zu","robots":{"index":"index","follow":"follow","max-snippet":"max-snippet:-1","max-image-preview":"max-image-preview:large","max-video-preview":"max-video-preview:-1"},"canonical":"https:\/\/www.hautes-alpes.net\/de\/websenso-test\/","og_locale":"de_DE","og_type":"article","og_title":"WebSenso-Test - Hautes-Alpes","og_description":"WebSenso-Test Test Ihre Reiseroute5wichtige Etappen entlang der Durance F\u00fcnf Tage mit dem Fahrrad entlang der Durance, von den Gipfeln Brian\u00e7ons bis zu","og_url":"https:\/\/www.hautes-alpes.net\/de\/websenso-test\/","og_site_name":"Hautes-Alpes","article_modified_time":"2026-04-14T12:06:14+00:00","og_image":[{"width":902,"height":1282,"url":"https:\/\/www.hautes-alpes.net\/wp-content\/uploads\/2026\/01\/capture-decran-2026-01-07-094804.png","type":"image\/png"}],"twitter_card":"summary_large_image","twitter_misc":{"Gesch\u00e4tzte Lesezeit":"1\u00a0Minute"},"schema":{"@context":"https:\/\/schema.org","@graph":[{"@type":"WebPage","@id":"https:\/\/www.hautes-alpes.net\/de\/websenso-test\/","url":"https:\/\/www.hautes-alpes.net\/de\/websenso-test\/","name":"WebSenso-Test - Hautes-Alpes","isPartOf":{"@id":"https:\/\/www.hautes-alpes.net\/de\/#website"},"primaryImageOfPage":{"@id":"https:\/\/www.hautes-alpes.net\/de\/websenso-test\/#primaryimage"},"image":{"@id":"https:\/\/www.hautes-alpes.net\/de\/websenso-test\/#primaryimage"},"thumbnailUrl":"https:\/\/www.hautes-alpes.net\/wp-content\/uploads\/2026\/01\/capture-decran-2026-01-07-094804-720x1024.png","datePublished":"2026-03-16T14:10:12+00:00","dateModified":"2026-04-14T12:06:14+00:00","description":"WebSenso-Test Test Ihre Reiseroute5wichtige Etappen entlang der Durance F\u00fcnf Tage mit dem Fahrrad entlang der Durance, von den Gipfeln Brian\u00e7ons bis zu","breadcrumb":{"@id":"https:\/\/www.hautes-alpes.net\/de\/websenso-test\/#breadcrumb"},"inLanguage":"de","potentialAction":[{"@type":"ReadAction","target":["https:\/\/www.hautes-alpes.net\/de\/websenso-test\/"]}]},{"@type":"ImageObject","inLanguage":"de","@id":"https:\/\/www.hautes-alpes.net\/de\/websenso-test\/#primaryimage","url":"https:\/\/www.hautes-alpes.net\/wp-content\/uploads\/2026\/01\/capture-decran-2026-01-07-094804-720x1024.png","contentUrl":"https:\/\/www.hautes-alpes.net\/wp-content\/uploads\/2026\/01\/capture-decran-2026-01-07-094804-720x1024.png"},{"@type":"BreadcrumbList","@id":"https:\/\/www.hautes-alpes.net\/de\/websenso-test\/#breadcrumb","itemListElement":[{"@type":"ListItem","position":1,"name":"Home","item":"https:\/\/www.hautes-alpes.net\/de\/hautes-alpes\/"},{"@type":"ListItem","position":2,"name":"WebSenso-Test"}]},{"@type":"WebSite","@id":"https:\/\/www.hautes-alpes.net\/de\/#website","url":"https:\/\/www.hautes-alpes.net\/de\/","name":"ADDET","description":"","publisher":{"@id":"https:\/\/www.hautes-alpes.net\/de\/#organization"},"potentialAction":[{"@type":"SearchAction","target":{"@type":"EntryPoint","urlTemplate":"https:\/\/www.hautes-alpes.net\/de\/?s={search_term_string}"},"query-input":{"@type":"PropertyValueSpecification","valueRequired":true,"valueName":"search_term_string"}}],"inLanguage":"de"},{"@type":"Organization","@id":"https:\/\/www.hautes-alpes.net\/de\/#organization","name":"Agence D\u00e9partementale de D\u00e9veloppement Economique et Touristique des Hautes-Alpes","url":"https:\/\/www.hautes-alpes.net\/de\/","logo":{"@type":"ImageObject","inLanguage":"de","@id":"https:\/\/www.hautes-alpes.net\/de\/#\/schema\/logo\/image\/","url":"https:\/\/www.hautes-alpes.net\/wp-content\/uploads\/2026\/01\/black-logo-2.svg","contentUrl":"https:\/\/www.hautes-alpes.net\/wp-content\/uploads\/2026\/01\/black-logo-2.svg","caption":"Agence D\u00e9partementale de D\u00e9veloppement Economique et Touristique des Hautes-Alpes"},"image":{"@id":"https:\/\/www.hautes-alpes.net\/de\/#\/schema\/logo\/image\/"}}]}},"_links":{"self":[{"href":"https:\/\/www.hautes-alpes.net\/de\/wp-json\/wp\/v2\/pages\/398990","targetHints":{"allow":["GET"]}}],"collection":[{"href":"https:\/\/www.hautes-alpes.net\/de\/wp-json\/wp\/v2\/pages"}],"about":[{"href":"https:\/\/www.hautes-alpes.net\/de\/wp-json\/wp\/v2\/types\/page"}],"author":[{"embeddable":true,"href":"https:\/\/www.hautes-alpes.net\/de\/wp-json\/wp\/v2\/users\/1"}],"replies":[{"embeddable":true,"href":"https:\/\/www.hautes-alpes.net\/de\/wp-json\/wp\/v2\/comments?post=398990"}],"version-history":[{"count":7,"href":"https:\/\/www.hautes-alpes.net\/de\/wp-json\/wp\/v2\/pages\/398990\/revisions"}],"predecessor-version":[{"id":473092,"href":"https:\/\/www.hautes-alpes.net\/de\/wp-json\/wp\/v2\/pages\/398990\/revisions\/473092"}],"wp:attachment":[{"href":"https:\/\/www.hautes-alpes.net\/de\/wp-json\/wp\/v2\/media?parent=398990"}],"wp:term":[{"taxonomy":"page_label","embeddable":true,"href":"https:\/\/www.hautes-alpes.net\/de\/wp-json\/wp\/v2\/page_label?post=398990"}],"curies":[{"name":"wp","href":"https:\/\/api.w.org\/{rel}","templated":true}]}}