{"id":323481,"date":"2026-02-23T11:36:00","date_gmt":"2026-02-23T10:36:00","guid":{"rendered":"https:\/\/www.hautes-alpes.net\/323481-2\/"},"modified":"2026-02-23T12:35:08","modified_gmt":"2026-02-23T11:35:08","slug":"323481-2","status":"publish","type":"page","link":"https:\/\/www.hautes-alpes.net\/de\/323481-2\/","title":{"rendered":""},"content":{"rendered":"\n<div class=\"wp-block-group alignfull hero-banner-cover-wide has-global-padding is-layout-constrained wp-block-group-is-layout-constrained\"><div class=\"yoast-breadcrumbs\"><span><span><a href=\"https:\/\/www.hautes-alpes.net\/de\/hautes-alpes\/\">Home<\/a><\/span><\/span><\/div>\n\n\n<h1 class=\"wp-block-ws-library-post-title\"\/>\n\n\n\n\n\n<p class=\"subtitle\"><\/p>\n\n\n\n<p><\/p>\n<\/div>\n<div class=\"wp-block-ws-library-ws-faq\"><div class=\"faq-items\"><details class=\"faq-item\" name=\"ws-faq\"><summary class=\"faq-question\"><span class=\"icon\"><\/span>Was bieten die Hautes-Alpes?<\/summary><div class=\"faq-answer\"><p>Die Hautes-Alpes bieten Ihnen Animationen, Verkostungen, Essen und den Kauf von lokalen Produkten.<\/p>\n<\/div><\/details><details class=\"faq-item\" name=\"ws-faq\"><summary class=\"faq-question\"><span class=\"icon\"><\/span>Studiengang Tourismus<\/summary><div class=\"faq-answer\"><p>Sophie Rey<br>06 15 22 22 33<br>sophie.rey@hautes-alpes.net<\/p>\n<\/div><\/details><details class=\"faq-item\" name=\"ws-faq\"><summary class=\"faq-question\"><span class=\"icon\"><\/span>Wann wird die Abteilung auf der Messe vertreten sein?<\/summary><div class=\"faq-answer\"><p>Die Hautes-Alpes sind vom 21. Februar bis zum 1. M\u00e4rz 2026, d.h. w\u00e4hrend der gesamten Dauer der Messe, anwesend.<\/p>\n<\/div><\/details><\/div><script type=\"application\/ld+json\">\n{\"@context\":\"https:\/\/schema.org\",\"@graph\":[{\"@type\":[\"WebPage\",\"FAQPage\"],\"@id\":\"https:\/\/www.hautes-alpes.net\/de\/323481-2\/\",\"url\":\"https:\/\/www.hautes-alpes.net\/de\/323481-2\/\",\"name\":\"Hautes-Alpes\",\"mainEntity\":[{\"@id\":\"https:\/\/www.hautes-alpes.net\/de\/323481-2\/#faq-question-220909\"},{\"@id\":\"https:\/\/www.hautes-alpes.net\/de\/323481-2\/#faq-question-163005\"},{\"@id\":\"https:\/\/www.hautes-alpes.net\/de\/323481-2\/#faq-question-266273\"}],\"inLanguage\":\"de_DE\",\"datePublished\":\"2026-02-23T10:36:00+00:00\",\"dateModified\":\"2026-02-23T11:35:08+00:00\"},{\"@type\":\"Question\",\"@id\":\"https:\/\/www.hautes-alpes.net\/de\/323481-2\/#faq-question-220909\",\"position\":1,\"url\":\"https:\/\/www.hautes-alpes.net\/de\/323481-2\/#faq-question-220909\",\"name\":\"Was bieten die Hautes-Alpes?\",\"answerCount\":1,\"acceptedAnswer\":{\"@type\":\"Answer\",\"text\":\"\\u003Cp\\u003EDie Hautes-Alpes bieten Ihnen Animationen, Verkostungen, Essen und den Kauf von lokalen Produkten.\\u003C\/p\\u003E\",\"inLanguage\":\"de_DE\"},\"inLanguage\":\"de_DE\"},{\"@type\":\"Question\",\"@id\":\"https:\/\/www.hautes-alpes.net\/de\/323481-2\/#faq-question-163005\",\"position\":2,\"url\":\"https:\/\/www.hautes-alpes.net\/de\/323481-2\/#faq-question-163005\",\"name\":\"Studiengang Tourismus\",\"answerCount\":1,\"acceptedAnswer\":{\"@type\":\"Answer\",\"text\":\"\\u003Cp\\u003ESophie Rey\\u003Cbr\\u003E06 15 22 22 33\\u003Cbr\\u003Esophie.rey@hautes-alpes.net\\u003C\/p\\u003E\",\"inLanguage\":\"de_DE\"},\"inLanguage\":\"de_DE\"},{\"@type\":\"Question\",\"@id\":\"https:\/\/www.hautes-alpes.net\/de\/323481-2\/#faq-question-266273\",\"position\":3,\"url\":\"https:\/\/www.hautes-alpes.net\/de\/323481-2\/#faq-question-266273\",\"name\":\"Wann wird die Abteilung auf der Messe vertreten sein?\",\"answerCount\":1,\"acceptedAnswer\":{\"@type\":\"Answer\",\"text\":\"\\u003Cp\\u003EDie Hautes-Alpes sind vom 21. Februar bis zum 1. M\u00e4rz 2026, d.h. w\u00e4hrend der gesamten Dauer der Messe, anwesend.\\u003C\/p\\u003E\",\"inLanguage\":\"de_DE\"},\"inLanguage\":\"de_DE\"}]}\n<\/script>\n<\/div><div class=\"wp-block-ws-library-ws-faq\"><div class=\"faq-categories\"><div class=\"faq-switcher\"><ul class=\"list-switch\"><li data-category-id=\"6485\" class=\"item-switch \">S&#039;installer dans les Hautes-Alpes<\/li><li data-category-id=\"6486\" class=\"item-switch active\">Economie<\/li><\/ul><\/div><div class=\"faq-items \"><div class=\"faq-category\" data-category-id=\"6485\" style=\"display: none;\"><div class=\"faq-items \"><details class=\"faq-item\" name=\"ws-faq\"><summary class=\"faq-question\"><span class=\"icon\"><\/span>Wie kann man in den Hautes-Alpes leicht unterkommen?<\/summary><div class=\"faq-answer\"><p>Der Immobilienmarkt ist im Vergleich zu den benachbarten Gro\u00dfst\u00e4dten attraktiv. Die Einwohner k\u00f6nnen sowohl Wohnungen im Stadtzentrum als auch H\u00e4user in D\u00f6rfern oder in der Natur finden. Einige Gemeinden bieten Neuank\u00f6mmlingen Unterst\u00fctzung an.  <\/p>\n<\/div><\/details><details class=\"faq-item\" name=\"ws-faq\"><summary class=\"faq-question\"><span class=\"icon\"><\/span>Warum sollten Sie sich in den Hautes-Alpes niederlassen und dort leben?<\/summary><div class=\"faq-answer\"><p>Die Hautes-Alpes bieten einen au\u00dfergew\u00f6hnlichen Lebensraum zwischen unber\u00fchrter Natur, wirtschaftlicher Dynamik und der N\u00e4he zu den gro\u00dfen Metropolen (Marseille, Grenoble, Turin). Die Region verbindet Lebensqualit\u00e4t, eine gesunde Umwelt und berufliche M\u00f6glichkeiten in verschiedenen Sektoren. <\/p>\n<\/div><\/details><\/div><\/div><div class=\"faq-category\" data-category-id=\"6486\" ><div class=\"faq-items \"><details class=\"faq-item\" name=\"ws-faq\"><summary class=\"faq-question\"><span class=\"icon\"><\/span>Was sind die wichtigsten Wirtschaftssektoren der Region?<\/summary><div class=\"faq-answer\"><p>Der Tourismus bleibt eine treibende Kraft, aber die Hautes-Alpes zeichnen sich auch durch die Berglandwirtschaft, das Handwerk, innovative Branchen (Luftfahrt, Energie) sowie die Entwicklung der gr\u00fcnen Wirtschaft und der Digitaltechnik aus.<\/p>\n<\/div><\/details><details class=\"faq-item\" name=\"ws-faq\"><summary class=\"faq-question\"><span class=\"icon\"><\/span>Welche Einrichtungen unterst\u00fctzen Unternehmer und Projekttr\u00e4ger?<\/summary><div class=\"faq-answer\"><p>Die Gebietsk\u00f6rperschaften und Kammern bieten Hilfen f\u00fcr die Niederlassung, Innovation und \u00dcbertragung von Unternehmen an. Gr\u00fcnderzentren und Coworking Spaces sind ebenfalls in der Region vorhanden, um das lokale Unternehmertum zu f\u00f6rdern. <\/p>\n<\/div><\/details><\/div><\/div><\/div><\/div><script type=\"application\/ld+json\">\n{\"@context\":\"https:\/\/schema.org\",\"@graph\":[{\"@type\":[\"WebPage\",\"FAQPage\"],\"@id\":\"https:\/\/www.hautes-alpes.net\/de\/323481-2\/\",\"url\":\"https:\/\/www.hautes-alpes.net\/de\/323481-2\/\",\"name\":\"Hautes-Alpes\",\"mainEntity\":[{\"@id\":\"https:\/\/www.hautes-alpes.net\/de\/323481-2\/#faq-question-107428\"},{\"@id\":\"https:\/\/www.hautes-alpes.net\/de\/323481-2\/#faq-question-107509\"},{\"@id\":\"https:\/\/www.hautes-alpes.net\/de\/323481-2\/#faq-question-107440\"},{\"@id\":\"https:\/\/www.hautes-alpes.net\/de\/323481-2\/#faq-question-107439\"}],\"inLanguage\":\"de_DE\",\"datePublished\":\"2026-02-23T10:36:00+00:00\",\"dateModified\":\"2026-02-23T11:35:08+00:00\"},{\"@type\":\"Question\",\"@id\":\"https:\/\/www.hautes-alpes.net\/de\/323481-2\/#faq-question-107428\",\"position\":1,\"url\":\"https:\/\/www.hautes-alpes.net\/de\/323481-2\/#faq-question-107428\",\"name\":\"Wie kann man in den Hautes-Alpes leicht unterkommen?\",\"answerCount\":1,\"acceptedAnswer\":{\"@type\":\"Answer\",\"text\":\"\\u003Cp\\u003EDer Immobilienmarkt ist im Vergleich zu den benachbarten Gro\u00dfst\u00e4dten attraktiv. Die Einwohner k\u00f6nnen sowohl Wohnungen im Stadtzentrum als auch H\u00e4user in D\u00f6rfern oder in der Natur finden. Einige Gemeinden bieten Neuank\u00f6mmlingen Unterst\u00fctzung an.  \\u003C\/p\\u003E\",\"inLanguage\":\"de_DE\"},\"inLanguage\":\"de_DE\"},{\"@type\":\"Question\",\"@id\":\"https:\/\/www.hautes-alpes.net\/de\/323481-2\/#faq-question-107509\",\"position\":2,\"url\":\"https:\/\/www.hautes-alpes.net\/de\/323481-2\/#faq-question-107509\",\"name\":\"Warum sollten Sie sich in den Hautes-Alpes niederlassen und dort leben?\",\"answerCount\":1,\"acceptedAnswer\":{\"@type\":\"Answer\",\"text\":\"\\u003Cp\\u003EDie Hautes-Alpes bieten einen au\u00dfergew\u00f6hnlichen Lebensraum zwischen unber\u00fchrter Natur, wirtschaftlicher Dynamik und der N\u00e4he zu den gro\u00dfen Metropolen (Marseille, Grenoble, Turin). Die Region verbindet Lebensqualit\u00e4t, eine gesunde Umwelt und berufliche M\u00f6glichkeiten in verschiedenen Sektoren. \\u003C\/p\\u003E\",\"inLanguage\":\"de_DE\"},\"inLanguage\":\"de_DE\"},{\"@type\":\"Question\",\"@id\":\"https:\/\/www.hautes-alpes.net\/de\/323481-2\/#faq-question-107440\",\"position\":3,\"url\":\"https:\/\/www.hautes-alpes.net\/de\/323481-2\/#faq-question-107440\",\"name\":\"Was sind die wichtigsten Wirtschaftssektoren der Region?\",\"answerCount\":1,\"acceptedAnswer\":{\"@type\":\"Answer\",\"text\":\"\\u003Cp\\u003EDer Tourismus bleibt eine treibende Kraft, aber die Hautes-Alpes zeichnen sich auch durch die Berglandwirtschaft, das Handwerk, innovative Branchen (Luftfahrt, Energie) sowie die Entwicklung der gr\u00fcnen Wirtschaft und der Digitaltechnik aus.\\u003C\/p\\u003E\",\"inLanguage\":\"de_DE\"},\"inLanguage\":\"de_DE\"},{\"@type\":\"Question\",\"@id\":\"https:\/\/www.hautes-alpes.net\/de\/323481-2\/#faq-question-107439\",\"position\":4,\"url\":\"https:\/\/www.hautes-alpes.net\/de\/323481-2\/#faq-question-107439\",\"name\":\"Welche Einrichtungen unterst\u00fctzen Unternehmer und Projekttr\u00e4ger?\",\"answerCount\":1,\"acceptedAnswer\":{\"@type\":\"Answer\",\"text\":\"\\u003Cp\\u003EDie Gebietsk\u00f6rperschaften und Kammern bieten Hilfen f\u00fcr die Niederlassung, Innovation und \u00dcbertragung von Unternehmen an. Gr\u00fcnderzentren und Coworking Spaces sind ebenfalls in der Region vorhanden, um das lokale Unternehmertum zu f\u00f6rdern. \\u003C\/p\\u003E\",\"inLanguage\":\"de_DE\"},\"inLanguage\":\"de_DE\"}]}\n<\/script>\n<\/div>\n<div class=\"wp-block-ws-library-ws-share\"><span class=\"share-subtitle\">Hat Ihnen diese Seite gefallen?<\/span><span class=\"share-title\">Teilen Sie es mit anderen!<\/span><button class=\"ws-share-button wp-element-button\">Diese Seite teilen<\/button><\/div>\n","protected":false},"excerpt":{"rendered":"","protected":false},"author":1,"featured_media":0,"parent":0,"menu_order":0,"comment_status":"closed","ping_status":"closed","template":"","meta":{"is_dark_mode":false,"footnotes":""},"page_label":[],"class_list":["post-323481","page","type-page","status-publish","hentry"],"yoast_head":"<!-- This site is optimized with the Yoast SEO plugin v27.2 - https:\/\/yoast.com\/product\/yoast-seo-wordpress\/ -->\n<title>- Hautes-Alpes<\/title>\n<meta name=\"description\" content=\"Hat Ihnen diese Seite gefallen?Teilen Sie es mit anderen!Diese Seite teilen\" \/>\n<meta name=\"robots\" content=\"index, follow, max-snippet:-1, max-image-preview:large, max-video-preview:-1\" \/>\n<link rel=\"canonical\" href=\"https:\/\/www.hautes-alpes.net\/de\/323481-2\/\" \/>\n<meta property=\"og:locale\" content=\"de_DE\" \/>\n<meta property=\"og:type\" content=\"article\" \/>\n<meta property=\"og:title\" content=\"- Hautes-Alpes\" \/>\n<meta property=\"og:description\" content=\"Hat Ihnen diese Seite gefallen?Teilen Sie es mit anderen!Diese Seite teilen\" \/>\n<meta property=\"og:url\" content=\"https:\/\/www.hautes-alpes.net\/de\/323481-2\/\" \/>\n<meta property=\"og:site_name\" content=\"Hautes-Alpes\" \/>\n<meta property=\"article:modified_time\" content=\"2026-02-23T11:35:08+00:00\" \/>\n<meta name=\"twitter:card\" content=\"summary_large_image\" \/>\n<script type=\"application\/ld+json\" class=\"yoast-schema-graph\">{\"@context\":\"https:\/\/schema.org\",\"@graph\":[{\"@type\":\"WebPage\",\"@id\":\"https:\/\/www.hautes-alpes.net\/de\/323481-2\/\",\"url\":\"https:\/\/www.hautes-alpes.net\/de\/323481-2\/\",\"name\":\"- Hautes-Alpes\",\"isPartOf\":{\"@id\":\"https:\/\/www.hautes-alpes.net\/de\/#website\"},\"datePublished\":\"2026-02-23T10:36:00+00:00\",\"dateModified\":\"2026-02-23T11:35:08+00:00\",\"description\":\"Hat Ihnen diese Seite gefallen?Teilen Sie es mit anderen!Diese Seite teilen\",\"inLanguage\":\"de\",\"potentialAction\":[{\"@type\":\"ReadAction\",\"target\":[\"https:\/\/www.hautes-alpes.net\/de\/323481-2\/\"]}]},{\"@type\":\"WebSite\",\"@id\":\"https:\/\/www.hautes-alpes.net\/de\/#website\",\"url\":\"https:\/\/www.hautes-alpes.net\/de\/\",\"name\":\"ADDET\",\"description\":\"\",\"publisher\":{\"@id\":\"https:\/\/www.hautes-alpes.net\/de\/#organization\"},\"potentialAction\":[{\"@type\":\"SearchAction\",\"target\":{\"@type\":\"EntryPoint\",\"urlTemplate\":\"https:\/\/www.hautes-alpes.net\/de\/?s={search_term_string}\"},\"query-input\":{\"@type\":\"PropertyValueSpecification\",\"valueRequired\":true,\"valueName\":\"search_term_string\"}}],\"inLanguage\":\"de\"},{\"@type\":\"Organization\",\"@id\":\"https:\/\/www.hautes-alpes.net\/de\/#organization\",\"name\":\"Agence D\u00e9partementale de D\u00e9veloppement Economique et Touristique des Hautes-Alpes\",\"url\":\"https:\/\/www.hautes-alpes.net\/de\/\",\"logo\":{\"@type\":\"ImageObject\",\"inLanguage\":\"de\",\"@id\":\"https:\/\/www.hautes-alpes.net\/de\/#\/schema\/logo\/image\/\",\"url\":\"https:\/\/www.hautes-alpes.net\/wp-content\/uploads\/2026\/01\/black-logo-2.svg\",\"contentUrl\":\"https:\/\/www.hautes-alpes.net\/wp-content\/uploads\/2026\/01\/black-logo-2.svg\",\"caption\":\"Agence D\u00e9partementale de D\u00e9veloppement Economique et Touristique des Hautes-Alpes\"},\"image\":{\"@id\":\"https:\/\/www.hautes-alpes.net\/de\/#\/schema\/logo\/image\/\"}}]}<\/script>\n<!-- \/ Yoast SEO plugin. -->","yoast_head_json":{"title":"- Hautes-Alpes","description":"Hat Ihnen diese Seite gefallen?Teilen Sie es mit anderen!Diese Seite teilen","robots":{"index":"index","follow":"follow","max-snippet":"max-snippet:-1","max-image-preview":"max-image-preview:large","max-video-preview":"max-video-preview:-1"},"canonical":"https:\/\/www.hautes-alpes.net\/de\/323481-2\/","og_locale":"de_DE","og_type":"article","og_title":"- Hautes-Alpes","og_description":"Hat Ihnen diese Seite gefallen?Teilen Sie es mit anderen!Diese Seite teilen","og_url":"https:\/\/www.hautes-alpes.net\/de\/323481-2\/","og_site_name":"Hautes-Alpes","article_modified_time":"2026-02-23T11:35:08+00:00","twitter_card":"summary_large_image","schema":{"@context":"https:\/\/schema.org","@graph":[{"@type":"WebPage","@id":"https:\/\/www.hautes-alpes.net\/de\/323481-2\/","url":"https:\/\/www.hautes-alpes.net\/de\/323481-2\/","name":"- Hautes-Alpes","isPartOf":{"@id":"https:\/\/www.hautes-alpes.net\/de\/#website"},"datePublished":"2026-02-23T10:36:00+00:00","dateModified":"2026-02-23T11:35:08+00:00","description":"Hat Ihnen diese Seite gefallen?Teilen Sie es mit anderen!Diese Seite teilen","inLanguage":"de","potentialAction":[{"@type":"ReadAction","target":["https:\/\/www.hautes-alpes.net\/de\/323481-2\/"]}]},{"@type":"WebSite","@id":"https:\/\/www.hautes-alpes.net\/de\/#website","url":"https:\/\/www.hautes-alpes.net\/de\/","name":"ADDET","description":"","publisher":{"@id":"https:\/\/www.hautes-alpes.net\/de\/#organization"},"potentialAction":[{"@type":"SearchAction","target":{"@type":"EntryPoint","urlTemplate":"https:\/\/www.hautes-alpes.net\/de\/?s={search_term_string}"},"query-input":{"@type":"PropertyValueSpecification","valueRequired":true,"valueName":"search_term_string"}}],"inLanguage":"de"},{"@type":"Organization","@id":"https:\/\/www.hautes-alpes.net\/de\/#organization","name":"Agence D\u00e9partementale de D\u00e9veloppement Economique et Touristique des Hautes-Alpes","url":"https:\/\/www.hautes-alpes.net\/de\/","logo":{"@type":"ImageObject","inLanguage":"de","@id":"https:\/\/www.hautes-alpes.net\/de\/#\/schema\/logo\/image\/","url":"https:\/\/www.hautes-alpes.net\/wp-content\/uploads\/2026\/01\/black-logo-2.svg","contentUrl":"https:\/\/www.hautes-alpes.net\/wp-content\/uploads\/2026\/01\/black-logo-2.svg","caption":"Agence D\u00e9partementale de D\u00e9veloppement Economique et Touristique des Hautes-Alpes"},"image":{"@id":"https:\/\/www.hautes-alpes.net\/de\/#\/schema\/logo\/image\/"}}]}},"_links":{"self":[{"href":"https:\/\/www.hautes-alpes.net\/de\/wp-json\/wp\/v2\/pages\/323481","targetHints":{"allow":["GET"]}}],"collection":[{"href":"https:\/\/www.hautes-alpes.net\/de\/wp-json\/wp\/v2\/pages"}],"about":[{"href":"https:\/\/www.hautes-alpes.net\/de\/wp-json\/wp\/v2\/types\/page"}],"author":[{"embeddable":true,"href":"https:\/\/www.hautes-alpes.net\/de\/wp-json\/wp\/v2\/users\/1"}],"replies":[{"embeddable":true,"href":"https:\/\/www.hautes-alpes.net\/de\/wp-json\/wp\/v2\/comments?post=323481"}],"version-history":[{"count":7,"href":"https:\/\/www.hautes-alpes.net\/de\/wp-json\/wp\/v2\/pages\/323481\/revisions"}],"predecessor-version":[{"id":323566,"href":"https:\/\/www.hautes-alpes.net\/de\/wp-json\/wp\/v2\/pages\/323481\/revisions\/323566"}],"wp:attachment":[{"href":"https:\/\/www.hautes-alpes.net\/de\/wp-json\/wp\/v2\/media?parent=323481"}],"wp:term":[{"taxonomy":"page_label","embeddable":true,"href":"https:\/\/www.hautes-alpes.net\/de\/wp-json\/wp\/v2\/page_label?post=323481"}],"curies":[{"name":"wp","href":"https:\/\/api.w.org\/{rel}","templated":true}]}}