{"id":109845,"date":"2025-11-20T14:55:32","date_gmt":"2025-11-20T13:55:32","guid":{"rendered":"https:\/\/www.hautes-alpes.net\/erfahrungen-hautes-alpes\/golf\/"},"modified":"2025-12-23T16:40:14","modified_gmt":"2025-12-23T15:40:14","slug":"golf","status":"publish","type":"page","link":"https:\/\/www.hautes-alpes.net\/de\/erfahrungen-hautes-alpes\/golf\/","title":{"rendered":"Golf"},"content":{"rendered":"\n<div class=\"wp-block-group alignfull hero-banner-cover-float has-global-padding is-layout-constrained wp-block-group-is-layout-constrained\"><div class=\"yoast-breadcrumbs\"><span><span><a href=\"https:\/\/www.hautes-alpes.net\/de\/hautes-alpes\/\">Home<\/a><\/span>  <span><a href=\"https:\/\/www.hautes-alpes.net\/de\/erfahrungen-hautes-alpes\/\">Erfahrungen - Hautes-Alpes<\/a><\/span>  <span><a href=\"https:\/\/www.hautes-alpes.net\/de\/erfahrungen-hautes-alpes\/\">Erfahrungen - Hautes-Alpes<\/a><\/span>  <span class=\"breadcrumb_last\" aria-current=\"page\">Golf<\/span><\/span><\/div>\n\n\n<h1 class=\"wp-block-ws-library-post-title\">Golf<\/h1>\n\n\n\n<p class=\"subtitle is-style-default\">Swing <strong>auf dem Gipfel<\/strong><\/p>\n\n\n\n<p>In den Hautes-Alpes bekommt Golf eine Dimension, die \u00fcber den Sport hinausgeht. Es ist eine Begegnung mit den Bergen, ein Atemholen, ein Schlag von Sch\u00f6nheit, der Sie auf den ersten Blick erfasst. In den Hautes-Alpes zu spielen bedeutet, dass man sich darauf einl\u00e4sst, gleichzeitig sportlich und kontemplativ zu sein, dass jeder Drive, jeder Putt und jeder Schritt auf dem Fairway mehr als nur den Score erz\u00e4hlt: eine Geschichte vom reinen Himmel, den ewigen Bergen und der Freiheit.  <\/p>\n\n\n\n<div class=\"wp-block-ws-library-media-embed ws-media-embed\"><img decoding=\"async\" src=\"https:\/\/www.hautes-alpes.net\/wp-content\/uploads\/2025\/11\/golf-cedric-tempier-36-1-scaled-2000x1000.jpg\" alt=\"\" class=\"ws-media-embed__image\" style=\"aspect-ratio:2000\/1000\"><\/div>\n<\/div>\n\n<div style=\"height:50px\" aria-hidden=\"true\" class=\"wp-block-spacer\"><\/div>\n\n<div class=\"wp-block-ws-library-ws-video is-style-animated-content\"><div class=\"wrapper\"><div class=\"group-media\">\n<figure class=\"wp-block-video video-block\"><video playsinline height=\"1080\" style=\"aspect-ratio: 1920 \/ 1080;\" width=\"1920\" autoplay=\"\" loop=\"\" muted=\"\" src=\"https:\/\/www.hautes-alpes.net\/wp-content\/uploads\/2025\/11\/golf.mp4\"><\/video><figcaption class=\"wp-element-caption\">Der <strong>18-Loch-Golfplatz <\/strong> <strong>Gap-Bayard<\/strong> ist ein Golfplatz f\u00fcr alle, der auf den H\u00f6hen des Gapen\u00e7ais liegt.<\/figcaption><\/figure>\n<\/div><\/div><\/div>\n\n<div style=\"height:50px\" aria-hidden=\"true\" class=\"wp-block-spacer\"><\/div>\n\n<div class=\"wp-block-group alignfull step-by-step has-global-padding is-layout-constrained wp-block-group-is-layout-constrained\">\n<div class=\"wp-block-ws-library-ws-columns alignwide has-2-columns are-vertically-aligned-center layout-5050\">\n<div class=\"wp-block-ws-library-ws-column\"><div class=\"wrapper\">\n<h2 class=\"wp-block-heading\"><strong>Golf<\/strong><br\/>von Gap-Bayard<\/h2>\n\n\n\n<p>\u00c0 <strong><a href=\"https:\/\/www.hautes-alpes.net\/de\/reiseziele-hautes-alpes\/gapencais\/\">Gap-Bayard<\/a><\/strong>In Gayard-Bayard rollt der Golfplatz seinen gr\u00fcnen Teppich in einer <strong>H\u00f6he von 1250 m<\/strong> aus. Achtzehn L\u00f6cher, die in das Licht geschnitten wurden, mit den <a href=\"https:\/\/www.hautes-alpes.net\/de\/reiseziele-hautes-alpes\/pays-des-ecrins\/\"><strong>\u00c9crins<\/strong> <\/a>im Hintergrund. Am Morgen klebt der Tau an den Schuhen und es herrscht eine fast religi\u00f6se Stille. Man spielt konzentriert, aber man erlebt vor allem einen Schwindel, wenn man den Ball schl\u00e4gt und das Gef\u00fchl hat, dass die Luft leichter ist, dass das Spiel hier besser atmet als anderswo.<\/p>\n<\/div><\/div>\n\n\n\n<div class=\"wp-block-ws-library-ws-column\"><div class=\"wrapper\">\n<div class=\"wp-block-ws-library-ws-image\"><div class=\"wrapper\"><div class=\"group-media\"><img decoding=\"async\" src=\"https:\/\/www.hautes-alpes.net\/wp-content\/uploads\/2025\/12\/golf-cedric-tempier-39-1240x800.jpg\" alt=\"\" class=\"single_image ws-image-89545\"><div class=\"credits\">C. Tempier - AD05<\/div><\/div><p class=\"caption\"><\/p><\/div><\/div>\n<\/div><\/div>\n<\/div>\n\n\n\n<div class=\"wp-block-ws-library-ws-columns alignwide has-2-columns are-vertically-aligned-center layout-5050\">\n<div class=\"wp-block-ws-library-ws-column\"><div class=\"wrapper\">\n<h2 class=\"wp-block-heading\"><strong>Golf <br\/><\/strong>de Montgen\u00e8vre<\/h2>\n\n\n\n<p>Weiter oben, <strong>in <a href=\"https:\/\/www.hautes-alpes.net\/de\/reiseziele-hautes-alpes\/montgenevre\/\">Montgen\u00e8vre<\/a><\/strong>, gibt es eine andere Geschichte: ein franz\u00f6sisch-italienischer Parcours, der auf <strong>1850 m H\u00f6he<\/strong> den Blick auf die Unendlichkeit freigibt. Die Fairways kleben an den Almwiesen und die Greens kratzen an den Gipfeln. Sie tippen, Sie schauen nach oben und pl\u00f6tzlich verschmilzt der Ball fast mit den Gipfeln. Emotionen werden nicht in Schl\u00e4gen gemessen, sondern in Momenten, die in Erinnerung bleiben. <strong><a href=\"https:\/\/www.hautes-alpes.net\/de\/reiseziele-hautes-alpes\/montgenevre\/\">Montgen\u00e8vre<\/a><\/strong>Das Spiel wird zum Abenteuer, der Sport zur Reise.<\/p>\n<\/div><\/div>\n\n\n\n<div class=\"wp-block-ws-library-ws-column\"><div class=\"wrapper\">\n<div class=\"wp-block-ws-library-ws-image\"><div class=\"wrapper\"><div class=\"group-media\"><img decoding=\"async\" src=\"https:\/\/www.hautes-alpes.net\/wp-content\/uploads\/2025\/12\/golf-cedric-tempier-18-1240x800.jpg\" alt=\"\" class=\"single_image ws-image-89544\"><div class=\"credits\">C. Tempier - AD05<\/div><\/div><p class=\"caption\"><\/p><\/div><\/div>\n<\/div><\/div>\n<\/div>\n<\/div>\n\n<div style=\"height:50px\" aria-hidden=\"true\" class=\"wp-block-spacer\"><\/div>\n\n<div class=\"wp-block-ws-library-ws-gallery ws-gallery alignfull\"><div class=\"group-content\"><div class=\"field-title\">Bergisches Ambiente<\/div><p class=\"field-text\">auf hoch gelegenen Gr\u00fcns<\/p><\/div><div class=\"list-images\"><div class=\"item item-media scroll-detect\" data-end-offset=\"30%\"><a href=\"https:\/\/www.hautes-alpes.net\/wp-content\/uploads\/2025\/12\/golf-10-jean-marie-huron-crtpaca.jpg\" class=\"item-media__link init-lightbox\" data-glightbox=\"ws-gallery\" data-gallery=\"ws-gallery\" data-title=\"\"><img loading=\"lazy\" decoding=\"async\" width=\"1024\" height=\"683\" src=\"https:\/\/www.hautes-alpes.net\/wp-content\/uploads\/2025\/12\/golf-10-jean-marie-huron-crtpaca-1024x683.jpg\" alt=\"\" class=\"ws-image wp-image-89548\" srcset=\"https:\/\/www.hautes-alpes.net\/wp-content\/uploads\/2025\/12\/golf-10-jean-marie-huron-crtpaca-1024x683.jpg 1024w, https:\/\/www.hautes-alpes.net\/wp-content\/uploads\/2025\/12\/golf-10-jean-marie-huron-crtpaca-300x200.jpg 300w, https:\/\/www.hautes-alpes.net\/wp-content\/uploads\/2025\/12\/golf-10-jean-marie-huron-crtpaca-768x512.jpg 768w, https:\/\/www.hautes-alpes.net\/wp-content\/uploads\/2025\/12\/golf-10-jean-marie-huron-crtpaca-1536x1024.jpg 1536w, https:\/\/www.hautes-alpes.net\/wp-content\/uploads\/2025\/12\/golf-10-jean-marie-huron-crtpaca-480x320.jpg 480w, https:\/\/www.hautes-alpes.net\/wp-content\/uploads\/2025\/12\/golf-10-jean-marie-huron-crtpaca-960x640.jpg 960w, https:\/\/www.hautes-alpes.net\/wp-content\/uploads\/2025\/12\/golf-10-jean-marie-huron-crtpaca-660x440.jpg 660w, https:\/\/www.hautes-alpes.net\/wp-content\/uploads\/2025\/12\/golf-10-jean-marie-huron-crtpaca-525x350.jpg 525w, https:\/\/www.hautes-alpes.net\/wp-content\/uploads\/2025\/12\/golf-10-jean-marie-huron-crtpaca-930x620.jpg 930w, https:\/\/www.hautes-alpes.net\/wp-content\/uploads\/2025\/12\/golf-10-jean-marie-huron-crtpaca.jpg 1600w\" sizes=\"auto, (max-width: 1024px) 100vw, 1024px\" \/><\/a><\/div><div class=\"item item-media scroll-detect\" data-end-offset=\"30%\"><a href=\"https:\/\/www.hautes-alpes.net\/wp-content\/uploads\/2025\/11\/faune-leo-gayola-1-scaled.jpg\" class=\"item-media__link init-lightbox\" data-glightbox=\"ws-gallery\" data-gallery=\"ws-gallery\" data-title=\"\"><img loading=\"lazy\" decoding=\"async\" width=\"1024\" height=\"683\" src=\"https:\/\/www.hautes-alpes.net\/wp-content\/uploads\/2025\/11\/faune-leo-gayola-1-1024x683.jpg\" alt=\"\" class=\"ws-image wp-image-78297\" srcset=\"https:\/\/www.hautes-alpes.net\/wp-content\/uploads\/2025\/11\/faune-leo-gayola-1-1024x683.jpg 1024w, https:\/\/www.hautes-alpes.net\/wp-content\/uploads\/2025\/11\/faune-leo-gayola-1-300x200.jpg 300w, https:\/\/www.hautes-alpes.net\/wp-content\/uploads\/2025\/11\/faune-leo-gayola-1-768x512.jpg 768w, https:\/\/www.hautes-alpes.net\/wp-content\/uploads\/2025\/11\/faune-leo-gayola-1-1536x1024.jpg 1536w, https:\/\/www.hautes-alpes.net\/wp-content\/uploads\/2025\/11\/faune-leo-gayola-1-2048x1365.jpg 2048w, https:\/\/www.hautes-alpes.net\/wp-content\/uploads\/2025\/11\/faune-leo-gayola-1-480x320.jpg 480w, https:\/\/www.hautes-alpes.net\/wp-content\/uploads\/2025\/11\/faune-leo-gayola-1-960x640.jpg 960w, https:\/\/www.hautes-alpes.net\/wp-content\/uploads\/2025\/11\/faune-leo-gayola-1-660x440.jpg 660w, https:\/\/www.hautes-alpes.net\/wp-content\/uploads\/2025\/11\/faune-leo-gayola-1-525x350.jpg 525w, https:\/\/www.hautes-alpes.net\/wp-content\/uploads\/2025\/11\/faune-leo-gayola-1-930x620.jpg 930w\" sizes=\"auto, (max-width: 1024px) 100vw, 1024px\" \/><\/a><\/div><div class=\"item item-media scroll-detect\" data-end-offset=\"30%\"><a href=\"https:\/\/www.hautes-alpes.net\/wp-content\/uploads\/2025\/12\/golf-cedric-tempier-41.jpg\" class=\"item-media__link init-lightbox\" data-glightbox=\"ws-gallery\" data-gallery=\"ws-gallery\" data-title=\"\"><img loading=\"lazy\" decoding=\"async\" width=\"1024\" height=\"683\" src=\"https:\/\/www.hautes-alpes.net\/wp-content\/uploads\/2025\/12\/golf-cedric-tempier-41-1024x683.jpg\" alt=\"\" class=\"ws-image wp-image-89546\" srcset=\"https:\/\/www.hautes-alpes.net\/wp-content\/uploads\/2025\/12\/golf-cedric-tempier-41-1024x683.jpg 1024w, https:\/\/www.hautes-alpes.net\/wp-content\/uploads\/2025\/12\/golf-cedric-tempier-41-300x200.jpg 300w, https:\/\/www.hautes-alpes.net\/wp-content\/uploads\/2025\/12\/golf-cedric-tempier-41-768x512.jpg 768w, https:\/\/www.hautes-alpes.net\/wp-content\/uploads\/2025\/12\/golf-cedric-tempier-41-1536x1024.jpg 1536w, https:\/\/www.hautes-alpes.net\/wp-content\/uploads\/2025\/12\/golf-cedric-tempier-41-480x320.jpg 480w, https:\/\/www.hautes-alpes.net\/wp-content\/uploads\/2025\/12\/golf-cedric-tempier-41-960x640.jpg 960w, https:\/\/www.hautes-alpes.net\/wp-content\/uploads\/2025\/12\/golf-cedric-tempier-41-660x440.jpg 660w, https:\/\/www.hautes-alpes.net\/wp-content\/uploads\/2025\/12\/golf-cedric-tempier-41-525x350.jpg 525w, https:\/\/www.hautes-alpes.net\/wp-content\/uploads\/2025\/12\/golf-cedric-tempier-41-930x620.jpg 930w, https:\/\/www.hautes-alpes.net\/wp-content\/uploads\/2025\/12\/golf-cedric-tempier-41.jpg 1600w\" sizes=\"auto, (max-width: 1024px) 100vw, 1024px\" \/><\/a><\/div><div class=\"item item-media scroll-detect\" data-end-offset=\"30%\"><a href=\"https:\/\/www.hautes-alpes.net\/wp-content\/uploads\/2025\/11\/golf-cedric-tempier-14-scaled.jpg\" class=\"item-media__link init-lightbox\" data-glightbox=\"ws-gallery\" data-gallery=\"ws-gallery\" data-title=\"\"><img loading=\"lazy\" decoding=\"async\" width=\"683\" height=\"1024\" src=\"https:\/\/www.hautes-alpes.net\/wp-content\/uploads\/2025\/11\/golf-cedric-tempier-14-683x1024.jpg\" alt=\"\" class=\"ws-image wp-image-59392\" srcset=\"https:\/\/www.hautes-alpes.net\/wp-content\/uploads\/2025\/11\/golf-cedric-tempier-14-683x1024.jpg 683w, https:\/\/www.hautes-alpes.net\/wp-content\/uploads\/2025\/11\/golf-cedric-tempier-14-200x300.jpg 200w, https:\/\/www.hautes-alpes.net\/wp-content\/uploads\/2025\/11\/golf-cedric-tempier-14-768x1152.jpg 768w, https:\/\/www.hautes-alpes.net\/wp-content\/uploads\/2025\/11\/golf-cedric-tempier-14-1024x1536.jpg 1024w, https:\/\/www.hautes-alpes.net\/wp-content\/uploads\/2025\/11\/golf-cedric-tempier-14-1365x2048.jpg 1365w, https:\/\/www.hautes-alpes.net\/wp-content\/uploads\/2025\/11\/golf-cedric-tempier-14-467x700.jpg 467w, https:\/\/www.hautes-alpes.net\/wp-content\/uploads\/2025\/11\/golf-cedric-tempier-14-427x640.jpg 427w, https:\/\/www.hautes-alpes.net\/wp-content\/uploads\/2025\/11\/golf-cedric-tempier-14-480x720.jpg 480w, https:\/\/www.hautes-alpes.net\/wp-content\/uploads\/2025\/11\/golf-cedric-tempier-14-413x620.jpg 413w, https:\/\/www.hautes-alpes.net\/wp-content\/uploads\/2025\/11\/golf-cedric-tempier-14-scaled.jpg 1707w\" sizes=\"auto, (max-width: 683px) 100vw, 683px\" \/><\/a><\/div><div class=\"item item-media scroll-detect\" data-end-offset=\"30%\"><a href=\"https:\/\/www.hautes-alpes.net\/wp-content\/uploads\/2025\/12\/golf-7-jean-marie-huron-crtpaca-1024x683.jpg\" class=\"item-media__link init-lightbox\" data-glightbox=\"ws-gallery\" data-gallery=\"ws-gallery\" data-title=\"\"><img loading=\"lazy\" decoding=\"async\" width=\"1024\" height=\"683\" src=\"https:\/\/www.hautes-alpes.net\/wp-content\/uploads\/2025\/12\/golf-7-jean-marie-huron-crtpaca-1024x683.jpg\" alt=\"\" class=\"ws-image wp-image-89542\" srcset=\"https:\/\/www.hautes-alpes.net\/wp-content\/uploads\/2025\/12\/golf-7-jean-marie-huron-crtpaca-1024x683.jpg 1024w, https:\/\/www.hautes-alpes.net\/wp-content\/uploads\/2025\/12\/golf-7-jean-marie-huron-crtpaca-300x200.jpg 300w, https:\/\/www.hautes-alpes.net\/wp-content\/uploads\/2025\/12\/golf-7-jean-marie-huron-crtpaca-768x512.jpg 768w, https:\/\/www.hautes-alpes.net\/wp-content\/uploads\/2025\/12\/golf-7-jean-marie-huron-crtpaca-1536x1024.jpg 1536w, https:\/\/www.hautes-alpes.net\/wp-content\/uploads\/2025\/12\/golf-7-jean-marie-huron-crtpaca-480x320.jpg 480w, https:\/\/www.hautes-alpes.net\/wp-content\/uploads\/2025\/12\/golf-7-jean-marie-huron-crtpaca-960x640.jpg 960w, https:\/\/www.hautes-alpes.net\/wp-content\/uploads\/2025\/12\/golf-7-jean-marie-huron-crtpaca-660x440.jpg 660w, https:\/\/www.hautes-alpes.net\/wp-content\/uploads\/2025\/12\/golf-7-jean-marie-huron-crtpaca-525x350.jpg 525w, https:\/\/www.hautes-alpes.net\/wp-content\/uploads\/2025\/12\/golf-7-jean-marie-huron-crtpaca-930x620.jpg 930w, https:\/\/www.hautes-alpes.net\/wp-content\/uploads\/2025\/12\/golf-7-jean-marie-huron-crtpaca.jpg 1600w\" sizes=\"auto, (max-width: 1024px) 100vw, 1024px\" \/><\/a><\/div><\/div><\/div>\n\n<div class=\"wp-block-ws-library-ws-share\"><span class=\"share-subtitle\">Hat Ihnen diese Seite gefallen?<\/span><span class=\"share-title\">Teilen Sie es mit anderen!<\/span><button class=\"ws-share-button wp-element-button\">Diese Seite teilen<\/button><\/div>\n","protected":false},"excerpt":{"rendered":"<p>Swing auf dem Gipfel In den Hautes-Alpes bekommt Golf eine Dimension, die \u00fcber den Sport hinausgeht. Es ist eine Begegnung [&hellip;]<\/p>\n","protected":false},"author":8,"featured_media":0,"parent":108206,"menu_order":0,"comment_status":"closed","ping_status":"closed","template":"","meta":{"is_dark_mode":false,"footnotes":""},"page_label":[],"class_list":["post-109845","page","type-page","status-publish","hentry"],"yoast_head":"<!-- This site is optimized with the Yoast SEO plugin v27.2 - https:\/\/yoast.com\/product\/yoast-seo-wordpress\/ -->\n<title>Golf - Hautes-Alpes<\/title>\n<meta name=\"description\" content=\"Golf Swing auf dem Gipfel In den Hautes-Alpes bekommt Golf eine Dimension, die \u00fcber den Sport hinausgeht. Es ist eine Begegnung mit den Bergen, ein\" \/>\n<meta name=\"robots\" content=\"index, follow, max-snippet:-1, max-image-preview:large, max-video-preview:-1\" \/>\n<link rel=\"canonical\" href=\"https:\/\/www.hautes-alpes.net\/de\/erfahrungen-hautes-alpes\/golf\/\" \/>\n<meta property=\"og:locale\" content=\"de_DE\" \/>\n<meta property=\"og:type\" content=\"article\" \/>\n<meta property=\"og:title\" content=\"Golf - Hautes-Alpes\" \/>\n<meta property=\"og:description\" content=\"Golf Swing auf dem Gipfel In den Hautes-Alpes bekommt Golf eine Dimension, die \u00fcber den Sport hinausgeht. Es ist eine Begegnung mit den Bergen, ein\" \/>\n<meta property=\"og:url\" content=\"https:\/\/www.hautes-alpes.net\/de\/erfahrungen-hautes-alpes\/golf\/\" \/>\n<meta property=\"og:site_name\" content=\"Hautes-Alpes\" \/>\n<meta property=\"article:modified_time\" content=\"2025-12-23T15:40:14+00:00\" \/>\n<meta property=\"og:image\" content=\"https:\/\/www.hautes-alpes.net\/wp-content\/uploads\/2025\/11\/golf-cedric-tempier-36-1-scaled-2000x1000.jpg\" \/>\n<meta name=\"twitter:card\" content=\"summary_large_image\" \/>\n<meta name=\"twitter:label1\" content=\"Gesch\u00e4tzte Lesezeit\" \/>\n\t<meta name=\"twitter:data1\" content=\"1\u00a0Minute\" \/>\n<script type=\"application\/ld+json\" class=\"yoast-schema-graph\">{\"@context\":\"https:\/\/schema.org\",\"@graph\":[{\"@type\":\"WebPage\",\"@id\":\"https:\/\/www.hautes-alpes.net\/de\/erfahrungen-hautes-alpes\/golf\/\",\"url\":\"https:\/\/www.hautes-alpes.net\/de\/erfahrungen-hautes-alpes\/golf\/\",\"name\":\"Golf - Hautes-Alpes\",\"isPartOf\":{\"@id\":\"https:\/\/www.hautes-alpes.net\/de\/#website\"},\"primaryImageOfPage\":{\"@id\":\"https:\/\/www.hautes-alpes.net\/de\/erfahrungen-hautes-alpes\/golf\/#primaryimage\"},\"image\":{\"@id\":\"https:\/\/www.hautes-alpes.net\/de\/erfahrungen-hautes-alpes\/golf\/#primaryimage\"},\"thumbnailUrl\":\"https:\/\/www.hautes-alpes.net\/wp-content\/uploads\/2025\/11\/golf-cedric-tempier-36-1-scaled-2000x1000.jpg\",\"datePublished\":\"2025-11-20T13:55:32+00:00\",\"dateModified\":\"2025-12-23T15:40:14+00:00\",\"description\":\"Golf Swing auf dem Gipfel In den Hautes-Alpes bekommt Golf eine Dimension, die \u00fcber den Sport hinausgeht. Es ist eine Begegnung mit den Bergen, ein\",\"breadcrumb\":{\"@id\":\"https:\/\/www.hautes-alpes.net\/de\/erfahrungen-hautes-alpes\/golf\/#breadcrumb\"},\"inLanguage\":\"de\",\"potentialAction\":[{\"@type\":\"ReadAction\",\"target\":[\"https:\/\/www.hautes-alpes.net\/de\/erfahrungen-hautes-alpes\/golf\/\"]}]},{\"@type\":\"ImageObject\",\"inLanguage\":\"de\",\"@id\":\"https:\/\/www.hautes-alpes.net\/de\/erfahrungen-hautes-alpes\/golf\/#primaryimage\",\"url\":\"https:\/\/www.hautes-alpes.net\/wp-content\/uploads\/2025\/11\/golf-cedric-tempier-36-1-scaled-2000x1000.jpg\",\"contentUrl\":\"https:\/\/www.hautes-alpes.net\/wp-content\/uploads\/2025\/11\/golf-cedric-tempier-36-1-scaled-2000x1000.jpg\"},{\"@type\":\"BreadcrumbList\",\"@id\":\"https:\/\/www.hautes-alpes.net\/de\/erfahrungen-hautes-alpes\/golf\/#breadcrumb\",\"itemListElement\":[{\"@type\":\"ListItem\",\"position\":1,\"name\":\"Home\",\"item\":\"https:\/\/www.hautes-alpes.net\/de\/hautes-alpes\/\"},{\"@type\":\"ListItem\",\"position\":2,\"name\":\"Erfahrungen - Hautes-Alpes\",\"item\":\"https:\/\/www.hautes-alpes.net\/de\/erfahrungen-hautes-alpes\/\"},{\"@type\":\"ListItem\",\"position\":3,\"name\":\"Erfahrungen - Hautes-Alpes\",\"item\":\"https:\/\/www.hautes-alpes.net\/de\/erfahrungen-hautes-alpes\/\"},{\"@type\":\"ListItem\",\"position\":4,\"name\":\"Golf\"}]},{\"@type\":\"WebSite\",\"@id\":\"https:\/\/www.hautes-alpes.net\/de\/#website\",\"url\":\"https:\/\/www.hautes-alpes.net\/de\/\",\"name\":\"ADDET\",\"description\":\"\",\"publisher\":{\"@id\":\"https:\/\/www.hautes-alpes.net\/de\/#organization\"},\"potentialAction\":[{\"@type\":\"SearchAction\",\"target\":{\"@type\":\"EntryPoint\",\"urlTemplate\":\"https:\/\/www.hautes-alpes.net\/de\/?s={search_term_string}\"},\"query-input\":{\"@type\":\"PropertyValueSpecification\",\"valueRequired\":true,\"valueName\":\"search_term_string\"}}],\"inLanguage\":\"de\"},{\"@type\":\"Organization\",\"@id\":\"https:\/\/www.hautes-alpes.net\/de\/#organization\",\"name\":\"Agence D\u00e9partementale de D\u00e9veloppement Economique et Touristique des Hautes-Alpes\",\"url\":\"https:\/\/www.hautes-alpes.net\/de\/\",\"logo\":{\"@type\":\"ImageObject\",\"inLanguage\":\"de\",\"@id\":\"https:\/\/www.hautes-alpes.net\/de\/#\/schema\/logo\/image\/\",\"url\":\"https:\/\/www.hautes-alpes.net\/wp-content\/uploads\/2026\/01\/black-logo-2.svg\",\"contentUrl\":\"https:\/\/www.hautes-alpes.net\/wp-content\/uploads\/2026\/01\/black-logo-2.svg\",\"caption\":\"Agence D\u00e9partementale de D\u00e9veloppement Economique et Touristique des Hautes-Alpes\"},\"image\":{\"@id\":\"https:\/\/www.hautes-alpes.net\/de\/#\/schema\/logo\/image\/\"}}]}<\/script>\n<!-- \/ Yoast SEO plugin. -->","yoast_head_json":{"title":"Golf - Hautes-Alpes","description":"Golf Swing auf dem Gipfel In den Hautes-Alpes bekommt Golf eine Dimension, die \u00fcber den Sport hinausgeht. Es ist eine Begegnung mit den Bergen, ein","robots":{"index":"index","follow":"follow","max-snippet":"max-snippet:-1","max-image-preview":"max-image-preview:large","max-video-preview":"max-video-preview:-1"},"canonical":"https:\/\/www.hautes-alpes.net\/de\/erfahrungen-hautes-alpes\/golf\/","og_locale":"de_DE","og_type":"article","og_title":"Golf - Hautes-Alpes","og_description":"Golf Swing auf dem Gipfel In den Hautes-Alpes bekommt Golf eine Dimension, die \u00fcber den Sport hinausgeht. Es ist eine Begegnung mit den Bergen, ein","og_url":"https:\/\/www.hautes-alpes.net\/de\/erfahrungen-hautes-alpes\/golf\/","og_site_name":"Hautes-Alpes","article_modified_time":"2025-12-23T15:40:14+00:00","og_image":[{"url":"https:\/\/www.hautes-alpes.net\/wp-content\/uploads\/2025\/11\/golf-cedric-tempier-36-1-scaled-2000x1000.jpg","type":"","width":"","height":""}],"twitter_card":"summary_large_image","twitter_misc":{"Gesch\u00e4tzte Lesezeit":"1\u00a0Minute"},"schema":{"@context":"https:\/\/schema.org","@graph":[{"@type":"WebPage","@id":"https:\/\/www.hautes-alpes.net\/de\/erfahrungen-hautes-alpes\/golf\/","url":"https:\/\/www.hautes-alpes.net\/de\/erfahrungen-hautes-alpes\/golf\/","name":"Golf - Hautes-Alpes","isPartOf":{"@id":"https:\/\/www.hautes-alpes.net\/de\/#website"},"primaryImageOfPage":{"@id":"https:\/\/www.hautes-alpes.net\/de\/erfahrungen-hautes-alpes\/golf\/#primaryimage"},"image":{"@id":"https:\/\/www.hautes-alpes.net\/de\/erfahrungen-hautes-alpes\/golf\/#primaryimage"},"thumbnailUrl":"https:\/\/www.hautes-alpes.net\/wp-content\/uploads\/2025\/11\/golf-cedric-tempier-36-1-scaled-2000x1000.jpg","datePublished":"2025-11-20T13:55:32+00:00","dateModified":"2025-12-23T15:40:14+00:00","description":"Golf Swing auf dem Gipfel In den Hautes-Alpes bekommt Golf eine Dimension, die \u00fcber den Sport hinausgeht. Es ist eine Begegnung mit den Bergen, ein","breadcrumb":{"@id":"https:\/\/www.hautes-alpes.net\/de\/erfahrungen-hautes-alpes\/golf\/#breadcrumb"},"inLanguage":"de","potentialAction":[{"@type":"ReadAction","target":["https:\/\/www.hautes-alpes.net\/de\/erfahrungen-hautes-alpes\/golf\/"]}]},{"@type":"ImageObject","inLanguage":"de","@id":"https:\/\/www.hautes-alpes.net\/de\/erfahrungen-hautes-alpes\/golf\/#primaryimage","url":"https:\/\/www.hautes-alpes.net\/wp-content\/uploads\/2025\/11\/golf-cedric-tempier-36-1-scaled-2000x1000.jpg","contentUrl":"https:\/\/www.hautes-alpes.net\/wp-content\/uploads\/2025\/11\/golf-cedric-tempier-36-1-scaled-2000x1000.jpg"},{"@type":"BreadcrumbList","@id":"https:\/\/www.hautes-alpes.net\/de\/erfahrungen-hautes-alpes\/golf\/#breadcrumb","itemListElement":[{"@type":"ListItem","position":1,"name":"Home","item":"https:\/\/www.hautes-alpes.net\/de\/hautes-alpes\/"},{"@type":"ListItem","position":2,"name":"Erfahrungen - Hautes-Alpes","item":"https:\/\/www.hautes-alpes.net\/de\/erfahrungen-hautes-alpes\/"},{"@type":"ListItem","position":3,"name":"Erfahrungen - Hautes-Alpes","item":"https:\/\/www.hautes-alpes.net\/de\/erfahrungen-hautes-alpes\/"},{"@type":"ListItem","position":4,"name":"Golf"}]},{"@type":"WebSite","@id":"https:\/\/www.hautes-alpes.net\/de\/#website","url":"https:\/\/www.hautes-alpes.net\/de\/","name":"ADDET","description":"","publisher":{"@id":"https:\/\/www.hautes-alpes.net\/de\/#organization"},"potentialAction":[{"@type":"SearchAction","target":{"@type":"EntryPoint","urlTemplate":"https:\/\/www.hautes-alpes.net\/de\/?s={search_term_string}"},"query-input":{"@type":"PropertyValueSpecification","valueRequired":true,"valueName":"search_term_string"}}],"inLanguage":"de"},{"@type":"Organization","@id":"https:\/\/www.hautes-alpes.net\/de\/#organization","name":"Agence D\u00e9partementale de D\u00e9veloppement Economique et Touristique des Hautes-Alpes","url":"https:\/\/www.hautes-alpes.net\/de\/","logo":{"@type":"ImageObject","inLanguage":"de","@id":"https:\/\/www.hautes-alpes.net\/de\/#\/schema\/logo\/image\/","url":"https:\/\/www.hautes-alpes.net\/wp-content\/uploads\/2026\/01\/black-logo-2.svg","contentUrl":"https:\/\/www.hautes-alpes.net\/wp-content\/uploads\/2026\/01\/black-logo-2.svg","caption":"Agence D\u00e9partementale de D\u00e9veloppement Economique et Touristique des Hautes-Alpes"},"image":{"@id":"https:\/\/www.hautes-alpes.net\/de\/#\/schema\/logo\/image\/"}}]}},"_links":{"self":[{"href":"https:\/\/www.hautes-alpes.net\/de\/wp-json\/wp\/v2\/pages\/109845","targetHints":{"allow":["GET"]}}],"collection":[{"href":"https:\/\/www.hautes-alpes.net\/de\/wp-json\/wp\/v2\/pages"}],"about":[{"href":"https:\/\/www.hautes-alpes.net\/de\/wp-json\/wp\/v2\/types\/page"}],"author":[{"embeddable":true,"href":"https:\/\/www.hautes-alpes.net\/de\/wp-json\/wp\/v2\/users\/8"}],"replies":[{"embeddable":true,"href":"https:\/\/www.hautes-alpes.net\/de\/wp-json\/wp\/v2\/comments?post=109845"}],"version-history":[{"count":10,"href":"https:\/\/www.hautes-alpes.net\/de\/wp-json\/wp\/v2\/pages\/109845\/revisions"}],"predecessor-version":[{"id":131363,"href":"https:\/\/www.hautes-alpes.net\/de\/wp-json\/wp\/v2\/pages\/109845\/revisions\/131363"}],"up":[{"embeddable":true,"href":"https:\/\/www.hautes-alpes.net\/de\/wp-json\/wp\/v2\/pages\/108206"}],"wp:attachment":[{"href":"https:\/\/www.hautes-alpes.net\/de\/wp-json\/wp\/v2\/media?parent=109845"}],"wp:term":[{"taxonomy":"page_label","embeddable":true,"href":"https:\/\/www.hautes-alpes.net\/de\/wp-json\/wp\/v2\/page_label?post=109845"}],"curies":[{"name":"wp","href":"https:\/\/api.w.org\/{rel}","templated":true}]}}