{"id":109816,"date":"2025-11-20T14:56:56","date_gmt":"2025-11-20T13:56:56","guid":{"rendered":"https:\/\/www.hautes-alpes.net\/erfahrungen-hautes-alpes\/nordische-aktivitaeten\/"},"modified":"2025-12-26T11:24:37","modified_gmt":"2025-12-26T10:24:37","slug":"nordische-aktivitaeten","status":"publish","type":"page","link":"https:\/\/www.hautes-alpes.net\/de\/erfahrungen-hautes-alpes\/nordische-aktivitaeten\/","title":{"rendered":"Nordische Aktivit\u00e4ten"},"content":{"rendered":"\n<div class=\"wp-block-group alignfull hero-banner-cover-float has-global-padding is-layout-constrained wp-block-group-is-layout-constrained\"><div class=\"yoast-breadcrumbs\"><span><span><a href=\"https:\/\/www.hautes-alpes.net\/de\/hautes-alpes\/\">Home<\/a><\/span>  <span><a href=\"https:\/\/www.hautes-alpes.net\/de\/erfahrungen-hautes-alpes\/\">Erfahrungen - Hautes-Alpes<\/a><\/span>  <span><a href=\"https:\/\/www.hautes-alpes.net\/de\/erfahrungen-hautes-alpes\/\">Erfahrungen - Hautes-Alpes<\/a><\/span>  <span class=\"breadcrumb_last\" aria-current=\"page\">Nordische Aktivit\u00e4ten<\/span><\/span><\/div>\n\n\n<h1 class=\"wp-block-ws-library-post-title\">Nordische Aktivit\u00e4ten<\/h1>\n\n\n\n<p class=\"subtitle is-style-default\"><strong>Nordischer<\/strong> Winter<\/p>\n\n\n\n<p>Der Schnee zeichnet das Gel\u00e4nde, das Licht schneidet die Gipfel, es herrscht Stille, die nur von einer B\u00f6e oder dem Knirschen eines Schrittes unterbrochen wird. Die nordischen Disziplinen, so unterschiedlich sie auch sein m\u00f6gen, bieten unverf\u00e4lschte Empfindungen, Momente, die man erleben und Geschichten, die man teilen kann. <\/p>\n\n\n\n<div class=\"wp-block-ws-library-media-embed ws-media-embed\"><img decoding=\"async\" src=\"https:\/\/www.hautes-alpes.net\/wp-content\/uploads\/2025\/11\/rogier-van-rijn-2-2000x1000.jpg\" alt=\"\" class=\"ws-media-embed__image\" style=\"aspect-ratio:2000\/1000\"><\/div>\n<\/div>\n\n<div style=\"height:50px\" aria-hidden=\"true\" class=\"wp-block-spacer\"><\/div>\n\n<div class=\"wp-block-group alignfull step-by-step has-global-padding is-layout-constrained wp-block-group-is-layout-constrained\">\n<div class=\"wp-block-ws-library-ws-columns alignwide has-2-columns are-vertically-aligned-center layout-5050\">\n<div class=\"wp-block-ws-library-ws-column\"><div class=\"wrapper\">\n<h2 class=\"wp-block-heading\"><strong>Wenn der Schnee<\/strong><br\/>zum Spielfeld wird<\/h2>\n\n\n\n<p>Auf den Langlaufloipen verl\u00e4ngert jedes Gleiten den Atem und beruhigt den Geist. Der Wald \u00f6ffnet sich zu unber\u00fchrten Lichtungen, die Hochebenen bieten ihre Unendlichkeit und die Zeit dehnt sich aus. <strong>Biathlon<\/strong> f\u00fcgt dieser Reise die Intensit\u00e4t eines Kontrastes hinzu: das Herz schl\u00e4gt bis zum Hals und dann die absolute Stille des Zielens. In den Stadien und an den au\u00dfergew\u00f6hnlichen Orten der <strong>Hautes-Alpes<\/strong> trifft Pr\u00e4zision auf Schwung und Anstrengung.   <\/p>\n<\/div><\/div>\n\n\n\n<div class=\"wp-block-ws-library-ws-column\"><div class=\"wrapper\">\n<div class=\"wp-block-ws-library-ws-image\"><div class=\"wrapper\"><div class=\"group-media\"><img decoding=\"async\" src=\"https:\/\/www.hautes-alpes.net\/wp-content\/uploads\/2025\/11\/nordique-w-cedric-ot-le-devoluy-gontran-isnard-9-copie-1-1240x800.jpg\" alt=\"\" class=\"single_image ws-image-57965\"><div class=\"credits\">G. Isnard<\/div><\/div><p class=\"caption\"><\/p><\/div><\/div>\n<\/div><\/div>\n<\/div>\n\n\n\n<div class=\"wp-block-ws-library-ws-columns alignwide has-2-columns are-vertically-aligned-center layout-5050\">\n<div class=\"wp-block-ws-library-ws-column\"><div class=\"wrapper\">\n<h2 class=\"wp-block-heading\"><strong>Die Schritte<br\/><\/strong>der Stille<\/h2>\n\n\n\n<p>Jeder Schritt mit den Schneeschuhen klingt wie eine <strong>Erkundung<\/strong>. Der Schnee knirscht leise, die \u00c4ste biegen sich unter dem Reif und der Horizont wird langsam sichtbar. Es ist ein geduldiges, fast meditatives Gehen, das zu den geheimen Ecken der Berge f\u00fchrt. Der Winter zeigt sich in seinen zerbrechlichsten Details: ein eisiger Hauch, ein Tierabdruck, ein Sonnenstrahl, der durch die B\u00e4ume dringt.   <\/p>\n<\/div><\/div>\n\n\n\n<div class=\"wp-block-ws-library-ws-column\"><div class=\"wrapper\">\n<div class=\"wp-block-ws-library-ws-image\"><div class=\"wrapper\"><div class=\"group-media\"><img decoding=\"async\" src=\"https:\/\/www.hautes-alpes.net\/wp-content\/uploads\/2025\/11\/ailefroide-ailechaude-27-1240x800.jpg\" alt=\"\" class=\"single_image ws-image-57959\"><div class=\"credits\">T. Blais<\/div><\/div><p class=\"caption\"><\/p><\/div><\/div>\n<\/div><\/div>\n<\/div>\n\n\n\n<div class=\"wp-block-ws-library-ws-columns alignwide has-2-columns are-vertically-aligned-center layout-5050\">\n<div class=\"wp-block-ws-library-ws-column\"><div class=\"wrapper\">\n<h2 class=\"wp-block-heading\"><strong>Der Aufruf <br\/><\/strong>aus dem tiefen S\u00fcden<\/h2>\n\n\n\n<p>Wenn das Gespann losf\u00e4hrt, \u00e4ndert sich alles. Der Boden vibriert, der Wind pfeift, das Bellen verschmilzt mit dem gleichm\u00e4\u00dfigen Rhythmus des Rennens. Der Blick der <strong>Hunde <\/strong>f\u00fchrt den Weg, der Instinkt bestimmt die Geschwindigkeit. Es ist ein zeitloser Moment, in dem man die Kraft der Tiere und die rohe Energie der gro\u00dfen, verschneiten Landschaften teilt.   <\/p>\n<\/div><\/div>\n\n\n\n<div class=\"wp-block-ws-library-ws-column\"><div class=\"wrapper\">\n<div class=\"wp-block-ws-library-ws-image\"><div class=\"wrapper\"><div class=\"group-media\"><img decoding=\"async\" src=\"https:\/\/www.hautes-alpes.net\/wp-content\/uploads\/2025\/12\/vars-chiens-de-traineaux-credit-photo-tim-arnold-4-1240x800.jpg\" alt=\"\" class=\"single_image ws-image-116925\"><div class=\"credits\">OT Vars<\/div><\/div><p class=\"caption\"><\/p><\/div><\/div>\n<\/div><\/div>\n<\/div>\n<\/div>\n\n<div style=\"height:50px\" aria-hidden=\"true\" class=\"wp-block-spacer\"><\/div>\n\n<div class=\"wp-block-ws-library-ws-video is-style-animated-content\"><div class=\"wrapper\"><div class=\"group-media\">\n<figure class=\"wp-block-video video-block\"><video playsinline height=\"1080\" style=\"aspect-ratio: 1920 \/ 1080;\" width=\"1920\" autoplay=\"\" loop=\"\" muted=\"\" src=\"https:\/\/www.hautes-alpes.net\/wp-content\/uploads\/2025\/11\/ski-de-fond-cervieres.mp4\"><\/video><figcaption class=\"wp-element-caption\">Gleiten auf den Langlaufloipen von <strong>Cervi\u00e8res<\/strong><\/figcaption><\/figure>\n<\/div><\/div><\/div>\n\n<div style=\"height:50px\" aria-hidden=\"true\" class=\"wp-block-spacer\"><\/div>\n\n<h2 class=\"wp-block-heading is-style-title-1\">H\u00f6hepunkte <strong>der nordischen Aktivit\u00e4ten<\/strong><\/h2>\n\n<div class=\"wp-block-group alignwide list-nodetails is-content-justification-center is-layout-flex wp-container-core-group-is-layout-94ea2d6b wp-block-group-is-layout-flex\">\n<div class=\"wp-block-group has-global-padding is-layout-constrained wp-block-group-is-layout-constrained\">\n<div class=\"wp-block-ws-library-ws-image is-style-simple\"><div class=\"wrapper\"><div class=\"group-media\"><img decoding=\"async\" src=\"https:\/\/www.hautes-alpes.net\/wp-content\/uploads\/2025\/12\/arvieux-cedric-tempier-12-1240x800.jpg\" alt=\"\" class=\"single_image ws-image-130701\"><div class=\"credits\">AD05 - C.Tempier<\/div><\/div><p class=\"caption\"><\/p><\/div><\/div>\n\n\n\n<h3 class=\"wp-block-heading\"><em>Nordisch<br\/><\/em>Die gro\u00dfe Queyras-Durchquerung<\/h3>\n\n\n\n<p>Die Grande Travers\u00e9e du Queyras ist das nordische Rendezvous, bei dem die Schenkel hei\u00df werden und die Augen funkeln.<\/p>\n<\/div>\n\n\n\n<div class=\"wp-block-group has-global-padding is-layout-constrained wp-block-group-is-layout-constrained\">\n<div class=\"wp-block-ws-library-ws-image is-style-simple\"><div class=\"wrapper\"><div class=\"group-media\"><img decoding=\"async\" src=\"https:\/\/www.hautes-alpes.net\/wp-content\/uploads\/2025\/12\/kina-photo-31-1240x800.jpg\" alt=\"\" class=\"single_image ws-image-130718\"><div class=\"credits\">Kina Foto<\/div><\/div><p class=\"caption\"><\/p><\/div><\/div>\n\n\n\n<h3 class=\"wp-block-heading\"><em>Nordisch<br\/><\/em>La Trafanelle<\/h3>\n\n\n\n<p>Man kommt zur Trafanelle, um seine Schenkel auf den Loipen von Gourniers zu testen, seine Freunde am Rande der Spur anzufeuern und nach der Anstrengung ein wohlverdientes Glas zu trinken.<\/p>\n<\/div>\n\n\n\n<div class=\"wp-block-group has-global-padding is-layout-constrained wp-block-group-is-layout-constrained\">\n<div class=\"wp-block-ws-library-ws-image is-style-simple\"><div class=\"wrapper\"><div class=\"group-media\"><img decoding=\"async\" src=\"https:\/\/www.hautes-alpes.net\/wp-content\/uploads\/2025\/12\/488911847-1095025746002112-7811969898021887339-n-e1766486906591-992x640.jpg\" alt=\"\" class=\"single_image ws-image-130702\"><div class=\"credits\">Grand B\u00e9al - OT Guillestrois Queyras<\/div><\/div><p class=\"caption\"><\/p><\/div><\/div>\n\n\n\n<h3 class=\"wp-block-heading\"><em>Trail<br\/><\/em>Trails des neiges<\/h3>\n\n\n\n<p>In den Hautes-Alpes kann man den Winter auch im Trail-Modus erleben: Zahlreiche Skiorte bieten ein gutes Programm an Wintertrails mit Alpenpanorama, abwechslungsreichen Strecken und einer sportlichen Atmosph\u00e4re im Schnee. Sie m\u00fcssen nur noch Ihren eigenen Trail w\u00e4hlen! <\/p>\n<\/div>\n<\/div>\n\n<div style=\"height:50px\" aria-hidden=\"true\" class=\"wp-block-spacer\"><\/div>\n\n<h2 class=\"wp-block-heading is-style-title-1\"><strong>Praktisches<\/strong> Notizbuch<\/h2>\n\n<div class=\"wp-block-ws-library-ws-tabs alignfull\"><ul class=\"tabs-titles\"><li class=\"tab-title is-active\" data-tab-index=\"0\">Ausr\u00fcsten<\/li><li class=\"tab-title\" data-tab-index=\"1\">Sicherheit und gutes Benehmen  <\/li><\/ul><div class=\"tabs-list\">\n<div class=\"wp-block-ws-library-ws-tab\" style=\"display:none\"><p class=\"tab-title\">Ausr\u00fcsten<\/p><div class=\"tab-content\">\n<div class=\"wp-block-group tab-row is-nowrap is-layout-flex wp-container-core-group-is-layout-6c531013 wp-block-group-is-layout-flex\">\n<div class=\"wp-block-group tab-group-content is-layout-flow wp-block-group-is-layout-flow\">\n<p class=\"is-style-highlighted\">Wenn Sie in <strong>den Hautes-Alpes<\/strong> Ihre Langlaufskier anschnallen oder mit Schneeschuhen losziehen, ist das wie das Auspacken eines Geschenks. Die Berge bieten Ihnen ihre unber\u00fchrten Landschaften&#8230; aber sie erinnern Sie auch daran, dass dies kein Spielplatz ohne Regeln ist. Bevor Sie also wie ein Zicklein \u00fcber den Schnee flitzen, hier ein paar einfache Anhaltspunkte, damit Sie ohne (b\u00f6se) \u00dcberraschungen genie\u00dfen k\u00f6nnen:  <\/p>\n\n\n\n<p>R\u00fcsten Sie sich aus<strong>, aber verkleiden Sie sich nicht.<br\/><\/strong>Ja, eine Bommelm\u00fctze macht sich immer gut. Aber denken Sie vor allem an Handschuhe, Brille und atmungsaktive Schichten. <\/p>\n\n\n\n<p><strong>Planen Sie eine kleine, clevere Ausr\u00fcstung.<br\/><\/strong>Wasser (ja, auch wenn es kalt ist, dehydriert man), einen Notfallsnack und warum nicht auch ein aufgeladenes Telefon. Man ruft die Murmeltiere nicht an, wenn es hart auf hart kommt. <\/p>\n<\/div>\n<\/div>\n<\/div><\/div>\n\n\n\n<div class=\"wp-block-ws-library-ws-tab\" style=\"display:none\"><p class=\"tab-title\">Sicherheit und gutes Benehmen  <\/p><div class=\"tab-content\">\n<div class=\"wp-block-group tab-row is-nowrap is-layout-flex wp-container-core-group-is-layout-6c531013 wp-block-group-is-layout-flex\">\n<div class=\"wp-block-group tab-group-content is-layout-flow wp-block-group-is-layout-flow\">\n<p><strong>Respektieren Sie die Loipen und die anderen.<br\/><\/strong>Nordischer Skisport ist wie die Stra\u00dfe: Es gibt &#8220;Schnellstra\u00dfen&#8220; (Schienen) und &#8220;Autobahnen&#8220; (Skating). Halten Sie sich rechts, k\u00fcndigen Sie \u00dcberholman\u00f6ver an (ein kurzes &#8220;Links!&#8220; gen\u00fcgt) und vermeiden Sie Stopps genau in der Mitte. <\/p>\n\n\n\n<p><strong>Kennen Sie Ihre Grenzen.<br\/><\/strong>Wir alle wollen &#8220;noch eine Schleife&#8220; machen&#8230; bis die Oberschenkel nach Gnade schreien. H\u00f6ren Sie auf sie, bevor Sie den Ausflug in eine Galeere verwandeln. <\/p>\n\n\n\n<p class=\"is-style-highlighted\"><strong>Respekt vor Mutter Natur.  <br\/><\/strong>Bleiben Sie auf den markierten Routen: Es sieht zwar sch\u00f6n aus, aber es ist zerbrechlich und manchmal gef\u00e4hrlich. Und lassen Sie Ihren M\u00fcll in der Tasche, damit der N\u00e4chste die Berge genauso sch\u00f6n findet wie Sie. Ein wenig gesunder Menschenverstand, ein wenig H\u00f6flichkeit und die Freude am Skifahren ist ungetr\u00fcbt.  <\/p>\n<\/div>\n<\/div>\n<\/div><\/div>\n<\/div><\/div>\n\n<div style=\"height:100px\" aria-hidden=\"true\" class=\"wp-block-spacer\"><\/div>\n\n<hr class=\"wp-block-separator has-alpha-channel-opacity is-style-default\"\/>\n\n<h2 class=\"wp-block-heading is-style-title-1\"><strong>Siehe auch<\/strong><\/h2>\n\n<div class=\"wp-block-group alignwide list-nodetails is-content-justification-center is-layout-flex wp-container-core-group-is-layout-94ea2d6b wp-block-group-is-layout-flex\">\n<div class=\"wp-block-group has-global-padding is-layout-constrained wp-block-group-is-layout-constrained\">\n<div class=\"wp-block-ws-library-ws-image is-style-simple\"><div class=\"wrapper\"><div class=\"group-media\"><img decoding=\"async\" src=\"https:\/\/www.hautes-alpes.net\/wp-content\/uploads\/2025\/11\/thibautblais-serre-chevalier-1240x800.jpg\" alt=\"\" class=\"single_image ws-image-60665\"><div class=\"credits\">T. Blais<\/div><\/div><p class=\"caption\"><\/p><\/div><\/div>\n\n\n\n<h3 class=\"wp-block-heading is-style-title-2\"><em>Erfahrungen<br\/><\/em>Ski<\/h3>\n\n\n\n<div class=\"wp-block-buttons is-layout-flex wp-block-buttons-is-layout-flex\">\n<div class=\"wp-block-button\"><a class=\"wp-block-button__link wp-element-button\" href=\"https:\/\/www.hautes-alpes.net\/de\/erfahrungen-hautes-alpes\/ski\/\">Siehe<\/a><\/div>\n<\/div>\n<\/div>\n\n\n\n<div class=\"wp-block-group has-global-padding is-layout-constrained wp-block-group-is-layout-constrained\">\n<div class=\"wp-block-ws-library-ws-image is-style-simple\"><div class=\"wrapper\"><div class=\"group-media\"><img decoding=\"async\" src=\"https:\/\/www.hautes-alpes.net\/wp-content\/uploads\/2025\/12\/jeux-deuteu-jeux-dhiver-ceuagencekros-remifabregue-17-scaled-e1764766368219-1240x800.jpg\" alt=\"\" class=\"single_image ws-image-91994\"><div class=\"credits\">R. Fabregue<\/div><\/div><p class=\"caption\"><\/p><\/div><\/div>\n\n\n\n<h3 class=\"wp-block-heading is-style-title-2\"><em>IkonenWinterspiele<\/em>, Sommerspiele<\/h3>\n\n\n\n<div class=\"wp-block-buttons is-layout-flex wp-block-buttons-is-layout-flex\">\n<div class=\"wp-block-button\"><a class=\"wp-block-button__link wp-element-button\" href=\"https:\/\/www.hautes-alpes.net\/de\/ikonische\/winterspiele-sommerspiele\/\">Siehe<\/a><\/div>\n<\/div>\n<\/div>\n<\/div>\n\n<div class=\"wp-block-ws-library-ws-share\"><span class=\"share-subtitle\">Hat Ihnen diese Seite gefallen?<\/span><span class=\"share-title\">Teilen Sie es mit anderen!<\/span><button class=\"ws-share-button wp-element-button\">Diese Seite teilen<\/button><\/div>\n","protected":false},"excerpt":{"rendered":"<p>Nordischer Winter Der Schnee zeichnet das Gel\u00e4nde, das Licht schneidet die Gipfel, es herrscht Stille, die nur von einer B\u00f6e [&hellip;]<\/p>\n","protected":false},"author":8,"featured_media":0,"parent":108206,"menu_order":0,"comment_status":"closed","ping_status":"closed","template":"","meta":{"is_dark_mode":true,"footnotes":""},"page_label":[],"class_list":["post-109816","page","type-page","status-publish","hentry"],"yoast_head":"<!-- This site is optimized with the Yoast SEO plugin v27.2 - https:\/\/yoast.com\/product\/yoast-seo-wordpress\/ -->\n<title>Nordische Aktivit\u00e4ten - Hautes-Alpes<\/title>\n<meta name=\"description\" content=\"Nordische Aktivit\u00e4ten Nordischer Winter Der Schnee zeichnet das Gel\u00e4nde, das Licht schneidet die Gipfel, es herrscht Stille, die nur von einer B\u00f6e oder\" \/>\n<meta name=\"robots\" content=\"index, follow, max-snippet:-1, max-image-preview:large, max-video-preview:-1\" \/>\n<link rel=\"canonical\" href=\"https:\/\/www.hautes-alpes.net\/de\/erfahrungen-hautes-alpes\/nordische-aktivitaeten\/\" \/>\n<meta property=\"og:locale\" content=\"de_DE\" \/>\n<meta property=\"og:type\" content=\"article\" \/>\n<meta property=\"og:title\" content=\"Nordische Aktivit\u00e4ten - Hautes-Alpes\" \/>\n<meta property=\"og:description\" content=\"Nordische Aktivit\u00e4ten Nordischer Winter Der Schnee zeichnet das Gel\u00e4nde, das Licht schneidet die Gipfel, es herrscht Stille, die nur von einer B\u00f6e oder\" \/>\n<meta property=\"og:url\" content=\"https:\/\/www.hautes-alpes.net\/de\/erfahrungen-hautes-alpes\/nordische-aktivitaeten\/\" \/>\n<meta property=\"og:site_name\" content=\"Hautes-Alpes\" \/>\n<meta property=\"article:modified_time\" content=\"2025-12-26T10:24:37+00:00\" \/>\n<meta property=\"og:image\" content=\"https:\/\/www.hautes-alpes.net\/wp-content\/uploads\/2025\/11\/rogier-van-rijn-2-2000x1000.jpg\" \/>\n<meta name=\"twitter:card\" content=\"summary_large_image\" \/>\n<meta name=\"twitter:label1\" content=\"Gesch\u00e4tzte Lesezeit\" \/>\n\t<meta name=\"twitter:data1\" content=\"4 Minuten\" \/>\n<script type=\"application\/ld+json\" class=\"yoast-schema-graph\">{\"@context\":\"https:\/\/schema.org\",\"@graph\":[{\"@type\":\"WebPage\",\"@id\":\"https:\/\/www.hautes-alpes.net\/de\/erfahrungen-hautes-alpes\/nordische-aktivitaeten\/\",\"url\":\"https:\/\/www.hautes-alpes.net\/de\/erfahrungen-hautes-alpes\/nordische-aktivitaeten\/\",\"name\":\"Nordische Aktivit\u00e4ten - Hautes-Alpes\",\"isPartOf\":{\"@id\":\"https:\/\/www.hautes-alpes.net\/de\/#website\"},\"primaryImageOfPage\":{\"@id\":\"https:\/\/www.hautes-alpes.net\/de\/erfahrungen-hautes-alpes\/nordische-aktivitaeten\/#primaryimage\"},\"image\":{\"@id\":\"https:\/\/www.hautes-alpes.net\/de\/erfahrungen-hautes-alpes\/nordische-aktivitaeten\/#primaryimage\"},\"thumbnailUrl\":\"https:\/\/www.hautes-alpes.net\/wp-content\/uploads\/2025\/11\/rogier-van-rijn-2-2000x1000.jpg\",\"datePublished\":\"2025-11-20T13:56:56+00:00\",\"dateModified\":\"2025-12-26T10:24:37+00:00\",\"description\":\"Nordische Aktivit\u00e4ten Nordischer Winter Der Schnee zeichnet das Gel\u00e4nde, das Licht schneidet die Gipfel, es herrscht Stille, die nur von einer B\u00f6e oder\",\"breadcrumb\":{\"@id\":\"https:\/\/www.hautes-alpes.net\/de\/erfahrungen-hautes-alpes\/nordische-aktivitaeten\/#breadcrumb\"},\"inLanguage\":\"de\",\"potentialAction\":[{\"@type\":\"ReadAction\",\"target\":[\"https:\/\/www.hautes-alpes.net\/de\/erfahrungen-hautes-alpes\/nordische-aktivitaeten\/\"]}]},{\"@type\":\"ImageObject\",\"inLanguage\":\"de\",\"@id\":\"https:\/\/www.hautes-alpes.net\/de\/erfahrungen-hautes-alpes\/nordische-aktivitaeten\/#primaryimage\",\"url\":\"https:\/\/www.hautes-alpes.net\/wp-content\/uploads\/2025\/11\/rogier-van-rijn-2-2000x1000.jpg\",\"contentUrl\":\"https:\/\/www.hautes-alpes.net\/wp-content\/uploads\/2025\/11\/rogier-van-rijn-2-2000x1000.jpg\"},{\"@type\":\"BreadcrumbList\",\"@id\":\"https:\/\/www.hautes-alpes.net\/de\/erfahrungen-hautes-alpes\/nordische-aktivitaeten\/#breadcrumb\",\"itemListElement\":[{\"@type\":\"ListItem\",\"position\":1,\"name\":\"Home\",\"item\":\"https:\/\/www.hautes-alpes.net\/de\/hautes-alpes\/\"},{\"@type\":\"ListItem\",\"position\":2,\"name\":\"Erfahrungen - Hautes-Alpes\",\"item\":\"https:\/\/www.hautes-alpes.net\/de\/erfahrungen-hautes-alpes\/\"},{\"@type\":\"ListItem\",\"position\":3,\"name\":\"Erfahrungen - Hautes-Alpes\",\"item\":\"https:\/\/www.hautes-alpes.net\/de\/erfahrungen-hautes-alpes\/\"},{\"@type\":\"ListItem\",\"position\":4,\"name\":\"Nordische Aktivit\u00e4ten\"}]},{\"@type\":\"WebSite\",\"@id\":\"https:\/\/www.hautes-alpes.net\/de\/#website\",\"url\":\"https:\/\/www.hautes-alpes.net\/de\/\",\"name\":\"ADDET\",\"description\":\"\",\"publisher\":{\"@id\":\"https:\/\/www.hautes-alpes.net\/de\/#organization\"},\"potentialAction\":[{\"@type\":\"SearchAction\",\"target\":{\"@type\":\"EntryPoint\",\"urlTemplate\":\"https:\/\/www.hautes-alpes.net\/de\/?s={search_term_string}\"},\"query-input\":{\"@type\":\"PropertyValueSpecification\",\"valueRequired\":true,\"valueName\":\"search_term_string\"}}],\"inLanguage\":\"de\"},{\"@type\":\"Organization\",\"@id\":\"https:\/\/www.hautes-alpes.net\/de\/#organization\",\"name\":\"Agence D\u00e9partementale de D\u00e9veloppement Economique et Touristique des Hautes-Alpes\",\"url\":\"https:\/\/www.hautes-alpes.net\/de\/\",\"logo\":{\"@type\":\"ImageObject\",\"inLanguage\":\"de\",\"@id\":\"https:\/\/www.hautes-alpes.net\/de\/#\/schema\/logo\/image\/\",\"url\":\"https:\/\/www.hautes-alpes.net\/wp-content\/uploads\/2026\/01\/black-logo-2.svg\",\"contentUrl\":\"https:\/\/www.hautes-alpes.net\/wp-content\/uploads\/2026\/01\/black-logo-2.svg\",\"caption\":\"Agence D\u00e9partementale de D\u00e9veloppement Economique et Touristique des Hautes-Alpes\"},\"image\":{\"@id\":\"https:\/\/www.hautes-alpes.net\/de\/#\/schema\/logo\/image\/\"}}]}<\/script>\n<!-- \/ Yoast SEO plugin. -->","yoast_head_json":{"title":"Nordische Aktivit\u00e4ten - Hautes-Alpes","description":"Nordische Aktivit\u00e4ten Nordischer Winter Der Schnee zeichnet das Gel\u00e4nde, das Licht schneidet die Gipfel, es herrscht Stille, die nur von einer B\u00f6e oder","robots":{"index":"index","follow":"follow","max-snippet":"max-snippet:-1","max-image-preview":"max-image-preview:large","max-video-preview":"max-video-preview:-1"},"canonical":"https:\/\/www.hautes-alpes.net\/de\/erfahrungen-hautes-alpes\/nordische-aktivitaeten\/","og_locale":"de_DE","og_type":"article","og_title":"Nordische Aktivit\u00e4ten - Hautes-Alpes","og_description":"Nordische Aktivit\u00e4ten Nordischer Winter Der Schnee zeichnet das Gel\u00e4nde, das Licht schneidet die Gipfel, es herrscht Stille, die nur von einer B\u00f6e oder","og_url":"https:\/\/www.hautes-alpes.net\/de\/erfahrungen-hautes-alpes\/nordische-aktivitaeten\/","og_site_name":"Hautes-Alpes","article_modified_time":"2025-12-26T10:24:37+00:00","og_image":[{"url":"https:\/\/www.hautes-alpes.net\/wp-content\/uploads\/2025\/11\/rogier-van-rijn-2-2000x1000.jpg","type":"","width":"","height":""}],"twitter_card":"summary_large_image","twitter_misc":{"Gesch\u00e4tzte Lesezeit":"4 Minuten"},"schema":{"@context":"https:\/\/schema.org","@graph":[{"@type":"WebPage","@id":"https:\/\/www.hautes-alpes.net\/de\/erfahrungen-hautes-alpes\/nordische-aktivitaeten\/","url":"https:\/\/www.hautes-alpes.net\/de\/erfahrungen-hautes-alpes\/nordische-aktivitaeten\/","name":"Nordische Aktivit\u00e4ten - Hautes-Alpes","isPartOf":{"@id":"https:\/\/www.hautes-alpes.net\/de\/#website"},"primaryImageOfPage":{"@id":"https:\/\/www.hautes-alpes.net\/de\/erfahrungen-hautes-alpes\/nordische-aktivitaeten\/#primaryimage"},"image":{"@id":"https:\/\/www.hautes-alpes.net\/de\/erfahrungen-hautes-alpes\/nordische-aktivitaeten\/#primaryimage"},"thumbnailUrl":"https:\/\/www.hautes-alpes.net\/wp-content\/uploads\/2025\/11\/rogier-van-rijn-2-2000x1000.jpg","datePublished":"2025-11-20T13:56:56+00:00","dateModified":"2025-12-26T10:24:37+00:00","description":"Nordische Aktivit\u00e4ten Nordischer Winter Der Schnee zeichnet das Gel\u00e4nde, das Licht schneidet die Gipfel, es herrscht Stille, die nur von einer B\u00f6e oder","breadcrumb":{"@id":"https:\/\/www.hautes-alpes.net\/de\/erfahrungen-hautes-alpes\/nordische-aktivitaeten\/#breadcrumb"},"inLanguage":"de","potentialAction":[{"@type":"ReadAction","target":["https:\/\/www.hautes-alpes.net\/de\/erfahrungen-hautes-alpes\/nordische-aktivitaeten\/"]}]},{"@type":"ImageObject","inLanguage":"de","@id":"https:\/\/www.hautes-alpes.net\/de\/erfahrungen-hautes-alpes\/nordische-aktivitaeten\/#primaryimage","url":"https:\/\/www.hautes-alpes.net\/wp-content\/uploads\/2025\/11\/rogier-van-rijn-2-2000x1000.jpg","contentUrl":"https:\/\/www.hautes-alpes.net\/wp-content\/uploads\/2025\/11\/rogier-van-rijn-2-2000x1000.jpg"},{"@type":"BreadcrumbList","@id":"https:\/\/www.hautes-alpes.net\/de\/erfahrungen-hautes-alpes\/nordische-aktivitaeten\/#breadcrumb","itemListElement":[{"@type":"ListItem","position":1,"name":"Home","item":"https:\/\/www.hautes-alpes.net\/de\/hautes-alpes\/"},{"@type":"ListItem","position":2,"name":"Erfahrungen - Hautes-Alpes","item":"https:\/\/www.hautes-alpes.net\/de\/erfahrungen-hautes-alpes\/"},{"@type":"ListItem","position":3,"name":"Erfahrungen - Hautes-Alpes","item":"https:\/\/www.hautes-alpes.net\/de\/erfahrungen-hautes-alpes\/"},{"@type":"ListItem","position":4,"name":"Nordische Aktivit\u00e4ten"}]},{"@type":"WebSite","@id":"https:\/\/www.hautes-alpes.net\/de\/#website","url":"https:\/\/www.hautes-alpes.net\/de\/","name":"ADDET","description":"","publisher":{"@id":"https:\/\/www.hautes-alpes.net\/de\/#organization"},"potentialAction":[{"@type":"SearchAction","target":{"@type":"EntryPoint","urlTemplate":"https:\/\/www.hautes-alpes.net\/de\/?s={search_term_string}"},"query-input":{"@type":"PropertyValueSpecification","valueRequired":true,"valueName":"search_term_string"}}],"inLanguage":"de"},{"@type":"Organization","@id":"https:\/\/www.hautes-alpes.net\/de\/#organization","name":"Agence D\u00e9partementale de D\u00e9veloppement Economique et Touristique des Hautes-Alpes","url":"https:\/\/www.hautes-alpes.net\/de\/","logo":{"@type":"ImageObject","inLanguage":"de","@id":"https:\/\/www.hautes-alpes.net\/de\/#\/schema\/logo\/image\/","url":"https:\/\/www.hautes-alpes.net\/wp-content\/uploads\/2026\/01\/black-logo-2.svg","contentUrl":"https:\/\/www.hautes-alpes.net\/wp-content\/uploads\/2026\/01\/black-logo-2.svg","caption":"Agence D\u00e9partementale de D\u00e9veloppement Economique et Touristique des Hautes-Alpes"},"image":{"@id":"https:\/\/www.hautes-alpes.net\/de\/#\/schema\/logo\/image\/"}}]}},"_links":{"self":[{"href":"https:\/\/www.hautes-alpes.net\/de\/wp-json\/wp\/v2\/pages\/109816","targetHints":{"allow":["GET"]}}],"collection":[{"href":"https:\/\/www.hautes-alpes.net\/de\/wp-json\/wp\/v2\/pages"}],"about":[{"href":"https:\/\/www.hautes-alpes.net\/de\/wp-json\/wp\/v2\/types\/page"}],"author":[{"embeddable":true,"href":"https:\/\/www.hautes-alpes.net\/de\/wp-json\/wp\/v2\/users\/8"}],"replies":[{"embeddable":true,"href":"https:\/\/www.hautes-alpes.net\/de\/wp-json\/wp\/v2\/comments?post=109816"}],"version-history":[{"count":10,"href":"https:\/\/www.hautes-alpes.net\/de\/wp-json\/wp\/v2\/pages\/109816\/revisions"}],"predecessor-version":[{"id":136858,"href":"https:\/\/www.hautes-alpes.net\/de\/wp-json\/wp\/v2\/pages\/109816\/revisions\/136858"}],"up":[{"embeddable":true,"href":"https:\/\/www.hautes-alpes.net\/de\/wp-json\/wp\/v2\/pages\/108206"}],"wp:attachment":[{"href":"https:\/\/www.hautes-alpes.net\/de\/wp-json\/wp\/v2\/media?parent=109816"}],"wp:term":[{"taxonomy":"page_label","embeddable":true,"href":"https:\/\/www.hautes-alpes.net\/de\/wp-json\/wp\/v2\/page_label?post=109816"}],"curies":[{"name":"wp","href":"https:\/\/api.w.org\/{rel}","templated":true}]}}