{"id":109283,"date":"2025-11-21T11:36:54","date_gmt":"2025-11-21T10:36:54","guid":{"rendered":"https:\/\/www.hautes-alpes.net\/ausbrueche\/route-napoleon\/"},"modified":"2025-12-24T14:53:18","modified_gmt":"2025-12-24T13:53:18","slug":"route-napoleon","status":"publish","type":"page","link":"https:\/\/www.hautes-alpes.net\/de\/ausbrueche\/route-napoleon\/","title":{"rendered":"Route Napol\u00e9on"},"content":{"rendered":"\n<div class=\"wp-block-group alignfull hero-banner-cover-wide has-global-padding is-layout-constrained wp-block-group-is-layout-constrained\"><div class=\"yoast-breadcrumbs\"><span><span><a href=\"https:\/\/www.hautes-alpes.net\/de\/hautes-alpes\/\">Home<\/a><\/span>  <span><a href=\"https:\/\/www.hautes-alpes.net\/de\/ausbrueche\/\">Ausbr\u00fcche<\/a><\/span>  <span><a href=\"https:\/\/www.hautes-alpes.net\/de\/ausbrueche\/\">Ausbr\u00fcche<\/a><\/span>  <span class=\"breadcrumb_last\" aria-current=\"page\">Route Napol\u00e9on<\/span><\/span><\/div>\n\n\n<h1 class=\"wp-block-ws-library-post-title\">Route <span class=\"text-highlight\">Napol\u00e9on<\/span><\/h1>\n\n\n\n<div class=\"wp-block-ws-library-media-embed ws-media-embed\"><img decoding=\"async\" src=\"https:\/\/www.hautes-alpes.net\/wp-content\/uploads\/2025\/12\/copyright-pat-domeyne-1-2000x1000.jpg\" alt=\"\" class=\"ws-media-embed__image\" style=\"aspect-ratio:2000\/1000\"><\/div>\n\n\n\n<p class=\"subtitle\"><\/p>\n\n\n\n<p><\/p>\n<\/div>\n\n<div style=\"height:50px\" aria-hidden=\"true\" class=\"wp-block-spacer\"><\/div>\n\n<div class=\"wp-block-group alignfull block-etapes has-global-padding is-layout-constrained wp-block-group-is-layout-constrained\">\n<h2 class=\"wp-block-heading is-style-title-1\"><em>Ihre ReiserouteAuf<\/em>den Spuren<strong>des Kaisers<\/strong><\/h2>\n\n\n\n<p>Zwischen dem Mittelmeer und den Alpen zieht die Route Napoleon einen Faden der Geschichte und der grandiosen Landschaften. In den Hautes-Alpes nimmt sie eine besondere Dimension an: eine heroische und beschauliche Reise, bei der jeder Pass und jedes Tal sowohl von der kaiserlichen Geste als auch von der wilden Sch\u00f6nheit der Berge erz\u00e4hlt. Seine heute 314 km lange Route wurde zu einer Erz\u00e4hlung von Tapferkeit und K\u00fchnheit.  <\/p>\n<\/div>\n\n<div style=\"height:50px\" aria-hidden=\"true\" class=\"wp-block-spacer\"><\/div>\n\n<div class=\"wp-block-group alignfull step-by-step has-global-padding is-layout-constrained wp-block-group-is-layout-constrained\">\n<div class=\"wp-block-ws-library-ws-columns alignwide has-2-columns are-vertically-aligned-center layout-5050\">\n<div class=\"wp-block-ws-library-ws-column\"><div class=\"wrapper\">\n<h2 class=\"wp-block-heading\"><em>Tag 1<br\/><\/em><strong>Golfe-Juan <strong>\u2192<\/strong>.<\/strong> <strong>Sisteron<\/strong><\/h2>\n\n\n\n<p>M\u00e4rz 1815: Der Kaiser landet in Golfe-Juan, entschlossen, den Thron zur\u00fcckzuerobern. Von dem kleinen Hafen am Mittelmeer f\u00fchrt die Stra\u00dfe ins Landesinnere. Sie verlassen das Meer mit seinem azurblauen Glanz und erreichen die ersten Ausl\u00e4ufer der Alpen. Bald f\u00fchrt die Stra\u00dfe nach Sisteron, dem &#8220;Tor zur Provence&#8220;, das von seiner majest\u00e4tischen Zitadelle dominiert wird, die die enge Schlucht der Durance bewacht. In dieser spektakul\u00e4ren, mineralischen Umgebung ist die Erinnerung an das kaiserliche Epos in den Felsen verankert.    <\/p>\n<\/div><\/div>\n\n\n\n<div class=\"wp-block-ws-library-ws-column\"><div class=\"wrapper\">\n<div class=\"wp-block-ws-library-ws-image\"><div class=\"wrapper\"><div class=\"group-media\"><img decoding=\"async\" src=\"https:\/\/www.hautes-alpes.net\/wp-content\/uploads\/2025\/11\/sisteron-verneuil-1240x800.jpg\" alt=\"\" class=\"single_image ws-image-77887\"><div class=\"credits\">Verneuil<\/div><\/div><p class=\"caption\"><\/p><\/div><\/div>\n<\/div><\/div>\n<\/div>\n\n\n\n<div class=\"wp-block-ws-library-ws-columns alignwide has-2-columns are-vertically-aligned-center layout-5050\">\n<div class=\"wp-block-ws-library-ws-column\"><div class=\"wrapper\">\n<h2 class=\"wp-block-heading\"><em>Tag 2<br\/><\/em><strong>Entlang der Durance<\/strong><\/h2>\n\n\n\n<p>Danach geht es <strong>das Tal der Durance<\/strong> hinauf, ein breiter nat\u00fcrlicher Korridor, der von Kalksteinfelsen und Obstg\u00e4rten ges\u00e4umt wird. Die D\u00f6rfer des Bu\u00ebch <a href=\"https:\/\/www.hautes-alpes.net\/de\/reiseziele-hautes-alpes\/buech\/\"><strong>Bu\u00ebch<\/strong> <\/a>reihen sich mit ihren mittelalterlichen Gassen und schlanken Glockent\u00fcrmen auf ihren Vorgebirgen aneinander. Hier spielt das Licht mit den Lavendelfeldern und Obstg\u00e4rten, die im Fr\u00fchling gr\u00fcn und im Sommer golden sind. Es ist eine Route, auf der sich die Geographie mit der Erinnerung verbindet, denn jedes Dorf scheint auf die Ankunft des Kaisers zu warten.   <\/p>\n<\/div><\/div>\n\n\n\n<div class=\"wp-block-ws-library-ws-column\"><div class=\"wrapper\">\n<div class=\"wp-block-ws-library-ws-image\"><div class=\"wrapper\"><div class=\"group-media\"><img decoding=\"async\" src=\"https:\/\/www.hautes-alpes.net\/wp-content\/uploads\/2025\/11\/serres-ruelle-pat-1240x800.jpg\" alt=\"Gasse von Serres mit dem Label Petite Cit\u00e9 de Caract\u00e8re unter einem Sonnenstrahl\" class=\"single_image ws-image-57807\"><div class=\"credits\">P. Domeyne - AD05<\/div><\/div><p class=\"caption\">Gasse von Serres mit dem Label Petite Cit\u00e9 de Caract\u00e8re unter einem Sonnenstrahl<\/p><\/div><\/div>\n<\/div><\/div>\n<\/div>\n\n\n\n<div class=\"wp-block-ws-library-ws-columns alignwide has-2-columns are-vertically-aligned-center layout-5050\">\n<div class=\"wp-block-ws-library-ws-column\"><div class=\"wrapper\">\n<h2 class=\"wp-block-heading\"><em>Tag 3<br\/><\/em><strong>Halt in Gap<\/strong><\/h2>\n\n\n\n<p>Der Halt in <strong><a href=\"http:\/\/gapen%C3%A7ais\">Gap<\/a><\/strong>Der Aufenthalt in Gap, der s\u00fc\u00dfen Hauptstadt der Hautes-Alpes, stellt einen Ankerpunkt dar. Der heutige Reisende findet hier eine lebendige Stadt mit belebten Terrassen und gepflasterten Stra\u00dfen, die sich zu den umliegenden Gipfeln hin \u00f6ffnen. Die Berge umschlie\u00dfen die Stadt wie ein nat\u00fcrliches Amphitheater und bieten zu jeder Jahreszeit ein gro\u00dfartiges Schauspiel: schneebedeckte Gipfel im Winter und bl\u00fchende Wiesen bei der R\u00fcckkehr des Sommers. Es ist verst\u00e4ndlich, dass Napoleon hier einen strategischen und gastfreundlichen Ort fand.<\/p>\n<\/div><\/div>\n\n\n\n<div class=\"wp-block-ws-library-ws-column\"><div class=\"wrapper\">\n<div class=\"wp-block-ws-library-ws-image\"><div class=\"wrapper\"><div class=\"group-media\"><img decoding=\"async\" src=\"https:\/\/www.hautes-alpes.net\/wp-content\/uploads\/2025\/12\/route-napo-detail-facade-gapfabien-thibault-2-1-1240x800.jpg\" alt=\"\" class=\"single_image ws-image-97135\"><div class=\"credits\">F. Thibault<\/div><\/div><p class=\"caption\"><\/p><\/div><\/div>\n<\/div><\/div>\n<\/div>\n\n\n\n<div class=\"wp-block-ws-library-ws-columns alignwide has-2-columns are-vertically-aligned-center layout-5050\">\n<div class=\"wp-block-ws-library-ws-column\"><div class=\"wrapper\">\n<h2 class=\"wp-block-heading\"><em>Tag 4<br\/><\/em><strong>Bayard <strong>\u2192\u2192<\/strong>.<\/strong> <strong>Laffrey<\/strong><\/h2>\n\n\n\n<p>Nach Gap steigt die Strecke an und f\u00fchrt \u00fcber den <strong>Col Bayard<\/strong> (1.246 m) und dann wieder hinunter in die <a href=\"https:\/\/www.hautes-alpes.net\/de\/reiseziele-hautes-alpes\/champsaur-valgaudemar\/\">Champsaur<\/a>, wo die Stra\u00dfe P\u00e4sse wie den Col du Noyer oder den Col de Manse \u00fcberquert, die mit <strong><a href=\"https:\/\/www.hautes-alpes.net\/de\/ikonische\/zufluchtsorte\/\">Napoleonh\u00fctten <\/a><\/strong> ges\u00e4umt sind, die im XIX\u1d49 Jahrhundert entworfen wurden. Sie k\u00f6nnen die Fahrt in Richtung Dauphin\u00e9 \u00fcber Laffrey bis nach Grenoble verl\u00e4ngern. Hier spielt sich eine der ber\u00fchmtesten Episoden ab: das Treffen des Kaisers mit den k\u00f6niglichen Truppen. Heute spricht die Umgebung f\u00fcr sich: ein friedlicher See, umgeben von steilen Bergk\u00e4mmen, wo das Echo der Geschichte noch immer zu sp\u00fcren ist.<\/p>\n<\/div><\/div>\n\n\n\n<div class=\"wp-block-ws-library-ws-column\"><div class=\"wrapper\">\n<div class=\"wp-block-ws-library-ws-image\"><div class=\"wrapper\"><div class=\"group-media\"><img decoding=\"async\" src=\"https:\/\/www.hautes-alpes.net\/wp-content\/uploads\/2025\/12\/dji-0966-1240x800.jpg\" alt=\"\" class=\"single_image ws-image-95064\"><div class=\"credits\">C. Tempier - AD05<\/div><\/div><p class=\"caption\"><\/p><\/div><\/div>\n<\/div><\/div>\n<\/div>\n<\/div>\n\n<div style=\"height:50px\" aria-hidden=\"true\" class=\"wp-block-spacer\"><\/div>\n\n<div class=\"wp-block-ws-library-ws-animated-quote\"><blockquote class=\"quote-container quote-align-undefined\" cite=\"https:\/\/www.websenso.com\"><div class=\"group-media\"><div class=\"field-image\"><img decoding=\"async\" class=\"quote-avatar ws-image-77882\" src=\"https:\/\/www.hautes-alpes.net\/wp-content\/uploads\/2025\/11\/27082015-mg-0446-160x160.jpg\" data-full-url=\"https:\/\/www.hautes-alpes.net\/wp-content\/uploads\/2025\/11\/27082015-mg-0446.jpg\" alt=\"\"><\/div><\/div><footer><cite class=\"quote-subcontent\"><strong>Napoleon Bonaparte<\/strong><\/cite><\/footer><p class=\"quote-content\">&#8220;Von allen meinen Feldz\u00fcgen bot keiner so majest\u00e4tische Biwaks wie die Berge der Hautes-Alpes. Wenn das Imperium wiedergeboren werden sollte, w\u00fcrde ich es gerne hier errichten, zwischen P\u00e4ssen und T\u00e4lern.&#8220;<\/p><\/blockquote><\/div>\n\n<div style=\"height:50px\" aria-hidden=\"true\" class=\"wp-block-spacer\"><\/div>\n\n<h2 class=\"wp-block-heading is-style-title-1\"><strong>Praktisches<\/strong> Notizbuch<\/h2>\n\n<div class=\"wp-block-ws-library-ws-tabs alignfull\"><ul class=\"tabs-titles\"><li class=\"tab-title is-active\" data-tab-index=\"0\">Die Napoleon-Route zu Pferd<\/li><li class=\"tab-title\" data-tab-index=\"1\">ANERN: H\u00fcter des Ged\u00e4chtnisses der Route Napoleon<\/li><\/ul><div class=\"tabs-list\">\n<div class=\"wp-block-ws-library-ws-tab\" style=\"display:none\"><p class=\"tab-title\">Die Napoleon-Route zu Pferd<\/p><div class=\"tab-content\">\n<div class=\"wp-block-group tab-row is-nowrap is-layout-flex wp-container-core-group-is-layout-6c531013 wp-block-group-is-layout-flex\">\n<div class=\"wp-block-group tab-group-content is-layout-flow wp-block-group-is-layout-flow\">\n<p class=\"is-style-highlighted\">Folgen Sie den Fu\u00dfstapfen des<strong>Kaisers<\/strong> im Rhythmus des Pferdes: dies ist die einzigartige Erfahrung, die in den <strong>Hautes-Alpes<\/strong> angeboten wird. Die mehrt\u00e4gige Reitroute folgt der historischen Route, wobei sich gr\u00fcne T\u00e4ler, panoramische P\u00e4sse und gem\u00fctliche Rastpl\u00e4tze in den <strong>Napoleonh\u00fctten<\/strong> abwechseln. Diese vom <strong>Departement Hautes-Alpes<\/strong> getragene Initiative gibt dieser legend\u00e4ren Strecke ihre abenteuerliche Dimension zur\u00fcck: Biwaks unter dem Sternenhimmel, Begegnungen mit lokalen Reitern, v\u00f6lliges Eintauchen in die alpine Landschaft. Eine andere, langsamere und sensiblere Art, die legend\u00e4rste Stra\u00dfe Frankreichs zu entdecken.   <\/p>\n<\/div>\n<\/div>\n<\/div><\/div>\n\n\n\n<div class=\"wp-block-ws-library-ws-tab\" style=\"display:none\"><p class=\"tab-title\">ANERN: H\u00fcter des Ged\u00e4chtnisses der Route Napoleon<\/p><div class=\"tab-content\">\n<div class=\"wp-block-group tab-row is-nowrap is-layout-flex wp-container-core-group-is-layout-6c531013 wp-block-group-is-layout-flex\">\n<div class=\"wp-block-group tab-group-content is-layout-flow wp-block-group-is-layout-flow\">\n<p class=\"is-style-highlighted\">Die <strong>1969<\/strong> gegr\u00fcndete<strong>Association Action Nationale des \u00c9lues pour la Route Napol\u00e9on (ANERN)<\/strong> vereint 42 Gemeinden von <strong>Golfe-Juan<\/strong> bis <strong>Grenoble<\/strong>, um das Projekt einer historischen und zugleich lebendigen Stra\u00dfe hochzuhalten.<\/p>\n\n\n\n<p>Sie sorgt daf\u00fcr, dass die <strong>RN 85<\/strong> nicht nur als wichtige touristische Route, sondern auch als strukturierende Achse f\u00fcr die durchquerten Gebiete anerkannt wird - durch die Unterst\u00fctzung kleinerer Gemeinden, die Koordinierung der Beschilderung, die Herausgabe von F\u00fchrern oder die Animation von speziellen R\u00e4umen. So ist die<strong>ANERN<\/strong> die zeitgen\u00f6ssische Seele der <strong>Route Napol\u00e9on<\/strong>: als F\u00f6rdereinrichtung, lokale Anlaufstelle und H\u00fcter des Kulturerbes bietet sie dem Reisenden einen roten Faden, um in die Geschichte einzutauchen und gleichzeitig die kulturellen und landschaftlichen Reicht\u00fcmer der <strong>Alpen und der Provence<\/strong> zu entdecken. <\/p>\n\n\n\n<div class=\"wp-block-buttons is-layout-flex wp-block-buttons-is-layout-flex\">\n<div class=\"wp-block-button\"><a class=\"wp-block-button__link wp-element-button\" href=\"https:\/\/route-napoleon.com\/\" target=\"_blank\" rel=\"noreferrer noopener\">Siehe die ANERN-Website<\/a><\/div>\n<\/div>\n<\/div>\n<\/div>\n<\/div><\/div>\n<\/div><\/div>\n\n<div class=\"wp-block-ws-library-ws-share\"><span class=\"share-subtitle\">Hat Ihnen diese Seite gefallen?<\/span><span class=\"share-title\">Teilen Sie es mit anderen!<\/span><button class=\"ws-share-button wp-element-button\">Diese Seite teilen<\/button><\/div>\n","protected":false},"excerpt":{"rendered":"<p>Ihre ReiserouteAufden Spurendes Kaisers Zwischen dem Mittelmeer und den Alpen zieht die Route Napoleon einen Faden der Geschichte und der [&hellip;]<\/p>\n","protected":false},"author":8,"featured_media":0,"parent":107806,"menu_order":0,"comment_status":"closed","ping_status":"closed","template":"","meta":{"is_dark_mode":true,"footnotes":""},"page_label":[],"class_list":["post-109283","page","type-page","status-publish","hentry"],"yoast_head":"<!-- This site is optimized with the Yoast SEO plugin v27.2 - https:\/\/yoast.com\/product\/yoast-seo-wordpress\/ -->\n<title>Route Napol\u00e9on - Hautes-Alpes<\/title>\n<meta name=\"description\" content=\"Route Napol\u00e9on Ihre ReiserouteAufden Spurendes Kaisers Zwischen dem Mittelmeer und den Alpen zieht die Route Napoleon einen Faden der Geschichte und der\" \/>\n<meta name=\"robots\" content=\"index, follow, max-snippet:-1, max-image-preview:large, max-video-preview:-1\" \/>\n<link rel=\"canonical\" href=\"https:\/\/www.hautes-alpes.net\/de\/ausbrueche\/route-napoleon\/\" \/>\n<meta property=\"og:locale\" content=\"de_DE\" \/>\n<meta property=\"og:type\" content=\"article\" \/>\n<meta property=\"og:title\" content=\"Route Napol\u00e9on - Hautes-Alpes\" \/>\n<meta property=\"og:description\" content=\"Route Napol\u00e9on Ihre ReiserouteAufden Spurendes Kaisers Zwischen dem Mittelmeer und den Alpen zieht die Route Napoleon einen Faden der Geschichte und der\" \/>\n<meta property=\"og:url\" content=\"https:\/\/www.hautes-alpes.net\/de\/ausbrueche\/route-napoleon\/\" \/>\n<meta property=\"og:site_name\" content=\"Hautes-Alpes\" \/>\n<meta property=\"article:modified_time\" content=\"2025-12-24T13:53:18+00:00\" \/>\n<meta property=\"og:image\" content=\"https:\/\/www.hautes-alpes.net\/wp-content\/uploads\/2025\/12\/copyright-pat-domeyne-1-2000x1000.jpg\" \/>\n<meta name=\"twitter:card\" content=\"summary_large_image\" \/>\n<meta name=\"twitter:label1\" content=\"Gesch\u00e4tzte Lesezeit\" \/>\n\t<meta name=\"twitter:data1\" content=\"4 Minuten\" \/>\n<script type=\"application\/ld+json\" class=\"yoast-schema-graph\">{\"@context\":\"https:\/\/schema.org\",\"@graph\":[{\"@type\":\"WebPage\",\"@id\":\"https:\/\/www.hautes-alpes.net\/de\/ausbrueche\/route-napoleon\/\",\"url\":\"https:\/\/www.hautes-alpes.net\/de\/ausbrueche\/route-napoleon\/\",\"name\":\"Route Napol\u00e9on - Hautes-Alpes\",\"isPartOf\":{\"@id\":\"https:\/\/www.hautes-alpes.net\/de\/#website\"},\"primaryImageOfPage\":{\"@id\":\"https:\/\/www.hautes-alpes.net\/de\/ausbrueche\/route-napoleon\/#primaryimage\"},\"image\":{\"@id\":\"https:\/\/www.hautes-alpes.net\/de\/ausbrueche\/route-napoleon\/#primaryimage\"},\"thumbnailUrl\":\"https:\/\/www.hautes-alpes.net\/wp-content\/uploads\/2025\/12\/copyright-pat-domeyne-1-2000x1000.jpg\",\"datePublished\":\"2025-11-21T10:36:54+00:00\",\"dateModified\":\"2025-12-24T13:53:18+00:00\",\"description\":\"Route Napol\u00e9on Ihre ReiserouteAufden Spurendes Kaisers Zwischen dem Mittelmeer und den Alpen zieht die Route Napoleon einen Faden der Geschichte und der\",\"breadcrumb\":{\"@id\":\"https:\/\/www.hautes-alpes.net\/de\/ausbrueche\/route-napoleon\/#breadcrumb\"},\"inLanguage\":\"de\",\"potentialAction\":[{\"@type\":\"ReadAction\",\"target\":[\"https:\/\/www.hautes-alpes.net\/de\/ausbrueche\/route-napoleon\/\"]}]},{\"@type\":\"ImageObject\",\"inLanguage\":\"de\",\"@id\":\"https:\/\/www.hautes-alpes.net\/de\/ausbrueche\/route-napoleon\/#primaryimage\",\"url\":\"https:\/\/www.hautes-alpes.net\/wp-content\/uploads\/2025\/12\/copyright-pat-domeyne-1-2000x1000.jpg\",\"contentUrl\":\"https:\/\/www.hautes-alpes.net\/wp-content\/uploads\/2025\/12\/copyright-pat-domeyne-1-2000x1000.jpg\"},{\"@type\":\"BreadcrumbList\",\"@id\":\"https:\/\/www.hautes-alpes.net\/de\/ausbrueche\/route-napoleon\/#breadcrumb\",\"itemListElement\":[{\"@type\":\"ListItem\",\"position\":1,\"name\":\"Home\",\"item\":\"https:\/\/www.hautes-alpes.net\/de\/hautes-alpes\/\"},{\"@type\":\"ListItem\",\"position\":2,\"name\":\"Ausbr\u00fcche\",\"item\":\"https:\/\/www.hautes-alpes.net\/de\/ausbrueche\/\"},{\"@type\":\"ListItem\",\"position\":3,\"name\":\"Ausbr\u00fcche\",\"item\":\"https:\/\/www.hautes-alpes.net\/de\/ausbrueche\/\"},{\"@type\":\"ListItem\",\"position\":4,\"name\":\"Route Napol\u00e9on\"}]},{\"@type\":\"WebSite\",\"@id\":\"https:\/\/www.hautes-alpes.net\/de\/#website\",\"url\":\"https:\/\/www.hautes-alpes.net\/de\/\",\"name\":\"ADDET\",\"description\":\"\",\"publisher\":{\"@id\":\"https:\/\/www.hautes-alpes.net\/de\/#organization\"},\"potentialAction\":[{\"@type\":\"SearchAction\",\"target\":{\"@type\":\"EntryPoint\",\"urlTemplate\":\"https:\/\/www.hautes-alpes.net\/de\/?s={search_term_string}\"},\"query-input\":{\"@type\":\"PropertyValueSpecification\",\"valueRequired\":true,\"valueName\":\"search_term_string\"}}],\"inLanguage\":\"de\"},{\"@type\":\"Organization\",\"@id\":\"https:\/\/www.hautes-alpes.net\/de\/#organization\",\"name\":\"Agence D\u00e9partementale de D\u00e9veloppement Economique et Touristique des Hautes-Alpes\",\"url\":\"https:\/\/www.hautes-alpes.net\/de\/\",\"logo\":{\"@type\":\"ImageObject\",\"inLanguage\":\"de\",\"@id\":\"https:\/\/www.hautes-alpes.net\/de\/#\/schema\/logo\/image\/\",\"url\":\"https:\/\/www.hautes-alpes.net\/wp-content\/uploads\/2026\/01\/black-logo-2.svg\",\"contentUrl\":\"https:\/\/www.hautes-alpes.net\/wp-content\/uploads\/2026\/01\/black-logo-2.svg\",\"caption\":\"Agence D\u00e9partementale de D\u00e9veloppement Economique et Touristique des Hautes-Alpes\"},\"image\":{\"@id\":\"https:\/\/www.hautes-alpes.net\/de\/#\/schema\/logo\/image\/\"}}]}<\/script>\n<!-- \/ Yoast SEO plugin. -->","yoast_head_json":{"title":"Route Napol\u00e9on - Hautes-Alpes","description":"Route Napol\u00e9on Ihre ReiserouteAufden Spurendes Kaisers Zwischen dem Mittelmeer und den Alpen zieht die Route Napoleon einen Faden der Geschichte und der","robots":{"index":"index","follow":"follow","max-snippet":"max-snippet:-1","max-image-preview":"max-image-preview:large","max-video-preview":"max-video-preview:-1"},"canonical":"https:\/\/www.hautes-alpes.net\/de\/ausbrueche\/route-napoleon\/","og_locale":"de_DE","og_type":"article","og_title":"Route Napol\u00e9on - Hautes-Alpes","og_description":"Route Napol\u00e9on Ihre ReiserouteAufden Spurendes Kaisers Zwischen dem Mittelmeer und den Alpen zieht die Route Napoleon einen Faden der Geschichte und der","og_url":"https:\/\/www.hautes-alpes.net\/de\/ausbrueche\/route-napoleon\/","og_site_name":"Hautes-Alpes","article_modified_time":"2025-12-24T13:53:18+00:00","og_image":[{"url":"https:\/\/www.hautes-alpes.net\/wp-content\/uploads\/2025\/12\/copyright-pat-domeyne-1-2000x1000.jpg","type":"","width":"","height":""}],"twitter_card":"summary_large_image","twitter_misc":{"Gesch\u00e4tzte Lesezeit":"4 Minuten"},"schema":{"@context":"https:\/\/schema.org","@graph":[{"@type":"WebPage","@id":"https:\/\/www.hautes-alpes.net\/de\/ausbrueche\/route-napoleon\/","url":"https:\/\/www.hautes-alpes.net\/de\/ausbrueche\/route-napoleon\/","name":"Route Napol\u00e9on - Hautes-Alpes","isPartOf":{"@id":"https:\/\/www.hautes-alpes.net\/de\/#website"},"primaryImageOfPage":{"@id":"https:\/\/www.hautes-alpes.net\/de\/ausbrueche\/route-napoleon\/#primaryimage"},"image":{"@id":"https:\/\/www.hautes-alpes.net\/de\/ausbrueche\/route-napoleon\/#primaryimage"},"thumbnailUrl":"https:\/\/www.hautes-alpes.net\/wp-content\/uploads\/2025\/12\/copyright-pat-domeyne-1-2000x1000.jpg","datePublished":"2025-11-21T10:36:54+00:00","dateModified":"2025-12-24T13:53:18+00:00","description":"Route Napol\u00e9on Ihre ReiserouteAufden Spurendes Kaisers Zwischen dem Mittelmeer und den Alpen zieht die Route Napoleon einen Faden der Geschichte und der","breadcrumb":{"@id":"https:\/\/www.hautes-alpes.net\/de\/ausbrueche\/route-napoleon\/#breadcrumb"},"inLanguage":"de","potentialAction":[{"@type":"ReadAction","target":["https:\/\/www.hautes-alpes.net\/de\/ausbrueche\/route-napoleon\/"]}]},{"@type":"ImageObject","inLanguage":"de","@id":"https:\/\/www.hautes-alpes.net\/de\/ausbrueche\/route-napoleon\/#primaryimage","url":"https:\/\/www.hautes-alpes.net\/wp-content\/uploads\/2025\/12\/copyright-pat-domeyne-1-2000x1000.jpg","contentUrl":"https:\/\/www.hautes-alpes.net\/wp-content\/uploads\/2025\/12\/copyright-pat-domeyne-1-2000x1000.jpg"},{"@type":"BreadcrumbList","@id":"https:\/\/www.hautes-alpes.net\/de\/ausbrueche\/route-napoleon\/#breadcrumb","itemListElement":[{"@type":"ListItem","position":1,"name":"Home","item":"https:\/\/www.hautes-alpes.net\/de\/hautes-alpes\/"},{"@type":"ListItem","position":2,"name":"Ausbr\u00fcche","item":"https:\/\/www.hautes-alpes.net\/de\/ausbrueche\/"},{"@type":"ListItem","position":3,"name":"Ausbr\u00fcche","item":"https:\/\/www.hautes-alpes.net\/de\/ausbrueche\/"},{"@type":"ListItem","position":4,"name":"Route Napol\u00e9on"}]},{"@type":"WebSite","@id":"https:\/\/www.hautes-alpes.net\/de\/#website","url":"https:\/\/www.hautes-alpes.net\/de\/","name":"ADDET","description":"","publisher":{"@id":"https:\/\/www.hautes-alpes.net\/de\/#organization"},"potentialAction":[{"@type":"SearchAction","target":{"@type":"EntryPoint","urlTemplate":"https:\/\/www.hautes-alpes.net\/de\/?s={search_term_string}"},"query-input":{"@type":"PropertyValueSpecification","valueRequired":true,"valueName":"search_term_string"}}],"inLanguage":"de"},{"@type":"Organization","@id":"https:\/\/www.hautes-alpes.net\/de\/#organization","name":"Agence D\u00e9partementale de D\u00e9veloppement Economique et Touristique des Hautes-Alpes","url":"https:\/\/www.hautes-alpes.net\/de\/","logo":{"@type":"ImageObject","inLanguage":"de","@id":"https:\/\/www.hautes-alpes.net\/de\/#\/schema\/logo\/image\/","url":"https:\/\/www.hautes-alpes.net\/wp-content\/uploads\/2026\/01\/black-logo-2.svg","contentUrl":"https:\/\/www.hautes-alpes.net\/wp-content\/uploads\/2026\/01\/black-logo-2.svg","caption":"Agence D\u00e9partementale de D\u00e9veloppement Economique et Touristique des Hautes-Alpes"},"image":{"@id":"https:\/\/www.hautes-alpes.net\/de\/#\/schema\/logo\/image\/"}}]}},"_links":{"self":[{"href":"https:\/\/www.hautes-alpes.net\/de\/wp-json\/wp\/v2\/pages\/109283","targetHints":{"allow":["GET"]}}],"collection":[{"href":"https:\/\/www.hautes-alpes.net\/de\/wp-json\/wp\/v2\/pages"}],"about":[{"href":"https:\/\/www.hautes-alpes.net\/de\/wp-json\/wp\/v2\/types\/page"}],"author":[{"embeddable":true,"href":"https:\/\/www.hautes-alpes.net\/de\/wp-json\/wp\/v2\/users\/8"}],"replies":[{"embeddable":true,"href":"https:\/\/www.hautes-alpes.net\/de\/wp-json\/wp\/v2\/comments?post=109283"}],"version-history":[{"count":9,"href":"https:\/\/www.hautes-alpes.net\/de\/wp-json\/wp\/v2\/pages\/109283\/revisions"}],"predecessor-version":[{"id":133668,"href":"https:\/\/www.hautes-alpes.net\/de\/wp-json\/wp\/v2\/pages\/109283\/revisions\/133668"}],"up":[{"embeddable":true,"href":"https:\/\/www.hautes-alpes.net\/de\/wp-json\/wp\/v2\/pages\/107806"}],"wp:attachment":[{"href":"https:\/\/www.hautes-alpes.net\/de\/wp-json\/wp\/v2\/media?parent=109283"}],"wp:term":[{"taxonomy":"page_label","embeddable":true,"href":"https:\/\/www.hautes-alpes.net\/de\/wp-json\/wp\/v2\/page_label?post=109283"}],"curies":[{"name":"wp","href":"https:\/\/api.w.org\/{rel}","templated":true}]}}