{"id":109042,"date":"2025-11-24T16:28:00","date_gmt":"2025-11-24T15:28:00","guid":{"rendered":"https:\/\/www.hautes-alpes.net\/die-entwicklungsagentur\/klassifizierung-von-ferienunterkuenften\/"},"modified":"2026-04-02T11:28:40","modified_gmt":"2026-04-02T09:28:40","slug":"klassifizierung-von-ferienunterkuenften","status":"publish","type":"page","link":"https:\/\/www.hautes-alpes.net\/de\/die-entwicklungsagentur\/klassifizierung-von-ferienunterkuenften\/","title":{"rendered":"Klassifizierung von Ferienunterk\u00fcnften"},"content":{"rendered":"\n<div class=\"wp-block-group alignfull hero-banner-cover-wide has-global-padding is-layout-constrained wp-block-group-is-layout-constrained\"><div class=\"yoast-breadcrumbs\"><span><span><a href=\"https:\/\/www.hautes-alpes.net\/de\/hautes-alpes\/\">Home<\/a><\/span>  <span><a href=\"https:\/\/www.hautes-alpes.net\/de\/die-entwicklungsagentur\/\">Die Entwicklungsagentur<\/a><\/span>  <span><a href=\"https:\/\/www.hautes-alpes.net\/de\/die-entwicklungsagentur\/\">Die Entwicklungsagentur<\/a><\/span>  <span class=\"breadcrumb_last\" aria-current=\"page\">Klassifizierung von Ferienunterk\u00fcnften<\/span><\/span><\/div>\n\n\n<h1 class=\"wp-block-ws-library-post-title\">Klassifizierung von Ferienunterk\u00fcnften<\/h1>\n\n\n\n<div class=\"wp-block-ws-library-media-embed ws-media-embed\"><img decoding=\"async\" src=\"https:\/\/www.hautes-alpes.net\/wp-content\/uploads\/2025\/12\/chalet-l-e-toile-alpesphotographiescom-8-1600x1000.jpg\" alt=\"\" class=\"ws-media-embed__image\" style=\"aspect-ratio:2000\/1000\"><\/div>\n\n\n\n<p class=\"subtitle\">Klassifizierung ist gewonnen!<\/p>\n\n\n\n<p>Die Agence de D\u00e9veloppement des Hautes-Alpes ist befugt, die Klassifizierung von M\u00f6beln f\u00fcr den Tourismus durchzuf\u00fchren. Dieses einfache und freiwillige Verfahren wertet die Qualit\u00e4t einer Unterkunft auf, erh\u00f6ht ihre Sichtbarkeit und bietet Steuervorteile. Hier finden Sie alle praktischen Informationen zur Einreichung eines Antrags und zur Vorbereitung auf den Besuch der Klassifizierung.  <\/p>\n<\/div>\n\n<div style=\"height:50px\" aria-hidden=\"true\" class=\"wp-block-spacer\"><\/div>\n\n<div class=\"wp-block-group has-global-padding is-layout-constrained wp-block-group-is-layout-constrained\">\n<h2 class=\"wp-block-heading is-style-title-1\">Die Vorteile <strong>der Klassifizierung<\/strong><\/h2>\n\n\n\n<p>Die Klassifizierung einer Ferienunterkunft bietet viele Vorteile. In erster Linie ist es ein ausgezeichnetes Mittel, um <strong>die Sichtbarkeit zu erh\u00f6hen<\/strong> und <strong>Ihre Unterkunft<\/strong> auf professionellere Weise zu vermarkten. Die Klassifizierung vereinfacht auch die administrativen Schritte, insbesondere die Meldung der Kurtaxe. Sie erm\u00f6glicht es Ihnen auch, von einem <strong>vorteilhaften<\/strong> Steuersystem zu profitieren, mit einer betr\u00e4chtlichen Steuersenkung. Dar\u00fcber hinaus ist die Klassifizierung ein <strong>Zeichen f\u00fcr Seriosit\u00e4t und Qualit\u00e4t<\/strong>, das den G\u00e4sten Sicherheit und Vertrauen bei der Buchung vermittelt. Schlie\u00dflich bietet die Klassifizierung die M\u00f6glichkeit, Feriengutscheine zu akzeptieren, was ein weiterer Vorteil ist, um eine breitere Kundschaft anzuziehen.     <\/p>\n<\/div>\n\n<div class=\"wp-block-ws-library-ws-columns has-2-columns are-vertically-aligned-center layout-5050\">\n<div class=\"wp-block-ws-library-ws-column\"><div class=\"wrapper\">\n<div class=\"wp-block-ws-library-ws-image\"><div class=\"wrapper\"><div class=\"group-media\"><img decoding=\"async\" src=\"https:\/\/www.hautes-alpes.net\/wp-content\/uploads\/2026\/02\/chalet-dimonti-alpesphotographiescom-8-1240x800.jpg\" alt=\"\" class=\"single_image ws-image-306745\"><div class=\"credits\">Alpen Fotografien<\/div><\/div><p class=\"caption\"><\/p><\/div><\/div>\n<\/div><\/div>\n\n\n\n<div class=\"wp-block-ws-library-ws-column\"><div class=\"wrapper\">\n<div class=\"wp-block-ws-library-ws-image\"><div class=\"wrapper\"><div class=\"group-media\"><img decoding=\"async\" src=\"https:\/\/www.hautes-alpes.net\/wp-content\/uploads\/2026\/02\/grand-hotel-we-like-communication-refuge-hotel-sc-7-1240x800.jpg\" alt=\"\" class=\"single_image ws-image-306744\"><div class=\"credits\">WeLikeCommunication<\/div><\/div><p class=\"caption\"><\/p><\/div><\/div>\n<\/div><\/div>\n<\/div>\n\n<div class=\"wp-block-group has-global-padding is-layout-constrained wp-block-group-is-layout-constrained\">\n<h2 class=\"wp-block-heading is-style-title-1\">Die Rolle der <strong>Entwicklungsagentur<\/strong><\/h2>\n\n\n\n<p>Die Agentur begleitet die Eigent\u00fcmer bei ihren Schritten, f\u00fchrt die Kontrollbesuche durch und stellt die offizielle Klassifizierungsentscheidung aus, die eine Garantie f\u00fcr die Qualit\u00e4t und Anerkennung ihrer Unterk\u00fcnfte darstellt.<\/p>\n<\/div>\n\n<div class=\"wp-block-group has-global-padding is-layout-constrained wp-block-group-is-layout-constrained\">\n<h2 class=\"wp-block-heading is-style-title-1\">Die Schritte in <strong>5 Schl\u00fcsselschritten<\/strong><\/h2>\n\n\n\n<ol class=\"wp-block-list\">\n<li>Anmeldung der Wohnung im Rathaus der Gemeinde, in der sie sich befindet.<\/li>\n\n\n\n<li>F\u00fcr professionelle oder nicht professionelle Vermieter von m\u00f6blierten Wohnungen ist eine Registrierung erforderlich, um innerhalb von 15 Tagen nach Beginn der Aktivit\u00e4t eine SIRET-Nummer zu erhalten.  <a href=\"https:\/\/procedures.inpi.fr\/?\/\" target=\"_blank\" rel=\"noreferrer noopener\">Mich anmelden<\/a><\/li>\n\n\n\n<li>Vorbereitung des Inspektionsbesuchs<\/li>\n\n\n\n<li>Bestellung des Besuchs<br\/>Laden Sie dazu das Dossier herunter und senden Sie es zur\u00fcck, zusammen mit:<br\/>- dem Dokument zur Anmeldung im Rathaus an <a href=\"mailto:emilie.michelet@hautes-alpes.net\">emilie.michelet@hautes-alpes.net<\/a><br\/>- einer Anzahlung von 50 \u20ac auf die im Bestellformular vorhandene RIB.<\/li>\n\n\n\n<li>Konfigurieren Sie das Mietobjekt<br\/>Das m\u00f6blierte Objekt muss am Tag der Besichtigung frei von Bewohnern sein, Betten und Kopfkissen m\u00fcssen lediglich mit Matratzenschonern versehen sein.<\/li>\n<\/ol>\n<\/div>\n\n<h2 class=\"wp-block-heading is-style-title-1\"><strong>N\u00fctzliche<\/strong> Dokumentation<\/h2>\n\n<h3 class=\"wp-block-heading\"><strong><em>Das Gesetz<\/em><\/strong><\/h3>\n\n<div class=\"wp-block-group tab-group-content is-layout-flow wp-block-group-is-layout-flow\">\n<p class=\"is-style-highlighted\">Die Klassifizierung von M\u00f6beln wird durch das franz\u00f6sische Gesetz geregelt.<\/p>\n\n\n\n<div class=\"wp-block-ws-library-ws-documents\">\n<div class=\"wp-block-ws-library-ws-document\"><a href=\"https:\/\/www.hautes-alpes.net\/wp-content\/uploads\/2025\/11\/laloi.pdf\" target=\"_blank\" rel=\"noopener noreferrer\" class=\"link-document\">Lesen Sie den Gesetzestext<\/a><\/div>\n<\/div>\n<\/div>\n\n<h3 class=\"wp-block-heading\"><strong><em>Die Kriterien<\/em><\/strong><\/h3>\n\n<div class=\"wp-block-group tab-group-content is-layout-flow wp-block-group-is-layout-flow\">\n<p class=\"is-style-highlighted\">Die Klassifizierung von M\u00f6beln h\u00e4ngt von der Erf\u00fcllung verschiedener Kriterien ab, je nachdem, wie viele Sterne erwartet werden. Diese Kriterien und ihre Erkl\u00e4rungen finden Sie hier : <\/p>\n\n\n\n<div class=\"wp-block-ws-library-ws-documents\">\n<div class=\"wp-block-ws-library-ws-document\"><a href=\"https:\/\/www.hautes-alpes.net\/wp-content\/uploads\/2025\/11\/lescriteres.pdf\" target=\"_blank\" rel=\"noopener noreferrer\" class=\"link-document\">Kriterien - Atout France<\/a><\/div>\n\n\n\n<div class=\"wp-block-ws-library-ws-document\"><a href=\"https:\/\/www.hautes-alpes.net\/wp-content\/uploads\/2025\/11\/annexe-explicative-des-criteres-meubles-2025-1.pdf\" target=\"_blank\" rel=\"noopener noreferrer\" class=\"link-document\">Anhang mit Erl\u00e4uterungen zu den Kriterien<\/a><\/div>\n<\/div>\n<\/div>\n\n<h3 class=\"wp-block-heading\"><strong><em>Das Verfahren<\/em><\/strong><\/h3>\n\n<div class=\"wp-block-group tab-group-content is-layout-flow wp-block-group-is-layout-flow\">\n<p class=\"is-style-highlighted\">Das Klassifizierungsverfahren finden Sie hier :<\/p>\n\n\n\n<div class=\"wp-block-ws-library-ws-documents\">\n<div class=\"wp-block-ws-library-ws-document\"><a href=\"https:\/\/www.hautes-alpes.net\/wp-content\/uploads\/2025\/11\/procedure-classement-avec-mentions-1.pdf\" target=\"_blank\" rel=\"noopener noreferrer\" class=\"link-document\">Klassifizierungsverfahren<\/a><\/div>\n<\/div>\n<\/div>\n\n<h3 class=\"wp-block-heading\"><strong><em>Vorbereitung meiner Unterkunft vor dem Besuch der Klassifizierung<\/em><\/strong><\/h3>\n\n<div class=\"wp-block-group tab-group-content is-layout-flow wp-block-group-is-layout-flow\">\n<p class=\"is-style-highlighted\">Alle Tipps zur Vorbereitung Ihrer Unterkunft auf die Inspektion finden Sie hier :<\/p>\n\n\n\n<div class=\"wp-block-ws-library-ws-documents\">\n<div class=\"wp-block-ws-library-ws-document\"><a href=\"https:\/\/www.hautes-alpes.net\/wp-content\/uploads\/2025\/11\/preparermonlogement.pdf\" target=\"_blank\" rel=\"noopener noreferrer\" class=\"link-document\">Meine Unterkunft vorbereiten<\/a><\/div>\n<\/div>\n<\/div>\n\n<h3 class=\"wp-block-heading\"><strong><em>Bestellung\/Buchung eines Besuchs oder einer Verl\u00e4ngerung<\/em><\/strong><\/h3>\n\n<div class=\"wp-block-group tab-group-content is-layout-flow wp-block-group-is-layout-flow\">\n<p class=\"is-style-highlighted\">Um einen Inspektionsbesuch zu bestellen, f\u00fcllen Sie bitte das folgende Formular aus:<\/p>\n\n\n\n<div class=\"wp-block-ws-library-ws-documents\">\n<div class=\"wp-block-ws-library-ws-document\"><a href=\"https:\/\/www.hautes-alpes.net\/wp-content\/uploads\/2026\/01\/telechargerledossier-2024.pdf\" target=\"_blank\" rel=\"noopener noreferrer\" class=\"link-document\">Herunterladen der Akte<\/a><\/div>\n<\/div>\n<\/div>\n\n<div style=\"height:50px\" aria-hidden=\"true\" class=\"wp-block-spacer\"><\/div>\n<div class=\"wp-block-ws-library-ws-last-document\"><div class=\"card card-document ws-last-document\"><div class=\"group-media\"><img loading=\"lazy\" decoding=\"async\" width=\"480\" height=\"681\" src=\"https:\/\/www.hautes-alpes.net\/wp-content\/uploads\/2025\/12\/capture-decran-2025-12-17-165255-480x681.png\" class=\"custom-preview size-480x700\" alt=\"\" srcset=\"https:\/\/www.hautes-alpes.net\/wp-content\/uploads\/2025\/12\/capture-decran-2025-12-17-165255-480x681.png 480w, https:\/\/www.hautes-alpes.net\/wp-content\/uploads\/2025\/12\/capture-decran-2025-12-17-165255-211x300.png 211w, https:\/\/www.hautes-alpes.net\/wp-content\/uploads\/2025\/12\/capture-decran-2025-12-17-165255-722x1024.png 722w, https:\/\/www.hautes-alpes.net\/wp-content\/uploads\/2025\/12\/capture-decran-2025-12-17-165255-768x1089.png 768w, https:\/\/www.hautes-alpes.net\/wp-content\/uploads\/2025\/12\/capture-decran-2025-12-17-165255-451x640.png 451w, https:\/\/www.hautes-alpes.net\/wp-content\/uploads\/2025\/12\/capture-decran-2025-12-17-165255-437x620.png 437w, https:\/\/www.hautes-alpes.net\/wp-content\/uploads\/2025\/12\/capture-decran-2025-12-17-165255.png 786w\" sizes=\"auto, (max-width: 480px) 100vw, 480px\" \/><\/div><div class=\"group-content\"><div class=\"field-title\"><h3>Brosch\u00fcre Klassifizierung von M\u00f6beln<\/h3><\/div><div class=\"group-details\"><div class=\"field-preview\"><div class=\"wp-block-button is-style-view\"><a href=\"https:\/\/www.hautes-alpes.net\/wp-content\/uploads\/2025\/11\/plaquette-meubles-2025-web.pdf\" target=\"_blank\" rel=\"noopener noreferrer\" class=\"wp-block-button__link wp-element-button\">Konsultieren Sie<\/a><\/div><\/div><div class=\"field-download\"><div class=\"wp-block-button is-style-download\"><a href=\"https:\/\/www.hautes-alpes.net\/wp-content\/uploads\/2025\/11\/plaquette-meubles-2025-web.pdf\" download target=\"_blank\" rel=\"noopener noreferrer\" class=\"wp-block-button__link wp-element-button\">Herunterladen<\/a><\/div><\/div><\/div><\/div><\/div><\/div>\n<div class=\"wp-block-buttons is-content-justification-center is-layout-flex wp-container-core-buttons-is-layout-a89b3969 wp-block-buttons-is-layout-flex\">\n<div class=\"wp-block-button\"><a class=\"wp-block-button__link wp-element-button\" href=\"https:\/\/www.hautes-alpes.net\/de\/die-entwicklungsagentur\/klassifizierung-von-ferienunterkuenften\/klassifizierung-von-ferienunterkunften\/\">Liste der klassifizierten M\u00f6bel<\/a><\/div>\n<\/div>\n\n<div style=\"height:50px\" aria-hidden=\"true\" class=\"wp-block-spacer\"><\/div>\n\n<div class=\"wp-block-group has-global-padding is-layout-constrained wp-block-group-is-layout-constrained\">\n<h2 class=\"wp-block-heading\">Ihr <strong>bevorzugter<\/strong> Kontakt<\/h2>\n\n\n\n<div class=\"wp-block-group has-global-padding is-layout-constrained wp-block-group-is-layout-constrained\">\n<p>Emilie Michelet, zust\u00e4ndig f\u00fcr die Klassifizierung von M\u00f6blierungen<\/p>\n<\/div>\n\n\n\n<div class=\"wp-block-group has-global-padding is-layout-constrained wp-block-group-is-layout-constrained\">\n<p><a href=\"tel:+33492532200\">04 92 53 22 00<\/a><\/p>\n\n\n\n<p id=\"block-cb11c78e-8230-4a7d-b647-3eb9e736b221\"><a href=\"tel:+33621258599\">06 21 25 85 99<\/a><\/p>\n\n\n\n<p><a href=\"mailto:emilie.michelet@hautes-alpes.net\">emilie.michelet@hautes-alpes.net<\/a><\/p>\n<\/div>\n\n\n\n<div class=\"wp-block-ws-library-ws-share\"><span class=\"share-subtitle\">Hat Ihnen diese Seite gefallen?<\/span><span class=\"share-title\">Teilen Sie es mit anderen!<\/span><button class=\"ws-share-button wp-element-button\">Diese Seite teilen<\/button><\/div>\n<\/div>\n","protected":false},"excerpt":{"rendered":"<p>Klassifizierung ist gewonnen! Die Agence de D\u00e9veloppement des Hautes-Alpes ist befugt, die Klassifizierung von M\u00f6beln f\u00fcr den Tourismus durchzuf\u00fchren. Dieses [&hellip;]<\/p>\n","protected":false},"author":5,"featured_media":0,"parent":108184,"menu_order":0,"comment_status":"closed","ping_status":"closed","template":"","meta":{"is_dark_mode":false,"footnotes":""},"page_label":[],"class_list":["post-109042","page","type-page","status-publish","hentry"],"yoast_head":"<!-- This site is optimized with the Yoast SEO plugin v27.2 - https:\/\/yoast.com\/product\/yoast-seo-wordpress\/ -->\n<title>Klassifizierung von Ferienunterk\u00fcnften - Hautes-Alpes<\/title>\n<meta name=\"description\" content=\"Klassifizierung von Ferienunterk\u00fcnften Klassifizierung ist gewonnen! Die Agence de D\u00e9veloppement des Hautes-Alpes ist befugt, die Klassifizierung von\" \/>\n<meta name=\"robots\" content=\"index, follow, max-snippet:-1, max-image-preview:large, max-video-preview:-1\" \/>\n<link rel=\"canonical\" href=\"https:\/\/www.hautes-alpes.net\/de\/die-entwicklungsagentur\/klassifizierung-von-ferienunterkuenften\/\" \/>\n<meta property=\"og:locale\" content=\"de_DE\" \/>\n<meta property=\"og:type\" content=\"article\" \/>\n<meta property=\"og:title\" content=\"Klassifizierung von Ferienunterk\u00fcnften - Hautes-Alpes\" \/>\n<meta property=\"og:description\" content=\"Klassifizierung von Ferienunterk\u00fcnften Klassifizierung ist gewonnen! Die Agence de D\u00e9veloppement des Hautes-Alpes ist befugt, die Klassifizierung von\" \/>\n<meta property=\"og:url\" content=\"https:\/\/www.hautes-alpes.net\/de\/die-entwicklungsagentur\/klassifizierung-von-ferienunterkuenften\/\" \/>\n<meta property=\"og:site_name\" content=\"Hautes-Alpes\" \/>\n<meta property=\"article:modified_time\" content=\"2026-04-02T09:28:40+00:00\" \/>\n<meta property=\"og:image\" content=\"https:\/\/www.hautes-alpes.net\/wp-content\/uploads\/2025\/12\/chalet-l-e-toile-alpesphotographiescom-8-1600x1000.jpg\" \/>\n<meta name=\"twitter:card\" content=\"summary_large_image\" \/>\n<meta name=\"twitter:label1\" content=\"Gesch\u00e4tzte Lesezeit\" \/>\n\t<meta name=\"twitter:data1\" content=\"2 Minuten\" \/>\n<script type=\"application\/ld+json\" class=\"yoast-schema-graph\">{\"@context\":\"https:\/\/schema.org\",\"@graph\":[{\"@type\":\"WebPage\",\"@id\":\"https:\/\/www.hautes-alpes.net\/de\/die-entwicklungsagentur\/klassifizierung-von-ferienunterkuenften\/\",\"url\":\"https:\/\/www.hautes-alpes.net\/de\/die-entwicklungsagentur\/klassifizierung-von-ferienunterkuenften\/\",\"name\":\"Klassifizierung von Ferienunterk\u00fcnften - Hautes-Alpes\",\"isPartOf\":{\"@id\":\"https:\/\/www.hautes-alpes.net\/de\/#website\"},\"primaryImageOfPage\":{\"@id\":\"https:\/\/www.hautes-alpes.net\/de\/die-entwicklungsagentur\/klassifizierung-von-ferienunterkuenften\/#primaryimage\"},\"image\":{\"@id\":\"https:\/\/www.hautes-alpes.net\/de\/die-entwicklungsagentur\/klassifizierung-von-ferienunterkuenften\/#primaryimage\"},\"thumbnailUrl\":\"https:\/\/www.hautes-alpes.net\/wp-content\/uploads\/2025\/12\/chalet-l-e-toile-alpesphotographiescom-8-1600x1000.jpg\",\"datePublished\":\"2025-11-24T15:28:00+00:00\",\"dateModified\":\"2026-04-02T09:28:40+00:00\",\"description\":\"Klassifizierung von Ferienunterk\u00fcnften Klassifizierung ist gewonnen! Die Agence de D\u00e9veloppement des Hautes-Alpes ist befugt, die Klassifizierung von\",\"breadcrumb\":{\"@id\":\"https:\/\/www.hautes-alpes.net\/de\/die-entwicklungsagentur\/klassifizierung-von-ferienunterkuenften\/#breadcrumb\"},\"inLanguage\":\"de\",\"potentialAction\":[{\"@type\":\"ReadAction\",\"target\":[\"https:\/\/www.hautes-alpes.net\/de\/die-entwicklungsagentur\/klassifizierung-von-ferienunterkuenften\/\"]}]},{\"@type\":\"ImageObject\",\"inLanguage\":\"de\",\"@id\":\"https:\/\/www.hautes-alpes.net\/de\/die-entwicklungsagentur\/klassifizierung-von-ferienunterkuenften\/#primaryimage\",\"url\":\"https:\/\/www.hautes-alpes.net\/wp-content\/uploads\/2025\/12\/chalet-l-e-toile-alpesphotographiescom-8-1600x1000.jpg\",\"contentUrl\":\"https:\/\/www.hautes-alpes.net\/wp-content\/uploads\/2025\/12\/chalet-l-e-toile-alpesphotographiescom-8-1600x1000.jpg\"},{\"@type\":\"BreadcrumbList\",\"@id\":\"https:\/\/www.hautes-alpes.net\/de\/die-entwicklungsagentur\/klassifizierung-von-ferienunterkuenften\/#breadcrumb\",\"itemListElement\":[{\"@type\":\"ListItem\",\"position\":1,\"name\":\"Home\",\"item\":\"https:\/\/www.hautes-alpes.net\/de\/hautes-alpes\/\"},{\"@type\":\"ListItem\",\"position\":2,\"name\":\"Die Entwicklungsagentur\",\"item\":\"https:\/\/www.hautes-alpes.net\/de\/die-entwicklungsagentur\/\"},{\"@type\":\"ListItem\",\"position\":3,\"name\":\"Die Entwicklungsagentur\",\"item\":\"https:\/\/www.hautes-alpes.net\/de\/die-entwicklungsagentur\/\"},{\"@type\":\"ListItem\",\"position\":4,\"name\":\"Klassifizierung von Ferienunterk\u00fcnften\"}]},{\"@type\":\"WebSite\",\"@id\":\"https:\/\/www.hautes-alpes.net\/de\/#website\",\"url\":\"https:\/\/www.hautes-alpes.net\/de\/\",\"name\":\"ADDET\",\"description\":\"\",\"publisher\":{\"@id\":\"https:\/\/www.hautes-alpes.net\/de\/#organization\"},\"potentialAction\":[{\"@type\":\"SearchAction\",\"target\":{\"@type\":\"EntryPoint\",\"urlTemplate\":\"https:\/\/www.hautes-alpes.net\/de\/?s={search_term_string}\"},\"query-input\":{\"@type\":\"PropertyValueSpecification\",\"valueRequired\":true,\"valueName\":\"search_term_string\"}}],\"inLanguage\":\"de\"},{\"@type\":\"Organization\",\"@id\":\"https:\/\/www.hautes-alpes.net\/de\/#organization\",\"name\":\"Agence D\u00e9partementale de D\u00e9veloppement Economique et Touristique des Hautes-Alpes\",\"url\":\"https:\/\/www.hautes-alpes.net\/de\/\",\"logo\":{\"@type\":\"ImageObject\",\"inLanguage\":\"de\",\"@id\":\"https:\/\/www.hautes-alpes.net\/de\/#\/schema\/logo\/image\/\",\"url\":\"https:\/\/www.hautes-alpes.net\/wp-content\/uploads\/2026\/01\/black-logo-2.svg\",\"contentUrl\":\"https:\/\/www.hautes-alpes.net\/wp-content\/uploads\/2026\/01\/black-logo-2.svg\",\"caption\":\"Agence D\u00e9partementale de D\u00e9veloppement Economique et Touristique des Hautes-Alpes\"},\"image\":{\"@id\":\"https:\/\/www.hautes-alpes.net\/de\/#\/schema\/logo\/image\/\"}}]}<\/script>\n<!-- \/ Yoast SEO plugin. -->","yoast_head_json":{"title":"Klassifizierung von Ferienunterk\u00fcnften - Hautes-Alpes","description":"Klassifizierung von Ferienunterk\u00fcnften Klassifizierung ist gewonnen! Die Agence de D\u00e9veloppement des Hautes-Alpes ist befugt, die Klassifizierung von","robots":{"index":"index","follow":"follow","max-snippet":"max-snippet:-1","max-image-preview":"max-image-preview:large","max-video-preview":"max-video-preview:-1"},"canonical":"https:\/\/www.hautes-alpes.net\/de\/die-entwicklungsagentur\/klassifizierung-von-ferienunterkuenften\/","og_locale":"de_DE","og_type":"article","og_title":"Klassifizierung von Ferienunterk\u00fcnften - Hautes-Alpes","og_description":"Klassifizierung von Ferienunterk\u00fcnften Klassifizierung ist gewonnen! Die Agence de D\u00e9veloppement des Hautes-Alpes ist befugt, die Klassifizierung von","og_url":"https:\/\/www.hautes-alpes.net\/de\/die-entwicklungsagentur\/klassifizierung-von-ferienunterkuenften\/","og_site_name":"Hautes-Alpes","article_modified_time":"2026-04-02T09:28:40+00:00","og_image":[{"url":"https:\/\/www.hautes-alpes.net\/wp-content\/uploads\/2025\/12\/chalet-l-e-toile-alpesphotographiescom-8-1600x1000.jpg","type":"","width":"","height":""}],"twitter_card":"summary_large_image","twitter_misc":{"Gesch\u00e4tzte Lesezeit":"2 Minuten"},"schema":{"@context":"https:\/\/schema.org","@graph":[{"@type":"WebPage","@id":"https:\/\/www.hautes-alpes.net\/de\/die-entwicklungsagentur\/klassifizierung-von-ferienunterkuenften\/","url":"https:\/\/www.hautes-alpes.net\/de\/die-entwicklungsagentur\/klassifizierung-von-ferienunterkuenften\/","name":"Klassifizierung von Ferienunterk\u00fcnften - Hautes-Alpes","isPartOf":{"@id":"https:\/\/www.hautes-alpes.net\/de\/#website"},"primaryImageOfPage":{"@id":"https:\/\/www.hautes-alpes.net\/de\/die-entwicklungsagentur\/klassifizierung-von-ferienunterkuenften\/#primaryimage"},"image":{"@id":"https:\/\/www.hautes-alpes.net\/de\/die-entwicklungsagentur\/klassifizierung-von-ferienunterkuenften\/#primaryimage"},"thumbnailUrl":"https:\/\/www.hautes-alpes.net\/wp-content\/uploads\/2025\/12\/chalet-l-e-toile-alpesphotographiescom-8-1600x1000.jpg","datePublished":"2025-11-24T15:28:00+00:00","dateModified":"2026-04-02T09:28:40+00:00","description":"Klassifizierung von Ferienunterk\u00fcnften Klassifizierung ist gewonnen! Die Agence de D\u00e9veloppement des Hautes-Alpes ist befugt, die Klassifizierung von","breadcrumb":{"@id":"https:\/\/www.hautes-alpes.net\/de\/die-entwicklungsagentur\/klassifizierung-von-ferienunterkuenften\/#breadcrumb"},"inLanguage":"de","potentialAction":[{"@type":"ReadAction","target":["https:\/\/www.hautes-alpes.net\/de\/die-entwicklungsagentur\/klassifizierung-von-ferienunterkuenften\/"]}]},{"@type":"ImageObject","inLanguage":"de","@id":"https:\/\/www.hautes-alpes.net\/de\/die-entwicklungsagentur\/klassifizierung-von-ferienunterkuenften\/#primaryimage","url":"https:\/\/www.hautes-alpes.net\/wp-content\/uploads\/2025\/12\/chalet-l-e-toile-alpesphotographiescom-8-1600x1000.jpg","contentUrl":"https:\/\/www.hautes-alpes.net\/wp-content\/uploads\/2025\/12\/chalet-l-e-toile-alpesphotographiescom-8-1600x1000.jpg"},{"@type":"BreadcrumbList","@id":"https:\/\/www.hautes-alpes.net\/de\/die-entwicklungsagentur\/klassifizierung-von-ferienunterkuenften\/#breadcrumb","itemListElement":[{"@type":"ListItem","position":1,"name":"Home","item":"https:\/\/www.hautes-alpes.net\/de\/hautes-alpes\/"},{"@type":"ListItem","position":2,"name":"Die Entwicklungsagentur","item":"https:\/\/www.hautes-alpes.net\/de\/die-entwicklungsagentur\/"},{"@type":"ListItem","position":3,"name":"Die Entwicklungsagentur","item":"https:\/\/www.hautes-alpes.net\/de\/die-entwicklungsagentur\/"},{"@type":"ListItem","position":4,"name":"Klassifizierung von Ferienunterk\u00fcnften"}]},{"@type":"WebSite","@id":"https:\/\/www.hautes-alpes.net\/de\/#website","url":"https:\/\/www.hautes-alpes.net\/de\/","name":"ADDET","description":"","publisher":{"@id":"https:\/\/www.hautes-alpes.net\/de\/#organization"},"potentialAction":[{"@type":"SearchAction","target":{"@type":"EntryPoint","urlTemplate":"https:\/\/www.hautes-alpes.net\/de\/?s={search_term_string}"},"query-input":{"@type":"PropertyValueSpecification","valueRequired":true,"valueName":"search_term_string"}}],"inLanguage":"de"},{"@type":"Organization","@id":"https:\/\/www.hautes-alpes.net\/de\/#organization","name":"Agence D\u00e9partementale de D\u00e9veloppement Economique et Touristique des Hautes-Alpes","url":"https:\/\/www.hautes-alpes.net\/de\/","logo":{"@type":"ImageObject","inLanguage":"de","@id":"https:\/\/www.hautes-alpes.net\/de\/#\/schema\/logo\/image\/","url":"https:\/\/www.hautes-alpes.net\/wp-content\/uploads\/2026\/01\/black-logo-2.svg","contentUrl":"https:\/\/www.hautes-alpes.net\/wp-content\/uploads\/2026\/01\/black-logo-2.svg","caption":"Agence D\u00e9partementale de D\u00e9veloppement Economique et Touristique des Hautes-Alpes"},"image":{"@id":"https:\/\/www.hautes-alpes.net\/de\/#\/schema\/logo\/image\/"}}]}},"_links":{"self":[{"href":"https:\/\/www.hautes-alpes.net\/de\/wp-json\/wp\/v2\/pages\/109042","targetHints":{"allow":["GET"]}}],"collection":[{"href":"https:\/\/www.hautes-alpes.net\/de\/wp-json\/wp\/v2\/pages"}],"about":[{"href":"https:\/\/www.hautes-alpes.net\/de\/wp-json\/wp\/v2\/types\/page"}],"author":[{"embeddable":true,"href":"https:\/\/www.hautes-alpes.net\/de\/wp-json\/wp\/v2\/users\/5"}],"replies":[{"embeddable":true,"href":"https:\/\/www.hautes-alpes.net\/de\/wp-json\/wp\/v2\/comments?post=109042"}],"version-history":[{"count":10,"href":"https:\/\/www.hautes-alpes.net\/de\/wp-json\/wp\/v2\/pages\/109042\/revisions"}],"predecessor-version":[{"id":448634,"href":"https:\/\/www.hautes-alpes.net\/de\/wp-json\/wp\/v2\/pages\/109042\/revisions\/448634"}],"up":[{"embeddable":true,"href":"https:\/\/www.hautes-alpes.net\/de\/wp-json\/wp\/v2\/pages\/108184"}],"wp:attachment":[{"href":"https:\/\/www.hautes-alpes.net\/de\/wp-json\/wp\/v2\/media?parent=109042"}],"wp:term":[{"taxonomy":"page_label","embeddable":true,"href":"https:\/\/www.hautes-alpes.net\/de\/wp-json\/wp\/v2\/page_label?post=109042"}],"curies":[{"name":"wp","href":"https:\/\/api.w.org\/{rel}","templated":true}]}}