{"id":109019,"date":"2025-11-25T17:57:42","date_gmt":"2025-11-25T16:57:42","guid":{"rendered":"https:\/\/www.hautes-alpes.net\/favoriten\/honig-schnee-und-rocknroll\/"},"modified":"2025-12-22T16:02:29","modified_gmt":"2025-12-22T15:02:29","slug":"honig-schnee-und-rocknroll","status":"publish","type":"page","link":"https:\/\/www.hautes-alpes.net\/de\/favoriten\/honig-schnee-und-rocknroll\/","title":{"rendered":"Honig, Schnee und Rock&#8217;n&#8217;Roll"},"content":{"rendered":"\n<div class=\"wp-block-group alignfull hero-banner-simple has-global-padding is-layout-constrained wp-block-group-is-layout-constrained\"><div class=\"yoast-breadcrumbs\"><span><span><a href=\"https:\/\/www.hautes-alpes.net\/de\/hautes-alpes\/\">Accueil<\/a><\/span>  <span><a href=\"https:\/\/www.hautes-alpes.net\/de\/favoriten\/\">Favoriten<\/a><\/span>  <span><a href=\"https:\/\/www.hautes-alpes.net\/de\/favoriten\/\">Favoriten<\/a><\/span>  <span class=\"breadcrumb_last\" aria-current=\"page\">Honig, Schnee und Rock&#8217;n&#8217;Roll<\/span><\/span><\/div>\n\n\n<h1 class=\"wp-block-ws-library-post-title\">Honig, Schnee und Rock&#8217;n&#8217;Roll<\/h1>\n\n\n\n<p class=\"subtitle\">Zuckerh\u00fctten, die die Alpen zum Schmelzen bringen<\/p>\n\n\n\n<p>Zwischen zwei Kurven und einem Gl\u00fchwein ist in Serre Chevalier und Montgen\u00e8vre ein neues Ritual angesagt: die Zuckerpause!<\/p>\n<\/div>\n\n<p><\/p>\n\n<div class=\"wp-block-ws-library-ws-slider alignfull\"><div class=\"splide\" data-splide=\"{&quot;type&quot;:&quot;loop&quot;,&quot;start&quot;:0,&quot;autoWidth&quot;:1,&quot;drag&quot;:&quot;free&quot;,&quot;snap&quot;:true,&quot;pagination&quot;:false,&quot;gap&quot;:&quot;45px&quot;,&quot;trimSpace&quot;:&quot;move&quot;,&quot;arrows&quot;:false,&quot;breakpoints&quot;:{&quot;1200&quot;:{&quot;gap&quot;:&quot;15px&quot;}},&quot;classes&quot;:{}}\"><div class=\"splide__track\"><div class=\"splide__list\"><div class=\"splide__slide\"><a href=\"https:\/\/www.hautes-alpes.net\/wp-content\/uploads\/2025\/11\/cabane-a-sucre-4.jpg\" data-glightbox=\"true\" class=\"lightbox-trigger\"><img decoding=\"async\" src=\"https:\/\/www.hautes-alpes.net\/wp-content\/uploads\/2025\/11\/cabane-a-sucre-4-930x620.jpg\" alt=\"\"\/><\/a><\/div><div class=\"splide__slide\"><a href=\"https:\/\/www.hautes-alpes.net\/wp-content\/uploads\/2025\/11\/cabane-a-sucre-11.jpg\" data-glightbox=\"true\" class=\"lightbox-trigger\"><img decoding=\"async\" src=\"https:\/\/www.hautes-alpes.net\/wp-content\/uploads\/2025\/11\/cabane-a-sucre-11-413x620.jpg\" alt=\"\"\/><\/a><\/div><div class=\"splide__slide\"><a href=\"https:\/\/www.hautes-alpes.net\/wp-content\/uploads\/2025\/11\/serre-chevalier-cabane-a-sucre-2-credit-alpes-photographie.jpg\" data-glightbox=\"true\" class=\"lightbox-trigger\"><img decoding=\"async\" src=\"https:\/\/www.hautes-alpes.net\/wp-content\/uploads\/2025\/11\/serre-chevalier-cabane-a-sucre-2-credit-alpes-photographie-929x620.jpg\" alt=\"\"\/><\/a><\/div><div class=\"splide__slide\"><a href=\"https:\/\/www.hautes-alpes.net\/wp-content\/uploads\/2025\/11\/cabane-a-sucre-6.jpg\" data-glightbox=\"true\" class=\"lightbox-trigger\"><img decoding=\"async\" src=\"https:\/\/www.hautes-alpes.net\/wp-content\/uploads\/2025\/11\/cabane-a-sucre-6-413x620.jpg\" alt=\"\"\/><\/a><\/div><div class=\"splide__slide\"><a href=\"https:\/\/www.hautes-alpes.net\/wp-content\/uploads\/2025\/11\/cabane-a-sucre-12.jpg\" data-glightbox=\"true\" class=\"lightbox-trigger\"><img decoding=\"async\" src=\"https:\/\/www.hautes-alpes.net\/wp-content\/uploads\/2025\/11\/cabane-a-sucre-12-930x620.jpg\" alt=\"\"\/><\/a><\/div><\/div><\/div><\/div><\/div>\n\n<p>Wir reden hier nicht von der T\u00fcte aus der Kantine, sondern von der echten, rohen, handwerklichen. <strong>Drei H\u00fctten, drei Stimmungen: Myrtille, Fr\u00e9jus, Monty<\/strong>. Drei Orte, an denen man den faden Energieriegel gegen einen hausgemachten Honiglolli tauscht. Das Konzept? Erhitzen, eintauchen, abschlecken. Einfach, instinktiv und s\u00fcchtig machend.    <\/p>\n\n<p>In <strong>Serre Chevalier<\/strong> bietet die Heidelbeerh\u00fctte sportliche Aktivit\u00e4ten: <strong>Workshops zur Herstellung von<\/strong> Heidelbeeren <strong>, kleine Spiele im Schnee<\/strong> und <strong>Axtwerfen<\/strong> f\u00fcr die Feinschmecker unter den Holzf\u00e4llern. Etwas weiter oben im Gebiet w\u00e4rmt die Cabane Fr\u00e9jus die K\u00f6rper mit hochalpiner Sonne und PCR, dem ber\u00fchmten Apfel, Zimt, Rum&#8230;. <\/p>\n\n<p>In <strong>Montgen\u00e8vre<\/strong> herrscht in der Cabane Monty Trappergeist mit Holzst\u00e4mmen <strong>, gegrillten Marshmallows, lokalen Digestifs und guter Laune auf der Schulter<\/strong>. Die Philosophie zwischen den beiden Orten ist die gleiche: abschalten, lachen und sich ohne Komplexe den Schnabel vers\u00fc\u00dfen. Die Berge schmecken wieder wie in der Kindheit, nach warmem Zucker und kalten Wangen.  <\/p>\n\n<div class=\"wp-block-ws-library-ws-image is-style-simple\"><div class=\"wrapper\"><div class=\"group-media\"><img decoding=\"async\" src=\"https:\/\/www.hautes-alpes.net\/wp-content\/uploads\/2025\/11\/cabane-a-sucre-5-1240x800.jpg\" alt=\"\" class=\"single_image ws-image-80723\"><div class=\"credits\">Alpen Fotografien<\/div><\/div><p class=\"caption\"><\/p><\/div><\/div>\n\n<div class=\"wp-block-ws-library-ws-share\"><span class=\"share-subtitle\">Hat Ihnen diese Seite gefallen?<\/span><span class=\"share-title\">Teilen Sie es mit anderen!<\/span><button class=\"ws-share-button wp-element-button\">Diese Seite teilen<\/button><\/div>\n\n<div class=\"wp-block-ws-library-ws-image\"\/>\n","protected":false},"excerpt":{"rendered":"<p>Zuckerh\u00fctten, die die Alpen zum Schmelzen bringen Zwischen zwei Kurven und einem Gl\u00fchwein ist in Serre Chevalier und Montgen\u00e8vre ein [&hellip;]<\/p>\n","protected":false},"author":6,"featured_media":0,"parent":107980,"menu_order":0,"comment_status":"closed","ping_status":"closed","template":"","meta":{"is_dark_mode":false,"footnotes":""},"page_label":[],"class_list":["post-109019","page","type-page","status-publish","hentry"],"yoast_head":"<!-- This site is optimized with the Yoast SEO plugin v27.2 - https:\/\/yoast.com\/product\/yoast-seo-wordpress\/ -->\n<title>Honig, Schnee und Rock&#039;n&#039;Roll - Hautes-Alpes<\/title>\n<meta name=\"description\" content=\"Honig, Schnee und Rock&#039;n&#039;Roll Zuckerh\u00fctten, die die Alpen zum Schmelzen bringen Zwischen zwei Kurven und einem Gl\u00fchwein ist in Serre Chevalier und\" \/>\n<meta name=\"robots\" content=\"index, follow, max-snippet:-1, max-image-preview:large, max-video-preview:-1\" \/>\n<link rel=\"canonical\" href=\"https:\/\/www.hautes-alpes.net\/de\/favoriten\/honig-schnee-und-rocknroll\/\" \/>\n<meta property=\"og:locale\" content=\"de_DE\" \/>\n<meta property=\"og:type\" content=\"article\" \/>\n<meta property=\"og:title\" content=\"Honig, Schnee und Rock&#039;n&#039;Roll - Hautes-Alpes\" \/>\n<meta property=\"og:description\" content=\"Honig, Schnee und Rock&#039;n&#039;Roll Zuckerh\u00fctten, die die Alpen zum Schmelzen bringen Zwischen zwei Kurven und einem Gl\u00fchwein ist in Serre Chevalier und\" \/>\n<meta property=\"og:url\" content=\"https:\/\/www.hautes-alpes.net\/de\/favoriten\/honig-schnee-und-rocknroll\/\" \/>\n<meta property=\"og:site_name\" content=\"Hautes-Alpes\" \/>\n<meta property=\"article:modified_time\" content=\"2025-12-22T15:02:29+00:00\" \/>\n<meta property=\"og:image\" content=\"https:\/\/www.hautes-alpes.net\/wp-content\/uploads\/2025\/11\/cabane-a-sucre-4-930x620.jpg\" \/>\n<meta name=\"twitter:card\" content=\"summary_large_image\" \/>\n<meta name=\"twitter:label1\" content=\"Gesch\u00e4tzte Lesezeit\" \/>\n\t<meta name=\"twitter:data1\" content=\"1\u00a0Minute\" \/>\n<script type=\"application\/ld+json\" class=\"yoast-schema-graph\">{\"@context\":\"https:\/\/schema.org\",\"@graph\":[{\"@type\":\"WebPage\",\"@id\":\"https:\/\/www.hautes-alpes.net\/de\/favoriten\/honig-schnee-und-rocknroll\/\",\"url\":\"https:\/\/www.hautes-alpes.net\/de\/favoriten\/honig-schnee-und-rocknroll\/\",\"name\":\"Honig, Schnee und Rock'n'Roll - Hautes-Alpes\",\"isPartOf\":{\"@id\":\"https:\/\/www.hautes-alpes.net\/de\/#website\"},\"primaryImageOfPage\":{\"@id\":\"https:\/\/www.hautes-alpes.net\/de\/favoriten\/honig-schnee-und-rocknroll\/#primaryimage\"},\"image\":{\"@id\":\"https:\/\/www.hautes-alpes.net\/de\/favoriten\/honig-schnee-und-rocknroll\/#primaryimage\"},\"thumbnailUrl\":\"https:\/\/www.hautes-alpes.net\/wp-content\/uploads\/2025\/11\/cabane-a-sucre-4-930x620.jpg\",\"datePublished\":\"2025-11-25T16:57:42+00:00\",\"dateModified\":\"2025-12-22T15:02:29+00:00\",\"description\":\"Honig, Schnee und Rock'n'Roll Zuckerh\u00fctten, die die Alpen zum Schmelzen bringen Zwischen zwei Kurven und einem Gl\u00fchwein ist in Serre Chevalier und\",\"breadcrumb\":{\"@id\":\"https:\/\/www.hautes-alpes.net\/de\/favoriten\/honig-schnee-und-rocknroll\/#breadcrumb\"},\"inLanguage\":\"de\",\"potentialAction\":[{\"@type\":\"ReadAction\",\"target\":[\"https:\/\/www.hautes-alpes.net\/de\/favoriten\/honig-schnee-und-rocknroll\/\"]}]},{\"@type\":\"ImageObject\",\"inLanguage\":\"de\",\"@id\":\"https:\/\/www.hautes-alpes.net\/de\/favoriten\/honig-schnee-und-rocknroll\/#primaryimage\",\"url\":\"https:\/\/www.hautes-alpes.net\/wp-content\/uploads\/2025\/11\/cabane-a-sucre-4-930x620.jpg\",\"contentUrl\":\"https:\/\/www.hautes-alpes.net\/wp-content\/uploads\/2025\/11\/cabane-a-sucre-4-930x620.jpg\"},{\"@type\":\"BreadcrumbList\",\"@id\":\"https:\/\/www.hautes-alpes.net\/de\/favoriten\/honig-schnee-und-rocknroll\/#breadcrumb\",\"itemListElement\":[{\"@type\":\"ListItem\",\"position\":1,\"name\":\"Accueil\",\"item\":\"https:\/\/www.hautes-alpes.net\/de\/hautes-alpes\/\"},{\"@type\":\"ListItem\",\"position\":2,\"name\":\"Favoriten\",\"item\":\"https:\/\/www.hautes-alpes.net\/de\/favoriten\/\"},{\"@type\":\"ListItem\",\"position\":3,\"name\":\"Favoriten\",\"item\":\"https:\/\/www.hautes-alpes.net\/de\/favoriten\/\"},{\"@type\":\"ListItem\",\"position\":4,\"name\":\"Honig, Schnee und Rock&#8217;n&#8217;Roll\"}]},{\"@type\":\"WebSite\",\"@id\":\"https:\/\/www.hautes-alpes.net\/de\/#website\",\"url\":\"https:\/\/www.hautes-alpes.net\/de\/\",\"name\":\"ADDET\",\"description\":\"\",\"publisher\":{\"@id\":\"https:\/\/www.hautes-alpes.net\/de\/#organization\"},\"potentialAction\":[{\"@type\":\"SearchAction\",\"target\":{\"@type\":\"EntryPoint\",\"urlTemplate\":\"https:\/\/www.hautes-alpes.net\/de\/?s={search_term_string}\"},\"query-input\":{\"@type\":\"PropertyValueSpecification\",\"valueRequired\":true,\"valueName\":\"search_term_string\"}}],\"inLanguage\":\"de\"},{\"@type\":\"Organization\",\"@id\":\"https:\/\/www.hautes-alpes.net\/de\/#organization\",\"name\":\"Agence D\u00e9partementale de D\u00e9veloppement Economique et Touristique des Hautes-Alpes\",\"url\":\"https:\/\/www.hautes-alpes.net\/de\/\",\"logo\":{\"@type\":\"ImageObject\",\"inLanguage\":\"de\",\"@id\":\"https:\/\/www.hautes-alpes.net\/de\/#\/schema\/logo\/image\/\",\"url\":\"https:\/\/www.hautes-alpes.net\/wp-content\/uploads\/2026\/01\/black-logo-2.svg\",\"contentUrl\":\"https:\/\/www.hautes-alpes.net\/wp-content\/uploads\/2026\/01\/black-logo-2.svg\",\"caption\":\"Agence D\u00e9partementale de D\u00e9veloppement Economique et Touristique des Hautes-Alpes\"},\"image\":{\"@id\":\"https:\/\/www.hautes-alpes.net\/de\/#\/schema\/logo\/image\/\"}}]}<\/script>\n<!-- \/ Yoast SEO plugin. -->","yoast_head_json":{"title":"Honig, Schnee und Rock'n'Roll - Hautes-Alpes","description":"Honig, Schnee und Rock'n'Roll Zuckerh\u00fctten, die die Alpen zum Schmelzen bringen Zwischen zwei Kurven und einem Gl\u00fchwein ist in Serre Chevalier und","robots":{"index":"index","follow":"follow","max-snippet":"max-snippet:-1","max-image-preview":"max-image-preview:large","max-video-preview":"max-video-preview:-1"},"canonical":"https:\/\/www.hautes-alpes.net\/de\/favoriten\/honig-schnee-und-rocknroll\/","og_locale":"de_DE","og_type":"article","og_title":"Honig, Schnee und Rock'n'Roll - Hautes-Alpes","og_description":"Honig, Schnee und Rock'n'Roll Zuckerh\u00fctten, die die Alpen zum Schmelzen bringen Zwischen zwei Kurven und einem Gl\u00fchwein ist in Serre Chevalier und","og_url":"https:\/\/www.hautes-alpes.net\/de\/favoriten\/honig-schnee-und-rocknroll\/","og_site_name":"Hautes-Alpes","article_modified_time":"2025-12-22T15:02:29+00:00","og_image":[{"url":"https:\/\/www.hautes-alpes.net\/wp-content\/uploads\/2025\/11\/cabane-a-sucre-4-930x620.jpg","type":"","width":"","height":""}],"twitter_card":"summary_large_image","twitter_misc":{"Gesch\u00e4tzte Lesezeit":"1\u00a0Minute"},"schema":{"@context":"https:\/\/schema.org","@graph":[{"@type":"WebPage","@id":"https:\/\/www.hautes-alpes.net\/de\/favoriten\/honig-schnee-und-rocknroll\/","url":"https:\/\/www.hautes-alpes.net\/de\/favoriten\/honig-schnee-und-rocknroll\/","name":"Honig, Schnee und Rock'n'Roll - Hautes-Alpes","isPartOf":{"@id":"https:\/\/www.hautes-alpes.net\/de\/#website"},"primaryImageOfPage":{"@id":"https:\/\/www.hautes-alpes.net\/de\/favoriten\/honig-schnee-und-rocknroll\/#primaryimage"},"image":{"@id":"https:\/\/www.hautes-alpes.net\/de\/favoriten\/honig-schnee-und-rocknroll\/#primaryimage"},"thumbnailUrl":"https:\/\/www.hautes-alpes.net\/wp-content\/uploads\/2025\/11\/cabane-a-sucre-4-930x620.jpg","datePublished":"2025-11-25T16:57:42+00:00","dateModified":"2025-12-22T15:02:29+00:00","description":"Honig, Schnee und Rock'n'Roll Zuckerh\u00fctten, die die Alpen zum Schmelzen bringen Zwischen zwei Kurven und einem Gl\u00fchwein ist in Serre Chevalier und","breadcrumb":{"@id":"https:\/\/www.hautes-alpes.net\/de\/favoriten\/honig-schnee-und-rocknroll\/#breadcrumb"},"inLanguage":"de","potentialAction":[{"@type":"ReadAction","target":["https:\/\/www.hautes-alpes.net\/de\/favoriten\/honig-schnee-und-rocknroll\/"]}]},{"@type":"ImageObject","inLanguage":"de","@id":"https:\/\/www.hautes-alpes.net\/de\/favoriten\/honig-schnee-und-rocknroll\/#primaryimage","url":"https:\/\/www.hautes-alpes.net\/wp-content\/uploads\/2025\/11\/cabane-a-sucre-4-930x620.jpg","contentUrl":"https:\/\/www.hautes-alpes.net\/wp-content\/uploads\/2025\/11\/cabane-a-sucre-4-930x620.jpg"},{"@type":"BreadcrumbList","@id":"https:\/\/www.hautes-alpes.net\/de\/favoriten\/honig-schnee-und-rocknroll\/#breadcrumb","itemListElement":[{"@type":"ListItem","position":1,"name":"Accueil","item":"https:\/\/www.hautes-alpes.net\/de\/hautes-alpes\/"},{"@type":"ListItem","position":2,"name":"Favoriten","item":"https:\/\/www.hautes-alpes.net\/de\/favoriten\/"},{"@type":"ListItem","position":3,"name":"Favoriten","item":"https:\/\/www.hautes-alpes.net\/de\/favoriten\/"},{"@type":"ListItem","position":4,"name":"Honig, Schnee und Rock&#8217;n&#8217;Roll"}]},{"@type":"WebSite","@id":"https:\/\/www.hautes-alpes.net\/de\/#website","url":"https:\/\/www.hautes-alpes.net\/de\/","name":"ADDET","description":"","publisher":{"@id":"https:\/\/www.hautes-alpes.net\/de\/#organization"},"potentialAction":[{"@type":"SearchAction","target":{"@type":"EntryPoint","urlTemplate":"https:\/\/www.hautes-alpes.net\/de\/?s={search_term_string}"},"query-input":{"@type":"PropertyValueSpecification","valueRequired":true,"valueName":"search_term_string"}}],"inLanguage":"de"},{"@type":"Organization","@id":"https:\/\/www.hautes-alpes.net\/de\/#organization","name":"Agence D\u00e9partementale de D\u00e9veloppement Economique et Touristique des Hautes-Alpes","url":"https:\/\/www.hautes-alpes.net\/de\/","logo":{"@type":"ImageObject","inLanguage":"de","@id":"https:\/\/www.hautes-alpes.net\/de\/#\/schema\/logo\/image\/","url":"https:\/\/www.hautes-alpes.net\/wp-content\/uploads\/2026\/01\/black-logo-2.svg","contentUrl":"https:\/\/www.hautes-alpes.net\/wp-content\/uploads\/2026\/01\/black-logo-2.svg","caption":"Agence D\u00e9partementale de D\u00e9veloppement Economique et Touristique des Hautes-Alpes"},"image":{"@id":"https:\/\/www.hautes-alpes.net\/de\/#\/schema\/logo\/image\/"}}]}},"_links":{"self":[{"href":"https:\/\/www.hautes-alpes.net\/de\/wp-json\/wp\/v2\/pages\/109019","targetHints":{"allow":["GET"]}}],"collection":[{"href":"https:\/\/www.hautes-alpes.net\/de\/wp-json\/wp\/v2\/pages"}],"about":[{"href":"https:\/\/www.hautes-alpes.net\/de\/wp-json\/wp\/v2\/types\/page"}],"author":[{"embeddable":true,"href":"https:\/\/www.hautes-alpes.net\/de\/wp-json\/wp\/v2\/users\/6"}],"replies":[{"embeddable":true,"href":"https:\/\/www.hautes-alpes.net\/de\/wp-json\/wp\/v2\/comments?post=109019"}],"version-history":[{"count":3,"href":"https:\/\/www.hautes-alpes.net\/de\/wp-json\/wp\/v2\/pages\/109019\/revisions"}],"predecessor-version":[{"id":129247,"href":"https:\/\/www.hautes-alpes.net\/de\/wp-json\/wp\/v2\/pages\/109019\/revisions\/129247"}],"up":[{"embeddable":true,"href":"https:\/\/www.hautes-alpes.net\/de\/wp-json\/wp\/v2\/pages\/107980"}],"wp:attachment":[{"href":"https:\/\/www.hautes-alpes.net\/de\/wp-json\/wp\/v2\/media?parent=109019"}],"wp:term":[{"taxonomy":"page_label","embeddable":true,"href":"https:\/\/www.hautes-alpes.net\/de\/wp-json\/wp\/v2\/page_label?post=109019"}],"curies":[{"name":"wp","href":"https:\/\/api.w.org\/{rel}","templated":true}]}}