{"id":108933,"date":"2025-11-26T08:16:45","date_gmt":"2025-11-26T07:16:45","guid":{"rendered":"https:\/\/www.hautes-alpes.net\/ikonische\/die-grosse-tafel\/"},"modified":"2025-12-18T17:14:03","modified_gmt":"2025-12-18T16:14:03","slug":"die-grosse-tafel","status":"publish","type":"page","link":"https:\/\/www.hautes-alpes.net\/de\/ikonische\/die-grosse-tafel\/","title":{"rendered":"Die gro\u00dfe Tafel"},"content":{"rendered":"\n<div class=\"wp-block-group alignfull hero-banner-simple has-global-padding is-layout-constrained wp-block-group-is-layout-constrained\"><div class=\"yoast-breadcrumbs\"><span><span><a href=\"https:\/\/www.hautes-alpes.net\/de\/hautes-alpes\/\">Home<\/a><\/span>  <span><a href=\"https:\/\/www.hautes-alpes.net\/de\/ikonische\/\">Ikonische<\/a><\/span>  <span><a href=\"https:\/\/www.hautes-alpes.net\/de\/ikonische\/\">Ikonische<\/a><\/span>  <span class=\"breadcrumb_last\" aria-current=\"page\">Die gro\u00dfe Tafel<\/span><\/span><\/div>\n\n\n<h1 class=\"wp-block-ws-library-post-title\">Die gro\u00dfe Tafel<\/h1>\n\n\n\n<p class=\"subtitle\"><\/p>\n\n\n\n<p class=\"has-text-align-center\">Gourmetwanderung durch die verschiedenen L\u00e4nder der Hautes-Alpes. Von Tisch zu Tisch geht es weiter mit dem<strong>Agneau de Sisteron <\/strong>. <a href=\"https:\/\/www.hautes-alpes.net\/de\/reiseziele-hautes-alpes\/buech\/\"><strong>Sisteron<\/strong> <\/a>zu <strong>Bleu du <a href=\"https:\/\/www.hautes-alpes.net\/de\/reiseziele-hautes-alpes\/guillestrois-queyras\/\">Queyras<\/a><\/strong>, von den <strong>\u00c4pfeln der Haute-Durance<\/strong> zu den <strong>Tourtons du <a href=\"https:\/\/www.hautes-alpes.net\/de\/reiseziele-hautes-alpes\/champsaur-valgaudemar\/\">Champsaur<\/a><\/strong>. Eine farbenfrohe Palette von Geschm\u00e4ckern und Ger\u00fcchen.<br\/><\/p>\n<\/div>\n\n<div class=\"wp-block-ws-library-ws-image is-style-simple\"><div class=\"wrapper\"><div class=\"group-media\"><img decoding=\"async\" src=\"https:\/\/www.hautes-alpes.net\/wp-content\/uploads\/2025\/12\/7b3a1626-996x640.jpg\" alt=\"\" class=\"single_image ws-image-92005\"><div class=\"credits\">P. Domeyne - AD05<\/div><\/div><p class=\"caption\"><\/p><\/div><\/div>\n\n<h3 class=\"wp-block-heading is-style-title-1\"><strong>Jahrtausende alter<\/strong> Geschmack<\/h3>\n\n<p>In den Hautes-Alpes hat jedes Tal seinen eigenen Geschmack und jede Alm ihre eigene Erinnerung. Der Tisch erz\u00e4hlt eine alte Geschichte, die Geschichte der Hirten, Bauern und Familien, die es verstanden haben, den Bergen ein einfaches und gro\u00dfz\u00fcgiges Essen zu entlocken. Diese \u00fcberlieferten und manchmal neu erfundenen Rezepte sind Fragmente eines lebendigen immateriellen Erbes.  <\/p>\n\n<h3 class=\"wp-block-heading is-style-title-1\">Die Berge <strong>als Teller<\/strong><\/h3>\n\n<p>Das <a href=\"https:\/\/www.hautes-alpes.net\/de\/erfahrungen-hautes-alpes\/land-und-gastronomie\/\">hochalpine Terroir<\/a> ist ein Mosaik, das von der H\u00f6he und den Jahreszeiten gepr\u00e4gt wird. In der frischen Luft gereifter K\u00e4se wie der Bleu du Queyras, lichtdurchflutete Fr\u00fcchte wie der Goldene Apfel aus den Alpen von Haute-Durance, auf Weiden gez\u00fcchtete L\u00e4mmer oder sonnenverw\u00f6hnte Hangweine aus endemischen Rebsorten wie Mollard: Jedes Produkt ist Ausdruck einer Landschaft.<\/p>\n\n<div class=\"wp-block-ws-library-ws-columns has-2-columns are-vertically-aligned-center layout-6535\">\n<div class=\"wp-block-ws-library-ws-column\"><div class=\"wrapper\">\n<div class=\"wp-block-ws-library-ws-image is-style-simple\"><div class=\"wrapper\"><div class=\"group-media\"><img decoding=\"async\" src=\"https:\/\/www.hautes-alpes.net\/wp-content\/uploads\/2025\/12\/genepi-960x640.jpg\" alt=\"\" class=\"single_image ws-image-92007\"><div class=\"credits\">P. Domeyne - AD05<\/div><\/div><p class=\"caption\"><\/p><\/div><\/div>\n<\/div><\/div>\n\n\n\n<div class=\"wp-block-ws-library-ws-column\"><div class=\"wrapper\">\n<div class=\"wp-block-ws-library-ws-image\"><div class=\"wrapper\"><div class=\"group-media\"><img decoding=\"async\" src=\"https:\/\/www.hautes-alpes.net\/wp-content\/uploads\/2025\/12\/format-storie-cuisine-rogier-van-rijn-1-427x640.jpg\" alt=\"\" class=\"single_image ws-image-92008\"><div class=\"credits\">R. VanRijn<\/div><\/div><p class=\"caption\"><\/p><\/div><\/div>\n<\/div><\/div>\n<\/div>\n\n<h3 class=\"wp-block-heading is-style-title-1\"><strong>Traditionelle<\/strong> Gesten<\/h3>\n\n<p>P\u00f6kelfleisch, Lammfleisch aus Sisteron, Kr\u00e4utertees, handgemachte Nudeln, Sauerteigbrot oder charaktervolle Biere: hinter jedem Produkt verbergen sich pr\u00e4zise Handgriffe, die auf jahrhundertelangem Know-how beruhen. Diese Handwerker des Geschmacks f\u00fchren eine Tradition fort und passen sie an die Anforderungen von heute an. In ihren Werkst\u00e4tten und auf ihren Bauernh\u00f6fen wird die Zeit in Jahreszeiten und nicht in Sekunden gemessen.  <\/p>\n\n<div class=\"wp-block-ws-library-ws-columns has-2-columns are-vertically-aligned-center layout-5050\">\n<div class=\"wp-block-ws-library-ws-column\"><div class=\"wrapper\">\n<h3 class=\"wp-block-heading is-style-title-1\">Austausch <strong>und Geselligkeit<\/strong><\/h3>\n\n\n\n<p>Ob am Kamin, auf der Terrasse einer Bergh\u00fctte oder am gro\u00dfen Tisch eines Gasthauses, die alpine Gastronomie ist in erster Linie eine Sache der Geselligkeit. Tourtons, Gratins, Ravioles oder Eselsohren werden nie allein gegessen, sondern geteilt und zusammengef\u00fchrt. Die hochalpine K\u00fcche ist eine Einladung zum Zusammenleben, zur Einfachheit der geteilten Freuden.  <\/p>\n<\/div><\/div>\n\n\n\n<div class=\"wp-block-ws-library-ws-column\"><div class=\"wrapper\">\n<div class=\"wp-block-ws-library-ws-image\"><div class=\"wrapper\"><div class=\"group-media\"><img decoding=\"async\" src=\"https:\/\/www.hautes-alpes.net\/wp-content\/uploads\/2025\/12\/refuge-du-clot-des-vaches-gontran-isnard-addet-05-42-1240x800.jpg\" alt=\"\" class=\"single_image ws-image-101468\"><div class=\"credits\">G. Isnard<\/div><\/div><p class=\"caption\"><\/p><\/div><\/div>\n<\/div><\/div>\n<\/div>\n\n<h3 class=\"wp-block-heading is-style-title-1\">Erbe <strong>und Erneuerung<\/strong><\/h3>\n\n<p>Es ist kein Zufall, dass wir das <a href=\"https:\/\/www.hautes-alpes.net\/de\/wirtschaftszweige\/landwirtschaft\/\">erste Bio-Departement in Frankreich<\/a> sind. Hier wird die Zukunft mit der gleichen Aufmerksamkeit gepflegt wie die Traditionen. Labels, kurze Wege und landwirtschaftliche Innovationen f\u00fchren ein tausendj\u00e4hriges Erbe fort, ohne es zu verf\u00e4lschen. So bleibt die gro\u00dfe Tafel in den Hautes-Alpes ihren Wurzeln treu und \u00f6ffnet sich gleichzeitig der Welt von heute.<\/p>\n\n<div class=\"wp-block-ws-library-ws-image is-style-simple\"><div class=\"wrapper\"><div class=\"group-media\"><img decoding=\"async\" src=\"https:\/\/www.hautes-alpes.net\/wp-content\/uploads\/2025\/11\/villar-d-arene-paul-brechu-46-1240x800.jpg\" alt=\"\" class=\"single_image ws-image-78633\"><div class=\"credits\">P. Brechu<\/div><\/div><p class=\"caption\"><\/p><\/div><\/div>\n\n<div class=\"wp-block-ws-library-ws-share\"><span class=\"share-subtitle\">Hat Ihnen diese Seite gefallen?<\/span><span class=\"share-title\">Teilen Sie es mit anderen!<\/span><button class=\"ws-share-button wp-element-button\">Diese Seite teilen<\/button><\/div>\n","protected":false},"excerpt":{"rendered":"<p>Gourmetwanderung durch die verschiedenen L\u00e4nder der Hautes-Alpes. Von Tisch zu Tisch geht es weiter mit demAgneau de Sisteron . Sisteron [&hellip;]<\/p>\n","protected":false},"author":6,"featured_media":0,"parent":107966,"menu_order":0,"comment_status":"closed","ping_status":"closed","template":"","meta":{"is_dark_mode":false,"footnotes":""},"page_label":[],"class_list":["post-108933","page","type-page","status-publish","hentry"],"yoast_head":"<!-- This site is optimized with the Yoast SEO plugin v27.2 - https:\/\/yoast.com\/product\/yoast-seo-wordpress\/ -->\n<title>Die gro\u00dfe Tafel - Hautes-Alpes<\/title>\n<meta name=\"description\" content=\"Die gro\u00dfe Tafel Gourmetwanderung durch die verschiedenen L\u00e4nder der Hautes-Alpes. Von Tisch zu Tisch geht es weiter mit demAgneau de Sisteron . Sisteron\" \/>\n<meta name=\"robots\" content=\"index, follow, max-snippet:-1, max-image-preview:large, max-video-preview:-1\" \/>\n<link rel=\"canonical\" href=\"https:\/\/www.hautes-alpes.net\/de\/ikonische\/die-grosse-tafel\/\" \/>\n<meta property=\"og:locale\" content=\"de_DE\" \/>\n<meta property=\"og:type\" content=\"article\" \/>\n<meta property=\"og:title\" content=\"Die gro\u00dfe Tafel - Hautes-Alpes\" \/>\n<meta property=\"og:description\" content=\"Die gro\u00dfe Tafel Gourmetwanderung durch die verschiedenen L\u00e4nder der Hautes-Alpes. Von Tisch zu Tisch geht es weiter mit demAgneau de Sisteron . Sisteron\" \/>\n<meta property=\"og:url\" content=\"https:\/\/www.hautes-alpes.net\/de\/ikonische\/die-grosse-tafel\/\" \/>\n<meta property=\"og:site_name\" content=\"Hautes-Alpes\" \/>\n<meta property=\"article:modified_time\" content=\"2025-12-18T16:14:03+00:00\" \/>\n<meta property=\"og:image\" content=\"https:\/\/www.hautes-alpes.net\/wp-content\/uploads\/2025\/12\/7b3a1626-996x640.jpg\" \/>\n<meta name=\"twitter:card\" content=\"summary_large_image\" \/>\n<meta name=\"twitter:label1\" content=\"Gesch\u00e4tzte Lesezeit\" \/>\n\t<meta name=\"twitter:data1\" content=\"2 Minuten\" \/>\n<script type=\"application\/ld+json\" class=\"yoast-schema-graph\">{\"@context\":\"https:\/\/schema.org\",\"@graph\":[{\"@type\":\"WebPage\",\"@id\":\"https:\/\/www.hautes-alpes.net\/de\/ikonische\/die-grosse-tafel\/\",\"url\":\"https:\/\/www.hautes-alpes.net\/de\/ikonische\/die-grosse-tafel\/\",\"name\":\"Die gro\u00dfe Tafel - Hautes-Alpes\",\"isPartOf\":{\"@id\":\"https:\/\/www.hautes-alpes.net\/de\/#website\"},\"primaryImageOfPage\":{\"@id\":\"https:\/\/www.hautes-alpes.net\/de\/ikonische\/die-grosse-tafel\/#primaryimage\"},\"image\":{\"@id\":\"https:\/\/www.hautes-alpes.net\/de\/ikonische\/die-grosse-tafel\/#primaryimage\"},\"thumbnailUrl\":\"https:\/\/www.hautes-alpes.net\/wp-content\/uploads\/2025\/12\/7b3a1626-996x640.jpg\",\"datePublished\":\"2025-11-26T07:16:45+00:00\",\"dateModified\":\"2025-12-18T16:14:03+00:00\",\"description\":\"Die gro\u00dfe Tafel Gourmetwanderung durch die verschiedenen L\u00e4nder der Hautes-Alpes. Von Tisch zu Tisch geht es weiter mit demAgneau de Sisteron . Sisteron\",\"breadcrumb\":{\"@id\":\"https:\/\/www.hautes-alpes.net\/de\/ikonische\/die-grosse-tafel\/#breadcrumb\"},\"inLanguage\":\"de\",\"potentialAction\":[{\"@type\":\"ReadAction\",\"target\":[\"https:\/\/www.hautes-alpes.net\/de\/ikonische\/die-grosse-tafel\/\"]}]},{\"@type\":\"ImageObject\",\"inLanguage\":\"de\",\"@id\":\"https:\/\/www.hautes-alpes.net\/de\/ikonische\/die-grosse-tafel\/#primaryimage\",\"url\":\"https:\/\/www.hautes-alpes.net\/wp-content\/uploads\/2025\/12\/7b3a1626-996x640.jpg\",\"contentUrl\":\"https:\/\/www.hautes-alpes.net\/wp-content\/uploads\/2025\/12\/7b3a1626-996x640.jpg\"},{\"@type\":\"BreadcrumbList\",\"@id\":\"https:\/\/www.hautes-alpes.net\/de\/ikonische\/die-grosse-tafel\/#breadcrumb\",\"itemListElement\":[{\"@type\":\"ListItem\",\"position\":1,\"name\":\"Home\",\"item\":\"https:\/\/www.hautes-alpes.net\/de\/hautes-alpes\/\"},{\"@type\":\"ListItem\",\"position\":2,\"name\":\"Ikonische\",\"item\":\"https:\/\/www.hautes-alpes.net\/de\/ikonische\/\"},{\"@type\":\"ListItem\",\"position\":3,\"name\":\"Ikonische\",\"item\":\"https:\/\/www.hautes-alpes.net\/de\/ikonische\/\"},{\"@type\":\"ListItem\",\"position\":4,\"name\":\"Die gro\u00dfe Tafel\"}]},{\"@type\":\"WebSite\",\"@id\":\"https:\/\/www.hautes-alpes.net\/de\/#website\",\"url\":\"https:\/\/www.hautes-alpes.net\/de\/\",\"name\":\"ADDET\",\"description\":\"\",\"publisher\":{\"@id\":\"https:\/\/www.hautes-alpes.net\/de\/#organization\"},\"potentialAction\":[{\"@type\":\"SearchAction\",\"target\":{\"@type\":\"EntryPoint\",\"urlTemplate\":\"https:\/\/www.hautes-alpes.net\/de\/?s={search_term_string}\"},\"query-input\":{\"@type\":\"PropertyValueSpecification\",\"valueRequired\":true,\"valueName\":\"search_term_string\"}}],\"inLanguage\":\"de\"},{\"@type\":\"Organization\",\"@id\":\"https:\/\/www.hautes-alpes.net\/de\/#organization\",\"name\":\"Agence D\u00e9partementale de D\u00e9veloppement Economique et Touristique des Hautes-Alpes\",\"url\":\"https:\/\/www.hautes-alpes.net\/de\/\",\"logo\":{\"@type\":\"ImageObject\",\"inLanguage\":\"de\",\"@id\":\"https:\/\/www.hautes-alpes.net\/de\/#\/schema\/logo\/image\/\",\"url\":\"https:\/\/www.hautes-alpes.net\/wp-content\/uploads\/2026\/01\/black-logo-2.svg\",\"contentUrl\":\"https:\/\/www.hautes-alpes.net\/wp-content\/uploads\/2026\/01\/black-logo-2.svg\",\"caption\":\"Agence D\u00e9partementale de D\u00e9veloppement Economique et Touristique des Hautes-Alpes\"},\"image\":{\"@id\":\"https:\/\/www.hautes-alpes.net\/de\/#\/schema\/logo\/image\/\"}}]}<\/script>\n<!-- \/ Yoast SEO plugin. -->","yoast_head_json":{"title":"Die gro\u00dfe Tafel - Hautes-Alpes","description":"Die gro\u00dfe Tafel Gourmetwanderung durch die verschiedenen L\u00e4nder der Hautes-Alpes. Von Tisch zu Tisch geht es weiter mit demAgneau de Sisteron . Sisteron","robots":{"index":"index","follow":"follow","max-snippet":"max-snippet:-1","max-image-preview":"max-image-preview:large","max-video-preview":"max-video-preview:-1"},"canonical":"https:\/\/www.hautes-alpes.net\/de\/ikonische\/die-grosse-tafel\/","og_locale":"de_DE","og_type":"article","og_title":"Die gro\u00dfe Tafel - Hautes-Alpes","og_description":"Die gro\u00dfe Tafel Gourmetwanderung durch die verschiedenen L\u00e4nder der Hautes-Alpes. Von Tisch zu Tisch geht es weiter mit demAgneau de Sisteron . Sisteron","og_url":"https:\/\/www.hautes-alpes.net\/de\/ikonische\/die-grosse-tafel\/","og_site_name":"Hautes-Alpes","article_modified_time":"2025-12-18T16:14:03+00:00","og_image":[{"url":"https:\/\/www.hautes-alpes.net\/wp-content\/uploads\/2025\/12\/7b3a1626-996x640.jpg","type":"","width":"","height":""}],"twitter_card":"summary_large_image","twitter_misc":{"Gesch\u00e4tzte Lesezeit":"2 Minuten"},"schema":{"@context":"https:\/\/schema.org","@graph":[{"@type":"WebPage","@id":"https:\/\/www.hautes-alpes.net\/de\/ikonische\/die-grosse-tafel\/","url":"https:\/\/www.hautes-alpes.net\/de\/ikonische\/die-grosse-tafel\/","name":"Die gro\u00dfe Tafel - Hautes-Alpes","isPartOf":{"@id":"https:\/\/www.hautes-alpes.net\/de\/#website"},"primaryImageOfPage":{"@id":"https:\/\/www.hautes-alpes.net\/de\/ikonische\/die-grosse-tafel\/#primaryimage"},"image":{"@id":"https:\/\/www.hautes-alpes.net\/de\/ikonische\/die-grosse-tafel\/#primaryimage"},"thumbnailUrl":"https:\/\/www.hautes-alpes.net\/wp-content\/uploads\/2025\/12\/7b3a1626-996x640.jpg","datePublished":"2025-11-26T07:16:45+00:00","dateModified":"2025-12-18T16:14:03+00:00","description":"Die gro\u00dfe Tafel Gourmetwanderung durch die verschiedenen L\u00e4nder der Hautes-Alpes. Von Tisch zu Tisch geht es weiter mit demAgneau de Sisteron . Sisteron","breadcrumb":{"@id":"https:\/\/www.hautes-alpes.net\/de\/ikonische\/die-grosse-tafel\/#breadcrumb"},"inLanguage":"de","potentialAction":[{"@type":"ReadAction","target":["https:\/\/www.hautes-alpes.net\/de\/ikonische\/die-grosse-tafel\/"]}]},{"@type":"ImageObject","inLanguage":"de","@id":"https:\/\/www.hautes-alpes.net\/de\/ikonische\/die-grosse-tafel\/#primaryimage","url":"https:\/\/www.hautes-alpes.net\/wp-content\/uploads\/2025\/12\/7b3a1626-996x640.jpg","contentUrl":"https:\/\/www.hautes-alpes.net\/wp-content\/uploads\/2025\/12\/7b3a1626-996x640.jpg"},{"@type":"BreadcrumbList","@id":"https:\/\/www.hautes-alpes.net\/de\/ikonische\/die-grosse-tafel\/#breadcrumb","itemListElement":[{"@type":"ListItem","position":1,"name":"Home","item":"https:\/\/www.hautes-alpes.net\/de\/hautes-alpes\/"},{"@type":"ListItem","position":2,"name":"Ikonische","item":"https:\/\/www.hautes-alpes.net\/de\/ikonische\/"},{"@type":"ListItem","position":3,"name":"Ikonische","item":"https:\/\/www.hautes-alpes.net\/de\/ikonische\/"},{"@type":"ListItem","position":4,"name":"Die gro\u00dfe Tafel"}]},{"@type":"WebSite","@id":"https:\/\/www.hautes-alpes.net\/de\/#website","url":"https:\/\/www.hautes-alpes.net\/de\/","name":"ADDET","description":"","publisher":{"@id":"https:\/\/www.hautes-alpes.net\/de\/#organization"},"potentialAction":[{"@type":"SearchAction","target":{"@type":"EntryPoint","urlTemplate":"https:\/\/www.hautes-alpes.net\/de\/?s={search_term_string}"},"query-input":{"@type":"PropertyValueSpecification","valueRequired":true,"valueName":"search_term_string"}}],"inLanguage":"de"},{"@type":"Organization","@id":"https:\/\/www.hautes-alpes.net\/de\/#organization","name":"Agence D\u00e9partementale de D\u00e9veloppement Economique et Touristique des Hautes-Alpes","url":"https:\/\/www.hautes-alpes.net\/de\/","logo":{"@type":"ImageObject","inLanguage":"de","@id":"https:\/\/www.hautes-alpes.net\/de\/#\/schema\/logo\/image\/","url":"https:\/\/www.hautes-alpes.net\/wp-content\/uploads\/2026\/01\/black-logo-2.svg","contentUrl":"https:\/\/www.hautes-alpes.net\/wp-content\/uploads\/2026\/01\/black-logo-2.svg","caption":"Agence D\u00e9partementale de D\u00e9veloppement Economique et Touristique des Hautes-Alpes"},"image":{"@id":"https:\/\/www.hautes-alpes.net\/de\/#\/schema\/logo\/image\/"}}]}},"_links":{"self":[{"href":"https:\/\/www.hautes-alpes.net\/de\/wp-json\/wp\/v2\/pages\/108933","targetHints":{"allow":["GET"]}}],"collection":[{"href":"https:\/\/www.hautes-alpes.net\/de\/wp-json\/wp\/v2\/pages"}],"about":[{"href":"https:\/\/www.hautes-alpes.net\/de\/wp-json\/wp\/v2\/types\/page"}],"author":[{"embeddable":true,"href":"https:\/\/www.hautes-alpes.net\/de\/wp-json\/wp\/v2\/users\/6"}],"replies":[{"embeddable":true,"href":"https:\/\/www.hautes-alpes.net\/de\/wp-json\/wp\/v2\/comments?post=108933"}],"version-history":[{"count":3,"href":"https:\/\/www.hautes-alpes.net\/de\/wp-json\/wp\/v2\/pages\/108933\/revisions"}],"predecessor-version":[{"id":123016,"href":"https:\/\/www.hautes-alpes.net\/de\/wp-json\/wp\/v2\/pages\/108933\/revisions\/123016"}],"up":[{"embeddable":true,"href":"https:\/\/www.hautes-alpes.net\/de\/wp-json\/wp\/v2\/pages\/107966"}],"wp:attachment":[{"href":"https:\/\/www.hautes-alpes.net\/de\/wp-json\/wp\/v2\/media?parent=108933"}],"wp:term":[{"taxonomy":"page_label","embeddable":true,"href":"https:\/\/www.hautes-alpes.net\/de\/wp-json\/wp\/v2\/page_label?post=108933"}],"curies":[{"name":"wp","href":"https:\/\/api.w.org\/{rel}","templated":true}]}}