{"id":108690,"date":"2025-11-21T08:54:56","date_gmt":"2025-11-21T07:54:56","guid":{"rendered":"https:\/\/www.hautes-alpes.net\/soziale-und-solidarische-wirtschaft\/"},"modified":"2025-12-24T11:06:00","modified_gmt":"2025-12-24T10:06:00","slug":"soziale-und-solidarische-wirtschaft","status":"publish","type":"page","link":"https:\/\/www.hautes-alpes.net\/de\/wirtschaftszweige\/soziale-und-solidarische-wirtschaft\/","title":{"rendered":"Soziale und solidarische Wirtschaft"},"content":{"rendered":"\n<div class=\"wp-block-group alignfull hero-banner-cover-wide has-global-padding is-layout-constrained wp-block-group-is-layout-constrained\"><div class=\"yoast-breadcrumbs\"><span><span><a href=\"https:\/\/www.hautes-alpes.net\/de\/hautes-alpes\/\">Accueil<\/a><\/span>  <span><a href=\"https:\/\/www.hautes-alpes.net\/de\/wirtschaftszweige\/\">Wirtschaftszweige<\/a><\/span>  <span><a href=\"https:\/\/www.hautes-alpes.net\/de\/wirtschaftszweige\/\">Wirtschaftszweige<\/a><\/span>  <span class=\"breadcrumb_last\" aria-current=\"page\">Soziale und solidarische Wirtschaft<\/span><\/span><\/div>\n\n\n<h1 class=\"wp-block-ws-library-post-title\">Wirtschaft <br>Sozial und<span class=\"text-highlight\"> solidarisch<\/span><\/h1>\n\n\n\n<div class=\"wp-block-ws-library-media-embed ws-media-embed\"><img decoding=\"async\" src=\"https:\/\/www.hautes-alpes.net\/wp-content\/uploads\/2025\/11\/gap-juillet-aout-2025-patrick-domeyne-108-2-2000x1000.jpg\" alt=\"\" class=\"ws-media-embed__image\" style=\"aspect-ratio:2000\/1000\"><\/div>\n\n\n\n<p class=\"subtitle\">Einfach essentiell<\/p>\n\n\n\n<p>In den <strong>Hautes-Alpes<\/strong> ist die<strong>Sozial- und Solidarwirtschaft (ESS)<\/strong> kein marginaler Sektor, sondern pr\u00e4gt das t\u00e4gliche Leben der Einwohner durch <strong>Kultur- und Sportvereine<\/strong>, Krankenkassen, landwirtschaftliche Genossenschaften und h\u00e4usliche Pflegedienste. Die SS\u00d6 verk\u00f6rpert somit eine Wirtschaft, die sozialen Nutzen und die Schaffung von Arbeitspl\u00e4tzen miteinander verbindet. <\/p>\n<\/div>\n\n<div style=\"height:50px\" aria-hidden=\"true\" class=\"wp-block-spacer\"><\/div>\n\n<div class=\"wp-block-group alignfull step-by-step has-global-padding is-layout-constrained wp-block-group-is-layout-constrained\">\n<div class=\"wp-block-ws-library-ws-columns alignwide has-2-columns are-vertically-aligned-center layout-5050\">\n<div class=\"wp-block-ws-library-ws-column\"><div class=\"wrapper\">\n<h2 class=\"wp-block-heading is-style-title-1\"><strong>Ein wichtiger Arbeitgeber <br\/><\/strong>des Departements<\/h2>\n\n\n\n<p><strong>20 % der privaten Arbeitspl\u00e4tze<\/strong> in den <strong>Hautes-Alpes<\/strong> sind im<strong>ESS-Sektor<\/strong> angesiedelt. Der gr\u00f6\u00dfte private Arbeitgeber in den <strong>Hautes-Alpes<\/strong> geh\u00f6rt ebenfalls zum<strong>SSE-Bereich<\/strong>. Es handelt sich um die <strong>Edith-Seltzer-Stiftung<\/strong>, eine gro\u00dfe medizinisch-soziale Vereinigung mit Sitz in Brian\u00e7on. <strong><a href=\"https:\/\/www.hautes-alpes.net\/de\/reiseziele-hautes-alpes\/brianconnais\/\">Brian\u00e7on<\/a><\/strong>Die Stiftung betreibt mehrere Einrichtungen, die auf die Pflege, die Betreuung \u00e4lterer Menschen und die Behandlung von Behinderungen spezialisiert sind. Diese Art von Akteur zeigt die F\u00e4higkeit der<strong>SS\u00d6<\/strong>, qualifizierte und nicht verlagerbare Arbeitspl\u00e4tze zu schaffen und gleichzeitig die grundlegenden Bed\u00fcrfnisse der lokalen Bev\u00f6lkerung zu erf\u00fcllen.   <\/p>\n<\/div><\/div>\n\n\n\n<div class=\"wp-block-ws-library-ws-column\"><div class=\"wrapper\">\n<div class=\"wp-block-ws-library-ws-image\"><div class=\"wrapper\"><div class=\"group-media\"><img decoding=\"async\" src=\"https:\/\/www.hautes-alpes.net\/wp-content\/uploads\/2025\/12\/14072011-group-2-14072011-mg-4225-14072011-mg-4254-30-images15220x6040-826-n8613x3882-1240x721.jpg\" alt=\"\" class=\"single_image ws-image-91532\"><div class=\"credits\">F. Thibault<\/div><\/div><p class=\"caption\"><\/p><\/div><\/div>\n<\/div><\/div>\n<\/div>\n\n\n\n<div class=\"wp-block-ws-library-ws-columns alignwide has-2-columns are-vertically-aligned-center layout-5050\">\n<div class=\"wp-block-ws-library-ws-column\"><div class=\"wrapper\">\n<h2 class=\"wp-block-heading is-style-title-1\"><strong>Ein<\/strong> strukturiertes und kooperatives <strong>Netzwerk<\/strong><br\/><\/h2>\n\n\n\n<p>Die Akteure des<strong>ESS<\/strong> organisieren sich in Netzwerken, um ihre Effizienz zu steigern. In <a href=\"https:\/\/www.hautes-alpes.net\/de\/wirtschaftszweige\/landwirtschaft\/\">der Landwirtschaft<\/a> unterst\u00fctzen lokale Genossenschaften die Erzeuger bei der Verarbeitung und Vermarktung ihrer Produkte (K\u00e4se, Honig, Obst), wodurch <strong>kurze Wege und die Aufwertung der Region gef\u00f6rdert werden<\/strong>. Parallel dazu geben Eingliederungsunternehmen arbeitsmarktfernen Personen wieder eine aktive Rolle, sei es bei der Pflege von Naturgebieten, im Bauwesen oder im Recycling. Diese Initiativen arbeiten mit den Kammern und Gemeinden zusammen, um ein ausgewogenes \u00d6kosystem zu schaffen.   <\/p>\n<\/div><\/div>\n\n\n\n<div class=\"wp-block-ws-library-ws-column\"><div class=\"wrapper\">\n<div class=\"wp-block-ws-library-ws-image\"><div class=\"wrapper\"><div class=\"group-media\"><img decoding=\"async\" src=\"https:\/\/www.hautes-alpes.net\/wp-content\/uploads\/2025\/11\/fruits-anciens-orpierre-2023-patrick-domeyne-13-1240x800.jpg\" alt=\"\" class=\"single_image ws-image-76584\"><div class=\"credits\">P. Domeyne - AD05<\/div><\/div><p class=\"caption\"><\/p><\/div><\/div>\n<\/div><\/div>\n<\/div>\n\n\n\n<div class=\"wp-block-ws-library-ws-columns alignwide has-2-columns are-vertically-aligned-center layout-5050\">\n<div class=\"wp-block-ws-library-ws-column\"><div class=\"wrapper\">\n<h2 class=\"wp-block-heading is-style-title-1\"><strong>Ein Trumpf f\u00fcr die Zukunft<br\/><\/strong>der Hautes-Alpes<\/h2>\n\n\n\n<p>Aufgrund ihrer territorialen Verankerung, ihrer F\u00e4higkeit zur sozialen Innovation und ihrer Rolle beim \u00f6kologischen Wandel stellt die<strong>SSE<\/strong> einen strategischen Reichtum f\u00fcr die <strong>Hautes-Alpes<\/strong> dar. Sie bietet konkrete Antworten auf die Herausforderungen der Attraktivit\u00e4t, der Solidarit\u00e4t und der nachhaltigen Entwicklung und st\u00e4rkt gleichzeitig ein widerstandsf\u00e4higes Wirtschaftsgef\u00fcge. <\/p>\n<\/div><\/div>\n\n\n\n<div class=\"wp-block-ws-library-ws-column\"><div class=\"wrapper\">\n<div class=\"wp-block-ws-library-ws-image\"><div class=\"wrapper\"><div class=\"group-media\"><img decoding=\"async\" src=\"https:\/\/www.hautes-alpes.net\/wp-content\/uploads\/2025\/12\/bivouac-grand-morgon-17-1-960x640.jpg\" alt=\"\" class=\"single_image ws-image-91541\"><div class=\"credits\">T. Blais<\/div><\/div><p class=\"caption\"><\/p><\/div><\/div>\n<\/div><\/div>\n<\/div>\n<\/div>\n\n<div style=\"height:100px\" aria-hidden=\"true\" class=\"wp-block-spacer\"><\/div>\n\n<div class=\"wp-block-group block-stats is-layout-flow wp-block-group-is-layout-flow\">\n<h2 class=\"wp-block-heading is-style-title-2\">Der Sektor<br\/><strong>in Zahlen<\/strong><\/h2>\n\n\n\n<p><\/p>\n\n\n\n<div class=\"wp-block-ws-library-percentage-items alignwide ws-percentage-items\"><div class=\"list-items ws-percentage-items__list\">\n<div class=\"wp-block-ws-library-percentage-item ws-percentage-item\" data-percentage=\"1\"><div class=\"group-circle\"><svg class=\"circle\" viewbox=\"0 0 120 120\"><defs><lineargradient id=\"gradient-item-b4b79d14-4a85-4624-9507-e7168f7e60e2\" x1=\"0%\" y1=\"0%\" x2=\"100%\" y2=\"100%\"><stop offset=\"0%\" stop-color=\"#3b82f6\"\/><stop offset=\"100%\" stop-color=\"#2563eb\"\/><\/lineargradient><\/defs><circle class=\"circle-bg\" cx=\"60\" cy=\"60\" r=\"54\"\/><circle class=\"circle-progress\" cx=\"60\" cy=\"60\" r=\"54\" style=\"stroke-dasharray:3.3929199999999997 339.292\"\/><\/svg><div class=\"circle-text\"><span class=\"value\">1<\/span><span class=\"symbol\">%<\/span><\/div><\/div><div class=\"group-content\"><div class=\"field-text\">Anteil am Jahresumsatz<\/div><\/div><\/div>\n\n\n\n<div class=\"wp-block-ws-library-percentage-item ws-percentage-item\" data-percentage=\"1\"><div class=\"group-circle\"><svg class=\"circle\" viewbox=\"0 0 120 120\"><defs><lineargradient id=\"gradient-item-c693677a-da9f-466b-a59b-377465b46ce4\" x1=\"0%\" y1=\"0%\" x2=\"100%\" y2=\"100%\"><stop offset=\"0%\" stop-color=\"#3b82f6\"\/><stop offset=\"100%\" stop-color=\"#2563eb\"\/><\/lineargradient><\/defs><circle class=\"circle-bg\" cx=\"60\" cy=\"60\" r=\"54\"\/><circle class=\"circle-progress\" cx=\"60\" cy=\"60\" r=\"54\" style=\"stroke-dasharray:3.3929199999999997 339.292\"\/><\/svg><div class=\"circle-text\"><span class=\"value\">1<\/span><span class=\"symbol\">%<\/span><\/div><\/div><div class=\"group-content\"><div class=\"field-text\">Anteil am BIP<\/div><\/div><\/div>\n<\/div><\/div>\n\n\n\n<p class=\"field-source\"><\/p>\n<\/div>\n\n<div class=\"wp-block-group block-chiffres has-global-padding is-layout-constrained wp-block-group-is-layout-constrained\">\n<figure class=\"wp-block-table is-style-stats\"><table class=\"has-fixed-layout\"><tbody><tr><td><strong>JAHRESUMSATZ<\/strong><\/td><td>83 124 K\u20ac<\/td><\/tr><tr><td>ENTWICKLUNG IN 10 JAHREN<\/td><td>+ 7,39 %<\/td><\/tr><tr><td><strong>BIP<\/strong><\/td><td>49 809 K\u20ac<\/td><\/tr><tr><td>VER\u00c4NDERUNG DES BIP<\/td><td>+ 1 %<\/td><\/tr><tr><td><\/td><td><\/td><\/tr><\/tbody><\/table><\/figure>\n\n\n\n<p class=\"field-source\">BIP = Bruttoinlandsprodukt \/ Quelle: INSEE<\/p>\n<\/div>\n\n<hr class=\"wp-block-separator has-alpha-channel-opacity is-style-default\"\/>\n\n<h2 class=\"wp-block-heading is-style-title-1\"><strong>Siehe auch<\/strong><\/h2>\n\n<div class=\"wp-block-group alignwide list-nodetails is-content-justification-center is-layout-flex wp-container-core-group-is-layout-94ea2d6b wp-block-group-is-layout-flex\">\n<div class=\"wp-block-group has-global-padding is-layout-constrained wp-block-group-is-layout-constrained\">\n<div class=\"wp-block-ws-library-ws-image is-style-simple\"><div class=\"wrapper\"><div class=\"group-media\"><img decoding=\"async\" src=\"https:\/\/www.hautes-alpes.net\/wp-content\/uploads\/2025\/12\/7b3a4174-1240x800.jpg\" alt=\"\" class=\"single_image ws-image-133051\"><div class=\"credits\">AD05 - P.Domeyne<\/div><\/div><p class=\"caption\"><\/p><\/div><\/div>\n\n\n\n<h3 class=\"wp-block-heading is-style-title-2\"><em>PAT<br\/><\/em>Territoriales Ern\u00e4hrungsprojekt<\/h3>\n\n\n\n<div class=\"wp-block-buttons is-layout-flex wp-block-buttons-is-layout-flex\">\n<div class=\"wp-block-button\"><a class=\"wp-block-button__link wp-element-button\" href=\"https:\/\/www.hautes-alpes.net\/de\/wirtschaftszweige\/alm-gauler\/\" target=\"_blank\" rel=\"noreferrer noopener\">Siehe<\/a><\/div>\n<\/div>\n<\/div>\n\n\n\n<div class=\"wp-block-group has-global-padding is-layout-constrained wp-block-group-is-layout-constrained\">\n<div class=\"wp-block-ws-library-ws-image is-style-simple\"><div class=\"wrapper\"><div class=\"group-media\"><img decoding=\"async\" src=\"https:\/\/www.hautes-alpes.net\/wp-content\/uploads\/2025\/12\/cite-vauban-drone-serre-chevalier-briancon-7-1240x800.jpg\" alt=\"\" class=\"single_image ws-image-133118\"><div class=\"credits\">OT Serre Chevalier<\/div><\/div><p class=\"caption\"><\/p><\/div><\/div>\n\n\n\n<h3 class=\"wp-block-heading is-style-title-2\"><em>RSERSoziale Verantwortung<\/em>von Unternehmen<\/h3>\n\n\n\n<div class=\"wp-block-buttons is-layout-flex wp-block-buttons-is-layout-flex\">\n<div class=\"wp-block-button\"><a class=\"wp-block-button__link wp-element-button\" href=\"https:\/\/www.hautes-alpes.net\/de\/wirtschaftszweige\/alm-gauler-2\/\" target=\"_blank\" rel=\"noreferrer noopener\">Siehe<\/a><\/div>\n<\/div>\n<\/div>\n<\/div>\n\n<div style=\"height:50px\" aria-hidden=\"true\" class=\"wp-block-spacer\"><\/div>\n\n<div class=\"wp-block-group has-global-padding is-layout-constrained wp-block-group-is-layout-constrained\">\n<p>Brauchen Sie Begleitung?<\/p>\n\n\n\n<h2 class=\"wp-block-heading\">Der Wirtschaftsdienst<br\/><strong>begleitet Ihre Projekte<\/strong><\/h2>\n\n\n\n<h4 class=\"wp-block-heading\">Fabien Harel<\/h4>\n\n\n\n<p>Leiterin des Studiengangs Wirtschaft<\/p>\n\n\n\n<div class=\"wp-block-group has-global-padding is-layout-constrained wp-block-group-is-layout-constrained\">\n<p><a href=\"mailto:fabien.harel@hautes-alpes.net\">fabien.harel@hautes-alpes.net<\/a><\/p>\n\n\n\n<p><\/p>\n<\/div>\n<\/div>\n\n<div class=\"wp-block-ws-library-ws-share\"><span class=\"share-subtitle\">Hat Ihnen diese Seite gefallen?<\/span><span class=\"share-title\">Teilen Sie es mit anderen!<\/span><button class=\"ws-share-button wp-element-button\">Diese Seite teilen<\/button><\/div>\n","protected":false},"excerpt":{"rendered":"<p>Einfach essentiell In den Hautes-Alpes ist dieSozial- und Solidarwirtschaft (ESS) kein marginaler Sektor, sondern pr\u00e4gt das t\u00e4gliche Leben der Einwohner [&hellip;]<\/p>\n","protected":false},"author":8,"featured_media":0,"parent":108805,"menu_order":0,"comment_status":"closed","ping_status":"closed","template":"","meta":{"is_dark_mode":false,"footnotes":""},"page_label":[],"class_list":["post-108690","page","type-page","status-publish","hentry"],"yoast_head":"<!-- This site is optimized with the Yoast SEO plugin v27.2 - https:\/\/yoast.com\/product\/yoast-seo-wordpress\/ -->\n<title>Soziale und solidarische Wirtschaft - Hautes-Alpes<\/title>\n<meta name=\"description\" content=\"Wirtschaft Sozial und solidarisch Einfach essentiell In den Hautes-Alpes ist dieSozial- und Solidarwirtschaft (ESS) kein marginaler Sektor, sondern pr\u00e4gt\" \/>\n<meta name=\"robots\" content=\"index, follow, max-snippet:-1, max-image-preview:large, max-video-preview:-1\" \/>\n<link rel=\"canonical\" href=\"https:\/\/www.hautes-alpes.net\/de\/wirtschaftszweige\/soziale-und-solidarische-wirtschaft\/\" \/>\n<meta property=\"og:locale\" content=\"de_DE\" \/>\n<meta property=\"og:type\" content=\"article\" \/>\n<meta property=\"og:title\" content=\"Soziale und solidarische Wirtschaft - Hautes-Alpes\" \/>\n<meta property=\"og:description\" content=\"Wirtschaft Sozial und solidarisch Einfach essentiell In den Hautes-Alpes ist dieSozial- und Solidarwirtschaft (ESS) kein marginaler Sektor, sondern pr\u00e4gt\" \/>\n<meta property=\"og:url\" content=\"https:\/\/www.hautes-alpes.net\/de\/wirtschaftszweige\/soziale-und-solidarische-wirtschaft\/\" \/>\n<meta property=\"og:site_name\" content=\"Hautes-Alpes\" \/>\n<meta property=\"article:modified_time\" content=\"2025-12-24T10:06:00+00:00\" \/>\n<meta property=\"og:image\" content=\"https:\/\/www.hautes-alpes.net\/wp-content\/uploads\/2025\/11\/gap-juillet-aout-2025-patrick-domeyne-108-2-2000x1000.jpg\" \/>\n<meta name=\"twitter:card\" content=\"summary_large_image\" \/>\n<meta name=\"twitter:label1\" content=\"Gesch\u00e4tzte Lesezeit\" \/>\n\t<meta name=\"twitter:data1\" content=\"2 Minuten\" \/>\n<script type=\"application\/ld+json\" class=\"yoast-schema-graph\">{\"@context\":\"https:\/\/schema.org\",\"@graph\":[{\"@type\":\"WebPage\",\"@id\":\"https:\/\/www.hautes-alpes.net\/de\/wirtschaftszweige\/soziale-und-solidarische-wirtschaft\/\",\"url\":\"https:\/\/www.hautes-alpes.net\/de\/wirtschaftszweige\/soziale-und-solidarische-wirtschaft\/\",\"name\":\"Soziale und solidarische Wirtschaft - Hautes-Alpes\",\"isPartOf\":{\"@id\":\"https:\/\/www.hautes-alpes.net\/de\/#website\"},\"primaryImageOfPage\":{\"@id\":\"https:\/\/www.hautes-alpes.net\/de\/wirtschaftszweige\/soziale-und-solidarische-wirtschaft\/#primaryimage\"},\"image\":{\"@id\":\"https:\/\/www.hautes-alpes.net\/de\/wirtschaftszweige\/soziale-und-solidarische-wirtschaft\/#primaryimage\"},\"thumbnailUrl\":\"https:\/\/www.hautes-alpes.net\/wp-content\/uploads\/2025\/11\/gap-juillet-aout-2025-patrick-domeyne-108-2-2000x1000.jpg\",\"datePublished\":\"2025-11-21T07:54:56+00:00\",\"dateModified\":\"2025-12-24T10:06:00+00:00\",\"description\":\"Wirtschaft Sozial und solidarisch Einfach essentiell In den Hautes-Alpes ist dieSozial- und Solidarwirtschaft (ESS) kein marginaler Sektor, sondern pr\u00e4gt\",\"breadcrumb\":{\"@id\":\"https:\/\/www.hautes-alpes.net\/de\/wirtschaftszweige\/soziale-und-solidarische-wirtschaft\/#breadcrumb\"},\"inLanguage\":\"de\",\"potentialAction\":[{\"@type\":\"ReadAction\",\"target\":[\"https:\/\/www.hautes-alpes.net\/de\/wirtschaftszweige\/soziale-und-solidarische-wirtschaft\/\"]}]},{\"@type\":\"ImageObject\",\"inLanguage\":\"de\",\"@id\":\"https:\/\/www.hautes-alpes.net\/de\/wirtschaftszweige\/soziale-und-solidarische-wirtschaft\/#primaryimage\",\"url\":\"https:\/\/www.hautes-alpes.net\/wp-content\/uploads\/2025\/11\/gap-juillet-aout-2025-patrick-domeyne-108-2-2000x1000.jpg\",\"contentUrl\":\"https:\/\/www.hautes-alpes.net\/wp-content\/uploads\/2025\/11\/gap-juillet-aout-2025-patrick-domeyne-108-2-2000x1000.jpg\"},{\"@type\":\"BreadcrumbList\",\"@id\":\"https:\/\/www.hautes-alpes.net\/de\/wirtschaftszweige\/soziale-und-solidarische-wirtschaft\/#breadcrumb\",\"itemListElement\":[{\"@type\":\"ListItem\",\"position\":1,\"name\":\"Accueil\",\"item\":\"https:\/\/www.hautes-alpes.net\/de\/hautes-alpes\/\"},{\"@type\":\"ListItem\",\"position\":2,\"name\":\"Wirtschaftszweige\",\"item\":\"https:\/\/www.hautes-alpes.net\/de\/wirtschaftszweige\/\"},{\"@type\":\"ListItem\",\"position\":3,\"name\":\"Wirtschaftszweige\",\"item\":\"https:\/\/www.hautes-alpes.net\/de\/wirtschaftszweige\/\"},{\"@type\":\"ListItem\",\"position\":4,\"name\":\"Soziale und solidarische Wirtschaft\"}]},{\"@type\":\"WebSite\",\"@id\":\"https:\/\/www.hautes-alpes.net\/de\/#website\",\"url\":\"https:\/\/www.hautes-alpes.net\/de\/\",\"name\":\"ADDET\",\"description\":\"\",\"publisher\":{\"@id\":\"https:\/\/www.hautes-alpes.net\/de\/#organization\"},\"potentialAction\":[{\"@type\":\"SearchAction\",\"target\":{\"@type\":\"EntryPoint\",\"urlTemplate\":\"https:\/\/www.hautes-alpes.net\/de\/?s={search_term_string}\"},\"query-input\":{\"@type\":\"PropertyValueSpecification\",\"valueRequired\":true,\"valueName\":\"search_term_string\"}}],\"inLanguage\":\"de\"},{\"@type\":\"Organization\",\"@id\":\"https:\/\/www.hautes-alpes.net\/de\/#organization\",\"name\":\"Agence D\u00e9partementale de D\u00e9veloppement Economique et Touristique des Hautes-Alpes\",\"url\":\"https:\/\/www.hautes-alpes.net\/de\/\",\"logo\":{\"@type\":\"ImageObject\",\"inLanguage\":\"de\",\"@id\":\"https:\/\/www.hautes-alpes.net\/de\/#\/schema\/logo\/image\/\",\"url\":\"https:\/\/www.hautes-alpes.net\/wp-content\/uploads\/2026\/01\/black-logo-2.svg\",\"contentUrl\":\"https:\/\/www.hautes-alpes.net\/wp-content\/uploads\/2026\/01\/black-logo-2.svg\",\"caption\":\"Agence D\u00e9partementale de D\u00e9veloppement Economique et Touristique des Hautes-Alpes\"},\"image\":{\"@id\":\"https:\/\/www.hautes-alpes.net\/de\/#\/schema\/logo\/image\/\"}}]}<\/script>\n<!-- \/ Yoast SEO plugin. -->","yoast_head_json":{"title":"Soziale und solidarische Wirtschaft - Hautes-Alpes","description":"Wirtschaft Sozial und solidarisch Einfach essentiell In den Hautes-Alpes ist dieSozial- und Solidarwirtschaft (ESS) kein marginaler Sektor, sondern pr\u00e4gt","robots":{"index":"index","follow":"follow","max-snippet":"max-snippet:-1","max-image-preview":"max-image-preview:large","max-video-preview":"max-video-preview:-1"},"canonical":"https:\/\/www.hautes-alpes.net\/de\/wirtschaftszweige\/soziale-und-solidarische-wirtschaft\/","og_locale":"de_DE","og_type":"article","og_title":"Soziale und solidarische Wirtschaft - Hautes-Alpes","og_description":"Wirtschaft Sozial und solidarisch Einfach essentiell In den Hautes-Alpes ist dieSozial- und Solidarwirtschaft (ESS) kein marginaler Sektor, sondern pr\u00e4gt","og_url":"https:\/\/www.hautes-alpes.net\/de\/wirtschaftszweige\/soziale-und-solidarische-wirtschaft\/","og_site_name":"Hautes-Alpes","article_modified_time":"2025-12-24T10:06:00+00:00","og_image":[{"url":"https:\/\/www.hautes-alpes.net\/wp-content\/uploads\/2025\/11\/gap-juillet-aout-2025-patrick-domeyne-108-2-2000x1000.jpg","type":"","width":"","height":""}],"twitter_card":"summary_large_image","twitter_misc":{"Gesch\u00e4tzte Lesezeit":"2 Minuten"},"schema":{"@context":"https:\/\/schema.org","@graph":[{"@type":"WebPage","@id":"https:\/\/www.hautes-alpes.net\/de\/wirtschaftszweige\/soziale-und-solidarische-wirtschaft\/","url":"https:\/\/www.hautes-alpes.net\/de\/wirtschaftszweige\/soziale-und-solidarische-wirtschaft\/","name":"Soziale und solidarische Wirtschaft - Hautes-Alpes","isPartOf":{"@id":"https:\/\/www.hautes-alpes.net\/de\/#website"},"primaryImageOfPage":{"@id":"https:\/\/www.hautes-alpes.net\/de\/wirtschaftszweige\/soziale-und-solidarische-wirtschaft\/#primaryimage"},"image":{"@id":"https:\/\/www.hautes-alpes.net\/de\/wirtschaftszweige\/soziale-und-solidarische-wirtschaft\/#primaryimage"},"thumbnailUrl":"https:\/\/www.hautes-alpes.net\/wp-content\/uploads\/2025\/11\/gap-juillet-aout-2025-patrick-domeyne-108-2-2000x1000.jpg","datePublished":"2025-11-21T07:54:56+00:00","dateModified":"2025-12-24T10:06:00+00:00","description":"Wirtschaft Sozial und solidarisch Einfach essentiell In den Hautes-Alpes ist dieSozial- und Solidarwirtschaft (ESS) kein marginaler Sektor, sondern pr\u00e4gt","breadcrumb":{"@id":"https:\/\/www.hautes-alpes.net\/de\/wirtschaftszweige\/soziale-und-solidarische-wirtschaft\/#breadcrumb"},"inLanguage":"de","potentialAction":[{"@type":"ReadAction","target":["https:\/\/www.hautes-alpes.net\/de\/wirtschaftszweige\/soziale-und-solidarische-wirtschaft\/"]}]},{"@type":"ImageObject","inLanguage":"de","@id":"https:\/\/www.hautes-alpes.net\/de\/wirtschaftszweige\/soziale-und-solidarische-wirtschaft\/#primaryimage","url":"https:\/\/www.hautes-alpes.net\/wp-content\/uploads\/2025\/11\/gap-juillet-aout-2025-patrick-domeyne-108-2-2000x1000.jpg","contentUrl":"https:\/\/www.hautes-alpes.net\/wp-content\/uploads\/2025\/11\/gap-juillet-aout-2025-patrick-domeyne-108-2-2000x1000.jpg"},{"@type":"BreadcrumbList","@id":"https:\/\/www.hautes-alpes.net\/de\/wirtschaftszweige\/soziale-und-solidarische-wirtschaft\/#breadcrumb","itemListElement":[{"@type":"ListItem","position":1,"name":"Accueil","item":"https:\/\/www.hautes-alpes.net\/de\/hautes-alpes\/"},{"@type":"ListItem","position":2,"name":"Wirtschaftszweige","item":"https:\/\/www.hautes-alpes.net\/de\/wirtschaftszweige\/"},{"@type":"ListItem","position":3,"name":"Wirtschaftszweige","item":"https:\/\/www.hautes-alpes.net\/de\/wirtschaftszweige\/"},{"@type":"ListItem","position":4,"name":"Soziale und solidarische Wirtschaft"}]},{"@type":"WebSite","@id":"https:\/\/www.hautes-alpes.net\/de\/#website","url":"https:\/\/www.hautes-alpes.net\/de\/","name":"ADDET","description":"","publisher":{"@id":"https:\/\/www.hautes-alpes.net\/de\/#organization"},"potentialAction":[{"@type":"SearchAction","target":{"@type":"EntryPoint","urlTemplate":"https:\/\/www.hautes-alpes.net\/de\/?s={search_term_string}"},"query-input":{"@type":"PropertyValueSpecification","valueRequired":true,"valueName":"search_term_string"}}],"inLanguage":"de"},{"@type":"Organization","@id":"https:\/\/www.hautes-alpes.net\/de\/#organization","name":"Agence D\u00e9partementale de D\u00e9veloppement Economique et Touristique des Hautes-Alpes","url":"https:\/\/www.hautes-alpes.net\/de\/","logo":{"@type":"ImageObject","inLanguage":"de","@id":"https:\/\/www.hautes-alpes.net\/de\/#\/schema\/logo\/image\/","url":"https:\/\/www.hautes-alpes.net\/wp-content\/uploads\/2026\/01\/black-logo-2.svg","contentUrl":"https:\/\/www.hautes-alpes.net\/wp-content\/uploads\/2026\/01\/black-logo-2.svg","caption":"Agence D\u00e9partementale de D\u00e9veloppement Economique et Touristique des Hautes-Alpes"},"image":{"@id":"https:\/\/www.hautes-alpes.net\/de\/#\/schema\/logo\/image\/"}}]}},"_links":{"self":[{"href":"https:\/\/www.hautes-alpes.net\/de\/wp-json\/wp\/v2\/pages\/108690","targetHints":{"allow":["GET"]}}],"collection":[{"href":"https:\/\/www.hautes-alpes.net\/de\/wp-json\/wp\/v2\/pages"}],"about":[{"href":"https:\/\/www.hautes-alpes.net\/de\/wp-json\/wp\/v2\/types\/page"}],"author":[{"embeddable":true,"href":"https:\/\/www.hautes-alpes.net\/de\/wp-json\/wp\/v2\/users\/8"}],"replies":[{"embeddable":true,"href":"https:\/\/www.hautes-alpes.net\/de\/wp-json\/wp\/v2\/comments?post=108690"}],"version-history":[{"count":6,"href":"https:\/\/www.hautes-alpes.net\/de\/wp-json\/wp\/v2\/pages\/108690\/revisions"}],"predecessor-version":[{"id":133185,"href":"https:\/\/www.hautes-alpes.net\/de\/wp-json\/wp\/v2\/pages\/108690\/revisions\/133185"}],"up":[{"embeddable":true,"href":"https:\/\/www.hautes-alpes.net\/de\/wp-json\/wp\/v2\/pages\/108805"}],"wp:attachment":[{"href":"https:\/\/www.hautes-alpes.net\/de\/wp-json\/wp\/v2\/media?parent=108690"}],"wp:term":[{"taxonomy":"page_label","embeddable":true,"href":"https:\/\/www.hautes-alpes.net\/de\/wp-json\/wp\/v2\/page_label?post=108690"}],"curies":[{"name":"wp","href":"https:\/\/api.w.org\/{rel}","templated":true}]}}