{"id":108659,"date":"2025-11-21T09:05:32","date_gmt":"2025-11-21T08:05:32","guid":{"rendered":"https:\/\/www.hautes-alpes.net\/industrie\/"},"modified":"2026-01-08T10:52:59","modified_gmt":"2026-01-08T09:52:59","slug":"industrie","status":"publish","type":"page","link":"https:\/\/www.hautes-alpes.net\/de\/wirtschaftszweige\/industrie\/","title":{"rendered":"Industrie"},"content":{"rendered":"\n<div class=\"wp-block-group alignfull hero-banner-cover-float has-global-padding is-layout-constrained wp-block-group-is-layout-constrained\"><div class=\"yoast-breadcrumbs\"><span><span><a href=\"https:\/\/www.hautes-alpes.net\/de\/hautes-alpes\/\">Home<\/a><\/span>  <span><a href=\"https:\/\/www.hautes-alpes.net\/de\/wirtschaftszweige\/\">Wirtschaftszweige<\/a><\/span>  <span><a href=\"https:\/\/www.hautes-alpes.net\/de\/wirtschaftszweige\/\">Wirtschaftszweige<\/a><\/span>  <span class=\"breadcrumb_last\" aria-current=\"page\">Industrie<\/span><\/span><\/div>\n\n\n<h1 class=\"wp-block-ws-library-post-title\">Industrie<\/h1>\n\n\n\n<p class=\"subtitle\">Eine Branche mit Zukunft<\/p>\n\n\n\n<p>Das Departement <strong>Hautes-Alpes<\/strong> wird oft nur mit Tourismus und Landwirtschaft in Verbindung gebracht, hat aber seinen wirtschaftlichen Horizont erweitert. In den letzten zehn Jahren hat sich die lokale Industriestruktur bemerkenswert entwickelt und st\u00fctzt sich auf Branchen mit hoher Wertsch\u00f6pfung, wie z.B. die Nahrungsmittelindustrie und die Landwirtschaft.<strong><a href=\"https:\/\/www.hautes-alpes.net\/de\/wirtschaftszweige\/lebensmittelindustrie\/\">Lebensmittelindustrie<\/a><\/strong>Die Industrie ist vor allem <strong>auf<\/strong> die Bereiche Landwirtschaft, <strong> <a href=\"https:\/\/www.hautes-alpes.net\/de\/wirtschaftszweige\/erneuerbare-energien\/\">erneuerbare Energien, erneuerbare Energiequellen<\/a><\/strong> und die Industrie f\u00fcr die Herstellung von Lebensmitteln ausgerichtet.<strong><a href=\"https:\/\/www.hautes-alpes.net\/de\/wirtschaftszweige\/luft-und-raumfahrt\/\">Luftfahrt<\/a><\/strong> oder auch <strong> <a href=\"https:\/\/www.hautes-alpes.net\/de\/wirtschaftszweige\/bau\/\">Bauwesen<\/a><\/strong>.<\/p>\n\n\n\n<div class=\"wp-block-ws-library-media-embed ws-media-embed\"><img decoding=\"async\" src=\"https:\/\/www.hautes-alpes.net\/wp-content\/uploads\/2025\/11\/cgr-veynes-patrick-domeyne-addet05-9-2000x1000.jpg\" alt=\"\" class=\"ws-media-embed__image\" style=\"aspect-ratio:2000\/1000\"><\/div>\n<\/div>\n\n<div style=\"height:50px\" aria-hidden=\"true\" class=\"wp-block-spacer\"><\/div>\n\n<div class=\"wp-block-group alignfull step-by-step has-global-padding is-layout-constrained wp-block-group-is-layout-constrained\">\n<div class=\"wp-block-ws-library-ws-columns alignwide has-2-columns are-vertically-aligned-center layout-5050\">\n<div class=\"wp-block-ws-library-ws-column\"><div class=\"wrapper\">\n<h2 class=\"wp-block-heading is-style-title-1\"><strong>Industriegebiete <br\/><\/strong>in den Hautes-Alpes<\/h2>\n\n\n\n<p>Einige Monate nach Erhalt des Labels im Rahmen der zweiten Phase des Programms &#8220; <strong>Territoires d&#8217;industrie 2023-2027&#8243; (Industriegebiete 2023-2027<\/strong>) beschleunigen die <strong>Hautes-Alpes<\/strong> die Arbeit vor Ort. Das Programm umfasst mehrere Priorit\u00e4ten: Grundst\u00fccksmanagement und Attraktivit\u00e4t, \u00f6kologischer \u00dcbergang und Ressourcen, Innovation und F&amp;E, Strukturierung von Branchen, Kompetenzen und Ausbildung. Konkret wurden bereits <strong>etwa 20 Projekte<\/strong> gestartet. Dazu geh\u00f6ren die Sanierung von Industriebrachen oder die Modernisierung neuer Produktionseinheiten.   <\/p>\n<\/div><\/div>\n\n\n\n<div class=\"wp-block-ws-library-ws-column\"><div class=\"wrapper\">\n<div class=\"wp-block-ws-library-ws-image\"><div class=\"wrapper\"><div class=\"group-media\"><img decoding=\"async\" src=\"https:\/\/www.hautes-alpes.net\/wp-content\/uploads\/2025\/11\/cgr-veynes-patrick-domeyne-addet05-7-1240x800.jpg\" alt=\"\" class=\"single_image ws-image-76594\"><div class=\"credits\">P. Domeyne - AD05<\/div><\/div><p class=\"caption\"><\/p><\/div><\/div>\n<\/div><\/div>\n<\/div>\n\n\n\n<div class=\"wp-block-ws-library-ws-columns alignwide has-2-columns are-vertically-aligned-center layout-5050\">\n<div class=\"wp-block-ws-library-ws-column\"><div class=\"wrapper\">\n<h2 class=\"wp-block-heading is-style-title-1\"><strong>Auf dem Weg zu einem CSR-Standard<\/strong><br\/>territorial<\/h2>\n\n\n\n<p>\u00dcber die Begleitung von Projekten hinaus beabsichtigt der Lenkungsausschuss, den Prozess in eine breitere Perspektive einzubetten, mit dem Ziel, die Olympischen Winterspiele zu erreichen. <strong><a href=\"https:\/\/www.hautes-alpes.net\/de\/ikonische\/winterspiele-2030\/\">Olympischen Winterspiele 2030<\/a><\/strong>. Es wird \u00fcber die Schaffung eines Standards f\u00fcr die <strong>soziale Verantwortung von Unternehmen (CSR)<\/strong> nachgedacht, der auf die lokalen Besonderheiten zugeschnitten ist. Ziel ist es, die soziale und \u00f6kologische Leistung zu einem unumg\u00e4nglichen Kriterium zu machen, sei es beim Zugang zu \u00f6ffentlichen und privaten Auftr\u00e4gen oder bei der Gew\u00e4hrung von Finanzierungen.<\/p>\n<\/div><\/div>\n\n\n\n<div class=\"wp-block-ws-library-ws-column\"><div class=\"wrapper\">\n<div class=\"wp-block-ws-library-ws-image\"><div class=\"wrapper\"><div class=\"group-media\"><img decoding=\"async\" src=\"https:\/\/www.hautes-alpes.net\/wp-content\/uploads\/2025\/12\/7b3a6100-1240x800.jpg\" alt=\"\" class=\"single_image ws-image-91498\"><div class=\"credits\">P. Domeyne - AD05<\/div><\/div><p class=\"caption\"><\/p><\/div><\/div>\n<\/div><\/div>\n<\/div>\n\n\n\n<div class=\"wp-block-ws-library-ws-columns alignwide has-2-columns are-vertically-aligned-center layout-5050\">\n<div class=\"wp-block-ws-library-ws-column\"><div class=\"wrapper\">\n<h2 class=\"wp-block-heading is-style-title-1\"><strong>Ausbilden<br\/><\/strong>und Talente anziehen<\/h2>\n\n\n\n<p>Die Dynamik beruht auch auf dem menschlichen Faktor. Die j\u00e4hrliche <strong>Industriewoche<\/strong>, die sich an Sch\u00fcler der Mittel- und Oberstufe richtet, zieht jedes Jahr mehr junge Leute an. Dies ist ein ermutigendes Signal f\u00fcr ein Gebiet, das <strong>seine Attraktivit\u00e4t steigern<\/strong> und <strong>den Nachwuchs<\/strong> f\u00fcr die sich wandelnden <strong>Industrieberufe vorbereiten<\/strong> will.  <\/p>\n<\/div><\/div>\n\n\n\n<div class=\"wp-block-ws-library-ws-column\"><div class=\"wrapper\">\n<div class=\"wp-block-ws-library-ws-image\"><div class=\"wrapper\"><div class=\"group-media\"><img decoding=\"async\" src=\"https:\/\/www.hautes-alpes.net\/wp-content\/uploads\/2025\/12\/icarius-aerotechnics-cedric-tempier-58-1-1240x800.jpg\" alt=\"\" class=\"single_image ws-image-91505\"><div class=\"credits\">C. Tempier - AD05<\/div><\/div><p class=\"caption\"><\/p><\/div><\/div>\n<\/div><\/div>\n<\/div>\n<\/div>\n\n<div style=\"height:100px\" aria-hidden=\"true\" class=\"wp-block-spacer\"><\/div>\n\n<div class=\"wp-block-group block-stats is-layout-flow wp-block-group-is-layout-flow\">\n<h2 class=\"wp-block-heading is-style-title-2\">Der Sektor<br\/><strong>in Zahlen<\/strong><\/h2>\n\n\n\n<p><\/p>\n\n\n\n<div class=\"wp-block-ws-library-percentage-items alignwide ws-percentage-items\"><div class=\"list-items ws-percentage-items__list\">\n<div class=\"wp-block-ws-library-percentage-item ws-percentage-item\" data-percentage=\"7\"><div class=\"group-circle\"><svg class=\"circle\" viewbox=\"0 0 120 120\"><defs><lineargradient id=\"gradient-item-b4b79d14-4a85-4624-9507-e7168f7e60e2\" x1=\"0%\" y1=\"0%\" x2=\"100%\" y2=\"100%\"><stop offset=\"0%\" stop-color=\"#3b82f6\"\/><stop offset=\"100%\" stop-color=\"#2563eb\"\/><\/lineargradient><\/defs><circle class=\"circle-bg\" cx=\"60\" cy=\"60\" r=\"54\"\/><circle class=\"circle-progress\" cx=\"60\" cy=\"60\" r=\"54\" style=\"stroke-dasharray:23.75044 339.292\"\/><\/svg><div class=\"circle-text\"><span class=\"value\">7<\/span><span class=\"symbol\">%<\/span><\/div><\/div><div class=\"group-content\"><div class=\"field-text\">Anteil am Jahresumsatz<\/div><\/div><\/div>\n\n\n\n<div class=\"wp-block-ws-library-percentage-item ws-percentage-item\" data-percentage=\"8\"><div class=\"group-circle\"><svg class=\"circle\" viewbox=\"0 0 120 120\"><defs><lineargradient id=\"gradient-item-c693677a-da9f-466b-a59b-377465b46ce4\" x1=\"0%\" y1=\"0%\" x2=\"100%\" y2=\"100%\"><stop offset=\"0%\" stop-color=\"#3b82f6\"\/><stop offset=\"100%\" stop-color=\"#2563eb\"\/><\/lineargradient><\/defs><circle class=\"circle-bg\" cx=\"60\" cy=\"60\" r=\"54\"\/><circle class=\"circle-progress\" cx=\"60\" cy=\"60\" r=\"54\" style=\"stroke-dasharray:27.143359999999998 339.292\"\/><\/svg><div class=\"circle-text\"><span class=\"value\">8<\/span><span class=\"symbol\">%<\/span><\/div><\/div><div class=\"group-content\"><div class=\"field-text\">Anteil am BIP<\/div><\/div><\/div>\n<\/div><\/div>\n\n\n\n<p class=\"field-source\"><\/p>\n<\/div>\n\n<div class=\"wp-block-group block-chiffres has-global-padding is-layout-constrained wp-block-group-is-layout-constrained\">\n<figure class=\"wp-block-table is-style-stats\"><table class=\"has-fixed-layout\"><tbody><tr><td><strong>JAHRESUMSATZ<\/strong><\/td><td>426 941 K\u20ac<\/td><\/tr><tr><td>ENTWICKLUNG IN 10 JAHREN<\/td><td>+ 50 %<\/td><\/tr><tr><td><strong>BIP<\/strong><\/td><td>185 099 K\u20ac<\/td><\/tr><tr><td>VER\u00c4NDERUNG DES BIP<\/td><td>+ 55 %<\/td><\/tr><tr><td><\/td><td><\/td><\/tr><\/tbody><\/table><\/figure>\n\n\n\n<p class=\"field-source\">BIP = Bruttoinlandsprodukt \/ Quelle: INSEE<\/p>\n<\/div>\n\n<hr class=\"wp-block-separator has-alpha-channel-opacity is-style-default\"\/>\n\n<h2 class=\"wp-block-heading is-style-title-1\"><strong>Siehe auch<\/strong><\/h2>\n\n<div class=\"wp-block-group alignwide list-nodetails is-content-justification-center is-layout-flex wp-container-core-group-is-layout-94ea2d6b wp-block-group-is-layout-flex\">\n<div class=\"wp-block-group has-global-padding is-layout-constrained wp-block-group-is-layout-constrained\">\n<div class=\"wp-block-ws-library-ws-image is-style-simple\"><div class=\"wrapper\"><div class=\"group-media\"><img decoding=\"async\" src=\"https:\/\/www.hautes-alpes.net\/wp-content\/uploads\/2025\/11\/rd-technologies-veynes-2024-patrick-domeyne-addet05-13-1240x800.jpg\" alt=\"\" class=\"single_image ws-image-76612\"><div class=\"credits\">P.Domeyne - AD05<\/div><\/div><p class=\"caption\"><\/p><\/div><\/div>\n\n\n\n<h3 class=\"wp-block-heading is-style-title-2\"><em>INDUSTRIETIndustriegebiete<\/em><\/h3>\n\n\n\n<div class=\"wp-block-buttons is-layout-flex wp-block-buttons-is-layout-flex\">\n<div class=\"wp-block-button\"><a class=\"wp-block-button__link wp-element-button\" href=\"https:\/\/www.hautes-alpes.net\/de\/wirtschaftszweige\/csr\/\" target=\"_blank\" rel=\"noreferrer noopener\">Siehe<\/a><\/div>\n<\/div>\n<\/div>\n\n\n\n<div class=\"wp-block-group has-global-padding is-layout-constrained wp-block-group-is-layout-constrained\">\n<div class=\"wp-block-ws-library-ws-image is-style-simple\"><div class=\"wrapper\"><div class=\"group-media\"><img decoding=\"async\" src=\"https:\/\/www.hautes-alpes.net\/wp-content\/uploads\/2025\/12\/cite-vauban-drone-serre-chevalier-briancon-7-1240x800.jpg\" alt=\"\" class=\"single_image ws-image-133118\"><div class=\"credits\">OT Serre Chevalier<\/div><\/div><p class=\"caption\"><\/p><\/div><\/div>\n\n\n\n<h3 class=\"wp-block-heading is-style-title-2\"><em>RSERSoziale Verantwortung<\/em>von Unternehmen<\/h3>\n\n\n\n<div class=\"wp-block-buttons is-layout-flex wp-block-buttons-is-layout-flex\">\n<div class=\"wp-block-button\"><a class=\"wp-block-button__link wp-element-button\" href=\"https:\/\/www.hautes-alpes.net\/de\/wirtschaftszweige\/alm-gauler-2\/\" target=\"_blank\" rel=\"noreferrer noopener\">Siehe<\/a><\/div>\n<\/div>\n<\/div>\n<\/div>\n\n<div style=\"height:50px\" aria-hidden=\"true\" class=\"wp-block-spacer\"><\/div>\n\n<div class=\"wp-block-ws-library-ws-slider alignfull\"><div class=\"splide\" data-splide=\"{&quot;type&quot;:&quot;loop&quot;,&quot;start&quot;:0,&quot;autoWidth&quot;:1,&quot;drag&quot;:&quot;free&quot;,&quot;snap&quot;:true,&quot;pagination&quot;:false,&quot;gap&quot;:&quot;45px&quot;,&quot;trimSpace&quot;:&quot;move&quot;,&quot;arrows&quot;:false,&quot;breakpoints&quot;:{&quot;1200&quot;:{&quot;gap&quot;:&quot;15px&quot;}},&quot;classes&quot;:{}}\"><div class=\"splide__track\"><div class=\"splide__list\"><div class=\"splide__slide\"><a href=\"https:\/\/www.hautes-alpes.net\/wp-content\/uploads\/2025\/11\/cgr-veynes-patrick-domeyne-addet05-10-scaled.jpg\" data-glightbox=\"true\" class=\"lightbox-trigger\"><img decoding=\"async\" src=\"https:\/\/www.hautes-alpes.net\/wp-content\/uploads\/2025\/11\/cgr-veynes-patrick-domeyne-addet05-10-930x620.jpg\" alt=\"\"\/><\/a><\/div><div class=\"splide__slide\"><a href=\"https:\/\/www.hautes-alpes.net\/wp-content\/uploads\/2025\/11\/journees-astronomie-devoluy-13-septembre-2025-patrick-domeyne-25-scaled.jpg\" data-glightbox=\"true\" class=\"lightbox-trigger\"><img decoding=\"async\" src=\"https:\/\/www.hautes-alpes.net\/wp-content\/uploads\/2025\/11\/journees-astronomie-devoluy-13-septembre-2025-patrick-domeyne-25-930x620.jpg\" alt=\"\"\/><\/a><\/div><div class=\"splide__slide\"><a href=\"https:\/\/www.hautes-alpes.net\/wp-content\/uploads\/2025\/11\/beringer2-scaled.jpg\" data-glightbox=\"true\" class=\"lightbox-trigger\"><img decoding=\"async\" src=\"https:\/\/www.hautes-alpes.net\/wp-content\/uploads\/2025\/11\/beringer2-930x620.jpg\" alt=\"\"\/><\/a><\/div><div class=\"splide__slide\"><a href=\"https:\/\/www.hautes-alpes.net\/wp-content\/uploads\/2025\/11\/cgr-veynes-patrick-domeyne-addet05-scaled.jpg\" data-glightbox=\"true\" class=\"lightbox-trigger\"><img decoding=\"async\" src=\"https:\/\/www.hautes-alpes.net\/wp-content\/uploads\/2025\/11\/cgr-veynes-patrick-domeyne-addet05-930x620.jpg\" alt=\"\"\/><\/a><\/div><div class=\"splide__slide\"><a href=\"https:\/\/www.hautes-alpes.net\/wp-content\/uploads\/2025\/11\/rd-technologies-patrick-domeyne-addet05-2-scaled.jpg\" data-glightbox=\"true\" class=\"lightbox-trigger\"><img decoding=\"async\" src=\"https:\/\/www.hautes-alpes.net\/wp-content\/uploads\/2025\/11\/rd-technologies-patrick-domeyne-addet05-2-930x620.jpg\" alt=\"\"\/><\/a><\/div><div class=\"splide__slide\"><a href=\"https:\/\/www.hautes-alpes.net\/wp-content\/uploads\/2025\/11\/rd-technologies-veynes-2024-patrick-domeyne-addet05-18-scaled.jpg\" data-glightbox=\"true\" class=\"lightbox-trigger\"><img decoding=\"async\" src=\"https:\/\/www.hautes-alpes.net\/wp-content\/uploads\/2025\/11\/rd-technologies-veynes-2024-patrick-domeyne-addet05-18-930x620.jpg\" alt=\"\"\/><\/a><\/div><\/div><\/div><\/div><\/div>\n\n<div style=\"height:50px\" aria-hidden=\"true\" class=\"wp-block-spacer\"><\/div>\n\n<div class=\"wp-block-group has-global-padding is-layout-constrained wp-block-group-is-layout-constrained\">\n<p>Brauchen Sie Begleitung?<\/p>\n\n\n\n<h2 class=\"wp-block-heading\">Der Wirtschaftsdienst<br\/><strong>begleitet Ihre Projekte<\/strong><\/h2>\n\n\n\n<h4 class=\"wp-block-heading\">Fabien Harel<\/h4>\n\n\n\n<p>Leiterin des Studiengangs Wirtschaft<\/p>\n\n\n\n<div class=\"wp-block-group has-global-padding is-layout-constrained wp-block-group-is-layout-constrained\">\n<p><a href=\"mailto:fabien.harel@hautes-alpes.net\">fabien.harel@hautes-alpes.net<\/a><\/p>\n\n\n\n<p><\/p>\n<\/div>\n<\/div>\n\n<div class=\"wp-block-ws-library-ws-share\"><span class=\"share-subtitle\">Hat Ihnen diese Seite gefallen?<\/span><span class=\"share-title\">Teilen Sie es mit anderen!<\/span><button class=\"ws-share-button wp-element-button\">Diese Seite teilen<\/button><\/div>\n","protected":false},"excerpt":{"rendered":"<p>Eine Branche mit Zukunft Das Departement Hautes-Alpes wird oft nur mit Tourismus und Landwirtschaft in Verbindung gebracht, hat aber seinen [&hellip;]<\/p>\n","protected":false},"author":8,"featured_media":0,"parent":108805,"menu_order":0,"comment_status":"closed","ping_status":"closed","template":"","meta":{"is_dark_mode":true,"footnotes":""},"page_label":[],"class_list":["post-108659","page","type-page","status-publish","hentry"],"yoast_head":"<!-- This site is optimized with the Yoast SEO plugin v27.2 - https:\/\/yoast.com\/product\/yoast-seo-wordpress\/ -->\n<title>Industrie - Hautes-Alpes<\/title>\n<meta name=\"description\" content=\"Industrie Eine Branche mit Zukunft Das Departement Hautes-Alpes wird oft nur mit Tourismus und Landwirtschaft in Verbindung gebracht, hat aber seinen\" \/>\n<meta name=\"robots\" content=\"index, follow, max-snippet:-1, max-image-preview:large, max-video-preview:-1\" \/>\n<link rel=\"canonical\" href=\"https:\/\/www.hautes-alpes.net\/de\/wirtschaftszweige\/industrie\/\" \/>\n<meta property=\"og:locale\" content=\"de_DE\" \/>\n<meta property=\"og:type\" content=\"article\" \/>\n<meta property=\"og:title\" content=\"Industrie - Hautes-Alpes\" \/>\n<meta property=\"og:description\" content=\"Industrie Eine Branche mit Zukunft Das Departement Hautes-Alpes wird oft nur mit Tourismus und Landwirtschaft in Verbindung gebracht, hat aber seinen\" \/>\n<meta property=\"og:url\" content=\"https:\/\/www.hautes-alpes.net\/de\/wirtschaftszweige\/industrie\/\" \/>\n<meta property=\"og:site_name\" content=\"Hautes-Alpes\" \/>\n<meta property=\"article:modified_time\" content=\"2026-01-08T09:52:59+00:00\" \/>\n<meta property=\"og:image\" content=\"https:\/\/www.hautes-alpes.net\/wp-content\/uploads\/2025\/11\/cgr-veynes-patrick-domeyne-addet05-9-2000x1000.jpg\" \/>\n<meta name=\"twitter:card\" content=\"summary_large_image\" \/>\n<meta name=\"twitter:label1\" content=\"Gesch\u00e4tzte Lesezeit\" \/>\n\t<meta name=\"twitter:data1\" content=\"2 Minuten\" \/>\n<script type=\"application\/ld+json\" class=\"yoast-schema-graph\">{\"@context\":\"https:\/\/schema.org\",\"@graph\":[{\"@type\":\"WebPage\",\"@id\":\"https:\/\/www.hautes-alpes.net\/de\/wirtschaftszweige\/industrie\/\",\"url\":\"https:\/\/www.hautes-alpes.net\/de\/wirtschaftszweige\/industrie\/\",\"name\":\"Industrie - Hautes-Alpes\",\"isPartOf\":{\"@id\":\"https:\/\/www.hautes-alpes.net\/de\/#website\"},\"primaryImageOfPage\":{\"@id\":\"https:\/\/www.hautes-alpes.net\/de\/wirtschaftszweige\/industrie\/#primaryimage\"},\"image\":{\"@id\":\"https:\/\/www.hautes-alpes.net\/de\/wirtschaftszweige\/industrie\/#primaryimage\"},\"thumbnailUrl\":\"https:\/\/www.hautes-alpes.net\/wp-content\/uploads\/2025\/11\/cgr-veynes-patrick-domeyne-addet05-9-2000x1000.jpg\",\"datePublished\":\"2025-11-21T08:05:32+00:00\",\"dateModified\":\"2026-01-08T09:52:59+00:00\",\"description\":\"Industrie Eine Branche mit Zukunft Das Departement Hautes-Alpes wird oft nur mit Tourismus und Landwirtschaft in Verbindung gebracht, hat aber seinen\",\"breadcrumb\":{\"@id\":\"https:\/\/www.hautes-alpes.net\/de\/wirtschaftszweige\/industrie\/#breadcrumb\"},\"inLanguage\":\"de\",\"potentialAction\":[{\"@type\":\"ReadAction\",\"target\":[\"https:\/\/www.hautes-alpes.net\/de\/wirtschaftszweige\/industrie\/\"]}]},{\"@type\":\"ImageObject\",\"inLanguage\":\"de\",\"@id\":\"https:\/\/www.hautes-alpes.net\/de\/wirtschaftszweige\/industrie\/#primaryimage\",\"url\":\"https:\/\/www.hautes-alpes.net\/wp-content\/uploads\/2025\/11\/cgr-veynes-patrick-domeyne-addet05-9-2000x1000.jpg\",\"contentUrl\":\"https:\/\/www.hautes-alpes.net\/wp-content\/uploads\/2025\/11\/cgr-veynes-patrick-domeyne-addet05-9-2000x1000.jpg\"},{\"@type\":\"BreadcrumbList\",\"@id\":\"https:\/\/www.hautes-alpes.net\/de\/wirtschaftszweige\/industrie\/#breadcrumb\",\"itemListElement\":[{\"@type\":\"ListItem\",\"position\":1,\"name\":\"Home\",\"item\":\"https:\/\/www.hautes-alpes.net\/de\/hautes-alpes\/\"},{\"@type\":\"ListItem\",\"position\":2,\"name\":\"Wirtschaftszweige\",\"item\":\"https:\/\/www.hautes-alpes.net\/de\/wirtschaftszweige\/\"},{\"@type\":\"ListItem\",\"position\":3,\"name\":\"Wirtschaftszweige\",\"item\":\"https:\/\/www.hautes-alpes.net\/de\/wirtschaftszweige\/\"},{\"@type\":\"ListItem\",\"position\":4,\"name\":\"Industrie\"}]},{\"@type\":\"WebSite\",\"@id\":\"https:\/\/www.hautes-alpes.net\/de\/#website\",\"url\":\"https:\/\/www.hautes-alpes.net\/de\/\",\"name\":\"ADDET\",\"description\":\"\",\"publisher\":{\"@id\":\"https:\/\/www.hautes-alpes.net\/de\/#organization\"},\"potentialAction\":[{\"@type\":\"SearchAction\",\"target\":{\"@type\":\"EntryPoint\",\"urlTemplate\":\"https:\/\/www.hautes-alpes.net\/de\/?s={search_term_string}\"},\"query-input\":{\"@type\":\"PropertyValueSpecification\",\"valueRequired\":true,\"valueName\":\"search_term_string\"}}],\"inLanguage\":\"de\"},{\"@type\":\"Organization\",\"@id\":\"https:\/\/www.hautes-alpes.net\/de\/#organization\",\"name\":\"Agence D\u00e9partementale de D\u00e9veloppement Economique et Touristique des Hautes-Alpes\",\"url\":\"https:\/\/www.hautes-alpes.net\/de\/\",\"logo\":{\"@type\":\"ImageObject\",\"inLanguage\":\"de\",\"@id\":\"https:\/\/www.hautes-alpes.net\/de\/#\/schema\/logo\/image\/\",\"url\":\"https:\/\/www.hautes-alpes.net\/wp-content\/uploads\/2026\/01\/black-logo-2.svg\",\"contentUrl\":\"https:\/\/www.hautes-alpes.net\/wp-content\/uploads\/2026\/01\/black-logo-2.svg\",\"caption\":\"Agence D\u00e9partementale de D\u00e9veloppement Economique et Touristique des Hautes-Alpes\"},\"image\":{\"@id\":\"https:\/\/www.hautes-alpes.net\/de\/#\/schema\/logo\/image\/\"}}]}<\/script>\n<!-- \/ Yoast SEO plugin. -->","yoast_head_json":{"title":"Industrie - Hautes-Alpes","description":"Industrie Eine Branche mit Zukunft Das Departement Hautes-Alpes wird oft nur mit Tourismus und Landwirtschaft in Verbindung gebracht, hat aber seinen","robots":{"index":"index","follow":"follow","max-snippet":"max-snippet:-1","max-image-preview":"max-image-preview:large","max-video-preview":"max-video-preview:-1"},"canonical":"https:\/\/www.hautes-alpes.net\/de\/wirtschaftszweige\/industrie\/","og_locale":"de_DE","og_type":"article","og_title":"Industrie - Hautes-Alpes","og_description":"Industrie Eine Branche mit Zukunft Das Departement Hautes-Alpes wird oft nur mit Tourismus und Landwirtschaft in Verbindung gebracht, hat aber seinen","og_url":"https:\/\/www.hautes-alpes.net\/de\/wirtschaftszweige\/industrie\/","og_site_name":"Hautes-Alpes","article_modified_time":"2026-01-08T09:52:59+00:00","og_image":[{"url":"https:\/\/www.hautes-alpes.net\/wp-content\/uploads\/2025\/11\/cgr-veynes-patrick-domeyne-addet05-9-2000x1000.jpg","type":"","width":"","height":""}],"twitter_card":"summary_large_image","twitter_misc":{"Gesch\u00e4tzte Lesezeit":"2 Minuten"},"schema":{"@context":"https:\/\/schema.org","@graph":[{"@type":"WebPage","@id":"https:\/\/www.hautes-alpes.net\/de\/wirtschaftszweige\/industrie\/","url":"https:\/\/www.hautes-alpes.net\/de\/wirtschaftszweige\/industrie\/","name":"Industrie - Hautes-Alpes","isPartOf":{"@id":"https:\/\/www.hautes-alpes.net\/de\/#website"},"primaryImageOfPage":{"@id":"https:\/\/www.hautes-alpes.net\/de\/wirtschaftszweige\/industrie\/#primaryimage"},"image":{"@id":"https:\/\/www.hautes-alpes.net\/de\/wirtschaftszweige\/industrie\/#primaryimage"},"thumbnailUrl":"https:\/\/www.hautes-alpes.net\/wp-content\/uploads\/2025\/11\/cgr-veynes-patrick-domeyne-addet05-9-2000x1000.jpg","datePublished":"2025-11-21T08:05:32+00:00","dateModified":"2026-01-08T09:52:59+00:00","description":"Industrie Eine Branche mit Zukunft Das Departement Hautes-Alpes wird oft nur mit Tourismus und Landwirtschaft in Verbindung gebracht, hat aber seinen","breadcrumb":{"@id":"https:\/\/www.hautes-alpes.net\/de\/wirtschaftszweige\/industrie\/#breadcrumb"},"inLanguage":"de","potentialAction":[{"@type":"ReadAction","target":["https:\/\/www.hautes-alpes.net\/de\/wirtschaftszweige\/industrie\/"]}]},{"@type":"ImageObject","inLanguage":"de","@id":"https:\/\/www.hautes-alpes.net\/de\/wirtschaftszweige\/industrie\/#primaryimage","url":"https:\/\/www.hautes-alpes.net\/wp-content\/uploads\/2025\/11\/cgr-veynes-patrick-domeyne-addet05-9-2000x1000.jpg","contentUrl":"https:\/\/www.hautes-alpes.net\/wp-content\/uploads\/2025\/11\/cgr-veynes-patrick-domeyne-addet05-9-2000x1000.jpg"},{"@type":"BreadcrumbList","@id":"https:\/\/www.hautes-alpes.net\/de\/wirtschaftszweige\/industrie\/#breadcrumb","itemListElement":[{"@type":"ListItem","position":1,"name":"Home","item":"https:\/\/www.hautes-alpes.net\/de\/hautes-alpes\/"},{"@type":"ListItem","position":2,"name":"Wirtschaftszweige","item":"https:\/\/www.hautes-alpes.net\/de\/wirtschaftszweige\/"},{"@type":"ListItem","position":3,"name":"Wirtschaftszweige","item":"https:\/\/www.hautes-alpes.net\/de\/wirtschaftszweige\/"},{"@type":"ListItem","position":4,"name":"Industrie"}]},{"@type":"WebSite","@id":"https:\/\/www.hautes-alpes.net\/de\/#website","url":"https:\/\/www.hautes-alpes.net\/de\/","name":"ADDET","description":"","publisher":{"@id":"https:\/\/www.hautes-alpes.net\/de\/#organization"},"potentialAction":[{"@type":"SearchAction","target":{"@type":"EntryPoint","urlTemplate":"https:\/\/www.hautes-alpes.net\/de\/?s={search_term_string}"},"query-input":{"@type":"PropertyValueSpecification","valueRequired":true,"valueName":"search_term_string"}}],"inLanguage":"de"},{"@type":"Organization","@id":"https:\/\/www.hautes-alpes.net\/de\/#organization","name":"Agence D\u00e9partementale de D\u00e9veloppement Economique et Touristique des Hautes-Alpes","url":"https:\/\/www.hautes-alpes.net\/de\/","logo":{"@type":"ImageObject","inLanguage":"de","@id":"https:\/\/www.hautes-alpes.net\/de\/#\/schema\/logo\/image\/","url":"https:\/\/www.hautes-alpes.net\/wp-content\/uploads\/2026\/01\/black-logo-2.svg","contentUrl":"https:\/\/www.hautes-alpes.net\/wp-content\/uploads\/2026\/01\/black-logo-2.svg","caption":"Agence D\u00e9partementale de D\u00e9veloppement Economique et Touristique des Hautes-Alpes"},"image":{"@id":"https:\/\/www.hautes-alpes.net\/de\/#\/schema\/logo\/image\/"}}]}},"_links":{"self":[{"href":"https:\/\/www.hautes-alpes.net\/de\/wp-json\/wp\/v2\/pages\/108659","targetHints":{"allow":["GET"]}}],"collection":[{"href":"https:\/\/www.hautes-alpes.net\/de\/wp-json\/wp\/v2\/pages"}],"about":[{"href":"https:\/\/www.hautes-alpes.net\/de\/wp-json\/wp\/v2\/types\/page"}],"author":[{"embeddable":true,"href":"https:\/\/www.hautes-alpes.net\/de\/wp-json\/wp\/v2\/users\/8"}],"replies":[{"embeddable":true,"href":"https:\/\/www.hautes-alpes.net\/de\/wp-json\/wp\/v2\/comments?post=108659"}],"version-history":[{"count":10,"href":"https:\/\/www.hautes-alpes.net\/de\/wp-json\/wp\/v2\/pages\/108659\/revisions"}],"predecessor-version":[{"id":182833,"href":"https:\/\/www.hautes-alpes.net\/de\/wp-json\/wp\/v2\/pages\/108659\/revisions\/182833"}],"up":[{"embeddable":true,"href":"https:\/\/www.hautes-alpes.net\/de\/wp-json\/wp\/v2\/pages\/108805"}],"wp:attachment":[{"href":"https:\/\/www.hautes-alpes.net\/de\/wp-json\/wp\/v2\/media?parent=108659"}],"wp:term":[{"taxonomy":"page_label","embeddable":true,"href":"https:\/\/www.hautes-alpes.net\/de\/wp-json\/wp\/v2\/page_label?post=108659"}],"curies":[{"name":"wp","href":"https:\/\/api.w.org\/{rel}","templated":true}]}}