{"id":108110,"date":"2025-11-13T09:24:58","date_gmt":"2025-11-13T08:24:58","guid":{"rendered":"https:\/\/www.hautes-alpes.net\/ausbrueche\/klettern\/"},"modified":"2025-12-12T11:37:40","modified_gmt":"2025-12-12T10:37:40","slug":"klettern","status":"publish","type":"page","link":"https:\/\/www.hautes-alpes.net\/de\/ausbrueche\/klettern\/","title":{"rendered":"Klettern"},"content":{"rendered":"\n<div class=\"wp-block-group alignfull hero-banner-gallery has-global-padding is-layout-constrained wp-block-group-is-layout-constrained\"><div class=\"yoast-breadcrumbs\"><span><span><a href=\"https:\/\/www.hautes-alpes.net\/de\/hautes-alpes\/\">Home<\/a><\/span>  <span><a href=\"https:\/\/www.hautes-alpes.net\/de\/ausbrueche\/\">Ausbr\u00fcche<\/a><\/span>  <span><a href=\"https:\/\/www.hautes-alpes.net\/de\/ausbrueche\/\">Ausbr\u00fcche<\/a><\/span>  <span class=\"breadcrumb_last\" aria-current=\"page\">Klettern<\/span><\/span><\/div>\n\n\n<h1 class=\"wp-block-ws-library-post-title\">Klettern<\/h1>\n\n\n\n<p class=\"subtitle\">Die Hautes-Alpes: Land des Granits, der Legenden und der vertikalen Emotionen<\/p>\n\n\n\n<div class=\"wp-block-ws-library-ws-gallery-5-images alignfull\"><div class=\"list-items\"><div class=\"item-media item-media--small\"><div class=\"field-image\"><img loading=\"lazy\" decoding=\"async\" width=\"700\" height=\"840\" src=\"https:\/\/www.hautes-alpes.net\/wp-content\/uploads\/2025\/11\/790e411887353c432d2bc0211817ad60d7924b5a-700x840.jpg\" alt=\"\" class=\"wp-image-35709\"><\/div><\/div><div class=\"item-media item-media--small\"><div class=\"field-image\"><img decoding=\"async\" src=\"https:\/\/www.hautes-alpes.net\/wp-content\/uploads\/2025\/11\/cd0cc7ad32ca73ed22fe9f79ae07e19cbb73ff38-700x840.jpg\" alt=\"\" class=\"wp-image-41388\"><\/div><\/div><div class=\"item-media item-media--large\"><div class=\"field-image\"><img decoding=\"async\" src=\"https:\/\/www.hautes-alpes.net\/wp-content\/uploads\/2025\/11\/1404ede906cf74d055d3a8d8e8101ad65b64bb2f-1600x1000.jpg\" alt=\"\" class=\"wp-image-41385\"><\/div><\/div><div class=\"item-media item-media--small\"><div class=\"field-image\"><img decoding=\"async\" src=\"https:\/\/www.hautes-alpes.net\/wp-content\/uploads\/2025\/11\/bdf59bb6d40325394eab7c85974d43ad8a107cee-700x840.jpg\" alt=\"\" class=\"wp-image-41387\"><\/div><\/div><div class=\"item-media item-media--small\"><div class=\"field-image\"><img decoding=\"async\" src=\"https:\/\/www.hautes-alpes.net\/wp-content\/uploads\/2025\/11\/3890f48f439b1260abf46b3c51f054f279add861-700x840.jpg\" alt=\"\" class=\"wp-image-41386\"><\/div><\/div><\/div><\/div>\n\n\n\n<p>Wenn es ein Paradies f\u00fcr Kletterer gibt, dann k\u00f6nnte es sich in den Hautes-Alpes befinden. Die <strong>historische Wiege des Klettersports<\/strong> in Frankreich ist ein gesch\u00fctztes und spektakul\u00e4res Gebiet in den Alpen, das mit Superlativen nur so um sich wirft. Klettern ist hier nicht nur eine einfache Aktivit\u00e4t: Es ist eine Kultur, eine Atmung, eine Lebenskunst. <strong>Von legend\u00e4ren Routen bis zu internationalen Veranstaltungen,<\/strong> von <strong>wilden Felsbl\u00f6cken<\/strong> bis zu <strong>Gro\u00dfprojekten<\/strong>- in diesem Land der Pioniere kommt eine ganze Welt aus Mineralien und Menschen zum Ausdruck. <br\/><strong>Heilige Klettertempel in Frankreich<\/strong><\/p>\n<\/div>\n\n<div class=\"wp-block-ws-library-ws-share\"><span class=\"share-subtitle\">Hat Ihnen diese Seite gefallen?<\/span><span class=\"share-title\">Teilen Sie es mit anderen!<\/span><button class=\"ws-share-button wp-element-button\">Diese Seite teilen<\/button><\/div>\n","protected":false},"excerpt":{"rendered":"<p>Die Hautes-Alpes: Land des Granits, der Legenden und der vertikalen Emotionen Wenn es ein Paradies f\u00fcr Kletterer gibt, dann k\u00f6nnte [&hellip;]<\/p>\n","protected":false},"author":1,"featured_media":0,"parent":107806,"menu_order":0,"comment_status":"closed","ping_status":"closed","template":"","meta":{"is_dark_mode":false,"footnotes":""},"page_label":[],"class_list":["post-108110","page","type-page","status-publish","hentry"],"yoast_head":"<!-- This site is optimized with the Yoast SEO plugin v27.2 - https:\/\/yoast.com\/product\/yoast-seo-wordpress\/ -->\n<title>Klettern - Hautes-Alpes<\/title>\n<meta name=\"description\" content=\"Klettern Die Hautes-Alpes: Land des Granits, der Legenden und der vertikalen Emotionen Wenn es ein Paradies f\u00fcr Kletterer gibt, dann k\u00f6nnte es sich in den\" \/>\n<meta name=\"robots\" content=\"index, follow, max-snippet:-1, max-image-preview:large, max-video-preview:-1\" \/>\n<link rel=\"canonical\" href=\"https:\/\/www.hautes-alpes.net\/de\/ausbrueche\/klettern\/\" \/>\n<meta property=\"og:locale\" content=\"de_DE\" \/>\n<meta property=\"og:type\" content=\"article\" \/>\n<meta property=\"og:title\" content=\"Klettern - Hautes-Alpes\" \/>\n<meta property=\"og:description\" content=\"Klettern Die Hautes-Alpes: Land des Granits, der Legenden und der vertikalen Emotionen Wenn es ein Paradies f\u00fcr Kletterer gibt, dann k\u00f6nnte es sich in den\" \/>\n<meta property=\"og:url\" content=\"https:\/\/www.hautes-alpes.net\/de\/ausbrueche\/klettern\/\" \/>\n<meta property=\"og:site_name\" content=\"Hautes-Alpes\" \/>\n<meta property=\"article:modified_time\" content=\"2025-12-12T10:37:40+00:00\" \/>\n<meta property=\"og:image\" content=\"https:\/\/www.hautes-alpes.net\/wp-content\/uploads\/2025\/11\/790e411887353c432d2bc0211817ad60d7924b5a-scaled.jpg\" \/>\n\t<meta property=\"og:image:width\" content=\"2560\" \/>\n\t<meta property=\"og:image:height\" content=\"1707\" \/>\n\t<meta property=\"og:image:type\" content=\"image\/jpeg\" \/>\n<meta name=\"twitter:card\" content=\"summary_large_image\" \/>\n<meta name=\"twitter:label1\" content=\"Gesch\u00e4tzte Lesezeit\" \/>\n\t<meta name=\"twitter:data1\" content=\"1\u00a0Minute\" \/>\n<script type=\"application\/ld+json\" class=\"yoast-schema-graph\">{\"@context\":\"https:\/\/schema.org\",\"@graph\":[{\"@type\":\"WebPage\",\"@id\":\"https:\/\/www.hautes-alpes.net\/de\/ausbrueche\/klettern\/\",\"url\":\"https:\/\/www.hautes-alpes.net\/de\/ausbrueche\/klettern\/\",\"name\":\"Klettern - Hautes-Alpes\",\"isPartOf\":{\"@id\":\"https:\/\/www.hautes-alpes.net\/de\/#website\"},\"primaryImageOfPage\":{\"@id\":\"https:\/\/www.hautes-alpes.net\/de\/ausbrueche\/klettern\/#primaryimage\"},\"image\":{\"@id\":\"https:\/\/www.hautes-alpes.net\/de\/ausbrueche\/klettern\/#primaryimage\"},\"thumbnailUrl\":\"https:\/\/www.hautes-alpes.net\/wp-content\/uploads\/2025\/11\/790e411887353c432d2bc0211817ad60d7924b5a-700x840.jpg\",\"datePublished\":\"2025-11-13T08:24:58+00:00\",\"dateModified\":\"2025-12-12T10:37:40+00:00\",\"description\":\"Klettern Die Hautes-Alpes: Land des Granits, der Legenden und der vertikalen Emotionen Wenn es ein Paradies f\u00fcr Kletterer gibt, dann k\u00f6nnte es sich in den\",\"breadcrumb\":{\"@id\":\"https:\/\/www.hautes-alpes.net\/de\/ausbrueche\/klettern\/#breadcrumb\"},\"inLanguage\":\"de\",\"potentialAction\":[{\"@type\":\"ReadAction\",\"target\":[\"https:\/\/www.hautes-alpes.net\/de\/ausbrueche\/klettern\/\"]}]},{\"@type\":\"ImageObject\",\"inLanguage\":\"de\",\"@id\":\"https:\/\/www.hautes-alpes.net\/de\/ausbrueche\/klettern\/#primaryimage\",\"url\":\"https:\/\/www.hautes-alpes.net\/wp-content\/uploads\/2025\/11\/790e411887353c432d2bc0211817ad60d7924b5a-700x840.jpg\",\"contentUrl\":\"https:\/\/www.hautes-alpes.net\/wp-content\/uploads\/2025\/11\/790e411887353c432d2bc0211817ad60d7924b5a-700x840.jpg\"},{\"@type\":\"BreadcrumbList\",\"@id\":\"https:\/\/www.hautes-alpes.net\/de\/ausbrueche\/klettern\/#breadcrumb\",\"itemListElement\":[{\"@type\":\"ListItem\",\"position\":1,\"name\":\"Home\",\"item\":\"https:\/\/www.hautes-alpes.net\/de\/hautes-alpes\/\"},{\"@type\":\"ListItem\",\"position\":2,\"name\":\"Ausbr\u00fcche\",\"item\":\"https:\/\/www.hautes-alpes.net\/de\/ausbrueche\/\"},{\"@type\":\"ListItem\",\"position\":3,\"name\":\"Ausbr\u00fcche\",\"item\":\"https:\/\/www.hautes-alpes.net\/de\/ausbrueche\/\"},{\"@type\":\"ListItem\",\"position\":4,\"name\":\"Klettern\"}]},{\"@type\":\"WebSite\",\"@id\":\"https:\/\/www.hautes-alpes.net\/de\/#website\",\"url\":\"https:\/\/www.hautes-alpes.net\/de\/\",\"name\":\"ADDET\",\"description\":\"\",\"publisher\":{\"@id\":\"https:\/\/www.hautes-alpes.net\/de\/#organization\"},\"potentialAction\":[{\"@type\":\"SearchAction\",\"target\":{\"@type\":\"EntryPoint\",\"urlTemplate\":\"https:\/\/www.hautes-alpes.net\/de\/?s={search_term_string}\"},\"query-input\":{\"@type\":\"PropertyValueSpecification\",\"valueRequired\":true,\"valueName\":\"search_term_string\"}}],\"inLanguage\":\"de\"},{\"@type\":\"Organization\",\"@id\":\"https:\/\/www.hautes-alpes.net\/de\/#organization\",\"name\":\"Agence D\u00e9partementale de D\u00e9veloppement Economique et Touristique des Hautes-Alpes\",\"url\":\"https:\/\/www.hautes-alpes.net\/de\/\",\"logo\":{\"@type\":\"ImageObject\",\"inLanguage\":\"de\",\"@id\":\"https:\/\/www.hautes-alpes.net\/de\/#\/schema\/logo\/image\/\",\"url\":\"https:\/\/www.hautes-alpes.net\/wp-content\/uploads\/2026\/01\/black-logo-2.svg\",\"contentUrl\":\"https:\/\/www.hautes-alpes.net\/wp-content\/uploads\/2026\/01\/black-logo-2.svg\",\"caption\":\"Agence D\u00e9partementale de D\u00e9veloppement Economique et Touristique des Hautes-Alpes\"},\"image\":{\"@id\":\"https:\/\/www.hautes-alpes.net\/de\/#\/schema\/logo\/image\/\"}}]}<\/script>\n<!-- \/ Yoast SEO plugin. -->","yoast_head_json":{"title":"Klettern - Hautes-Alpes","description":"Klettern Die Hautes-Alpes: Land des Granits, der Legenden und der vertikalen Emotionen Wenn es ein Paradies f\u00fcr Kletterer gibt, dann k\u00f6nnte es sich in den","robots":{"index":"index","follow":"follow","max-snippet":"max-snippet:-1","max-image-preview":"max-image-preview:large","max-video-preview":"max-video-preview:-1"},"canonical":"https:\/\/www.hautes-alpes.net\/de\/ausbrueche\/klettern\/","og_locale":"de_DE","og_type":"article","og_title":"Klettern - Hautes-Alpes","og_description":"Klettern Die Hautes-Alpes: Land des Granits, der Legenden und der vertikalen Emotionen Wenn es ein Paradies f\u00fcr Kletterer gibt, dann k\u00f6nnte es sich in den","og_url":"https:\/\/www.hautes-alpes.net\/de\/ausbrueche\/klettern\/","og_site_name":"Hautes-Alpes","article_modified_time":"2025-12-12T10:37:40+00:00","og_image":[{"width":2560,"height":1707,"url":"https:\/\/www.hautes-alpes.net\/wp-content\/uploads\/2025\/11\/790e411887353c432d2bc0211817ad60d7924b5a-scaled.jpg","type":"image\/jpeg"}],"twitter_card":"summary_large_image","twitter_misc":{"Gesch\u00e4tzte Lesezeit":"1\u00a0Minute"},"schema":{"@context":"https:\/\/schema.org","@graph":[{"@type":"WebPage","@id":"https:\/\/www.hautes-alpes.net\/de\/ausbrueche\/klettern\/","url":"https:\/\/www.hautes-alpes.net\/de\/ausbrueche\/klettern\/","name":"Klettern - Hautes-Alpes","isPartOf":{"@id":"https:\/\/www.hautes-alpes.net\/de\/#website"},"primaryImageOfPage":{"@id":"https:\/\/www.hautes-alpes.net\/de\/ausbrueche\/klettern\/#primaryimage"},"image":{"@id":"https:\/\/www.hautes-alpes.net\/de\/ausbrueche\/klettern\/#primaryimage"},"thumbnailUrl":"https:\/\/www.hautes-alpes.net\/wp-content\/uploads\/2025\/11\/790e411887353c432d2bc0211817ad60d7924b5a-700x840.jpg","datePublished":"2025-11-13T08:24:58+00:00","dateModified":"2025-12-12T10:37:40+00:00","description":"Klettern Die Hautes-Alpes: Land des Granits, der Legenden und der vertikalen Emotionen Wenn es ein Paradies f\u00fcr Kletterer gibt, dann k\u00f6nnte es sich in den","breadcrumb":{"@id":"https:\/\/www.hautes-alpes.net\/de\/ausbrueche\/klettern\/#breadcrumb"},"inLanguage":"de","potentialAction":[{"@type":"ReadAction","target":["https:\/\/www.hautes-alpes.net\/de\/ausbrueche\/klettern\/"]}]},{"@type":"ImageObject","inLanguage":"de","@id":"https:\/\/www.hautes-alpes.net\/de\/ausbrueche\/klettern\/#primaryimage","url":"https:\/\/www.hautes-alpes.net\/wp-content\/uploads\/2025\/11\/790e411887353c432d2bc0211817ad60d7924b5a-700x840.jpg","contentUrl":"https:\/\/www.hautes-alpes.net\/wp-content\/uploads\/2025\/11\/790e411887353c432d2bc0211817ad60d7924b5a-700x840.jpg"},{"@type":"BreadcrumbList","@id":"https:\/\/www.hautes-alpes.net\/de\/ausbrueche\/klettern\/#breadcrumb","itemListElement":[{"@type":"ListItem","position":1,"name":"Home","item":"https:\/\/www.hautes-alpes.net\/de\/hautes-alpes\/"},{"@type":"ListItem","position":2,"name":"Ausbr\u00fcche","item":"https:\/\/www.hautes-alpes.net\/de\/ausbrueche\/"},{"@type":"ListItem","position":3,"name":"Ausbr\u00fcche","item":"https:\/\/www.hautes-alpes.net\/de\/ausbrueche\/"},{"@type":"ListItem","position":4,"name":"Klettern"}]},{"@type":"WebSite","@id":"https:\/\/www.hautes-alpes.net\/de\/#website","url":"https:\/\/www.hautes-alpes.net\/de\/","name":"ADDET","description":"","publisher":{"@id":"https:\/\/www.hautes-alpes.net\/de\/#organization"},"potentialAction":[{"@type":"SearchAction","target":{"@type":"EntryPoint","urlTemplate":"https:\/\/www.hautes-alpes.net\/de\/?s={search_term_string}"},"query-input":{"@type":"PropertyValueSpecification","valueRequired":true,"valueName":"search_term_string"}}],"inLanguage":"de"},{"@type":"Organization","@id":"https:\/\/www.hautes-alpes.net\/de\/#organization","name":"Agence D\u00e9partementale de D\u00e9veloppement Economique et Touristique des Hautes-Alpes","url":"https:\/\/www.hautes-alpes.net\/de\/","logo":{"@type":"ImageObject","inLanguage":"de","@id":"https:\/\/www.hautes-alpes.net\/de\/#\/schema\/logo\/image\/","url":"https:\/\/www.hautes-alpes.net\/wp-content\/uploads\/2026\/01\/black-logo-2.svg","contentUrl":"https:\/\/www.hautes-alpes.net\/wp-content\/uploads\/2026\/01\/black-logo-2.svg","caption":"Agence D\u00e9partementale de D\u00e9veloppement Economique et Touristique des Hautes-Alpes"},"image":{"@id":"https:\/\/www.hautes-alpes.net\/de\/#\/schema\/logo\/image\/"}}]}},"_links":{"self":[{"href":"https:\/\/www.hautes-alpes.net\/de\/wp-json\/wp\/v2\/pages\/108110","targetHints":{"allow":["GET"]}}],"collection":[{"href":"https:\/\/www.hautes-alpes.net\/de\/wp-json\/wp\/v2\/pages"}],"about":[{"href":"https:\/\/www.hautes-alpes.net\/de\/wp-json\/wp\/v2\/types\/page"}],"author":[{"embeddable":true,"href":"https:\/\/www.hautes-alpes.net\/de\/wp-json\/wp\/v2\/users\/1"}],"replies":[{"embeddable":true,"href":"https:\/\/www.hautes-alpes.net\/de\/wp-json\/wp\/v2\/comments?post=108110"}],"version-history":[{"count":1,"href":"https:\/\/www.hautes-alpes.net\/de\/wp-json\/wp\/v2\/pages\/108110\/revisions"}],"predecessor-version":[{"id":108111,"href":"https:\/\/www.hautes-alpes.net\/de\/wp-json\/wp\/v2\/pages\/108110\/revisions\/108111"}],"up":[{"embeddable":true,"href":"https:\/\/www.hautes-alpes.net\/de\/wp-json\/wp\/v2\/pages\/107806"}],"wp:attachment":[{"href":"https:\/\/www.hautes-alpes.net\/de\/wp-json\/wp\/v2\/media?parent=108110"}],"wp:term":[{"taxonomy":"page_label","embeddable":true,"href":"https:\/\/www.hautes-alpes.net\/de\/wp-json\/wp\/v2\/page_label?post=108110"}],"curies":[{"name":"wp","href":"https:\/\/api.w.org\/{rel}","templated":true}]}}