{"id":108073,"date":"2025-11-13T16:31:09","date_gmt":"2025-11-13T15:31:09","guid":{"rendered":"https:\/\/www.hautes-alpes.net\/listungsseite\/"},"modified":"2025-12-12T11:37:31","modified_gmt":"2025-12-12T10:37:31","slug":"listungsseite","status":"publish","type":"page","link":"https:\/\/www.hautes-alpes.net\/de\/listungsseite\/","title":{"rendered":"Listungsseite"},"content":{"rendered":"\n<div class=\"wp-block-group alignfull hero-banner-cover-wide has-global-padding is-layout-constrained wp-block-group-is-layout-constrained\"><div class=\"yoast-breadcrumbs\"><span><span><a href=\"https:\/\/www.hautes-alpes.net\/de\/hautes-alpes\/\">Accueil<\/a><\/span>  <span class=\"breadcrumb_last\" aria-current=\"page\">Listungsseite<\/span><\/span><\/div>\n\n\n<h1 class=\"wp-block-ws-library-post-title\">Listungsseite<\/h1>\n\n\n\n<div class=\"wp-block-ws-library-media-embed ws-media-embed\"><img decoding=\"async\" src=\"https:\/\/www.hautes-alpes.net\/wp-content\/uploads\/2025\/11\/b4e75d6edc834a4deb2f23f7e348a68b2232c996-2000x1000.jpg\" alt=\"\" class=\"ws-media-embed__image\" style=\"aspect-ratio:2000\/1000\"><\/div>\n\n\n\n<p class=\"subtitle\"><\/p>\n\n\n\n<p><\/p>\n<\/div>\n\n<h2 class=\"wp-block-heading\">Nachrichtenliste<\/h2>\n<div class=\"alignwide wp-block-ws-library-ws-list-content\"><div class=\"list-items\"><div class=\"item\" ><div class=\"card  post-type-actualite\"><div class=\"group-top\"><\/div><div class=\"group-top\"><div class=\"field-label\">Actualit\u00e9<\/div><\/div><div class=\"group-media\"><\/div><div class=\"group-content\"><div class=\"field-title\">Neuigkeiten | Skigebiete<\/div><div class=\"field-description\">Voller Neuheiten In diesem Winter gehen die Skigebiete des Territoriums einen gemeinsamen Schritt: den eines fl\u00fcssigeren, moderneren, aber auch verantwortungsvolleren [&hellip;]<\/div><\/div><div class=\"field-link\"><a href=\"https:\/\/www.hautes-alpes.net\/de\/actualites\/147476\/\" class=\"cardlink\">Neuigkeiten | Skigebiete<\/a><\/div><\/div><\/div><div class=\"item\" ><div class=\"card  post-type-actualite\"><div class=\"group-top\"><\/div><div class=\"group-top\"><div class=\"field-label\">Actualit\u00e9<\/div><\/div><div class=\"group-media\"><\/div><div class=\"group-content\"><div class=\"field-title\">Neuigkeiten | Unterk\u00fcnfte<\/div><div class=\"field-description\">Die Kunst der Gastfreundschaft neu erfinden Jahr f\u00fcr Jahr bereichern die Hautes-Alpes ihr Angebot mit einer Reihe von neuen Unterk\u00fcnften, [&hellip;]<\/div><\/div><div class=\"field-link\"><a href=\"https:\/\/www.hautes-alpes.net\/de\/actualites\/neuigkeiten-unterkuenfte\/\" class=\"cardlink\">Neuigkeiten | Unterk\u00fcnfte<\/a><\/div><\/div><\/div><div class=\"item\" ><div class=\"card  post-type-actualite\"><div class=\"group-top\"><\/div><div class=\"group-top\"><div class=\"field-label\">Actualit\u00e9<\/div><\/div><div class=\"group-media\"><\/div><div class=\"group-content\"><div class=\"field-title\">hautes-alpes.net<\/div><div class=\"field-description\">Viel mehr als eine Website, ein Manifest Die Agence de D\u00e9veloppement des Hautes-Alpes stellt ihr neues digitales Portal online. hautes-alpes.net [&hellip;]<\/div><\/div><div class=\"field-link\"><a href=\"https:\/\/www.hautes-alpes.net\/de\/actualites\/hautes-alpes-net\/\" class=\"cardlink\">hautes-alpes.net<\/a><\/div><\/div><\/div><\/div><\/div>\n<h2 class=\"wp-block-heading\">Seitenliste<\/h2>\n<div class=\"alignwide wp-block-ws-library-ws-list-content\"><div class=\"list-items\"><div class=\"item\" ><div class=\"card  post-type-page\"><div class=\"group-top\"><\/div><div class=\"group-top\"><div class=\"field-label\">Seite<\/div><\/div><div class=\"group-media\"><\/div><div class=\"group-content\"><div class=\"field-title\">Tour de France 2026<\/div><div class=\"field-description\">Ph\u00e4nomene der Alpen Gro\u00dfe VeranstaltungHip, Hip, Hip Hautes-Alpes! Es ist offiziell! Die Tour de France wird 2026 f\u00fcr drei Tage [&hellip;]<\/div><\/div><div class=\"field-link\"><a href=\"https:\/\/www.hautes-alpes.net\/de\/rallye-monte-carlo\/\" class=\"cardlink\">Tour de France 2026<\/a><\/div><\/div><\/div><div class=\"item\" ><div class=\"card  post-type-page\"><div class=\"group-top\"><\/div><div class=\"group-top\"><div class=\"field-label\">Seite<\/div><\/div><div class=\"group-media\"><\/div><div class=\"group-content\"><div class=\"field-title\">Outdoormix Festival<\/div><div class=\"field-description\">Gro\u00dfes EreignisOutdoormixFestivalder Treffpunkt f\u00fcr die Outdoor-Szene In den Hautes-Alpes, wenn die noch pudrigen Gipfel mit den ersten Sommergef\u00fchlen flirten, gibt [&hellip;]<\/div><\/div><div class=\"field-link\"><a href=\"https:\/\/www.hautes-alpes.net\/de\/ikonische\/tour-de-france-3\/\" class=\"cardlink\">Outdoormix Festival<\/a><\/div><\/div><\/div><div class=\"item\" ><div class=\"card  post-type-page\"><div class=\"group-top\"><\/div><div class=\"group-top\"><div class=\"field-label\">Seite<\/div><\/div><div class=\"group-media\"><\/div><div class=\"group-content\"><div class=\"field-title\">Reservierte P\u00e4sse<\/div><div class=\"field-description\">Die Berge ganz f\u00fcr sich allein Die Aktion &#8220; Reservierter Pass &#8220; l\u00e4dt Radsportbegeisterte und Amateure zu einer einzigartigen Erfahrung [&hellip;]<\/div><\/div><div class=\"field-link\"><a href=\"https:\/\/www.hautes-alpes.net\/de\/reservierte-paesse\/\" class=\"cardlink\">Reservierte P\u00e4sse<\/a><\/div><\/div><\/div><div class=\"item\" ><div class=\"card  post-type-page\"><div class=\"group-top\"><\/div><div class=\"group-top\"><div class=\"field-label\">Seite<\/div><\/div><div class=\"group-media\"><\/div><div class=\"group-content\"><div class=\"field-title\">WebSenso-Test<\/div><div class=\"field-description\">Test Ihre Reiseroute5wichtige Etappen entlang der Durance F\u00fcnf Tage mit dem Fahrrad entlang der Durance, von den Gipfeln Brian\u00e7ons bis [&hellip;]<\/div><\/div><div class=\"field-link\"><a href=\"https:\/\/www.hautes-alpes.net\/de\/websenso-test\/\" class=\"cardlink\">WebSenso-Test<\/a><\/div><\/div><\/div><\/div><\/div>\n<h2 class=\"wp-block-heading\">APIDAE Listing<\/h2>\n<div class=\"alignwide wp-block-ws-library-ws-list-apidae\"><div class=\"list-container\"><div class=\"list-items\"><div class=\"item\" ><div class=\"card card-apidae card-manual post-type-apidae\"><div class=\"group-top\"><\/div><div class=\"group-media\"><div class=\"field-image\"><img decoding=\"async\" src=\"https:\/\/images.weserv.nl\/?url=https:\/\/static.apidae-tourisme.com\/filestore\/objets-touristiques\/images\/19\/198\/23447059-diaporama.jpg&#038;w=550&#038;h=350&#038;fit=cover&#038;output=webp&#038;q=45\" alt=\"Appartement 2 pi\u00e8ces cabine 4 personnes Terrasses de la Bergerie B703\"\/><\/div><\/div><div class=\"group-content\"><div class=\"field-commune\">Orci\u00e8res<\/div><div class=\"field-title\">Appartement 2 pi\u00e8ces cabine 4 personnes Terrasses de la Bergerie B703<\/div><\/div><div class=\"field-link\"><a href=\"https:\/\/www.hautes-alpes.net\/de\/fiche\/appartement-2-pieces-cabine-4-personnes-terrasses-de-la-bergerie-b703-2\/\" class=\"cardlink\">Appartement 2 pi\u00e8ces cabine 4 personnes Terrasses de la Bergerie B703<\/a><\/div><\/div><\/div><div class=\"item\" ><div class=\"card card-apidae card-manual post-type-apidae\"><div class=\"group-top\"><\/div><div class=\"group-media\"><div class=\"field-image\"><img decoding=\"async\" src=\"https:\/\/images.weserv.nl\/?url=https:\/\/static.apidae-tourisme.com\/filestore\/objets-touristiques\/images\/45\/79\/26627885-diaporama.jpg&#038;w=550&#038;h=350&#038;fit=cover&#038;output=webp&#038;q=45\" alt=\"Studio cabine 4 personnes Eaux Claires n\u00b02\"\/><\/div><\/div><div class=\"group-content\"><div class=\"field-commune\">Orci\u00e8res<\/div><div class=\"field-title\">Studio cabine 4 personnes Eaux Claires n\u00b02<\/div><\/div><div class=\"field-link\"><a href=\"https:\/\/www.hautes-alpes.net\/de\/fiche\/studio-cabine-4-personnes-eaux-claires-n2-2\/\" class=\"cardlink\">Studio cabine 4 personnes Eaux Claires n\u00b02<\/a><\/div><\/div><\/div><div class=\"item\" ><div class=\"card card-apidae card-manual post-type-apidae\"><div class=\"group-top\"><\/div><div class=\"group-media\"><div class=\"field-image\"><img decoding=\"async\" src=\"https:\/\/images.weserv.nl\/?url=https:\/\/static.apidae-tourisme.com\/filestore\/objets-touristiques\/images\/109\/36\/4007021-diaporama.jpg&#038;w=550&#038;h=350&#038;fit=cover&#038;output=webp&#038;q=45\" alt=\"Campingplatz le Courounba - Les Etapes Andr\u00e9 Trigano\"\/><\/div><\/div><div class=\"group-content\"><div class=\"field-commune\">Les Vigneaux<\/div><div class=\"field-title\">Campingplatz le Courounba - Les Etapes Andr\u00e9 Trigano<\/div><div class=\"field-description\">\u201eLe Courounba\u201c befindet sich in Les Vigneaux, einem kleinen Dorf zu Beginn des La Vallouise-Tals. Familiencampingplatz mit gro\u00dfen schattigen Stellpl\u00e4tzen, einem Mobilheim und einem&#8230;<\/div><\/div><div class=\"field-link\"><a href=\"https:\/\/www.hautes-alpes.net\/de\/fiche\/vacances-andre-trigano-campingplatz-le-courounba\/\" class=\"cardlink\">Campingplatz le Courounba - Les Etapes Andr\u00e9 Trigano<\/a><\/div><\/div><\/div><div class=\"item\" ><div class=\"card card-apidae card-manual post-type-apidae\"><div class=\"group-top\"><\/div><div class=\"group-media\"><div class=\"field-image\"><img decoding=\"async\" src=\"https:\/\/images.weserv.nl\/?url=https:\/\/static.apidae-tourisme.com\/filestore\/objets-touristiques\/images\/190\/204\/35769534-diaporama.jpg&#038;w=550&#038;h=350&#038;fit=cover&#038;output=webp&#038;q=45\" alt=\"Restaurant - Les Peupliers\"\/><\/div><\/div><div class=\"group-content\"><div class=\"field-commune\">Baratier<\/div><div class=\"field-title\">Restaurant - Les Peupliers<\/div><div class=\"field-description\">Ob mittags oder abends, am Kamin oder unter der Sommersonne, Sie werden sich die Zeit nehmen, Gourmetmomente zu erleben und eine regionale K\u00fcche zu&#8230;<\/div><\/div><div class=\"field-link\"><a href=\"https:\/\/www.hautes-alpes.net\/de\/fiche\/restaurant-spa-les-peupliers\/\" class=\"cardlink\">Restaurant - Les Peupliers<\/a><\/div><\/div><\/div><div class=\"item\" ><div class=\"card card-apidae card-manual post-type-apidae\"><div class=\"group-top\"><\/div><div class=\"group-media\"><div class=\"field-image\"><img decoding=\"async\" src=\"https:\/\/images.weserv.nl\/?url=https:\/\/static.apidae-tourisme.com\/filestore\/objets-touristiques\/images\/158\/44\/4861086-diaporama.jpg&#038;w=550&#038;h=350&#038;fit=cover&#038;output=webp&#038;q=45\" alt=\"Hotel Les Sources\"\/><\/div><\/div><div class=\"group-content\"><div class=\"field-commune\">Savines-le-Lac<\/div><div class=\"field-title\">Hotel Les Sources<\/div><\/div><div class=\"field-link\"><a href=\"https:\/\/www.hautes-alpes.net\/de\/fiche\/hotel-les-sources-2\/\" class=\"cardlink\">Hotel Les Sources<\/a><\/div><\/div><\/div><div class=\"item\" ><div class=\"card card-apidae card-manual post-type-apidae\"><div class=\"group-top\"><\/div><div class=\"group-media\"><div class=\"field-image\"><img decoding=\"async\" src=\"https:\/\/images.weserv.nl\/?url=https:\/\/static.apidae-tourisme.com\/filestore\/objets-touristiques\/images\/211\/161\/39035347-diaporama.jpg&#038;w=550&#038;h=350&#038;fit=cover&#038;output=webp&#038;q=45\" alt=\"Les Autanes\"\/><\/div><\/div><div class=\"group-content\"><div class=\"field-commune\">Ancelle<\/div><div class=\"field-title\">Les Autanes<\/div><\/div><div class=\"field-link\"><a href=\"https:\/\/www.hautes-alpes.net\/de\/fiche\/les-autanes-3\/\" class=\"cardlink\">Les Autanes<\/a><\/div><\/div><\/div><\/div><\/div><\/div>\n<div class=\"wp-block-ws-library-ws-share\"><span class=\"share-subtitle\">Hat Ihnen diese Seite gefallen?<\/span><span class=\"share-title\">Teilen Sie es mit anderen!<\/span><button class=\"ws-share-button wp-element-button\">Diese Seite teilen<\/button><\/div>\n","protected":false},"excerpt":{"rendered":"<p>Nachrichtenliste Seitenliste APIDAE Listing<\/p>\n","protected":false},"author":1,"featured_media":0,"parent":0,"menu_order":0,"comment_status":"closed","ping_status":"closed","template":"","meta":{"is_dark_mode":false,"footnotes":""},"page_label":[],"class_list":["post-108073","page","type-page","status-publish","hentry"],"yoast_head":"<!-- This site is optimized with the Yoast SEO plugin v27.2 - https:\/\/yoast.com\/product\/yoast-seo-wordpress\/ -->\n<title>Listungsseite - Hautes-Alpes<\/title>\n<meta name=\"description\" content=\"Listungsseite        Nachrichtenliste  Seitenliste  APIDAE Listing  Hat Ihnen diese Seite gefallen?Teilen Sie es mit anderen!Diese Seite teilen\" \/>\n<meta name=\"robots\" content=\"index, follow, max-snippet:-1, max-image-preview:large, max-video-preview:-1\" \/>\n<link rel=\"canonical\" href=\"https:\/\/www.hautes-alpes.net\/de\/listungsseite\/\" \/>\n<meta property=\"og:locale\" content=\"de_DE\" \/>\n<meta property=\"og:type\" content=\"article\" \/>\n<meta property=\"og:title\" content=\"Listungsseite - Hautes-Alpes\" \/>\n<meta property=\"og:description\" content=\"Listungsseite        Nachrichtenliste  Seitenliste  APIDAE Listing  Hat Ihnen diese Seite gefallen?Teilen Sie es mit anderen!Diese Seite teilen\" \/>\n<meta property=\"og:url\" content=\"https:\/\/www.hautes-alpes.net\/de\/listungsseite\/\" \/>\n<meta property=\"og:site_name\" content=\"Hautes-Alpes\" \/>\n<meta property=\"article:modified_time\" content=\"2025-12-12T10:37:31+00:00\" \/>\n<meta property=\"og:image\" content=\"https:\/\/www.hautes-alpes.net\/wp-content\/uploads\/2025\/11\/b4e75d6edc834a4deb2f23f7e348a68b2232c996-2000x1000.jpg\" \/>\n<meta name=\"twitter:card\" content=\"summary_large_image\" \/>\n<script type=\"application\/ld+json\" class=\"yoast-schema-graph\">{\"@context\":\"https:\/\/schema.org\",\"@graph\":[{\"@type\":\"WebPage\",\"@id\":\"https:\/\/www.hautes-alpes.net\/de\/listungsseite\/\",\"url\":\"https:\/\/www.hautes-alpes.net\/de\/listungsseite\/\",\"name\":\"Listungsseite - Hautes-Alpes\",\"isPartOf\":{\"@id\":\"https:\/\/www.hautes-alpes.net\/de\/#website\"},\"primaryImageOfPage\":{\"@id\":\"https:\/\/www.hautes-alpes.net\/de\/listungsseite\/#primaryimage\"},\"image\":{\"@id\":\"https:\/\/www.hautes-alpes.net\/de\/listungsseite\/#primaryimage\"},\"thumbnailUrl\":\"https:\/\/www.hautes-alpes.net\/wp-content\/uploads\/2025\/11\/b4e75d6edc834a4deb2f23f7e348a68b2232c996-2000x1000.jpg\",\"datePublished\":\"2025-11-13T15:31:09+00:00\",\"dateModified\":\"2025-12-12T10:37:31+00:00\",\"description\":\"Listungsseite Nachrichtenliste Seitenliste APIDAE Listing Hat Ihnen diese Seite gefallen?Teilen Sie es mit anderen!Diese Seite teilen\",\"breadcrumb\":{\"@id\":\"https:\/\/www.hautes-alpes.net\/de\/listungsseite\/#breadcrumb\"},\"inLanguage\":\"de\",\"potentialAction\":[{\"@type\":\"ReadAction\",\"target\":[\"https:\/\/www.hautes-alpes.net\/de\/listungsseite\/\"]}]},{\"@type\":\"ImageObject\",\"inLanguage\":\"de\",\"@id\":\"https:\/\/www.hautes-alpes.net\/de\/listungsseite\/#primaryimage\",\"url\":\"https:\/\/www.hautes-alpes.net\/wp-content\/uploads\/2025\/11\/b4e75d6edc834a4deb2f23f7e348a68b2232c996-2000x1000.jpg\",\"contentUrl\":\"https:\/\/www.hautes-alpes.net\/wp-content\/uploads\/2025\/11\/b4e75d6edc834a4deb2f23f7e348a68b2232c996-2000x1000.jpg\"},{\"@type\":\"BreadcrumbList\",\"@id\":\"https:\/\/www.hautes-alpes.net\/de\/listungsseite\/#breadcrumb\",\"itemListElement\":[{\"@type\":\"ListItem\",\"position\":1,\"name\":\"Accueil\",\"item\":\"https:\/\/www.hautes-alpes.net\/de\/hautes-alpes\/\"},{\"@type\":\"ListItem\",\"position\":2,\"name\":\"Listungsseite\"}]},{\"@type\":\"WebSite\",\"@id\":\"https:\/\/www.hautes-alpes.net\/de\/#website\",\"url\":\"https:\/\/www.hautes-alpes.net\/de\/\",\"name\":\"ADDET\",\"description\":\"\",\"publisher\":{\"@id\":\"https:\/\/www.hautes-alpes.net\/de\/#organization\"},\"potentialAction\":[{\"@type\":\"SearchAction\",\"target\":{\"@type\":\"EntryPoint\",\"urlTemplate\":\"https:\/\/www.hautes-alpes.net\/de\/?s={search_term_string}\"},\"query-input\":{\"@type\":\"PropertyValueSpecification\",\"valueRequired\":true,\"valueName\":\"search_term_string\"}}],\"inLanguage\":\"de\"},{\"@type\":\"Organization\",\"@id\":\"https:\/\/www.hautes-alpes.net\/de\/#organization\",\"name\":\"Agence D\u00e9partementale de D\u00e9veloppement Economique et Touristique des Hautes-Alpes\",\"url\":\"https:\/\/www.hautes-alpes.net\/de\/\",\"logo\":{\"@type\":\"ImageObject\",\"inLanguage\":\"de\",\"@id\":\"https:\/\/www.hautes-alpes.net\/de\/#\/schema\/logo\/image\/\",\"url\":\"https:\/\/www.hautes-alpes.net\/wp-content\/uploads\/2026\/01\/black-logo-2.svg\",\"contentUrl\":\"https:\/\/www.hautes-alpes.net\/wp-content\/uploads\/2026\/01\/black-logo-2.svg\",\"caption\":\"Agence D\u00e9partementale de D\u00e9veloppement Economique et Touristique des Hautes-Alpes\"},\"image\":{\"@id\":\"https:\/\/www.hautes-alpes.net\/de\/#\/schema\/logo\/image\/\"}}]}<\/script>\n<!-- \/ Yoast SEO plugin. -->","yoast_head_json":{"title":"Listungsseite - Hautes-Alpes","description":"Listungsseite        Nachrichtenliste  Seitenliste  APIDAE Listing  Hat Ihnen diese Seite gefallen?Teilen Sie es mit anderen!Diese Seite teilen","robots":{"index":"index","follow":"follow","max-snippet":"max-snippet:-1","max-image-preview":"max-image-preview:large","max-video-preview":"max-video-preview:-1"},"canonical":"https:\/\/www.hautes-alpes.net\/de\/listungsseite\/","og_locale":"de_DE","og_type":"article","og_title":"Listungsseite - Hautes-Alpes","og_description":"Listungsseite        Nachrichtenliste  Seitenliste  APIDAE Listing  Hat Ihnen diese Seite gefallen?Teilen Sie es mit anderen!Diese Seite teilen","og_url":"https:\/\/www.hautes-alpes.net\/de\/listungsseite\/","og_site_name":"Hautes-Alpes","article_modified_time":"2025-12-12T10:37:31+00:00","og_image":[{"url":"https:\/\/www.hautes-alpes.net\/wp-content\/uploads\/2025\/11\/b4e75d6edc834a4deb2f23f7e348a68b2232c996-2000x1000.jpg","type":"","width":"","height":""}],"twitter_card":"summary_large_image","schema":{"@context":"https:\/\/schema.org","@graph":[{"@type":"WebPage","@id":"https:\/\/www.hautes-alpes.net\/de\/listungsseite\/","url":"https:\/\/www.hautes-alpes.net\/de\/listungsseite\/","name":"Listungsseite - Hautes-Alpes","isPartOf":{"@id":"https:\/\/www.hautes-alpes.net\/de\/#website"},"primaryImageOfPage":{"@id":"https:\/\/www.hautes-alpes.net\/de\/listungsseite\/#primaryimage"},"image":{"@id":"https:\/\/www.hautes-alpes.net\/de\/listungsseite\/#primaryimage"},"thumbnailUrl":"https:\/\/www.hautes-alpes.net\/wp-content\/uploads\/2025\/11\/b4e75d6edc834a4deb2f23f7e348a68b2232c996-2000x1000.jpg","datePublished":"2025-11-13T15:31:09+00:00","dateModified":"2025-12-12T10:37:31+00:00","description":"Listungsseite Nachrichtenliste Seitenliste APIDAE Listing Hat Ihnen diese Seite gefallen?Teilen Sie es mit anderen!Diese Seite teilen","breadcrumb":{"@id":"https:\/\/www.hautes-alpes.net\/de\/listungsseite\/#breadcrumb"},"inLanguage":"de","potentialAction":[{"@type":"ReadAction","target":["https:\/\/www.hautes-alpes.net\/de\/listungsseite\/"]}]},{"@type":"ImageObject","inLanguage":"de","@id":"https:\/\/www.hautes-alpes.net\/de\/listungsseite\/#primaryimage","url":"https:\/\/www.hautes-alpes.net\/wp-content\/uploads\/2025\/11\/b4e75d6edc834a4deb2f23f7e348a68b2232c996-2000x1000.jpg","contentUrl":"https:\/\/www.hautes-alpes.net\/wp-content\/uploads\/2025\/11\/b4e75d6edc834a4deb2f23f7e348a68b2232c996-2000x1000.jpg"},{"@type":"BreadcrumbList","@id":"https:\/\/www.hautes-alpes.net\/de\/listungsseite\/#breadcrumb","itemListElement":[{"@type":"ListItem","position":1,"name":"Accueil","item":"https:\/\/www.hautes-alpes.net\/de\/hautes-alpes\/"},{"@type":"ListItem","position":2,"name":"Listungsseite"}]},{"@type":"WebSite","@id":"https:\/\/www.hautes-alpes.net\/de\/#website","url":"https:\/\/www.hautes-alpes.net\/de\/","name":"ADDET","description":"","publisher":{"@id":"https:\/\/www.hautes-alpes.net\/de\/#organization"},"potentialAction":[{"@type":"SearchAction","target":{"@type":"EntryPoint","urlTemplate":"https:\/\/www.hautes-alpes.net\/de\/?s={search_term_string}"},"query-input":{"@type":"PropertyValueSpecification","valueRequired":true,"valueName":"search_term_string"}}],"inLanguage":"de"},{"@type":"Organization","@id":"https:\/\/www.hautes-alpes.net\/de\/#organization","name":"Agence D\u00e9partementale de D\u00e9veloppement Economique et Touristique des Hautes-Alpes","url":"https:\/\/www.hautes-alpes.net\/de\/","logo":{"@type":"ImageObject","inLanguage":"de","@id":"https:\/\/www.hautes-alpes.net\/de\/#\/schema\/logo\/image\/","url":"https:\/\/www.hautes-alpes.net\/wp-content\/uploads\/2026\/01\/black-logo-2.svg","contentUrl":"https:\/\/www.hautes-alpes.net\/wp-content\/uploads\/2026\/01\/black-logo-2.svg","caption":"Agence D\u00e9partementale de D\u00e9veloppement Economique et Touristique des Hautes-Alpes"},"image":{"@id":"https:\/\/www.hautes-alpes.net\/de\/#\/schema\/logo\/image\/"}}]}},"_links":{"self":[{"href":"https:\/\/www.hautes-alpes.net\/de\/wp-json\/wp\/v2\/pages\/108073","targetHints":{"allow":["GET"]}}],"collection":[{"href":"https:\/\/www.hautes-alpes.net\/de\/wp-json\/wp\/v2\/pages"}],"about":[{"href":"https:\/\/www.hautes-alpes.net\/de\/wp-json\/wp\/v2\/types\/page"}],"author":[{"embeddable":true,"href":"https:\/\/www.hautes-alpes.net\/de\/wp-json\/wp\/v2\/users\/1"}],"replies":[{"embeddable":true,"href":"https:\/\/www.hautes-alpes.net\/de\/wp-json\/wp\/v2\/comments?post=108073"}],"version-history":[{"count":1,"href":"https:\/\/www.hautes-alpes.net\/de\/wp-json\/wp\/v2\/pages\/108073\/revisions"}],"predecessor-version":[{"id":108075,"href":"https:\/\/www.hautes-alpes.net\/de\/wp-json\/wp\/v2\/pages\/108073\/revisions\/108075"}],"wp:attachment":[{"href":"https:\/\/www.hautes-alpes.net\/de\/wp-json\/wp\/v2\/media?parent=108073"}],"wp:term":[{"taxonomy":"page_label","embeddable":true,"href":"https:\/\/www.hautes-alpes.net\/de\/wp-json\/wp\/v2\/page_label?post=108073"}],"curies":[{"name":"wp","href":"https:\/\/api.w.org\/{rel}","templated":true}]}}