{"id":107966,"date":"2025-11-12T12:43:24","date_gmt":"2025-11-12T11:43:24","guid":{"rendered":"https:\/\/www.hautes-alpes.net\/ikonische\/"},"modified":"2026-04-14T15:11:22","modified_gmt":"2026-04-14T13:11:22","slug":"ikonische","status":"publish","type":"page","link":"https:\/\/www.hautes-alpes.net\/de\/ikonische\/","title":{"rendered":"Ikonische"},"content":{"rendered":"\n<div class=\"wp-block-group alignfull hero-banner-simple has-global-padding is-layout-constrained wp-block-group-is-layout-constrained\"><div class=\"yoast-breadcrumbs\"><span><span><a href=\"https:\/\/www.hautes-alpes.net\/de\/hautes-alpes\/\">Home<\/a><\/span>  <span class=\"breadcrumb_last\" aria-current=\"page\">Ikonische<\/span><\/span><\/div>\n\n\n<h1 class=\"wp-block-ws-library-post-title\">Ikonische<\/h1>\n\n\n\n<p class=\"subtitle\"><\/p>\n\n\n\n<p><\/p>\n<\/div>\n\n<div class=\"wp-block-ws-library-ws-columns has-2-columns are-vertically-aligned-center layout-5050\">\n<div class=\"wp-block-ws-library-ws-column\"><div class=\"wrapper\">\n<h2 class=\"wp-block-heading\"><strong>Tour de France<\/strong><\/h2>\n\n\n\n<p>Die Hautes-Alpes sind untrennbar mit der Geschichte und der Gr\u00f6\u00dfe der Tour de France verbunden, sowohl durch die Sch\u00f6nheit der Landschaft als auch durch die auf den P\u00e4ssen verewigten Heldentaten der Fahrer.<\/p>\n\n\n\n<div class=\"wp-block-buttons is-layout-flex wp-block-buttons-is-layout-flex\">\n<div class=\"wp-block-button\"><a class=\"wp-block-button__link wp-element-button\" href=\"https:\/\/www.hautes-alpes.net\/de\/ikonische\/tour-de-france\/\">Lesen Sie<\/a><\/div>\n<\/div>\n<\/div><\/div>\n\n\n\n<div class=\"wp-block-ws-library-ws-column\"><div class=\"wrapper\">\n<div class=\"wp-block-ws-library-ws-image\"><div class=\"wrapper\"><div class=\"group-media\"><img decoding=\"async\" src=\"https:\/\/www.hautes-alpes.net\/wp-content\/uploads\/2025\/11\/20220714tdf1009-aso-charly-lopez-1240x800.jpg\" alt=\"\" class=\"single_image ws-image-78348\"><div class=\"credits\">C. Lopez - ASO<\/div><\/div><p class=\"caption\">14\/07\/2022 - Tour de France 2022 - 12. Etappe - Brian\u00e7on \/ Alpe d&#8217;Huez (165,1km) - Col du Galibier<\/p><\/div><\/div>\n<\/div><\/div>\n<\/div>\n\n<div class=\"wp-block-ws-library-ws-columns has-2-columns are-vertically-aligned-center layout-5050\">\n<div class=\"wp-block-ws-library-ws-column\"><div class=\"wrapper\">\n<h2 class=\"wp-block-heading\"><strong>OLYMPISCHE SPIELE 2030<\/strong><\/h2>\n\n\n\n<p>In den franz\u00f6sischen Alpen haben sich die S\u00fcd- und Nordalpen zusammengeschlossen, um eine einzigartige Freske f\u00fcr die Olympischen und Paralympischen Winterspiele 2030 zu entwerfen. Im Zentrum dieser Allianz stehen die Hautes-Alpes, die mit ihren Gipfeln die Hauptb\u00fchne bilden. <\/p>\n\n\n\n<div class=\"wp-block-buttons is-layout-flex wp-block-buttons-is-layout-flex\">\n<div class=\"wp-block-button\"><a class=\"wp-block-button__link wp-element-button\" href=\"https:\/\/www.hautes-alpes.net\/de\/ikonische\/winterspiele-2030\/\">Lesen Sie<\/a><\/div>\n<\/div>\n<\/div><\/div>\n\n\n\n<div class=\"wp-block-ws-library-ws-column\"><div class=\"wrapper\">\n<div class=\"wp-block-ws-library-ws-image\"><div class=\"wrapper\"><div class=\"group-media\"><img decoding=\"async\" src=\"https:\/\/www.hautes-alpes.net\/wp-content\/uploads\/2025\/12\/gillesbaron1221-1816-1240x800.jpg\" alt=\"\" class=\"single_image ws-image-101365\"><div class=\"credits\">G. Baron<\/div><\/div><p class=\"caption\"><\/p><\/div><\/div>\n<\/div><\/div>\n<\/div>\n\n<div class=\"wp-block-ws-library-ws-columns has-2-columns are-vertically-aligned-center layout-5050\">\n<div class=\"wp-block-ws-library-ws-column\"><div class=\"wrapper\">\n<h2 class=\"wp-block-heading\"><strong>Alm-G\u00e4uler<\/strong><\/h2>\n\n\n\n<p>Was die lokale Bev\u00f6lkerung zusammenbringt: Hanglage, Relief, H\u00f6he und Klima. Eine Lebensweise, die den Charakter pr\u00e4gt. <\/p>\n\n\n\n<div class=\"wp-block-buttons is-layout-flex wp-block-buttons-is-layout-flex\">\n<div class=\"wp-block-button\"><a class=\"wp-block-button__link wp-element-button\" href=\"https:\/\/www.hautes-alpes.net\/de\/ikonische\/alm-gaeuler\/\">Lesen Sie<\/a><\/div>\n<\/div>\n<\/div><\/div>\n\n\n\n<div class=\"wp-block-ws-library-ws-column\"><div class=\"wrapper\">\n<div class=\"wp-block-ws-library-ws-image\"><div class=\"wrapper\"><div class=\"group-media\"><img decoding=\"async\" src=\"https:\/\/www.hautes-alpes.net\/wp-content\/uploads\/2025\/11\/itinera-magica-les-orres-24-1240x800.jpg\" alt=\"\" class=\"single_image ws-image-55077\"><div class=\"credits\">Itinera Magica<\/div><\/div><p class=\"caption\"><\/p><\/div><\/div>\n<\/div><\/div>\n<\/div>\n\n<div class=\"wp-block-ws-library-ws-columns has-2-columns are-vertically-aligned-center layout-5050\">\n<div class=\"wp-block-ws-library-ws-column\"><div class=\"wrapper\">\n<h2 class=\"wp-block-heading\"><strong>Naturw\u00e4chter<\/strong><\/h2>\n\n\n\n<p>Der Nationalpark Les \u00c9crins, die regionalen Naturparks Queyras und Baronnies Proven\u00e7ales, Naturreservate, Schatzk\u00e4stchen der Biodiversit\u00e4t, die Hautes-Alpes sind wie W\u00e4chter der Natur in einer Zeit des Umbruchs.<\/p>\n\n\n\n<div class=\"wp-block-buttons is-layout-flex wp-block-buttons-is-layout-flex\">\n<div class=\"wp-block-button\"><a class=\"wp-block-button__link wp-element-button\" href=\"https:\/\/www.hautes-alpes.net\/de\/ikonische\/naturwaechter\/\">Lesen Sie<\/a><\/div>\n<\/div>\n<\/div><\/div>\n\n\n\n<div class=\"wp-block-ws-library-ws-column\"><div class=\"wrapper\">\n<div class=\"wp-block-ws-library-ws-image\"><div class=\"wrapper\"><div class=\"group-media\"><img decoding=\"async\" src=\"https:\/\/www.hautes-alpes.net\/wp-content\/uploads\/2025\/11\/faune-duncan-mac-arthur-jpg-1-1-1240x800.jpg\" alt=\"\" class=\"single_image ws-image-78291\"><div class=\"credits\">D. MacArthur<\/div><\/div><p class=\"caption\"><\/p><\/div><\/div>\n<\/div><\/div>\n<\/div>\n\n<div class=\"wp-block-ws-library-ws-columns has-2-columns are-vertically-aligned-center layout-5050\">\n<div class=\"wp-block-ws-library-ws-column\"><div class=\"wrapper\">\n<h2 class=\"wp-block-heading\"><strong>Winterspiele, Sommerspiele<\/strong><\/h2>\n\n\n\n<p>Zwischen leuchtenden Gipfeln und geheimen T\u00e4lern bieten die Hautes-Alpes die sch\u00f6nsten Outdoor-Spots der Welt. Bergsteigen, Klettern, Paragliding, Wildwasser, Skifahren oder Radfahren&#8230; jede Sportart findet ihren Platz, jede Jahreszeit ihre Farbe und jede Leidenschaft ihren Atem. <\/p>\n\n\n\n<div class=\"wp-block-buttons is-layout-flex wp-block-buttons-is-layout-flex\">\n<div class=\"wp-block-button\"><a class=\"wp-block-button__link wp-element-button\" href=\"https:\/\/www.hautes-alpes.net\/de\/ikonische\/winterspiele-sommerspiele\/\">Lesen Sie<\/a><\/div>\n<\/div>\n<\/div><\/div>\n\n\n\n<div class=\"wp-block-ws-library-ws-column\"><div class=\"wrapper\">\n<div class=\"wp-block-ws-library-ws-image\"><div class=\"wrapper\"><div class=\"group-media\"><img decoding=\"async\" src=\"https:\/\/www.hautes-alpes.net\/wp-content\/uploads\/2025\/11\/glacier-blanc-famille-thibaut-blais-29-1240x800.jpg\" alt=\"\" class=\"single_image ws-image-58124\"><div class=\"credits\">T. Blais<\/div><\/div><p class=\"caption\"><\/p><\/div><\/div>\n<\/div><\/div>\n<\/div>\n\n<div class=\"wp-block-ws-library-ws-columns has-2-columns are-vertically-aligned-center layout-5050\">\n<div class=\"wp-block-ws-library-ws-column\"><div class=\"wrapper\">\n<h2 class=\"wp-block-heading\"><strong>Ein tausendj\u00e4hriges Erbe<\/strong><\/h2>\n\n\n\n<p>Durchqueren Sie D\u00f6rfer, die von Sch\u00f6nheit und Charakter gepr\u00e4gt sind. Hier ein farbenfroher Markt, ein Fest der Transhumanz, dort Holzscheunen, eine Pilgerfahrt zu einem Heiligtum, dort ein Musikfestival. <\/p>\n\n\n\n<div class=\"wp-block-buttons is-layout-flex wp-block-buttons-is-layout-flex\">\n<div class=\"wp-block-button\"><a class=\"wp-block-button__link wp-element-button\" href=\"https:\/\/www.hautes-alpes.net\/de\/ikonische\/ein-tausendjaehriges-erbe\/\">Lesen Sie<\/a><\/div>\n<\/div>\n<\/div><\/div>\n\n\n\n<div class=\"wp-block-ws-library-ws-column\"><div class=\"wrapper\">\n<div class=\"wp-block-ws-library-ws-image\"><div class=\"wrapper\"><div class=\"group-media\"><img decoding=\"async\" src=\"https:\/\/www.hautes-alpes.net\/wp-content\/uploads\/2025\/11\/les-hameaux-la-grave-les-terrasses-les-hyeres-le-chazelet-alpesphotographiescom-14-1-1240x800.jpg\" alt=\"\" class=\"single_image ws-image-76535\"><div class=\"credits\">Alpen Fotografien<\/div><\/div><p class=\"caption\"><\/p><\/div><\/div>\n<\/div><\/div>\n<\/div>\n\n<div class=\"wp-block-ws-library-ws-columns has-2-columns are-vertically-aligned-center layout-5050\">\n<div class=\"wp-block-ws-library-ws-column\"><div class=\"wrapper\">\n<h2 class=\"wp-block-heading\"><strong>Die gro\u00dfe Tafel<\/strong><\/h2>\n\n\n\n<p>Gourmetwanderung durch die verschiedenen L\u00e4nder der Hautes-Alpes.<\/p>\n\n\n\n<div class=\"wp-block-buttons is-layout-flex wp-block-buttons-is-layout-flex\">\n<div class=\"wp-block-button\"><a class=\"wp-block-button__link wp-element-button\" href=\"https:\/\/www.hautes-alpes.net\/de\/ikonische\/die-grosse-tafel\/\">Lesen Sie<\/a><\/div>\n<\/div>\n<\/div><\/div>\n\n\n\n<div class=\"wp-block-ws-library-ws-column\"><div class=\"wrapper\">\n<div class=\"wp-block-ws-library-ws-image\"><div class=\"wrapper\"><div class=\"group-media\"><img decoding=\"async\" src=\"https:\/\/www.hautes-alpes.net\/wp-content\/uploads\/2025\/11\/genepi-1-1240x800.jpg\" alt=\"\" class=\"single_image ws-image-82816\"><div class=\"credits\">P. Domeyne - AD05<\/div><\/div><p class=\"caption\"><\/p><\/div><\/div>\n<\/div><\/div>\n<\/div>\n\n<div class=\"wp-block-ws-library-ws-columns has-2-columns are-vertically-aligned-center layout-5050\">\n<div class=\"wp-block-ws-library-ws-column\"><div class=\"wrapper\">\n<h2 class=\"wp-block-heading\"><strong>Natur und Wirtschaft<\/strong><\/h2>\n\n\n\n<p>Mit einem begrenzten menschlichen Druck, einer vern\u00fcnftigen und kontrollierten Entwicklung stellt dieses Gebiet ein Modell f\u00fcr die Allianz zwischen Umwelt und Bewohnern dar, hin zu einer etwas mit der Natur vers\u00f6hnten Sparsamkeit.<\/p>\n\n\n\n<div class=\"wp-block-buttons is-layout-flex wp-block-buttons-is-layout-flex\">\n<div class=\"wp-block-button\"><a class=\"wp-block-button__link wp-element-button\" href=\"https:\/\/www.hautes-alpes.net\/de\/ikonische\/natur-und-wirtschaft\/\">Lesen Sie<\/a><\/div>\n<\/div>\n<\/div><\/div>\n\n\n\n<div class=\"wp-block-ws-library-ws-column\"><div class=\"wrapper\">\n<div class=\"wp-block-ws-library-ws-image\"><div class=\"wrapper\"><div class=\"group-media\"><img decoding=\"async\" src=\"https:\/\/www.hautes-alpes.net\/wp-content\/uploads\/2025\/12\/k7a0419-1-1240x800.jpg\" alt=\"\" class=\"single_image ws-image-91979\"><div class=\"credits\">T. Blais<\/div><\/div><p class=\"caption\"><\/p><\/div><\/div>\n<\/div><\/div>\n<\/div>\n\n<div class=\"wp-block-ws-library-ws-columns has-2-columns are-vertically-aligned-center layout-5050\">\n<div class=\"wp-block-ws-library-ws-column\"><div class=\"wrapper\">\n<h2 class=\"wp-block-heading\"><strong>Alpine Bergh\u00fctten<\/strong><\/h2>\n\n\n\n<p>Von den gr\u00fcnen T\u00e4lern bis zu den h\u00f6chsten Alpengipfeln gibt es in den Hautes-Alpes mehr als 40 Bergh\u00fctten, die das Tor zu den Bergen \u00f6ffnen.<\/p>\n\n\n\n<div class=\"wp-block-buttons is-layout-flex wp-block-buttons-is-layout-flex\">\n<div class=\"wp-block-button\"><a class=\"wp-block-button__link wp-element-button\" href=\"https:\/\/www.hautes-alpes.net\/de\/ikonische\/zufluchtsorte\/\">Lesen Sie<\/a><\/div>\n<\/div>\n<\/div><\/div>\n\n\n\n<div class=\"wp-block-ws-library-ws-column\"><div class=\"wrapper\">\n<div class=\"wp-block-ws-library-ws-image\"><div class=\"wrapper\"><div class=\"group-media\"><img decoding=\"async\" src=\"https:\/\/www.hautes-alpes.net\/wp-content\/uploads\/2025\/11\/ttour-de-la-meije-adele-planchard10-1240x800.jpg\" alt=\"\" class=\"single_image ws-image-78266\"><div class=\"credits\">T. Blais<\/div><\/div><p class=\"caption\"><\/p><\/div><\/div>\n<\/div><\/div>\n<\/div>\n\n<div class=\"wp-block-ws-library-ws-columns has-2-columns are-vertically-aligned-center layout-5050\">\n<div class=\"wp-block-ws-library-ws-column\"><div class=\"wrapper\">\n<h2 class=\"wp-block-heading\"><strong>Bergsteigerd\u00f6rfer<\/strong><\/h2>\n\n\n\n<p>Da der Alpinismus nun zum immateriellen Kulturerbe der Menschheit der UNESCO geh\u00f6rt, starten sieben Hochburgen des \u00c9crins (La Grave, Villar-d&#8217;Ar\u00e8ne, Le Mon\u00eatier-les-Bains, Vallouise-Pelvoux, La Chapelle-en-Valgaudemar, Saint-Christophe-en-Oisans und Valjouffrey) eine gemeinsame Initiative.<\/p>\n\n\n\n<div class=\"wp-block-buttons is-layout-flex wp-block-buttons-is-layout-flex\">\n<div class=\"wp-block-button\"><a class=\"wp-block-button__link wp-element-button\" href=\"https:\/\/www.hautes-alpes.net\/de\/ikonische\/bergsteigerdoerfer\/\">Lesen Sie<\/a><\/div>\n<\/div>\n<\/div><\/div>\n\n\n\n<div class=\"wp-block-ws-library-ws-column\"><div class=\"wrapper\">\n<div class=\"wp-block-ws-library-ws-image\"><div class=\"wrapper\"><div class=\"group-media\"><img decoding=\"async\" src=\"https:\/\/www.hautes-alpes.net\/wp-content\/uploads\/2025\/11\/les-hameaux-la-grave-les-terrasses-les-hyeres-le-chazelet-alpesphotographiescom-7-1240x800.jpg\" alt=\"\" class=\"single_image ws-image-78591\"><div class=\"credits\">Alpen Fotografien<\/div><\/div><p class=\"caption\"><\/p><\/div><\/div>\n<\/div><\/div>\n<\/div>\n\n<p><\/p>\n\n<div class=\"wp-block-ws-library-ws-share\"><span class=\"share-subtitle\">Hat Ihnen diese Seite gefallen?<\/span><span class=\"share-title\">Teilen Sie es mit anderen!<\/span><button class=\"ws-share-button wp-element-button\">Diese Seite teilen<\/button><\/div>\n","protected":false},"excerpt":{"rendered":"","protected":false},"author":2,"featured_media":0,"parent":0,"menu_order":0,"comment_status":"closed","ping_status":"closed","template":"","meta":{"is_dark_mode":true,"footnotes":""},"page_label":[],"class_list":["post-107966","page","type-page","status-publish","hentry"],"yoast_head":"<!-- This site is optimized with the Yoast SEO plugin v27.2 - https:\/\/yoast.com\/product\/yoast-seo-wordpress\/ -->\n<title>Ikonische - Hautes-Alpes<\/title>\n<meta name=\"description\" content=\"Ikonische Tour de France Die Hautes-Alpes sind untrennbar mit der Geschichte und der Gr\u00f6\u00dfe der Tour de France verbunden, sowohl durch die Sch\u00f6nheit der\" \/>\n<meta name=\"robots\" content=\"index, follow, max-snippet:-1, max-image-preview:large, max-video-preview:-1\" \/>\n<link rel=\"canonical\" href=\"https:\/\/www.hautes-alpes.net\/de\/ikonische\/\" \/>\n<meta property=\"og:locale\" content=\"de_DE\" \/>\n<meta property=\"og:type\" content=\"article\" \/>\n<meta property=\"og:title\" content=\"Ikonische - Hautes-Alpes\" \/>\n<meta property=\"og:description\" content=\"Ikonische Tour de France Die Hautes-Alpes sind untrennbar mit der Geschichte und der Gr\u00f6\u00dfe der Tour de France verbunden, sowohl durch die Sch\u00f6nheit der\" \/>\n<meta property=\"og:url\" content=\"https:\/\/www.hautes-alpes.net\/de\/ikonische\/\" \/>\n<meta property=\"og:site_name\" content=\"Hautes-Alpes\" \/>\n<meta property=\"article:modified_time\" content=\"2026-04-14T13:11:22+00:00\" \/>\n<meta property=\"og:image\" content=\"https:\/\/www.hautes-alpes.net\/wp-content\/uploads\/2025\/11\/20220714tdf1009-aso-charly-lopez-1240x800.jpg\" \/>\n<meta name=\"twitter:card\" content=\"summary_large_image\" \/>\n<meta name=\"twitter:label1\" content=\"Gesch\u00e4tzte Lesezeit\" \/>\n\t<meta name=\"twitter:data1\" content=\"2 Minuten\" \/>\n<script type=\"application\/ld+json\" class=\"yoast-schema-graph\">{\"@context\":\"https:\/\/schema.org\",\"@graph\":[{\"@type\":\"WebPage\",\"@id\":\"https:\/\/www.hautes-alpes.net\/de\/ikonische\/\",\"url\":\"https:\/\/www.hautes-alpes.net\/de\/ikonische\/\",\"name\":\"Ikonische - Hautes-Alpes\",\"isPartOf\":{\"@id\":\"https:\/\/www.hautes-alpes.net\/de\/#website\"},\"primaryImageOfPage\":{\"@id\":\"https:\/\/www.hautes-alpes.net\/de\/ikonische\/#primaryimage\"},\"image\":{\"@id\":\"https:\/\/www.hautes-alpes.net\/de\/ikonische\/#primaryimage\"},\"thumbnailUrl\":\"https:\/\/www.hautes-alpes.net\/wp-content\/uploads\/2025\/11\/20220714tdf1009-aso-charly-lopez-1240x800.jpg\",\"datePublished\":\"2025-11-12T11:43:24+00:00\",\"dateModified\":\"2026-04-14T13:11:22+00:00\",\"description\":\"Ikonische Tour de France Die Hautes-Alpes sind untrennbar mit der Geschichte und der Gr\u00f6\u00dfe der Tour de France verbunden, sowohl durch die Sch\u00f6nheit der\",\"breadcrumb\":{\"@id\":\"https:\/\/www.hautes-alpes.net\/de\/ikonische\/#breadcrumb\"},\"inLanguage\":\"de\",\"potentialAction\":[{\"@type\":\"ReadAction\",\"target\":[\"https:\/\/www.hautes-alpes.net\/de\/ikonische\/\"]}]},{\"@type\":\"ImageObject\",\"inLanguage\":\"de\",\"@id\":\"https:\/\/www.hautes-alpes.net\/de\/ikonische\/#primaryimage\",\"url\":\"https:\/\/www.hautes-alpes.net\/wp-content\/uploads\/2025\/11\/20220714tdf1009-aso-charly-lopez-1240x800.jpg\",\"contentUrl\":\"https:\/\/www.hautes-alpes.net\/wp-content\/uploads\/2025\/11\/20220714tdf1009-aso-charly-lopez-1240x800.jpg\"},{\"@type\":\"BreadcrumbList\",\"@id\":\"https:\/\/www.hautes-alpes.net\/de\/ikonische\/#breadcrumb\",\"itemListElement\":[{\"@type\":\"ListItem\",\"position\":1,\"name\":\"Home\",\"item\":\"https:\/\/www.hautes-alpes.net\/de\/hautes-alpes\/\"},{\"@type\":\"ListItem\",\"position\":2,\"name\":\"Ikonische\"}]},{\"@type\":\"WebSite\",\"@id\":\"https:\/\/www.hautes-alpes.net\/de\/#website\",\"url\":\"https:\/\/www.hautes-alpes.net\/de\/\",\"name\":\"ADDET\",\"description\":\"\",\"publisher\":{\"@id\":\"https:\/\/www.hautes-alpes.net\/de\/#organization\"},\"potentialAction\":[{\"@type\":\"SearchAction\",\"target\":{\"@type\":\"EntryPoint\",\"urlTemplate\":\"https:\/\/www.hautes-alpes.net\/de\/?s={search_term_string}\"},\"query-input\":{\"@type\":\"PropertyValueSpecification\",\"valueRequired\":true,\"valueName\":\"search_term_string\"}}],\"inLanguage\":\"de\"},{\"@type\":\"Organization\",\"@id\":\"https:\/\/www.hautes-alpes.net\/de\/#organization\",\"name\":\"Agence D\u00e9partementale de D\u00e9veloppement Economique et Touristique des Hautes-Alpes\",\"url\":\"https:\/\/www.hautes-alpes.net\/de\/\",\"logo\":{\"@type\":\"ImageObject\",\"inLanguage\":\"de\",\"@id\":\"https:\/\/www.hautes-alpes.net\/de\/#\/schema\/logo\/image\/\",\"url\":\"https:\/\/www.hautes-alpes.net\/wp-content\/uploads\/2026\/01\/black-logo-2.svg\",\"contentUrl\":\"https:\/\/www.hautes-alpes.net\/wp-content\/uploads\/2026\/01\/black-logo-2.svg\",\"caption\":\"Agence D\u00e9partementale de D\u00e9veloppement Economique et Touristique des Hautes-Alpes\"},\"image\":{\"@id\":\"https:\/\/www.hautes-alpes.net\/de\/#\/schema\/logo\/image\/\"}}]}<\/script>\n<!-- \/ Yoast SEO plugin. -->","yoast_head_json":{"title":"Ikonische - Hautes-Alpes","description":"Ikonische Tour de France Die Hautes-Alpes sind untrennbar mit der Geschichte und der Gr\u00f6\u00dfe der Tour de France verbunden, sowohl durch die Sch\u00f6nheit der","robots":{"index":"index","follow":"follow","max-snippet":"max-snippet:-1","max-image-preview":"max-image-preview:large","max-video-preview":"max-video-preview:-1"},"canonical":"https:\/\/www.hautes-alpes.net\/de\/ikonische\/","og_locale":"de_DE","og_type":"article","og_title":"Ikonische - Hautes-Alpes","og_description":"Ikonische Tour de France Die Hautes-Alpes sind untrennbar mit der Geschichte und der Gr\u00f6\u00dfe der Tour de France verbunden, sowohl durch die Sch\u00f6nheit der","og_url":"https:\/\/www.hautes-alpes.net\/de\/ikonische\/","og_site_name":"Hautes-Alpes","article_modified_time":"2026-04-14T13:11:22+00:00","og_image":[{"url":"https:\/\/www.hautes-alpes.net\/wp-content\/uploads\/2025\/11\/20220714tdf1009-aso-charly-lopez-1240x800.jpg","type":"","width":"","height":""}],"twitter_card":"summary_large_image","twitter_misc":{"Gesch\u00e4tzte Lesezeit":"2 Minuten"},"schema":{"@context":"https:\/\/schema.org","@graph":[{"@type":"WebPage","@id":"https:\/\/www.hautes-alpes.net\/de\/ikonische\/","url":"https:\/\/www.hautes-alpes.net\/de\/ikonische\/","name":"Ikonische - Hautes-Alpes","isPartOf":{"@id":"https:\/\/www.hautes-alpes.net\/de\/#website"},"primaryImageOfPage":{"@id":"https:\/\/www.hautes-alpes.net\/de\/ikonische\/#primaryimage"},"image":{"@id":"https:\/\/www.hautes-alpes.net\/de\/ikonische\/#primaryimage"},"thumbnailUrl":"https:\/\/www.hautes-alpes.net\/wp-content\/uploads\/2025\/11\/20220714tdf1009-aso-charly-lopez-1240x800.jpg","datePublished":"2025-11-12T11:43:24+00:00","dateModified":"2026-04-14T13:11:22+00:00","description":"Ikonische Tour de France Die Hautes-Alpes sind untrennbar mit der Geschichte und der Gr\u00f6\u00dfe der Tour de France verbunden, sowohl durch die Sch\u00f6nheit der","breadcrumb":{"@id":"https:\/\/www.hautes-alpes.net\/de\/ikonische\/#breadcrumb"},"inLanguage":"de","potentialAction":[{"@type":"ReadAction","target":["https:\/\/www.hautes-alpes.net\/de\/ikonische\/"]}]},{"@type":"ImageObject","inLanguage":"de","@id":"https:\/\/www.hautes-alpes.net\/de\/ikonische\/#primaryimage","url":"https:\/\/www.hautes-alpes.net\/wp-content\/uploads\/2025\/11\/20220714tdf1009-aso-charly-lopez-1240x800.jpg","contentUrl":"https:\/\/www.hautes-alpes.net\/wp-content\/uploads\/2025\/11\/20220714tdf1009-aso-charly-lopez-1240x800.jpg"},{"@type":"BreadcrumbList","@id":"https:\/\/www.hautes-alpes.net\/de\/ikonische\/#breadcrumb","itemListElement":[{"@type":"ListItem","position":1,"name":"Home","item":"https:\/\/www.hautes-alpes.net\/de\/hautes-alpes\/"},{"@type":"ListItem","position":2,"name":"Ikonische"}]},{"@type":"WebSite","@id":"https:\/\/www.hautes-alpes.net\/de\/#website","url":"https:\/\/www.hautes-alpes.net\/de\/","name":"ADDET","description":"","publisher":{"@id":"https:\/\/www.hautes-alpes.net\/de\/#organization"},"potentialAction":[{"@type":"SearchAction","target":{"@type":"EntryPoint","urlTemplate":"https:\/\/www.hautes-alpes.net\/de\/?s={search_term_string}"},"query-input":{"@type":"PropertyValueSpecification","valueRequired":true,"valueName":"search_term_string"}}],"inLanguage":"de"},{"@type":"Organization","@id":"https:\/\/www.hautes-alpes.net\/de\/#organization","name":"Agence D\u00e9partementale de D\u00e9veloppement Economique et Touristique des Hautes-Alpes","url":"https:\/\/www.hautes-alpes.net\/de\/","logo":{"@type":"ImageObject","inLanguage":"de","@id":"https:\/\/www.hautes-alpes.net\/de\/#\/schema\/logo\/image\/","url":"https:\/\/www.hautes-alpes.net\/wp-content\/uploads\/2026\/01\/black-logo-2.svg","contentUrl":"https:\/\/www.hautes-alpes.net\/wp-content\/uploads\/2026\/01\/black-logo-2.svg","caption":"Agence D\u00e9partementale de D\u00e9veloppement Economique et Touristique des Hautes-Alpes"},"image":{"@id":"https:\/\/www.hautes-alpes.net\/de\/#\/schema\/logo\/image\/"}}]}},"_links":{"self":[{"href":"https:\/\/www.hautes-alpes.net\/de\/wp-json\/wp\/v2\/pages\/107966","targetHints":{"allow":["GET"]}}],"collection":[{"href":"https:\/\/www.hautes-alpes.net\/de\/wp-json\/wp\/v2\/pages"}],"about":[{"href":"https:\/\/www.hautes-alpes.net\/de\/wp-json\/wp\/v2\/types\/page"}],"author":[{"embeddable":true,"href":"https:\/\/www.hautes-alpes.net\/de\/wp-json\/wp\/v2\/users\/2"}],"replies":[{"embeddable":true,"href":"https:\/\/www.hautes-alpes.net\/de\/wp-json\/wp\/v2\/comments?post=107966"}],"version-history":[{"count":10,"href":"https:\/\/www.hautes-alpes.net\/de\/wp-json\/wp\/v2\/pages\/107966\/revisions"}],"predecessor-version":[{"id":473361,"href":"https:\/\/www.hautes-alpes.net\/de\/wp-json\/wp\/v2\/pages\/107966\/revisions\/473361"}],"wp:attachment":[{"href":"https:\/\/www.hautes-alpes.net\/de\/wp-json\/wp\/v2\/media?parent=107966"}],"wp:term":[{"taxonomy":"page_label","embeddable":true,"href":"https:\/\/www.hautes-alpes.net\/de\/wp-json\/wp\/v2\/page_label?post=107966"}],"curies":[{"name":"wp","href":"https:\/\/api.w.org\/{rel}","templated":true}]}}