{"id":107947,"date":"2025-11-12T10:44:03","date_gmt":"2025-11-12T09:44:03","guid":{"rendered":"https:\/\/www.hautes-alpes.net\/1-000-pfoten-lauf-in-montgenevre\/"},"modified":"2025-12-12T11:36:43","modified_gmt":"2025-12-12T10:36:43","slug":"1-000-pfoten-lauf-in-montgenevre","status":"publish","type":"page","link":"https:\/\/www.hautes-alpes.net\/de\/titelseite\/1-000-pfoten-lauf-in-montgenevre\/","title":{"rendered":"1.000-Pfoten-Lauf in Montgen\u00e8vre"},"content":{"rendered":"\n<div class=\"wp-block-group alignfull hero-banner-cover-wide has-global-padding is-layout-constrained wp-block-group-is-layout-constrained\"><div class=\"yoast-breadcrumbs\"><span><span><a href=\"https:\/\/www.hautes-alpes.net\/de\/hautes-alpes\/\">Home<\/a><\/span>  <span><a href=\"https:\/\/www.hautes-alpes.net\/de\/titelseite\/\">Titelseite<\/a><\/span>  <span><a href=\"https:\/\/www.hautes-alpes.net\/de\/titelseite\/\">Titelseite<\/a><\/span>  <span class=\"breadcrumb_last\" aria-current=\"page\">1.000-Pfoten-Lauf in Montgen\u00e8vre<\/span><\/span><\/div>\n\n\n<h1 class=\"wp-block-ws-library-post-title\">1.000-Pfoten-Lauf in Montgen\u00e8vre<\/h1>\n\n\n\n<div class=\"wp-block-ws-library-media-embed ws-media-embed\"><img decoding=\"async\" src=\"https:\/\/www.hautes-alpes.net\/wp-content\/uploads\/2025\/11\/p2077190-2000x1000.jpg\" alt=\"\" class=\"ws-media-embed__image\" style=\"aspect-ratio:2000\/1000\"><\/div>\n\n\n\n<p class=\"subtitle\"><\/p>\n\n\n\n<p>Dieses farbenfrohe j\u00e4hrliche Sporttreffen bringt Kinder im Alter von <strong>5 bis 10 Jahren<\/strong> zusammen, um spielerisch gegeneinander anzutreten und die Zeit zu messen.<\/p>\n<\/div>\n\n<p><\/p>\n\n<div class=\"wp-block-ws-library-ws-share\"><span class=\"share-subtitle\">Hat Ihnen diese Seite gefallen?<\/span><span class=\"share-title\">Teilen Sie es mit anderen!<\/span><button class=\"ws-share-button wp-element-button\">Diese Seite teilen<\/button><\/div>\n\n<p><\/p>\n","protected":false},"excerpt":{"rendered":"<p>Dieses farbenfrohe j\u00e4hrliche Sporttreffen bringt Kinder im Alter von 5 bis 10 Jahren zusammen, um spielerisch gegeneinander anzutreten und die [&hellip;]<\/p>\n","protected":false},"author":2,"featured_media":0,"parent":108002,"menu_order":0,"comment_status":"closed","ping_status":"closed","template":"","meta":{"is_dark_mode":false,"footnotes":""},"page_label":[],"class_list":["post-107947","page","type-page","status-publish","hentry"],"yoast_head":"<!-- This site is optimized with the Yoast SEO plugin v27.2 - https:\/\/yoast.com\/product\/yoast-seo-wordpress\/ -->\n<title>1.000-Pfoten-Lauf in Montgen\u00e8vre - Hautes-Alpes<\/title>\n<meta name=\"description\" content=\"1.000-Pfoten-Lauf in Montgen\u00e8vre Dieses farbenfrohe j\u00e4hrliche Sporttreffen bringt Kinder im Alter von 5 bis 10 Jahren zusammen, um spielerisch\" \/>\n<meta name=\"robots\" content=\"index, follow, max-snippet:-1, max-image-preview:large, max-video-preview:-1\" \/>\n<link rel=\"canonical\" href=\"https:\/\/www.hautes-alpes.net\/de\/titelseite\/1-000-pfoten-lauf-in-montgenevre\/\" \/>\n<meta property=\"og:locale\" content=\"de_DE\" \/>\n<meta property=\"og:type\" content=\"article\" \/>\n<meta property=\"og:title\" content=\"1.000-Pfoten-Lauf in Montgen\u00e8vre - Hautes-Alpes\" \/>\n<meta property=\"og:description\" content=\"1.000-Pfoten-Lauf in Montgen\u00e8vre Dieses farbenfrohe j\u00e4hrliche Sporttreffen bringt Kinder im Alter von 5 bis 10 Jahren zusammen, um spielerisch\" \/>\n<meta property=\"og:url\" content=\"https:\/\/www.hautes-alpes.net\/de\/titelseite\/1-000-pfoten-lauf-in-montgenevre\/\" \/>\n<meta property=\"og:site_name\" content=\"Hautes-Alpes\" \/>\n<meta property=\"article:modified_time\" content=\"2025-12-12T10:36:43+00:00\" \/>\n<meta property=\"og:image\" content=\"https:\/\/www.hautes-alpes.net\/wp-content\/uploads\/2025\/11\/p2077190-2000x1000.jpg\" \/>\n<meta name=\"twitter:card\" content=\"summary_large_image\" \/>\n<script type=\"application\/ld+json\" class=\"yoast-schema-graph\">{\"@context\":\"https:\/\/schema.org\",\"@graph\":[{\"@type\":\"WebPage\",\"@id\":\"https:\/\/www.hautes-alpes.net\/de\/titelseite\/1-000-pfoten-lauf-in-montgenevre\/\",\"url\":\"https:\/\/www.hautes-alpes.net\/de\/titelseite\/1-000-pfoten-lauf-in-montgenevre\/\",\"name\":\"1.000-Pfoten-Lauf in Montgen\u00e8vre - Hautes-Alpes\",\"isPartOf\":{\"@id\":\"https:\/\/www.hautes-alpes.net\/de\/#website\"},\"primaryImageOfPage\":{\"@id\":\"https:\/\/www.hautes-alpes.net\/de\/titelseite\/1-000-pfoten-lauf-in-montgenevre\/#primaryimage\"},\"image\":{\"@id\":\"https:\/\/www.hautes-alpes.net\/de\/titelseite\/1-000-pfoten-lauf-in-montgenevre\/#primaryimage\"},\"thumbnailUrl\":\"https:\/\/www.hautes-alpes.net\/wp-content\/uploads\/2025\/11\/p2077190-2000x1000.jpg\",\"datePublished\":\"2025-11-12T09:44:03+00:00\",\"dateModified\":\"2025-12-12T10:36:43+00:00\",\"description\":\"1.000-Pfoten-Lauf in Montgen\u00e8vre Dieses farbenfrohe j\u00e4hrliche Sporttreffen bringt Kinder im Alter von 5 bis 10 Jahren zusammen, um spielerisch\",\"breadcrumb\":{\"@id\":\"https:\/\/www.hautes-alpes.net\/de\/titelseite\/1-000-pfoten-lauf-in-montgenevre\/#breadcrumb\"},\"inLanguage\":\"de\",\"potentialAction\":[{\"@type\":\"ReadAction\",\"target\":[\"https:\/\/www.hautes-alpes.net\/de\/titelseite\/1-000-pfoten-lauf-in-montgenevre\/\"]}]},{\"@type\":\"ImageObject\",\"inLanguage\":\"de\",\"@id\":\"https:\/\/www.hautes-alpes.net\/de\/titelseite\/1-000-pfoten-lauf-in-montgenevre\/#primaryimage\",\"url\":\"https:\/\/www.hautes-alpes.net\/wp-content\/uploads\/2025\/11\/p2077190-2000x1000.jpg\",\"contentUrl\":\"https:\/\/www.hautes-alpes.net\/wp-content\/uploads\/2025\/11\/p2077190-2000x1000.jpg\"},{\"@type\":\"BreadcrumbList\",\"@id\":\"https:\/\/www.hautes-alpes.net\/de\/titelseite\/1-000-pfoten-lauf-in-montgenevre\/#breadcrumb\",\"itemListElement\":[{\"@type\":\"ListItem\",\"position\":1,\"name\":\"Home\",\"item\":\"https:\/\/www.hautes-alpes.net\/de\/hautes-alpes\/\"},{\"@type\":\"ListItem\",\"position\":2,\"name\":\"Titelseite\",\"item\":\"https:\/\/www.hautes-alpes.net\/de\/titelseite\/\"},{\"@type\":\"ListItem\",\"position\":3,\"name\":\"Titelseite\",\"item\":\"https:\/\/www.hautes-alpes.net\/de\/titelseite\/\"},{\"@type\":\"ListItem\",\"position\":4,\"name\":\"1.000-Pfoten-Lauf in Montgen\u00e8vre\"}]},{\"@type\":\"WebSite\",\"@id\":\"https:\/\/www.hautes-alpes.net\/de\/#website\",\"url\":\"https:\/\/www.hautes-alpes.net\/de\/\",\"name\":\"ADDET\",\"description\":\"\",\"publisher\":{\"@id\":\"https:\/\/www.hautes-alpes.net\/de\/#organization\"},\"potentialAction\":[{\"@type\":\"SearchAction\",\"target\":{\"@type\":\"EntryPoint\",\"urlTemplate\":\"https:\/\/www.hautes-alpes.net\/de\/?s={search_term_string}\"},\"query-input\":{\"@type\":\"PropertyValueSpecification\",\"valueRequired\":true,\"valueName\":\"search_term_string\"}}],\"inLanguage\":\"de\"},{\"@type\":\"Organization\",\"@id\":\"https:\/\/www.hautes-alpes.net\/de\/#organization\",\"name\":\"Agence D\u00e9partementale de D\u00e9veloppement Economique et Touristique des Hautes-Alpes\",\"url\":\"https:\/\/www.hautes-alpes.net\/de\/\",\"logo\":{\"@type\":\"ImageObject\",\"inLanguage\":\"de\",\"@id\":\"https:\/\/www.hautes-alpes.net\/de\/#\/schema\/logo\/image\/\",\"url\":\"https:\/\/www.hautes-alpes.net\/wp-content\/uploads\/2026\/01\/black-logo-2.svg\",\"contentUrl\":\"https:\/\/www.hautes-alpes.net\/wp-content\/uploads\/2026\/01\/black-logo-2.svg\",\"caption\":\"Agence D\u00e9partementale de D\u00e9veloppement Economique et Touristique des Hautes-Alpes\"},\"image\":{\"@id\":\"https:\/\/www.hautes-alpes.net\/de\/#\/schema\/logo\/image\/\"}}]}<\/script>\n<!-- \/ Yoast SEO plugin. -->","yoast_head_json":{"title":"1.000-Pfoten-Lauf in Montgen\u00e8vre - Hautes-Alpes","description":"1.000-Pfoten-Lauf in Montgen\u00e8vre Dieses farbenfrohe j\u00e4hrliche Sporttreffen bringt Kinder im Alter von 5 bis 10 Jahren zusammen, um spielerisch","robots":{"index":"index","follow":"follow","max-snippet":"max-snippet:-1","max-image-preview":"max-image-preview:large","max-video-preview":"max-video-preview:-1"},"canonical":"https:\/\/www.hautes-alpes.net\/de\/titelseite\/1-000-pfoten-lauf-in-montgenevre\/","og_locale":"de_DE","og_type":"article","og_title":"1.000-Pfoten-Lauf in Montgen\u00e8vre - Hautes-Alpes","og_description":"1.000-Pfoten-Lauf in Montgen\u00e8vre Dieses farbenfrohe j\u00e4hrliche Sporttreffen bringt Kinder im Alter von 5 bis 10 Jahren zusammen, um spielerisch","og_url":"https:\/\/www.hautes-alpes.net\/de\/titelseite\/1-000-pfoten-lauf-in-montgenevre\/","og_site_name":"Hautes-Alpes","article_modified_time":"2025-12-12T10:36:43+00:00","og_image":[{"url":"https:\/\/www.hautes-alpes.net\/wp-content\/uploads\/2025\/11\/p2077190-2000x1000.jpg","type":"","width":"","height":""}],"twitter_card":"summary_large_image","schema":{"@context":"https:\/\/schema.org","@graph":[{"@type":"WebPage","@id":"https:\/\/www.hautes-alpes.net\/de\/titelseite\/1-000-pfoten-lauf-in-montgenevre\/","url":"https:\/\/www.hautes-alpes.net\/de\/titelseite\/1-000-pfoten-lauf-in-montgenevre\/","name":"1.000-Pfoten-Lauf in Montgen\u00e8vre - Hautes-Alpes","isPartOf":{"@id":"https:\/\/www.hautes-alpes.net\/de\/#website"},"primaryImageOfPage":{"@id":"https:\/\/www.hautes-alpes.net\/de\/titelseite\/1-000-pfoten-lauf-in-montgenevre\/#primaryimage"},"image":{"@id":"https:\/\/www.hautes-alpes.net\/de\/titelseite\/1-000-pfoten-lauf-in-montgenevre\/#primaryimage"},"thumbnailUrl":"https:\/\/www.hautes-alpes.net\/wp-content\/uploads\/2025\/11\/p2077190-2000x1000.jpg","datePublished":"2025-11-12T09:44:03+00:00","dateModified":"2025-12-12T10:36:43+00:00","description":"1.000-Pfoten-Lauf in Montgen\u00e8vre Dieses farbenfrohe j\u00e4hrliche Sporttreffen bringt Kinder im Alter von 5 bis 10 Jahren zusammen, um spielerisch","breadcrumb":{"@id":"https:\/\/www.hautes-alpes.net\/de\/titelseite\/1-000-pfoten-lauf-in-montgenevre\/#breadcrumb"},"inLanguage":"de","potentialAction":[{"@type":"ReadAction","target":["https:\/\/www.hautes-alpes.net\/de\/titelseite\/1-000-pfoten-lauf-in-montgenevre\/"]}]},{"@type":"ImageObject","inLanguage":"de","@id":"https:\/\/www.hautes-alpes.net\/de\/titelseite\/1-000-pfoten-lauf-in-montgenevre\/#primaryimage","url":"https:\/\/www.hautes-alpes.net\/wp-content\/uploads\/2025\/11\/p2077190-2000x1000.jpg","contentUrl":"https:\/\/www.hautes-alpes.net\/wp-content\/uploads\/2025\/11\/p2077190-2000x1000.jpg"},{"@type":"BreadcrumbList","@id":"https:\/\/www.hautes-alpes.net\/de\/titelseite\/1-000-pfoten-lauf-in-montgenevre\/#breadcrumb","itemListElement":[{"@type":"ListItem","position":1,"name":"Home","item":"https:\/\/www.hautes-alpes.net\/de\/hautes-alpes\/"},{"@type":"ListItem","position":2,"name":"Titelseite","item":"https:\/\/www.hautes-alpes.net\/de\/titelseite\/"},{"@type":"ListItem","position":3,"name":"Titelseite","item":"https:\/\/www.hautes-alpes.net\/de\/titelseite\/"},{"@type":"ListItem","position":4,"name":"1.000-Pfoten-Lauf in Montgen\u00e8vre"}]},{"@type":"WebSite","@id":"https:\/\/www.hautes-alpes.net\/de\/#website","url":"https:\/\/www.hautes-alpes.net\/de\/","name":"ADDET","description":"","publisher":{"@id":"https:\/\/www.hautes-alpes.net\/de\/#organization"},"potentialAction":[{"@type":"SearchAction","target":{"@type":"EntryPoint","urlTemplate":"https:\/\/www.hautes-alpes.net\/de\/?s={search_term_string}"},"query-input":{"@type":"PropertyValueSpecification","valueRequired":true,"valueName":"search_term_string"}}],"inLanguage":"de"},{"@type":"Organization","@id":"https:\/\/www.hautes-alpes.net\/de\/#organization","name":"Agence D\u00e9partementale de D\u00e9veloppement Economique et Touristique des Hautes-Alpes","url":"https:\/\/www.hautes-alpes.net\/de\/","logo":{"@type":"ImageObject","inLanguage":"de","@id":"https:\/\/www.hautes-alpes.net\/de\/#\/schema\/logo\/image\/","url":"https:\/\/www.hautes-alpes.net\/wp-content\/uploads\/2026\/01\/black-logo-2.svg","contentUrl":"https:\/\/www.hautes-alpes.net\/wp-content\/uploads\/2026\/01\/black-logo-2.svg","caption":"Agence D\u00e9partementale de D\u00e9veloppement Economique et Touristique des Hautes-Alpes"},"image":{"@id":"https:\/\/www.hautes-alpes.net\/de\/#\/schema\/logo\/image\/"}}]}},"_links":{"self":[{"href":"https:\/\/www.hautes-alpes.net\/de\/wp-json\/wp\/v2\/pages\/107947","targetHints":{"allow":["GET"]}}],"collection":[{"href":"https:\/\/www.hautes-alpes.net\/de\/wp-json\/wp\/v2\/pages"}],"about":[{"href":"https:\/\/www.hautes-alpes.net\/de\/wp-json\/wp\/v2\/types\/page"}],"author":[{"embeddable":true,"href":"https:\/\/www.hautes-alpes.net\/de\/wp-json\/wp\/v2\/users\/2"}],"replies":[{"embeddable":true,"href":"https:\/\/www.hautes-alpes.net\/de\/wp-json\/wp\/v2\/comments?post=107947"}],"version-history":[{"count":1,"href":"https:\/\/www.hautes-alpes.net\/de\/wp-json\/wp\/v2\/pages\/107947\/revisions"}],"predecessor-version":[{"id":107948,"href":"https:\/\/www.hautes-alpes.net\/de\/wp-json\/wp\/v2\/pages\/107947\/revisions\/107948"}],"up":[{"embeddable":true,"href":"https:\/\/www.hautes-alpes.net\/de\/wp-json\/wp\/v2\/pages\/108002"}],"wp:attachment":[{"href":"https:\/\/www.hautes-alpes.net\/de\/wp-json\/wp\/v2\/media?parent=107947"}],"wp:term":[{"taxonomy":"page_label","embeddable":true,"href":"https:\/\/www.hautes-alpes.net\/de\/wp-json\/wp\/v2\/page_label?post=107947"}],"curies":[{"name":"wp","href":"https:\/\/api.w.org\/{rel}","templated":true}]}}