{"id":107564,"date":"2025-11-19T08:49:35","date_gmt":"2025-11-19T07:49:35","guid":{"rendered":"https:\/\/www.hautes-alpes.net\/die-1-000-pfoten\/"},"modified":"2025-12-12T11:33:04","modified_gmt":"2025-12-12T10:33:04","slug":"die-1-000-pfoten","status":"publish","type":"page","link":"https:\/\/www.hautes-alpes.net\/de\/die-1-000-pfoten\/","title":{"rendered":"Die 1.000 Pfoten"},"content":{"rendered":"\n<div class=\"wp-block-group alignfull hero-banner-cover-wide has-global-padding is-layout-constrained wp-block-group-is-layout-constrained\"><div class=\"yoast-breadcrumbs\"><span><span><a href=\"https:\/\/www.hautes-alpes.net\/de\/hautes-alpes\/\">Home<\/a><\/span>  <span class=\"breadcrumb_last\" aria-current=\"page\">Die 1.000 Pfoten<\/span><\/span><\/div>\n\n\n<h1 class=\"wp-block-ws-library-post-title\">Die 1.000 Pfoten<\/h1>\n\n\n\n<div class=\"wp-block-ws-library-media-embed ws-media-embed\"><img decoding=\"async\" src=\"https:\/\/www.hautes-alpes.net\/wp-content\/uploads\/2025\/11\/p1211754-scaled-1-2000x1000.jpg\" alt=\"\" class=\"ws-media-embed__image\" style=\"aspect-ratio:2000\/1000\"><\/div>\n\n\n\n<p class=\"subtitle\"><\/p>\n\n\n\n<p><\/p>\n<\/div>\n\n<p>In Montgen\u00e8vre endet die Skisaison der kleinen Champions in einer ebenso sportlichen wie festlichen Atmosph\u00e4re mit dem ber\u00fchmten 1000-Pfoten-Rennen, dem gr\u00f6\u00dften Treffen junger Skifahrer in Frankreich. Wie ein letztes gro\u00dfes Treffen ist dieses Rennen mit Zeitmessung vor allem ein Moment des Teilens und der Geselligkeit: eine letzte Gelegenheit, die Startnummern anzuziehen, sich auf den Strecken zu messen und vor allem das Ende einer sch\u00f6nen Wettkampfsaison zu feiern. L\u00e4cheln, Teamgeist und viel Spa\u00df sind garantiert!  <\/p>\n\n<div class=\"wp-block-ws-library-ws-share\"><span class=\"share-subtitle\">Hat Ihnen diese Seite gefallen?<\/span><span class=\"share-title\">Teilen Sie es mit anderen!<\/span><button class=\"ws-share-button wp-element-button\">Diese Seite teilen<\/button><\/div>\n","protected":false},"excerpt":{"rendered":"<p>In Montgen\u00e8vre endet die Skisaison der kleinen Champions in einer ebenso sportlichen wie festlichen Atmosph\u00e4re mit dem ber\u00fchmten 1000-Pfoten-Rennen, dem [&hellip;]<\/p>\n","protected":false},"author":5,"featured_media":107565,"parent":0,"menu_order":0,"comment_status":"closed","ping_status":"closed","template":"","meta":{"is_dark_mode":false,"footnotes":""},"page_label":[7738],"class_list":["post-107564","page","type-page","status-publish","has-post-thumbnail","hentry"],"yoast_head":"<!-- This site is optimized with the Yoast SEO plugin v27.2 - https:\/\/yoast.com\/product\/yoast-seo-wordpress\/ -->\n<title>Die 1.000 Pfoten - Hautes-Alpes<\/title>\n<meta name=\"description\" content=\"Die 1.000 Pfoten In Montgen\u00e8vre endet die Skisaison der kleinen Champions in einer ebenso sportlichen wie festlichen Atmosph\u00e4re mit dem ber\u00fchmten\" \/>\n<meta name=\"robots\" content=\"index, follow, max-snippet:-1, max-image-preview:large, max-video-preview:-1\" \/>\n<link rel=\"canonical\" href=\"https:\/\/www.hautes-alpes.net\/de\/die-1-000-pfoten\/\" \/>\n<meta property=\"og:locale\" content=\"de_DE\" \/>\n<meta property=\"og:type\" content=\"article\" \/>\n<meta property=\"og:title\" content=\"Die 1.000 Pfoten - Hautes-Alpes\" \/>\n<meta property=\"og:description\" content=\"Die 1.000 Pfoten In Montgen\u00e8vre endet die Skisaison der kleinen Champions in einer ebenso sportlichen wie festlichen Atmosph\u00e4re mit dem ber\u00fchmten\" \/>\n<meta property=\"og:url\" content=\"https:\/\/www.hautes-alpes.net\/de\/die-1-000-pfoten\/\" \/>\n<meta property=\"og:site_name\" content=\"Hautes-Alpes\" \/>\n<meta property=\"article:modified_time\" content=\"2025-12-12T10:33:04+00:00\" \/>\n<meta property=\"og:image\" content=\"https:\/\/www.hautes-alpes.net\/wp-content\/uploads\/2025\/11\/p1211754-scaled-1.jpg\" \/>\n\t<meta property=\"og:image:width\" content=\"2560\" \/>\n\t<meta property=\"og:image:height\" content=\"1442\" \/>\n\t<meta property=\"og:image:type\" content=\"image\/jpeg\" \/>\n<meta name=\"twitter:card\" content=\"summary_large_image\" \/>\n<script type=\"application\/ld+json\" class=\"yoast-schema-graph\">{\"@context\":\"https:\/\/schema.org\",\"@graph\":[{\"@type\":\"WebPage\",\"@id\":\"https:\/\/www.hautes-alpes.net\/de\/die-1-000-pfoten\/\",\"url\":\"https:\/\/www.hautes-alpes.net\/de\/die-1-000-pfoten\/\",\"name\":\"Die 1.000 Pfoten - Hautes-Alpes\",\"isPartOf\":{\"@id\":\"https:\/\/www.hautes-alpes.net\/de\/#website\"},\"primaryImageOfPage\":{\"@id\":\"https:\/\/www.hautes-alpes.net\/de\/die-1-000-pfoten\/#primaryimage\"},\"image\":{\"@id\":\"https:\/\/www.hautes-alpes.net\/de\/die-1-000-pfoten\/#primaryimage\"},\"thumbnailUrl\":\"https:\/\/www.hautes-alpes.net\/wp-content\/uploads\/2025\/11\/p1211754-scaled-1.jpg\",\"datePublished\":\"2025-11-19T07:49:35+00:00\",\"dateModified\":\"2025-12-12T10:33:04+00:00\",\"description\":\"Die 1.000 Pfoten In Montgen\u00e8vre endet die Skisaison der kleinen Champions in einer ebenso sportlichen wie festlichen Atmosph\u00e4re mit dem ber\u00fchmten\",\"breadcrumb\":{\"@id\":\"https:\/\/www.hautes-alpes.net\/de\/die-1-000-pfoten\/#breadcrumb\"},\"inLanguage\":\"de\",\"potentialAction\":[{\"@type\":\"ReadAction\",\"target\":[\"https:\/\/www.hautes-alpes.net\/de\/die-1-000-pfoten\/\"]}]},{\"@type\":\"ImageObject\",\"inLanguage\":\"de\",\"@id\":\"https:\/\/www.hautes-alpes.net\/de\/die-1-000-pfoten\/#primaryimage\",\"url\":\"https:\/\/www.hautes-alpes.net\/wp-content\/uploads\/2025\/11\/p1211754-scaled-1.jpg\",\"contentUrl\":\"https:\/\/www.hautes-alpes.net\/wp-content\/uploads\/2025\/11\/p1211754-scaled-1.jpg\",\"width\":2560,\"height\":1442},{\"@type\":\"BreadcrumbList\",\"@id\":\"https:\/\/www.hautes-alpes.net\/de\/die-1-000-pfoten\/#breadcrumb\",\"itemListElement\":[{\"@type\":\"ListItem\",\"position\":1,\"name\":\"Home\",\"item\":\"https:\/\/www.hautes-alpes.net\/de\/hautes-alpes\/\"},{\"@type\":\"ListItem\",\"position\":2,\"name\":\"Die 1.000 Pfoten\"}]},{\"@type\":\"WebSite\",\"@id\":\"https:\/\/www.hautes-alpes.net\/de\/#website\",\"url\":\"https:\/\/www.hautes-alpes.net\/de\/\",\"name\":\"ADDET\",\"description\":\"\",\"publisher\":{\"@id\":\"https:\/\/www.hautes-alpes.net\/de\/#organization\"},\"potentialAction\":[{\"@type\":\"SearchAction\",\"target\":{\"@type\":\"EntryPoint\",\"urlTemplate\":\"https:\/\/www.hautes-alpes.net\/de\/?s={search_term_string}\"},\"query-input\":{\"@type\":\"PropertyValueSpecification\",\"valueRequired\":true,\"valueName\":\"search_term_string\"}}],\"inLanguage\":\"de\"},{\"@type\":\"Organization\",\"@id\":\"https:\/\/www.hautes-alpes.net\/de\/#organization\",\"name\":\"Agence D\u00e9partementale de D\u00e9veloppement Economique et Touristique des Hautes-Alpes\",\"url\":\"https:\/\/www.hautes-alpes.net\/de\/\",\"logo\":{\"@type\":\"ImageObject\",\"inLanguage\":\"de\",\"@id\":\"https:\/\/www.hautes-alpes.net\/de\/#\/schema\/logo\/image\/\",\"url\":\"https:\/\/www.hautes-alpes.net\/wp-content\/uploads\/2026\/01\/black-logo-2.svg\",\"contentUrl\":\"https:\/\/www.hautes-alpes.net\/wp-content\/uploads\/2026\/01\/black-logo-2.svg\",\"caption\":\"Agence D\u00e9partementale de D\u00e9veloppement Economique et Touristique des Hautes-Alpes\"},\"image\":{\"@id\":\"https:\/\/www.hautes-alpes.net\/de\/#\/schema\/logo\/image\/\"}}]}<\/script>\n<!-- \/ Yoast SEO plugin. -->","yoast_head_json":{"title":"Die 1.000 Pfoten - Hautes-Alpes","description":"Die 1.000 Pfoten In Montgen\u00e8vre endet die Skisaison der kleinen Champions in einer ebenso sportlichen wie festlichen Atmosph\u00e4re mit dem ber\u00fchmten","robots":{"index":"index","follow":"follow","max-snippet":"max-snippet:-1","max-image-preview":"max-image-preview:large","max-video-preview":"max-video-preview:-1"},"canonical":"https:\/\/www.hautes-alpes.net\/de\/die-1-000-pfoten\/","og_locale":"de_DE","og_type":"article","og_title":"Die 1.000 Pfoten - Hautes-Alpes","og_description":"Die 1.000 Pfoten In Montgen\u00e8vre endet die Skisaison der kleinen Champions in einer ebenso sportlichen wie festlichen Atmosph\u00e4re mit dem ber\u00fchmten","og_url":"https:\/\/www.hautes-alpes.net\/de\/die-1-000-pfoten\/","og_site_name":"Hautes-Alpes","article_modified_time":"2025-12-12T10:33:04+00:00","og_image":[{"width":2560,"height":1442,"url":"https:\/\/www.hautes-alpes.net\/wp-content\/uploads\/2025\/11\/p1211754-scaled-1.jpg","type":"image\/jpeg"}],"twitter_card":"summary_large_image","schema":{"@context":"https:\/\/schema.org","@graph":[{"@type":"WebPage","@id":"https:\/\/www.hautes-alpes.net\/de\/die-1-000-pfoten\/","url":"https:\/\/www.hautes-alpes.net\/de\/die-1-000-pfoten\/","name":"Die 1.000 Pfoten - Hautes-Alpes","isPartOf":{"@id":"https:\/\/www.hautes-alpes.net\/de\/#website"},"primaryImageOfPage":{"@id":"https:\/\/www.hautes-alpes.net\/de\/die-1-000-pfoten\/#primaryimage"},"image":{"@id":"https:\/\/www.hautes-alpes.net\/de\/die-1-000-pfoten\/#primaryimage"},"thumbnailUrl":"https:\/\/www.hautes-alpes.net\/wp-content\/uploads\/2025\/11\/p1211754-scaled-1.jpg","datePublished":"2025-11-19T07:49:35+00:00","dateModified":"2025-12-12T10:33:04+00:00","description":"Die 1.000 Pfoten In Montgen\u00e8vre endet die Skisaison der kleinen Champions in einer ebenso sportlichen wie festlichen Atmosph\u00e4re mit dem ber\u00fchmten","breadcrumb":{"@id":"https:\/\/www.hautes-alpes.net\/de\/die-1-000-pfoten\/#breadcrumb"},"inLanguage":"de","potentialAction":[{"@type":"ReadAction","target":["https:\/\/www.hautes-alpes.net\/de\/die-1-000-pfoten\/"]}]},{"@type":"ImageObject","inLanguage":"de","@id":"https:\/\/www.hautes-alpes.net\/de\/die-1-000-pfoten\/#primaryimage","url":"https:\/\/www.hautes-alpes.net\/wp-content\/uploads\/2025\/11\/p1211754-scaled-1.jpg","contentUrl":"https:\/\/www.hautes-alpes.net\/wp-content\/uploads\/2025\/11\/p1211754-scaled-1.jpg","width":2560,"height":1442},{"@type":"BreadcrumbList","@id":"https:\/\/www.hautes-alpes.net\/de\/die-1-000-pfoten\/#breadcrumb","itemListElement":[{"@type":"ListItem","position":1,"name":"Home","item":"https:\/\/www.hautes-alpes.net\/de\/hautes-alpes\/"},{"@type":"ListItem","position":2,"name":"Die 1.000 Pfoten"}]},{"@type":"WebSite","@id":"https:\/\/www.hautes-alpes.net\/de\/#website","url":"https:\/\/www.hautes-alpes.net\/de\/","name":"ADDET","description":"","publisher":{"@id":"https:\/\/www.hautes-alpes.net\/de\/#organization"},"potentialAction":[{"@type":"SearchAction","target":{"@type":"EntryPoint","urlTemplate":"https:\/\/www.hautes-alpes.net\/de\/?s={search_term_string}"},"query-input":{"@type":"PropertyValueSpecification","valueRequired":true,"valueName":"search_term_string"}}],"inLanguage":"de"},{"@type":"Organization","@id":"https:\/\/www.hautes-alpes.net\/de\/#organization","name":"Agence D\u00e9partementale de D\u00e9veloppement Economique et Touristique des Hautes-Alpes","url":"https:\/\/www.hautes-alpes.net\/de\/","logo":{"@type":"ImageObject","inLanguage":"de","@id":"https:\/\/www.hautes-alpes.net\/de\/#\/schema\/logo\/image\/","url":"https:\/\/www.hautes-alpes.net\/wp-content\/uploads\/2026\/01\/black-logo-2.svg","contentUrl":"https:\/\/www.hautes-alpes.net\/wp-content\/uploads\/2026\/01\/black-logo-2.svg","caption":"Agence D\u00e9partementale de D\u00e9veloppement Economique et Touristique des Hautes-Alpes"},"image":{"@id":"https:\/\/www.hautes-alpes.net\/de\/#\/schema\/logo\/image\/"}}]}},"_links":{"self":[{"href":"https:\/\/www.hautes-alpes.net\/de\/wp-json\/wp\/v2\/pages\/107564","targetHints":{"allow":["GET"]}}],"collection":[{"href":"https:\/\/www.hautes-alpes.net\/de\/wp-json\/wp\/v2\/pages"}],"about":[{"href":"https:\/\/www.hautes-alpes.net\/de\/wp-json\/wp\/v2\/types\/page"}],"author":[{"embeddable":true,"href":"https:\/\/www.hautes-alpes.net\/de\/wp-json\/wp\/v2\/users\/5"}],"replies":[{"embeddable":true,"href":"https:\/\/www.hautes-alpes.net\/de\/wp-json\/wp\/v2\/comments?post=107564"}],"version-history":[{"count":1,"href":"https:\/\/www.hautes-alpes.net\/de\/wp-json\/wp\/v2\/pages\/107564\/revisions"}],"predecessor-version":[{"id":107566,"href":"https:\/\/www.hautes-alpes.net\/de\/wp-json\/wp\/v2\/pages\/107564\/revisions\/107566"}],"wp:featuredmedia":[{"embeddable":true,"href":"https:\/\/www.hautes-alpes.net\/de\/wp-json\/wp\/v2\/media\/107565"}],"wp:attachment":[{"href":"https:\/\/www.hautes-alpes.net\/de\/wp-json\/wp\/v2\/media?parent=107564"}],"wp:term":[{"taxonomy":"page_label","embeddable":true,"href":"https:\/\/www.hautes-alpes.net\/de\/wp-json\/wp\/v2\/page_label?post=107564"}],"curies":[{"name":"wp","href":"https:\/\/api.w.org\/{rel}","templated":true}]}}