{"id":106970,"date":"2025-12-09T14:40:57","date_gmt":"2025-12-09T13:40:57","guid":{"rendered":"https:\/\/www.hautes-alpes.net\/pressebereich\/"},"modified":"2026-03-25T16:09:24","modified_gmt":"2026-03-25T15:09:24","slug":"pressebereich","status":"publish","type":"page","link":"https:\/\/www.hautes-alpes.net\/de\/die-entwicklungsagentur\/profi-bereich\/pressebereich\/","title":{"rendered":"Presse"},"content":{"rendered":"\n<div class=\"wp-block-group alignfull hero-banner-simple has-global-padding is-layout-constrained wp-block-group-is-layout-constrained\"><div class=\"yoast-breadcrumbs\"><span><span><a href=\"https:\/\/www.hautes-alpes.net\/de\/hautes-alpes\/\">Home<\/a><\/span>  <span><a href=\"https:\/\/www.hautes-alpes.net\/de\/die-entwicklungsagentur\/profi-bereich\/\">Profi-Bereich<\/a><\/span>  <span><a href=\"https:\/\/www.hautes-alpes.net\/de\/die-entwicklungsagentur\/\">Die Entwicklungsagentur<\/a><\/span>  <span><a href=\"https:\/\/www.hautes-alpes.net\/de\/die-entwicklungsagentur\/profi-bereich\/\">Profi-Bereich<\/a><\/span>  <span class=\"breadcrumb_last\" aria-current=\"page\">Presse<\/span><\/span><\/div>\n\n\n<h1 class=\"wp-block-ws-library-post-title\">Presse<\/h1>\n\n\n\n<p class=\"subtitle\"><\/p>\n\n\n\n<p>Willkommen in unserem <strong>Pressebereich<\/strong>, dem bevorzugten Zugangspunkt, um alles \u00fcber unsere Nachrichten zu erfahren und zu verstehen. Hier finden Sie Pressemappen, Bildmaterial und wichtige Ressourcen, um Ihnen klare, inspirierende und aktuelle Informationen zu bieten. <\/p>\n<\/div>\n\n<div style=\"height:33px\" aria-hidden=\"true\" class=\"wp-block-spacer\"><\/div>\n\n<h2 class=\"wp-block-heading\">Schl\u00fcsselzahlen zum <strong>Tourismus <\/strong> <\/h2>\n\n<p>Die Hautes-Alpes, das <strong><a href=\"https:\/\/www.hautes-alpes.net\/de\/ikonische\/naturwaechter\/\">das unber\u00fchrteste Departement des Alpenbogens.<\/a><\/strong>Die Alpen haben es verstanden, ein Gleichgewicht zwischen der Erhaltung und der Aufwertung einer au\u00dfergew\u00f6hnlichen Natur, ihrem gr\u00f6\u00dften Reichtum, zu finden. Im oberen Bereich gibt es viele <strong>tugendhafte und sparsame Initiativen<\/strong>.<\/p>\n\n<div class=\"wp-block-ws-library-ws-columns has-2-columns are-vertically-aligned-center layout-5050\">\n<div class=\"wp-block-ws-library-ws-column\"><div class=\"wrapper\">\n<div class=\"wp-block-ws-library-ws-image is-style-simple\"><div class=\"wrapper\"><div class=\"group-media\"><img decoding=\"async\" src=\"https:\/\/www.hautes-alpes.net\/wp-content\/uploads\/2025\/12\/chiffres-cles-1.png\" alt=\"\" class=\"single_image ws-image-116017\"><div class=\"credits\"><\/div><\/div><p class=\"caption\"><\/p><\/div><\/div>\n<\/div><\/div>\n\n\n\n<div class=\"wp-block-ws-library-ws-column\"><div class=\"wrapper\">\n<p><\/p>\n<\/div><\/div>\n<\/div>\n\n<div class=\"wp-block-ws-library-ws-columns has-2-columns are-vertically-aligned-center layout-5050\">\n<div class=\"wp-block-ws-library-ws-column\"><div class=\"wrapper\">\n<div class=\"wp-block-ws-library-ws-image is-style-simple\"><div class=\"wrapper\"><div class=\"group-media\"><img decoding=\"async\" src=\"https:\/\/www.hautes-alpes.net\/wp-content\/uploads\/2025\/12\/chiffres-cles-3.png\" alt=\"\" class=\"single_image ws-image-116019\"><div class=\"credits\"><\/div><\/div><p class=\"caption\"><\/p><\/div><\/div>\n<\/div><\/div>\n\n\n\n<div class=\"wp-block-ws-library-ws-column\"><div class=\"wrapper\">\n<div class=\"wp-block-ws-library-ws-image is-style-simple\"><div class=\"wrapper\"><div class=\"group-media\"><img decoding=\"async\" src=\"https:\/\/www.hautes-alpes.net\/wp-content\/uploads\/2025\/12\/chiffres-cles-4.png\" alt=\"\" class=\"single_image ws-image-116018\"><div class=\"credits\"><\/div><\/div><p class=\"caption\"><\/p><\/div><\/div>\n<\/div><\/div>\n<\/div>\n\n<h2 class=\"wp-block-heading\"><strong>Kundenprofile<\/strong><\/h2>\n\n<p>Die Kunden der S\u00fcdalpen werden <strong>immer j\u00fcnger<\/strong> (36% unter 25 Jahren), <strong>internationaler<\/strong> (30% Ausl\u00e4nder), treuer (91% Wiederholer) und mehr denn je <strong> <a href=\"https:\/\/www.hautes-alpes.net\/de\/erfahrungen-hautes-alpes\/\">Outdoor-Aktivisten<\/a><\/strong> (79% der Urlauber) mit einer erneuten und immer st\u00e4rkeren Begeisterung f\u00fcr Aktivit\u00e4ten wie Bergsteigen, Klettern, Wildwasser und nat\u00fcrlich Radfahren.<\/p>\n\n<p>Die Hautes-Alpes sind <strong>mehr denn je auf die Erwartungen der neuen Generationen ausgerichtet<\/strong>.<\/p>\n\n<div style=\"height:15px\" aria-hidden=\"true\" class=\"wp-block-spacer\"><\/div>\n\n<div class=\"wp-block-ws-library-percentage-items ws-percentage-items\"><div class=\"list-items ws-percentage-items__list\">\n<div class=\"wp-block-ws-library-percentage-item ws-percentage-item\" data-percentage=\"70\"><div class=\"group-circle\"><svg class=\"circle\" viewbox=\"0 0 120 120\"><defs><lineargradient id=\"gradient-item-37186c67-3864-4363-8c76-32f65aae8253\" x1=\"0%\" y1=\"0%\" x2=\"100%\" y2=\"100%\"><stop offset=\"0%\" stop-color=\"#3b82f6\"\/><stop offset=\"100%\" stop-color=\"#2563eb\"\/><\/lineargradient><\/defs><circle class=\"circle-bg\" cx=\"60\" cy=\"60\" r=\"54\"\/><circle class=\"circle-progress\" cx=\"60\" cy=\"60\" r=\"54\" style=\"stroke-dasharray:237.50439999999998 339.292\"\/><\/svg><div class=\"circle-text\"><span class=\"value\">70<\/span><span class=\"symbol\">%<\/span><\/div><\/div><div class=\"group-content\"><div class=\"field-text\">Franz\u00f6sisch<\/div><\/div><\/div>\n\n\n\n<div class=\"wp-block-ws-library-percentage-item ws-percentage-item\" data-percentage=\"30\"><div class=\"group-circle\"><svg class=\"circle\" viewbox=\"0 0 120 120\"><defs><lineargradient id=\"gradient-item-5898d2c4-63bf-4fd5-ad50-1d1e00ad61d2\" x1=\"0%\" y1=\"0%\" x2=\"100%\" y2=\"100%\"><stop offset=\"0%\" stop-color=\"#3b82f6\"\/><stop offset=\"100%\" stop-color=\"#2563eb\"\/><\/lineargradient><\/defs><circle class=\"circle-bg\" cx=\"60\" cy=\"60\" r=\"54\"\/><circle class=\"circle-progress\" cx=\"60\" cy=\"60\" r=\"54\" style=\"stroke-dasharray:101.78759999999998 339.292\"\/><\/svg><div class=\"circle-text\"><span class=\"value\">30<\/span><span class=\"symbol\">%<\/span><\/div><\/div><div class=\"group-content\"><div class=\"field-text\">von Ausl\u00e4ndern<\/div><\/div><\/div>\n\n\n\n<div class=\"wp-block-ws-library-percentage-item ws-percentage-item\" data-percentage=\"91\"><div class=\"group-circle\"><svg class=\"circle\" viewbox=\"0 0 120 120\"><defs><lineargradient id=\"gradient-item-ebd82f1b-aadc-49a6-99e2-9049f687aedf\" x1=\"0%\" y1=\"0%\" x2=\"100%\" y2=\"100%\"><stop offset=\"0%\" stop-color=\"#3b82f6\"\/><stop offset=\"100%\" stop-color=\"#2563eb\"\/><\/lineargradient><\/defs><circle class=\"circle-bg\" cx=\"60\" cy=\"60\" r=\"54\"\/><circle class=\"circle-progress\" cx=\"60\" cy=\"60\" r=\"54\" style=\"stroke-dasharray:308.75572 339.292\"\/><\/svg><div class=\"circle-text\"><span class=\"value\">91<\/span><span class=\"symbol\">%<\/span><\/div><\/div><div class=\"group-content\"><div class=\"field-text\">von treuen Kunden<\/div><\/div><\/div>\n\n\n\n<div class=\"wp-block-ws-library-percentage-item ws-percentage-item\" data-percentage=\"47\"><div class=\"group-circle\"><svg class=\"circle\" viewbox=\"0 0 120 120\"><defs><lineargradient id=\"gradient-item-7fc04f2a-a257-4e33-90eb-65aa00dd1668\" x1=\"0%\" y1=\"0%\" x2=\"100%\" y2=\"100%\"><stop offset=\"0%\" stop-color=\"#3b82f6\"\/><stop offset=\"100%\" stop-color=\"#2563eb\"\/><\/lineargradient><\/defs><circle class=\"circle-bg\" cx=\"60\" cy=\"60\" r=\"54\"\/><circle class=\"circle-progress\" cx=\"60\" cy=\"60\" r=\"54\" style=\"stroke-dasharray:159.46723999999998 339.292\"\/><\/svg><div class=\"circle-text\"><span class=\"value\">47<\/span><span class=\"symbol\">%<\/span><\/div><\/div><div class=\"group-content\"><div class=\"field-text\">unter 35 Jahren<\/div><\/div><\/div>\n<\/div><\/div>\n\n<div style=\"height:18px\" aria-hidden=\"true\" class=\"wp-block-spacer\"><\/div>\n\n<div class=\"wp-block-ws-library-ws-columns has-2-columns are-vertically-aligned-center layout-5050\">\n<div class=\"wp-block-ws-library-ws-column\"><div class=\"wrapper\">\n<div class=\"wp-block-ws-library-ws-image is-style-simple\"><div class=\"wrapper\"><div class=\"group-media\"><img decoding=\"async\" src=\"https:\/\/www.hautes-alpes.net\/wp-content\/uploads\/2025\/11\/shooting-photos-reallon-2022-23-fabien-thibault-5-2-1-1240x800.jpg\" alt=\"\" class=\"single_image ws-image-60617\"><div class=\"credits\">F. Thibault<\/div><\/div><p class=\"caption\"><\/p><\/div><\/div>\n<\/div><\/div>\n\n\n\n<div class=\"wp-block-ws-library-ws-column\"><div class=\"wrapper\">\n<div class=\"wp-block-ws-library-ws-image\"><div class=\"wrapper\"><div class=\"group-media\"><img decoding=\"async\" src=\"https:\/\/www.hautes-alpes.net\/wp-content\/uploads\/2025\/11\/hautes-alpes-gleize-alpesphotographiescom-1240x800.jpg\" alt=\"Auf dem Gipfel des Pic de Gleize\" class=\"single_image ws-image-53096\"><div class=\"credits\">Alpen Fotografien<\/div><\/div><p class=\"caption\"><\/p><\/div><\/div>\n<\/div><\/div>\n<\/div>\n\n<div style=\"height:26px\" aria-hidden=\"true\" class=\"wp-block-spacer\"><\/div>\n\n<h2 class=\"wp-block-heading\"><strong>Pressemappe<\/strong><\/h2>\n<div class=\"wp-block-ws-library-ws-last-document\"><div class=\"card card-document ws-last-document\"><div class=\"group-media\"><img loading=\"lazy\" decoding=\"async\" width=\"480\" height=\"680\" src=\"https:\/\/www.hautes-alpes.net\/wp-content\/uploads\/2026\/03\/capture-decran-2026-03-25-152807-480x680.png\" class=\"custom-preview size-480x700\" alt=\"\" srcset=\"https:\/\/www.hautes-alpes.net\/wp-content\/uploads\/2026\/03\/capture-decran-2026-03-25-152807-480x680.png 480w, https:\/\/www.hautes-alpes.net\/wp-content\/uploads\/2026\/03\/capture-decran-2026-03-25-152807-212x300.png 212w, https:\/\/www.hautes-alpes.net\/wp-content\/uploads\/2026\/03\/capture-decran-2026-03-25-152807-723x1024.png 723w, https:\/\/www.hautes-alpes.net\/wp-content\/uploads\/2026\/03\/capture-decran-2026-03-25-152807-768x1088.png 768w, https:\/\/www.hautes-alpes.net\/wp-content\/uploads\/2026\/03\/capture-decran-2026-03-25-152807-452x640.png 452w, https:\/\/www.hautes-alpes.net\/wp-content\/uploads\/2026\/03\/capture-decran-2026-03-25-152807-438x620.png 438w, https:\/\/www.hautes-alpes.net\/wp-content\/uploads\/2026\/03\/capture-decran-2026-03-25-152807.png 905w\" sizes=\"auto, (max-width: 480px) 100vw, 480px\" \/><\/div><div class=\"group-content\"><div class=\"field-title\"><h3>Pressemappe Sommer 2026<\/h3><\/div><div class=\"group-details\"><div class=\"field-preview\"><div class=\"wp-block-button is-style-view\"><a href=\"https:\/\/www.hautes-alpes.net\/wp-content\/uploads\/2026\/03\/dp-ete-2026-web-pages-compressed.pdf\" target=\"_blank\" rel=\"noopener noreferrer\" class=\"wp-block-button__link wp-element-button\">Konsultieren Sie<\/a><\/div><\/div><div class=\"field-download\"><div class=\"wp-block-button is-style-download\"><a href=\"https:\/\/www.hautes-alpes.net\/wp-content\/uploads\/2026\/03\/dp-ete-2026-web-pages-compressed.pdf\" download target=\"_blank\" rel=\"noopener noreferrer\" class=\"wp-block-button__link wp-element-button\">Herunterladen<\/a><\/div><\/div><\/div><\/div><\/div><\/div>\n<div style=\"height:32px\" aria-hidden=\"true\" class=\"wp-block-spacer\"><\/div>\n\n<h2 class=\"wp-block-heading is-style-default\"><strong>Pressearbeit<\/strong><\/h2>\n\n<div class=\"wp-block-group alignwide list-nodetails is-content-justification-left is-layout-flex wp-container-core-group-is-layout-5ac0c6ea wp-block-group-is-layout-flex\">\n<div class=\"wp-block-group has-global-padding is-layout-constrained wp-block-group-is-layout-constrained\">\n<div class=\"wp-block-ws-library-ws-image is-style-simple\"><div class=\"wrapper\"><div class=\"group-media\"><img decoding=\"async\" src=\"https:\/\/www.hautes-alpes.net\/wp-content\/uploads\/2025\/12\/workshop-presse-ads-marseille-2025-1240x800.jpg\" alt=\"\" class=\"single_image ws-image-102018\"><div class=\"credits\">C. Tempier - AD05<\/div><\/div><p class=\"caption\"><\/p><\/div><\/div>\n\n\n\n<h3 class=\"wp-block-heading\"><strong>Workshops <\/strong>S\u00fcdalpen<\/h3>\n\n\n\n<p>Jedes Jahr treffen sich die Hautes-Alpes und die Partner der S\u00fcdalpen mit der Presse, um Highlights und Neuheiten auf Workshops vorzustellen, die im Herbst und Fr\u00fchjahr in Frankreich und Europa organisiert werden.<\/p>\n<\/div>\n\n\n\n<div class=\"wp-block-group has-global-padding is-layout-constrained wp-block-group-is-layout-constrained\">\n<div class=\"wp-block-ws-library-ws-image is-style-simple\"><div class=\"wrapper\"><div class=\"group-media\"><img decoding=\"async\" src=\"https:\/\/www.hautes-alpes.net\/wp-content\/uploads\/2025\/12\/groupe-des-journalistes-et-guide-au-glacier-de-la-girose-1240x800.jpg\" alt=\"\" class=\"single_image ws-image-102019\"><div class=\"credits\">P. Domeyne - AD05<\/div><\/div><p class=\"caption\"><\/p><\/div><\/div>\n\n\n\n<h3 class=\"wp-block-heading\"><strong>Presseempfang <\/strong><\/h3>\n\n\n\n<p>Sind Sie ein Journalist? Sind Sie ein Influencer? M\u00f6chten Sie die Hautes-Alpes entdecken und dar\u00fcber berichten? Die Agence de D\u00e9veloppement des Hautes-Alpes organisiert Ihren Besuch. Kontaktieren Sie uns f\u00fcr weitere Einzelheiten.    <\/p>\n<\/div>\n\n\n\n<div class=\"wp-block-group has-global-padding is-layout-constrained wp-block-group-is-layout-constrained\">\n<div class=\"wp-block-ws-library-ws-image is-style-simple\"><div class=\"wrapper\"><div class=\"group-media\"><img decoding=\"async\" src=\"https:\/\/www.hautes-alpes.net\/wp-content\/uploads\/2025\/12\/logo-ha.jpg\" alt=\"\" class=\"single_image ws-image-102020\"><div class=\"credits\"><\/div><\/div><p class=\"caption\"><\/p><\/div><\/div>\n\n\n\n<h3 class=\"wp-block-heading\"><strong>Tools<\/strong><\/h3>\n\n\n\n<p>Logos, Typos, Farben usw. Hier finden Sie alle Werkzeuge, die der Kommunikation der Hautes-Alpes gewidmet sind.<\/p>\n\n\n\n<div class=\"wp-block-buttons is-layout-flex wp-block-buttons-is-layout-flex\">\n<div class=\"wp-block-button\"><a class=\"wp-block-button__link wp-element-button\" href=\"https:\/\/www.hautes-alpes.net\/de\/die-entwicklungsagentur\/profi-bereich\/kommunikation\/\">Kommunikationspaket<\/a><\/div>\n<\/div>\n<\/div>\n<\/div>\n\n<div style=\"height:50px\" aria-hidden=\"true\" class=\"wp-block-spacer\"><\/div>\n\n<h2 class=\"wp-block-heading\">Ihr <strong>bevorzugter<\/strong> Kontakt<\/h2>\n\n<div class=\"wp-block-ws-library-ws-animated-quote\"><blockquote class=\"quote-container quote-align-undefined\"><div class=\"group-media\"><div class=\"field-image\"><img decoding=\"async\" class=\"quote-avatar ws-image-92020\" src=\"https:\/\/www.hautes-alpes.net\/wp-content\/uploads\/2025\/12\/nathalie-gilbert-2025-patrick-domeyne-addet05-scaled-e1764769190250-160x160.jpg\" data-full-url=\"https:\/\/www.hautes-alpes.net\/wp-content\/uploads\/2025\/12\/nathalie-gilbert-2025-patrick-domeyne-addet05-scaled-e1764769190250.jpg\" alt=\"\"><\/div><\/div><footer><cite class=\"quote-subcontent\"><strong>Nathalie Gilbert<\/strong><\/cite><\/footer><p class=\"quote-content\">Pressesprecherin<br>06 52 98 90 15<br>nathalie.gilbert@hautes-alpes.net<\/p><\/blockquote><\/div>\n\n<div class=\"wp-block-ws-library-ws-share\"><span class=\"share-subtitle\">Hat Ihnen diese Seite gefallen?<\/span><span class=\"share-title\">Teilen Sie es mit anderen!<\/span><button class=\"ws-share-button wp-element-button\">Diese Seite teilen<\/button><\/div>\n","protected":false},"excerpt":{"rendered":"<p>Willkommen in unserem Pressebereich, dem bevorzugten Zugangspunkt, um alles \u00fcber unsere Nachrichten zu erfahren und zu verstehen. Hier finden Sie [&hellip;]<\/p>\n","protected":false},"author":5,"featured_media":0,"parent":109107,"menu_order":0,"comment_status":"closed","ping_status":"closed","template":"","meta":{"is_dark_mode":false,"footnotes":""},"page_label":[],"class_list":["post-106970","page","type-page","status-publish","hentry"],"yoast_head":"<!-- This site is optimized with the Yoast SEO plugin v27.2 - https:\/\/yoast.com\/product\/yoast-seo-wordpress\/ -->\n<title>Presse - Hautes-Alpes<\/title>\n<meta name=\"description\" content=\"Presse Willkommen in unserem Pressebereich, dem bevorzugten Zugangspunkt, um alles \u00fcber unsere Nachrichten zu erfahren und zu verstehen. Hier finden Sie\" \/>\n<meta name=\"robots\" content=\"index, follow, max-snippet:-1, max-image-preview:large, max-video-preview:-1\" \/>\n<link rel=\"canonical\" href=\"https:\/\/www.hautes-alpes.net\/de\/die-entwicklungsagentur\/profi-bereich\/pressebereich\/\" \/>\n<meta property=\"og:locale\" content=\"de_DE\" \/>\n<meta property=\"og:type\" content=\"article\" \/>\n<meta property=\"og:title\" content=\"Presse - Hautes-Alpes\" \/>\n<meta property=\"og:description\" content=\"Presse Willkommen in unserem Pressebereich, dem bevorzugten Zugangspunkt, um alles \u00fcber unsere Nachrichten zu erfahren und zu verstehen. Hier finden Sie\" \/>\n<meta property=\"og:url\" content=\"https:\/\/www.hautes-alpes.net\/de\/die-entwicklungsagentur\/profi-bereich\/pressebereich\/\" \/>\n<meta property=\"og:site_name\" content=\"Hautes-Alpes\" \/>\n<meta property=\"article:modified_time\" content=\"2026-03-25T15:09:24+00:00\" \/>\n<meta property=\"og:image\" content=\"https:\/\/www.hautes-alpes.net\/wp-content\/uploads\/2025\/12\/chiffres-cles-1.png\" \/>\n<meta name=\"twitter:card\" content=\"summary_large_image\" \/>\n<meta name=\"twitter:label1\" content=\"Gesch\u00e4tzte Lesezeit\" \/>\n\t<meta name=\"twitter:data1\" content=\"1\u00a0Minute\" \/>\n<script type=\"application\/ld+json\" class=\"yoast-schema-graph\">{\"@context\":\"https:\/\/schema.org\",\"@graph\":[{\"@type\":\"WebPage\",\"@id\":\"https:\/\/www.hautes-alpes.net\/de\/die-entwicklungsagentur\/profi-bereich\/pressebereich\/\",\"url\":\"https:\/\/www.hautes-alpes.net\/de\/die-entwicklungsagentur\/profi-bereich\/pressebereich\/\",\"name\":\"Presse - Hautes-Alpes\",\"isPartOf\":{\"@id\":\"https:\/\/www.hautes-alpes.net\/de\/#website\"},\"primaryImageOfPage\":{\"@id\":\"https:\/\/www.hautes-alpes.net\/de\/die-entwicklungsagentur\/profi-bereich\/pressebereich\/#primaryimage\"},\"image\":{\"@id\":\"https:\/\/www.hautes-alpes.net\/de\/die-entwicklungsagentur\/profi-bereich\/pressebereich\/#primaryimage\"},\"thumbnailUrl\":\"https:\/\/www.hautes-alpes.net\/wp-content\/uploads\/2025\/12\/chiffres-cles-1.png\",\"datePublished\":\"2025-12-09T13:40:57+00:00\",\"dateModified\":\"2026-03-25T15:09:24+00:00\",\"description\":\"Presse Willkommen in unserem Pressebereich, dem bevorzugten Zugangspunkt, um alles \u00fcber unsere Nachrichten zu erfahren und zu verstehen. Hier finden Sie\",\"breadcrumb\":{\"@id\":\"https:\/\/www.hautes-alpes.net\/de\/die-entwicklungsagentur\/profi-bereich\/pressebereich\/#breadcrumb\"},\"inLanguage\":\"de\",\"potentialAction\":[{\"@type\":\"ReadAction\",\"target\":[\"https:\/\/www.hautes-alpes.net\/de\/die-entwicklungsagentur\/profi-bereich\/pressebereich\/\"]}]},{\"@type\":\"ImageObject\",\"inLanguage\":\"de\",\"@id\":\"https:\/\/www.hautes-alpes.net\/de\/die-entwicklungsagentur\/profi-bereich\/pressebereich\/#primaryimage\",\"url\":\"https:\/\/www.hautes-alpes.net\/wp-content\/uploads\/2025\/12\/chiffres-cles-1.png\",\"contentUrl\":\"https:\/\/www.hautes-alpes.net\/wp-content\/uploads\/2025\/12\/chiffres-cles-1.png\"},{\"@type\":\"BreadcrumbList\",\"@id\":\"https:\/\/www.hautes-alpes.net\/de\/die-entwicklungsagentur\/profi-bereich\/pressebereich\/#breadcrumb\",\"itemListElement\":[{\"@type\":\"ListItem\",\"position\":1,\"name\":\"Home\",\"item\":\"https:\/\/www.hautes-alpes.net\/de\/hautes-alpes\/\"},{\"@type\":\"ListItem\",\"position\":2,\"name\":\"Profi-Bereich\",\"item\":\"https:\/\/www.hautes-alpes.net\/de\/die-entwicklungsagentur\/profi-bereich\/\"},{\"@type\":\"ListItem\",\"position\":3,\"name\":\"Die Entwicklungsagentur\",\"item\":\"https:\/\/www.hautes-alpes.net\/de\/die-entwicklungsagentur\/\"},{\"@type\":\"ListItem\",\"position\":4,\"name\":\"Profi-Bereich\",\"item\":\"https:\/\/www.hautes-alpes.net\/de\/die-entwicklungsagentur\/profi-bereich\/\"},{\"@type\":\"ListItem\",\"position\":5,\"name\":\"Presse\"}]},{\"@type\":\"WebSite\",\"@id\":\"https:\/\/www.hautes-alpes.net\/de\/#website\",\"url\":\"https:\/\/www.hautes-alpes.net\/de\/\",\"name\":\"ADDET\",\"description\":\"\",\"publisher\":{\"@id\":\"https:\/\/www.hautes-alpes.net\/de\/#organization\"},\"potentialAction\":[{\"@type\":\"SearchAction\",\"target\":{\"@type\":\"EntryPoint\",\"urlTemplate\":\"https:\/\/www.hautes-alpes.net\/de\/?s={search_term_string}\"},\"query-input\":{\"@type\":\"PropertyValueSpecification\",\"valueRequired\":true,\"valueName\":\"search_term_string\"}}],\"inLanguage\":\"de\"},{\"@type\":\"Organization\",\"@id\":\"https:\/\/www.hautes-alpes.net\/de\/#organization\",\"name\":\"Agence D\u00e9partementale de D\u00e9veloppement Economique et Touristique des Hautes-Alpes\",\"url\":\"https:\/\/www.hautes-alpes.net\/de\/\",\"logo\":{\"@type\":\"ImageObject\",\"inLanguage\":\"de\",\"@id\":\"https:\/\/www.hautes-alpes.net\/de\/#\/schema\/logo\/image\/\",\"url\":\"https:\/\/www.hautes-alpes.net\/wp-content\/uploads\/2026\/01\/black-logo-2.svg\",\"contentUrl\":\"https:\/\/www.hautes-alpes.net\/wp-content\/uploads\/2026\/01\/black-logo-2.svg\",\"caption\":\"Agence D\u00e9partementale de D\u00e9veloppement Economique et Touristique des Hautes-Alpes\"},\"image\":{\"@id\":\"https:\/\/www.hautes-alpes.net\/de\/#\/schema\/logo\/image\/\"}}]}<\/script>\n<!-- \/ Yoast SEO plugin. -->","yoast_head_json":{"title":"Presse - Hautes-Alpes","description":"Presse Willkommen in unserem Pressebereich, dem bevorzugten Zugangspunkt, um alles \u00fcber unsere Nachrichten zu erfahren und zu verstehen. Hier finden Sie","robots":{"index":"index","follow":"follow","max-snippet":"max-snippet:-1","max-image-preview":"max-image-preview:large","max-video-preview":"max-video-preview:-1"},"canonical":"https:\/\/www.hautes-alpes.net\/de\/die-entwicklungsagentur\/profi-bereich\/pressebereich\/","og_locale":"de_DE","og_type":"article","og_title":"Presse - Hautes-Alpes","og_description":"Presse Willkommen in unserem Pressebereich, dem bevorzugten Zugangspunkt, um alles \u00fcber unsere Nachrichten zu erfahren und zu verstehen. Hier finden Sie","og_url":"https:\/\/www.hautes-alpes.net\/de\/die-entwicklungsagentur\/profi-bereich\/pressebereich\/","og_site_name":"Hautes-Alpes","article_modified_time":"2026-03-25T15:09:24+00:00","og_image":[{"url":"https:\/\/www.hautes-alpes.net\/wp-content\/uploads\/2025\/12\/chiffres-cles-1.png","type":"","width":"","height":""}],"twitter_card":"summary_large_image","twitter_misc":{"Gesch\u00e4tzte Lesezeit":"1\u00a0Minute"},"schema":{"@context":"https:\/\/schema.org","@graph":[{"@type":"WebPage","@id":"https:\/\/www.hautes-alpes.net\/de\/die-entwicklungsagentur\/profi-bereich\/pressebereich\/","url":"https:\/\/www.hautes-alpes.net\/de\/die-entwicklungsagentur\/profi-bereich\/pressebereich\/","name":"Presse - Hautes-Alpes","isPartOf":{"@id":"https:\/\/www.hautes-alpes.net\/de\/#website"},"primaryImageOfPage":{"@id":"https:\/\/www.hautes-alpes.net\/de\/die-entwicklungsagentur\/profi-bereich\/pressebereich\/#primaryimage"},"image":{"@id":"https:\/\/www.hautes-alpes.net\/de\/die-entwicklungsagentur\/profi-bereich\/pressebereich\/#primaryimage"},"thumbnailUrl":"https:\/\/www.hautes-alpes.net\/wp-content\/uploads\/2025\/12\/chiffres-cles-1.png","datePublished":"2025-12-09T13:40:57+00:00","dateModified":"2026-03-25T15:09:24+00:00","description":"Presse Willkommen in unserem Pressebereich, dem bevorzugten Zugangspunkt, um alles \u00fcber unsere Nachrichten zu erfahren und zu verstehen. Hier finden Sie","breadcrumb":{"@id":"https:\/\/www.hautes-alpes.net\/de\/die-entwicklungsagentur\/profi-bereich\/pressebereich\/#breadcrumb"},"inLanguage":"de","potentialAction":[{"@type":"ReadAction","target":["https:\/\/www.hautes-alpes.net\/de\/die-entwicklungsagentur\/profi-bereich\/pressebereich\/"]}]},{"@type":"ImageObject","inLanguage":"de","@id":"https:\/\/www.hautes-alpes.net\/de\/die-entwicklungsagentur\/profi-bereich\/pressebereich\/#primaryimage","url":"https:\/\/www.hautes-alpes.net\/wp-content\/uploads\/2025\/12\/chiffres-cles-1.png","contentUrl":"https:\/\/www.hautes-alpes.net\/wp-content\/uploads\/2025\/12\/chiffres-cles-1.png"},{"@type":"BreadcrumbList","@id":"https:\/\/www.hautes-alpes.net\/de\/die-entwicklungsagentur\/profi-bereich\/pressebereich\/#breadcrumb","itemListElement":[{"@type":"ListItem","position":1,"name":"Home","item":"https:\/\/www.hautes-alpes.net\/de\/hautes-alpes\/"},{"@type":"ListItem","position":2,"name":"Profi-Bereich","item":"https:\/\/www.hautes-alpes.net\/de\/die-entwicklungsagentur\/profi-bereich\/"},{"@type":"ListItem","position":3,"name":"Die Entwicklungsagentur","item":"https:\/\/www.hautes-alpes.net\/de\/die-entwicklungsagentur\/"},{"@type":"ListItem","position":4,"name":"Profi-Bereich","item":"https:\/\/www.hautes-alpes.net\/de\/die-entwicklungsagentur\/profi-bereich\/"},{"@type":"ListItem","position":5,"name":"Presse"}]},{"@type":"WebSite","@id":"https:\/\/www.hautes-alpes.net\/de\/#website","url":"https:\/\/www.hautes-alpes.net\/de\/","name":"ADDET","description":"","publisher":{"@id":"https:\/\/www.hautes-alpes.net\/de\/#organization"},"potentialAction":[{"@type":"SearchAction","target":{"@type":"EntryPoint","urlTemplate":"https:\/\/www.hautes-alpes.net\/de\/?s={search_term_string}"},"query-input":{"@type":"PropertyValueSpecification","valueRequired":true,"valueName":"search_term_string"}}],"inLanguage":"de"},{"@type":"Organization","@id":"https:\/\/www.hautes-alpes.net\/de\/#organization","name":"Agence D\u00e9partementale de D\u00e9veloppement Economique et Touristique des Hautes-Alpes","url":"https:\/\/www.hautes-alpes.net\/de\/","logo":{"@type":"ImageObject","inLanguage":"de","@id":"https:\/\/www.hautes-alpes.net\/de\/#\/schema\/logo\/image\/","url":"https:\/\/www.hautes-alpes.net\/wp-content\/uploads\/2026\/01\/black-logo-2.svg","contentUrl":"https:\/\/www.hautes-alpes.net\/wp-content\/uploads\/2026\/01\/black-logo-2.svg","caption":"Agence D\u00e9partementale de D\u00e9veloppement Economique et Touristique des Hautes-Alpes"},"image":{"@id":"https:\/\/www.hautes-alpes.net\/de\/#\/schema\/logo\/image\/"}}]}},"_links":{"self":[{"href":"https:\/\/www.hautes-alpes.net\/de\/wp-json\/wp\/v2\/pages\/106970","targetHints":{"allow":["GET"]}}],"collection":[{"href":"https:\/\/www.hautes-alpes.net\/de\/wp-json\/wp\/v2\/pages"}],"about":[{"href":"https:\/\/www.hautes-alpes.net\/de\/wp-json\/wp\/v2\/types\/page"}],"author":[{"embeddable":true,"href":"https:\/\/www.hautes-alpes.net\/de\/wp-json\/wp\/v2\/users\/5"}],"replies":[{"embeddable":true,"href":"https:\/\/www.hautes-alpes.net\/de\/wp-json\/wp\/v2\/comments?post=106970"}],"version-history":[{"count":10,"href":"https:\/\/www.hautes-alpes.net\/de\/wp-json\/wp\/v2\/pages\/106970\/revisions"}],"predecessor-version":[{"id":432598,"href":"https:\/\/www.hautes-alpes.net\/de\/wp-json\/wp\/v2\/pages\/106970\/revisions\/432598"}],"up":[{"embeddable":true,"href":"https:\/\/www.hautes-alpes.net\/de\/wp-json\/wp\/v2\/pages\/109107"}],"wp:attachment":[{"href":"https:\/\/www.hautes-alpes.net\/de\/wp-json\/wp\/v2\/media?parent=106970"}],"wp:term":[{"taxonomy":"page_label","embeddable":true,"href":"https:\/\/www.hautes-alpes.net\/de\/wp-json\/wp\/v2\/page_label?post=106970"}],"curies":[{"name":"wp","href":"https:\/\/api.w.org\/{rel}","templated":true}]}}