{"id":106939,"date":"2025-12-09T12:14:11","date_gmt":"2025-12-09T11:14:11","guid":{"rendered":"https:\/\/www.hautes-alpes.net\/pro-club\/"},"modified":"2025-12-19T11:53:50","modified_gmt":"2025-12-19T10:53:50","slug":"pro-club","status":"publish","type":"page","link":"https:\/\/www.hautes-alpes.net\/de\/die-entwicklungsagentur\/profi-bereich\/pro-club\/","title":{"rendered":"Pro Club"},"content":{"rendered":"\n<div class=\"wp-block-group alignfull hero-banner-simple has-global-padding is-layout-constrained wp-block-group-is-layout-constrained\"><div class=\"yoast-breadcrumbs\"><span><span><a href=\"https:\/\/www.hautes-alpes.net\/de\/hautes-alpes\/\">Home<\/a><\/span>  <span><a href=\"https:\/\/www.hautes-alpes.net\/de\/die-entwicklungsagentur\/profi-bereich\/\">Profi-Bereich<\/a><\/span>  <span><a href=\"https:\/\/www.hautes-alpes.net\/de\/die-entwicklungsagentur\/\">Die Entwicklungsagentur<\/a><\/span>  <span><a href=\"https:\/\/www.hautes-alpes.net\/de\/die-entwicklungsagentur\/profi-bereich\/\">Profi-Bereich<\/a><\/span>  <span class=\"breadcrumb_last\" aria-current=\"page\">Pro Club<\/span><\/span><\/div>\n\n\n<h1 class=\"wp-block-ws-library-post-title\">Pro Club<\/h1>\n\n\n\n<p class=\"subtitle\">Gemeinsam st\u00e4rker<\/p>\n\n\n\n<p><\/p>\n<\/div>\n\n<p>Der Club Pro bringt touristische Dienstleister und Institutionen zusammen, um die Stimme der Hautes-Alpes zu erheben. Gemeinsam tragen sie dazu bei, den Tourismus zu beleben, die Dienstleister zu unterst\u00fctzen und die nat\u00fcrlichen, kulturellen und sportlichen Reicht\u00fcmer bei den franz\u00f6sischen und ausl\u00e4ndischen Kunden zu f\u00f6rdern. <\/p>\n\n<div class=\"wp-block-ws-library-ws-columns has-2-columns are-vertically-aligned-center layout-5050\">\n<div class=\"wp-block-ws-library-ws-column\"><div class=\"wrapper\">\n<h2 class=\"wp-block-heading\">Erweitern Sie Ihr Gesch\u00e4ft<\/h2>\n\n\n\n<p>Mit Ihrer Mitgliedschaft nehmen Sie an der Erstellung von Aktionspl\u00e4nen teil. Sie erhalten einen privilegierten Zugang zu BtoB-Aktionen, um Gesch\u00e4ftskunden (CSE, Reiseveranstalter usw.) zu erreichen. <\/p>\n\n\n\n<div class=\"wp-block-ws-library-ws-documents\">\n<div class=\"wp-block-ws-library-ws-document\"><a href=\"https:\/\/www.hautes-alpes.net\/wp-content\/uploads\/2025\/12\/plan-dactions-2025-26-ads2.pdf\" target=\"_blank\" rel=\"noopener noreferrer\" class=\"link-document\">Siehe Aktionsplan 2025-26<\/a><\/div>\n<\/div>\n<\/div><\/div>\n\n\n\n<div class=\"wp-block-ws-library-ws-column\"><div class=\"wrapper\">\n<div class=\"wp-block-ws-library-ws-image is-style-simple\"><div class=\"wrapper\"><div class=\"group-media\"><img decoding=\"async\" src=\"https:\/\/www.hautes-alpes.net\/wp-content\/uploads\/2025\/12\/shoot-grand-hotel-84.jpg\" alt=\"\" class=\"single_image ws-image-115946\"><div class=\"credits\">WeLikeCommunication<\/div><\/div><p class=\"caption\"><\/p><\/div><\/div>\n<\/div><\/div>\n<\/div>\n\n<div class=\"wp-block-ws-library-ws-columns has-2-columns are-vertically-aligned-top layout-5050\">\n<div class=\"wp-block-ws-library-ws-column\"><div class=\"wrapper\">\n<h2 class=\"wp-block-heading\">Arbeiten Sie in einem Netzwerk<\/h2>\n\n\n\n<p>Der Club Pro vereint heute fast 40 touristische Dienstleister. Durch Ihren Beitritt werden Sie Teil einer Gruppe von engagierten Fachleuten, die ihre Erfahrungen teilen und ihre Kompetenzen im Dienste des Kollektivs b\u00fcndeln. <br\/><\/p>\n<\/div><\/div>\n\n\n\n<div class=\"wp-block-ws-library-ws-column\"><div class=\"wrapper\">\n<h2 class=\"wp-block-heading\">Kollektive Aktionen<\/h2>\n\n\n\n<p>Durch gemeinsame Werbeaktionen, Empf\u00e4nge von Reiseveranstaltern, Exkursionen oder Marketingkampagnen b\u00fcndeln die Mitglieder ihre Kr\u00e4fte, um das Gebiet und ihre Aktivit\u00e4ten aufzuwerten. Diese koordinierten Initiativen erm\u00f6glichen es jedem Mitglied, seine Wirkung zu verst\u00e4rken und neue Zielgruppen auf allen M\u00e4rkten zu erreichen. <\/p>\n<\/div><\/div>\n<\/div>\n\n<h2 class=\"wp-block-heading\"><strong>Mehr als 20 Transaktionen<\/strong> im Jahr<\/h2>\n\n<div class=\"wp-block-group alignwide list-nodetails is-content-justification-left is-layout-flex wp-container-core-group-is-layout-5ac0c6ea wp-block-group-is-layout-flex\">\n<div class=\"wp-block-group has-global-padding is-layout-constrained wp-block-group-is-layout-constrained\">\n<div class=\"wp-block-ws-library-ws-image is-style-simple\"><div class=\"wrapper\"><div class=\"group-media\"><img decoding=\"async\" src=\"https:\/\/www.hautes-alpes.net\/wp-content\/uploads\/2025\/12\/destination-montagnes-1240x800.jpg\" alt=\"\" class=\"single_image ws-image-101926\"><div class=\"credits\">AD05<\/div><\/div><p class=\"caption\"><\/p><\/div><\/div>\n\n\n\n<h3 class=\"wp-block-heading\">Destination Berge<\/h3>\n\n\n\n<p>Jedes Jahr nehmen die Hautes-Alpes zusammen mit dem Kollektiv Alpes du Sud an der Messe Destination Montagnes teil, um f\u00fcr unsere Bergmassive im Winter und im Sommer zu werben.<\/p>\n<\/div>\n\n\n\n<div class=\"wp-block-group has-global-padding is-layout-constrained wp-block-group-is-layout-constrained\">\n<div class=\"wp-block-ws-library-ws-image is-style-simple\"><div class=\"wrapper\"><div class=\"group-media\"><img decoding=\"async\" src=\"https:\/\/www.hautes-alpes.net\/wp-content\/uploads\/2025\/12\/cse-marseille-automne-1240x800.jpg\" alt=\"\" class=\"single_image ws-image-101928\"><div class=\"credits\">AD05<\/div><\/div><p class=\"caption\"><\/p><\/div><\/div>\n\n\n\n<h3 class=\"wp-block-heading\">ESC-Messen<\/h3>\n\n\n\n<p>Unter den Ma\u00dfnahmen des Aktionsplans nehmen die Messen f\u00fcr das CSE einen wichtigen Platz ein. In Marseille, Nizza und Montpellier bieten die Partner jedes Jahr ihre Angebote f\u00fcr die Leiter der Komitees an. <\/p>\n<\/div>\n\n\n\n<div class=\"wp-block-group has-global-padding is-layout-constrained wp-block-group-is-layout-constrained\">\n<div class=\"wp-block-ws-library-ws-image is-style-simple\"><div class=\"wrapper\"><div class=\"group-media\"><img decoding=\"async\" src=\"https:\/\/www.hautes-alpes.net\/wp-content\/uploads\/2025\/12\/madrid-1240x800.jpg\" alt=\"\" class=\"single_image ws-image-101929\"><div class=\"credits\">AD05<\/div><\/div><p class=\"caption\"><\/p><\/div><\/div>\n\n\n\n<h3 class=\"wp-block-heading\">Workshops und Edukte<\/h3>\n\n\n\n<p>Das ganze Jahr \u00fcber werden verschiedene Aktionen organisiert, um Fachleute im Ausland zu treffen. Europa, Nord- und S\u00fcdamerika, der Orient usw. Alle Zielgruppen werden angesprochen. <\/p>\n<\/div>\n<\/div>\n\n<div style=\"height:50px\" aria-hidden=\"true\" class=\"wp-block-spacer\"><\/div>\n\n<h2 class=\"wp-block-heading\">Ihr <strong>bevorzugter<\/strong> Kontakt<\/h2>\n\n<div class=\"wp-block-ws-library-ws-animated-quote is-style-default\"><blockquote class=\"quote-container quote-align-undefined\"><div class=\"group-media\"><div class=\"field-image\"><img decoding=\"async\" class=\"quote-avatar ws-image-101915\" src=\"https:\/\/www.hautes-alpes.net\/wp-content\/uploads\/2025\/12\/isabelle-nicolas-2025-patrick-domeyne-addet05-scaled-e1765278767726-160x160.jpg\" data-full-url=\"https:\/\/www.hautes-alpes.net\/wp-content\/uploads\/2025\/12\/isabelle-nicolas-2025-patrick-domeyne-addet05-scaled-e1765278767726.jpg\" alt=\"\"><\/div><\/div><footer><cite class=\"quote-subcontent\"><strong>Isabelle Nicolas<\/strong><\/cite><\/footer><p class=\"quote-content\">Beauftragte f\u00fcr BtoB-Promotion<br>04 92 53 22 03<br>06 95 15 51 97<br>isabelle.nicolas@hautes-alpes.net<\/p><\/blockquote><\/div>\n\n<h2 class=\"wp-block-heading\"><strong>Schl\u00fcsselzahlen<\/strong> der S\u00fcdalpen<\/h2>\n\n<div style=\"height:17px\" aria-hidden=\"true\" class=\"wp-block-spacer\"><\/div>\n\n<div class=\"wp-block-ws-library-ws-image is-style-simple\"><div class=\"wrapper\"><div class=\"group-media\"><img decoding=\"async\" src=\"https:\/\/www.hautes-alpes.net\/wp-content\/uploads\/2025\/12\/poids-ads.png\" alt=\"\" class=\"single_image ws-image-115903\"><div class=\"credits\"><\/div><\/div><p class=\"caption\"><\/p><\/div><\/div>\n\n<div style=\"height:28px\" aria-hidden=\"true\" class=\"wp-block-spacer\"><\/div>\n\n<div class=\"wp-block-ws-library-ws-image is-style-simple\"><div class=\"wrapper\"><div class=\"group-media\"><img decoding=\"async\" src=\"https:\/\/www.hautes-alpes.net\/wp-content\/uploads\/2025\/12\/shoot-grand-hotel-33.jpg\" alt=\"\" class=\"single_image ws-image-115964\"><div class=\"credits\">WeLikeCommunication<\/div><\/div><p class=\"caption\"><\/p><\/div><\/div>\n\n<div class=\"wp-block-ws-library-ws-share\"><span class=\"share-subtitle\">Hat Ihnen diese Seite gefallen?<\/span><span class=\"share-title\">Teilen Sie es mit anderen!<\/span><button class=\"ws-share-button wp-element-button\">Diese Seite teilen<\/button><\/div>\n","protected":false},"excerpt":{"rendered":"<p>Gemeinsam st\u00e4rker Der Club Pro bringt touristische Dienstleister und Institutionen zusammen, um die Stimme der Hautes-Alpes zu erheben. Gemeinsam tragen [&hellip;]<\/p>\n","protected":false},"author":5,"featured_media":0,"parent":109107,"menu_order":0,"comment_status":"closed","ping_status":"closed","template":"","meta":{"is_dark_mode":false,"footnotes":""},"page_label":[],"class_list":["post-106939","page","type-page","status-publish","hentry"],"yoast_head":"<!-- This site is optimized with the Yoast SEO plugin v27.2 - https:\/\/yoast.com\/product\/yoast-seo-wordpress\/ -->\n<title>Pro Club - Hautes-Alpes<\/title>\n<meta name=\"description\" content=\"Pro Club Gemeinsam st\u00e4rker Der Club Pro bringt touristische Dienstleister und Institutionen zusammen, um die Stimme der Hautes-Alpes zu erheben. Gemeinsam\" \/>\n<meta name=\"robots\" content=\"index, follow, max-snippet:-1, max-image-preview:large, max-video-preview:-1\" \/>\n<link rel=\"canonical\" href=\"https:\/\/www.hautes-alpes.net\/de\/die-entwicklungsagentur\/profi-bereich\/pro-club\/\" \/>\n<meta property=\"og:locale\" content=\"de_DE\" \/>\n<meta property=\"og:type\" content=\"article\" \/>\n<meta property=\"og:title\" content=\"Pro Club - Hautes-Alpes\" \/>\n<meta property=\"og:description\" content=\"Pro Club Gemeinsam st\u00e4rker Der Club Pro bringt touristische Dienstleister und Institutionen zusammen, um die Stimme der Hautes-Alpes zu erheben. Gemeinsam\" \/>\n<meta property=\"og:url\" content=\"https:\/\/www.hautes-alpes.net\/de\/die-entwicklungsagentur\/profi-bereich\/pro-club\/\" \/>\n<meta property=\"og:site_name\" content=\"Hautes-Alpes\" \/>\n<meta property=\"article:modified_time\" content=\"2025-12-19T10:53:50+00:00\" \/>\n<meta property=\"og:image\" content=\"https:\/\/www.hautes-alpes.net\/wp-content\/uploads\/2025\/12\/shoot-grand-hotel-84.jpg\" \/>\n<meta name=\"twitter:card\" content=\"summary_large_image\" \/>\n<meta name=\"twitter:label1\" content=\"Gesch\u00e4tzte Lesezeit\" \/>\n\t<meta name=\"twitter:data1\" content=\"2 Minuten\" \/>\n<script type=\"application\/ld+json\" class=\"yoast-schema-graph\">{\"@context\":\"https:\/\/schema.org\",\"@graph\":[{\"@type\":\"WebPage\",\"@id\":\"https:\/\/www.hautes-alpes.net\/de\/die-entwicklungsagentur\/profi-bereich\/pro-club\/\",\"url\":\"https:\/\/www.hautes-alpes.net\/de\/die-entwicklungsagentur\/profi-bereich\/pro-club\/\",\"name\":\"Pro Club - Hautes-Alpes\",\"isPartOf\":{\"@id\":\"https:\/\/www.hautes-alpes.net\/de\/#website\"},\"primaryImageOfPage\":{\"@id\":\"https:\/\/www.hautes-alpes.net\/de\/die-entwicklungsagentur\/profi-bereich\/pro-club\/#primaryimage\"},\"image\":{\"@id\":\"https:\/\/www.hautes-alpes.net\/de\/die-entwicklungsagentur\/profi-bereich\/pro-club\/#primaryimage\"},\"thumbnailUrl\":\"https:\/\/www.hautes-alpes.net\/wp-content\/uploads\/2025\/12\/shoot-grand-hotel-84.jpg\",\"datePublished\":\"2025-12-09T11:14:11+00:00\",\"dateModified\":\"2025-12-19T10:53:50+00:00\",\"description\":\"Pro Club Gemeinsam st\u00e4rker Der Club Pro bringt touristische Dienstleister und Institutionen zusammen, um die Stimme der Hautes-Alpes zu erheben. Gemeinsam\",\"breadcrumb\":{\"@id\":\"https:\/\/www.hautes-alpes.net\/de\/die-entwicklungsagentur\/profi-bereich\/pro-club\/#breadcrumb\"},\"inLanguage\":\"de\",\"potentialAction\":[{\"@type\":\"ReadAction\",\"target\":[\"https:\/\/www.hautes-alpes.net\/de\/die-entwicklungsagentur\/profi-bereich\/pro-club\/\"]}]},{\"@type\":\"ImageObject\",\"inLanguage\":\"de\",\"@id\":\"https:\/\/www.hautes-alpes.net\/de\/die-entwicklungsagentur\/profi-bereich\/pro-club\/#primaryimage\",\"url\":\"https:\/\/www.hautes-alpes.net\/wp-content\/uploads\/2025\/12\/shoot-grand-hotel-84.jpg\",\"contentUrl\":\"https:\/\/www.hautes-alpes.net\/wp-content\/uploads\/2025\/12\/shoot-grand-hotel-84.jpg\"},{\"@type\":\"BreadcrumbList\",\"@id\":\"https:\/\/www.hautes-alpes.net\/de\/die-entwicklungsagentur\/profi-bereich\/pro-club\/#breadcrumb\",\"itemListElement\":[{\"@type\":\"ListItem\",\"position\":1,\"name\":\"Home\",\"item\":\"https:\/\/www.hautes-alpes.net\/de\/hautes-alpes\/\"},{\"@type\":\"ListItem\",\"position\":2,\"name\":\"Profi-Bereich\",\"item\":\"https:\/\/www.hautes-alpes.net\/de\/die-entwicklungsagentur\/profi-bereich\/\"},{\"@type\":\"ListItem\",\"position\":3,\"name\":\"Die Entwicklungsagentur\",\"item\":\"https:\/\/www.hautes-alpes.net\/de\/die-entwicklungsagentur\/\"},{\"@type\":\"ListItem\",\"position\":4,\"name\":\"Profi-Bereich\",\"item\":\"https:\/\/www.hautes-alpes.net\/de\/die-entwicklungsagentur\/profi-bereich\/\"},{\"@type\":\"ListItem\",\"position\":5,\"name\":\"Pro Club\"}]},{\"@type\":\"WebSite\",\"@id\":\"https:\/\/www.hautes-alpes.net\/de\/#website\",\"url\":\"https:\/\/www.hautes-alpes.net\/de\/\",\"name\":\"ADDET\",\"description\":\"\",\"publisher\":{\"@id\":\"https:\/\/www.hautes-alpes.net\/de\/#organization\"},\"potentialAction\":[{\"@type\":\"SearchAction\",\"target\":{\"@type\":\"EntryPoint\",\"urlTemplate\":\"https:\/\/www.hautes-alpes.net\/de\/?s={search_term_string}\"},\"query-input\":{\"@type\":\"PropertyValueSpecification\",\"valueRequired\":true,\"valueName\":\"search_term_string\"}}],\"inLanguage\":\"de\"},{\"@type\":\"Organization\",\"@id\":\"https:\/\/www.hautes-alpes.net\/de\/#organization\",\"name\":\"Agence D\u00e9partementale de D\u00e9veloppement Economique et Touristique des Hautes-Alpes\",\"url\":\"https:\/\/www.hautes-alpes.net\/de\/\",\"logo\":{\"@type\":\"ImageObject\",\"inLanguage\":\"de\",\"@id\":\"https:\/\/www.hautes-alpes.net\/de\/#\/schema\/logo\/image\/\",\"url\":\"https:\/\/www.hautes-alpes.net\/wp-content\/uploads\/2026\/01\/black-logo-2.svg\",\"contentUrl\":\"https:\/\/www.hautes-alpes.net\/wp-content\/uploads\/2026\/01\/black-logo-2.svg\",\"caption\":\"Agence D\u00e9partementale de D\u00e9veloppement Economique et Touristique des Hautes-Alpes\"},\"image\":{\"@id\":\"https:\/\/www.hautes-alpes.net\/de\/#\/schema\/logo\/image\/\"}}]}<\/script>\n<!-- \/ Yoast SEO plugin. -->","yoast_head_json":{"title":"Pro Club - Hautes-Alpes","description":"Pro Club Gemeinsam st\u00e4rker Der Club Pro bringt touristische Dienstleister und Institutionen zusammen, um die Stimme der Hautes-Alpes zu erheben. Gemeinsam","robots":{"index":"index","follow":"follow","max-snippet":"max-snippet:-1","max-image-preview":"max-image-preview:large","max-video-preview":"max-video-preview:-1"},"canonical":"https:\/\/www.hautes-alpes.net\/de\/die-entwicklungsagentur\/profi-bereich\/pro-club\/","og_locale":"de_DE","og_type":"article","og_title":"Pro Club - Hautes-Alpes","og_description":"Pro Club Gemeinsam st\u00e4rker Der Club Pro bringt touristische Dienstleister und Institutionen zusammen, um die Stimme der Hautes-Alpes zu erheben. Gemeinsam","og_url":"https:\/\/www.hautes-alpes.net\/de\/die-entwicklungsagentur\/profi-bereich\/pro-club\/","og_site_name":"Hautes-Alpes","article_modified_time":"2025-12-19T10:53:50+00:00","og_image":[{"url":"https:\/\/www.hautes-alpes.net\/wp-content\/uploads\/2025\/12\/shoot-grand-hotel-84.jpg","type":"","width":"","height":""}],"twitter_card":"summary_large_image","twitter_misc":{"Gesch\u00e4tzte Lesezeit":"2 Minuten"},"schema":{"@context":"https:\/\/schema.org","@graph":[{"@type":"WebPage","@id":"https:\/\/www.hautes-alpes.net\/de\/die-entwicklungsagentur\/profi-bereich\/pro-club\/","url":"https:\/\/www.hautes-alpes.net\/de\/die-entwicklungsagentur\/profi-bereich\/pro-club\/","name":"Pro Club - Hautes-Alpes","isPartOf":{"@id":"https:\/\/www.hautes-alpes.net\/de\/#website"},"primaryImageOfPage":{"@id":"https:\/\/www.hautes-alpes.net\/de\/die-entwicklungsagentur\/profi-bereich\/pro-club\/#primaryimage"},"image":{"@id":"https:\/\/www.hautes-alpes.net\/de\/die-entwicklungsagentur\/profi-bereich\/pro-club\/#primaryimage"},"thumbnailUrl":"https:\/\/www.hautes-alpes.net\/wp-content\/uploads\/2025\/12\/shoot-grand-hotel-84.jpg","datePublished":"2025-12-09T11:14:11+00:00","dateModified":"2025-12-19T10:53:50+00:00","description":"Pro Club Gemeinsam st\u00e4rker Der Club Pro bringt touristische Dienstleister und Institutionen zusammen, um die Stimme der Hautes-Alpes zu erheben. Gemeinsam","breadcrumb":{"@id":"https:\/\/www.hautes-alpes.net\/de\/die-entwicklungsagentur\/profi-bereich\/pro-club\/#breadcrumb"},"inLanguage":"de","potentialAction":[{"@type":"ReadAction","target":["https:\/\/www.hautes-alpes.net\/de\/die-entwicklungsagentur\/profi-bereich\/pro-club\/"]}]},{"@type":"ImageObject","inLanguage":"de","@id":"https:\/\/www.hautes-alpes.net\/de\/die-entwicklungsagentur\/profi-bereich\/pro-club\/#primaryimage","url":"https:\/\/www.hautes-alpes.net\/wp-content\/uploads\/2025\/12\/shoot-grand-hotel-84.jpg","contentUrl":"https:\/\/www.hautes-alpes.net\/wp-content\/uploads\/2025\/12\/shoot-grand-hotel-84.jpg"},{"@type":"BreadcrumbList","@id":"https:\/\/www.hautes-alpes.net\/de\/die-entwicklungsagentur\/profi-bereich\/pro-club\/#breadcrumb","itemListElement":[{"@type":"ListItem","position":1,"name":"Home","item":"https:\/\/www.hautes-alpes.net\/de\/hautes-alpes\/"},{"@type":"ListItem","position":2,"name":"Profi-Bereich","item":"https:\/\/www.hautes-alpes.net\/de\/die-entwicklungsagentur\/profi-bereich\/"},{"@type":"ListItem","position":3,"name":"Die Entwicklungsagentur","item":"https:\/\/www.hautes-alpes.net\/de\/die-entwicklungsagentur\/"},{"@type":"ListItem","position":4,"name":"Profi-Bereich","item":"https:\/\/www.hautes-alpes.net\/de\/die-entwicklungsagentur\/profi-bereich\/"},{"@type":"ListItem","position":5,"name":"Pro Club"}]},{"@type":"WebSite","@id":"https:\/\/www.hautes-alpes.net\/de\/#website","url":"https:\/\/www.hautes-alpes.net\/de\/","name":"ADDET","description":"","publisher":{"@id":"https:\/\/www.hautes-alpes.net\/de\/#organization"},"potentialAction":[{"@type":"SearchAction","target":{"@type":"EntryPoint","urlTemplate":"https:\/\/www.hautes-alpes.net\/de\/?s={search_term_string}"},"query-input":{"@type":"PropertyValueSpecification","valueRequired":true,"valueName":"search_term_string"}}],"inLanguage":"de"},{"@type":"Organization","@id":"https:\/\/www.hautes-alpes.net\/de\/#organization","name":"Agence D\u00e9partementale de D\u00e9veloppement Economique et Touristique des Hautes-Alpes","url":"https:\/\/www.hautes-alpes.net\/de\/","logo":{"@type":"ImageObject","inLanguage":"de","@id":"https:\/\/www.hautes-alpes.net\/de\/#\/schema\/logo\/image\/","url":"https:\/\/www.hautes-alpes.net\/wp-content\/uploads\/2026\/01\/black-logo-2.svg","contentUrl":"https:\/\/www.hautes-alpes.net\/wp-content\/uploads\/2026\/01\/black-logo-2.svg","caption":"Agence D\u00e9partementale de D\u00e9veloppement Economique et Touristique des Hautes-Alpes"},"image":{"@id":"https:\/\/www.hautes-alpes.net\/de\/#\/schema\/logo\/image\/"}}]}},"_links":{"self":[{"href":"https:\/\/www.hautes-alpes.net\/de\/wp-json\/wp\/v2\/pages\/106939","targetHints":{"allow":["GET"]}}],"collection":[{"href":"https:\/\/www.hautes-alpes.net\/de\/wp-json\/wp\/v2\/pages"}],"about":[{"href":"https:\/\/www.hautes-alpes.net\/de\/wp-json\/wp\/v2\/types\/page"}],"author":[{"embeddable":true,"href":"https:\/\/www.hautes-alpes.net\/de\/wp-json\/wp\/v2\/users\/5"}],"replies":[{"embeddable":true,"href":"https:\/\/www.hautes-alpes.net\/de\/wp-json\/wp\/v2\/comments?post=106939"}],"version-history":[{"count":10,"href":"https:\/\/www.hautes-alpes.net\/de\/wp-json\/wp\/v2\/pages\/106939\/revisions"}],"predecessor-version":[{"id":124191,"href":"https:\/\/www.hautes-alpes.net\/de\/wp-json\/wp\/v2\/pages\/106939\/revisions\/124191"}],"up":[{"embeddable":true,"href":"https:\/\/www.hautes-alpes.net\/de\/wp-json\/wp\/v2\/pages\/109107"}],"wp:attachment":[{"href":"https:\/\/www.hautes-alpes.net\/de\/wp-json\/wp\/v2\/media?parent=106939"}],"wp:term":[{"taxonomy":"page_label","embeddable":true,"href":"https:\/\/www.hautes-alpes.net\/de\/wp-json\/wp\/v2\/page_label?post=106939"}],"curies":[{"name":"wp","href":"https:\/\/api.w.org\/{rel}","templated":true}]}}