{"id":106511,"date":"2025-10-09T16:14:39","date_gmt":"2025-10-09T14:14:39","guid":{"rendered":"https:\/\/www.hautes-alpes.net\/organisieren\/"},"modified":"2025-12-26T12:39:57","modified_gmt":"2025-12-26T11:39:57","slug":"organisieren","status":"publish","type":"page","link":"https:\/\/www.hautes-alpes.net\/de\/organisieren\/","title":{"rendered":"Organisieren"},"content":{"rendered":"\n<div class=\"wp-block-group alignfull hero-banner-simple has-global-padding is-layout-constrained wp-block-group-is-layout-constrained\"><div class=\"yoast-breadcrumbs\"><span><span><a href=\"https:\/\/www.hautes-alpes.net\/de\/hautes-alpes\/\">Home<\/a><\/span>  <span class=\"breadcrumb_last\" aria-current=\"page\">Organisieren<\/span><\/span><\/div>\n\n\n<h1 class=\"wp-block-ws-library-post-title\">Organisieren<\/h1>\n\n\n\n<p class=\"subtitle\"><\/p>\n\n\n\n<p><\/p>\n<\/div>\n\n<div class=\"wp-block-ws-library-ws-image is-style-simple\"><div class=\"wrapper\"><div class=\"group-media\"><img decoding=\"async\" src=\"https:\/\/www.hautes-alpes.net\/wp-content\/uploads\/2025\/11\/carte-des-grands-sites.jpg\" alt=\"\" class=\"single_image ws-image-82678\"><div class=\"credits\">Skizze<\/div><\/div><p class=\"caption\"><\/p><\/div><\/div>\n\n<div class=\"wp-block-ws-library-scrollable-section ws-section-scrollable alignfull\"><div class=\"scrollable-item\"><div class=\"group-content\"><div class=\"wrapper\"><h3 class=\"field-title\">Unterk\u00fcnfte<\/h3><\/div><\/div><div class=\"group-innerblocks\"><div class=\"group-media\"><div class=\"field-image\"><img decoding=\"async\" src=\"https:\/\/www.hautes-alpes.net\/wp-content\/uploads\/2025\/12\/thumbnail-pbr0284-1140x620.jpg\" alt=\"\"\/><\/div><div class=\"credits\">WeLikeCommunication<\/div><\/div>\n<div class=\"section-wrapper\"><div class=\"wp-block-ws-library-scrollable-section-item ws-section-scrollable-item\">\n<h3 class=\"wp-block-heading is-style-default\"><strong>Hotels<\/strong><\/h3>\n\n\n\n<p>Alle Hotels in Hautes-Alpes finden Sie hier :<\/p>\n\n\n\n<div class=\"wp-block-buttons is-layout-flex wp-block-buttons-is-layout-flex\">\n<div class=\"wp-block-button\"><a class=\"wp-block-button__link wp-element-button\" href=\"https:\/\/www.hautes-alpes.net\/de\/organisieren\/hotels\/\">Siehe<\/a><\/div>\n<\/div>\n<\/div><\/div>\n\n\n\n<div class=\"section-wrapper\"><div class=\"wp-block-ws-library-scrollable-section-item ws-section-scrollable-item is-style-default\">\n<h3 class=\"wp-block-heading is-style-default\"><strong>Campingpl\u00e4tze<\/strong><\/h3>\n\n\n\n<p>Alle Campingpl\u00e4tze in Hautes-Alpes finden Sie hier :<\/p>\n\n\n\n<div class=\"wp-block-buttons is-layout-flex wp-block-buttons-is-layout-flex\">\n<div class=\"wp-block-button\"><a class=\"wp-block-button__link wp-element-button\" href=\"https:\/\/www.hautes-alpes.net\/de\/organisieren\/campingplaetze\/\">Siehe<\/a><\/div>\n<\/div>\n<\/div><\/div>\n\n\n\n<div class=\"section-wrapper\"><div class=\"wp-block-ws-library-scrollable-section-item ws-section-scrollable-item\">\n<h3 class=\"wp-block-heading is-style-default\"><strong>Residenzen<\/strong><\/h3>\n\n\n\n<p>Finden Sie alle Residenzen und Gruppenunterk\u00fcnfte in den Hautes-Alpes hier :<\/p>\n\n\n\n<div class=\"wp-block-buttons is-layout-flex wp-block-buttons-is-layout-flex\">\n<div class=\"wp-block-button\"><a class=\"wp-block-button__link wp-element-button\" href=\"https:\/\/www.hautes-alpes.net\/de\/organisieren\/residenzen\/\">Siehe<\/a><\/div>\n<\/div>\n<\/div><\/div>\n\n\n\n<div class=\"section-wrapper\"><div class=\"wp-block-ws-library-scrollable-section-item ws-section-scrollable-item\">\n<h3 class=\"wp-block-heading is-style-default\"><strong>M\u00f6blierte Touristenunterk\u00fcnfte<\/strong><\/h3>\n\n\n\n<p>Finden Sie alle m\u00f6blierten Ferienwohnungen in den Hautes-Alpes hier :  <\/p>\n\n\n\n<div class=\"wp-block-buttons is-layout-flex wp-block-buttons-is-layout-flex\">\n<div class=\"wp-block-button\"><a class=\"wp-block-button__link wp-element-button\" href=\"https:\/\/www.hautes-alpes.net\/de\/organisieren\/moeblierte-zimmer-ferienwohnungen\/\">Siehe<\/a><\/div>\n<\/div>\n<\/div><\/div>\n\n\n\n<div class=\"section-wrapper\"><div class=\"wp-block-ws-library-scrollable-section-item ws-section-scrollable-item\">\n<h3 class=\"wp-block-heading is-style-default\"><strong>G\u00e4stezimmer<\/strong><\/h3>\n\n\n\n<p>Hier finden Sie alle G\u00e4stezimmer in Hautes-Alpes :<\/p>\n\n\n\n<div class=\"wp-block-buttons is-layout-flex wp-block-buttons-is-layout-flex\">\n<div class=\"wp-block-button\"><a class=\"wp-block-button__link wp-element-button\" href=\"https:\/\/www.hautes-alpes.net\/de\/organisieren\/gaestezimmer\/\">Siehe<\/a><\/div>\n<\/div>\n<\/div><\/div>\n\n\n\n<div class=\"section-wrapper\"><div class=\"wp-block-ws-library-scrollable-section-item ws-section-scrollable-item\">\n<h3 class=\"wp-block-heading is-style-default\"><strong>Zufluchtsorte<\/strong><\/h3>\n\n\n\n<p>Alle Bergh\u00fctten in den Hautes-Alpes finden Sie hier :<\/p>\n\n\n\n<div class=\"wp-block-buttons is-layout-flex wp-block-buttons-is-layout-flex\">\n<div class=\"wp-block-button\"><a class=\"wp-block-button__link wp-element-button\" href=\"https:\/\/www.hautes-alpes.net\/de\/organisieren\/zufluchtsorte\/\">Siehe<\/a><\/div>\n<\/div>\n<\/div><\/div>\n<\/div><\/div><\/div>\n\n<div class=\"wp-block-ws-library-scrollable-section ws-section-scrollable alignfull\"><div class=\"scrollable-item\"><div class=\"group-content\"><div class=\"wrapper\"><h3 class=\"field-title\">Aktivit\u00e4ten<\/h3><\/div><\/div><div class=\"group-innerblocks\"><div class=\"group-media\"><div class=\"field-image\"><img decoding=\"async\" src=\"https:\/\/www.hautes-alpes.net\/wp-content\/uploads\/2025\/11\/glacier-blanc-famille-thibaut-blais-29-1140x620.jpg\" alt=\"\"\/><\/div><div class=\"credits\"><\/div><\/div>\n<div class=\"section-wrapper\"><div class=\"wp-block-ws-library-scrollable-section-item ws-section-scrollable-item\">\n<h3 class=\"wp-block-heading is-style-default\"><strong>Sport und Natur<\/strong><\/h3>\n\n\n\n<p>Hier finden Sie alle Anbieter von Sport- und Naturaktivit\u00e4ten in den Hautes-Alpes:<\/p>\n\n\n\n<div class=\"wp-block-buttons is-layout-flex wp-block-buttons-is-layout-flex\">\n<div class=\"wp-block-button\"><a class=\"wp-block-button__link wp-element-button\" href=\"https:\/\/www.hautes-alpes.net\/de\/organisieren\/sport-und-natur\/\">Siehe<\/a><\/div>\n<\/div>\n<\/div><\/div>\n\n\n\n<div class=\"section-wrapper\"><div class=\"wp-block-ws-library-scrollable-section-item ws-section-scrollable-item\">\n<h3 class=\"wp-block-heading is-style-default\"><strong>Kultur und Terroir<\/strong><\/h3>\n\n\n\n<p>Hier finden Sie alle kulturellen und lokalen Aktivit\u00e4ten in den Hautes-Alpes :<\/p>\n\n\n\n<div class=\"wp-block-buttons is-layout-flex wp-block-buttons-is-layout-flex\">\n<div class=\"wp-block-button\"><a class=\"wp-block-button__link wp-element-button\" href=\"https:\/\/www.hautes-alpes.net\/de\/organisieren\/kultur-und-terroir\/\">Siehe<\/a><\/div>\n<\/div>\n<\/div><\/div>\n<\/div><\/div><\/div>\n\n<div class=\"wp-block-ws-library-scrollable-section ws-section-scrollable alignfull\"><div class=\"scrollable-item\"><div class=\"group-content\"><div class=\"wrapper\"><h3 class=\"field-title\">Restaurants<\/h3><\/div><\/div><div class=\"group-innerblocks\"><div class=\"group-media\"><div class=\"field-image\"><img decoding=\"async\" src=\"https:\/\/www.hautes-alpes.net\/wp-content\/uploads\/2025\/12\/hotel-le-rock-noir-monetier-les-bains-19-1140x620.jpg\" alt=\"\"\/><\/div><div class=\"credits\">H\u00f4tel le Rock Noir <\/div><\/div>\n<div class=\"section-wrapper\"><div class=\"wp-block-ws-library-scrollable-section-item ws-section-scrollable-item\">\n<h3 class=\"wp-block-heading is-style-default\"><strong>Gastronomisch<\/strong><\/h3>\n\n\n\n<p>Hier finden Sie alle gastronomischen Restaurants in den Hautes-Alpes :<\/p>\n\n\n\n<div class=\"wp-block-buttons is-layout-flex wp-block-buttons-is-layout-flex\">\n<div class=\"wp-block-button\"><a class=\"wp-block-button__link wp-element-button\" href=\"https:\/\/www.hautes-alpes.net\/de\/organisieren\/gastronomisch\/\">Siehe<\/a><\/div>\n<\/div>\n<\/div><\/div>\n\n\n\n<div class=\"section-wrapper\"><div class=\"wp-block-ws-library-scrollable-section-item ws-section-scrollable-item\">\n<h3 class=\"wp-block-heading is-style-default\"><strong>Brauereien<\/strong><\/h3>\n\n\n\n<p>Hier finden Sie alle Brasserien und traditionellen Restaurants in den Hautes-Alpes :<\/p>\n\n\n\n<div class=\"wp-block-buttons is-layout-flex wp-block-buttons-is-layout-flex\">\n<div class=\"wp-block-button\"><a class=\"wp-block-button__link wp-element-button\" href=\"https:\/\/www.hautes-alpes.net\/de\/organisieren\/brauerei-tradition\/\">Siehe<\/a><\/div>\n<\/div>\n<\/div><\/div>\n\n\n\n<div class=\"section-wrapper\"><div class=\"wp-block-ws-library-scrollable-section-item ws-section-scrollable-item\">\n<h3 class=\"wp-block-heading is-style-default\"><strong>Restaurants in der H\u00f6he<\/strong><\/h3>\n\n\n\n<p>Hier finden Sie alle Bergrestaurants in den Hautes-Alpes:<\/p>\n\n\n\n<div class=\"wp-block-buttons is-layout-flex wp-block-buttons-is-layout-flex\">\n<div class=\"wp-block-button\"><a class=\"wp-block-button__link wp-element-button\" href=\"https:\/\/www.hautes-alpes.net\/de\/organisieren\/restaurants-in-hoehenlagen\/\">Siehe<\/a><\/div>\n<\/div>\n<\/div><\/div>\n\n\n\n<div class=\"section-wrapper\"><div class=\"wp-block-ws-library-scrollable-section-item ws-section-scrollable-item\">\n<h3 class=\"wp-block-heading is-style-default\"><strong>Snacking<\/strong><\/h3>\n\n\n\n<p>Hier finden Sie alle Snack-Tische in den Hautes-Alpes :<\/p>\n\n\n\n<div class=\"wp-block-buttons is-layout-flex wp-block-buttons-is-layout-flex\">\n<div class=\"wp-block-button\"><a class=\"wp-block-button__link wp-element-button\" href=\"https:\/\/www.hautes-alpes.net\/de\/organisieren\/tische-und-snacks\/\">Siehe<\/a><\/div>\n<\/div>\n<\/div><\/div>\n<\/div><\/div><\/div>\n\n<div class=\"wp-block-ws-library-scrollable-section ws-section-scrollable alignfull\"><div class=\"scrollable-item\"><div class=\"group-content\"><div class=\"wrapper\"><h3 class=\"field-title\">Agenda<\/h3><\/div><\/div><div class=\"group-innerblocks\"><div class=\"group-media\"><div class=\"field-image\"><img decoding=\"async\" src=\"https:\/\/www.hautes-alpes.net\/wp-content\/uploads\/2025\/11\/pointhaut-remimorel-2025-080625154004-office-de-tourisme-de-serre-poncon-2-1140x620.jpg\" alt=\"L'outdoormix Spring Festival 2025 organis\u00e9 sur la commune d'Embrun.\"\/><\/div><div class=\"credits\">R. Morel<\/div><\/div>\n<div class=\"section-wrapper\"><div class=\"wp-block-ws-library-scrollable-section-item ws-section-scrollable-item\">\n<h3 class=\"wp-block-heading is-style-default\"><strong>Der gesamte Terminkalender der Hautes-Alpes<\/strong><\/h3>\n\n\n\n<p>Alle Highlights der Hautes-Alpes finden Sie hier :<\/p>\n\n\n\n<div class=\"wp-block-buttons is-layout-flex wp-block-buttons-is-layout-flex\">\n<div class=\"wp-block-button\"><a class=\"wp-block-button__link wp-element-button\" href=\"https:\/\/www.hautes-alpes.net\/de\/organisieren\/der-gesamte-terminkalender-der-hautes-alpes\/\">Siehe<\/a><\/div>\n<\/div>\n<\/div><\/div>\n<\/div><\/div><\/div>\n\n<div class=\"wp-block-ws-library-scrollable-section ws-section-scrollable alignfull\"><div class=\"scrollable-item\"><div class=\"group-content\"><div class=\"wrapper\"><h3 class=\"field-title\">Zugang<\/h3><div class=\"field-intro\"><p>Auf dem Weg in die Hautes-Alpes. Hier finden Sie die wichtigsten Informationen f\u00fcr die Anreise. <\/p><\/div><\/div><\/div><div class=\"group-innerblocks\"><div class=\"group-media\"><div class=\"field-image\"><img decoding=\"async\" src=\"https:\/\/www.hautes-alpes.net\/wp-content\/uploads\/2025\/12\/izoard-lilouagencekros-remifabregue-24-1140x620.jpg\" alt=\"\"\/><\/div><div class=\"credits\">AgenceKros_RemiFabregue<\/div><\/div>\n<div class=\"section-wrapper\"><div class=\"wp-block-ws-library-scrollable-section-item ws-section-scrollable-item\">\n<h3 class=\"wp-block-heading is-style-title-1\"><strong>Verkehrsbedingungen<\/strong><\/h3>\n\n\n\n<p>Um alles \u00fcber die Verkehrsbedingungen auf den Stra\u00dfen der Hautes-Alpes zu erfahren, besuchen Sie die Website :  <\/p>\n\n\n\n<div class=\"wp-block-buttons is-layout-flex wp-block-buttons-is-layout-flex\">\n<div class=\"wp-block-button\"><a class=\"wp-block-button__link wp-element-button\" href=\"http:\/\/inforoute.hautes-alpes.fr\/\" target=\"_blank\" rel=\"noreferrer noopener\">Info Route 05<\/a><\/div>\n<\/div>\n<\/div><\/div>\n\n\n\n<div class=\"section-wrapper\"><div class=\"wp-block-ws-library-scrollable-section-item ws-section-scrollable-item\">\n<h3 class=\"wp-block-heading is-style-title-1\"><strong>Anreise mit dem Zug<\/strong><\/h3>\n\n\n\n<p>Melden Sie sich bei SNCF Connect an, um Ihre Fahrt in die Hautes-Alpes zu buchen.<\/p>\n\n\n\n<div class=\"wp-block-buttons is-layout-flex wp-block-buttons-is-layout-flex\">\n<div class=\"wp-block-button\"><a class=\"wp-block-button__link wp-element-button\" href=\"https:\/\/www.sncf-connect.com\/\" target=\"_blank\" rel=\"noreferrer noopener\">SNCF Connect<\/a><\/div>\n<\/div>\n<\/div><\/div>\n\n\n\n<div class=\"section-wrapper\"><div class=\"wp-block-ws-library-scrollable-section-item ws-section-scrollable-item\">\n<h3 class=\"wp-block-heading is-style-title-1\"><strong>Die Buslinien<\/strong><\/h3>\n\n\n\n<p>Nehmen Sie die regionalen Buslinien ZOU, um Ihr Ziel zu erreichen.<\/p>\n\n\n\n<div class=\"wp-block-buttons is-layout-flex wp-block-buttons-is-layout-flex\">\n<div class=\"wp-block-button\"><a class=\"wp-block-button__link wp-element-button\" href=\"https:\/\/zou.maregionsud.fr\/mes-lignes-de-bus-dans-les-hautes-alpes\/\" target=\"_blank\" rel=\"noreferrer noopener\">ZOU-Linien<\/a><\/div>\n<\/div>\n<\/div><\/div>\n\n\n\n<div class=\"section-wrapper\"><div class=\"wp-block-ws-library-scrollable-section-item ws-section-scrollable-item\">\n<h3 class=\"wp-block-heading is-style-title-1\"><strong>Berggesetz: Ausstattung Ihres Fahrzeugs<\/strong><\/h3>\n\n\n\n<p>Im Winter muss man sich mit Schnee und Eis arrangieren. Das Berggesetz II schreibt vor, dass Fahrzeuge vom 1. November bis 31. M\u00e4rz mit Schneeausr\u00fcstung (Winterreifen und\/oder Schneeketten oder Socken) ausgestattet sein m\u00fcssen. Bei einer Kontrolle wird ein Bu\u00dfgeld in H\u00f6he von 135 \u20ac verh\u00e4ngt.  <\/p>\n<\/div><\/div>\n<\/div><\/div><\/div>\n\n<div class=\"wp-block-ws-library-ws-share\"><span class=\"share-subtitle\">Hat Ihnen diese Seite gefallen?<\/span><span class=\"share-title\">Teilen Sie es mit anderen!<\/span><button class=\"ws-share-button wp-element-button\">Diese Seite teilen<\/button><\/div>\n","protected":false},"excerpt":{"rendered":"","protected":false},"author":1,"featured_media":0,"parent":0,"menu_order":0,"comment_status":"closed","ping_status":"closed","template":"","meta":{"is_dark_mode":false,"footnotes":""},"page_label":[],"class_list":["post-106511","page","type-page","status-publish","hentry"],"yoast_head":"<!-- This site is optimized with the Yoast SEO plugin v27.2 - https:\/\/yoast.com\/product\/yoast-seo-wordpress\/ -->\n<title>Organisieren - Hautes-Alpes<\/title>\n<meta name=\"description\" content=\"Organisieren Skizze Unterk\u00fcnfteWeLikeCommunication Hotels Alle Hotels in Hautes-Alpes finden Sie hier : Siehe Campingpl\u00e4tze Alle Campingpl\u00e4tze in\" \/>\n<meta name=\"robots\" content=\"index, follow, max-snippet:-1, max-image-preview:large, max-video-preview:-1\" \/>\n<link rel=\"canonical\" href=\"https:\/\/www.hautes-alpes.net\/de\/organisieren\/\" \/>\n<meta property=\"og:locale\" content=\"de_DE\" \/>\n<meta property=\"og:type\" content=\"article\" \/>\n<meta property=\"og:title\" content=\"Organisieren - Hautes-Alpes\" \/>\n<meta property=\"og:description\" content=\"Organisieren Skizze Unterk\u00fcnfteWeLikeCommunication Hotels Alle Hotels in Hautes-Alpes finden Sie hier : Siehe Campingpl\u00e4tze Alle Campingpl\u00e4tze in\" \/>\n<meta property=\"og:url\" content=\"https:\/\/www.hautes-alpes.net\/de\/organisieren\/\" \/>\n<meta property=\"og:site_name\" content=\"Hautes-Alpes\" \/>\n<meta property=\"article:modified_time\" content=\"2025-12-26T11:39:57+00:00\" \/>\n<meta property=\"og:image\" content=\"https:\/\/www.hautes-alpes.net\/wp-content\/uploads\/2025\/11\/carte-des-grands-sites.jpg\" \/>\n<meta name=\"twitter:card\" content=\"summary_large_image\" \/>\n<meta name=\"twitter:label1\" content=\"Gesch\u00e4tzte Lesezeit\" \/>\n\t<meta name=\"twitter:data1\" content=\"2 Minuten\" \/>\n<script type=\"application\/ld+json\" class=\"yoast-schema-graph\">{\"@context\":\"https:\/\/schema.org\",\"@graph\":[{\"@type\":\"WebPage\",\"@id\":\"https:\/\/www.hautes-alpes.net\/de\/organisieren\/\",\"url\":\"https:\/\/www.hautes-alpes.net\/de\/organisieren\/\",\"name\":\"Organisieren - Hautes-Alpes\",\"isPartOf\":{\"@id\":\"https:\/\/www.hautes-alpes.net\/de\/#website\"},\"primaryImageOfPage\":{\"@id\":\"https:\/\/www.hautes-alpes.net\/de\/organisieren\/#primaryimage\"},\"image\":{\"@id\":\"https:\/\/www.hautes-alpes.net\/de\/organisieren\/#primaryimage\"},\"thumbnailUrl\":\"https:\/\/www.hautes-alpes.net\/wp-content\/uploads\/2025\/11\/carte-des-grands-sites.jpg\",\"datePublished\":\"2025-10-09T14:14:39+00:00\",\"dateModified\":\"2025-12-26T11:39:57+00:00\",\"description\":\"Organisieren Skizze Unterk\u00fcnfteWeLikeCommunication Hotels Alle Hotels in Hautes-Alpes finden Sie hier : Siehe Campingpl\u00e4tze Alle Campingpl\u00e4tze in\",\"breadcrumb\":{\"@id\":\"https:\/\/www.hautes-alpes.net\/de\/organisieren\/#breadcrumb\"},\"inLanguage\":\"de\",\"potentialAction\":[{\"@type\":\"ReadAction\",\"target\":[\"https:\/\/www.hautes-alpes.net\/de\/organisieren\/\"]}]},{\"@type\":\"ImageObject\",\"inLanguage\":\"de\",\"@id\":\"https:\/\/www.hautes-alpes.net\/de\/organisieren\/#primaryimage\",\"url\":\"https:\/\/www.hautes-alpes.net\/wp-content\/uploads\/2025\/11\/carte-des-grands-sites.jpg\",\"contentUrl\":\"https:\/\/www.hautes-alpes.net\/wp-content\/uploads\/2025\/11\/carte-des-grands-sites.jpg\"},{\"@type\":\"BreadcrumbList\",\"@id\":\"https:\/\/www.hautes-alpes.net\/de\/organisieren\/#breadcrumb\",\"itemListElement\":[{\"@type\":\"ListItem\",\"position\":1,\"name\":\"Home\",\"item\":\"https:\/\/www.hautes-alpes.net\/de\/hautes-alpes\/\"},{\"@type\":\"ListItem\",\"position\":2,\"name\":\"Organisieren\"}]},{\"@type\":\"WebSite\",\"@id\":\"https:\/\/www.hautes-alpes.net\/de\/#website\",\"url\":\"https:\/\/www.hautes-alpes.net\/de\/\",\"name\":\"ADDET\",\"description\":\"\",\"publisher\":{\"@id\":\"https:\/\/www.hautes-alpes.net\/de\/#organization\"},\"potentialAction\":[{\"@type\":\"SearchAction\",\"target\":{\"@type\":\"EntryPoint\",\"urlTemplate\":\"https:\/\/www.hautes-alpes.net\/de\/?s={search_term_string}\"},\"query-input\":{\"@type\":\"PropertyValueSpecification\",\"valueRequired\":true,\"valueName\":\"search_term_string\"}}],\"inLanguage\":\"de\"},{\"@type\":\"Organization\",\"@id\":\"https:\/\/www.hautes-alpes.net\/de\/#organization\",\"name\":\"Agence D\u00e9partementale de D\u00e9veloppement Economique et Touristique des Hautes-Alpes\",\"url\":\"https:\/\/www.hautes-alpes.net\/de\/\",\"logo\":{\"@type\":\"ImageObject\",\"inLanguage\":\"de\",\"@id\":\"https:\/\/www.hautes-alpes.net\/de\/#\/schema\/logo\/image\/\",\"url\":\"https:\/\/www.hautes-alpes.net\/wp-content\/uploads\/2026\/01\/black-logo-2.svg\",\"contentUrl\":\"https:\/\/www.hautes-alpes.net\/wp-content\/uploads\/2026\/01\/black-logo-2.svg\",\"caption\":\"Agence D\u00e9partementale de D\u00e9veloppement Economique et Touristique des Hautes-Alpes\"},\"image\":{\"@id\":\"https:\/\/www.hautes-alpes.net\/de\/#\/schema\/logo\/image\/\"}}]}<\/script>\n<!-- \/ Yoast SEO plugin. -->","yoast_head_json":{"title":"Organisieren - Hautes-Alpes","description":"Organisieren Skizze Unterk\u00fcnfteWeLikeCommunication Hotels Alle Hotels in Hautes-Alpes finden Sie hier : Siehe Campingpl\u00e4tze Alle Campingpl\u00e4tze in","robots":{"index":"index","follow":"follow","max-snippet":"max-snippet:-1","max-image-preview":"max-image-preview:large","max-video-preview":"max-video-preview:-1"},"canonical":"https:\/\/www.hautes-alpes.net\/de\/organisieren\/","og_locale":"de_DE","og_type":"article","og_title":"Organisieren - Hautes-Alpes","og_description":"Organisieren Skizze Unterk\u00fcnfteWeLikeCommunication Hotels Alle Hotels in Hautes-Alpes finden Sie hier : Siehe Campingpl\u00e4tze Alle Campingpl\u00e4tze in","og_url":"https:\/\/www.hautes-alpes.net\/de\/organisieren\/","og_site_name":"Hautes-Alpes","article_modified_time":"2025-12-26T11:39:57+00:00","og_image":[{"url":"https:\/\/www.hautes-alpes.net\/wp-content\/uploads\/2025\/11\/carte-des-grands-sites.jpg","type":"","width":"","height":""}],"twitter_card":"summary_large_image","twitter_misc":{"Gesch\u00e4tzte Lesezeit":"2 Minuten"},"schema":{"@context":"https:\/\/schema.org","@graph":[{"@type":"WebPage","@id":"https:\/\/www.hautes-alpes.net\/de\/organisieren\/","url":"https:\/\/www.hautes-alpes.net\/de\/organisieren\/","name":"Organisieren - Hautes-Alpes","isPartOf":{"@id":"https:\/\/www.hautes-alpes.net\/de\/#website"},"primaryImageOfPage":{"@id":"https:\/\/www.hautes-alpes.net\/de\/organisieren\/#primaryimage"},"image":{"@id":"https:\/\/www.hautes-alpes.net\/de\/organisieren\/#primaryimage"},"thumbnailUrl":"https:\/\/www.hautes-alpes.net\/wp-content\/uploads\/2025\/11\/carte-des-grands-sites.jpg","datePublished":"2025-10-09T14:14:39+00:00","dateModified":"2025-12-26T11:39:57+00:00","description":"Organisieren Skizze Unterk\u00fcnfteWeLikeCommunication Hotels Alle Hotels in Hautes-Alpes finden Sie hier : Siehe Campingpl\u00e4tze Alle Campingpl\u00e4tze in","breadcrumb":{"@id":"https:\/\/www.hautes-alpes.net\/de\/organisieren\/#breadcrumb"},"inLanguage":"de","potentialAction":[{"@type":"ReadAction","target":["https:\/\/www.hautes-alpes.net\/de\/organisieren\/"]}]},{"@type":"ImageObject","inLanguage":"de","@id":"https:\/\/www.hautes-alpes.net\/de\/organisieren\/#primaryimage","url":"https:\/\/www.hautes-alpes.net\/wp-content\/uploads\/2025\/11\/carte-des-grands-sites.jpg","contentUrl":"https:\/\/www.hautes-alpes.net\/wp-content\/uploads\/2025\/11\/carte-des-grands-sites.jpg"},{"@type":"BreadcrumbList","@id":"https:\/\/www.hautes-alpes.net\/de\/organisieren\/#breadcrumb","itemListElement":[{"@type":"ListItem","position":1,"name":"Home","item":"https:\/\/www.hautes-alpes.net\/de\/hautes-alpes\/"},{"@type":"ListItem","position":2,"name":"Organisieren"}]},{"@type":"WebSite","@id":"https:\/\/www.hautes-alpes.net\/de\/#website","url":"https:\/\/www.hautes-alpes.net\/de\/","name":"ADDET","description":"","publisher":{"@id":"https:\/\/www.hautes-alpes.net\/de\/#organization"},"potentialAction":[{"@type":"SearchAction","target":{"@type":"EntryPoint","urlTemplate":"https:\/\/www.hautes-alpes.net\/de\/?s={search_term_string}"},"query-input":{"@type":"PropertyValueSpecification","valueRequired":true,"valueName":"search_term_string"}}],"inLanguage":"de"},{"@type":"Organization","@id":"https:\/\/www.hautes-alpes.net\/de\/#organization","name":"Agence D\u00e9partementale de D\u00e9veloppement Economique et Touristique des Hautes-Alpes","url":"https:\/\/www.hautes-alpes.net\/de\/","logo":{"@type":"ImageObject","inLanguage":"de","@id":"https:\/\/www.hautes-alpes.net\/de\/#\/schema\/logo\/image\/","url":"https:\/\/www.hautes-alpes.net\/wp-content\/uploads\/2026\/01\/black-logo-2.svg","contentUrl":"https:\/\/www.hautes-alpes.net\/wp-content\/uploads\/2026\/01\/black-logo-2.svg","caption":"Agence D\u00e9partementale de D\u00e9veloppement Economique et Touristique des Hautes-Alpes"},"image":{"@id":"https:\/\/www.hautes-alpes.net\/de\/#\/schema\/logo\/image\/"}}]}},"_links":{"self":[{"href":"https:\/\/www.hautes-alpes.net\/de\/wp-json\/wp\/v2\/pages\/106511","targetHints":{"allow":["GET"]}}],"collection":[{"href":"https:\/\/www.hautes-alpes.net\/de\/wp-json\/wp\/v2\/pages"}],"about":[{"href":"https:\/\/www.hautes-alpes.net\/de\/wp-json\/wp\/v2\/types\/page"}],"author":[{"embeddable":true,"href":"https:\/\/www.hautes-alpes.net\/de\/wp-json\/wp\/v2\/users\/1"}],"replies":[{"embeddable":true,"href":"https:\/\/www.hautes-alpes.net\/de\/wp-json\/wp\/v2\/comments?post=106511"}],"version-history":[{"count":10,"href":"https:\/\/www.hautes-alpes.net\/de\/wp-json\/wp\/v2\/pages\/106511\/revisions"}],"predecessor-version":[{"id":136924,"href":"https:\/\/www.hautes-alpes.net\/de\/wp-json\/wp\/v2\/pages\/106511\/revisions\/136924"}],"wp:attachment":[{"href":"https:\/\/www.hautes-alpes.net\/de\/wp-json\/wp\/v2\/media?parent=106511"}],"wp:term":[{"taxonomy":"page_label","embeddable":true,"href":"https:\/\/www.hautes-alpes.net\/de\/wp-json\/wp\/v2\/page_label?post=106511"}],"curies":[{"name":"wp","href":"https:\/\/api.w.org\/{rel}","templated":true}]}}