{"id":104896,"date":"2025-12-05T09:08:29","date_gmt":"2025-12-05T08:08:29","guid":{"rendered":"https:\/\/www.hautes-alpes.net\/kommunikation\/"},"modified":"2026-01-08T16:23:28","modified_gmt":"2026-01-08T15:23:28","slug":"kommunikation","status":"publish","type":"page","link":"https:\/\/www.hautes-alpes.net\/de\/die-entwicklungsagentur\/profi-bereich\/kommunikation\/","title":{"rendered":"Kommunikationspaket"},"content":{"rendered":"\n<div class=\"wp-block-group alignfull hero-banner-simple has-global-padding is-layout-constrained wp-block-group-is-layout-constrained\"><div class=\"yoast-breadcrumbs\"><span><span><a href=\"https:\/\/www.hautes-alpes.net\/de\/hautes-alpes\/\">Home<\/a><\/span>  <span><a href=\"https:\/\/www.hautes-alpes.net\/de\/die-entwicklungsagentur\/profi-bereich\/\">Profi-Bereich<\/a><\/span>  <span><a href=\"https:\/\/www.hautes-alpes.net\/de\/die-entwicklungsagentur\/\">Die Entwicklungsagentur<\/a><\/span>  <span><a href=\"https:\/\/www.hautes-alpes.net\/de\/die-entwicklungsagentur\/profi-bereich\/\">Profi-Bereich<\/a><\/span>  <span class=\"breadcrumb_last\" aria-current=\"page\">Kommunikationspaket<\/span><\/span><\/div>\n\n\n<h1 class=\"wp-block-ws-library-post-title\">Kommunikationspaket<\/h1>\n\n\n\n<p class=\"subtitle\"><\/p>\n\n\n\n<p>Hier finden Sie alle grafischen Elemente, um die Resonanz zu erzeugen, die die Marken Hautes-Alpes und Alpes du Sud wachsen l\u00e4sst.<\/p>\n<\/div>\n\n<div style=\"height:36px\" aria-hidden=\"true\" class=\"wp-block-spacer\"><\/div>\n\n<h2 class=\"wp-block-heading\">Eine <strong>einfach offensichtliche<\/strong> Positionierung<\/h2>\n\n<p><strong>&#8220;Nichts ist sch\u00f6ner als die einfachen Dinge&#8220;<\/strong>. Die S\u00fcdalpen und die Hautes-Alpes bieten nat\u00fcrlich einen so pr\u00e4chtigen und reichen Lebensrahmen, dass sie das ganze Jahr \u00fcber einladen und begeistern k\u00f6nnen. <\/p>\n\n<p>Im Jahr 2017 wurde eine neue, von der Region und dem Regionalen Tourismusausschuss Provence-Alpes-C\u00f4te d&#8217;Azur initiierte Dynamik in Gang gesetzt, um das Massiv der S\u00fcdalpen (Alpes de Haute-Provence, Hautes-Alpes und Alpes-Maritimes) durch eine authentische und differenzierende Positionierungsstrategie zu f\u00f6rdern, die sich auf <strong>einen ikonischen Namen<\/strong> und <strong>eine starke Vorstellungswelt<\/strong> st\u00fctzt, n\u00e4mlich die der <strong>Alpen<\/strong>, aber auch auf <strong>eine starke DNA<\/strong>, die durch die Markensignatur kapitalisiert wird: <strong>Purealpes<\/strong>.<\/p>\n\n<div class=\"wp-block-ws-library-ws-image is-style-simple\"><div class=\"wrapper\"><div class=\"group-media\"><img decoding=\"async\" src=\"https:\/\/www.hautes-alpes.net\/wp-content\/uploads\/2025\/12\/positionnement.png\" alt=\"\" class=\"single_image ws-image-118464\"><div class=\"credits\"><\/div><\/div><p class=\"caption\"><\/p><\/div><\/div>\n\n<div style=\"height:29px\" aria-hidden=\"true\" class=\"wp-block-spacer\"><\/div>\n\n<h2 class=\"wp-block-heading\"><strong>Kommunikationselemente<\/strong><\/h2>\n\n<p>F\u00fcr alle Ihre Kommunikationsbed\u00fcrfnisse k\u00f6nnen Sie hier Logos und Schriftarten herunterladen, die Sie frei verwenden k\u00f6nnen.<\/p>\n\n<div class=\"wp-block-ws-library-ws-columns has-2-columns are-vertically-aligned-no-align layout-5050\">\n<div class=\"wp-block-ws-library-ws-column\"><div class=\"wrapper\">\n<h4 class=\"wp-block-heading is-style-title-1\">\u25ba <strong>Hautes-Alpes<\/strong><\/h4>\n\n\n\n<div class=\"wp-block-ws-library-ws-documents\">\n<div class=\"wp-block-ws-library-ws-document\"><a href=\"https:\/\/www.hautes-alpes.net\/wp-content\/uploads\/2025\/12\/logo-agence-de-developpement-des-hautes-alpes.zip\" target=\"_blank\" rel=\"noopener noreferrer\" class=\"link-document\">Logos Agence de D\u00e9veloppement des Hautes-Alpes (Entwicklungsagentur der Hautes-Alpes)<\/a><\/div>\n<\/div>\n\n\n\n<div class=\"wp-block-ws-library-ws-documents\">\n<div class=\"wp-block-ws-library-ws-document\"><a href=\"https:\/\/www.hautes-alpes.net\/wp-content\/uploads\/2025\/12\/rutan.zip\" target=\"_blank\" rel=\"noopener noreferrer\" class=\"link-document\">Schriftart - Rutan<\/a><\/div>\n<\/div>\n\n\n\n<p><\/p>\n<\/div><\/div>\n\n\n\n<div class=\"wp-block-ws-library-ws-column\"><div class=\"wrapper\">\n<h4 class=\"wp-block-heading is-style-title-1\">\u25ba S <strong>\u00fcdalpen<\/strong><\/h4>\n\n\n\n<div class=\"wp-block-ws-library-ws-documents\">\n<div class=\"wp-block-ws-library-ws-document\"><a href=\"https:\/\/www.hautes-alpes.net\/wp-content\/uploads\/2025\/12\/alpes-du-sud.zip\" target=\"_blank\" rel=\"noopener noreferrer\" class=\"link-document\">Logos S\u00fcdalpen<\/a><\/div>\n<\/div>\n\n\n\n<div class=\"wp-block-ws-library-ws-documents\">\n<div class=\"wp-block-ws-library-ws-document\"><a href=\"https:\/\/www.hautes-alpes.net\/wp-content\/uploads\/2025\/12\/southern-french-alpes.zip\" target=\"_blank\" rel=\"noopener noreferrer\" class=\"link-document\">Logos Southern French Alpes<\/a><\/div>\n<\/div>\n\n\n\n<div class=\"wp-block-ws-library-ws-documents\">\n<div class=\"wp-block-ws-library-ws-document\"><a href=\"https:\/\/www.hautes-alpes.net\/wp-content\/uploads\/2025\/12\/rutan.zip\" target=\"_blank\" rel=\"noopener noreferrer\" class=\"link-document\">Schriftart - Rutan<\/a><\/div>\n<\/div>\n\n\n\n<p><\/p>\n<\/div><\/div>\n<\/div>\n\n<div class=\"wp-block-ws-library-ws-image is-style-simple\"><div class=\"wrapper\"><div class=\"group-media\"><img decoding=\"async\" src=\"https:\/\/www.hautes-alpes.net\/wp-content\/uploads\/2025\/12\/lac-du-pontet-la-meije-alpesphotographies-1240x800.jpg\" alt=\"\" class=\"single_image ws-image-119479\"><div class=\"credits\">Alpen Fotografien<\/div><\/div><p class=\"caption\"><\/p><\/div><\/div>\n\n<div style=\"height:50px\" aria-hidden=\"true\" class=\"wp-block-spacer\"><\/div>\n\n<div class=\"wp-block-group has-global-padding is-layout-constrained wp-block-group-is-layout-constrained\">\n<p>Brauchen Sie Rat?<\/p>\n\n\n\n<h2 class=\"wp-block-heading\"><strong>Ihr<\/strong> bevorzugter <strong>Kontakt<\/strong> <\/h2>\n\n\n\n<p>F\u00fcr alle Fragen und Informationen \u00fcber die grafische Linie der Marken Hautes-Alpes und Alpes du Sud :<\/p>\n\n\n\n<div class=\"wp-block-group has-global-padding is-layout-constrained wp-block-group-is-layout-constrained\">\n<p><strong>Laura Chardonnet<\/strong>, Kommunikationsbeauftragte<\/p>\n<\/div>\n\n\n\n<div class=\"wp-block-group has-global-padding is-layout-constrained wp-block-group-is-layout-constrained\">\n<p><a href=\"tel:+33692490935\">04 92 53 22 06<\/a><\/p>\n\n\n\n<p><a href=\"mailto:laura.chardonnet@hautes-alpes.net\">laura.chardonnet@hautes-alpes.net<\/a><\/p>\n<\/div>\n<\/div>\n\n<div class=\"wp-block-ws-library-ws-share\"><span class=\"share-subtitle\">Hat Ihnen diese Seite gefallen?<\/span><span class=\"share-title\">Teilen Sie es mit anderen!<\/span><button class=\"ws-share-button wp-element-button\">Diese Seite teilen<\/button><\/div>\n","protected":false},"excerpt":{"rendered":"<p>Hier finden Sie alle grafischen Elemente, um die Resonanz zu erzeugen, die die Marken Hautes-Alpes und Alpes du Sud wachsen [&hellip;]<\/p>\n","protected":false},"author":5,"featured_media":0,"parent":109107,"menu_order":0,"comment_status":"closed","ping_status":"closed","template":"","meta":{"is_dark_mode":false,"footnotes":""},"page_label":[],"class_list":["post-104896","page","type-page","status-publish","hentry"],"yoast_head":"<!-- This site is optimized with the Yoast SEO plugin v27.2 - https:\/\/yoast.com\/product\/yoast-seo-wordpress\/ -->\n<title>Kommunikationspaket - Hautes-Alpes<\/title>\n<meta name=\"description\" content=\"Kommunikationspaket Hier finden Sie alle grafischen Elemente, um die Resonanz zu erzeugen, die die Marken Hautes-Alpes und Alpes du Sud wachsen l\u00e4sst.\" \/>\n<meta name=\"robots\" content=\"index, follow, max-snippet:-1, max-image-preview:large, max-video-preview:-1\" \/>\n<link rel=\"canonical\" href=\"https:\/\/www.hautes-alpes.net\/de\/die-entwicklungsagentur\/profi-bereich\/kommunikation\/\" \/>\n<meta property=\"og:locale\" content=\"de_DE\" \/>\n<meta property=\"og:type\" content=\"article\" \/>\n<meta property=\"og:title\" content=\"Kommunikationspaket - Hautes-Alpes\" \/>\n<meta property=\"og:description\" content=\"Kommunikationspaket Hier finden Sie alle grafischen Elemente, um die Resonanz zu erzeugen, die die Marken Hautes-Alpes und Alpes du Sud wachsen l\u00e4sst.\" \/>\n<meta property=\"og:url\" content=\"https:\/\/www.hautes-alpes.net\/de\/die-entwicklungsagentur\/profi-bereich\/kommunikation\/\" \/>\n<meta property=\"og:site_name\" content=\"Hautes-Alpes\" \/>\n<meta property=\"article:modified_time\" content=\"2026-01-08T15:23:28+00:00\" \/>\n<meta property=\"og:image\" content=\"https:\/\/www.hautes-alpes.net\/wp-content\/uploads\/2025\/12\/positionnement.png\" \/>\n<meta name=\"twitter:card\" content=\"summary_large_image\" \/>\n<meta name=\"twitter:label1\" content=\"Gesch\u00e4tzte Lesezeit\" \/>\n\t<meta name=\"twitter:data1\" content=\"1\u00a0Minute\" \/>\n<script type=\"application\/ld+json\" class=\"yoast-schema-graph\">{\"@context\":\"https:\/\/schema.org\",\"@graph\":[{\"@type\":\"WebPage\",\"@id\":\"https:\/\/www.hautes-alpes.net\/de\/die-entwicklungsagentur\/profi-bereich\/kommunikation\/\",\"url\":\"https:\/\/www.hautes-alpes.net\/de\/die-entwicklungsagentur\/profi-bereich\/kommunikation\/\",\"name\":\"Kommunikationspaket - Hautes-Alpes\",\"isPartOf\":{\"@id\":\"https:\/\/www.hautes-alpes.net\/de\/#website\"},\"primaryImageOfPage\":{\"@id\":\"https:\/\/www.hautes-alpes.net\/de\/die-entwicklungsagentur\/profi-bereich\/kommunikation\/#primaryimage\"},\"image\":{\"@id\":\"https:\/\/www.hautes-alpes.net\/de\/die-entwicklungsagentur\/profi-bereich\/kommunikation\/#primaryimage\"},\"thumbnailUrl\":\"https:\/\/www.hautes-alpes.net\/wp-content\/uploads\/2025\/12\/positionnement.png\",\"datePublished\":\"2025-12-05T08:08:29+00:00\",\"dateModified\":\"2026-01-08T15:23:28+00:00\",\"description\":\"Kommunikationspaket Hier finden Sie alle grafischen Elemente, um die Resonanz zu erzeugen, die die Marken Hautes-Alpes und Alpes du Sud wachsen l\u00e4sst.\",\"breadcrumb\":{\"@id\":\"https:\/\/www.hautes-alpes.net\/de\/die-entwicklungsagentur\/profi-bereich\/kommunikation\/#breadcrumb\"},\"inLanguage\":\"de\",\"potentialAction\":[{\"@type\":\"ReadAction\",\"target\":[\"https:\/\/www.hautes-alpes.net\/de\/die-entwicklungsagentur\/profi-bereich\/kommunikation\/\"]}]},{\"@type\":\"ImageObject\",\"inLanguage\":\"de\",\"@id\":\"https:\/\/www.hautes-alpes.net\/de\/die-entwicklungsagentur\/profi-bereich\/kommunikation\/#primaryimage\",\"url\":\"https:\/\/www.hautes-alpes.net\/wp-content\/uploads\/2025\/12\/positionnement.png\",\"contentUrl\":\"https:\/\/www.hautes-alpes.net\/wp-content\/uploads\/2025\/12\/positionnement.png\"},{\"@type\":\"BreadcrumbList\",\"@id\":\"https:\/\/www.hautes-alpes.net\/de\/die-entwicklungsagentur\/profi-bereich\/kommunikation\/#breadcrumb\",\"itemListElement\":[{\"@type\":\"ListItem\",\"position\":1,\"name\":\"Home\",\"item\":\"https:\/\/www.hautes-alpes.net\/de\/hautes-alpes\/\"},{\"@type\":\"ListItem\",\"position\":2,\"name\":\"Profi-Bereich\",\"item\":\"https:\/\/www.hautes-alpes.net\/de\/die-entwicklungsagentur\/profi-bereich\/\"},{\"@type\":\"ListItem\",\"position\":3,\"name\":\"Die Entwicklungsagentur\",\"item\":\"https:\/\/www.hautes-alpes.net\/de\/die-entwicklungsagentur\/\"},{\"@type\":\"ListItem\",\"position\":4,\"name\":\"Profi-Bereich\",\"item\":\"https:\/\/www.hautes-alpes.net\/de\/die-entwicklungsagentur\/profi-bereich\/\"},{\"@type\":\"ListItem\",\"position\":5,\"name\":\"Kommunikationspaket\"}]},{\"@type\":\"WebSite\",\"@id\":\"https:\/\/www.hautes-alpes.net\/de\/#website\",\"url\":\"https:\/\/www.hautes-alpes.net\/de\/\",\"name\":\"ADDET\",\"description\":\"\",\"publisher\":{\"@id\":\"https:\/\/www.hautes-alpes.net\/de\/#organization\"},\"potentialAction\":[{\"@type\":\"SearchAction\",\"target\":{\"@type\":\"EntryPoint\",\"urlTemplate\":\"https:\/\/www.hautes-alpes.net\/de\/?s={search_term_string}\"},\"query-input\":{\"@type\":\"PropertyValueSpecification\",\"valueRequired\":true,\"valueName\":\"search_term_string\"}}],\"inLanguage\":\"de\"},{\"@type\":\"Organization\",\"@id\":\"https:\/\/www.hautes-alpes.net\/de\/#organization\",\"name\":\"Agence D\u00e9partementale de D\u00e9veloppement Economique et Touristique des Hautes-Alpes\",\"url\":\"https:\/\/www.hautes-alpes.net\/de\/\",\"logo\":{\"@type\":\"ImageObject\",\"inLanguage\":\"de\",\"@id\":\"https:\/\/www.hautes-alpes.net\/de\/#\/schema\/logo\/image\/\",\"url\":\"https:\/\/www.hautes-alpes.net\/wp-content\/uploads\/2026\/01\/black-logo-2.svg\",\"contentUrl\":\"https:\/\/www.hautes-alpes.net\/wp-content\/uploads\/2026\/01\/black-logo-2.svg\",\"caption\":\"Agence D\u00e9partementale de D\u00e9veloppement Economique et Touristique des Hautes-Alpes\"},\"image\":{\"@id\":\"https:\/\/www.hautes-alpes.net\/de\/#\/schema\/logo\/image\/\"}}]}<\/script>\n<!-- \/ Yoast SEO plugin. -->","yoast_head_json":{"title":"Kommunikationspaket - Hautes-Alpes","description":"Kommunikationspaket Hier finden Sie alle grafischen Elemente, um die Resonanz zu erzeugen, die die Marken Hautes-Alpes und Alpes du Sud wachsen l\u00e4sst.","robots":{"index":"index","follow":"follow","max-snippet":"max-snippet:-1","max-image-preview":"max-image-preview:large","max-video-preview":"max-video-preview:-1"},"canonical":"https:\/\/www.hautes-alpes.net\/de\/die-entwicklungsagentur\/profi-bereich\/kommunikation\/","og_locale":"de_DE","og_type":"article","og_title":"Kommunikationspaket - Hautes-Alpes","og_description":"Kommunikationspaket Hier finden Sie alle grafischen Elemente, um die Resonanz zu erzeugen, die die Marken Hautes-Alpes und Alpes du Sud wachsen l\u00e4sst.","og_url":"https:\/\/www.hautes-alpes.net\/de\/die-entwicklungsagentur\/profi-bereich\/kommunikation\/","og_site_name":"Hautes-Alpes","article_modified_time":"2026-01-08T15:23:28+00:00","og_image":[{"url":"https:\/\/www.hautes-alpes.net\/wp-content\/uploads\/2025\/12\/positionnement.png","type":"","width":"","height":""}],"twitter_card":"summary_large_image","twitter_misc":{"Gesch\u00e4tzte Lesezeit":"1\u00a0Minute"},"schema":{"@context":"https:\/\/schema.org","@graph":[{"@type":"WebPage","@id":"https:\/\/www.hautes-alpes.net\/de\/die-entwicklungsagentur\/profi-bereich\/kommunikation\/","url":"https:\/\/www.hautes-alpes.net\/de\/die-entwicklungsagentur\/profi-bereich\/kommunikation\/","name":"Kommunikationspaket - Hautes-Alpes","isPartOf":{"@id":"https:\/\/www.hautes-alpes.net\/de\/#website"},"primaryImageOfPage":{"@id":"https:\/\/www.hautes-alpes.net\/de\/die-entwicklungsagentur\/profi-bereich\/kommunikation\/#primaryimage"},"image":{"@id":"https:\/\/www.hautes-alpes.net\/de\/die-entwicklungsagentur\/profi-bereich\/kommunikation\/#primaryimage"},"thumbnailUrl":"https:\/\/www.hautes-alpes.net\/wp-content\/uploads\/2025\/12\/positionnement.png","datePublished":"2025-12-05T08:08:29+00:00","dateModified":"2026-01-08T15:23:28+00:00","description":"Kommunikationspaket Hier finden Sie alle grafischen Elemente, um die Resonanz zu erzeugen, die die Marken Hautes-Alpes und Alpes du Sud wachsen l\u00e4sst.","breadcrumb":{"@id":"https:\/\/www.hautes-alpes.net\/de\/die-entwicklungsagentur\/profi-bereich\/kommunikation\/#breadcrumb"},"inLanguage":"de","potentialAction":[{"@type":"ReadAction","target":["https:\/\/www.hautes-alpes.net\/de\/die-entwicklungsagentur\/profi-bereich\/kommunikation\/"]}]},{"@type":"ImageObject","inLanguage":"de","@id":"https:\/\/www.hautes-alpes.net\/de\/die-entwicklungsagentur\/profi-bereich\/kommunikation\/#primaryimage","url":"https:\/\/www.hautes-alpes.net\/wp-content\/uploads\/2025\/12\/positionnement.png","contentUrl":"https:\/\/www.hautes-alpes.net\/wp-content\/uploads\/2025\/12\/positionnement.png"},{"@type":"BreadcrumbList","@id":"https:\/\/www.hautes-alpes.net\/de\/die-entwicklungsagentur\/profi-bereich\/kommunikation\/#breadcrumb","itemListElement":[{"@type":"ListItem","position":1,"name":"Home","item":"https:\/\/www.hautes-alpes.net\/de\/hautes-alpes\/"},{"@type":"ListItem","position":2,"name":"Profi-Bereich","item":"https:\/\/www.hautes-alpes.net\/de\/die-entwicklungsagentur\/profi-bereich\/"},{"@type":"ListItem","position":3,"name":"Die Entwicklungsagentur","item":"https:\/\/www.hautes-alpes.net\/de\/die-entwicklungsagentur\/"},{"@type":"ListItem","position":4,"name":"Profi-Bereich","item":"https:\/\/www.hautes-alpes.net\/de\/die-entwicklungsagentur\/profi-bereich\/"},{"@type":"ListItem","position":5,"name":"Kommunikationspaket"}]},{"@type":"WebSite","@id":"https:\/\/www.hautes-alpes.net\/de\/#website","url":"https:\/\/www.hautes-alpes.net\/de\/","name":"ADDET","description":"","publisher":{"@id":"https:\/\/www.hautes-alpes.net\/de\/#organization"},"potentialAction":[{"@type":"SearchAction","target":{"@type":"EntryPoint","urlTemplate":"https:\/\/www.hautes-alpes.net\/de\/?s={search_term_string}"},"query-input":{"@type":"PropertyValueSpecification","valueRequired":true,"valueName":"search_term_string"}}],"inLanguage":"de"},{"@type":"Organization","@id":"https:\/\/www.hautes-alpes.net\/de\/#organization","name":"Agence D\u00e9partementale de D\u00e9veloppement Economique et Touristique des Hautes-Alpes","url":"https:\/\/www.hautes-alpes.net\/de\/","logo":{"@type":"ImageObject","inLanguage":"de","@id":"https:\/\/www.hautes-alpes.net\/de\/#\/schema\/logo\/image\/","url":"https:\/\/www.hautes-alpes.net\/wp-content\/uploads\/2026\/01\/black-logo-2.svg","contentUrl":"https:\/\/www.hautes-alpes.net\/wp-content\/uploads\/2026\/01\/black-logo-2.svg","caption":"Agence D\u00e9partementale de D\u00e9veloppement Economique et Touristique des Hautes-Alpes"},"image":{"@id":"https:\/\/www.hautes-alpes.net\/de\/#\/schema\/logo\/image\/"}}]}},"_links":{"self":[{"href":"https:\/\/www.hautes-alpes.net\/de\/wp-json\/wp\/v2\/pages\/104896","targetHints":{"allow":["GET"]}}],"collection":[{"href":"https:\/\/www.hautes-alpes.net\/de\/wp-json\/wp\/v2\/pages"}],"about":[{"href":"https:\/\/www.hautes-alpes.net\/de\/wp-json\/wp\/v2\/types\/page"}],"author":[{"embeddable":true,"href":"https:\/\/www.hautes-alpes.net\/de\/wp-json\/wp\/v2\/users\/5"}],"replies":[{"embeddable":true,"href":"https:\/\/www.hautes-alpes.net\/de\/wp-json\/wp\/v2\/comments?post=104896"}],"version-history":[{"count":8,"href":"https:\/\/www.hautes-alpes.net\/de\/wp-json\/wp\/v2\/pages\/104896\/revisions"}],"predecessor-version":[{"id":188148,"href":"https:\/\/www.hautes-alpes.net\/de\/wp-json\/wp\/v2\/pages\/104896\/revisions\/188148"}],"up":[{"embeddable":true,"href":"https:\/\/www.hautes-alpes.net\/de\/wp-json\/wp\/v2\/pages\/109107"}],"wp:attachment":[{"href":"https:\/\/www.hautes-alpes.net\/de\/wp-json\/wp\/v2\/media?parent=104896"}],"wp:term":[{"taxonomy":"page_label","embeddable":true,"href":"https:\/\/www.hautes-alpes.net\/de\/wp-json\/wp\/v2\/page_label?post=104896"}],"curies":[{"name":"wp","href":"https:\/\/api.w.org\/{rel}","templated":true}]}}