{"id":104873,"date":"2025-11-26T07:56:12","date_gmt":"2025-11-26T06:56:12","guid":{"rendered":"https:\/\/www.hautes-alpes.net\/winterspiele-sommerspiele\/"},"modified":"2025-12-18T17:09:32","modified_gmt":"2025-12-18T16:09:32","slug":"winterspiele-sommerspiele","status":"publish","type":"page","link":"https:\/\/www.hautes-alpes.net\/de\/ikonische\/winterspiele-sommerspiele\/","title":{"rendered":"Winterspiele, Sommerspiele"},"content":{"rendered":"\n<div class=\"wp-block-group alignfull hero-banner-simple has-global-padding is-layout-constrained wp-block-group-is-layout-constrained\"><div class=\"yoast-breadcrumbs\"><span><span><a href=\"https:\/\/www.hautes-alpes.net\/de\/hautes-alpes\/\">Home<\/a><\/span>  <span><a href=\"https:\/\/www.hautes-alpes.net\/de\/ikonische\/\">Ikonische<\/a><\/span>  <span><a href=\"https:\/\/www.hautes-alpes.net\/de\/ikonische\/\">Ikonische<\/a><\/span>  <span class=\"breadcrumb_last\" aria-current=\"page\">Winterspiele, Sommerspiele<\/span><\/span><\/div>\n\n\n<h1 class=\"wp-block-ws-library-post-title\">Winterspiele, Sommerspiele<\/h1>\n\n\n\n<p class=\"subtitle\">Das Mekka der Outdoor-Szene<\/p>\n\n\n\n<p class=\"has-text-align-center\">Zwischen leuchtenden Gipfeln und geheimen T\u00e4lern bieten die Hautes-Alpes <strong>einige der sch\u00f6nsten Outdoor-Spots der Welt<\/strong>. In dieser privilegierten Umgebung ist das Bergsteigen zu Hause.<strong><a href=\"https:\/\/www.hautes-alpes.net\/de\/erfahrungen-hautes-alpes\/bergsteigen\/\">Bergsteigen<\/a><\/strong> in Frankreich entwickelt, hier gibt es die besten Routen f\u00fcr Bergsteiger.<strong><a href=\"https:\/\/www.hautes-alpes.net\/de\/erfahrungen-hautes-alpes\/klettern\/\">Klettern<\/a><\/strong> Hier finden Sie die ber\u00fchmtesten <a href=\"https:\/\/www.hautes-alpes.net\/de\/erfahrungen-hautes-alpes\/lebendiges-wasser\/\">Kletterrouten, Kajakfahrer <\/a>die technisch anspruchsvollsten Stromschnellen, die gr\u00f6\u00dften Champions im Skifahren und Snowboarden. <a href=\"https:\/\/www.hautes-alpes.net\/de\/erfahrungen-hautes-alpes\/ski\/\"><strong>Skifahren<\/strong> <\/a>oder Skifahrer. <strong><a href=\"https:\/\/www.hautes-alpes.net\/de\/erfahrungen-hautes-alpes\/mountainbike\/\">MOUNTAINBIKER<\/a><\/strong>Hier kann jeder diese Sportarten in einem der <strong> <a href=\"https:\/\/www.hautes-alpes.net\/de\/ikonische\/naturwaechter\/\">unber\u00fchrtesten<\/a><\/strong> Departements <strong> Frankreichs<\/strong> erlernen. <br\/><\/p>\n<\/div>\n\n<div class=\"wp-block-ws-library-ws-image is-style-simple\"><div class=\"wrapper\"><div class=\"group-media\"><img decoding=\"async\" src=\"https:\/\/www.hautes-alpes.net\/wp-content\/uploads\/2025\/12\/col-du-lautaret-alpes-photographies-hd-1240x800.jpg\" alt=\"\" class=\"single_image ws-image-91995\"><div class=\"credits\">Alpen Fotografien<\/div><\/div><p class=\"caption\"><\/p><\/div><\/div>\n\n<h3 class=\"wp-block-heading is-style-title-1\">Land <strong>der<\/strong><strong>Epen<\/strong><\/h3>\n\n<p>Von <strong><a href=\"https:\/\/www.hautes-alpes.net\/de\/erfahrungen-hautes-alpes\/strassenrad\/\">Mythische P\u00e4sse<\/a><\/strong> Granon oder Galibier und die h\u00e4ngenden Pfade der GR. <strong><a href=\"https:\/\/www.hautes-alpes.net\/de\/erfahrungen-hautes-alpes\/spaziergaenge-und-wanderungen\/\">GR<\/a><\/strong>Die Hautes-Alpes sind ein Gebiet, in dem das Abenteuer mit jedem Schritt oder Tritt in die Pedale geschrieben wird. Wandern, Trail, Rennrad oder Gravel: Die Anstrengung wird zur Initiation, die Berge zu einem treuen Begleiter. Die Landschaften offenbaren sich, anspruchsvoll und hell, im Rhythmus derer, die sie durchwandern.<\/p>\n\n<h3 class=\"wp-block-heading is-style-title-1\">Winter <strong>in gro\u00dfem<\/strong> Stil<\/h3>\n\n<p>Wenn der Schnee die T\u00e4ler erobert, ver\u00e4ndert der Berg sein Gesicht. Pisten- und <a href=\"https:\/\/www.hautes-alpes.net\/de\/erfahrungen-hautes-alpes\/ski\/\">Tourenski <\/a>, <a href=\"https:\/\/www.hautes-alpes.net\/de\/erfahrungen-hautes-alpes\/nordische-aktivitaeten\/\">nordische Disziplinen<\/a>, <a href=\"https:\/\/www.hautes-alpes.net\/de\/erfahrungen-hautes-alpes\/klettern\/\">Eisklettern<\/a>: jede Sportart hat ihr eigenes Universum, jede Abfahrt ihren eigenen Nervenkitzel. In den Hautes-Alpes gibt es 27 Wintersportorte und 25 nordische Gebiete, die eine seltene Vielfalt an Landschaften bieten, die es zu erkunden gilt. Im reinen Licht des hochalpinen Winters wird das Skifahren zu einem Gesamterlebnis zwischen Energie und Kontemplation.<\/p>\n\n<div class=\"wp-block-ws-library-ws-columns has-2-columns are-vertically-aligned-center layout-3565\">\n<div class=\"wp-block-ws-library-ws-column\"><div class=\"wrapper\">\n<div class=\"wp-block-ws-library-ws-image is-style-simple\"><div class=\"wrapper\"><div class=\"group-media\"><img decoding=\"async\" src=\"https:\/\/www.hautes-alpes.net\/wp-content\/uploads\/2025\/12\/bike-lautaret-sept24-addet-hd-jagencekros-remi-fabregue-29-356x640.jpg\" alt=\"\" class=\"single_image ws-image-91997\"><div class=\"credits\">R. Fabregue Agentur Kros<\/div><\/div><p class=\"caption\"><\/p><\/div><\/div>\n<\/div><\/div>\n\n\n\n<div class=\"wp-block-ws-library-ws-column\"><div class=\"wrapper\">\n<div class=\"wp-block-ws-library-ws-image\"><div class=\"wrapper\"><div class=\"group-media\"><img decoding=\"async\" src=\"https:\/\/www.hautes-alpes.net\/wp-content\/uploads\/2025\/12\/jeux-deuteu-jeux-dhiver-20160219-dsc09382-1240x800.jpg\" alt=\"\" class=\"single_image ws-image-91993\"><div class=\"credits\">DR<\/div><\/div><p class=\"caption\"><\/p><\/div><\/div>\n<\/div><\/div>\n<\/div>\n\n<h3 class=\"wp-block-heading is-style-title-1\">Wasser <strong>als Versprechen<\/strong><\/h3>\n\n<p>Ungest\u00fcme Fl\u00fcsse wie die <strong>Durance<\/strong>, t\u00fcrkisfarbene Seen mit <a href=\"https:\/\/www.hautes-alpes.net\/de\/reiseziele-hautes-alpes\/serre-poncon\/\">Serre-Pon\u00e7on<\/a> als majest\u00e4tischem Mittelpunkt, unerwartete Quellen: Wasser ist allgegenw\u00e4rtig, vielf\u00e4ltig und lebendig. Sie k\u00f6nnen sich beim Rafting oder Kajakfahren messen, sich beim Paddeln oder Segeln fortbewegen lassen und sich beim Baden entspannen. In den Hautes-Alpes ist das Wasser ein Atem, eine Energie, die verbindet und belebt, aber auch erstaunt.<\/p>\n\n<h3 class=\"wp-block-heading is-style-title-1\">Vertikalit\u00e4t <strong>und Freiheit<\/strong><\/h3>\n\n<p>Vom wilden Granit von Ailefroide bis zu den blauen S\u00e4ulen von C\u00e9\u00fcze, den Klippen von Orpierre und den Eiswasserf\u00e4llen ist <a href=\"https:\/\/www.hautes-alpes.net\/de\/erfahrungen-hautes-alpes\/klettern\/\">das Klettern <\/a>hier ein Versprechen der Erhabenheit. Zu jeder Jahreszeit locken die W\u00e4nde Kletterer aus der ganzen Welt an. Die hochalpinen Berge sind ein vertikales Reich, in dem jede Bewegung ein Abenteuer erz\u00e4hlt.<\/p>\n\n<div class=\"wp-block-ws-library-ws-columns has-2-columns are-vertically-aligned-center layout-6535\">\n<div class=\"wp-block-ws-library-ws-column\"><div class=\"wrapper\">\n<div class=\"wp-block-ws-library-ws-image\"><div class=\"wrapper\"><div class=\"group-media\"><img decoding=\"async\" src=\"https:\/\/www.hautes-alpes.net\/wp-content\/uploads\/2025\/12\/jeux-deuteu-jeux-dhiver-ceuagencekros-remifabregue-17-scaled-e1764766368219-1192x640.jpg\" alt=\"\" class=\"single_image ws-image-91994\"><div class=\"credits\">Agentur Kros R.Fabregue<\/div><\/div><p class=\"caption\"><\/p><\/div><\/div>\n<\/div><\/div>\n\n\n\n<div class=\"wp-block-ws-library-ws-column\"><div class=\"wrapper\">\n<div class=\"wp-block-ws-library-ws-image\"><div class=\"wrapper\"><div class=\"group-media\"><img decoding=\"async\" src=\"https:\/\/www.hautes-alpes.net\/wp-content\/uploads\/2025\/12\/jeux-deuteu-jeux-dhiver-stade-eau-vive-l-argentiere-10-960x640.jpg\" alt=\"\" class=\"single_image ws-image-91992\"><div class=\"credits\">P. Domeyne - AD05<\/div><\/div><p class=\"caption\"><\/p><\/div><\/div>\n<\/div><\/div>\n<\/div>\n\n<h3 class=\"wp-block-heading is-style-title-1\">Licht <strong>und Unendlichkeit<\/strong><\/h3>\n\n<p>Und wenn der Tag sich neigt, geht der Zauber weiter. Der <a href=\"https:\/\/www.hautes-alpes.net\/de\/erfahrungen-hautes-alpes\/astronomie\/\">Himmel \u00fcber den Hautes-Alpes<\/a> ist rein und tief und enth\u00fcllt die Milchstra\u00dfe wie einen Sternenpfad. Observatorien und Hochebenen wie Bure, Ch\u00e2teaurenard oder Moydans werden zu offenen T\u00fcren zum Universum. Denn dieses Gebiet, das im Rhythmus der Praktiken und der Jahreszeiten lebt, bietet nicht nur Aktivit\u00e4ten: Es bietet Intensit\u00e4t, Freiheit und ein endloses Staunen.   <\/p>\n\n<div class=\"wp-block-ws-library-ws-columns has-2-columns are-vertically-aligned-center layout-5050\">\n<div class=\"wp-block-ws-library-ws-column\"><div class=\"wrapper\">\n<div class=\"wp-block-ws-library-ws-image\"><div class=\"wrapper\"><div class=\"group-media\"><img decoding=\"async\" src=\"https:\/\/www.hautes-alpes.net\/wp-content\/uploads\/2025\/11\/rogier-van-rijn-2-960x640.jpg\" alt=\"\" class=\"single_image ws-image-57967\"><div class=\"credits\">R. VanRijn<\/div><\/div><p class=\"caption\"><\/p><\/div><\/div>\n<\/div><\/div>\n\n\n\n<div class=\"wp-block-ws-library-ws-column\"><div class=\"wrapper\">\n<div class=\"wp-block-ws-library-ws-image\"><div class=\"wrapper\"><div class=\"group-media\"><img decoding=\"async\" src=\"https:\/\/www.hautes-alpes.net\/wp-content\/uploads\/2025\/11\/granon-cyclo-alpesphotographiescom-18-1-960x640.jpg\" alt=\"\" class=\"single_image ws-image-61011\"><div class=\"credits\">Alpen Fotografien<\/div><\/div><p class=\"caption\"><\/p><\/div><\/div>\n<\/div><\/div>\n<\/div>\n\n<div class=\"wp-block-ws-library-ws-image is-style-simple\"><div class=\"wrapper\"><div class=\"group-media\"><img decoding=\"async\" src=\"https:\/\/www.hautes-alpes.net\/wp-content\/uploads\/2025\/12\/jeux-deuteu-jeux-dhiver-glacier-blanc-famile-tblais-2-1240x800.jpg\" alt=\"\" class=\"single_image ws-image-91991\"><div class=\"credits\">T.Blais<\/div><\/div><p class=\"caption\"><\/p><\/div><\/div>\n\n<div class=\"wp-block-ws-library-ws-share\"><span class=\"share-subtitle\">Hat Ihnen diese Seite gefallen?<\/span><span class=\"share-title\">Teilen Sie es mit anderen!<\/span><button class=\"ws-share-button wp-element-button\">Diese Seite teilen<\/button><\/div>\n","protected":false},"excerpt":{"rendered":"<p>Das Mekka der Outdoor-Szene Zwischen leuchtenden Gipfeln und geheimen T\u00e4lern bieten die Hautes-Alpes einige der sch\u00f6nsten Outdoor-Spots der Welt. In [&hellip;]<\/p>\n","protected":false},"author":6,"featured_media":0,"parent":107966,"menu_order":0,"comment_status":"closed","ping_status":"closed","template":"","meta":{"is_dark_mode":false,"footnotes":""},"page_label":[],"class_list":["post-104873","page","type-page","status-publish","hentry"],"yoast_head":"<!-- This site is optimized with the Yoast SEO plugin v27.2 - https:\/\/yoast.com\/product\/yoast-seo-wordpress\/ -->\n<title>Winterspiele, Sommerspiele - Hautes-Alpes<\/title>\n<meta name=\"description\" content=\"Winterspiele, Sommerspiele Das Mekka der Outdoor-Szene Zwischen leuchtenden Gipfeln und geheimen T\u00e4lern bieten die Hautes-Alpes einige der sch\u00f6nsten\" \/>\n<meta name=\"robots\" content=\"index, follow, max-snippet:-1, max-image-preview:large, max-video-preview:-1\" \/>\n<link rel=\"canonical\" href=\"https:\/\/www.hautes-alpes.net\/de\/ikonische\/winterspiele-sommerspiele\/\" \/>\n<meta property=\"og:locale\" content=\"de_DE\" \/>\n<meta property=\"og:type\" content=\"article\" \/>\n<meta property=\"og:title\" content=\"Winterspiele, Sommerspiele - Hautes-Alpes\" \/>\n<meta property=\"og:description\" content=\"Winterspiele, Sommerspiele Das Mekka der Outdoor-Szene Zwischen leuchtenden Gipfeln und geheimen T\u00e4lern bieten die Hautes-Alpes einige der sch\u00f6nsten\" \/>\n<meta property=\"og:url\" content=\"https:\/\/www.hautes-alpes.net\/de\/ikonische\/winterspiele-sommerspiele\/\" \/>\n<meta property=\"og:site_name\" content=\"Hautes-Alpes\" \/>\n<meta property=\"article:modified_time\" content=\"2025-12-18T16:09:32+00:00\" \/>\n<meta property=\"og:image\" content=\"https:\/\/www.hautes-alpes.net\/wp-content\/uploads\/2025\/12\/col-du-lautaret-alpes-photographies-hd-1240x800.jpg\" \/>\n<meta name=\"twitter:card\" content=\"summary_large_image\" \/>\n<meta name=\"twitter:label1\" content=\"Gesch\u00e4tzte Lesezeit\" \/>\n\t<meta name=\"twitter:data1\" content=\"2 Minuten\" \/>\n<script type=\"application\/ld+json\" class=\"yoast-schema-graph\">{\"@context\":\"https:\/\/schema.org\",\"@graph\":[{\"@type\":\"WebPage\",\"@id\":\"https:\/\/www.hautes-alpes.net\/de\/ikonische\/winterspiele-sommerspiele\/\",\"url\":\"https:\/\/www.hautes-alpes.net\/de\/ikonische\/winterspiele-sommerspiele\/\",\"name\":\"Winterspiele, Sommerspiele - Hautes-Alpes\",\"isPartOf\":{\"@id\":\"https:\/\/www.hautes-alpes.net\/de\/#website\"},\"primaryImageOfPage\":{\"@id\":\"https:\/\/www.hautes-alpes.net\/de\/ikonische\/winterspiele-sommerspiele\/#primaryimage\"},\"image\":{\"@id\":\"https:\/\/www.hautes-alpes.net\/de\/ikonische\/winterspiele-sommerspiele\/#primaryimage\"},\"thumbnailUrl\":\"https:\/\/www.hautes-alpes.net\/wp-content\/uploads\/2025\/12\/col-du-lautaret-alpes-photographies-hd-1240x800.jpg\",\"datePublished\":\"2025-11-26T06:56:12+00:00\",\"dateModified\":\"2025-12-18T16:09:32+00:00\",\"description\":\"Winterspiele, Sommerspiele Das Mekka der Outdoor-Szene Zwischen leuchtenden Gipfeln und geheimen T\u00e4lern bieten die Hautes-Alpes einige der sch\u00f6nsten\",\"breadcrumb\":{\"@id\":\"https:\/\/www.hautes-alpes.net\/de\/ikonische\/winterspiele-sommerspiele\/#breadcrumb\"},\"inLanguage\":\"de\",\"potentialAction\":[{\"@type\":\"ReadAction\",\"target\":[\"https:\/\/www.hautes-alpes.net\/de\/ikonische\/winterspiele-sommerspiele\/\"]}]},{\"@type\":\"ImageObject\",\"inLanguage\":\"de\",\"@id\":\"https:\/\/www.hautes-alpes.net\/de\/ikonische\/winterspiele-sommerspiele\/#primaryimage\",\"url\":\"https:\/\/www.hautes-alpes.net\/wp-content\/uploads\/2025\/12\/col-du-lautaret-alpes-photographies-hd-1240x800.jpg\",\"contentUrl\":\"https:\/\/www.hautes-alpes.net\/wp-content\/uploads\/2025\/12\/col-du-lautaret-alpes-photographies-hd-1240x800.jpg\"},{\"@type\":\"BreadcrumbList\",\"@id\":\"https:\/\/www.hautes-alpes.net\/de\/ikonische\/winterspiele-sommerspiele\/#breadcrumb\",\"itemListElement\":[{\"@type\":\"ListItem\",\"position\":1,\"name\":\"Home\",\"item\":\"https:\/\/www.hautes-alpes.net\/de\/hautes-alpes\/\"},{\"@type\":\"ListItem\",\"position\":2,\"name\":\"Ikonische\",\"item\":\"https:\/\/www.hautes-alpes.net\/de\/ikonische\/\"},{\"@type\":\"ListItem\",\"position\":3,\"name\":\"Ikonische\",\"item\":\"https:\/\/www.hautes-alpes.net\/de\/ikonische\/\"},{\"@type\":\"ListItem\",\"position\":4,\"name\":\"Winterspiele, Sommerspiele\"}]},{\"@type\":\"WebSite\",\"@id\":\"https:\/\/www.hautes-alpes.net\/de\/#website\",\"url\":\"https:\/\/www.hautes-alpes.net\/de\/\",\"name\":\"ADDET\",\"description\":\"\",\"publisher\":{\"@id\":\"https:\/\/www.hautes-alpes.net\/de\/#organization\"},\"potentialAction\":[{\"@type\":\"SearchAction\",\"target\":{\"@type\":\"EntryPoint\",\"urlTemplate\":\"https:\/\/www.hautes-alpes.net\/de\/?s={search_term_string}\"},\"query-input\":{\"@type\":\"PropertyValueSpecification\",\"valueRequired\":true,\"valueName\":\"search_term_string\"}}],\"inLanguage\":\"de\"},{\"@type\":\"Organization\",\"@id\":\"https:\/\/www.hautes-alpes.net\/de\/#organization\",\"name\":\"Agence D\u00e9partementale de D\u00e9veloppement Economique et Touristique des Hautes-Alpes\",\"url\":\"https:\/\/www.hautes-alpes.net\/de\/\",\"logo\":{\"@type\":\"ImageObject\",\"inLanguage\":\"de\",\"@id\":\"https:\/\/www.hautes-alpes.net\/de\/#\/schema\/logo\/image\/\",\"url\":\"https:\/\/www.hautes-alpes.net\/wp-content\/uploads\/2026\/01\/black-logo-2.svg\",\"contentUrl\":\"https:\/\/www.hautes-alpes.net\/wp-content\/uploads\/2026\/01\/black-logo-2.svg\",\"caption\":\"Agence D\u00e9partementale de D\u00e9veloppement Economique et Touristique des Hautes-Alpes\"},\"image\":{\"@id\":\"https:\/\/www.hautes-alpes.net\/de\/#\/schema\/logo\/image\/\"}}]}<\/script>\n<!-- \/ Yoast SEO plugin. -->","yoast_head_json":{"title":"Winterspiele, Sommerspiele - Hautes-Alpes","description":"Winterspiele, Sommerspiele Das Mekka der Outdoor-Szene Zwischen leuchtenden Gipfeln und geheimen T\u00e4lern bieten die Hautes-Alpes einige der sch\u00f6nsten","robots":{"index":"index","follow":"follow","max-snippet":"max-snippet:-1","max-image-preview":"max-image-preview:large","max-video-preview":"max-video-preview:-1"},"canonical":"https:\/\/www.hautes-alpes.net\/de\/ikonische\/winterspiele-sommerspiele\/","og_locale":"de_DE","og_type":"article","og_title":"Winterspiele, Sommerspiele - Hautes-Alpes","og_description":"Winterspiele, Sommerspiele Das Mekka der Outdoor-Szene Zwischen leuchtenden Gipfeln und geheimen T\u00e4lern bieten die Hautes-Alpes einige der sch\u00f6nsten","og_url":"https:\/\/www.hautes-alpes.net\/de\/ikonische\/winterspiele-sommerspiele\/","og_site_name":"Hautes-Alpes","article_modified_time":"2025-12-18T16:09:32+00:00","og_image":[{"url":"https:\/\/www.hautes-alpes.net\/wp-content\/uploads\/2025\/12\/col-du-lautaret-alpes-photographies-hd-1240x800.jpg","type":"","width":"","height":""}],"twitter_card":"summary_large_image","twitter_misc":{"Gesch\u00e4tzte Lesezeit":"2 Minuten"},"schema":{"@context":"https:\/\/schema.org","@graph":[{"@type":"WebPage","@id":"https:\/\/www.hautes-alpes.net\/de\/ikonische\/winterspiele-sommerspiele\/","url":"https:\/\/www.hautes-alpes.net\/de\/ikonische\/winterspiele-sommerspiele\/","name":"Winterspiele, Sommerspiele - Hautes-Alpes","isPartOf":{"@id":"https:\/\/www.hautes-alpes.net\/de\/#website"},"primaryImageOfPage":{"@id":"https:\/\/www.hautes-alpes.net\/de\/ikonische\/winterspiele-sommerspiele\/#primaryimage"},"image":{"@id":"https:\/\/www.hautes-alpes.net\/de\/ikonische\/winterspiele-sommerspiele\/#primaryimage"},"thumbnailUrl":"https:\/\/www.hautes-alpes.net\/wp-content\/uploads\/2025\/12\/col-du-lautaret-alpes-photographies-hd-1240x800.jpg","datePublished":"2025-11-26T06:56:12+00:00","dateModified":"2025-12-18T16:09:32+00:00","description":"Winterspiele, Sommerspiele Das Mekka der Outdoor-Szene Zwischen leuchtenden Gipfeln und geheimen T\u00e4lern bieten die Hautes-Alpes einige der sch\u00f6nsten","breadcrumb":{"@id":"https:\/\/www.hautes-alpes.net\/de\/ikonische\/winterspiele-sommerspiele\/#breadcrumb"},"inLanguage":"de","potentialAction":[{"@type":"ReadAction","target":["https:\/\/www.hautes-alpes.net\/de\/ikonische\/winterspiele-sommerspiele\/"]}]},{"@type":"ImageObject","inLanguage":"de","@id":"https:\/\/www.hautes-alpes.net\/de\/ikonische\/winterspiele-sommerspiele\/#primaryimage","url":"https:\/\/www.hautes-alpes.net\/wp-content\/uploads\/2025\/12\/col-du-lautaret-alpes-photographies-hd-1240x800.jpg","contentUrl":"https:\/\/www.hautes-alpes.net\/wp-content\/uploads\/2025\/12\/col-du-lautaret-alpes-photographies-hd-1240x800.jpg"},{"@type":"BreadcrumbList","@id":"https:\/\/www.hautes-alpes.net\/de\/ikonische\/winterspiele-sommerspiele\/#breadcrumb","itemListElement":[{"@type":"ListItem","position":1,"name":"Home","item":"https:\/\/www.hautes-alpes.net\/de\/hautes-alpes\/"},{"@type":"ListItem","position":2,"name":"Ikonische","item":"https:\/\/www.hautes-alpes.net\/de\/ikonische\/"},{"@type":"ListItem","position":3,"name":"Ikonische","item":"https:\/\/www.hautes-alpes.net\/de\/ikonische\/"},{"@type":"ListItem","position":4,"name":"Winterspiele, Sommerspiele"}]},{"@type":"WebSite","@id":"https:\/\/www.hautes-alpes.net\/de\/#website","url":"https:\/\/www.hautes-alpes.net\/de\/","name":"ADDET","description":"","publisher":{"@id":"https:\/\/www.hautes-alpes.net\/de\/#organization"},"potentialAction":[{"@type":"SearchAction","target":{"@type":"EntryPoint","urlTemplate":"https:\/\/www.hautes-alpes.net\/de\/?s={search_term_string}"},"query-input":{"@type":"PropertyValueSpecification","valueRequired":true,"valueName":"search_term_string"}}],"inLanguage":"de"},{"@type":"Organization","@id":"https:\/\/www.hautes-alpes.net\/de\/#organization","name":"Agence D\u00e9partementale de D\u00e9veloppement Economique et Touristique des Hautes-Alpes","url":"https:\/\/www.hautes-alpes.net\/de\/","logo":{"@type":"ImageObject","inLanguage":"de","@id":"https:\/\/www.hautes-alpes.net\/de\/#\/schema\/logo\/image\/","url":"https:\/\/www.hautes-alpes.net\/wp-content\/uploads\/2026\/01\/black-logo-2.svg","contentUrl":"https:\/\/www.hautes-alpes.net\/wp-content\/uploads\/2026\/01\/black-logo-2.svg","caption":"Agence D\u00e9partementale de D\u00e9veloppement Economique et Touristique des Hautes-Alpes"},"image":{"@id":"https:\/\/www.hautes-alpes.net\/de\/#\/schema\/logo\/image\/"}}]}},"_links":{"self":[{"href":"https:\/\/www.hautes-alpes.net\/de\/wp-json\/wp\/v2\/pages\/104873","targetHints":{"allow":["GET"]}}],"collection":[{"href":"https:\/\/www.hautes-alpes.net\/de\/wp-json\/wp\/v2\/pages"}],"about":[{"href":"https:\/\/www.hautes-alpes.net\/de\/wp-json\/wp\/v2\/types\/page"}],"author":[{"embeddable":true,"href":"https:\/\/www.hautes-alpes.net\/de\/wp-json\/wp\/v2\/users\/6"}],"replies":[{"embeddable":true,"href":"https:\/\/www.hautes-alpes.net\/de\/wp-json\/wp\/v2\/comments?post=104873"}],"version-history":[{"count":3,"href":"https:\/\/www.hautes-alpes.net\/de\/wp-json\/wp\/v2\/pages\/104873\/revisions"}],"predecessor-version":[{"id":123000,"href":"https:\/\/www.hautes-alpes.net\/de\/wp-json\/wp\/v2\/pages\/104873\/revisions\/123000"}],"up":[{"embeddable":true,"href":"https:\/\/www.hautes-alpes.net\/de\/wp-json\/wp\/v2\/pages\/107966"}],"wp:attachment":[{"href":"https:\/\/www.hautes-alpes.net\/de\/wp-json\/wp\/v2\/media?parent=104873"}],"wp:term":[{"taxonomy":"page_label","embeddable":true,"href":"https:\/\/www.hautes-alpes.net\/de\/wp-json\/wp\/v2\/page_label?post=104873"}],"curies":[{"name":"wp","href":"https:\/\/api.w.org\/{rel}","templated":true}]}}